{"id":261182,"date":"2019-01-25T14:06:37","date_gmt":"2019-01-25T07:06:37","guid":{"rendered":"https:\/\/maybommini.com\/?post_type=product&#038;p=261182"},"modified":"2025-06-23T03:02:40","modified_gmt":"2025-06-22T20:02:40","slug":"may-bom-ap-luc-cao-220v-1100w-maxpumps-wz-1100","status":"publish","type":"product","link":"https:\/\/maybommini.vn\/?product=may-bom-ap-luc-cao-220v-1100w-maxpumps-wz-1100","title":{"rendered":"M\u00e1y b\u01a1m \u00e1p l\u1ef1c cao 220V 1100W MAXPUMPS WZ-1100"},"content":{"rendered":"<p><em><strong>Ph\u00e2n ph\u1ed1i s\u1ec9 v\u00e0 l\u1ebb to\u00e0n qu\u1ed1c m\u00e1y b\u01a1m \u00e1p l\u1ef1c cao 220V 1100W MAXPUMPS WZ-1100 ch\u00ednh h\u00e3ng gi\u00e1 t\u1ed1t to\u00e0n qu\u1ed1c. S\u1eed d\u1ee5ng phun thu\u1ed1c s\u00e2u, b\u01a1m phun t\u01b0\u1edbi c\u00e2y, m\u00e1y r\u1eeda xe \u00e1p l\u1ef1c cao , h\u1ec7 th\u1ed1ng b\u01a1m \u00e1p l\u1ef1c, b\u01a1m c\u1ea5p n\u01b0\u1edbc \u0111i xa, h\u1ec7 th\u1ed1ng phun s\u01b0\u01a1ng, m\u00e1y b\u01a1m v\u1ec7 sinh m\u00e1y l\u1ea1nh chuy\u00ean nghi\u1ec7p v\u00e0 nhi\u1ec1u \u1ee9ng d\u1ee5ng kh\u00e1c.<\/strong><\/em><\/p>\n<p><a href=\"https:\/\/maybommini.com\/wp-content\/uploads\/2019\/01\/May-bom-ap-luc-cao-WZ-220V-1100W.jpg\" target=\"_blank\" rel=\"noopener\"><img decoding=\"async\" class=\"size-full wp-image-261190 aligncenter\" src=\"https:\/\/maybommini.com\/wp-content\/uploads\/2019\/01\/May-bom-ap-luc-cao-WZ-220V-1100W.jpg\" alt=\"May Bom Ap Luc Cao WZ 220V 1100W\" width=\"750\" height=\"750\" srcset=\"https:\/\/maybommini.vn\/wp-content\/uploads\/2019\/01\/May-bom-ap-luc-cao-WZ-220V-1100W.jpg 750w, https:\/\/maybommini.vn\/wp-content\/uploads\/2019\/01\/May-bom-ap-luc-cao-WZ-220V-1100W-300x300.jpg 300w, https:\/\/maybommini.vn\/wp-content\/uploads\/2019\/01\/May-bom-ap-luc-cao-WZ-220V-1100W-150x150.jpg 150w, https:\/\/maybommini.vn\/wp-content\/uploads\/2019\/01\/May-bom-ap-luc-cao-WZ-220V-1100W-600x600.jpg 600w\" sizes=\"(max-width: 750px) 100vw, 750px\" \/><\/a><\/p>\n<p><strong>TH\u00d4NG S\u1ed0 K\u1ef8 THU\u1eacT<br \/>\n<\/strong>Ph\u00e2n ph\u1ed1i: <a href=\"https:\/\/maybomminimbm.vn\" target=\"_blank\" rel=\"noopener noreferrer\"><strong>M\u00e1y B\u01a1m Mini MBM<\/strong><\/a><br \/>\nTh\u01b0\u01a1ng hi\u1ec7u: <strong>MAXPUMPS<\/strong><br \/>\nModel: <strong>WZ-1100-220V<\/strong><br \/>\n\u0110i\u1ec7n th\u1ebf: 220V AC<br \/>\nC\u00f4ng su\u1ea5t: 1100W<br \/>\n\u00c1p l\u1ef1c: 1.0 &#8211; 3.0 Mpa<br \/>\nL\u01b0u l\u01b0\u1ee3ng: 8 &#8211; 10 L\/P<br \/>\nT\u1ef1 h\u00fat s\u00e2u : 1.5 M\u00e9t<br \/>\n\u0110\u1ea7y cao v\u00e0 xa: Tr\u00ean 100 M\u00e9t<br \/>\nVan h\u1ed3i n\u01b0\u1edbc t\u0103ng gi\u00e3m \u00e1p l\u1ef1c.<br \/>\nMotor l\u00f5i \u0111\u1ed3ng 100%.<br \/>\nMotor ch\u1ed5i than.<br \/>\n\u0110\u1ea7u b\u01a1m c\u00f4ng ngh\u1ec7 Taiwan.<br \/>\nTr\u1ecdng l\u01b0\u1ee3ng: 15 Kg<br \/>\nK\u00edch th\u01b0\u1edbc: 30 x 36.5 x 37 Cm<br \/>\nPh\u1ee5 ki\u1ec7n k\u00e8m theo<br \/>\n\u1ed0ng n\u01b0\u1edbc v\u00e0o.<br \/>\n\u1ed0ng n\u01b0\u1edbc h\u1ed3i.<br \/>\nL\u1ecdc n\u01b0\u1edbc.<\/p>\n<p><a href=\"https:\/\/maybommini.com\/wp-content\/uploads\/2019\/01\/kich-thuoc-may-bom-ap-luc-cao-WZ.jpg\" target=\"_blank\" rel=\"noopener\"><img decoding=\"async\" class=\"size-full wp-image-261189 aligncenter\" src=\"https:\/\/maybommini.com\/wp-content\/uploads\/2019\/01\/kich-thuoc-may-bom-ap-luc-cao-WZ.jpg\" alt=\"Kich Thuoc May Bom Ap Luc Cao WZ\" width=\"750\" height=\"750\" srcset=\"https:\/\/maybommini.vn\/wp-content\/uploads\/2019\/01\/kich-thuoc-may-bom-ap-luc-cao-WZ.jpg 750w, https:\/\/maybommini.vn\/wp-content\/uploads\/2019\/01\/kich-thuoc-may-bom-ap-luc-cao-WZ-300x300.jpg 300w, https:\/\/maybommini.vn\/wp-content\/uploads\/2019\/01\/kich-thuoc-may-bom-ap-luc-cao-WZ-150x150.jpg 150w, https:\/\/maybommini.vn\/wp-content\/uploads\/2019\/01\/kich-thuoc-may-bom-ap-luc-cao-WZ-600x600.jpg 600w\" sizes=\"(max-width: 750px) 100vw, 750px\" \/><\/a> <a href=\"https:\/\/maybommini.com\/wp-content\/uploads\/2019\/01\/dau-bom-ap-luc-cao-1100w.jpg\" target=\"_blank\" rel=\"noopener\"><img decoding=\"async\" class=\"size-full wp-image-261187 aligncenter\" src=\"https:\/\/maybommini.com\/wp-content\/uploads\/2019\/01\/dau-bom-ap-luc-cao-1100w.jpg\" alt=\"Dau Bom Ap Luc Cao 1100w\" width=\"750\" height=\"750\" srcset=\"https:\/\/maybommini.vn\/wp-content\/uploads\/2019\/01\/dau-bom-ap-luc-cao-1100w.jpg 750w, https:\/\/maybommini.vn\/wp-content\/uploads\/2019\/01\/dau-bom-ap-luc-cao-1100w-300x300.jpg 300w, https:\/\/maybommini.vn\/wp-content\/uploads\/2019\/01\/dau-bom-ap-luc-cao-1100w-150x150.jpg 150w, https:\/\/maybommini.vn\/wp-content\/uploads\/2019\/01\/dau-bom-ap-luc-cao-1100w-600x600.jpg 600w\" sizes=\"(max-width: 750px) 100vw, 750px\" \/><\/a> <a href=\"https:\/\/maybommini.com\/wp-content\/uploads\/2019\/01\/van-hoi-nuoc-dieu-chinh-ap-luc.jpg\" target=\"_blank\" rel=\"noopener\"><img decoding=\"async\" class=\"size-full wp-image-261197 aligncenter\" src=\"https:\/\/maybommini.com\/wp-content\/uploads\/2019\/01\/van-hoi-nuoc-dieu-chinh-ap-luc.jpg\" alt=\"Van Hoi Nuoc Dieu Chinh Ap Luc\" width=\"750\" height=\"750\" srcset=\"https:\/\/maybommini.vn\/wp-content\/uploads\/2019\/01\/van-hoi-nuoc-dieu-chinh-ap-luc.jpg 750w, https:\/\/maybommini.vn\/wp-content\/uploads\/2019\/01\/van-hoi-nuoc-dieu-chinh-ap-luc-300x300.jpg 300w, https:\/\/maybommini.vn\/wp-content\/uploads\/2019\/01\/van-hoi-nuoc-dieu-chinh-ap-luc-150x150.jpg 150w, https:\/\/maybommini.vn\/wp-content\/uploads\/2019\/01\/van-hoi-nuoc-dieu-chinh-ap-luc-600x600.jpg 600w\" sizes=\"(max-width: 750px) 100vw, 750px\" \/><\/a> <a href=\"https:\/\/maybommini.com\/wp-content\/uploads\/2019\/01\/dong-co-loi-dong-cao-cap-cong-nghe-moi.jpg\" target=\"_blank\" rel=\"noopener\"><img decoding=\"async\" class=\"size-full wp-image-261188 aligncenter\" src=\"https:\/\/maybommini.com\/wp-content\/uploads\/2019\/01\/dong-co-loi-dong-cao-cap-cong-nghe-moi.jpg\" alt=\"Dong Co Loi Dong Cao Cap Cong Nghe Moi\" width=\"750\" height=\"750\" srcset=\"https:\/\/maybommini.vn\/wp-content\/uploads\/2019\/01\/dong-co-loi-dong-cao-cap-cong-nghe-moi.jpg 750w, https:\/\/maybommini.vn\/wp-content\/uploads\/2019\/01\/dong-co-loi-dong-cao-cap-cong-nghe-moi-300x300.jpg 300w, https:\/\/maybommini.vn\/wp-content\/uploads\/2019\/01\/dong-co-loi-dong-cao-cap-cong-nghe-moi-150x150.jpg 150w, https:\/\/maybommini.vn\/wp-content\/uploads\/2019\/01\/dong-co-loi-dong-cao-cap-cong-nghe-moi-600x600.jpg 600w\" sizes=\"(max-width: 750px) 100vw, 750px\" \/><\/a> <a href=\"https:\/\/maybommini.com\/wp-content\/uploads\/2019\/01\/bo-phu-kien-may-bom-ap-luc-cao-WZ-1100.jpg\" target=\"_blank\" rel=\"noopener\"><img decoding=\"async\" class=\"size-full wp-image-261185 aligncenter\" src=\"https:\/\/maybommini.com\/wp-content\/uploads\/2019\/01\/bo-phu-kien-may-bom-ap-luc-cao-WZ-1100.jpg\" alt=\"Bo Phu Kien May Bom Ap Luc Cao WZ 1100\" width=\"750\" height=\"750\" srcset=\"https:\/\/maybommini.vn\/wp-content\/uploads\/2019\/01\/bo-phu-kien-may-bom-ap-luc-cao-WZ-1100.jpg 750w, https:\/\/maybommini.vn\/wp-content\/uploads\/2019\/01\/bo-phu-kien-may-bom-ap-luc-cao-WZ-1100-300x300.jpg 300w, https:\/\/maybommini.vn\/wp-content\/uploads\/2019\/01\/bo-phu-kien-may-bom-ap-luc-cao-WZ-1100-150x150.jpg 150w, https:\/\/maybommini.vn\/wp-content\/uploads\/2019\/01\/bo-phu-kien-may-bom-ap-luc-cao-WZ-1100-600x600.jpg 600w\" sizes=\"(max-width: 750px) 100vw, 750px\" \/><\/a> <a href=\"https:\/\/maybommini.com\/wp-content\/uploads\/2019\/01\/bo-may-bom-ap-luc-cao-220V-1100w.jpg\" target=\"_blank\" rel=\"noopener\"><img decoding=\"async\" class=\"size-full wp-image-261184 aligncenter\" src=\"https:\/\/maybommini.com\/wp-content\/uploads\/2019\/01\/bo-may-bom-ap-luc-cao-220V-1100w.jpg\" alt=\"Bo May Bom Ap Luc Cao 220V 1100w\" width=\"750\" height=\"750\" srcset=\"https:\/\/maybommini.vn\/wp-content\/uploads\/2019\/01\/bo-may-bom-ap-luc-cao-220V-1100w.jpg 750w, https:\/\/maybommini.vn\/wp-content\/uploads\/2019\/01\/bo-may-bom-ap-luc-cao-220V-1100w-300x300.jpg 300w, https:\/\/maybommini.vn\/wp-content\/uploads\/2019\/01\/bo-may-bom-ap-luc-cao-220V-1100w-150x150.jpg 150w, https:\/\/maybommini.vn\/wp-content\/uploads\/2019\/01\/bo-may-bom-ap-luc-cao-220V-1100w-600x600.jpg 600w\" sizes=\"(max-width: 750px) 100vw, 750px\" \/><\/a><\/p>\n<h3 style=\"text-align: center;\"><em><strong>M\u00e1y b\u01a1m \u00e1p l\u1ef1c cao 220V 1100W MAXPUMPS<\/strong><\/em><\/h3>\n<p>&nbsp;<\/p>\n<p><strong>H\u01af\u1edaNG D\u1ea8N S\u1eec D\u1ee4NG M\u00c1Y B\u01a0M \u00c1P L\u1ef0C 220V WZ-1100 MAXPUMPS<br \/>\n<\/strong>&#8211; M\u00e1y s\u1eed d\u1ee5ng ngu\u1ed3n \u0111i\u1ec7n AC 220V.<br \/>\n&#8211; M\u00e1y b\u01a1m t\u1ef1 h\u00fat n\u01b0\u1edbc kh\u00f4ng c\u1ea7n m\u1ed3i v\u1edbi \u0111\u1ed9 s\u00e2u c\u00e1ch m\u1eb7t n\u01b0\u1edbc kh\u00f4ng qu\u00e1 1.5 M\u00e9t.<br \/>\n&#8211; G\u1eafn l\u1ecdc n\u01b0\u1edbc v\u00e0o \u1ed1ng n\u01b0\u1edbc c\u1ea5p tr\u00e1nh b\u1ecb ngh\u1eb9t \u0111\u1ea7u b\u01a1m.<br \/>\n&#8211; \u0110i\u1ec1u ch\u1ec9nh van n\u01b0\u1edbc h\u1ed3i ph\u00f9 h\u1ee3p khi s\u1eed d\u1ee5ng.<br \/>\n&#8211; T\u1eaft ngu\u1ed3n b\u1eb1ng c\u00f4ng t\u1eafc ON OFF tr\u00ean m\u00e1y khi kh\u00f4ng s\u1eed d\u1ee5ng.<\/p>\n<p><a href=\"https:\/\/maybommini.com\/wp-content\/uploads\/2019\/01\/may-bom-ve-sinh-may-lanh-chuyen-nghiep.jpg\" target=\"_blank\" rel=\"noopener\"><img decoding=\"async\" class=\"size-full wp-image-261193 aligncenter\" src=\"https:\/\/maybommini.com\/wp-content\/uploads\/2019\/01\/may-bom-ve-sinh-may-lanh-chuyen-nghiep.jpg\" alt=\"May Bom Ve Sinh May Lanh Chuyen Nghiep\" width=\"750\" height=\"750\" srcset=\"https:\/\/maybommini.vn\/wp-content\/uploads\/2019\/01\/may-bom-ve-sinh-may-lanh-chuyen-nghiep.jpg 750w, https:\/\/maybommini.vn\/wp-content\/uploads\/2019\/01\/may-bom-ve-sinh-may-lanh-chuyen-nghiep-300x300.jpg 300w, https:\/\/maybommini.vn\/wp-content\/uploads\/2019\/01\/may-bom-ve-sinh-may-lanh-chuyen-nghiep-150x150.jpg 150w, https:\/\/maybommini.vn\/wp-content\/uploads\/2019\/01\/may-bom-ve-sinh-may-lanh-chuyen-nghiep-600x600.jpg 600w\" sizes=\"(max-width: 750px) 100vw, 750px\" \/><\/a> <a href=\"https:\/\/maybommini.com\/wp-content\/uploads\/2019\/01\/may-bom-phun-thuoc-sau-ap-luc-cao-1100W.jpg\" target=\"_blank\" rel=\"noopener\"><img decoding=\"async\" class=\"size-full wp-image-261192 aligncenter\" src=\"https:\/\/maybommini.com\/wp-content\/uploads\/2019\/01\/may-bom-phun-thuoc-sau-ap-luc-cao-1100W.jpg\" alt=\"May Bom Phun Thuoc Sau Ap Luc Cao 1100W\" width=\"750\" height=\"750\" srcset=\"https:\/\/maybommini.vn\/wp-content\/uploads\/2019\/01\/may-bom-phun-thuoc-sau-ap-luc-cao-1100W.jpg 750w, https:\/\/maybommini.vn\/wp-content\/uploads\/2019\/01\/may-bom-phun-thuoc-sau-ap-luc-cao-1100W-300x300.jpg 300w, https:\/\/maybommini.vn\/wp-content\/uploads\/2019\/01\/may-bom-phun-thuoc-sau-ap-luc-cao-1100W-150x150.jpg 150w, https:\/\/maybommini.vn\/wp-content\/uploads\/2019\/01\/may-bom-phun-thuoc-sau-ap-luc-cao-1100W-600x600.jpg 600w\" sizes=\"(max-width: 750px) 100vw, 750px\" \/><\/a><\/p>\n<p><a href=\"https:\/\/maybommini.com\/wp-content\/uploads\/2018\/12\/su-dung-phun-thuoc-sau-tuoi-cay.jpg\" target=\"_blank\" rel=\"noopener\"><img decoding=\"async\" class=\"size-full wp-image-260857 aligncenter\" src=\"https:\/\/maybommini.com\/wp-content\/uploads\/2018\/12\/su-dung-phun-thuoc-sau-tuoi-cay.jpg\" alt=\"Su Dung Phun Thuoc Sau Tuoi Cay\" width=\"750\" height=\"750\" srcset=\"https:\/\/maybommini.vn\/wp-content\/uploads\/2018\/12\/su-dung-phun-thuoc-sau-tuoi-cay.jpg 750w, https:\/\/maybommini.vn\/wp-content\/uploads\/2018\/12\/su-dung-phun-thuoc-sau-tuoi-cay-300x300.jpg 300w, https:\/\/maybommini.vn\/wp-content\/uploads\/2018\/12\/su-dung-phun-thuoc-sau-tuoi-cay-150x150.jpg 150w, https:\/\/maybommini.vn\/wp-content\/uploads\/2018\/12\/su-dung-phun-thuoc-sau-tuoi-cay-600x600.jpg 600w\" sizes=\"(max-width: 750px) 100vw, 750px\" \/><\/a><\/p>\n<p><strong>\u1ee8NG D\u1ee4NG M\u00c1Y B\u01a0M \u00c1P L\u1ef0C 220V WZ-1100<br \/>\n<\/strong>&#8211; S\u1eed d\u1ee5ng b\u01a1m \u00e1p l\u1ef1c \u0111\u1ec3 phun thu\u1ed1c s\u00e2u.<br \/>\n&#8211; D\u00f9ng m\u00e1y b\u01a1m t\u01b0\u1edbi c\u00e2y phun thu\u1ed1c b\u1eb1ng xe m\u00e1y c\u00e0y, xe phun t\u01b0\u1edbi.<br \/>\n&#8211; M\u00e1y b\u01a1m \u00e1p l\u1ef1c cao r\u1eeda xe \u00d4 t\u00f4, xe m\u00e1y,&#8230;<br \/>\n&#8211; S\u1eed d\u1ee5ng m\u00e1y b\u01a1m v\u1ec7 sinh m\u00e1y l\u1ea1nh gia \u0111\u00ecnh v\u00e0 d\u1ecbch v\u1ee5.<br \/>\n&#8211; D\u00f9ng trong h\u1ec7 th\u1ed1ng phun s\u01b0\u01a1ng l\u00e0m m\u00e1t.<br \/>\n&#8211; M\u00e1y b\u01a1m n\u01b0\u1edbc s\u1ea1ch, n\u01b0\u1edbc sinh ho\u1ea1t.<br \/>\n&#8211; B\u01a1m n\u01b0\u1edbc l\u00ean cao, b\u01a1m c\u1ea5p n\u01b0\u1edbc.<br \/>\nV\u00e0 nhi\u1ec1u \u1ee9ng d\u1ee5ng b\u01a1m n\u01b0\u1edbc kh\u00e1c.<br \/>\n<a href=\"https:\/\/maybommini.com\/wp-content\/uploads\/2019\/01\/su-dung-may-bom-ap-luc-cao-WZ-1100.jpg\" target=\"_blank\" rel=\"noopener\"><img decoding=\"async\" class=\"size-full wp-image-261196 aligncenter\" src=\"https:\/\/maybommini.com\/wp-content\/uploads\/2019\/01\/su-dung-may-bom-ap-luc-cao-WZ-1100.jpg\" alt=\"Su Dung May Bom Ap Luc Cao WZ 1100\" width=\"750\" height=\"750\" srcset=\"https:\/\/maybommini.vn\/wp-content\/uploads\/2019\/01\/su-dung-may-bom-ap-luc-cao-WZ-1100.jpg 750w, https:\/\/maybommini.vn\/wp-content\/uploads\/2019\/01\/su-dung-may-bom-ap-luc-cao-WZ-1100-300x300.jpg 300w, https:\/\/maybommini.vn\/wp-content\/uploads\/2019\/01\/su-dung-may-bom-ap-luc-cao-WZ-1100-150x150.jpg 150w, https:\/\/maybommini.vn\/wp-content\/uploads\/2019\/01\/su-dung-may-bom-ap-luc-cao-WZ-1100-600x600.jpg 600w\" sizes=\"(max-width: 750px) 100vw, 750px\" \/><\/a> <a href=\"https:\/\/maybommini.com\/wp-content\/uploads\/2019\/01\/su-dung-may-bom-ap-luc-cao.jpg\" target=\"_blank\" rel=\"noopener\"><img decoding=\"async\" class=\"size-full wp-image-261195 aligncenter\" src=\"https:\/\/maybommini.com\/wp-content\/uploads\/2019\/01\/su-dung-may-bom-ap-luc-cao.jpg\" alt=\"Su Dung May Bom Ap Luc Cao\" width=\"750\" height=\"750\" srcset=\"https:\/\/maybommini.vn\/wp-content\/uploads\/2019\/01\/su-dung-may-bom-ap-luc-cao.jpg 750w, https:\/\/maybommini.vn\/wp-content\/uploads\/2019\/01\/su-dung-may-bom-ap-luc-cao-300x300.jpg 300w, https:\/\/maybommini.vn\/wp-content\/uploads\/2019\/01\/su-dung-may-bom-ap-luc-cao-150x150.jpg 150w, https:\/\/maybommini.vn\/wp-content\/uploads\/2019\/01\/su-dung-may-bom-ap-luc-cao-600x600.jpg 600w\" sizes=\"(max-width: 750px) 100vw, 750px\" \/><\/a><a href=\"https:\/\/maybommini.com\/wp-content\/uploads\/2018\/12\/su-dung-may-rua-xe-ap-luc-cao.jpg\" target=\"_blank\" rel=\"noopener\"><img decoding=\"async\" class=\"size-full wp-image-260856 aligncenter\" src=\"https:\/\/maybommini.com\/wp-content\/uploads\/2018\/12\/su-dung-may-rua-xe-ap-luc-cao.jpg\" alt=\"Su Dung May Rua Xe Ap Luc Cao\" width=\"750\" height=\"750\" srcset=\"https:\/\/maybommini.vn\/wp-content\/uploads\/2018\/12\/su-dung-may-rua-xe-ap-luc-cao.jpg 750w, https:\/\/maybommini.vn\/wp-content\/uploads\/2018\/12\/su-dung-may-rua-xe-ap-luc-cao-300x300.jpg 300w, https:\/\/maybommini.vn\/wp-content\/uploads\/2018\/12\/su-dung-may-rua-xe-ap-luc-cao-150x150.jpg 150w, https:\/\/maybommini.vn\/wp-content\/uploads\/2018\/12\/su-dung-may-rua-xe-ap-luc-cao-600x600.jpg 600w\" sizes=\"(max-width: 750px) 100vw, 750px\" \/><\/a><\/p>\n<p><strong>MUA M\u00c1Y B\u01a0M \u00c1P L\u1ef0C CAO 12V 24V 220V \u1ede \u0110\u00c2U ?<\/strong><br \/>\n<a href=\"https:\/\/maybommini.com\" target=\"_blank\" rel=\"noopener noreferrer\">M\u00e1y B\u01a1m Mini MBM<\/a> l\u00e0 nh\u00e0 cung c\u1ea5p h\u00e0ng \u0111\u1ea7u v\u1ec1 c\u00e1c lo\u1ea1i m\u00e1y b\u01a1m \u00e1p l\u1ef1c cao, m\u00e1y b\u01a1m mini, m\u00e1y r\u1eeda xe, m\u00e1y phun s\u01b0\u01a1ng, m\u00e1y b\u01a1m tr\u1ee3 l\u1ef1c, m\u00e1y b\u01a1m t\u0103ng \u00e1p v\u1edbi nhi\u1ec1u th\u01b0\u01a1ng hi\u1ec7u uy t\u00edn l\u1edbn. T\u1ea5t c\u1ea3 s\u1ea3n ph\u1ea9m \u0111\u01b0\u1ee3c b\u1ea3o h\u00e0nh ch\u00ednh h\u00e3ng l\u00e2u d\u00e0i v\u00e0 \u0111\u01b0\u1ee3c h\u1ed5 tr\u1ee3 k\u1ef9 thu\u1eadt v\u0129nh vi\u1ec5n.<br \/>\n<strong>Website:<\/strong>\u00a0https:\/\/maybommini.com<br \/>\n<strong>Email:<\/strong> maybommini.com@gmail.com<br \/>\n<strong>T\u01af V\u1ea4N K\u1ef8 THU\u1eacT \u2013 MUA H\u00c0NG<br \/>\n0908997823 \u2013 0908997872<br \/>\n0907294310 \u2013 02873030399<\/strong><\/p>\n<h3 style=\"text-align: center;\">M\u00e1y b\u01a1m \u00e1p l\u1ef1c cao 220V 1100W MAXPUMPS WZ-1100<\/h3>\n","protected":false},"excerpt":{"rendered":"<p>Ph\u00e2n ph\u1ed1i: <a href=\"https:\/\/maybomminimbm.vn\" target=\"_blank\" rel=\"noopener noreferrer\"><strong>M\u00e1y B\u01a1m Mini MBM<\/strong><\/a><br \/>\nTh\u01b0\u01a1ng hi\u1ec7u: <strong>MAXPUMPS<\/strong><br \/>\nModel: <strong>WZ-1100-220V<\/strong><br \/>\n\u0110i\u1ec7n th\u1ebf: 220V AC<br \/>\nC\u00f4ng su\u1ea5t: 1100W<br \/>\n\u00c1p l\u1ef1c: 1.0 &#8211; 3.0 Mpa<br \/>\nL\u01b0u l\u01b0\u1ee3ng: 8 &#8211; 10 L\/P<br \/>\nT\u1ef1 h\u00fat s\u00e2u : 1.5 M\u00e9t<br \/>\n\u0110\u1ea7y cao v\u00e0 xa: Tr\u00ean 100 M\u00e9t<br \/>\nVan h\u1ed3i n\u01b0\u1edbc t\u0103ng gi\u00e3m \u00e1p l\u1ef1c.<br \/>\nMotor l\u00f5i \u0111\u1ed3ng 100%.<br \/>\nMotor ch\u1ed5i than.<br \/>\n\u0110\u1ea7u b\u01a1m c\u00f4ng ngh\u1ec7 Taiwan.<br \/>\nTr\u1ecdng l\u01b0\u1ee3ng: 15 Kg<br \/>\nK\u00edch th\u01b0\u1edbc: 30 x 36.5 x 37 Cm<br \/>\n<em><strong>Ph\u1ee5 ki\u1ec7n k\u00e8m theo<\/strong><\/em><br \/>\n<em><strong>\u1ed0ng n\u01b0\u1edbc v\u00e0o.<br \/>\n<\/strong><strong>\u1ed0ng n\u01b0\u1edbc h\u1ed3i.<\/strong><\/em><br \/>\n<em><strong>L\u1ecdc n\u01b0\u1edbc.<\/strong><\/em><br \/>\nB\u1ea3o h\u00e0nh: 6 th\u00e1ng<br \/>\nS\u1ea3n ph\u1ea9m cao c\u1ea5p<\/p>\n","protected":false},"featured_media":261190,"comment_status":"open","ping_status":"closed","template":"","meta":[],"product_brand":[60],"product_cat":[2602,364],"product_tag":[2665,235,2002,207,2600,2601,360,429,2666,316,2662,2664,2663,2598],"class_list":{"0":"post-261182","1":"product","2":"type-product","3":"status-publish","4":"has-post-thumbnail","6":"product_brand-maxpumps","7":"product_cat-may-xit-rua-ap-luc-cao-220v","8":"product_cat-may-bom-ap-luc-cao","9":"product_tag-bom-ap-luc-cao","10":"product_tag-bom-nuoc-mini","11":"product_tag-maxpumps","12":"product_tag-may-bom-ap-luc","13":"product_tag-may-bom-phun-thuoc-sau","14":"product_tag-may-bom-pitton","15":"product_tag-may-bom-ve-sinh-may-lanh","16":"product_tag-phun-thuoc-sau","17":"product_tag-phun-tuoi-cay","18":"product_tag-ve-sinh-may-lanh","19":"product_tag-wz","20":"product_tag-wz-1100","21":"product_tag-wz-1100-220v","22":"product_tag-wz-170","24":"first","25":"instock","26":"sale","27":"shipping-taxable","28":"purchasable","29":"product-type-simple"},"_links":{"self":[{"href":"https:\/\/maybommini.vn\/index.php?rest_route=\/wp\/v2\/product\/261182","targetHints":{"allow":["GET"]}}],"collection":[{"href":"https:\/\/maybommini.vn\/index.php?rest_route=\/wp\/v2\/product"}],"about":[{"href":"https:\/\/maybommini.vn\/index.php?rest_route=\/wp\/v2\/types\/product"}],"replies":[{"embeddable":true,"href":"https:\/\/maybommini.vn\/index.php?rest_route=%2Fwp%2Fv2%2Fcomments&post=261182"}],"wp:featuredmedia":[{"embeddable":true,"href":"https:\/\/maybommini.vn\/index.php?rest_route=\/wp\/v2\/media\/261190"}],"wp:attachment":[{"href":"https:\/\/maybommini.vn\/index.php?rest_route=%2Fwp%2Fv2%2Fmedia&parent=261182"}],"wp:term":[{"taxonomy":"product_brand","embeddable":true,"href":"https:\/\/maybommini.vn\/index.php?rest_route=%2Fwp%2Fv2%2Fproduct_brand&post=261182"},{"taxonomy":"product_cat","embeddable":true,"href":"https:\/\/maybommini.vn\/index.php?rest_route=%2Fwp%2Fv2%2Fproduct_cat&post=261182"},{"taxonomy":"product_tag","embeddable":true,"href":"https:\/\/maybommini.vn\/index.php?rest_route=%2Fwp%2Fv2%2Fproduct_tag&post=261182"}],"curies":[{"name":"wp","href":"https:\/\/api.w.org\/{rel}","templated":true}]}}