{"id":261372,"date":"2019-02-26T10:56:39","date_gmt":"2019-02-26T03:56:39","guid":{"rendered":"https:\/\/maybommini.com\/?post_type=product&#038;p=261372"},"modified":"2020-05-23T19:57:43","modified_gmt":"2020-05-23T12:57:43","slug":"ao-ve-sinh-may-lanh-cao-cap-q-535","status":"publish","type":"product","link":"https:\/\/maybommini.vn\/?product=ao-ve-sinh-may-lanh-cao-cap-q-535","title":{"rendered":"\u00c1o v\u1ec7 sinh m\u00e1y l\u1ea1nh cao c\u1ea5p Q-535"},"content":{"rendered":"<p><strong>Chuy\u00ean cung c\u1ea5p ph\u00e2n ph\u1ed1i s\u1ec9 v\u00e0 l\u1ebb \u00e1o v\u1ec7 sinh m\u00e1y l\u1ea1nh cao c\u1ea5p Q-535 \u0111\u00e2y l\u00e0 lo\u1ea1i m\u1edbi h\u01a1n phi\u00ean b\u1ea3n c\u1ee7\u00a0\u0111\u01b0\u1ee3c may chi ti\u1ebft v\u00e0 t\u1ed1t h\u01a1n ch\u1ed1ng th\u1ea5m c\u00f3 l\u1ed5 tho\u00e1t n\u01b0\u1edbc th\u1ea3i v\u00e0 bao quanh\u00a0\u0111\u01b0\u1ee3c th\u00e2n m\u00e1y l\u1ea1nh khi x\u1ecbt r\u1eeda m\u00e1y l\u1ea1nh kh\u00f4ng g\u00e2y b\u1eafn n\u01b0\u1edbc b\u00ean ngo\u00e0i.\u00a0\u00c1o v\u1ec7 sinh m\u00e1y l\u1ea1nh cao c\u1ea5p Q-535 \u0111\u01b0\u1ee3c <a href=\"https:\/\/maybommini.com\" target=\"_blank\" rel=\"noopener noreferrer\">M\u00e1y B\u01a1m Mini &#8211; Maybommini.com<\/a> ph\u00e2n ph\u1ed1i\u00a0\u0111\u1ed9c quy\u1ec1n t\u1ea1i Vi\u1ec7t Nam gi\u00e1 t\u1ed1t b\u1ea3o h\u00e0nh giao h\u00e0ng to\u00e0n qu\u1ed1c.<\/strong><\/p>\n<p><a href=\"https:\/\/maybommini.com\/wp-content\/uploads\/2019\/02\/ao-trum-ve-sinh-may-lanh-Q-535-chinh-hang.jpg\" target=\"_blank\" rel=\"noopener\"><img decoding=\"async\" class=\"size-full wp-image-261381 aligncenter\" src=\"https:\/\/maybommini.com\/wp-content\/uploads\/2019\/02\/ao-trum-ve-sinh-may-lanh-Q-535-chinh-hang.jpg\" alt=\"Ao Trum Ve Sinh May Lanh Q 535 Chinh Hang\" width=\"750\" height=\"750\" srcset=\"https:\/\/maybommini.vn\/wp-content\/uploads\/2019\/02\/ao-trum-ve-sinh-may-lanh-Q-535-chinh-hang.jpg 750w, https:\/\/maybommini.vn\/wp-content\/uploads\/2019\/02\/ao-trum-ve-sinh-may-lanh-Q-535-chinh-hang-300x300.jpg 300w, https:\/\/maybommini.vn\/wp-content\/uploads\/2019\/02\/ao-trum-ve-sinh-may-lanh-Q-535-chinh-hang-150x150.jpg 150w, https:\/\/maybommini.vn\/wp-content\/uploads\/2019\/02\/ao-trum-ve-sinh-may-lanh-Q-535-chinh-hang-600x600.jpg 600w\" sizes=\"(max-width: 750px) 100vw, 750px\" \/><\/a><\/p>\n<p style=\"text-align: center;\"><strong>A\u0301O V\u00ca\u0323 SINH MA\u0301Y LA\u0323NH<\/strong><\/p>\n<p><strong>TH\u00d4NG S\u00d4\u0301 KY\u0303 THU\u00c2\u0323T<\/strong><br \/>\nModel: Q-535<br \/>\nLoa\u0323i: A\u0301o v\u00ea\u0323 sinh ma\u0301y la\u0323nh cao c\u00e2\u0301p.<br \/>\nCo\u0301 l\u00f4\u0303 \u00f4\u0301ng xa\u0309 n\u01b0\u01a1\u0301c tha\u0309i.<br \/>\nMi\u00ea\u0323ng a\u0301o v\u00ea\u0323 sinh co\u0301 thun co gia\u0303n<br \/>\nCh\u00e2\u0301t li\u00ea\u0323u: va\u0309i du\u0300 ch\u00f4\u0301ng th\u00e2\u0301m 2 l\u1edbp.<br \/>\nDu\u0300ng cho ma\u0301y la\u0323nh treo t\u01b0\u1eddng: 2 \u0111\u00ea\u0301n 3 HP<br \/>\nChi\u00ea\u0300u r\u00f4\u0323ng: 2.2 me\u0301t<br \/>\n\u1ed0ng x\u1ea3: 20 mm<br \/>\nTro\u0323ng l\u01b0\u01a1\u0323ng: 700g<br \/>\nS\u1ea3n ph\u1ea9m nh\u1eadp kh\u1ea9u<\/p>\n<p><a href=\"https:\/\/maybommini.com\/wp-content\/uploads\/2019\/02\/tui-trum-ve-sinh-dieu-hoa-may-lanh-cao-cap.jpg\" target=\"_blank\" rel=\"noopener\"><img decoding=\"async\" class=\"size-full wp-image-261377 aligncenter\" src=\"https:\/\/maybommini.com\/wp-content\/uploads\/2019\/02\/tui-trum-ve-sinh-dieu-hoa-may-lanh-cao-cap.jpg\" alt=\"Tui Trum Ve Sinh Dieu Hoa May Lanh Cao Cap\" width=\"750\" height=\"750\" srcset=\"https:\/\/maybommini.vn\/wp-content\/uploads\/2019\/02\/tui-trum-ve-sinh-dieu-hoa-may-lanh-cao-cap.jpg 750w, https:\/\/maybommini.vn\/wp-content\/uploads\/2019\/02\/tui-trum-ve-sinh-dieu-hoa-may-lanh-cao-cap-300x300.jpg 300w, https:\/\/maybommini.vn\/wp-content\/uploads\/2019\/02\/tui-trum-ve-sinh-dieu-hoa-may-lanh-cao-cap-150x150.jpg 150w, https:\/\/maybommini.vn\/wp-content\/uploads\/2019\/02\/tui-trum-ve-sinh-dieu-hoa-may-lanh-cao-cap-600x600.jpg 600w\" sizes=\"(max-width: 750px) 100vw, 750px\" \/><\/a> <a href=\"https:\/\/maybommini.com\/wp-content\/uploads\/2019\/02\/chat-lieu-vai-ao-ve-sinh-may-lanh.jpg\" target=\"_blank\" rel=\"noopener\"><img decoding=\"async\" class=\"size-full wp-image-261383 aligncenter\" src=\"https:\/\/maybommini.com\/wp-content\/uploads\/2019\/02\/chat-lieu-vai-ao-ve-sinh-may-lanh.jpg\" alt=\"Chat Lieu Vai Ao Ve Sinh May Lanh\" width=\"750\" height=\"750\" srcset=\"https:\/\/maybommini.vn\/wp-content\/uploads\/2019\/02\/chat-lieu-vai-ao-ve-sinh-may-lanh.jpg 750w, https:\/\/maybommini.vn\/wp-content\/uploads\/2019\/02\/chat-lieu-vai-ao-ve-sinh-may-lanh-300x300.jpg 300w, https:\/\/maybommini.vn\/wp-content\/uploads\/2019\/02\/chat-lieu-vai-ao-ve-sinh-may-lanh-150x150.jpg 150w, https:\/\/maybommini.vn\/wp-content\/uploads\/2019\/02\/chat-lieu-vai-ao-ve-sinh-may-lanh-600x600.jpg 600w\" sizes=\"(max-width: 750px) 100vw, 750px\" \/><\/a> <a href=\"https:\/\/maybommini.com\/wp-content\/uploads\/2019\/02\/chat-lieu-ao-ve-sinh-may-lanh.jpg\" target=\"_blank\" rel=\"noopener\"><img decoding=\"async\" class=\"size-full wp-image-261382 aligncenter\" src=\"https:\/\/maybommini.com\/wp-content\/uploads\/2019\/02\/chat-lieu-ao-ve-sinh-may-lanh.jpg\" alt=\"Chat Lieu Ao Ve Sinh May Lanh\" width=\"750\" height=\"750\" srcset=\"https:\/\/maybommini.vn\/wp-content\/uploads\/2019\/02\/chat-lieu-ao-ve-sinh-may-lanh.jpg 750w, https:\/\/maybommini.vn\/wp-content\/uploads\/2019\/02\/chat-lieu-ao-ve-sinh-may-lanh-300x300.jpg 300w, https:\/\/maybommini.vn\/wp-content\/uploads\/2019\/02\/chat-lieu-ao-ve-sinh-may-lanh-150x150.jpg 150w, https:\/\/maybommini.vn\/wp-content\/uploads\/2019\/02\/chat-lieu-ao-ve-sinh-may-lanh-600x600.jpg 600w\" sizes=\"(max-width: 750px) 100vw, 750px\" \/><\/a> <a href=\"https:\/\/maybommini.com\/wp-content\/uploads\/2019\/02\/ong-xa-nuoc-tui-trum-ao-ve-sinh-may-lanh.jpg\" target=\"_blank\" rel=\"noopener\"><img decoding=\"async\" class=\"size-full wp-image-261374 aligncenter\" src=\"https:\/\/maybommini.com\/wp-content\/uploads\/2019\/02\/ong-xa-nuoc-tui-trum-ao-ve-sinh-may-lanh.jpg\" alt=\"Ong Xa Nuoc Tui Trum Ao Ve Sinh May Lanh\" width=\"750\" height=\"750\" srcset=\"https:\/\/maybommini.vn\/wp-content\/uploads\/2019\/02\/ong-xa-nuoc-tui-trum-ao-ve-sinh-may-lanh.jpg 750w, https:\/\/maybommini.vn\/wp-content\/uploads\/2019\/02\/ong-xa-nuoc-tui-trum-ao-ve-sinh-may-lanh-300x300.jpg 300w, https:\/\/maybommini.vn\/wp-content\/uploads\/2019\/02\/ong-xa-nuoc-tui-trum-ao-ve-sinh-may-lanh-150x150.jpg 150w, https:\/\/maybommini.vn\/wp-content\/uploads\/2019\/02\/ong-xa-nuoc-tui-trum-ao-ve-sinh-may-lanh-600x600.jpg 600w\" sizes=\"(max-width: 750px) 100vw, 750px\" \/><\/a> <a href=\"https:\/\/maybommini.com\/wp-content\/uploads\/2019\/02\/gan-ong-sa-ao-ve-sinh-may-lanh.jpg\" target=\"_blank\" rel=\"noopener\"><img decoding=\"async\" class=\"size-full wp-image-261373 aligncenter\" src=\"https:\/\/maybommini.com\/wp-content\/uploads\/2019\/02\/gan-ong-sa-ao-ve-sinh-may-lanh.jpg\" alt=\"Gan Ong Sa Ao Ve Sinh May Lanh\" width=\"750\" height=\"750\" srcset=\"https:\/\/maybommini.vn\/wp-content\/uploads\/2019\/02\/gan-ong-sa-ao-ve-sinh-may-lanh.jpg 750w, https:\/\/maybommini.vn\/wp-content\/uploads\/2019\/02\/gan-ong-sa-ao-ve-sinh-may-lanh-300x300.jpg 300w, https:\/\/maybommini.vn\/wp-content\/uploads\/2019\/02\/gan-ong-sa-ao-ve-sinh-may-lanh-150x150.jpg 150w, https:\/\/maybommini.vn\/wp-content\/uploads\/2019\/02\/gan-ong-sa-ao-ve-sinh-may-lanh-600x600.jpg 600w\" sizes=\"(max-width: 750px) 100vw, 750px\" \/><\/a> <a href=\"https:\/\/maybommini.com\/wp-content\/uploads\/2019\/02\/ao-mua-trum-ve-sinh-may-lanh-gia-dinh.jpg\" target=\"_blank\" rel=\"noopener\"><img decoding=\"async\" class=\"size-full wp-image-261378 aligncenter\" src=\"https:\/\/maybommini.com\/wp-content\/uploads\/2019\/02\/ao-mua-trum-ve-sinh-may-lanh-gia-dinh.jpg\" alt=\"Ao Mua Trum Ve Sinh May Lanh Gia Dinh\" width=\"750\" height=\"750\" srcset=\"https:\/\/maybommini.vn\/wp-content\/uploads\/2019\/02\/ao-mua-trum-ve-sinh-may-lanh-gia-dinh.jpg 750w, https:\/\/maybommini.vn\/wp-content\/uploads\/2019\/02\/ao-mua-trum-ve-sinh-may-lanh-gia-dinh-300x300.jpg 300w, https:\/\/maybommini.vn\/wp-content\/uploads\/2019\/02\/ao-mua-trum-ve-sinh-may-lanh-gia-dinh-150x150.jpg 150w, https:\/\/maybommini.vn\/wp-content\/uploads\/2019\/02\/ao-mua-trum-ve-sinh-may-lanh-gia-dinh-600x600.jpg 600w\" sizes=\"(max-width: 750px) 100vw, 750px\" \/><\/a><\/p>\n<p><strong>S\u01af\u0309 DU\u0323NG A\u0301O V\u00ca\u0323 SINH MA\u0301Y LA\u0323NH<\/strong><br \/>\n&#8211; Du\u0300ng v\u00ea\u0323 sinh ma\u0301y la\u0323nh gia \u0111i\u0300nh.<br \/>\n&#8211; Du\u0300ng v\u00ea\u0323 sinh ma\u0301y la\u0323nh cty v\u0103n pho\u0300ng kha\u0301ch sa\u0323n.<br \/>\n&#8211; S\u01b0\u0309 du\u0323ng a\u0301p v\u00ea\u0323 sinh ma\u0301y la\u0323nh \u0111\u01a1n gia\u0303n d\u00ea\u0309 du\u0300ng.<br \/>\n&#8211; S\u01b0\u0309 du\u0323ng cho di\u0323ch vu\u0323 v\u00ea\u0323 sinh ma\u0301y la\u0323nh chuy\u00ean nghi\u00ea\u0323p.<br \/>\n&#8211; Ba\u0323n chi\u0309 c\u00e2\u0300n treo a\u0301o v\u00ea\u0323 sinh ma\u0301y la\u0323nh d\u01b0\u01a1\u0301i th\u00e2n cu\u0323c la\u0323nh \u0111\u00ea\u0309 h\u01b0\u0301ng n\u01b0\u01a1\u0301c b\u00e2\u0309n khi du\u0300ng <a href=\"https:\/\/maybommini.com\/san-pham\/bom-nuoc-mini-ap-luc-12v-60w-5l-smartpumpus\" target=\"_blank\" rel=\"noopener noreferrer\">ma\u0301y b\u01a1m a\u0301p l\u01b0\u0323c<\/a> xi\u0323t r\u01b0\u0309a.<br \/>\n&#8211; Loa\u0323i na\u0300y \u0111\u01b0\u01a1\u0323c may s\u0103\u0309n \u0111\u01b0\u01a1\u0300ng \u00f4\u0301ng thoa\u0301t n\u01b0\u01a1\u0301c r\u00e2\u0301t ti\u00ea\u0323n du\u0300ng khi du\u0300ng. Ba\u0323n chi\u0309 vi\u00ea\u0323c cho \u0111\u01b0\u01a1\u0300ng \u00f4\u0301ng na\u0300y va\u0300o x\u00f4 n\u01b0\u01a1\u0301c ch\u01b0\u0301a la\u0300 xong.<br \/>\n&#8211; Loa\u0323i na\u0300y du\u0300ng ch\u00e2\u0301t li\u00ea\u0323u va\u0309i du\u0300 ch\u00f4\u0301ng th\u00e2\u0301m \u0111\u0103\u0323c bi\u00ea\u0323t n\u00ean r\u00e2\u0301t b\u00ea\u0300n ch\u0103\u0301c va\u0300 kh\u00f4ng bi\u0323 ri\u0309 n\u01b0\u01a1\u0301c ra ngoa\u0300i khi s\u01b0\u0309 du\u0323ng.<\/p>\n<p><a href=\"https:\/\/maybommini.com\/wp-content\/uploads\/2019\/02\/su-dung-ao-ve-sinh-may-lanh-Q-535.jpg\" target=\"_blank\" rel=\"noopener\"><img decoding=\"async\" class=\"size-full wp-image-261375 aligncenter\" src=\"https:\/\/maybommini.com\/wp-content\/uploads\/2019\/02\/su-dung-ao-ve-sinh-may-lanh-Q-535.jpg\" alt=\"Su Dung Ao Ve Sinh May Lanh Q 535\" width=\"750\" height=\"750\" srcset=\"https:\/\/maybommini.vn\/wp-content\/uploads\/2019\/02\/su-dung-ao-ve-sinh-may-lanh-Q-535.jpg 750w, https:\/\/maybommini.vn\/wp-content\/uploads\/2019\/02\/su-dung-ao-ve-sinh-may-lanh-Q-535-300x300.jpg 300w, https:\/\/maybommini.vn\/wp-content\/uploads\/2019\/02\/su-dung-ao-ve-sinh-may-lanh-Q-535-150x150.jpg 150w, https:\/\/maybommini.vn\/wp-content\/uploads\/2019\/02\/su-dung-ao-ve-sinh-may-lanh-Q-535-600x600.jpg 600w\" sizes=\"(max-width: 750px) 100vw, 750px\" \/><\/a><\/p>\n<p><strong>B\u00c1N A\u0301O V\u00ca\u0323 SINH MA\u0301Y LA\u0323NH \u01a0\u0309 \u0110\u00c2U ?\u00a0<\/strong><br \/>\n<em><strong>Ba\u0323n co\u0301 th\u00ea\u0309 mua tr\u01b0\u0323 ti\u00ea\u0301p ta\u0323i Showroom:\u00a0<\/strong><\/em><br \/>\n<em><strong>Ba\u0323n co\u0301 th\u00ea\u0309 \u0111\u0103\u0323t mua tr\u01b0\u0323c ti\u00ea\u0301p tr\u00ean Website co\u0301 giao ha\u0300ng toa\u0300n qu\u00f4\u0301c:<\/strong><\/em><br \/>\n<strong>Website:<\/strong> <a href=\"https:\/\/maybommini.com\" target=\"_blank\" rel=\"noopener noreferrer\">https:\/\/maybommini.com<\/a><br \/>\n<strong>Facebook:<\/strong>\u00a0<a href=\"https:\/\/www.facebook.com\/maybommini\/\" target=\"_blank\" rel=\"noopener noreferrer\">https:\/\/www.facebook.com\/maybommini\/<\/a><br \/>\n<strong>Email:<\/strong> maybommini.com@gmail.com<\/p>\n<p><img decoding=\"async\" class=\"size-full wp-image-255526 aligncenter\" src=\"https:\/\/maybommini.com.vn\/wp-content\/uploads\/2018\/01\/nha-cung-cap-may-bom-mini-MBM.jpg\" alt=\"Nha Cung Cap May Bom Mini MBM\" width=\"750\" height=\"875\" srcset=\"https:\/\/maybommini.vn\/wp-content\/uploads\/2018\/01\/nha-cung-cap-may-bom-mini-MBM.jpg 750w, https:\/\/maybommini.vn\/wp-content\/uploads\/2018\/01\/nha-cung-cap-may-bom-mini-MBM-600x700.jpg 600w, https:\/\/maybommini.vn\/wp-content\/uploads\/2018\/01\/nha-cung-cap-may-bom-mini-MBM-257x300.jpg 257w\" sizes=\"(max-width: 750px) 100vw, 750px\" \/><\/p>\n<h3 style=\"text-align: center;\"><strong>NH\u00c0 CUNG C\u1ea4P\u00a0\u00c1O V\u1ec6 SINH M\u00c1Y L\u1ea0NH CAO C\u1ea4P TO\u00c0N QU\u1ed0C<\/strong><\/h3>\n","protected":false},"excerpt":{"rendered":"<p>Model: Q-535<br \/>\nLoa\u0323i: A\u0301o v\u00ea\u0323 sinh ma\u0301y la\u0323nh cao c\u00e2\u0301p.<br \/>\nCo\u0301 l\u00f4\u0303 \u00f4\u0301ng xa\u0309 n\u01b0\u01a1\u0301c tha\u0309i.<br \/>\nMi\u00ea\u0323ng a\u0301o v\u00ea\u0323 sinh co\u0301 thun co gia\u0303n<br \/>\nCh\u00e2\u0301t li\u00ea\u0323u: va\u0309i du\u0300 ch\u00f4\u0301ng th\u00e2\u0301m 2 l\u1edbp.<br \/>\nDu\u0300ng cho ma\u0301y la\u0323nh treo t\u01b0\u1eddng: 2 \u0111\u00ea\u0301n 3 HP<br \/>\nChi\u00ea\u0300u r\u00f4\u0323ng: 2.2 me\u0301t<br \/>\n\u1ed0ng x\u1ea3: 20 mm<br \/>\nTro\u0323ng l\u01b0\u01a1\u0323ng: 700g<br \/>\nS\u1ea3n ph\u1ea9m nh\u1eadp kh\u1ea9u<br \/>\nPh\u00e2n ph\u1ed1i:\u00a0<a href=\"https:\/\/maybomminimbm.vn\/\">M\u00e1y B\u01a1m Mini MBM<\/a><br \/>\nS\u1ea3n ph\u1ea9m cao c\u1ea5p<\/p>\n","protected":false},"featured_media":261381,"comment_status":"open","ping_status":"closed","template":"","meta":[],"product_brand":[2227],"product_cat":[1738,317],"product_tag":[2701,2700,1224,718,719,720,291,2703,2699,2698,2697,2696,721,722,723,316,1469,2702],"class_list":{"0":"post-261372","1":"product","2":"type-product","3":"status-publish","4":"has-post-thumbnail","6":"product_brand-mtm","7":"product_cat-ao-ve-sinh-may-lanh","8":"product_cat-thiet-bi-dung-cu","9":"product_tag-air-conditioner-wash-cover","10":"product_tag-air-conditioning-cleaning-cover","11":"product_tag-ao-mua-ve-sinh-may-lanh","12":"product_tag-ao-trum-ve-sinh-may-lanh","13":"product_tag-ao-ve-sinh-may-lanh","14":"product_tag-may-lanh","15":"product_tag-phu-kien","16":"product_tag-polyester","17":"product_tag-q-532","18":"product_tag-q-535","19":"product_tag-q532","20":"product_tag-q535","21":"product_tag-tu-ve-sinh-may-lanh","22":"product_tag-tui-ve-sinh-may-lanh","23":"product_tag-ve-sinh","24":"product_tag-ve-sinh-may-lanh","25":"product_tag-ve-sinh-may-lanh-gia-dinh","26":"product_tag-washing-cover","28":"first","29":"instock","30":"sale","31":"shipping-taxable","32":"purchasable","33":"product-type-simple"},"_links":{"self":[{"href":"https:\/\/maybommini.vn\/index.php?rest_route=\/wp\/v2\/product\/261372","targetHints":{"allow":["GET"]}}],"collection":[{"href":"https:\/\/maybommini.vn\/index.php?rest_route=\/wp\/v2\/product"}],"about":[{"href":"https:\/\/maybommini.vn\/index.php?rest_route=\/wp\/v2\/types\/product"}],"replies":[{"embeddable":true,"href":"https:\/\/maybommini.vn\/index.php?rest_route=%2Fwp%2Fv2%2Fcomments&post=261372"}],"wp:featuredmedia":[{"embeddable":true,"href":"https:\/\/maybommini.vn\/index.php?rest_route=\/wp\/v2\/media\/261381"}],"wp:attachment":[{"href":"https:\/\/maybommini.vn\/index.php?rest_route=%2Fwp%2Fv2%2Fmedia&parent=261372"}],"wp:term":[{"taxonomy":"product_brand","embeddable":true,"href":"https:\/\/maybommini.vn\/index.php?rest_route=%2Fwp%2Fv2%2Fproduct_brand&post=261372"},{"taxonomy":"product_cat","embeddable":true,"href":"https:\/\/maybommini.vn\/index.php?rest_route=%2Fwp%2Fv2%2Fproduct_cat&post=261372"},{"taxonomy":"product_tag","embeddable":true,"href":"https:\/\/maybommini.vn\/index.php?rest_route=%2Fwp%2Fv2%2Fproduct_tag&post=261372"}],"curies":[{"name":"wp","href":"https:\/\/api.w.org\/{rel}","templated":true}]}}