{"id":261422,"date":"2019-02-28T16:30:20","date_gmt":"2019-02-28T09:30:20","guid":{"rendered":"https:\/\/maybommini.com\/?post_type=product&#038;p=261422"},"modified":"2020-05-23T16:04:14","modified_gmt":"2020-05-23T09:04:14","slug":"may-bom-ap-luc-220v-136w-5-5l-170m-propumps","status":"publish","type":"product","link":"https:\/\/maybommini.vn\/?product=may-bom-ap-luc-220v-136w-5-5l-170m-propumps","title":{"rendered":"M\u00e1y b\u01a1m \u00e1p l\u1ef1c 220V 136W 5.5L 170M PROPUMPS"},"content":{"rendered":"<h3><strong>Chuy\u00ean cung c\u1ea5p ph\u00e2n ph\u1ed1i to\u00e0n qu\u1ed1c\u00a0m\u00e1y b\u01a1m \u00e1p l\u1ef1c 220V 136W 5.5L 170M PROPUMPS ch\u00ednh h\u00e3ng gi\u00e1 t\u1ed1t b\u1ea3o h\u00e0nh l\u00e2u d\u00e0i. M\u00e1y b\u01a1m \u00e1p l\u1ef1c n\u00e0y d\u00f9ng \u0111i\u1ec7n tr\u1ef1c ti\u1ebfp 220V th\u00edch h\u1ee3p d\u00f9ng b\u01a1m x\u1ecbt r\u1eeda, v\u1ec7 sinh m\u00e1y l\u1ea1nh, t\u0103ng \u00e1p tr\u1ee3 l\u1ef1c t\u1ef1 \u0111\u1ed9ng cho h\u1ec7 th\u1ed1ng n\u01b0\u1edbc y\u1ebfu, phun t\u01b0\u1edbi c\u00e2y, b\u01a1m ch\u1ea5t l\u1ecfng v\u00e0 th\u1ef1c ph\u1ea9m r\u1ea5t t\u1ed1t.<br \/>\n<\/strong><\/h3>\n<p><a href=\"https:\/\/maybommini.com\/wp-content\/uploads\/2019\/02\/May-bom-ap-luc-Propumps-170M-220V-136W.jpg\" target=\"_blank\" rel=\"noopener\"><img decoding=\"async\" class=\"size-full wp-image-261427 aligncenter\" src=\"https:\/\/maybommini.com\/wp-content\/uploads\/2019\/02\/May-bom-ap-luc-Propumps-170M-220V-136W.jpg\" alt=\"May Bom Ap Luc Propumps 170M 220V 136W\" width=\"750\" height=\"750\" srcset=\"https:\/\/maybommini.vn\/wp-content\/uploads\/2019\/02\/May-bom-ap-luc-Propumps-170M-220V-136W.jpg 750w, https:\/\/maybommini.vn\/wp-content\/uploads\/2019\/02\/May-bom-ap-luc-Propumps-170M-220V-136W-300x300.jpg 300w, https:\/\/maybommini.vn\/wp-content\/uploads\/2019\/02\/May-bom-ap-luc-Propumps-170M-220V-136W-150x150.jpg 150w, https:\/\/maybommini.vn\/wp-content\/uploads\/2019\/02\/May-bom-ap-luc-Propumps-170M-220V-136W-600x600.jpg 600w\" sizes=\"(max-width: 750px) 100vw, 750px\" \/><\/a><\/p>\n<p style=\"text-align: center;\"><iframe src=\"https:\/\/www.youtube.com\/embed\/_lSL8No4kq4\" width=\"750\" height=\"500\" frameborder=\"0\"><span data-mce-type=\"bookmark\" style=\"display: inline-block; width: 0px; overflow: hidden; line-height: 0;\" class=\"mce_SELRES_start\">\ufeff<\/span><\/iframe><\/p>\n<p><strong>TH\u00d4NG S\u1ed0 K\u1ef8 THU\u1eacT<\/strong><br \/>\nTh\u01b0\u01a1ng hi\u1ec7u: PROPUMPS<br \/>\nModel: DP-170M<br \/>\n\u0110i\u1ec7n th\u1ebf: 220V AC<br \/>\nC\u00f4ng su\u1ea5t: 136 W.<br \/>\n\u00c1p l\u1ef1c: 170 PSI.<br \/>\nL\u01b0u l\u01b0\u1ee3ng: 5.5 L\/P.<br \/>\nT\u1ef1 h\u00fat : cao 1 \u0111\u1ebfn 3 m\u00e9t.<br \/>\n\u0110\u1ea9y xa: 110 m\u00e9t<br \/>\nTi\u1ebfng\u00a0\u1ed3n:\u00a0\u226438db.<br \/>\nLo\u1ea1i b\u01a1m m\u00e0ng cao c\u1ea5p.<br \/>\nT\u1ef1\u00a0\u0111\u1ed9ng t\u1eaft khi kho\u00e1 n\u01b0\u1edbc ra.<br \/>\nMotor l\u1ecfi \u0111\u1ed3ng 100%.<br \/>\nCh\u1ea5t li\u1ec7u: Nh\u1ef1a ABS &#8211; \u0110\u1ed3ng &#8211; Gang.<br \/>\nRen n\u1ed1i \u1ed1ng : 13 mm.<br \/>\nK\u00edch th\u01b0\u1edbc: 26 x 10 x 10 Cm.<br \/>\nTr\u1ecdng l\u01b0\u1ee3ng: 2.69 Kg.<br \/>\nB\u1ea3o h\u00e0nh: 6 th\u00e1ng.<\/p>\n<p><a href=\"https:\/\/maybommini.com\/wp-content\/uploads\/2019\/02\/may-bom-nuoc-ap-luc-220v-cao-cap.jpg\" target=\"_blank\" rel=\"noopener\"><img decoding=\"async\" class=\"size-full wp-image-261445 aligncenter\" src=\"https:\/\/maybommini.com\/wp-content\/uploads\/2019\/02\/may-bom-nuoc-ap-luc-220v-cao-cap.jpg\" alt=\"May Bom Nuoc Ap Luc 220v Cao Cap\" width=\"750\" height=\"750\" srcset=\"https:\/\/maybommini.vn\/wp-content\/uploads\/2019\/02\/may-bom-nuoc-ap-luc-220v-cao-cap.jpg 750w, https:\/\/maybommini.vn\/wp-content\/uploads\/2019\/02\/may-bom-nuoc-ap-luc-220v-cao-cap-300x300.jpg 300w, https:\/\/maybommini.vn\/wp-content\/uploads\/2019\/02\/may-bom-nuoc-ap-luc-220v-cao-cap-150x150.jpg 150w, https:\/\/maybommini.vn\/wp-content\/uploads\/2019\/02\/may-bom-nuoc-ap-luc-220v-cao-cap-600x600.jpg 600w\" sizes=\"(max-width: 750px) 100vw, 750px\" \/><\/a> <a href=\"https:\/\/maybommini.com\/wp-content\/uploads\/2019\/02\/may-bom-mang-220v.jpg\" target=\"_blank\" rel=\"noopener\"><img decoding=\"async\" class=\"size-full wp-image-261444 aligncenter\" src=\"https:\/\/maybommini.com\/wp-content\/uploads\/2019\/02\/may-bom-mang-220v.jpg\" alt=\"May Bom Mang 220v\" width=\"750\" height=\"750\" srcset=\"https:\/\/maybommini.vn\/wp-content\/uploads\/2019\/02\/may-bom-mang-220v.jpg 750w, https:\/\/maybommini.vn\/wp-content\/uploads\/2019\/02\/may-bom-mang-220v-300x300.jpg 300w, https:\/\/maybommini.vn\/wp-content\/uploads\/2019\/02\/may-bom-mang-220v-150x150.jpg 150w, https:\/\/maybommini.vn\/wp-content\/uploads\/2019\/02\/may-bom-mang-220v-600x600.jpg 600w\" sizes=\"(max-width: 750px) 100vw, 750px\" \/><\/a> <a href=\"https:\/\/maybommini.com\/wp-content\/uploads\/2019\/02\/may-bom-ap-luc-tang-ap-tu-dong-220v.jpg\" target=\"_blank\" rel=\"noopener\"><img decoding=\"async\" class=\"size-full wp-image-261443 aligncenter\" src=\"https:\/\/maybommini.com\/wp-content\/uploads\/2019\/02\/may-bom-ap-luc-tang-ap-tu-dong-220v.jpg\" alt=\"May Bom Ap Luc Tang Ap Tu Dong 220v\" width=\"750\" height=\"750\" srcset=\"https:\/\/maybommini.vn\/wp-content\/uploads\/2019\/02\/may-bom-ap-luc-tang-ap-tu-dong-220v.jpg 750w, https:\/\/maybommini.vn\/wp-content\/uploads\/2019\/02\/may-bom-ap-luc-tang-ap-tu-dong-220v-300x300.jpg 300w, https:\/\/maybommini.vn\/wp-content\/uploads\/2019\/02\/may-bom-ap-luc-tang-ap-tu-dong-220v-150x150.jpg 150w, https:\/\/maybommini.vn\/wp-content\/uploads\/2019\/02\/may-bom-ap-luc-tang-ap-tu-dong-220v-600x600.jpg 600w\" sizes=\"(max-width: 750px) 100vw, 750px\" \/><\/a> <a href=\"https:\/\/maybommini.com\/wp-content\/uploads\/2019\/02\/may-bom-ap-luc-mini-propumps-220v-170M.jpg\" target=\"_blank\" rel=\"noopener\"><img decoding=\"async\" class=\"size-full wp-image-261442 aligncenter\" src=\"https:\/\/maybommini.com\/wp-content\/uploads\/2019\/02\/may-bom-ap-luc-mini-propumps-220v-170M.jpg\" alt=\"May Bom Ap Luc Mini Propumps 220v 170M\" width=\"750\" height=\"750\" srcset=\"https:\/\/maybommini.vn\/wp-content\/uploads\/2019\/02\/may-bom-ap-luc-mini-propumps-220v-170M.jpg 750w, https:\/\/maybommini.vn\/wp-content\/uploads\/2019\/02\/may-bom-ap-luc-mini-propumps-220v-170M-300x300.jpg 300w, https:\/\/maybommini.vn\/wp-content\/uploads\/2019\/02\/may-bom-ap-luc-mini-propumps-220v-170M-150x150.jpg 150w, https:\/\/maybommini.vn\/wp-content\/uploads\/2019\/02\/may-bom-ap-luc-mini-propumps-220v-170M-600x600.jpg 600w\" sizes=\"(max-width: 750px) 100vw, 750px\" \/><\/a> <a href=\"https:\/\/maybommini.com\/wp-content\/uploads\/2019\/02\/bom-nuoc-mini-ap-luc-170M-220V.jpg\" target=\"_blank\" rel=\"noopener\"><img decoding=\"async\" class=\"size-full wp-image-261441 aligncenter\" src=\"https:\/\/maybommini.com\/wp-content\/uploads\/2019\/02\/bom-nuoc-mini-ap-luc-170M-220V.jpg\" alt=\"Bom Nuoc Mini Ap Luc 170M 220V\" width=\"750\" height=\"750\" srcset=\"https:\/\/maybommini.vn\/wp-content\/uploads\/2019\/02\/bom-nuoc-mini-ap-luc-170M-220V.jpg 750w, https:\/\/maybommini.vn\/wp-content\/uploads\/2019\/02\/bom-nuoc-mini-ap-luc-170M-220V-300x300.jpg 300w, https:\/\/maybommini.vn\/wp-content\/uploads\/2019\/02\/bom-nuoc-mini-ap-luc-170M-220V-150x150.jpg 150w, https:\/\/maybommini.vn\/wp-content\/uploads\/2019\/02\/bom-nuoc-mini-ap-luc-170M-220V-600x600.jpg 600w\" sizes=\"(max-width: 750px) 100vw, 750px\" \/><\/a> <a href=\"https:\/\/maybommini.com\/wp-content\/uploads\/2019\/02\/bom-ap-luc-mini-220V-chinh-hang.jpg\" target=\"_blank\" rel=\"noopener\"><img decoding=\"async\" class=\"size-full wp-image-261440 aligncenter\" src=\"https:\/\/maybommini.com\/wp-content\/uploads\/2019\/02\/bom-ap-luc-mini-220V-chinh-hang.jpg\" alt=\"Bom Ap Luc Mini 220V Chinh Hang\" width=\"750\" height=\"750\" srcset=\"https:\/\/maybommini.vn\/wp-content\/uploads\/2019\/02\/bom-ap-luc-mini-220V-chinh-hang.jpg 750w, https:\/\/maybommini.vn\/wp-content\/uploads\/2019\/02\/bom-ap-luc-mini-220V-chinh-hang-300x300.jpg 300w, https:\/\/maybommini.vn\/wp-content\/uploads\/2019\/02\/bom-ap-luc-mini-220V-chinh-hang-150x150.jpg 150w, https:\/\/maybommini.vn\/wp-content\/uploads\/2019\/02\/bom-ap-luc-mini-220V-chinh-hang-600x600.jpg 600w\" sizes=\"(max-width: 750px) 100vw, 750px\" \/><\/a> <a href=\"https:\/\/maybommini.com\/wp-content\/uploads\/2019\/02\/may-bom-ve-sinh-dieu-hoa-may-lanh-chuyen-nghiep.jpg\" target=\"_blank\" rel=\"noopener\"><img decoding=\"async\" class=\"size-full wp-image-261437 aligncenter\" src=\"https:\/\/maybommini.com\/wp-content\/uploads\/2019\/02\/may-bom-ve-sinh-dieu-hoa-may-lanh-chuyen-nghiep.jpg\" alt=\"May Bom Ve Sinh Dieu Hoa May Lanh Chuyen Nghiep\" width=\"750\" height=\"750\" srcset=\"https:\/\/maybommini.vn\/wp-content\/uploads\/2019\/02\/may-bom-ve-sinh-dieu-hoa-may-lanh-chuyen-nghiep.jpg 750w, https:\/\/maybommini.vn\/wp-content\/uploads\/2019\/02\/may-bom-ve-sinh-dieu-hoa-may-lanh-chuyen-nghiep-300x300.jpg 300w, https:\/\/maybommini.vn\/wp-content\/uploads\/2019\/02\/may-bom-ve-sinh-dieu-hoa-may-lanh-chuyen-nghiep-150x150.jpg 150w, https:\/\/maybommini.vn\/wp-content\/uploads\/2019\/02\/may-bom-ve-sinh-dieu-hoa-may-lanh-chuyen-nghiep-600x600.jpg 600w\" sizes=\"(max-width: 750px) 100vw, 750px\" \/><\/a><\/p>\n<p><strong>\u1ee8NG D\u1ee4NG M\u00c1Y A\u0301P L\u01af\u0323C 220V<\/strong><br \/>\n&#8211; D\u00f9ng x\u1ecbt r\u1eeda xe m\u00e1y, r\u1eeda xe \u00f4 t\u00f4.<br \/>\n&#8211; D\u00f9ng v\u1ec7 sinh m\u00e1y l\u1ea1nh, v\u1ec7 sinh \u0111i\u1ec1u ho\u00e0 gia \u0111\u00ecnh.<br \/>\n&#8211; D\u00f9ng phun x\u1ecbt thu\u1ed1c tr\u1eeba s\u00e2u.<br \/>\n&#8211; D\u00f9ng b\u01a1m ho\u00e1 ch\u1ea5t kh\u00f4ng \u0103n m\u00f2n.<br \/>\n&#8211; Phun s\u01b0\u01a1ng t\u01b0\u1edbi Hoa Lan, c\u00e2y c\u1ea3nh.<br \/>\n&#8211; B\u01a1m t\u01b0\u1edbi h\u1ec7 th\u1ed1ng thu\u1ef7 canh.<br \/>\n&#8211; H\u1ec7 th\u1ed1ng b\u01a1m t\u1ef1\u00a0\u0111\u1ed9ng.<br \/>\n&#8211; B\u01a1m tr\u1ee3 l\u1ef1c n\u01b0\u1edbc trong nh\u00e0.<br \/>\n&#8211; X\u1ecbt r\u1eeda x\u1ec7 sinh nh\u00e0 c\u1eeda, nh\u00e0 h\u00e0ng, b\u1ebfp &#8230;.<br \/>\n&#8211; B\u01a1m th\u1ef1c ph\u1ea9m, r\u01b0\u1ee3u, &#8230;.<br \/>\n&#8211; M\u00e1y b\u01a1m tr\u1ee3 l\u1ef1c n\u01b0\u1edbc m\u00e1y gi\u1eb7t.<br \/>\n&#8211; B\u01a1m tr\u1ee3 l\u1ef1c v\u00f2i sen, rumine.<\/p>\n<p style=\"text-align: center;\"><a href=\"https:\/\/maybommini.com\/wp-content\/uploads\/2019\/02\/su-dung-may-bom-ap-luc-220v-170m.jpg\" target=\"_blank\" rel=\"noopener\"><img decoding=\"async\" class=\"size-full wp-image-261434 aligncenter\" src=\"https:\/\/maybommini.com\/wp-content\/uploads\/2019\/02\/su-dung-may-bom-ap-luc-220v-170m.jpg\" alt=\"Su Dung May Bom Ap Luc 220v 170m\" width=\"750\" height=\"750\" srcset=\"https:\/\/maybommini.vn\/wp-content\/uploads\/2019\/02\/su-dung-may-bom-ap-luc-220v-170m.jpg 750w, https:\/\/maybommini.vn\/wp-content\/uploads\/2019\/02\/su-dung-may-bom-ap-luc-220v-170m-300x300.jpg 300w, https:\/\/maybommini.vn\/wp-content\/uploads\/2019\/02\/su-dung-may-bom-ap-luc-220v-170m-150x150.jpg 150w, https:\/\/maybommini.vn\/wp-content\/uploads\/2019\/02\/su-dung-may-bom-ap-luc-220v-170m-600x600.jpg 600w\" sizes=\"(max-width: 750px) 100vw, 750px\" \/><\/a> <a href=\"https:\/\/maybommini.com\/wp-content\/uploads\/2018\/12\/su-dung-phun-thuoc-sau-tuoi-cay.jpg\" target=\"_blank\" rel=\"noopener\"><img decoding=\"async\" class=\"size-full wp-image-260857 aligncenter\" src=\"https:\/\/maybommini.com\/wp-content\/uploads\/2018\/12\/su-dung-phun-thuoc-sau-tuoi-cay.jpg\" alt=\"Su Dung Phun Thuoc Sau Tuoi Cay\" width=\"750\" height=\"750\" srcset=\"https:\/\/maybommini.vn\/wp-content\/uploads\/2018\/12\/su-dung-phun-thuoc-sau-tuoi-cay.jpg 750w, https:\/\/maybommini.vn\/wp-content\/uploads\/2018\/12\/su-dung-phun-thuoc-sau-tuoi-cay-300x300.jpg 300w, https:\/\/maybommini.vn\/wp-content\/uploads\/2018\/12\/su-dung-phun-thuoc-sau-tuoi-cay-150x150.jpg 150w, https:\/\/maybommini.vn\/wp-content\/uploads\/2018\/12\/su-dung-phun-thuoc-sau-tuoi-cay-600x600.jpg 600w\" sizes=\"(max-width: 750px) 100vw, 750px\" \/><\/a> <a href=\"https:\/\/maybommini.com\/wp-content\/uploads\/2018\/08\/cach-ve-sinh-may-lanh-tot-nhat.jpg\" target=\"_blank\" rel=\"noopener\"><img decoding=\"async\" class=\"aligncenter wp-image-259667\" src=\"https:\/\/maybommini.com\/wp-content\/uploads\/2018\/08\/cach-ve-sinh-may-lanh-tot-nhat.jpg\" alt=\"Cach Ve Sinh May Lanh Tot Nhat\" width=\"750\" height=\"750\" srcset=\"https:\/\/maybommini.vn\/wp-content\/uploads\/2018\/08\/cach-ve-sinh-may-lanh-tot-nhat.jpg 820w, https:\/\/maybommini.vn\/wp-content\/uploads\/2018\/08\/cach-ve-sinh-may-lanh-tot-nhat-300x300.jpg 300w, https:\/\/maybommini.vn\/wp-content\/uploads\/2018\/08\/cach-ve-sinh-may-lanh-tot-nhat-150x150.jpg 150w, https:\/\/maybommini.vn\/wp-content\/uploads\/2018\/08\/cach-ve-sinh-may-lanh-tot-nhat-600x600.jpg 600w\" sizes=\"(max-width: 750px) 100vw, 750px\" \/><\/a><strong>M\u00e1y b\u01a1m \u00e1p l\u1ef1c 220V 136W 5.5L 170M PROPUMPS<\/strong><\/p>\n<p><a href=\"https:\/\/maybommini.com\/wp-content\/uploads\/2019\/02\/propumps-220V-170M.jpg\" target=\"_blank\" rel=\"noopener\"><img decoding=\"async\" class=\"size-full wp-image-261438 aligncenter\" src=\"https:\/\/maybommini.com\/wp-content\/uploads\/2019\/02\/propumps-220V-170M.jpg\" alt=\"Propumps 220V 170M\" width=\"750\" height=\"750\" srcset=\"https:\/\/maybommini.vn\/wp-content\/uploads\/2019\/02\/propumps-220V-170M.jpg 750w, https:\/\/maybommini.vn\/wp-content\/uploads\/2019\/02\/propumps-220V-170M-300x300.jpg 300w, https:\/\/maybommini.vn\/wp-content\/uploads\/2019\/02\/propumps-220V-170M-150x150.jpg 150w, https:\/\/maybommini.vn\/wp-content\/uploads\/2019\/02\/propumps-220V-170M-600x600.jpg 600w\" sizes=\"(max-width: 750px) 100vw, 750px\" \/><\/a><\/p>\n<p>&nbsp;<\/p>\n<p style=\"text-align: left;\"><strong>MUA B\u01a0M N\u01af\u1edaC MINI \u1ede \u0110\u00c2U ?<br \/>\n<\/strong>M\u1ecdi chi ti\u1ebft vui l\u00f2ng li\u00ean h\u1ec7 tr\u1ef1c ti\u1ebfp cho ch\u00fang t\u00f4i \u0111\u1ec3 \u0111\u01b0\u1ee3c t\u01b0 v\u1ea5n theo nhu c\u1ea7u \u0111\u1ec3 c\u00f3 \u0111\u01b0\u1ee3c b\u1ed9 s\u1ea3n ph\u1ea9m t\u1ed1t nh\u1ea5t v\u00e0 ti\u1ebft ki\u1ec7m. B\u1ea1n \u1edf xa v\u1eabn c\u00f3 th\u1ec3 mua h\u00e0ng v\u00e0 giao h\u00e0ng thanh to\u00e1n ti\u1ec1n t\u1ea1i nh\u00e0.\u00a0<a href=\"https:\/\/goo.gl\/maps\/EwMNt6Lf3m52\" target=\"_blank\" rel=\"noopener noreferrer\"><em><strong>MBM &#8211; Ma\u0301y B\u01a1m Mini<\/strong><\/em><\/a> la\u0300 nha\u0300 cung c\u00e2\u0301p ha\u0300ng \u0111\u00e2\u0300u v\u00ea\u0300 li\u0303nh v\u01b0\u0323c ma\u0301y b\u01a1m n\u01b0\u01a1\u0301c mini ta\u0323i Vi\u00ea\u0323t Nam v\u01a1\u0301i nhi\u00ea\u0300u n\u0103m kinh nghi\u00ea\u0323m. Chu\u0301ng t\u00f4i la\u0300 \u0111\u00f4\u0301i ta\u0301c l\u01a1\u0301n ha\u0300ng \u0111\u00e2\u0300u ca\u0301c ha\u0303ng sa\u0309n xu\u00e2\u0301t b\u01a1m n\u01b0\u01a1\u0301c mini cu\u0309a USA, Taiwan, China, Japan &#8230;.<\/p>\n<p><strong>Email:<\/strong> maybommini.com@gmail.com<br \/>\n<strong>Website:<\/strong> <a href=\"http:\/\/maybommini.com\" target=\"_blank\" rel=\"noopener noreferrer\">http:\/\/maybommini.com<\/a><br \/>\n<strong>Facebook:<\/strong> <a href=\"https:\/\/www.facebook.com\/maybommini\" target=\"_blank\" rel=\"noopener noreferrer\">https:\/\/www.facebook.com\/maybommini<\/a><br \/>\n<strong>Google:<\/strong> https:\/\/plus.google.com\/ Maybomnuocminiruaxe<br \/>\n<strong>Youtube demo:<\/strong> <a href=\"https:\/\/www.youtube.com\/bahamasali\" target=\"_blank\" rel=\"noopener noreferrer\">https:\/\/www.youtube.com\/bahamasali<\/a><\/p>\n<h3 style=\"text-align: center;\"><em><strong>M\u00e1y b\u01a1m \u00e1p l\u1ef1c 220V 136W 5.5L 170M PROPUMPS<\/strong><\/em><\/h3>\n<p><a href=\"https:\/\/maybommini.com\/wp-content\/uploads\/2019\/02\/May-bom-ap-luc-220v-Propumps-170M.jpg\" target=\"_blank\" rel=\"noopener\"><img decoding=\"async\" class=\"size-full wp-image-261424 aligncenter\" src=\"https:\/\/maybommini.com\/wp-content\/uploads\/2019\/02\/May-bom-ap-luc-220v-Propumps-170M.jpg\" alt=\"May Bom Ap Luc 220v Propumps 170M\" width=\"750\" height=\"750\" srcset=\"https:\/\/maybommini.vn\/wp-content\/uploads\/2019\/02\/May-bom-ap-luc-220v-Propumps-170M.jpg 750w, https:\/\/maybommini.vn\/wp-content\/uploads\/2019\/02\/May-bom-ap-luc-220v-Propumps-170M-300x300.jpg 300w, https:\/\/maybommini.vn\/wp-content\/uploads\/2019\/02\/May-bom-ap-luc-220v-Propumps-170M-150x150.jpg 150w, https:\/\/maybommini.vn\/wp-content\/uploads\/2019\/02\/May-bom-ap-luc-220v-Propumps-170M-600x600.jpg 600w\" sizes=\"(max-width: 750px) 100vw, 750px\" \/><\/a><\/p>\n","protected":false},"excerpt":{"rendered":"<p>Th\u01b0\u01a1ng hi\u1ec7u: PROPUMPS<br \/>\nModel: DP-170M<br \/>\n\u0110i\u1ec7n th\u1ebf: 220V AC<br \/>\nC\u00f4ng su\u1ea5t: 136 W.<br \/>\n\u00c1p l\u1ef1c: 170 PSI.<br \/>\nL\u01b0u l\u01b0\u1ee3ng: 5.5 L\/P.<br \/>\nT\u1ef1 h\u00fat : cao 1 \u0111\u1ebfn 3 m\u00e9t.<br \/>\n\u0110\u1ea9y xa: 110 m\u00e9t<br \/>\nTi\u1ebfng\u00a0\u1ed3n:\u00a0\u226438db.<br \/>\nLo\u1ea1i b\u01a1m m\u00e0ng cao c\u1ea5p.<br \/>\nT\u1ef1\u00a0\u0111\u1ed9ng t\u1eaft khi kho\u00e1 n\u01b0\u1edbc ra.<br \/>\nMotor l\u1ecfi \u0111\u1ed3ng 100%.<br \/>\nCh\u1ea5t li\u1ec7u: Nh\u1ef1a ABS &#8211; \u0110\u1ed3ng &#8211; Gang.<br \/>\nRen n\u1ed1i \u1ed1ng : 13 mm.<br \/>\nK\u00edch th\u01b0\u1edbc: 26 x 10 x 10 Cm.<br \/>\nTr\u1ecdng l\u01b0\u1ee3ng: 2.69 Kg.<br \/>\nB\u1ea3o h\u00e0nh: 6 th\u00e1ng.<br \/>\nPh\u00e2n ph\u1ed1i:\u00a0<a href=\"https:\/\/maybomminimbm.vn\/\">M\u00e1y B\u01a1m Mini MBM<\/a><br \/>\nS\u1ea3n ph\u1ea9m cao c\u1ea5p<\/p>\n","protected":false},"featured_media":261427,"comment_status":"open","ping_status":"closed","template":"","meta":[],"product_brand":[69],"product_cat":[508,196,224,509,1515],"product_tag":[500,372,285,213,235,1391,203,630,275,1200,278,443,420],"class_list":{"0":"post-261422","1":"product","2":"type-product","3":"status-publish","4":"has-post-thumbnail","6":"product_brand-propumps","7":"product_cat-may-bom-ap-luc-220v","8":"product_cat-may-bom-ap-luc-mini","9":"product_cat-may-bom-nuoc","10":"product_cat-may-bom-nuoc-mini-220v","11":"product_cat-may-bom-tro-luc-220v","12":"product_tag-220v","13":"product_tag-ap-luc-cao","14":"product_tag-bom-ap-luc","15":"product_tag-bom-ap-luc-mini","16":"product_tag-bom-nuoc-mini","17":"product_tag-dp-170m","18":"product_tag-may-bom","19":"product_tag-may-bom-220v","20":"product_tag-mini","21":"product_tag-propump","22":"product_tag-propumps","23":"product_tag-rua-xe-mini","24":"product_tag-smartpumps","26":"first","27":"instock","28":"sale","29":"shipping-taxable","30":"purchasable","31":"product-type-simple"},"_links":{"self":[{"href":"https:\/\/maybommini.vn\/index.php?rest_route=\/wp\/v2\/product\/261422","targetHints":{"allow":["GET"]}}],"collection":[{"href":"https:\/\/maybommini.vn\/index.php?rest_route=\/wp\/v2\/product"}],"about":[{"href":"https:\/\/maybommini.vn\/index.php?rest_route=\/wp\/v2\/types\/product"}],"replies":[{"embeddable":true,"href":"https:\/\/maybommini.vn\/index.php?rest_route=%2Fwp%2Fv2%2Fcomments&post=261422"}],"wp:featuredmedia":[{"embeddable":true,"href":"https:\/\/maybommini.vn\/index.php?rest_route=\/wp\/v2\/media\/261427"}],"wp:attachment":[{"href":"https:\/\/maybommini.vn\/index.php?rest_route=%2Fwp%2Fv2%2Fmedia&parent=261422"}],"wp:term":[{"taxonomy":"product_brand","embeddable":true,"href":"https:\/\/maybommini.vn\/index.php?rest_route=%2Fwp%2Fv2%2Fproduct_brand&post=261422"},{"taxonomy":"product_cat","embeddable":true,"href":"https:\/\/maybommini.vn\/index.php?rest_route=%2Fwp%2Fv2%2Fproduct_cat&post=261422"},{"taxonomy":"product_tag","embeddable":true,"href":"https:\/\/maybommini.vn\/index.php?rest_route=%2Fwp%2Fv2%2Fproduct_tag&post=261422"}],"curies":[{"name":"wp","href":"https:\/\/api.w.org\/{rel}","templated":true}]}}