{"id":261493,"date":"2019-03-11T14:44:22","date_gmt":"2019-03-11T07:44:22","guid":{"rendered":"https:\/\/maybommini.com\/?post_type=product&#038;p=261493"},"modified":"2022-09-19T11:02:16","modified_gmt":"2022-09-19T04:02:16","slug":"may-bom-nuoc-tang-ap-tro-luc-gia-dinh-panasonic-a-200jak-200w","status":"publish","type":"product","link":"https:\/\/maybommini.vn\/?product=may-bom-nuoc-tang-ap-tro-luc-gia-dinh-panasonic-a-200jak-200w","title":{"rendered":"M\u00e1y b\u01a1m n\u01b0\u1edbc t\u0103ng \u00e1p tr\u1ee3 l\u1ef1c gia \u0111\u00ecnh Panasonic A-200JAK 200W"},"content":{"rendered":"<h3>Ph\u00e2n ph\u1ed1i ch\u00ednh h\u00e3ng m\u00e1y b\u01a1m n\u01b0\u1edbc t\u0103ng \u00e1p tr\u1ee3 l\u1ef1c gia \u0111\u00ecnh Panasonic A-200JAK 200W\u00a0l\u00e0 d\u00f2ng s\u1ea3n ph\u1ea9m\u00a0m\u00e1y b\u01a1m n\u01b0\u1edbc t\u0103ng \u00e1p\u00a0th\u00edch h\u1ee3p v\u1edbi c\u00e1c t\u00f2a nh\u00e0 cao t\u1eeb 1 &#8211; 3 t\u1ea7ng. S\u1eed d\u1ee5ng \u0111\u1ec3 b\u01a1m n\u01b0\u1edbc t\u1eeb m\u1eb7t \u0111\u1ea5t l\u00ean b\u1ed3n ch\u1ee9a n\u01b0\u1edbc tr\u00ean n\u00f3c c\u00e1c t\u00f2a nh\u00e0 ho\u1eb7c \u0111\u01b0a n\u01b0\u1edbc t\u1eeb b\u1ed3n ch\u1ee9a \u0111\u1ebfn c\u00e1c v\u1ecb tr\u00ed trong nh\u00e0 khi b\u1ed3n ch\u1ee9a n\u01b0\u1edbc th\u1ea5p, \u00e1p l\u1ef1c n\u01b0\u1edbc y\u1ebfu. C\u00f2n \u0111\u1ed1i v\u1edbi c\u00e1c b\u1ed3n ch\u1ee9a n\u01b0\u1edbc \u1edf v\u1ecb tr\u00ed th\u1ea5p, \u00e1p l\u1ef1c n\u01b0\u1edbc nh\u1ecf, m\u00e1y t\u1ef1 \u0111\u1ed9ng t\u0103ng \u00e1p l\u1ef1c n\u01b0\u1edbc b\u01a1m ra v\u1eadn h\u00e0nh \u00eam, \u0111\u1ed9 \u1ed3n th\u1ea5p.<\/h3>\n<p><a href=\"https:\/\/maybommini.com\/wp-content\/uploads\/2019\/03\/may-bom-tro-luc-gia-dinh-panasonic-200LAK-200W.jpg\" target=\"_blank\" rel=\"noopener\"><img decoding=\"async\" class=\"size-full wp-image-261499 aligncenter\" src=\"https:\/\/maybommini.com\/wp-content\/uploads\/2019\/03\/may-bom-tro-luc-gia-dinh-panasonic-200LAK-200W.jpg\" alt=\"May Bom Tro Luc Gia Dinh Panasonic 200LAK 200W\" width=\"750\" height=\"750\" srcset=\"https:\/\/maybommini.vn\/wp-content\/uploads\/2019\/03\/may-bom-tro-luc-gia-dinh-panasonic-200LAK-200W.jpg 750w, https:\/\/maybommini.vn\/wp-content\/uploads\/2019\/03\/may-bom-tro-luc-gia-dinh-panasonic-200LAK-200W-300x300.jpg 300w, https:\/\/maybommini.vn\/wp-content\/uploads\/2019\/03\/may-bom-tro-luc-gia-dinh-panasonic-200LAK-200W-150x150.jpg 150w, https:\/\/maybommini.vn\/wp-content\/uploads\/2019\/03\/may-bom-tro-luc-gia-dinh-panasonic-200LAK-200W-600x600.jpg 600w\" sizes=\"(max-width: 750px) 100vw, 750px\" \/><\/a><\/p>\n<p><strong>TH\u00d4NG S\u1ed0 K\u1ef8 THU\u1eacT<\/strong><br \/>\nTh\u01b0\u01a1ng hi\u1ec7u: Panasonic<br \/>\nModel:\u00a0A-200JAK<br \/>\n\u0110i\u1ec7n th\u1ebf: 220V<br \/>\nC\u00f4ng su\u1ea5t: 200 W<br \/>\nL\u01b0u l\u01b0\u1ee3ng: 45 L\/p<br \/>\nB\u01a1m \u0111\u1ea9y cao: 10 M\u00e9t<br \/>\nH\u00fat s\u00e2u: 9 M\u00e9t<br \/>\n\u1ed0ng v\u00e0o: 25 Mm<br \/>\n\u1ed0ng ra: 25 Mm<br \/>\nMotor: l\u00f5i \u0111\u1ed3ng<br \/>\nCh\u1ea5t li\u1ec7u: \u0110\u1ed3ng Gang Th\u00e9p<br \/>\nLo\u1ea1i b\u01a1m: M\u00e1y b\u01a1m n\u01b0\u1edbc t\u0103ng \u00e1p t\u1ef1 \u0111\u1ed9ng<br \/>\n\u00c1p l\u1ef1c b\u1eadt ngu\u1ed3n: 1.1 Kgf\/cm2<br \/>\n\u00c1p l\u1ef1c t\u1eaft ngu\u1ed3n: 1.8 Kgf\/cm2<br \/>\nK\u00edch th\u01b0\u1edbc: 330mm x 255mm x 340mm<br \/>\nTr\u1ecdng l\u01b0\u1ee3ng: 9 Kg<br \/>\nC\u00f4ng ngh\u1ec7 s\u1ea3n xu\u1ea5t Panasonic<br \/>\nS\u1ea3n ph\u1ea9m nh\u1eadp kh\u1ea9u\u00a0Indonesia<br \/>\nB\u1ea3o h\u00e0nh: 24 th\u00e1ng ch\u00ednh h\u00e3ng.<\/p>\n<p><a href=\"https:\/\/maybommini.com\/wp-content\/uploads\/2019\/03\/Panasonic-A200JAK-200W.jpg\" target=\"_blank\" rel=\"noopener\"><img decoding=\"async\" class=\"size-full wp-image-261500 aligncenter\" src=\"https:\/\/maybommini.com\/wp-content\/uploads\/2019\/03\/Panasonic-A200JAK-200W.jpg\" alt=\"Panasonic A200JAK 200W\" width=\"750\" height=\"750\" srcset=\"https:\/\/maybommini.vn\/wp-content\/uploads\/2019\/03\/Panasonic-A200JAK-200W.jpg 750w, https:\/\/maybommini.vn\/wp-content\/uploads\/2019\/03\/Panasonic-A200JAK-200W-300x300.jpg 300w, https:\/\/maybommini.vn\/wp-content\/uploads\/2019\/03\/Panasonic-A200JAK-200W-150x150.jpg 150w, https:\/\/maybommini.vn\/wp-content\/uploads\/2019\/03\/Panasonic-A200JAK-200W-600x600.jpg 600w\" sizes=\"(max-width: 750px) 100vw, 750px\" \/><\/a> <a href=\"https:\/\/maybommini.com\/wp-content\/uploads\/2019\/03\/cau-tao-bom-nuoc-panasonic.jpg\" target=\"_blank\" rel=\"noopener\"><img decoding=\"async\" class=\"size-full wp-image-261497 aligncenter\" src=\"https:\/\/maybommini.com\/wp-content\/uploads\/2019\/03\/cau-tao-bom-nuoc-panasonic.jpg\" alt=\"Cau Tao Bom Nuoc Panasonic\" width=\"750\" height=\"750\" srcset=\"https:\/\/maybommini.vn\/wp-content\/uploads\/2019\/03\/cau-tao-bom-nuoc-panasonic.jpg 750w, https:\/\/maybommini.vn\/wp-content\/uploads\/2019\/03\/cau-tao-bom-nuoc-panasonic-300x300.jpg 300w, https:\/\/maybommini.vn\/wp-content\/uploads\/2019\/03\/cau-tao-bom-nuoc-panasonic-150x150.jpg 150w, https:\/\/maybommini.vn\/wp-content\/uploads\/2019\/03\/cau-tao-bom-nuoc-panasonic-600x600.jpg 600w\" sizes=\"(max-width: 750px) 100vw, 750px\" \/><\/a> <a href=\"https:\/\/maybommini.com\/wp-content\/uploads\/2019\/03\/bom-tro-luc-tu-dong-panasonic.jpg\" target=\"_blank\" rel=\"noopener\"><img decoding=\"async\" class=\"size-full wp-image-261496 aligncenter\" src=\"https:\/\/maybommini.com\/wp-content\/uploads\/2019\/03\/bom-tro-luc-tu-dong-panasonic.jpg\" alt=\"Bom Tro Luc Tu Dong Panasonic\" width=\"750\" height=\"750\" srcset=\"https:\/\/maybommini.vn\/wp-content\/uploads\/2019\/03\/bom-tro-luc-tu-dong-panasonic.jpg 750w, https:\/\/maybommini.vn\/wp-content\/uploads\/2019\/03\/bom-tro-luc-tu-dong-panasonic-300x300.jpg 300w, https:\/\/maybommini.vn\/wp-content\/uploads\/2019\/03\/bom-tro-luc-tu-dong-panasonic-150x150.jpg 150w, https:\/\/maybommini.vn\/wp-content\/uploads\/2019\/03\/bom-tro-luc-tu-dong-panasonic-600x600.jpg 600w\" sizes=\"(max-width: 750px) 100vw, 750px\" \/><\/a> <a href=\"https:\/\/maybommini.com\/wp-content\/uploads\/2019\/03\/bom-day-cao-cho-nha-cao-tang.jpg\" target=\"_blank\" rel=\"noopener\"><img decoding=\"async\" class=\"size-full wp-image-261495 aligncenter\" src=\"https:\/\/maybommini.com\/wp-content\/uploads\/2019\/03\/bom-day-cao-cho-nha-cao-tang.jpg\" alt=\"Bom Day Cao Cho Nha Cao Tang\" width=\"750\" height=\"750\" srcset=\"https:\/\/maybommini.vn\/wp-content\/uploads\/2019\/03\/bom-day-cao-cho-nha-cao-tang.jpg 750w, https:\/\/maybommini.vn\/wp-content\/uploads\/2019\/03\/bom-day-cao-cho-nha-cao-tang-300x300.jpg 300w, https:\/\/maybommini.vn\/wp-content\/uploads\/2019\/03\/bom-day-cao-cho-nha-cao-tang-150x150.jpg 150w, https:\/\/maybommini.vn\/wp-content\/uploads\/2019\/03\/bom-day-cao-cho-nha-cao-tang-600x600.jpg 600w\" sizes=\"(max-width: 750px) 100vw, 750px\" \/><\/a> <a href=\"https:\/\/maybommini.com\/wp-content\/uploads\/2019\/03\/ban-may-bom-nuoc-panasonic.jpg\" target=\"_blank\" rel=\"noopener\"><img decoding=\"async\" class=\"size-full wp-image-261494 aligncenter\" src=\"https:\/\/maybommini.com\/wp-content\/uploads\/2019\/03\/ban-may-bom-nuoc-panasonic.jpg\" alt=\"Ban May Bom Nuoc Panasonic\" width=\"750\" height=\"750\" srcset=\"https:\/\/maybommini.vn\/wp-content\/uploads\/2019\/03\/ban-may-bom-nuoc-panasonic.jpg 750w, https:\/\/maybommini.vn\/wp-content\/uploads\/2019\/03\/ban-may-bom-nuoc-panasonic-300x300.jpg 300w, https:\/\/maybommini.vn\/wp-content\/uploads\/2019\/03\/ban-may-bom-nuoc-panasonic-150x150.jpg 150w, https:\/\/maybommini.vn\/wp-content\/uploads\/2019\/03\/ban-may-bom-nuoc-panasonic-600x600.jpg 600w\" sizes=\"(max-width: 750px) 100vw, 750px\" \/><\/a><\/p>\n<p><strong>\u1ee8NG D\u1ee4NG M\u00c1Y B\u01a0M T\u0102NG \u00c1P TR\u1ee2 L\u1ef0C N\u01af\u1edaC PANASONIC<\/strong><br \/>\n&#8211; D\u00f9ng tr\u1ee3 l\u1ef1c n\u01b0\u1edbc gia \u0111\u00ecnh.<br \/>\n&#8211; Tr\u1ee3 l\u1ef1c n\u01b0\u1edbc m\u00e1y n\u01b0\u1edbc n\u00f3ng l\u1ea1nh.<br \/>\n&#8211; T\u0103ng \u00e1p l\u1ef1c n\u01b0\u1edbc t\u1ef1 \u0111\u1ed9ng.<br \/>\n&#8211; T\u0103ng \u00e1p l\u1ef1c n\u01b0\u1edbc chung c\u01b0.<br \/>\n&#8211; Tr\u1ee3 l\u1ef1c n\u01b0\u1edbc m\u00e1y gi\u1eb7t.<br \/>\n&#8211; Tr\u1ee3 l\u1ef1c n\u01b0\u1edbc m\u00e1y n\u01b0\u1edbc n\u00f3ng n\u0103ng l\u01b0\u1ee3ng m\u1eb7t tr\u1eddi.<br \/>\n&#8211; D\u00f9ng b\u01a1m cho h\u1ec7 th\u1ed1ng c\u1ea5p n\u01b0\u1edbc.<br \/>\n&#8211; D\u00f9ng trong h\u1ec7 th\u1ed1ng t\u01b0\u1edbi n\u00f4ng nghi\u1ec7p.<br \/>\nV\u00e0 \u1ee9ng d\u1ee5ng trong nhi\u1ec1u l\u0129nh v\u1ef1c kh\u00e1c.<\/p>\n<p><img decoding=\"async\" class=\"size-full wp-image-254121 aligncenter\" src=\"https:\/\/maybommini.com.vn\/wp-content\/uploads\/2018\/01\/ban-may-bom-nuoc-panasonic-2.jpg\" alt=\"Ban May Bom Nuoc Panasonic\" width=\"800\" height=\"800\" srcset=\"https:\/\/maybommini.vn\/wp-content\/uploads\/2018\/01\/ban-may-bom-nuoc-panasonic-2.jpg 800w, https:\/\/maybommini.vn\/wp-content\/uploads\/2018\/01\/ban-may-bom-nuoc-panasonic-2-300x300.jpg 300w, https:\/\/maybommini.vn\/wp-content\/uploads\/2018\/01\/ban-may-bom-nuoc-panasonic-2-600x600.jpg 600w, https:\/\/maybommini.vn\/wp-content\/uploads\/2018\/01\/ban-may-bom-nuoc-panasonic-2-150x150.jpg 150w, https:\/\/maybommini.vn\/wp-content\/uploads\/2018\/01\/ban-may-bom-nuoc-panasonic-2-768x768.jpg 768w\" sizes=\"(max-width: 800px) 100vw, 800px\" \/> <img decoding=\"async\" class=\"size-full wp-image-254123 aligncenter\" src=\"https:\/\/maybommini.com.vn\/wp-content\/uploads\/2018\/01\/lap-rap-may-bom-nuoc-gia-dinh-panasonic.jpg\" alt=\"Lap Rap May Bom Nuoc Gia Dinh Panasonic\" width=\"800\" height=\"800\" srcset=\"https:\/\/maybommini.vn\/wp-content\/uploads\/2018\/01\/lap-rap-may-bom-nuoc-gia-dinh-panasonic.jpg 800w, https:\/\/maybommini.vn\/wp-content\/uploads\/2018\/01\/lap-rap-may-bom-nuoc-gia-dinh-panasonic-300x300.jpg 300w, https:\/\/maybommini.vn\/wp-content\/uploads\/2018\/01\/lap-rap-may-bom-nuoc-gia-dinh-panasonic-600x600.jpg 600w, https:\/\/maybommini.vn\/wp-content\/uploads\/2018\/01\/lap-rap-may-bom-nuoc-gia-dinh-panasonic-150x150.jpg 150w, https:\/\/maybommini.vn\/wp-content\/uploads\/2018\/01\/lap-rap-may-bom-nuoc-gia-dinh-panasonic-768x768.jpg 768w, https:\/\/maybommini.vn\/wp-content\/uploads\/2018\/01\/lap-rap-may-bom-nuoc-gia-dinh-panasonic-270x270.jpg 270w, https:\/\/maybommini.vn\/wp-content\/uploads\/2018\/01\/lap-rap-may-bom-nuoc-gia-dinh-panasonic-375x375.jpg 375w, https:\/\/maybommini.vn\/wp-content\/uploads\/2018\/01\/lap-rap-may-bom-nuoc-gia-dinh-panasonic-140x140.jpg 140w, https:\/\/maybommini.vn\/wp-content\/uploads\/2018\/01\/lap-rap-may-bom-nuoc-gia-dinh-panasonic-131x131.jpg 131w, https:\/\/maybommini.vn\/wp-content\/uploads\/2018\/01\/lap-rap-may-bom-nuoc-gia-dinh-panasonic-142x142.jpg 142w, https:\/\/maybommini.vn\/wp-content\/uploads\/2018\/01\/lap-rap-may-bom-nuoc-gia-dinh-panasonic-164x164.jpg 164w, https:\/\/maybommini.vn\/wp-content\/uploads\/2018\/01\/lap-rap-may-bom-nuoc-gia-dinh-panasonic-175x175.jpg 175w, https:\/\/maybommini.vn\/wp-content\/uploads\/2018\/01\/lap-rap-may-bom-nuoc-gia-dinh-panasonic-193x193.jpg 193w, https:\/\/maybommini.vn\/wp-content\/uploads\/2018\/01\/lap-rap-may-bom-nuoc-gia-dinh-panasonic-200x200.jpg 200w, https:\/\/maybommini.vn\/wp-content\/uploads\/2018\/01\/lap-rap-may-bom-nuoc-gia-dinh-panasonic-204x204.jpg 204w, https:\/\/maybommini.vn\/wp-content\/uploads\/2018\/01\/lap-rap-may-bom-nuoc-gia-dinh-panasonic-213x213.jpg 213w, https:\/\/maybommini.vn\/wp-content\/uploads\/2018\/01\/lap-rap-may-bom-nuoc-gia-dinh-panasonic-248x248.jpg 248w, https:\/\/maybommini.vn\/wp-content\/uploads\/2018\/01\/lap-rap-may-bom-nuoc-gia-dinh-panasonic-260x260.jpg 260w\" sizes=\"(max-width: 800px) 100vw, 800px\" \/> <strong>MUA M\u00c1Y B\u01a0M T\u0102NG \u00c1P GIA \u0110\u00ccNH \u1ede \u0110\u00c2U ?\u00a0<\/strong><br \/>\nMBM &#8211; M\u00e1y B\u01a1m Mini chuy\u00ean cung c\u1ea5p c\u00e1c lo\u1ea1i m\u00e1y b\u01a1m gia \u0111\u00ecnh, m\u00e1y b\u01a1m t\u0103ng \u00e1p, m\u00e1y b\u01a1m tr\u1ee3 l\u1ef1c, m\u00e1y b\u01a1m cao t\u1ea7ng v\u1edbi gi\u00e1 t\u1ed1t b\u1ea3o h\u00e0nh l\u00e2u d\u00e0i v\u00e0 h\u1ed5 tr\u1ee3 v\u0129nh vi\u1ec5n cho kh\u00e1ch h\u00e0ng.<br \/>\n<em><strong>C\u00f3 gi\u00e1 t\u1ed1t cho \u0111\u1ea1i l\u00fd v\u00e0 d\u1ef1 \u00e1n l\u1ea5y s\u1ed1 l\u01b0\u1ee3ng.<\/strong><\/em><br \/>\n<strong>Tel:<\/strong>\u00a002873030399 &#8211; 090 7294310<br \/>\n<strong>Email:<\/strong> maybommini.com@gmail.com<\/p>\n<p><img decoding=\"async\" class=\"size-full wp-image-254127 aligncenter\" src=\"https:\/\/maybommini.com.vn\/wp-content\/uploads\/2018\/01\/phan-phoi-may-bom-panasonic-2.jpg\" alt=\"Phan Phoi May Bom Panasonic\" width=\"800\" height=\"800\" srcset=\"https:\/\/maybommini.vn\/wp-content\/uploads\/2018\/01\/phan-phoi-may-bom-panasonic-2.jpg 800w, https:\/\/maybommini.vn\/wp-content\/uploads\/2018\/01\/phan-phoi-may-bom-panasonic-2-300x300.jpg 300w, https:\/\/maybommini.vn\/wp-content\/uploads\/2018\/01\/phan-phoi-may-bom-panasonic-2-600x600.jpg 600w, https:\/\/maybommini.vn\/wp-content\/uploads\/2018\/01\/phan-phoi-may-bom-panasonic-2-150x150.jpg 150w, https:\/\/maybommini.vn\/wp-content\/uploads\/2018\/01\/phan-phoi-may-bom-panasonic-2-768x768.jpg 768w, https:\/\/maybommini.vn\/wp-content\/uploads\/2018\/01\/phan-phoi-may-bom-panasonic-2-270x270.jpg 270w, https:\/\/maybommini.vn\/wp-content\/uploads\/2018\/01\/phan-phoi-may-bom-panasonic-2-375x375.jpg 375w, https:\/\/maybommini.vn\/wp-content\/uploads\/2018\/01\/phan-phoi-may-bom-panasonic-2-140x140.jpg 140w, https:\/\/maybommini.vn\/wp-content\/uploads\/2018\/01\/phan-phoi-may-bom-panasonic-2-131x131.jpg 131w, https:\/\/maybommini.vn\/wp-content\/uploads\/2018\/01\/phan-phoi-may-bom-panasonic-2-142x142.jpg 142w, https:\/\/maybommini.vn\/wp-content\/uploads\/2018\/01\/phan-phoi-may-bom-panasonic-2-164x164.jpg 164w, https:\/\/maybommini.vn\/wp-content\/uploads\/2018\/01\/phan-phoi-may-bom-panasonic-2-175x175.jpg 175w, https:\/\/maybommini.vn\/wp-content\/uploads\/2018\/01\/phan-phoi-may-bom-panasonic-2-193x193.jpg 193w, https:\/\/maybommini.vn\/wp-content\/uploads\/2018\/01\/phan-phoi-may-bom-panasonic-2-200x200.jpg 200w, https:\/\/maybommini.vn\/wp-content\/uploads\/2018\/01\/phan-phoi-may-bom-panasonic-2-204x204.jpg 204w, https:\/\/maybommini.vn\/wp-content\/uploads\/2018\/01\/phan-phoi-may-bom-panasonic-2-213x213.jpg 213w, https:\/\/maybommini.vn\/wp-content\/uploads\/2018\/01\/phan-phoi-may-bom-panasonic-2-248x248.jpg 248w, https:\/\/maybommini.vn\/wp-content\/uploads\/2018\/01\/phan-phoi-may-bom-panasonic-2-260x260.jpg 260w\" sizes=\"(max-width: 800px) 100vw, 800px\" \/><img decoding=\"async\" class=\"size-full wp-image-254121 aligncenter\" src=\"https:\/\/maybommini.com.vn\/wp-content\/uploads\/2018\/01\/ban-may-bom-nuoc-panasonic-2.jpg\" alt=\"Ban May Bom Nuoc Panasonic\" width=\"800\" height=\"800\" srcset=\"https:\/\/maybommini.vn\/wp-content\/uploads\/2018\/01\/ban-may-bom-nuoc-panasonic-2.jpg 800w, https:\/\/maybommini.vn\/wp-content\/uploads\/2018\/01\/ban-may-bom-nuoc-panasonic-2-300x300.jpg 300w, https:\/\/maybommini.vn\/wp-content\/uploads\/2018\/01\/ban-may-bom-nuoc-panasonic-2-600x600.jpg 600w, https:\/\/maybommini.vn\/wp-content\/uploads\/2018\/01\/ban-may-bom-nuoc-panasonic-2-150x150.jpg 150w, https:\/\/maybommini.vn\/wp-content\/uploads\/2018\/01\/ban-may-bom-nuoc-panasonic-2-768x768.jpg 768w\" sizes=\"(max-width: 800px) 100vw, 800px\" \/><\/p>\n<h3 style=\"text-align: center;\"><em><strong>M\u00e1y b\u01a1m n\u01b0\u1edbc t\u0103ng \u00e1p tr\u1ee3 l\u1ef1c gia \u0111\u00ecnh Panasonic A-200JAK 200W<\/strong><\/em><\/h3>\n","protected":false},"excerpt":{"rendered":"<p>Th\u01b0\u01a1ng hi\u1ec7u: Panasonic<br \/>\nModel:\u00a0A-200JAK<br \/>\n\u0110i\u1ec7n th\u1ebf: 220V<br \/>\nC\u00f4ng su\u1ea5t: 200 W<br \/>\nL\u01b0u l\u01b0\u1ee3ng: 45 L\/p<br \/>\nB\u01a1m \u0111\u1ea9y cao: 10 M\u00e9t<br \/>\nH\u00fat s\u00e2u: 9 M\u00e9t<br \/>\n\u1ed0ng v\u00e0o: 25 Mm<br \/>\n\u1ed0ng ra: 25 Mm<br \/>\nMotor: l\u00f5i \u0111\u1ed3ng<br \/>\nCh\u1ea5t li\u1ec7u: \u0110\u1ed3ng Gang Th\u00e9p<br \/>\nLo\u1ea1i b\u01a1m: M\u00e1y b\u01a1m n\u01b0\u1edbc t\u0103ng \u00e1p t\u1ef1 \u0111\u1ed9ng<br \/>\n\u00c1p l\u1ef1c b\u1eadt ngu\u1ed3n: 1.1 Kgf\/cm2<br \/>\n\u00c1p l\u1ef1c t\u1eaft ngu\u1ed3n: 1.8 Kgf\/cm2<br \/>\nK\u00edch th\u01b0\u1edbc: 330mm x 255mm x 340mm<br \/>\nTr\u1ecdng l\u01b0\u1ee3ng: 9 Kg<br \/>\nC\u00f4ng ngh\u1ec7 s\u1ea3n xu\u1ea5t Panasonic<br \/>\nS\u1ea3n ph\u1ea9m nh\u1eadp kh\u1ea9u\u00a0Indonesia<br \/>\nB\u1ea3o h\u00e0nh: 24 th\u00e1ng ch\u00ednh h\u00e3ng.<br \/>\nPh\u00e2n ph\u1ed1i:\u00a0<a href=\"https:\/\/maybomminimbm.vn\/\">M\u00e1y B\u01a1m Mini MBM<\/a><br \/>\nS\u1ea3n ph\u1ea9m cao c\u1ea5p<\/p>\n","protected":false},"featured_media":261499,"comment_status":"open","ping_status":"closed","template":"","meta":[],"product_brand":[45],"product_cat":[1515,334],"product_tag":[2712,2722,2717,2715,1554,2713,2723,1555,335,336,2714,1557,376,849,1558,2716,602,1556,626,2505],"class_list":{"0":"post-261493","1":"product","2":"type-product","3":"status-publish","4":"has-post-thumbnail","6":"product_brand-panasonic","7":"product_cat-may-bom-tro-luc-220v","8":"product_cat-may-bom-tro-luc-tang-ap","9":"product_tag-a-130jak","10":"product_tag-a-200jak","11":"product_tag-auto-pump","12":"product_tag-bom-dan-dung","13":"product_tag-bom-nuoc-may-giat","14":"product_tag-bom-nuoc-pana","15":"product_tag-bom-nuoc-panasonic","16":"product_tag-bom-nuoc-yeu","17":"product_tag-bom-tang-ap","18":"product_tag-bom-tro-luc","19":"product_tag-may-bom-nuoc-tang-ap","20":"product_tag-may-bom-panasonic","21":"product_tag-may-bom-tang-ap","22":"product_tag-may-bom-tu-dong","23":"product_tag-panasonic","24":"product_tag-super-jet","25":"product_tag-thiet-bi-thong-minh","26":"product_tag-thong-minh","27":"product_tag-tu-dong","28":"product_tag-water-pump","30":"first","31":"instock","32":"sale","33":"shipping-taxable","34":"purchasable","35":"product-type-simple"},"_links":{"self":[{"href":"https:\/\/maybommini.vn\/index.php?rest_route=\/wp\/v2\/product\/261493","targetHints":{"allow":["GET"]}}],"collection":[{"href":"https:\/\/maybommini.vn\/index.php?rest_route=\/wp\/v2\/product"}],"about":[{"href":"https:\/\/maybommini.vn\/index.php?rest_route=\/wp\/v2\/types\/product"}],"replies":[{"embeddable":true,"href":"https:\/\/maybommini.vn\/index.php?rest_route=%2Fwp%2Fv2%2Fcomments&post=261493"}],"wp:featuredmedia":[{"embeddable":true,"href":"https:\/\/maybommini.vn\/index.php?rest_route=\/wp\/v2\/media\/261499"}],"wp:attachment":[{"href":"https:\/\/maybommini.vn\/index.php?rest_route=%2Fwp%2Fv2%2Fmedia&parent=261493"}],"wp:term":[{"taxonomy":"product_brand","embeddable":true,"href":"https:\/\/maybommini.vn\/index.php?rest_route=%2Fwp%2Fv2%2Fproduct_brand&post=261493"},{"taxonomy":"product_cat","embeddable":true,"href":"https:\/\/maybommini.vn\/index.php?rest_route=%2Fwp%2Fv2%2Fproduct_cat&post=261493"},{"taxonomy":"product_tag","embeddable":true,"href":"https:\/\/maybommini.vn\/index.php?rest_route=%2Fwp%2Fv2%2Fproduct_tag&post=261493"}],"curies":[{"name":"wp","href":"https:\/\/api.w.org\/{rel}","templated":true}]}}