{"id":261582,"date":"2019-03-21T14:53:56","date_gmt":"2019-03-21T07:53:56","guid":{"rendered":"https:\/\/maybommini.com\/?post_type=product&#038;p=261582"},"modified":"2020-05-23T15:59:43","modified_gmt":"2020-05-23T08:59:43","slug":"sac-binh-ac-quy-12v-24v-400ah-aj-618f","status":"publish","type":"product","link":"https:\/\/maybommini.vn\/?product=sac-binh-ac-quy-12v-24v-400ah-aj-618f","title":{"rendered":"S\u1ea1c b\u00ecnh \u1eafc quy 12V 24V 400AH AJ-618F"},"content":{"rendered":"<p><strong>Cung c\u1ea5p s\u1ec9 v\u00e0 l\u1ebb b\u1ed9 s\u1ea1c b\u00ecnh \u1eafc quy 12V 24V 400AH AJ-618F chuy\u00ean d\u1ee5ng \u0111\u1ec3 s\u1ea1c c\u00e1c lo\u1ea1i b\u00ecnh \u1eafc quy kh\u00f4 ho\u1eb7c\u00a0\u00e1c quy n\u01b0\u1edbc cho \u00f4t\u00f4 xe m\u00e1y xe \u0111i\u1ec7n. B\u1ea1n c\u0169ng c\u00f3 th\u1ec3 s\u1ea1c cho c\u00e1c lo\u1ea1i b\u00ecnh t\u1eeb 6Ah \u0111\u1ebfn 400Ah 12V 24V c\u00e1c lo\u1ea1i, s\u1ea1c b\u00ecnh \u1eafc quy n\u00e0y l\u00e0 lo\u1ea1i t\u1ef1\u00a0\u0111\u1ed9ng ng\u1eaft th\u00f4ng minh khi b\u00ecnh\u00a0\u0111\u1ea7y r\u1ea5t t\u1ed1t.<\/strong><\/p>\n<p><a href=\"https:\/\/maybommini.com\/wp-content\/uploads\/2019\/03\/Bo-sac-ac-quy-12v-24v-400ah-AJ-618F-ANJING.jpg\" target=\"_blank\" rel=\"noopener\"><img decoding=\"async\" class=\"size-full wp-image-261593 aligncenter\" src=\"https:\/\/maybommini.com\/wp-content\/uploads\/2019\/03\/Bo-sac-ac-quy-12v-24v-400ah-AJ-618F-ANJING.jpg\" alt=\"Bo Sac Ac Quy 12v 24v 400ah AJ 618F ANJING\" width=\"750\" height=\"750\" srcset=\"https:\/\/maybommini.vn\/wp-content\/uploads\/2019\/03\/Bo-sac-ac-quy-12v-24v-400ah-AJ-618F-ANJING.jpg 750w, https:\/\/maybommini.vn\/wp-content\/uploads\/2019\/03\/Bo-sac-ac-quy-12v-24v-400ah-AJ-618F-ANJING-300x300.jpg 300w, https:\/\/maybommini.vn\/wp-content\/uploads\/2019\/03\/Bo-sac-ac-quy-12v-24v-400ah-AJ-618F-ANJING-150x150.jpg 150w, https:\/\/maybommini.vn\/wp-content\/uploads\/2019\/03\/Bo-sac-ac-quy-12v-24v-400ah-AJ-618F-ANJING-600x600.jpg 600w\" sizes=\"(max-width: 750px) 100vw, 750px\" \/><\/a><\/p>\n<p><strong>TH\u00d4NG S\u1ed0 K\u1ef8 THU\u1eacT<br \/>\n<\/strong>Th\u01b0\u01a1ng hi\u1ec7u: ANJING<strong><br \/>\n<\/strong>Model:\u00a0AJ-618F<br \/>\n\u0110i\u1ec7n th\u1ebf v\u00e0o: 220V -240V ~ 50 \/ 60Hz<br \/>\nC\u00f4ng su\u1ea5t: 260W<br \/>\n\u0110\u1ec7n th\u1ebf s\u1ea1c: 12V &#8211; 24V<br \/>\nS\u1ea1c\u00a0\u1eafc\u00a0quy: 6AH &#8211; 400AH<br \/>\nM\u00e0n h\u00ecnh th\u00f4ng s\u1ed1.<br \/>\nT\u1ef1\u00a0\u0111\u1ed9ng ng\u1eaft s\u1ea1c\u00a0\u0111\u1ea7y.<br \/>\nT\u1ef1\u00a0\u0111\u1ed9ng b\u1ea3o v\u1ec7 khi sai c\u1ef1c.<br \/>\nB\u00e1o\u00a0\u0111\u1ed9ng khi ch\u1ea1m m\u1ea1ch.<br \/>\nB\u00e1o dung l\u01b0\u1ee3ng.<br \/>\nN\u00fat ch\u00ecnh d\u00f2ng s\u1ea1c.<br \/>\nQu\u1ea1t t\u1ea3n nhi\u1ec7t.<br \/>\nK\u00edch th\u01b0\u1edbc: 180 * 145 * 70mm<br \/>\nChi\u1ec1u d\u00e0i d\u00e2y ngu\u1ed3n: 60CM<br \/>\nTr\u1ecdng l\u01b0\u1ee3ng: 900g.<\/p>\n<p><a href=\"https:\/\/maybommini.com\/wp-content\/uploads\/2019\/03\/chuyen-ban-cac-loai-sac-binh-ac-quy-oto-xe-may-12v-24v-chinh-hang.jpg\" target=\"_blank\" rel=\"noopener\"><img decoding=\"async\" class=\"size-full wp-image-261595 aligncenter\" src=\"https:\/\/maybommini.com\/wp-content\/uploads\/2019\/03\/chuyen-ban-cac-loai-sac-binh-ac-quy-oto-xe-may-12v-24v-chinh-hang.jpg\" alt=\"Chuyen Ban Cac Loai Sac Binh Ac Quy Oto Xe May 12v 24v Chinh Hang\" width=\"750\" height=\"750\" srcset=\"https:\/\/maybommini.vn\/wp-content\/uploads\/2019\/03\/chuyen-ban-cac-loai-sac-binh-ac-quy-oto-xe-may-12v-24v-chinh-hang.jpg 750w, https:\/\/maybommini.vn\/wp-content\/uploads\/2019\/03\/chuyen-ban-cac-loai-sac-binh-ac-quy-oto-xe-may-12v-24v-chinh-hang-300x300.jpg 300w, https:\/\/maybommini.vn\/wp-content\/uploads\/2019\/03\/chuyen-ban-cac-loai-sac-binh-ac-quy-oto-xe-may-12v-24v-chinh-hang-150x150.jpg 150w, https:\/\/maybommini.vn\/wp-content\/uploads\/2019\/03\/chuyen-ban-cac-loai-sac-binh-ac-quy-oto-xe-may-12v-24v-chinh-hang-600x600.jpg 600w\" sizes=\"(max-width: 750px) 100vw, 750px\" \/><\/a> <a href=\"https:\/\/maybommini.com\/wp-content\/uploads\/2019\/03\/kich-thuoc-bo-sac-binh-ac-quy-12v-24v-ANJING.jpg\" target=\"_blank\" rel=\"noopener\"><img decoding=\"async\" class=\"size-full wp-image-261596 aligncenter\" src=\"https:\/\/maybommini.com\/wp-content\/uploads\/2019\/03\/kich-thuoc-bo-sac-binh-ac-quy-12v-24v-ANJING.jpg\" alt=\"Kich Thuoc Bo Sac Binh Ac Quy 12v 24v ANJING\" width=\"750\" height=\"750\" srcset=\"https:\/\/maybommini.vn\/wp-content\/uploads\/2019\/03\/kich-thuoc-bo-sac-binh-ac-quy-12v-24v-ANJING.jpg 750w, https:\/\/maybommini.vn\/wp-content\/uploads\/2019\/03\/kich-thuoc-bo-sac-binh-ac-quy-12v-24v-ANJING-300x300.jpg 300w, https:\/\/maybommini.vn\/wp-content\/uploads\/2019\/03\/kich-thuoc-bo-sac-binh-ac-quy-12v-24v-ANJING-150x150.jpg 150w, https:\/\/maybommini.vn\/wp-content\/uploads\/2019\/03\/kich-thuoc-bo-sac-binh-ac-quy-12v-24v-ANJING-600x600.jpg 600w\" sizes=\"(max-width: 750px) 100vw, 750px\" \/><\/a> <a href=\"https:\/\/maybommini.com\/wp-content\/uploads\/2019\/03\/man-hinh-dieu-khien-sac-ac-quy-12v-24v.jpg\" target=\"_blank\" rel=\"noopener\"><img decoding=\"async\" class=\"size-full wp-image-261597 aligncenter\" src=\"https:\/\/maybommini.com\/wp-content\/uploads\/2019\/03\/man-hinh-dieu-khien-sac-ac-quy-12v-24v.jpg\" alt=\"Man Hinh Dieu Khien Sac Ac Quy 12v 24v\" width=\"750\" height=\"750\" srcset=\"https:\/\/maybommini.vn\/wp-content\/uploads\/2019\/03\/man-hinh-dieu-khien-sac-ac-quy-12v-24v.jpg 750w, https:\/\/maybommini.vn\/wp-content\/uploads\/2019\/03\/man-hinh-dieu-khien-sac-ac-quy-12v-24v-300x300.jpg 300w, https:\/\/maybommini.vn\/wp-content\/uploads\/2019\/03\/man-hinh-dieu-khien-sac-ac-quy-12v-24v-150x150.jpg 150w, https:\/\/maybommini.vn\/wp-content\/uploads\/2019\/03\/man-hinh-dieu-khien-sac-ac-quy-12v-24v-600x600.jpg 600w\" sizes=\"(max-width: 750px) 100vw, 750px\" \/><\/a> <a href=\"https:\/\/maybommini.com\/wp-content\/uploads\/2019\/03\/sac-binh-ac-quy-o-to-xe-may-12v-24v-AJ-618F.jpg\" target=\"_blank\" rel=\"noopener\"><img decoding=\"async\" class=\"size-full wp-image-261599 aligncenter\" src=\"https:\/\/maybommini.com\/wp-content\/uploads\/2019\/03\/sac-binh-ac-quy-o-to-xe-may-12v-24v-AJ-618F.jpg\" alt=\"Sac Binh Ac Quy O To Xe May 12v 24v AJ 618F\" width=\"750\" height=\"750\" srcset=\"https:\/\/maybommini.vn\/wp-content\/uploads\/2019\/03\/sac-binh-ac-quy-o-to-xe-may-12v-24v-AJ-618F.jpg 750w, https:\/\/maybommini.vn\/wp-content\/uploads\/2019\/03\/sac-binh-ac-quy-o-to-xe-may-12v-24v-AJ-618F-300x300.jpg 300w, https:\/\/maybommini.vn\/wp-content\/uploads\/2019\/03\/sac-binh-ac-quy-o-to-xe-may-12v-24v-AJ-618F-150x150.jpg 150w, https:\/\/maybommini.vn\/wp-content\/uploads\/2019\/03\/sac-binh-ac-quy-o-to-xe-may-12v-24v-AJ-618F-600x600.jpg 600w\" sizes=\"(max-width: 750px) 100vw, 750px\" \/><\/a> <a href=\"https:\/\/maybommini.com\/wp-content\/uploads\/2019\/03\/nut-dieu-chinh-dong-sac-ac-quy-12v-24v.jpg\" target=\"_blank\" rel=\"noopener\"><img decoding=\"async\" class=\"size-full wp-image-261598 aligncenter\" src=\"https:\/\/maybommini.com\/wp-content\/uploads\/2019\/03\/nut-dieu-chinh-dong-sac-ac-quy-12v-24v.jpg\" alt=\"Nut Dieu Chinh Dong Sac Ac Quy 12v 24v\" width=\"750\" height=\"750\" srcset=\"https:\/\/maybommini.vn\/wp-content\/uploads\/2019\/03\/nut-dieu-chinh-dong-sac-ac-quy-12v-24v.jpg 750w, https:\/\/maybommini.vn\/wp-content\/uploads\/2019\/03\/nut-dieu-chinh-dong-sac-ac-quy-12v-24v-300x300.jpg 300w, https:\/\/maybommini.vn\/wp-content\/uploads\/2019\/03\/nut-dieu-chinh-dong-sac-ac-quy-12v-24v-150x150.jpg 150w, https:\/\/maybommini.vn\/wp-content\/uploads\/2019\/03\/nut-dieu-chinh-dong-sac-ac-quy-12v-24v-600x600.jpg 600w\" sizes=\"(max-width: 750px) 100vw, 750px\" \/><\/a> <a href=\"https:\/\/maybommini.com\/wp-content\/uploads\/2019\/03\/tan-nhiet-co-quat-cua-bo-ac-binh-ac-quy-12v-24v.jpg\" target=\"_blank\" rel=\"noopener\"><img decoding=\"async\" class=\"size-full wp-image-261600 aligncenter\" src=\"https:\/\/maybommini.com\/wp-content\/uploads\/2019\/03\/tan-nhiet-co-quat-cua-bo-ac-binh-ac-quy-12v-24v.jpg\" alt=\"Tan Nhiet Co Quat Cua Bo Ac Binh Ac Quy 12v 24v\" width=\"750\" height=\"750\" srcset=\"https:\/\/maybommini.vn\/wp-content\/uploads\/2019\/03\/tan-nhiet-co-quat-cua-bo-ac-binh-ac-quy-12v-24v.jpg 750w, https:\/\/maybommini.vn\/wp-content\/uploads\/2019\/03\/tan-nhiet-co-quat-cua-bo-ac-binh-ac-quy-12v-24v-300x300.jpg 300w, https:\/\/maybommini.vn\/wp-content\/uploads\/2019\/03\/tan-nhiet-co-quat-cua-bo-ac-binh-ac-quy-12v-24v-150x150.jpg 150w, https:\/\/maybommini.vn\/wp-content\/uploads\/2019\/03\/tan-nhiet-co-quat-cua-bo-ac-binh-ac-quy-12v-24v-600x600.jpg 600w\" sizes=\"(max-width: 750px) 100vw, 750px\" \/><\/a><\/p>\n<p><strong>\u1ee8NG D\u1ee4NG S\u1ea0C \u1eaeC\u00a0QUY 12V 24V<\/strong><br \/>\n&#8211; D\u00f9ng\u00a0\u0111\u1ec3 s\u1ea1c c\u00e1c lo\u1ea1i b\u00ecnh\u00a0\u00e1c quy kh\u00f4 ho\u1eb7c\u00a0\u00e1c quy n\u01b0\u1edbc.<br \/>\n&#8211; D\u00f9ng s\u1ea1c c\u00e1c lo\u1ea1i thi\u1ebft b\u1ecb d\u00f9ng pin, \u1eaeC\u00a0quy,&#8230;<br \/>\n&#8211; S\u1ea1c xe\u00a0\u0111i\u1ec7n 12V 24V.<br \/>\n&#8211; S\u1ea1c thi\u1ebft b\u1ecb d\u00f9ng n\u0103ng l\u01b0\u1ee3ng Pin, \u1eafc quy 12v 24v.<br \/>\n&#8211; S\u1ea1c\u00a0\u1eafc quy xe\u00a0\u00f4t\u00f4, xe m\u00e1y, xe\u00a0\u0111\u1ea1p\u00a0\u0111i\u1ec7n,\u00a0\u1eafc quy can\u00f4, t\u00e0u thuy\u1ec1n.<br \/>\n&#8211; S\u1ea1c\u00a0\u1eafc quy h\u1ec7 th\u1ed1ng c\u1eeda cu\u1ed1n, h\u1ec7 th\u1ed1ng thang m\u00e1y, v\u00e0 nhi\u1ec1u thi\u1ebft b\u1ecb d\u00f9ng b\u00ecnh\u00a0\u1eafc quy kh\u00e1c.<br \/>\nV\u1edbi t\u00ednh n\u0103ng ho\u00e0n to\u00e0n t\u1ef1\u00a0\u0111\u1ed9ng B\u1ea1n c\u00f3 th\u1ec3 y\u00ean t\u00e2m s\u1ea1c b\u00ecnh\u00a0\u00e1c quy c\u1ee7a m\u00ecnh, n\u00e2ng cao ph\u1ee5c h\u1ed3i\u00a0tu\u1ed5i th\u1ecd b\u00ecnh\u00a0\u00e1c quy c\u1ee7.<\/p>\n<p><a href=\"https:\/\/maybommini.com\/wp-content\/uploads\/2019\/03\/sac-ac-quy-12v-24v-xe-dap-dien-xe-may-oto-xe-tai.jpg\" target=\"_blank\" rel=\"noopener\"><img decoding=\"async\" class=\"size-full wp-image-261589 aligncenter\" src=\"https:\/\/maybommini.com\/wp-content\/uploads\/2019\/03\/sac-ac-quy-12v-24v-xe-dap-dien-xe-may-oto-xe-tai.jpg\" alt=\"Sac Ac Quy 12v 24v Xe Dap Dien Xe May Oto Xe Tai\" width=\"750\" height=\"750\" srcset=\"https:\/\/maybommini.vn\/wp-content\/uploads\/2019\/03\/sac-ac-quy-12v-24v-xe-dap-dien-xe-may-oto-xe-tai.jpg 750w, https:\/\/maybommini.vn\/wp-content\/uploads\/2019\/03\/sac-ac-quy-12v-24v-xe-dap-dien-xe-may-oto-xe-tai-300x300.jpg 300w, https:\/\/maybommini.vn\/wp-content\/uploads\/2019\/03\/sac-ac-quy-12v-24v-xe-dap-dien-xe-may-oto-xe-tai-150x150.jpg 150w, https:\/\/maybommini.vn\/wp-content\/uploads\/2019\/03\/sac-ac-quy-12v-24v-xe-dap-dien-xe-may-oto-xe-tai-600x600.jpg 600w\" sizes=\"(max-width: 750px) 100vw, 750px\" \/><\/a><\/p>\n<p><strong>MUA S\u1ea0C B\u00ccNH\u00a0\u1eaeC\u00a0QUY 12V 24V \u1ede\u00a0\u0110\u00c2U ?<br \/>\nCh\u00fang t\u00f4i chuy\u00ean cung c\u1ea5p c\u00e1c thi\u1ebft b\u1ecb s\u1ea1c\u00a0\u1eafc quy, s\u1ea1c pin v\u00e0 adapter c\u00e1c lo\u1ea1i. cung c\u1ea5p c\u00e1c lo\u1ea1i\u00a0\u1eafc quy s\u1ec9 l\u1ebb s\u1ed1 l\u01b0\u1ee3ng l\u1edbn tr\u00ean to\u00e0n qu\u1ed1c gi\u00e1 t\u1ed1t b\u1ea3o h\u00e0nh ch\u00ednh h\u00e3ng.<br \/>\n<\/strong><strong>CTY TNHH TH\u01af\u01a0NG M\u1ea0I D\u1ecaCH V\u1ee4 \u0110I\u1ec6N M\u00c1Y TH\u00d4NG MINH<br \/>\nHotline : 090 729 4310<br \/>\nEmail : maybommini.com@gmail.com<br \/>\nWebsite : http:\/\/maybommini.com<br \/>\nFacebook : <a href=\"https:\/\/www.facebook.com\/maybommini\" target=\"_blank\" rel=\"noopener noreferrer\">https:\/\/www.facebook.com\/maybommini<\/a><br \/>\nGoogle : <a href=\"https:\/\/plus.google.com\/ Maybomnuocminiruaxe\" target=\"_blank\" rel=\"noopener noreferrer\">https:\/\/plus.google.com\/ Maybomnuocminiruaxe<\/a><br \/>\nYoutube demo : <a href=\"https:\/\/www.youtube.com\/bahamasali\" target=\"_blank\" rel=\"noopener noreferrer\">https:\/\/www.youtube.com\/bahamasali<\/a><br \/>\n<\/strong><\/p>\n<p>&nbsp;<\/p>\n<h3 style=\"text-align: center;\">S\u1ea1c b\u00ecnh \u1eafc quy 12V 24V 400AH AJ-618F<\/h3>\n","protected":false},"excerpt":{"rendered":"<p>Th\u01b0\u01a1ng hi\u1ec7u: ANJING<strong><br \/>\n<\/strong>Model:\u00a0AJ-618F<br \/>\n\u0110i\u1ec7n th\u1ebf v\u00e0o: 220V -240V ~ 50 \/ 60Hz<br \/>\nC\u00f4ng su\u1ea5t: 260W<br \/>\n\u0110\u1ec7n th\u1ebf s\u1ea1c: 12V &#8211; 24V<br \/>\nS\u1ea1c\u00a0\u1eafc\u00a0quy: 6AH &#8211; 400AH<br \/>\nM\u00e0n h\u00ecnh th\u00f4ng s\u1ed1.<br \/>\nT\u1ef1\u00a0\u0111\u1ed9ng ng\u1eaft s\u1ea1c\u00a0\u0111\u1ea7y.<br \/>\nT\u1ef1\u00a0\u0111\u1ed9ng b\u1ea3o v\u1ec7 khi sai c\u1ef1c.<br \/>\nB\u00e1o\u00a0\u0111\u1ed9ng khi ch\u1ea1m m\u1ea1ch.<br \/>\nB\u00e1o dung l\u01b0\u1ee3ng.<br \/>\nN\u00fat ch\u00ecnh d\u00f2ng s\u1ea1c.<br \/>\nQu\u1ea1t t\u1ea3n nhi\u1ec7t.<br \/>\nK\u00edch th\u01b0\u1edbc: 180 * 145 * 70mm<br \/>\nChi\u1ec1u d\u00e0i d\u00e2y ngu\u1ed3n: 60CM<br \/>\nTr\u1ecdng l\u01b0\u1ee3ng: 900g<br \/>\nB\u1ea3o h\u00e0nh: 6 th\u00e1ng<br \/>\nPh\u00e2n ph\u1ed1i:\u00a0<a href=\"https:\/\/maybomminimbm.vn\/\">M\u00e1y B\u01a1m Mini MBM<\/a><br \/>\nS\u1ea3n ph\u1ea9m cao c\u1ea5p<\/p>\n","protected":false},"featured_media":261593,"comment_status":"open","ping_status":"closed","template":"","meta":[],"product_brand":[2744],"product_cat":[214,257],"product_tag":[267,793,488,2746,2747,2274,2745,2273,2272,2270,2268,794,433,434,435,2271,2266,795,796,2267,797,798,799,2269],"class_list":{"0":"post-261582","1":"product","2":"type-product","3":"status-publish","4":"has-post-thumbnail","6":"product_brand-anjing","7":"product_cat-phu-kien-bom-nuoc","8":"product_cat-nguon-dien-adapter-sac-pin-binh","9":"product_tag-12v","10":"product_tag-12v-1-2a","11":"product_tag-24v","12":"product_tag-400ah","13":"product_tag-ac-quy-12v-400ah","14":"product_tag-aj-618c","15":"product_tag-aj-618f","16":"product_tag-anjing","17":"product_tag-bo-sac-ac-quy","18":"product_tag-phu-hoi-ac-quy","19":"product_tag-phu-hoi-ac-quy-cu","20":"product_tag-sa-ac-quy","21":"product_tag-sac","22":"product_tag-sac-12v","23":"product_tag-sac-ac-quy","24":"product_tag-sac-ac-quy-24v","25":"product_tag-sac-ac-quy-thong-minh","26":"product_tag-sac-binh","27":"product_tag-sac-binh-ac-quy","28":"product_tag-sac-binh-ac-quy-tu-dong","29":"product_tag-sac-thong-minh","30":"product_tag-sac-tu-dong","31":"product_tag-sac-tu-ngat","32":"product_tag-sua-ac-quy-cu","34":"first","35":"instock","36":"sale","37":"shipping-taxable","38":"purchasable","39":"product-type-simple"},"_links":{"self":[{"href":"https:\/\/maybommini.vn\/index.php?rest_route=\/wp\/v2\/product\/261582","targetHints":{"allow":["GET"]}}],"collection":[{"href":"https:\/\/maybommini.vn\/index.php?rest_route=\/wp\/v2\/product"}],"about":[{"href":"https:\/\/maybommini.vn\/index.php?rest_route=\/wp\/v2\/types\/product"}],"replies":[{"embeddable":true,"href":"https:\/\/maybommini.vn\/index.php?rest_route=%2Fwp%2Fv2%2Fcomments&post=261582"}],"wp:featuredmedia":[{"embeddable":true,"href":"https:\/\/maybommini.vn\/index.php?rest_route=\/wp\/v2\/media\/261593"}],"wp:attachment":[{"href":"https:\/\/maybommini.vn\/index.php?rest_route=%2Fwp%2Fv2%2Fmedia&parent=261582"}],"wp:term":[{"taxonomy":"product_brand","embeddable":true,"href":"https:\/\/maybommini.vn\/index.php?rest_route=%2Fwp%2Fv2%2Fproduct_brand&post=261582"},{"taxonomy":"product_cat","embeddable":true,"href":"https:\/\/maybommini.vn\/index.php?rest_route=%2Fwp%2Fv2%2Fproduct_cat&post=261582"},{"taxonomy":"product_tag","embeddable":true,"href":"https:\/\/maybommini.vn\/index.php?rest_route=%2Fwp%2Fv2%2Fproduct_tag&post=261582"}],"curies":[{"name":"wp","href":"https:\/\/api.w.org\/{rel}","templated":true}]}}