{"id":261699,"date":"2019-04-22T09:13:45","date_gmt":"2019-04-22T02:13:45","guid":{"rendered":"https:\/\/maybommini.com\/?post_type=product&#038;p=261699"},"modified":"2020-05-23T15:53:57","modified_gmt":"2020-05-23T08:53:57","slug":"may-bom-chim-nuoc-dau-nhot-12v-15l-maxpumps-gold","status":"publish","type":"product","link":"https:\/\/maybommini.vn\/?product=may-bom-chim-nuoc-dau-nhot-12v-15l-maxpumps-gold","title":{"rendered":"M\u00e1y b\u01a1m ch\u00ecm n\u01b0\u1edbc d\u1ea7u nh\u1edbt 12V 15L MAXPUMPS &#8211; Gold"},"content":{"rendered":"<p><em><strong>Chuy\u00ean cung c\u1ea5p s\u1ec9 v\u00e0 l\u1ebb c\u00e1c lo\u1ea1i m\u00e1y b\u01a1m ch\u00ecm n\u01b0\u1edbc d\u1ea7u nh\u1edbt 12V 15L MAXPUMPS &#8211; gold cao c\u1ea5p. V\u1edbi nhu c\u1ea7u\u00a0b\u01a1m nhi\u00ean li\u1ec7u nh\u01b0 d\u1ea7u DO Diesel t\u1eeb c\u00e1c can ch\u1ee9a th\u00f9ng phuy ra ngo\u00e0i ho\u1eb7c v\u00e0o xe \u00f4 t\u00f4 th\u00ec\u00a0\u0111\u00e2y l\u00e0 l\u1ef1a ch\u1ecdn ph\u00f9 h\u1ee3p.<\/strong><\/em><\/p>\n<p><a href=\"https:\/\/maybommini.com\/wp-content\/uploads\/2019\/04\/May-bom-dau-nhot-12V-15L-DO-GOLD-1.jpg\" target=\"_blank\" rel=\"noopener\"><img decoding=\"async\" class=\"size-full wp-image-261707 aligncenter\" src=\"https:\/\/maybommini.com\/wp-content\/uploads\/2019\/04\/May-bom-dau-nhot-12V-15L-DO-GOLD-1.jpg\" alt=\"May Bom Dau Nhot 12V 15L DO GOLD\" width=\"750\" height=\"750\" srcset=\"https:\/\/maybommini.vn\/wp-content\/uploads\/2019\/04\/May-bom-dau-nhot-12V-15L-DO-GOLD-1.jpg 750w, https:\/\/maybommini.vn\/wp-content\/uploads\/2019\/04\/May-bom-dau-nhot-12V-15L-DO-GOLD-1-300x300.jpg 300w, https:\/\/maybommini.vn\/wp-content\/uploads\/2019\/04\/May-bom-dau-nhot-12V-15L-DO-GOLD-1-150x150.jpg 150w, https:\/\/maybommini.vn\/wp-content\/uploads\/2019\/04\/May-bom-dau-nhot-12V-15L-DO-GOLD-1-600x600.jpg 600w\" sizes=\"(max-width: 750px) 100vw, 750px\" \/><\/a><\/p>\n<p><strong>TH\u00d4NG S\u1ed0 K\u1ef8 THU\u1eacT<br \/>\n<\/strong>Th\u01b0\u01a1ng hi\u1ec7u: MAXPUMPS<br \/>\nModel:\u00a0DO-12V-15L-GOLD<br \/>\n\u0110i\u1ec7n th\u1ebf: 12V DC<br \/>\nC\u00f4ng su\u1ea5t: 18W<br \/>\nL\u01b0u l\u01b0\u1ee3ng: 15 L\/P<br \/>\nK\u1eb9p \u1eafc quy: C\u00f3<br \/>\nCh\u1ea5t li\u1ec7u: Kim lo\u1ea1i &#8211; Nh\u1ef1a.<br \/>\nMotor l\u00f5i \u0111\u1ed3ng cao c\u1ea5p.<br \/>\nB\u01a1m cao:\u00a0 1- 2 M\u00e9t<br \/>\n\u0110\u01b0\u1eddng k\u00ednh: 39 mm<br \/>\nChi\u1ec1u cao: 140 mm<br \/>\n\u1ed0ng ra: 14 mm<br \/>\nD\u00e2y ngu\u1ed3n: 1.5m<br \/>\nTr\u1ecdng l\u01b0\u1ee3ng: 270 Gam.<\/p>\n<p>&nbsp;<\/p>\n<p><a href=\"https:\/\/maybommini.com\/wp-content\/uploads\/2019\/04\/Submersible-Pump-For-Pumping-Diesel-Oil-Water.jpg\" target=\"_blank\" rel=\"noopener\"><img decoding=\"async\" class=\"size-full wp-image-261706 aligncenter\" src=\"https:\/\/maybommini.com\/wp-content\/uploads\/2019\/04\/Submersible-Pump-For-Pumping-Diesel-Oil-Water.jpg\" alt=\"Submersible Pump For Pumping Diesel Oil Water\" width=\"750\" height=\"750\" srcset=\"https:\/\/maybommini.vn\/wp-content\/uploads\/2019\/04\/Submersible-Pump-For-Pumping-Diesel-Oil-Water.jpg 750w, https:\/\/maybommini.vn\/wp-content\/uploads\/2019\/04\/Submersible-Pump-For-Pumping-Diesel-Oil-Water-300x300.jpg 300w, https:\/\/maybommini.vn\/wp-content\/uploads\/2019\/04\/Submersible-Pump-For-Pumping-Diesel-Oil-Water-150x150.jpg 150w, https:\/\/maybommini.vn\/wp-content\/uploads\/2019\/04\/Submersible-Pump-For-Pumping-Diesel-Oil-Water-600x600.jpg 600w\" sizes=\"(max-width: 750px) 100vw, 750px\" \/><\/a> <a href=\"https:\/\/maybommini.com\/wp-content\/uploads\/2019\/04\/Pumping-Diesel-Oil-Water-12V-24V-DC.jpg\" target=\"_blank\" rel=\"noopener\"><img decoding=\"async\" class=\"size-full wp-image-261705 aligncenter\" src=\"https:\/\/maybommini.com\/wp-content\/uploads\/2019\/04\/Pumping-Diesel-Oil-Water-12V-24V-DC.jpg\" alt=\"Pumping Diesel Oil Water 12V 24V DC\" width=\"750\" height=\"750\" srcset=\"https:\/\/maybommini.vn\/wp-content\/uploads\/2019\/04\/Pumping-Diesel-Oil-Water-12V-24V-DC.jpg 750w, https:\/\/maybommini.vn\/wp-content\/uploads\/2019\/04\/Pumping-Diesel-Oil-Water-12V-24V-DC-300x300.jpg 300w, https:\/\/maybommini.vn\/wp-content\/uploads\/2019\/04\/Pumping-Diesel-Oil-Water-12V-24V-DC-150x150.jpg 150w, https:\/\/maybommini.vn\/wp-content\/uploads\/2019\/04\/Pumping-Diesel-Oil-Water-12V-24V-DC-600x600.jpg 600w\" sizes=\"(max-width: 750px) 100vw, 750px\" \/><\/a> <a href=\"https:\/\/maybommini.com\/wp-content\/uploads\/2019\/04\/may-bom-dau-nhot-chim-gold-chinh-hang.jpg\" target=\"_blank\" rel=\"noopener\"><img decoding=\"async\" class=\"size-full wp-image-261704 aligncenter\" src=\"https:\/\/maybommini.com\/wp-content\/uploads\/2019\/04\/may-bom-dau-nhot-chim-gold-chinh-hang.jpg\" alt=\"May Bom Dau Nhot Chim Gold Chinh Hang\" width=\"750\" height=\"750\" srcset=\"https:\/\/maybommini.vn\/wp-content\/uploads\/2019\/04\/may-bom-dau-nhot-chim-gold-chinh-hang.jpg 750w, https:\/\/maybommini.vn\/wp-content\/uploads\/2019\/04\/may-bom-dau-nhot-chim-gold-chinh-hang-300x300.jpg 300w, https:\/\/maybommini.vn\/wp-content\/uploads\/2019\/04\/may-bom-dau-nhot-chim-gold-chinh-hang-150x150.jpg 150w, https:\/\/maybommini.vn\/wp-content\/uploads\/2019\/04\/may-bom-dau-nhot-chim-gold-chinh-hang-600x600.jpg 600w\" sizes=\"(max-width: 750px) 100vw, 750px\" \/><\/a> <a href=\"https:\/\/maybommini.com\/wp-content\/uploads\/2019\/04\/luoi-loc-may-bom-dau-nhot-DO-12v-24v-gold.jpg\" target=\"_blank\" rel=\"noopener\"><img decoding=\"async\" class=\"size-full wp-image-261701 aligncenter\" src=\"https:\/\/maybommini.com\/wp-content\/uploads\/2019\/04\/luoi-loc-may-bom-dau-nhot-DO-12v-24v-gold.jpg\" alt=\"Luoi Loc May Bom Dau Nhot DO 12v 24v Gold\" width=\"750\" height=\"750\" srcset=\"https:\/\/maybommini.vn\/wp-content\/uploads\/2019\/04\/luoi-loc-may-bom-dau-nhot-DO-12v-24v-gold.jpg 750w, https:\/\/maybommini.vn\/wp-content\/uploads\/2019\/04\/luoi-loc-may-bom-dau-nhot-DO-12v-24v-gold-300x300.jpg 300w, https:\/\/maybommini.vn\/wp-content\/uploads\/2019\/04\/luoi-loc-may-bom-dau-nhot-DO-12v-24v-gold-150x150.jpg 150w, https:\/\/maybommini.vn\/wp-content\/uploads\/2019\/04\/luoi-loc-may-bom-dau-nhot-DO-12v-24v-gold-600x600.jpg 600w\" sizes=\"(max-width: 750px) 100vw, 750px\" \/><\/a> <a href=\"https:\/\/maybommini.com\/wp-content\/uploads\/2019\/04\/kep-binh-may-bom-DO-12V-24V-gold.jpg\" target=\"_blank\" rel=\"noopener\"><img decoding=\"async\" class=\"size-full wp-image-261700 aligncenter\" src=\"https:\/\/maybommini.com\/wp-content\/uploads\/2019\/04\/kep-binh-may-bom-DO-12V-24V-gold.jpg\" alt=\"Kep Binh May Bom DO 12V 24V Gold\" width=\"750\" height=\"750\" srcset=\"https:\/\/maybommini.vn\/wp-content\/uploads\/2019\/04\/kep-binh-may-bom-DO-12V-24V-gold.jpg 750w, https:\/\/maybommini.vn\/wp-content\/uploads\/2019\/04\/kep-binh-may-bom-DO-12V-24V-gold-300x300.jpg 300w, https:\/\/maybommini.vn\/wp-content\/uploads\/2019\/04\/kep-binh-may-bom-DO-12V-24V-gold-150x150.jpg 150w, https:\/\/maybommini.vn\/wp-content\/uploads\/2019\/04\/kep-binh-may-bom-DO-12V-24V-gold-600x600.jpg 600w\" sizes=\"(max-width: 750px) 100vw, 750px\" \/><\/a><\/p>\n<p><strong>S\u1eec D\u1ee4NG M\u00c1Y B\u01a0M CH\u00ccM DO 12V 24V<\/strong><br \/>\n&#8211; Kh\u00f4ng d\u00f9ng b\u01a1m x\u0103ng v\u00e0 c\u00e1c ch\u1ea5t d\u1ec3 ch\u00e1y kh\u00e1c.<br \/>\n&#8211; D\u00f9ng b\u01a1m d\u1ea7u DO Diesel, B\u01a1m nh\u1edbt, b\u01a1m n\u01b0\u1edbc &#8230;.<br \/>\n&#8211; D\u00f9ng b\u01a1m d\u1ea7u trong th\u00f9ng phuy ra ngo\u00e0i.<br \/>\n&#8211; D\u00f9ng b\u01a1m c\u1ea5p nhi\u00ean li\u1ec7u cho m\u00e1y m\u00f3c\u00a0\u0111\u1ed9ng c\u01a1.<br \/>\n&#8211; Dung b\u01a1m d\u1ea7u\u00a0DO Diesel cho xe t\u1ea3i, xe oto &#8230;<br \/>\n&#8211; D\u00f9ng b\u01a1m n\u01b0\u1edbc v\u00e0 ch\u1ea5t l\u1ecfng kh\u00e1c t\u01b0\u01a1ng t\u1ef1.<br \/>\n&#8211; S\u1eed d\u1ee5ng r\u1ed9ng r\u00e3i trong nhi\u1ec1u l\u0129nh v\u1ef1c kh\u00e1c.<\/p>\n<p><a href=\"https:\/\/maybommini.com\/wp-content\/uploads\/2019\/03\/may-bom-nuoc-dau-nhot-dung-binh-ac-quy-12v-24v.jpg\" target=\"_blank\" rel=\"noopener\"><img decoding=\"async\" class=\"size-full wp-image-261633 aligncenter\" src=\"https:\/\/maybommini.com\/wp-content\/uploads\/2019\/03\/may-bom-nuoc-dau-nhot-dung-binh-ac-quy-12v-24v.jpg\" alt=\"May Bom Nuoc Dau Nhot Dung Binh Ac Quy 12v 24v\" width=\"750\" height=\"750\" srcset=\"https:\/\/maybommini.vn\/wp-content\/uploads\/2019\/03\/may-bom-nuoc-dau-nhot-dung-binh-ac-quy-12v-24v.jpg 750w, https:\/\/maybommini.vn\/wp-content\/uploads\/2019\/03\/may-bom-nuoc-dau-nhot-dung-binh-ac-quy-12v-24v-300x300.jpg 300w, https:\/\/maybommini.vn\/wp-content\/uploads\/2019\/03\/may-bom-nuoc-dau-nhot-dung-binh-ac-quy-12v-24v-150x150.jpg 150w, https:\/\/maybommini.vn\/wp-content\/uploads\/2019\/03\/may-bom-nuoc-dau-nhot-dung-binh-ac-quy-12v-24v-600x600.jpg 600w\" sizes=\"(max-width: 750px) 100vw, 750px\" \/><\/a> <a href=\"https:\/\/maybommini.com\/wp-content\/uploads\/2019\/03\/nha-cung-cap-cac-loai-may-bom-xang-dau-nhot.jpg\" target=\"_blank\" rel=\"noopener\"><img decoding=\"async\" class=\"size-full wp-image-261634 aligncenter\" src=\"https:\/\/maybommini.com\/wp-content\/uploads\/2019\/03\/nha-cung-cap-cac-loai-may-bom-xang-dau-nhot.jpg\" alt=\"Nha Cung Cap Cac Loai May Bom Xang Dau Nhot\" width=\"750\" height=\"750\" srcset=\"https:\/\/maybommini.vn\/wp-content\/uploads\/2019\/03\/nha-cung-cap-cac-loai-may-bom-xang-dau-nhot.jpg 750w, https:\/\/maybommini.vn\/wp-content\/uploads\/2019\/03\/nha-cung-cap-cac-loai-may-bom-xang-dau-nhot-300x300.jpg 300w, https:\/\/maybommini.vn\/wp-content\/uploads\/2019\/03\/nha-cung-cap-cac-loai-may-bom-xang-dau-nhot-150x150.jpg 150w, https:\/\/maybommini.vn\/wp-content\/uploads\/2019\/03\/nha-cung-cap-cac-loai-may-bom-xang-dau-nhot-600x600.jpg 600w\" sizes=\"(max-width: 750px) 100vw, 750px\" \/><\/a> <a href=\"https:\/\/maybommini.com\/wp-content\/uploads\/2019\/03\/thiet-ke-may-bom-dau-nhot-DO-12V-24V.jpg\" target=\"_blank\" rel=\"noopener\"><img decoding=\"async\" class=\"size-full wp-image-261636 aligncenter\" src=\"https:\/\/maybommini.com\/wp-content\/uploads\/2019\/03\/thiet-ke-may-bom-dau-nhot-DO-12V-24V.jpg\" alt=\"Thiet Ke May Bom Dau Nhot DO 12V 24V\" width=\"750\" height=\"750\" srcset=\"https:\/\/maybommini.vn\/wp-content\/uploads\/2019\/03\/thiet-ke-may-bom-dau-nhot-DO-12V-24V.jpg 750w, https:\/\/maybommini.vn\/wp-content\/uploads\/2019\/03\/thiet-ke-may-bom-dau-nhot-DO-12V-24V-300x300.jpg 300w, https:\/\/maybommini.vn\/wp-content\/uploads\/2019\/03\/thiet-ke-may-bom-dau-nhot-DO-12V-24V-150x150.jpg 150w, https:\/\/maybommini.vn\/wp-content\/uploads\/2019\/03\/thiet-ke-may-bom-dau-nhot-DO-12V-24V-600x600.jpg 600w\" sizes=\"(max-width: 750px) 100vw, 750px\" \/><\/a> <a href=\"https:\/\/maybommini.com\/wp-content\/uploads\/2019\/03\/su-dung-may-bom-nuoc-dau-nhot-DO.jpg\" target=\"_blank\" rel=\"noopener\"><img decoding=\"async\" class=\"size-full wp-image-261635 aligncenter\" src=\"https:\/\/maybommini.com\/wp-content\/uploads\/2019\/03\/su-dung-may-bom-nuoc-dau-nhot-DO.jpg\" alt=\"Su Dung May Bom Nuoc Dau Nhot DO\" width=\"750\" height=\"750\" srcset=\"https:\/\/maybommini.vn\/wp-content\/uploads\/2019\/03\/su-dung-may-bom-nuoc-dau-nhot-DO.jpg 750w, https:\/\/maybommini.vn\/wp-content\/uploads\/2019\/03\/su-dung-may-bom-nuoc-dau-nhot-DO-300x300.jpg 300w, https:\/\/maybommini.vn\/wp-content\/uploads\/2019\/03\/su-dung-may-bom-nuoc-dau-nhot-DO-150x150.jpg 150w, https:\/\/maybommini.vn\/wp-content\/uploads\/2019\/03\/su-dung-may-bom-nuoc-dau-nhot-DO-600x600.jpg 600w\" sizes=\"(max-width: 750px) 100vw, 750px\" \/><\/a><\/p>\n<p><strong>MUA M\u00c1Y B\u01a0M D\u1ea6U NH\u1edaT M\u00c1Y B\u01a0M CH\u00ccM DO 12V 24V<\/strong><br \/>\n<a href=\"https:\/\/maybommini.com\" target=\"_blank\" rel=\"noopener noreferrer\">M\u00e1y B\u01a1m Mini<\/a> lu\u00f4n l\u00e0 nh\u00e0 cung c\u1ea5p h\u00e0ng\u00a0\u0111\u1ea7u v\u1ec1 c\u00e1c lo\u1ea1i m\u00e1y\u00a0nhi\u00ean li\u1ec7u <a href=\"https:\/\/maybommini.com\/danh-muc\/may-bom-xang-dau-nhot\" target=\"_blank\" rel=\"noopener noreferrer\">m\u00e1y b\u01a1m x\u0103ng d\u1ea7u nh\u1edbt<\/a> cho nhi\u1ec1u\u00a0\u0111\u1ed1i t\u00e1c kh\u00e1c h\u00e0ng tr\u00ean to\u00e0n qu\u1ed1c. S\u1ea3n ph\u1ea9m ch\u00ednh h\u00e3ng\u00a0\u0111\u01b0\u1ee3c b\u1ea3o h\u00e0nh\u00a0\u01b0u\u00a0\u0111\u00e3i l\u00e2u d\u00e0i v\u00e0 gi\u00e1 t\u1ed1t nh\u1ea5t.<br \/>\n<strong>Tel:<\/strong> 02873030399 &#8211; 0907294310<br \/>\n<strong>Website:<\/strong>\u00a0<a href=\"https:\/\/maybommini.com\" target=\"_blank\" rel=\"noopener noreferrer\">https:\/\/maybommini.com<\/a><br \/>\n<strong>Email:<\/strong> maybommini.com@gmail.com<br \/>\n<strong>Facebook:<\/strong>\u00a0<a href=\"https:\/\/www.facebook.com\/maybommini\/\" target=\"_blank\" rel=\"noopener noreferrer\">https:\/\/www.facebook.com\/maybommini\/\u00a0<\/a><\/p>\n<p>&nbsp;<\/p>\n<h3 style=\"text-align: center;\"><em><strong>M\u00e1y b\u01a1m ch\u00ecm n\u01b0\u1edbc d\u1ea7u nh\u1edbt 12V 15L MAXPUMPS &#8211; gold<\/strong><\/em><\/h3>\n","protected":false},"excerpt":{"rendered":"<p>Th\u01b0\u01a1ng hi\u1ec7u: MAXPUMPS<br \/>\nModel:\u00a0DO-12V-15L-GOLD<br \/>\n\u0110i\u1ec7n th\u1ebf: 12V DC<br \/>\nC\u00f4ng su\u1ea5t: 18W<br \/>\nL\u01b0u l\u01b0\u1ee3ng: 15 L\/P<br \/>\nK\u1eb9p \u1eafc quy: C\u00f3<br \/>\nCh\u1ea5t li\u1ec7u: Kim lo\u1ea1i &#8211; Nh\u1ef1a.<br \/>\nMotor l\u00f5i \u0111\u1ed3ng cao c\u1ea5p.<br \/>\nB\u01a1m cao:\u00a0 1- 2 M\u00e9t<br \/>\n\u0110\u01b0\u1eddng k\u00ednh: 39 mm<br \/>\nChi\u1ec1u cao: 140 mm<br \/>\n\u1ed0ng ra: 14 mm<br \/>\nD\u00e2y ngu\u1ed3n: 1.5m<br \/>\nTr\u1ecdng l\u01b0\u1ee3ng: 270 Gam.<br \/>\nB\u1ea3o h\u00e0nh: 3 th\u00e1ng<br \/>\nPh\u00e2n ph\u1ed1i:\u00a0<a href=\"https:\/\/maybomminimbm.vn\/\">M\u00e1y B\u01a1m Mini MBM<\/a><br \/>\nS\u1ea3n ph\u1ea9m cao c\u1ea5p<br \/>\nKh\u1eb3ng \u0111\u1ecbnh \u0111\u1ed9 an to\u00e0n, ch\u1ea5t l\u01b0\u1ee3ng s\u1ea3n ph\u1ea9m v\u1edbi ng\u01b0\u1eddi ti\u00eau d\u00f9ng.<br \/>\n<strong>H\u00f4\u0309 tr\u01a1\u0323 ky\u0303 thu\u00e2\u0323t vi\u0303nh vi\u00ea\u0303n.<\/strong><br \/>\n<strong>T\u01af V\u1ea4N K\u1ef8 THU\u1eacT \u2013 MUA H\u00c0NG<br \/>\n0908997823 \u2013 0908997872<br \/>\n0907294310 \u2013 02873030399<\/strong><\/p>\n","protected":false},"featured_media":261707,"comment_status":"open","ping_status":"closed","template":"","meta":[],"product_brand":[60],"product_cat":[1115,381,382,383],"product_tag":[1237,267,2753,488,1232,2078,1207,206,389,2755,523,1238,1233,1158,1239,1240],"class_list":{"0":"post-261699","1":"product","2":"type-product","3":"status-publish","4":"has-post-thumbnail","6":"product_brand-maxpumps","7":"product_cat-may-bom-xang-dau-nhot-12v","8":"product_cat-may-bom-chim","9":"product_cat-may-bom-chim-12v","10":"product_cat-may-bom-xang-dau-nhot","11":"product_tag-12l","12":"product_tag-12v","13":"product_tag-12v-15l","14":"product_tag-24v","15":"product_tag-do","16":"product_tag-gold","17":"product_tag-inox","18":"product_tag-may-bom-12v","19":"product_tag-may-bom-chim","20":"product_tag-may-bom-chim-nuoc-dau-nhot","21":"product_tag-may-bom-dau","22":"product_tag-may-bom-dau-nhot","23":"product_tag-may-bom-diesel","24":"product_tag-may-bom-do","25":"product_tag-may-bom-do-diesel","26":"product_tag-may-bom-thung-phuy","28":"first","29":"instock","30":"shipping-taxable","31":"product-type-simple"},"_links":{"self":[{"href":"https:\/\/maybommini.vn\/index.php?rest_route=\/wp\/v2\/product\/261699","targetHints":{"allow":["GET"]}}],"collection":[{"href":"https:\/\/maybommini.vn\/index.php?rest_route=\/wp\/v2\/product"}],"about":[{"href":"https:\/\/maybommini.vn\/index.php?rest_route=\/wp\/v2\/types\/product"}],"replies":[{"embeddable":true,"href":"https:\/\/maybommini.vn\/index.php?rest_route=%2Fwp%2Fv2%2Fcomments&post=261699"}],"wp:featuredmedia":[{"embeddable":true,"href":"https:\/\/maybommini.vn\/index.php?rest_route=\/wp\/v2\/media\/261707"}],"wp:attachment":[{"href":"https:\/\/maybommini.vn\/index.php?rest_route=%2Fwp%2Fv2%2Fmedia&parent=261699"}],"wp:term":[{"taxonomy":"product_brand","embeddable":true,"href":"https:\/\/maybommini.vn\/index.php?rest_route=%2Fwp%2Fv2%2Fproduct_brand&post=261699"},{"taxonomy":"product_cat","embeddable":true,"href":"https:\/\/maybommini.vn\/index.php?rest_route=%2Fwp%2Fv2%2Fproduct_cat&post=261699"},{"taxonomy":"product_tag","embeddable":true,"href":"https:\/\/maybommini.vn\/index.php?rest_route=%2Fwp%2Fv2%2Fproduct_tag&post=261699"}],"curies":[{"name":"wp","href":"https:\/\/api.w.org\/{rel}","templated":true}]}}