{"id":261744,"date":"2019-04-24T23:58:55","date_gmt":"2019-04-24T16:58:55","guid":{"rendered":"https:\/\/maybommini.com\/?post_type=product&#038;p=261744"},"modified":"2020-05-23T15:51:40","modified_gmt":"2020-05-23T08:51:40","slug":"may-bom-nuoc-chim-tu-dong-maxpums-220v-900w-15000l","status":"publish","type":"product","link":"https:\/\/maybommini.vn\/?product=may-bom-nuoc-chim-tu-dong-maxpums-220v-900w-15000l","title":{"rendered":"M\u00e1y b\u01a1m n\u01b0\u1edbc ch\u00ecm t\u1ef1 \u0111\u1ed9ng MAXPUMS 220V 900W 15000L"},"content":{"rendered":"<h3><strong>Chuy\u00ean ph\u00e2n ph\u1ed1i b\u00e1n\u00a0m\u00e1y b\u01a1m n\u01b0\u1edbc ch\u00ecm t\u1ef1 \u0111\u1ed9ng MAXPUMS 220V 900W 15000L tr\u00ean to\u00e0n qu\u1ed1c gi\u00e1 t\u1ed1t b\u1ea3o h\u00e0nh ch\u00ednh h\u00e3ng t\u1ea1i Vi\u1ec7t Nam. \u0110\u00e2y l\u00e0m m\u00e1y b\u01a1m n\u01b0\u1edbc ng\u1eadp, b\u01a1m n\u01b0\u1edbc th\u1ea3i, b\u01a1m h\u1ed3 c\u00e1 v\u00e0 b\u01a1m c\u1ea5p n\u01b0\u1edbc t\u1ef1 \u0111\u1ed9ng d\u00f9ng cho gia \u0111\u00ecnh v\u00e0 c\u00f4ng nghi\u1ec7p ch\u1ea5t l\u01b0\u1ee3ng cao.<\/strong><\/h3>\n<p><a href=\"https:\/\/maybommini.com\/wp-content\/uploads\/2019\/04\/May-bom-chim-luu-luong-lon-220v-JP-900.jpg\" target=\"_blank\" rel=\"noopener\"><img decoding=\"async\" class=\"size-full wp-image-261745 aligncenter\" src=\"https:\/\/maybommini.com\/wp-content\/uploads\/2019\/04\/May-bom-chim-luu-luong-lon-220v-JP-900.jpg\" alt=\"May Bom Chim Luu Luong Lon 220v JP 900\" width=\"750\" height=\"750\" srcset=\"https:\/\/maybommini.vn\/wp-content\/uploads\/2019\/04\/May-bom-chim-luu-luong-lon-220v-JP-900.jpg 750w, https:\/\/maybommini.vn\/wp-content\/uploads\/2019\/04\/May-bom-chim-luu-luong-lon-220v-JP-900-300x300.jpg 300w, https:\/\/maybommini.vn\/wp-content\/uploads\/2019\/04\/May-bom-chim-luu-luong-lon-220v-JP-900-150x150.jpg 150w, https:\/\/maybommini.vn\/wp-content\/uploads\/2019\/04\/May-bom-chim-luu-luong-lon-220v-JP-900-600x600.jpg 600w\" sizes=\"(max-width: 750px) 100vw, 750px\" \/><\/a><\/p>\n<p><strong>TH\u00d4NG S\u1ed0 K\u1ef8 THU\u1eacT<\/strong><br \/>\nTh\u01b0\u01a1ng hi\u1ec7u: MAXPUMPS<br \/>\nModel: JP-900<br \/>\n\u0110i\u1ec7n th\u1ebf: 220V &#8211; 230V AC<br \/>\nC\u00f4ng su\u1ea5t: 900W<br \/>\nL\u01b0u l\u01b0\u1ee3ng: 15.000 L\/H<br \/>\nB\u01a1m cao: 9 M\u00e9t<br \/>\nD\u00e2y ngu\u1ed3n: 8 M\u00e9t<br \/>\n\u1ed0ng n\u01b0\u1edbc: 27 Mm.<br \/>\nPhao Role c\u00f4ng t\u1eaft t\u1ef1\u00a0\u0111\u1ed9ng.<br \/>\nT\u1ef1 b\u01a1m khi c\u00f3 n\u01b0\u1edbc.<br \/>\nMotor d\u00e2y\u00a0\u0111\u1ed3ng 100%.<br \/>\nThi\u1ebft b\u1ecb b\u1ea3o v\u1ec7 nhi\u1ec7t t\u00edch h\u1ee3p.<br \/>\n\u0110\u1ed9 b\u1ec1n cao v\u00e0 ho\u00e0n to\u00e0n kh\u00f4ng th\u1ea5m n\u01b0\u1edbc.<br \/>\n\u0110\u1ed9ng c\u01a1 hi\u1ec7u su\u1ea5t cao.<br \/>\nV\u00f2ng bi hi\u1ec7u su\u1ea5t cao.<br \/>\nTi\u00eau chu\u1ea9n: IPX68.<br \/>\nTr\u1ee5c \u0111\u1ed9ng c\u01a1 b\u1eb1ng th\u00e9p C45.<br \/>\nC\u00e1nh qu\u1ea1t nh\u1ef1a PA66-GF20.<br \/>\nM\u00e1y b\u01a1m kh\u00f4ng ch\u1ed5i than.<br \/>\nKh\u1ea3 n\u0103ng ch\u1ea1y li\u00ean t\u1ee5c r\u1ea5t t\u1ed1t.<br \/>\nKh\u00f4ng \u0111\u01b0\u1ee3c ph\u00e9p ch\u1ea1y kh\u00f4.<br \/>\nK\u00edch th\u01b0\u1edbc: 22 x 16 x 31 Cm.<br \/>\nTr\u1ecdng l\u01b0\u1ee3ng: 4.8 Kg.<br \/>\nC\u00f4ng ngh\u1ec7 KOREA.<\/p>\n<p><a href=\"https:\/\/maybommini.com\/wp-content\/uploads\/2019\/04\/bom-nuoc-ngap-tu-dong.jpg\" target=\"_blank\" rel=\"noopener\"><img decoding=\"async\" class=\"size-full wp-image-261733 aligncenter\" src=\"https:\/\/maybommini.com\/wp-content\/uploads\/2019\/04\/bom-nuoc-ngap-tu-dong.jpg\" alt=\"Bom Nuoc Ngap Tu Dong\" width=\"750\" height=\"750\" srcset=\"https:\/\/maybommini.vn\/wp-content\/uploads\/2019\/04\/bom-nuoc-ngap-tu-dong.jpg 750w, https:\/\/maybommini.vn\/wp-content\/uploads\/2019\/04\/bom-nuoc-ngap-tu-dong-300x300.jpg 300w, https:\/\/maybommini.vn\/wp-content\/uploads\/2019\/04\/bom-nuoc-ngap-tu-dong-150x150.jpg 150w, https:\/\/maybommini.vn\/wp-content\/uploads\/2019\/04\/bom-nuoc-ngap-tu-dong-600x600.jpg 600w\" sizes=\"(max-width: 750px) 100vw, 750px\" \/><\/a><a href=\"https:\/\/maybommini.com\/wp-content\/uploads\/2019\/04\/bom-nuoc-mini-tha-chim-luu-luong-lon.jpg\" target=\"_blank\" rel=\"noopener\"><br \/>\n<img decoding=\"async\" class=\"size-full wp-image-261732 aligncenter\" src=\"https:\/\/maybommini.com\/wp-content\/uploads\/2019\/04\/bom-nuoc-mini-tha-chim-luu-luong-lon.jpg\" alt=\"Bom Nuoc Mini Tha Chim Luu Luong Lon\" width=\"750\" height=\"750\" srcset=\"https:\/\/maybommini.vn\/wp-content\/uploads\/2019\/04\/bom-nuoc-mini-tha-chim-luu-luong-lon.jpg 750w, https:\/\/maybommini.vn\/wp-content\/uploads\/2019\/04\/bom-nuoc-mini-tha-chim-luu-luong-lon-300x300.jpg 300w, https:\/\/maybommini.vn\/wp-content\/uploads\/2019\/04\/bom-nuoc-mini-tha-chim-luu-luong-lon-150x150.jpg 150w, https:\/\/maybommini.vn\/wp-content\/uploads\/2019\/04\/bom-nuoc-mini-tha-chim-luu-luong-lon-600x600.jpg 600w\" sizes=\"(max-width: 750px) 100vw, 750px\" \/><\/a> <a href=\"https:\/\/maybommini.com\/wp-content\/uploads\/2019\/04\/ban-may-bom-chim-chinh-hang.jpg\" target=\"_blank\" rel=\"noopener\"><img decoding=\"async\" class=\"size-full wp-image-261731 aligncenter\" src=\"https:\/\/maybommini.com\/wp-content\/uploads\/2019\/04\/ban-may-bom-chim-chinh-hang.jpg\" alt=\"Ban May Bom Chim Chinh Hang\" width=\"750\" height=\"750\" srcset=\"https:\/\/maybommini.vn\/wp-content\/uploads\/2019\/04\/ban-may-bom-chim-chinh-hang.jpg 750w, https:\/\/maybommini.vn\/wp-content\/uploads\/2019\/04\/ban-may-bom-chim-chinh-hang-300x300.jpg 300w, https:\/\/maybommini.vn\/wp-content\/uploads\/2019\/04\/ban-may-bom-chim-chinh-hang-150x150.jpg 150w, https:\/\/maybommini.vn\/wp-content\/uploads\/2019\/04\/ban-may-bom-chim-chinh-hang-600x600.jpg 600w\" sizes=\"(max-width: 750px) 100vw, 750px\" \/><\/a> <a href=\"https:\/\/maybommini.com\/wp-content\/uploads\/2019\/04\/phao-cong-tat-tu-dong-may-bom-chim-JP.jpg\" target=\"_blank\" rel=\"noopener\"><img decoding=\"async\" class=\"size-full wp-image-261729 aligncenter\" src=\"https:\/\/maybommini.com\/wp-content\/uploads\/2019\/04\/phao-cong-tat-tu-dong-may-bom-chim-JP.jpg\" alt=\"Phao Cong Tat Tu Dong May Bom Chim JP\" width=\"750\" height=\"750\" srcset=\"https:\/\/maybommini.vn\/wp-content\/uploads\/2019\/04\/phao-cong-tat-tu-dong-may-bom-chim-JP.jpg 750w, https:\/\/maybommini.vn\/wp-content\/uploads\/2019\/04\/phao-cong-tat-tu-dong-may-bom-chim-JP-300x300.jpg 300w, https:\/\/maybommini.vn\/wp-content\/uploads\/2019\/04\/phao-cong-tat-tu-dong-may-bom-chim-JP-150x150.jpg 150w, https:\/\/maybommini.vn\/wp-content\/uploads\/2019\/04\/phao-cong-tat-tu-dong-may-bom-chim-JP-600x600.jpg 600w\" sizes=\"(max-width: 750px) 100vw, 750px\" \/><\/a> <a href=\"https:\/\/maybommini.com\/wp-content\/uploads\/2019\/04\/noi-ong-may-bom-nuoc-chim-JP.jpg\" target=\"_blank\" rel=\"noopener\"><img decoding=\"async\" class=\"size-full wp-image-261728 aligncenter\" src=\"https:\/\/maybommini.com\/wp-content\/uploads\/2019\/04\/noi-ong-may-bom-nuoc-chim-JP.jpg\" alt=\"Noi Ong May Bom Nuoc Chim JP\" width=\"750\" height=\"750\" srcset=\"https:\/\/maybommini.vn\/wp-content\/uploads\/2019\/04\/noi-ong-may-bom-nuoc-chim-JP.jpg 750w, https:\/\/maybommini.vn\/wp-content\/uploads\/2019\/04\/noi-ong-may-bom-nuoc-chim-JP-300x300.jpg 300w, https:\/\/maybommini.vn\/wp-content\/uploads\/2019\/04\/noi-ong-may-bom-nuoc-chim-JP-150x150.jpg 150w, https:\/\/maybommini.vn\/wp-content\/uploads\/2019\/04\/noi-ong-may-bom-nuoc-chim-JP-600x600.jpg 600w\" sizes=\"(max-width: 750px) 100vw, 750px\" \/><\/a> <a href=\"https:\/\/maybommini.com\/wp-content\/uploads\/2019\/04\/day-nguon-may-bom-nuoc-tha-chim-220v.jpg\" target=\"_blank\" rel=\"noopener\"><img decoding=\"async\" class=\"size-full wp-image-261722 aligncenter\" src=\"https:\/\/maybommini.com\/wp-content\/uploads\/2019\/04\/day-nguon-may-bom-nuoc-tha-chim-220v.jpg\" alt=\"Day Nguon May Bom Nuoc Tha Chim 220v\" width=\"750\" height=\"750\" srcset=\"https:\/\/maybommini.vn\/wp-content\/uploads\/2019\/04\/day-nguon-may-bom-nuoc-tha-chim-220v.jpg 750w, https:\/\/maybommini.vn\/wp-content\/uploads\/2019\/04\/day-nguon-may-bom-nuoc-tha-chim-220v-300x300.jpg 300w, https:\/\/maybommini.vn\/wp-content\/uploads\/2019\/04\/day-nguon-may-bom-nuoc-tha-chim-220v-150x150.jpg 150w, https:\/\/maybommini.vn\/wp-content\/uploads\/2019\/04\/day-nguon-may-bom-nuoc-tha-chim-220v-600x600.jpg 600w\" sizes=\"(max-width: 750px) 100vw, 750px\" \/><\/a> <a href=\"https:\/\/maybommini.com\/wp-content\/uploads\/2019\/04\/cau-tao-may-bom-chim.jpg\" target=\"_blank\" rel=\"noopener\"><img decoding=\"async\" class=\"size-full wp-image-261721 aligncenter\" src=\"https:\/\/maybommini.com\/wp-content\/uploads\/2019\/04\/cau-tao-may-bom-chim.jpg\" alt=\"Cau Tao May Bom Chim\" width=\"750\" height=\"750\" srcset=\"https:\/\/maybommini.vn\/wp-content\/uploads\/2019\/04\/cau-tao-may-bom-chim.jpg 750w, https:\/\/maybommini.vn\/wp-content\/uploads\/2019\/04\/cau-tao-may-bom-chim-300x300.jpg 300w, https:\/\/maybommini.vn\/wp-content\/uploads\/2019\/04\/cau-tao-may-bom-chim-150x150.jpg 150w, https:\/\/maybommini.vn\/wp-content\/uploads\/2019\/04\/cau-tao-may-bom-chim-600x600.jpg 600w\" sizes=\"(max-width: 750px) 100vw, 750px\" \/><\/a> <a href=\"https:\/\/maybommini.com\/wp-content\/uploads\/2019\/04\/may-bom-khong-choi-than-luu-luong-lon-220v.jpg\" target=\"_blank\" rel=\"noopener\"><img decoding=\"async\" class=\"size-full wp-image-261723 aligncenter\" src=\"https:\/\/maybommini.com\/wp-content\/uploads\/2019\/04\/may-bom-khong-choi-than-luu-luong-lon-220v.jpg\" alt=\"May Bom Khong Choi Than Luu Luong Lon 220v\" width=\"750\" height=\"750\" srcset=\"https:\/\/maybommini.vn\/wp-content\/uploads\/2019\/04\/may-bom-khong-choi-than-luu-luong-lon-220v.jpg 750w, https:\/\/maybommini.vn\/wp-content\/uploads\/2019\/04\/may-bom-khong-choi-than-luu-luong-lon-220v-300x300.jpg 300w, https:\/\/maybommini.vn\/wp-content\/uploads\/2019\/04\/may-bom-khong-choi-than-luu-luong-lon-220v-150x150.jpg 150w, https:\/\/maybommini.vn\/wp-content\/uploads\/2019\/04\/may-bom-khong-choi-than-luu-luong-lon-220v-600x600.jpg 600w\" sizes=\"(max-width: 750px) 100vw, 750px\" \/><\/a><\/p>\n<p><strong>S\u1eec D\u1ee4NG M\u00c1Y B\u01a0M N\u01af\u1edaC CH\u00ccM T\u1ef0\u00a0\u0110\u1ed8NG\u00a0MAXPUMS<\/strong><br \/>\nS\u1eed d\u1ee5ng l\u00e0m m\u00e1y b\u01a1m ch\u1ed1ng g\u1eadp n\u01b0\u1edbc t\u1ef1\u00a0\u0111\u1ed9ng do m\u01b0a l\u1edbn v\u00e0 tri\u1ebfu c\u01b0\u1eddng.<br \/>\nD\u00f9ng b\u01a1m n\u01b0\u1edbc th\u1ea3i gia\u00a0\u0111\u00ecnh trong nh\u00e0\u00a0\u1edf c\u1ed1ng tho\u00e1t n\u01b0\u1edbc ho\u1eb7c b\u1ec3 ch\u1ee9a n\u01b0\u1edbc th\u1ea3i.<br \/>\nD\u00f9ng b\u01a1m n\u01b0\u1edbc h\u1ed3 c\u00e1,\u00a0\u0111\u00e0i phun n\u01b0\u1edbc, h\u00f2n non b\u1ed9.<br \/>\nB\u01a1m n\u01b0\u1edbc th\u1ea3i n\u01b0\u1edbc ng\u1eadp l\u01b0u l\u01b0\u1ee3ng l\u1edbn b\u01a1m nhanh v\u00e0 t\u1ef1\u00a0\u0111\u1ed9ng.<br \/>\nM\u00e1y b\u01a1m n\u01b0\u1edbc chuy\u00ean d\u1ee5ng t\u1ef1\u00a0\u0111\u1ed9ng l\u01b0u l\u01b0\u1ee3ng l\u1edbn c\u1ea5p n\u01b0\u1edbc, t\u01b0\u1edbi c\u00e2y, h\u1ec7 th\u1ed1ng t\u01b0\u1edbi nh\u00e0 v\u01b0\u1eddn, m\u00e1y b\u01a1m thu\u1ef7 s\u1ea3n.<br \/>\nM\u00e1y b\u01a1m h\u1ed3 b\u01a1m gia \u0111\u00ecnh v\u00e0 h\u1ed3 n\u01b0\u1edbc c\u00f4ng vi\u00ean.<\/p>\n<p><a href=\"https:\/\/maybommini.com\/wp-content\/uploads\/2019\/04\/may-bom-voi-phun-nuoc.jpg\" target=\"_blank\" rel=\"noopener\"><img decoding=\"async\" class=\"size-full wp-image-261727 aligncenter\" src=\"https:\/\/maybommini.com\/wp-content\/uploads\/2019\/04\/may-bom-voi-phun-nuoc.jpg\" alt=\"May Bom Voi Phun Nuoc\" width=\"750\" height=\"750\" srcset=\"https:\/\/maybommini.vn\/wp-content\/uploads\/2019\/04\/may-bom-voi-phun-nuoc.jpg 750w, https:\/\/maybommini.vn\/wp-content\/uploads\/2019\/04\/may-bom-voi-phun-nuoc-300x300.jpg 300w, https:\/\/maybommini.vn\/wp-content\/uploads\/2019\/04\/may-bom-voi-phun-nuoc-150x150.jpg 150w, https:\/\/maybommini.vn\/wp-content\/uploads\/2019\/04\/may-bom-voi-phun-nuoc-600x600.jpg 600w\" sizes=\"(max-width: 750px) 100vw, 750px\" \/><\/a> <a href=\"https:\/\/maybommini.com\/wp-content\/uploads\/2019\/04\/may-bom-tuoi-cay.jpg\" target=\"_blank\" rel=\"noopener\"><img decoding=\"async\" class=\"size-full wp-image-261726 aligncenter\" src=\"https:\/\/maybommini.com\/wp-content\/uploads\/2019\/04\/may-bom-tuoi-cay.jpg\" alt=\"May Bom Tuoi Cay\" width=\"750\" height=\"750\" srcset=\"https:\/\/maybommini.vn\/wp-content\/uploads\/2019\/04\/may-bom-tuoi-cay.jpg 750w, https:\/\/maybommini.vn\/wp-content\/uploads\/2019\/04\/may-bom-tuoi-cay-300x300.jpg 300w, https:\/\/maybommini.vn\/wp-content\/uploads\/2019\/04\/may-bom-tuoi-cay-150x150.jpg 150w, https:\/\/maybommini.vn\/wp-content\/uploads\/2019\/04\/may-bom-tuoi-cay-600x600.jpg 600w\" sizes=\"(max-width: 750px) 100vw, 750px\" \/><\/a> <a href=\"https:\/\/maybommini.com\/wp-content\/uploads\/2019\/04\/bom-nuoc-voi-phun-nghe-thuat.jpg\" target=\"_blank\" rel=\"noopener\"><img decoding=\"async\" class=\"size-full wp-image-261734 aligncenter\" src=\"https:\/\/maybommini.com\/wp-content\/uploads\/2019\/04\/bom-nuoc-voi-phun-nghe-thuat.jpg\" alt=\"Bom Nuoc Voi Phun Nghe Thuat\" width=\"750\" height=\"750\" srcset=\"https:\/\/maybommini.vn\/wp-content\/uploads\/2019\/04\/bom-nuoc-voi-phun-nghe-thuat.jpg 750w, https:\/\/maybommini.vn\/wp-content\/uploads\/2019\/04\/bom-nuoc-voi-phun-nghe-thuat-300x300.jpg 300w, https:\/\/maybommini.vn\/wp-content\/uploads\/2019\/04\/bom-nuoc-voi-phun-nghe-thuat-150x150.jpg 150w, https:\/\/maybommini.vn\/wp-content\/uploads\/2019\/04\/bom-nuoc-voi-phun-nghe-thuat-600x600.jpg 600w\" sizes=\"(max-width: 750px) 100vw, 750px\" \/><\/a> <a href=\"https:\/\/maybommini.com\/wp-content\/uploads\/2019\/04\/may-bom-luu-luong-lon-cao-cap.jpg\" target=\"_blank\" rel=\"noopener\"><img decoding=\"async\" class=\"size-full wp-image-261724 aligncenter\" src=\"https:\/\/maybommini.com\/wp-content\/uploads\/2019\/04\/may-bom-luu-luong-lon-cao-cap.jpg\" alt=\"May Bom Luu Luong Lon Cao Cap\" width=\"750\" height=\"750\" srcset=\"https:\/\/maybommini.vn\/wp-content\/uploads\/2019\/04\/may-bom-luu-luong-lon-cao-cap.jpg 750w, https:\/\/maybommini.vn\/wp-content\/uploads\/2019\/04\/may-bom-luu-luong-lon-cao-cap-300x300.jpg 300w, https:\/\/maybommini.vn\/wp-content\/uploads\/2019\/04\/may-bom-luu-luong-lon-cao-cap-150x150.jpg 150w, https:\/\/maybommini.vn\/wp-content\/uploads\/2019\/04\/may-bom-luu-luong-lon-cao-cap-600x600.jpg 600w\" sizes=\"(max-width: 750px) 100vw, 750px\" \/><\/a> <a href=\"https:\/\/maybommini.com\/wp-content\/uploads\/2019\/04\/su-dung-may-bom-chim-luu-luong-lon.jpg\" target=\"_blank\" rel=\"noopener\"><img decoding=\"async\" class=\"size-full wp-image-261730 aligncenter\" src=\"https:\/\/maybommini.com\/wp-content\/uploads\/2019\/04\/su-dung-may-bom-chim-luu-luong-lon.jpg\" alt=\"Su Dung May Bom Chim Luu Luong Lon\" width=\"750\" height=\"750\" srcset=\"https:\/\/maybommini.vn\/wp-content\/uploads\/2019\/04\/su-dung-may-bom-chim-luu-luong-lon.jpg 750w, https:\/\/maybommini.vn\/wp-content\/uploads\/2019\/04\/su-dung-may-bom-chim-luu-luong-lon-300x300.jpg 300w, https:\/\/maybommini.vn\/wp-content\/uploads\/2019\/04\/su-dung-may-bom-chim-luu-luong-lon-150x150.jpg 150w, https:\/\/maybommini.vn\/wp-content\/uploads\/2019\/04\/su-dung-may-bom-chim-luu-luong-lon-600x600.jpg 600w\" sizes=\"(max-width: 750px) 100vw, 750px\" \/><\/a><strong>T\u00cdNH N\u0102NG \u0110\u1eb6C BI\u1ec6T M\u00c1Y B\u01a0M N\u01af\u1edaC T\u1ef0 \u0110\u1ed8NG MAXPUMPS<br \/>\n<\/strong>M\u00e1y b\u01a1m c\u00f3 th\u1ec3 ch\u1ea1y li\u00ean t\u1ee5c trong m\u1ed9t th\u1eddi gian d\u00e0i, nh\u01b0ng kh\u00f4ng \u0111\u01b0\u1ee3c ph\u00e9p ch\u1ea1y kh\u00f4.<br \/>\n<span data-spm-anchor-id=\"a261y.7663282.descBanner.i3.424d38b3UiFYg1\">L\u01b0u l\u01b0\u1ee3ng l\u1edbn, \u0111\u1eb7c bi\u1ec7t th\u00edch h\u1ee3p cho tho\u00e1t n\u01b0\u1edbc h\u1ed3 b\u01a1i h\u1ed9 gia \u0111\u00ecnh, t\u01b0\u1edbi v\u01b0\u1eddn v\u00e0 s\u1eed d\u1ee5ng nu\u00f4i tr\u1ed3ng th\u1ee7y s\u1ea3n.<br \/>\nM\u00e1y b\u01a1m gia d\u1ee5ng, l\u01b0u l\u01b0\u1ee3ng l\u1edbn, l\u1eafp \u0111\u1eb7t \u0111\u01a1n gi\u1ea3n, l\u00e0m vi\u1ec7c t\u1ef1 \u0111\u1ed9ng.<br \/>\n<\/span><\/p>\n<p><a href=\"https:\/\/maybommini.com\/wp-content\/uploads\/2019\/04\/may-bom-thac-nuoc-220v.jpg\" target=\"_blank\" rel=\"noopener\"><img decoding=\"async\" class=\"size-full wp-image-261725 aligncenter\" src=\"https:\/\/maybommini.com\/wp-content\/uploads\/2019\/04\/may-bom-thac-nuoc-220v.jpg\" alt=\"May Bom Thac Nuoc 220v\" width=\"750\" height=\"750\" srcset=\"https:\/\/maybommini.vn\/wp-content\/uploads\/2019\/04\/may-bom-thac-nuoc-220v.jpg 750w, https:\/\/maybommini.vn\/wp-content\/uploads\/2019\/04\/may-bom-thac-nuoc-220v-300x300.jpg 300w, https:\/\/maybommini.vn\/wp-content\/uploads\/2019\/04\/may-bom-thac-nuoc-220v-150x150.jpg 150w, https:\/\/maybommini.vn\/wp-content\/uploads\/2019\/04\/may-bom-thac-nuoc-220v-600x600.jpg 600w\" sizes=\"(max-width: 750px) 100vw, 750px\" \/><\/a><\/p>\n<p><strong>MUA M\u00c1Y B\u01a0M N\u01af\u1edaC CH\u1ed0NG NG\u1eacP T\u1ef0\u00a0\u0110\u1ed8NG\u00a0\u1ede\u00a0\u0110\u00c2U ?<\/strong><br \/>\nCh\u00fang t\u00f4i chuy\u00ean cung c\u1ea5p c\u00e1c lo\u1ea1i m\u00e1y b\u01a1m n\u01b0\u1edbc ch\u00ecm, m\u00e1y b\u01a1m ch\u1ed1ng ng\u1eadp, m\u00e1y b\u01a1m t\u1ef1\u00a0\u0111\u1ed9ng, m\u00e1y b\u01a1m n\u01b0\u1edbc th\u1ea3i d\u00f9ng cho gia\u00a0\u0111\u00ecnh trong nh\u00e0 v\u00e0 c\u00f4ng n\u00f4ng nghi\u1ec7p v\u1edbi c\u00f4ng su\u1ea5t l\u1edbn ch\u00ednh h\u00e3ng b\u1ea3o h\u00e0nh l\u00e2u d\u00e0i v\u00e0 giao h\u00e0ng to\u00e0n qu\u1ed1c gi\u00e1 t\u1ed1t nh\u1ea5t.<br \/>\n<strong>Website:<\/strong>\u00a0https:\/\/maybommini.com<br \/>\n<strong>Email:<\/strong> maybommini.com@gmail.com<br \/>\n<strong>Tel:<\/strong> 0907294310<\/p>\n<h3 style=\"text-align: center;\">M\u00e1y b\u01a1m n\u01b0\u1edbc ch\u00ecm t\u1ef1 \u0111\u1ed9ng MAXPUMS 220V 900W 15.000L<\/h3>\n","protected":false},"excerpt":{"rendered":"<p>Th\u01b0\u01a1ng hi\u1ec7u: MAXPUMPS<br \/>\nModel: JP-900<br \/>\n\u0110i\u1ec7n th\u1ebf: 220V &#8211; 230V AC<br \/>\nC\u00f4ng su\u1ea5t: 900W<br \/>\nL\u01b0u l\u01b0\u1ee3ng: 15.000 L\/H<br \/>\nB\u01a1m cao: 9 M\u00e9t<br \/>\nD\u00e2y ngu\u1ed3n: 8 M\u00e9t<br \/>\n\u1ed0ng n\u01b0\u1edbc: 27 Mm.<br \/>\nPhao Role c\u00f4ng t\u1eaft t\u1ef1\u00a0\u0111\u1ed9ng.<br \/>\nT\u1ef1 b\u01a1m khi c\u00f3 n\u01b0\u1edbc.<br \/>\nMotor d\u00e2y\u00a0\u0111\u1ed3ng 100%.<br \/>\nThi\u1ebft b\u1ecb b\u1ea3o v\u1ec7 nhi\u1ec7t t\u00edch h\u1ee3p.<br \/>\n\u0110\u1ed9 b\u1ec1n cao v\u00e0 ho\u00e0n to\u00e0n kh\u00f4ng th\u1ea5m n\u01b0\u1edbc.<br \/>\n\u0110\u1ed9ng c\u01a1 hi\u1ec7u su\u1ea5t cao.<br \/>\nV\u00f2ng bi hi\u1ec7u su\u1ea5t cao.<br \/>\nTi\u00eau chu\u1ea9n: IPX68.<br \/>\nTr\u1ee5c \u0111\u1ed9ng c\u01a1 b\u1eb1ng th\u00e9p C45.<br \/>\nC\u00e1nh qu\u1ea1t nh\u1ef1a PA66-GF20.<br \/>\nM\u00e1y b\u01a1m kh\u00f4ng ch\u1ed5i than.<br \/>\nKh\u1ea3 n\u0103ng ch\u1ea1y li\u00ean t\u1ee5c r\u1ea5t t\u1ed1t.<br \/>\nKh\u00f4ng \u0111\u01b0\u1ee3c ph\u00e9p ch\u1ea1y kh\u00f4.<br \/>\nK\u00edch th\u01b0\u1edbc: 22 x 16 x 31 Cm.<br \/>\nTr\u1ecdng l\u01b0\u1ee3ng: 4.8 Kg.<br \/>\nC\u00f4ng ngh\u1ec7 KOREA.<br \/>\nB\u1ea3o h\u00e0nh: 6 th\u00e1ng.<br \/>\nPh\u00e2n ph\u1ed1i:\u00a0<a href=\"https:\/\/maybomminimbm.vn\/\">M\u00e1y B\u01a1m Mini MBM<\/a><br \/>\nS\u1ea3n ph\u1ea9m cao c\u1ea5p<\/p>\n","protected":false},"featured_media":261745,"comment_status":"open","ping_status":"closed","template":"","meta":[],"product_brand":[60],"product_cat":[775,381],"product_tag":[391,705,2295,921,629,2763,2760,2764,2765,2766,2767,2762,389,902,2761,849,394],"class_list":{"0":"post-261744","1":"product","2":"type-product","3":"status-publish","4":"has-post-thumbnail","6":"product_brand-maxpumps","7":"product_cat-may-bom-chim-220v","8":"product_cat-may-bom-chim","9":"product_tag-bom-chat-thai","10":"product_tag-bom-chim","11":"product_tag-bom-chong-ngap","12":"product_tag-bom-nuoc-ngap","13":"product_tag-hon-non-bo","14":"product_tag-jp","15":"product_tag-jp-250","16":"product_tag-jp-350","17":"product_tag-jp-550","18":"product_tag-jp-750","19":"product_tag-jp-900","20":"product_tag-maxpums","21":"product_tag-may-bom-chim","22":"product_tag-may-bom-chim-220v","23":"product_tag-may-bom-nuoc-chim","24":"product_tag-may-bom-tu-dong","25":"product_tag-may-bom-tuoi","27":"first","28":"instock","29":"sale","30":"shipping-taxable","31":"purchasable","32":"product-type-simple"},"_links":{"self":[{"href":"https:\/\/maybommini.vn\/index.php?rest_route=\/wp\/v2\/product\/261744","targetHints":{"allow":["GET"]}}],"collection":[{"href":"https:\/\/maybommini.vn\/index.php?rest_route=\/wp\/v2\/product"}],"about":[{"href":"https:\/\/maybommini.vn\/index.php?rest_route=\/wp\/v2\/types\/product"}],"replies":[{"embeddable":true,"href":"https:\/\/maybommini.vn\/index.php?rest_route=%2Fwp%2Fv2%2Fcomments&post=261744"}],"wp:featuredmedia":[{"embeddable":true,"href":"https:\/\/maybommini.vn\/index.php?rest_route=\/wp\/v2\/media\/261745"}],"wp:attachment":[{"href":"https:\/\/maybommini.vn\/index.php?rest_route=%2Fwp%2Fv2%2Fmedia&parent=261744"}],"wp:term":[{"taxonomy":"product_brand","embeddable":true,"href":"https:\/\/maybommini.vn\/index.php?rest_route=%2Fwp%2Fv2%2Fproduct_brand&post=261744"},{"taxonomy":"product_cat","embeddable":true,"href":"https:\/\/maybommini.vn\/index.php?rest_route=%2Fwp%2Fv2%2Fproduct_cat&post=261744"},{"taxonomy":"product_tag","embeddable":true,"href":"https:\/\/maybommini.vn\/index.php?rest_route=%2Fwp%2Fv2%2Fproduct_tag&post=261744"}],"curies":[{"name":"wp","href":"https:\/\/api.w.org\/{rel}","templated":true}]}}