{"id":261866,"date":"2019-05-17T09:31:36","date_gmt":"2019-05-17T02:31:36","guid":{"rendered":"https:\/\/maybommini.com\/?post_type=product&#038;p=261866"},"modified":"2026-04-18T04:01:54","modified_gmt":"2026-04-17T21:01:54","slug":"may-bom-hoa-chat-220v-250w-120l-mp-100r","status":"publish","type":"product","link":"https:\/\/maybommini.vn\/?product=may-bom-hoa-chat-220v-250w-120l-mp-100r","title":{"rendered":"M\u00e1y b\u01a1m ho\u00e1 ch\u1ea5t 220V 250W 120L MP-100R"},"content":{"rendered":"<p><strong>B\u00e1n m\u00e1y b\u01a1m ho\u00e1 ch\u1ea5t 220V 250W 120L MP-100R chuy\u00ean d\u1ee5ng d\u00f9ng \u0111\u1ec3 b\u01a1m h\u00f3a ch\u1ea5t m\u00e0 c\u00e1c lo\u1ea1i m\u00e1y b\u01a1m th\u00f4ng th\u01b0\u1eddng kh\u00e1c kh\u00f4ng b\u01a1m \u0111\u01b0\u1ee3c. V\u1edbi thi\u1ebft k\u1ebf b\u01a1m t\u1eeb ch\u1ed1ng \u0103n m\u00f2n c\u00f3 th\u1ec3 n\u00f3i \u0111\u00e2y l\u00e0 m\u00e1y b\u01a1m ho\u00e1 ch\u1ea5t t\u1ed1t\u00a0nh\u1ea5t hi\u1ec7n nay.<\/strong><\/p>\n<p><a href=\"https:\/\/maybommini.com\/wp-content\/uploads\/2019\/05\/bom-hoa-chat-220V-MP-100R.jpg\" target=\"_blank\" rel=\"noopener\"><img decoding=\"async\" class=\"size-full wp-image-261867 aligncenter\" src=\"https:\/\/maybommini.com\/wp-content\/uploads\/2019\/05\/bom-hoa-chat-220V-MP-100R.jpg\" alt=\"Bom Hoa Chat 220V MP 100R\" width=\"750\" height=\"750\" srcset=\"https:\/\/maybommini.vn\/wp-content\/uploads\/2019\/05\/bom-hoa-chat-220V-MP-100R.jpg 750w, https:\/\/maybommini.vn\/wp-content\/uploads\/2019\/05\/bom-hoa-chat-220V-MP-100R-300x300.jpg 300w, https:\/\/maybommini.vn\/wp-content\/uploads\/2019\/05\/bom-hoa-chat-220V-MP-100R-150x150.jpg 150w, https:\/\/maybommini.vn\/wp-content\/uploads\/2019\/05\/bom-hoa-chat-220V-MP-100R-600x600.jpg 600w\" sizes=\"(max-width: 750px) 100vw, 750px\" \/><\/a><\/p>\n<p><strong>TH\u00d4NG S\u1ed0 K\u1ef6 THU\u1eacT<br \/>\n<\/strong>Model: MP-100R<br \/>\n\u0110i\u1ec7n \u00e1p: 220V AC<br \/>\nC\u00f4ng su\u1ea5t: 250 W<br \/>\nL\u01b0u l\u01b0\u1ee3ng: 120 L\/ph\u00fat.<br \/>\n\u1ed0ng ra: 27mm.<br \/>\nB\u01a1m cao: 7 M\u00e9t.<br \/>\nCh\u1ea5t li\u1ec7u: Nh\u1ef1a PP &#8211; \u0110\u1ed3ng.<br \/>\nM\u00e1y b\u01a1m \u0111\u1ed9ng c\u01a1 t\u1eeb.<br \/>\nCh\u1ed1ng \u0103n m\u00f2n v\u00e0 r\u00f2 r\u1ec9.<br \/>\nM\u00e1y b\u01a1m tr\u1ee5c n\u1eb1m ngang.<br \/>\nS\u1eed d\u1ee5ng b\u01a1m ho\u00e1 ch\u1ea5t, th\u1ef1c ph\u1ea9m.<br \/>\nCh\u1ed1ng\u00a0\u0103n m\u00f2n cao c\u1ea5p<br \/>\nK\u00edch th\u01b0\u1edbc: 322 x 100 x 174 mm<br \/>\nTr\u1ecdng l\u01b0\u1ee3ng: 4 Kg<\/p>\n<p><a href=\"https:\/\/maybommini.com\/wp-content\/uploads\/2019\/05\/MP-100R-Plastic-Low-Pressure-Water-Pump-Acid-Resistance-Micro-Magnetic-Pump.jpg\" target=\"_blank\" rel=\"noopener\"><img decoding=\"async\" class=\"size-full wp-image-261874 aligncenter\" src=\"https:\/\/maybommini.com\/wp-content\/uploads\/2019\/05\/MP-100R-Plastic-Low-Pressure-Water-Pump-Acid-Resistance-Micro-Magnetic-Pump.jpg\" alt=\"MP 100R Plastic Low Pressure Water Pump Acid Resistance Micro Magnetic Pump\" width=\"750\" height=\"750\" srcset=\"https:\/\/maybommini.vn\/wp-content\/uploads\/2019\/05\/MP-100R-Plastic-Low-Pressure-Water-Pump-Acid-Resistance-Micro-Magnetic-Pump.jpg 750w, https:\/\/maybommini.vn\/wp-content\/uploads\/2019\/05\/MP-100R-Plastic-Low-Pressure-Water-Pump-Acid-Resistance-Micro-Magnetic-Pump-300x300.jpg 300w, https:\/\/maybommini.vn\/wp-content\/uploads\/2019\/05\/MP-100R-Plastic-Low-Pressure-Water-Pump-Acid-Resistance-Micro-Magnetic-Pump-150x150.jpg 150w, https:\/\/maybommini.vn\/wp-content\/uploads\/2019\/05\/MP-100R-Plastic-Low-Pressure-Water-Pump-Acid-Resistance-Micro-Magnetic-Pump-600x600.jpg 600w\" sizes=\"(max-width: 750px) 100vw, 750px\" \/><\/a> <a href=\"https:\/\/maybommini.com\/wp-content\/uploads\/2019\/05\/May-bom-hoa-chat-220V-MP-100R.jpg\" target=\"_blank\" rel=\"noopener\"><img decoding=\"async\" class=\"size-full wp-image-261872 aligncenter\" src=\"https:\/\/maybommini.com\/wp-content\/uploads\/2019\/05\/May-bom-hoa-chat-220V-MP-100R.jpg\" alt=\"May Bom Hoa Chat 220V MP 100R\" width=\"750\" height=\"750\" srcset=\"https:\/\/maybommini.vn\/wp-content\/uploads\/2019\/05\/May-bom-hoa-chat-220V-MP-100R.jpg 750w, https:\/\/maybommini.vn\/wp-content\/uploads\/2019\/05\/May-bom-hoa-chat-220V-MP-100R-300x300.jpg 300w, https:\/\/maybommini.vn\/wp-content\/uploads\/2019\/05\/May-bom-hoa-chat-220V-MP-100R-150x150.jpg 150w, https:\/\/maybommini.vn\/wp-content\/uploads\/2019\/05\/May-bom-hoa-chat-220V-MP-100R-600x600.jpg 600w\" sizes=\"(max-width: 750px) 100vw, 750px\" \/><\/a> <a href=\"https:\/\/maybommini.com\/wp-content\/uploads\/2019\/05\/Cau-tao-may-bom-hoa-chat-chong-an-mon-100R.jpg\" target=\"_blank\" rel=\"noopener\"><img decoding=\"async\" class=\"size-full wp-image-261870 aligncenter\" src=\"https:\/\/maybommini.com\/wp-content\/uploads\/2019\/05\/Cau-tao-may-bom-hoa-chat-chong-an-mon-100R.jpg\" alt=\"Cau Tao May Bom Hoa Chat Chong An Mon 100R\" width=\"750\" height=\"750\" srcset=\"https:\/\/maybommini.vn\/wp-content\/uploads\/2019\/05\/Cau-tao-may-bom-hoa-chat-chong-an-mon-100R.jpg 750w, https:\/\/maybommini.vn\/wp-content\/uploads\/2019\/05\/Cau-tao-may-bom-hoa-chat-chong-an-mon-100R-300x300.jpg 300w, https:\/\/maybommini.vn\/wp-content\/uploads\/2019\/05\/Cau-tao-may-bom-hoa-chat-chong-an-mon-100R-150x150.jpg 150w, https:\/\/maybommini.vn\/wp-content\/uploads\/2019\/05\/Cau-tao-may-bom-hoa-chat-chong-an-mon-100R-600x600.jpg 600w\" sizes=\"(max-width: 750px) 100vw, 750px\" \/><\/a> <a href=\"https:\/\/maybommini.com\/wp-content\/uploads\/2019\/05\/kich-thuoc-may-bom-hoa-chat.jpg\" target=\"_blank\" rel=\"noopener\"><img decoding=\"async\" class=\"size-full wp-image-261860 aligncenter\" src=\"https:\/\/maybommini.com\/wp-content\/uploads\/2019\/05\/kich-thuoc-may-bom-hoa-chat.jpg\" alt=\"Kich Thuoc May Bom Hoa Chat\" width=\"750\" height=\"750\" srcset=\"https:\/\/maybommini.vn\/wp-content\/uploads\/2019\/05\/kich-thuoc-may-bom-hoa-chat.jpg 750w, https:\/\/maybommini.vn\/wp-content\/uploads\/2019\/05\/kich-thuoc-may-bom-hoa-chat-300x300.jpg 300w, https:\/\/maybommini.vn\/wp-content\/uploads\/2019\/05\/kich-thuoc-may-bom-hoa-chat-150x150.jpg 150w, https:\/\/maybommini.vn\/wp-content\/uploads\/2019\/05\/kich-thuoc-may-bom-hoa-chat-600x600.jpg 600w\" sizes=\"(max-width: 750px) 100vw, 750px\" \/><\/a><strong>NGUY\u00caN L\u00dd HO\u1ea0T\u00a0\u0110\u1ed8NG<br \/>\n<\/strong>M\u00e1y c\u00f3 th\u1ec3 ch\u1ea1y kh\u00f4 m\u00e0 kh\u00f4ng \u1ea3nh h\u01b0\u1edbng t\u1edbi \u0111\u1ed9ng c\u01a1. V\u1edbi c\u00e1c m\u00e1y l\u1edbn th\u00ec c\u00f3 th\u1ec3 g\u00e2y h\u1ea1i d\u1eabn t\u1edbi ch\u00e1y \u0111\u1ed9ng c\u01a1.<br \/>\nB\u01a1m th\u1ef1c ph\u1ea9m ho\u00e1 ch\u1ea5t\u00a0d\u00f9ng tr\u1ef1c ti\u1ebfp ngu\u1ed3n \u0111i\u1ec7n 220V v\u00e0 m\u00e1y ch\u1ea1y ho\u1ea1t \u0111\u1ed9ng v\u1edbi ti\u1ebfng \u1ed3n nh\u1ecf v\u00e0 \u00eam \u00e1i.<\/p>\n<p><a href=\"https:\/\/maybommini.com\/wp-content\/uploads\/2019\/05\/cac-loai-may-bom-hoa-chat-220V.jpg\" target=\"_blank\" rel=\"noopener\"><img decoding=\"async\" class=\"size-full wp-image-261869 aligncenter\" src=\"https:\/\/maybommini.com\/wp-content\/uploads\/2019\/05\/cac-loai-may-bom-hoa-chat-220V.jpg\" alt=\"Cac Loai May Bom Hoa Chat 220V\" width=\"750\" height=\"750\" srcset=\"https:\/\/maybommini.vn\/wp-content\/uploads\/2019\/05\/cac-loai-may-bom-hoa-chat-220V.jpg 750w, https:\/\/maybommini.vn\/wp-content\/uploads\/2019\/05\/cac-loai-may-bom-hoa-chat-220V-300x300.jpg 300w, https:\/\/maybommini.vn\/wp-content\/uploads\/2019\/05\/cac-loai-may-bom-hoa-chat-220V-150x150.jpg 150w, https:\/\/maybommini.vn\/wp-content\/uploads\/2019\/05\/cac-loai-may-bom-hoa-chat-220V-600x600.jpg 600w\" sizes=\"(max-width: 750px) 100vw, 750px\" \/><\/a><\/p>\n<p><strong>S\u1eec D\u1ee4NG M\u00c1Y B\u01a0M<br \/>\n<\/strong>\u0110\u1eb7c bi\u1ec7t m\u00e1y c\u00f3 kh\u1ea3 n\u0103ng b\u01a1m c\u00e1c lo\u1ea1i ho\u00e1 ch\u1ea5t\u00a0\u0103n m\u00f2n, axit, &#8230;<br \/>\nB\u01a1m n\u01b0\u1edbc bi\u1ec3n, b\u01a1m dung d\u1ecbch \u0111\u1eb7t bi\u1ec7t, b\u01a1m n\u01b0\u1edbc, &#8230;<br \/>\nB\u01a1m dung d\u1ecbch, th\u1ef1c th\u1ea9m v\u00e0 nhi\u1ec1u ch\u1ea5t l\u1ecfng kh\u00e1c.<\/p>\n<p><a href=\"https:\/\/maybommini.com\/wp-content\/uploads\/2019\/05\/ban-may-bom-hoa-chat-chinh-hang-gia-tot.jpg\" target=\"_blank\" rel=\"noopener\"><img decoding=\"async\" class=\"size-full wp-image-261858 aligncenter\" src=\"https:\/\/maybommini.com\/wp-content\/uploads\/2019\/05\/ban-may-bom-hoa-chat-chinh-hang-gia-tot.jpg\" alt=\"Ban May Bom Hoa Chat Chinh Hang Gia Tot\" width=\"750\" height=\"750\" srcset=\"https:\/\/maybommini.vn\/wp-content\/uploads\/2019\/05\/ban-may-bom-hoa-chat-chinh-hang-gia-tot.jpg 750w, https:\/\/maybommini.vn\/wp-content\/uploads\/2019\/05\/ban-may-bom-hoa-chat-chinh-hang-gia-tot-300x300.jpg 300w, https:\/\/maybommini.vn\/wp-content\/uploads\/2019\/05\/ban-may-bom-hoa-chat-chinh-hang-gia-tot-150x150.jpg 150w, https:\/\/maybommini.vn\/wp-content\/uploads\/2019\/05\/ban-may-bom-hoa-chat-chinh-hang-gia-tot-600x600.jpg 600w\" sizes=\"(max-width: 750px) 100vw, 750px\" \/><\/a><\/p>\n<p><a href=\"https:\/\/maybommini.com\/wp-content\/uploads\/2019\/05\/May-bom-tu-dung-bom-hoa-chat-axit.jpg\" target=\"_blank\" rel=\"noopener\"><img decoding=\"async\" class=\"size-full wp-image-261864 aligncenter\" src=\"https:\/\/maybommini.com\/wp-content\/uploads\/2019\/05\/May-bom-tu-dung-bom-hoa-chat-axit.jpg\" alt=\"May Bom Tu Dung Bom Hoa Chat Axit\" width=\"750\" height=\"750\" srcset=\"https:\/\/maybommini.vn\/wp-content\/uploads\/2019\/05\/May-bom-tu-dung-bom-hoa-chat-axit.jpg 750w, https:\/\/maybommini.vn\/wp-content\/uploads\/2019\/05\/May-bom-tu-dung-bom-hoa-chat-axit-300x300.jpg 300w, https:\/\/maybommini.vn\/wp-content\/uploads\/2019\/05\/May-bom-tu-dung-bom-hoa-chat-axit-150x150.jpg 150w, https:\/\/maybommini.vn\/wp-content\/uploads\/2019\/05\/May-bom-tu-dung-bom-hoa-chat-axit-600x600.jpg 600w\" sizes=\"(max-width: 750px) 100vw, 750px\" \/><\/a> <a href=\"https:\/\/maybommini.com\/wp-content\/uploads\/2019\/05\/May-bom-hoa-chat-220V-MP-100R.jpg\" target=\"_blank\" rel=\"noopener\"><img decoding=\"async\" class=\"size-full wp-image-261872 aligncenter\" src=\"https:\/\/maybommini.com\/wp-content\/uploads\/2019\/05\/May-bom-hoa-chat-220V-MP-100R.jpg\" alt=\"May Bom Hoa Chat 220V MP 100R\" width=\"750\" height=\"750\" srcset=\"https:\/\/maybommini.vn\/wp-content\/uploads\/2019\/05\/May-bom-hoa-chat-220V-MP-100R.jpg 750w, https:\/\/maybommini.vn\/wp-content\/uploads\/2019\/05\/May-bom-hoa-chat-220V-MP-100R-300x300.jpg 300w, https:\/\/maybommini.vn\/wp-content\/uploads\/2019\/05\/May-bom-hoa-chat-220V-MP-100R-150x150.jpg 150w, https:\/\/maybommini.vn\/wp-content\/uploads\/2019\/05\/May-bom-hoa-chat-220V-MP-100R-600x600.jpg 600w\" sizes=\"(max-width: 750px) 100vw, 750px\" \/><\/a><\/p>\n<p><strong>MUA M\u00c1Y B\u01a0M HO\u00c1 CH\u1ea4T\u00a0\u1ede \u0110\u00c2U ?<br \/>\n<\/strong>M\u1ecdi chi ti\u1ebft vui l\u00f2ng li\u00ean h\u1ec7 tr\u1ef1c ti\u1ebfp cho ch\u00fang t\u00f4i \u0111\u1ec3 \u0111\u01b0\u1ee3c t\u01b0 v\u1ea5n theo nhu c\u1ea7u \u0111\u1ec3 c\u00f3 \u0111\u01b0\u1ee3c b\u1ed9 s\u1ea3n ph\u1ea9m t\u1ed1t nh\u1ea5t v\u00e0 ti\u1ebft ki\u1ec7m.\u00a0B\u1ea1n \u1edf xa v\u1eabn c\u00f3 th\u1ec3 mua h\u00e0ng v\u00e0 giao to\u00e0n qu\u1ed1c.<br \/>\n<strong>CTY TNHH TH\u01af\u01a0NG M\u1ea0I D\u1ecaCH V\u1ee4 \u0110I\u1ec6N M\u00c1Y TH\u00d4NG MINH<\/strong><br \/>\nHotline : 090 729 4310<br \/>\nEmail : maybommini.com@gmail.com<br \/>\nWebsite : http:\/\/maybommini.com<br \/>\nFacebook : <a href=\"\/\/www.facebook.com\/maybommini&quot;\" target=\"&quot;_blank&quot;\" rel=\"&quot;noopener&quot; noopener noreferrer\">https:\/\/www.facebook.com\/maybommini<\/a><br \/>\nGoogle : <a href=\"\/\/plus.google.com\/\" target=\"&quot;_blank&quot;\" rel=\"&quot;noopener&quot; noopener noreferrer\">https:\/\/plus.google.com\/ Maybomnuocminiruaxe<\/a><br \/>\nYoutube demo : <a href=\"\/\/www.youtube.com\/bahamasali&quot;\" target=\"&quot;_blank&quot;\" rel=\"&quot;noopener&quot; noopener noreferrer\">https:\/\/www.youtube.com\/bahamasali<\/a><\/p>\n<h3 style=\"text-align: center;\">M\u00e1y b\u01a1m ho\u00e1 ch\u1ea5t 220V 250W 120L MP-100R<\/h3>\n","protected":false},"excerpt":{"rendered":"<p>Model: MP-100R<br \/>\n\u0110i\u1ec7n \u00e1p: 220V AC<br \/>\nC\u00f4ng su\u1ea5t: 250 W<br \/>\nL\u01b0u l\u01b0\u1ee3ng: 120 L\/ph\u00fat.<br \/>\n\u1ed0ng ra: 27mm.<br \/>\nB\u01a1m cao: 7 M\u00e9t.<br \/>\nCh\u1ea5t li\u1ec7u: Nh\u1ef1a PP &#8211; \u0110\u1ed3ng.<br \/>\nM\u00e1y b\u01a1m \u0111\u1ed9ng c\u01a1 t\u1eeb.<br \/>\nCh\u1ed1ng \u0103n m\u00f2n v\u00e0 r\u00f2 r\u1ec9.<br \/>\nM\u00e1y b\u01a1m tr\u1ee5c n\u1eb1m ngang.<br \/>\nS\u1eed d\u1ee5ng b\u01a1m ho\u00e1 ch\u1ea5t, th\u1ef1c ph\u1ea9m.<br \/>\nCh\u1ed1ng\u00a0\u0103n m\u00f2n cao c\u1ea5p<br \/>\nK\u00edch th\u01b0\u1edbc: 322 x 100 x 174 mm<br \/>\nTr\u1ecdng l\u01b0\u1ee3ng: 4 Kg<br \/>\nB\u1ea3o h\u00e0ng:\u00a06 th\u00e1ng<br \/>\nPh\u00e2n ph\u1ed1i:\u00a0<a href=\"https:\/\/maybomminimbm.vn\/\">M\u00e1y B\u01a1m Mini MBM<\/a><br \/>\nS\u1ea3n ph\u1ea9m cao c\u1ea5p<\/p>\n","protected":false},"featured_media":261867,"comment_status":"open","ping_status":"closed","template":"","meta":[],"product_brand":[44],"product_cat":[2004,562],"product_tag":[2782,500,1216,2619,2780,2627,439,1217,564,2781,565,2628,566,567,2621,2783,963,1218,2620,2779,279],"class_list":{"0":"post-261866","1":"product","2":"type-product","3":"status-publish","4":"has-post-thumbnail","6":"product_brand-smartpumps","7":"product_cat-may-bom-hoa-chat-220v","8":"product_cat-may-bom-hoa-chat","9":"product_tag-100r","10":"product_tag-220v","11":"product_tag-30r","12":"product_tag-40r","13":"product_tag-70r","14":"product_tag-acid-resistance-220v","15":"product_tag-bom-hoa-chat","16":"product_tag-chemical-pumps","17":"product_tag-chong-an-mon","18":"product_tag-electromagnetic-pump","19":"product_tag-hoa-chat","20":"product_tag-material-magnetic-water-pump","21":"product_tag-may-bom-axit","22":"product_tag-may-bom-hoa-chat","23":"product_tag-may-bom-hoa-chat-40r","24":"product_tag-mp-100r","25":"product_tag-mp-20r","26":"product_tag-mp-30r","27":"product_tag-mp-40r","28":"product_tag-mp-70r","29":"product_tag-pump","31":"first","32":"instock","33":"sale","34":"featured","35":"shipping-taxable","36":"purchasable","37":"product-type-simple"},"_links":{"self":[{"href":"https:\/\/maybommini.vn\/index.php?rest_route=\/wp\/v2\/product\/261866","targetHints":{"allow":["GET"]}}],"collection":[{"href":"https:\/\/maybommini.vn\/index.php?rest_route=\/wp\/v2\/product"}],"about":[{"href":"https:\/\/maybommini.vn\/index.php?rest_route=\/wp\/v2\/types\/product"}],"replies":[{"embeddable":true,"href":"https:\/\/maybommini.vn\/index.php?rest_route=%2Fwp%2Fv2%2Fcomments&post=261866"}],"wp:featuredmedia":[{"embeddable":true,"href":"https:\/\/maybommini.vn\/index.php?rest_route=\/wp\/v2\/media\/261867"}],"wp:attachment":[{"href":"https:\/\/maybommini.vn\/index.php?rest_route=%2Fwp%2Fv2%2Fmedia&parent=261866"}],"wp:term":[{"taxonomy":"product_brand","embeddable":true,"href":"https:\/\/maybommini.vn\/index.php?rest_route=%2Fwp%2Fv2%2Fproduct_brand&post=261866"},{"taxonomy":"product_cat","embeddable":true,"href":"https:\/\/maybommini.vn\/index.php?rest_route=%2Fwp%2Fv2%2Fproduct_cat&post=261866"},{"taxonomy":"product_tag","embeddable":true,"href":"https:\/\/maybommini.vn\/index.php?rest_route=%2Fwp%2Fv2%2Fproduct_tag&post=261866"}],"curies":[{"name":"wp","href":"https:\/\/api.w.org\/{rel}","templated":true}]}}