{"id":261897,"date":"2019-05-19T21:07:16","date_gmt":"2019-05-19T14:07:16","guid":{"rendered":"https:\/\/maybommini.com\/?post_type=product&#038;p=261897"},"modified":"2020-05-23T15:46:11","modified_gmt":"2020-05-23T08:46:11","slug":"may-bom-oxy-ho-ca-24v-60w-80l-mpq-904a","status":"publish","type":"product","link":"https:\/\/maybommini.vn\/?product=may-bom-oxy-ho-ca-24v-60w-80l-mpq-904a","title":{"rendered":"M\u00e1y b\u01a1m oxy h\u1ed3 c\u00e1 24V 60W 80L MPQ-904A"},"content":{"rendered":"<p><strong>Chuy\u00ean ph\u00e2n ph\u1ed1i s\u1ec9 v\u00e0 l\u1ebb\u00a0<a href=\"https:\/\/maybommini.com\/danh-muc\/may-bom-chim\/may-tao-oxy\" target=\"_blank\" rel=\"noopener noreferrer\">m\u00e1y b\u01a1m oxy<\/a> h\u1ed3 c\u00e1 24V 60W 80L MPQ-904A s\u1eed d\u1ee5ng c\u00f4ng ngh\u1ec7 m\u1edbi ti\u1ebft ki\u1ec7m \u0111i\u1ec7n v\u00e0 ti\u1ebfng \u1ed3n r\u1ea5t th\u1ea5p. \u0110\u00e2y l\u00e0 b\u01a1m oxy h\u1ed3 b\u1ec3 c\u00e1 d\u00f9ng cho xe v\u1eadn chuy\u1ec3n thu\u1ef7 s\u1ea3n, m\u00e1y t\u1ea1o oxy th\u00f9ng ch\u1ee9a h\u1ea3i s\u1ea3n v\u00e0 \u0111\u01b0\u1ee3c s\u1eed d\u1ee5ng \u1edf nh\u1eefng n\u1edbi kh\u00f4ng c\u00f3 \u0111i\u1ec7n ho\u1eb7c d\u00f9ng thay th\u1ebf d\u1ef1 ph\u00f2ng khi c\u00fap \u0111i\u1ec7n \u0111\u01b0\u1ee3c \u01b0u chu\u1ed9ng v\u00e0 \u0111\u00e1nh gia cao t\u1eeb kh\u00e1ch h\u00e0ng.<\/strong><\/p>\n<p><a href=\"https:\/\/maybommini.com\/wp-content\/uploads\/2019\/05\/May-bom-oxy-24V-60W-80LMPQ-904A.jpg\" target=\"_blank\" rel=\"noopener\"><img decoding=\"async\" class=\"size-full wp-image-261898 aligncenter\" src=\"https:\/\/maybommini.com\/wp-content\/uploads\/2019\/05\/May-bom-oxy-24V-60W-80LMPQ-904A.jpg\" alt=\"May Bom Oxy 24V 60W 80LMPQ 904A\" width=\"750\" height=\"750\" srcset=\"https:\/\/maybommini.vn\/wp-content\/uploads\/2019\/05\/May-bom-oxy-24V-60W-80LMPQ-904A.jpg 750w, https:\/\/maybommini.vn\/wp-content\/uploads\/2019\/05\/May-bom-oxy-24V-60W-80LMPQ-904A-300x300.jpg 300w, https:\/\/maybommini.vn\/wp-content\/uploads\/2019\/05\/May-bom-oxy-24V-60W-80LMPQ-904A-150x150.jpg 150w, https:\/\/maybommini.vn\/wp-content\/uploads\/2019\/05\/May-bom-oxy-24V-60W-80LMPQ-904A-600x600.jpg 600w\" sizes=\"(max-width: 750px) 100vw, 750px\" \/><\/a><\/p>\n<p><strong>TH\u00d4NG S\u00d4\u0301 KY\u0303 THU\u00c2\u0323T<\/strong><br \/>\nTh\u01b0\u01a1ng hi\u1ec7u: RESUN<br \/>\nModel: MPQ-904A<br \/>\n\u0110i\u00ea\u0323n th\u00ea\u0301: 24V DC<br \/>\nC\u00f4ng su\u00e2\u0301t: 60W<br \/>\nL\u01b0u l\u01b0\u01a1\u0323ng: 80L\/P<br \/>\n\u00c1p l\u1ef1c: 0.080 Mpa<br \/>\n\u00d4\u0301ng ra: 1 l\u00f4\u0309 12MM.<br \/>\nMa\u0300u: xanh d\u01b0\u01a1ng.<br \/>\nCh\u1ea5t li\u1ec7u: \u0110\u1ed3ng v\u00e0 Th\u00e9p.<br \/>\nMa\u0301y b\u01a1m c\u00f4ng ngh\u00ea\u0323 Japan.<br \/>\nKh\u1ea3 n\u0103ng ch\u1ea1y li\u00ean t\u1ee5c.<br \/>\nKi\u0301ch th\u01b0\u01a1\u0301c: 250 x 120 x 160 MM<br \/>\nTro\u0323ng l\u01b0\u01a1\u0323ng: 2.4 KG<br \/>\nS\u1eed d\u1ee5ng ngu\u1ed3n \u0111i\u1ec7n Adapter 24V 5A ho\u1eb7c \u1eafc quy 24V 5A tr\u1edf l\u00ean.<\/p>\n<p><a href=\"https:\/\/maybommini.com\/wp-content\/uploads\/2019\/05\/may-bom-oxy-DC-Oxygen-Air-Pump.jpg\" target=\"_blank\" rel=\"noopener\"><img decoding=\"async\" class=\"size-full wp-image-261884 aligncenter\" src=\"https:\/\/maybommini.com\/wp-content\/uploads\/2019\/05\/may-bom-oxy-DC-Oxygen-Air-Pump.jpg\" alt=\"May Bom Oxy DC Oxygen Air Pump\" width=\"750\" height=\"750\" srcset=\"https:\/\/maybommini.vn\/wp-content\/uploads\/2019\/05\/may-bom-oxy-DC-Oxygen-Air-Pump.jpg 750w, https:\/\/maybommini.vn\/wp-content\/uploads\/2019\/05\/may-bom-oxy-DC-Oxygen-Air-Pump-300x300.jpg 300w, https:\/\/maybommini.vn\/wp-content\/uploads\/2019\/05\/may-bom-oxy-DC-Oxygen-Air-Pump-150x150.jpg 150w, https:\/\/maybommini.vn\/wp-content\/uploads\/2019\/05\/may-bom-oxy-DC-Oxygen-Air-Pump-600x600.jpg 600w\" sizes=\"(max-width: 750px) 100vw, 750px\" \/><\/a> <a href=\"https:\/\/maybommini.com\/wp-content\/uploads\/2019\/05\/thong-so-ky-thuat-may-bom-oxy-DC.jpg\" target=\"_blank\" rel=\"noopener\"><img decoding=\"async\" class=\"size-full wp-image-261889 aligncenter\" src=\"https:\/\/maybommini.com\/wp-content\/uploads\/2019\/05\/thong-so-ky-thuat-may-bom-oxy-DC.jpg\" alt=\"Thong So Ky Thuat May Bom Oxy DC\" width=\"750\" height=\"750\" srcset=\"https:\/\/maybommini.vn\/wp-content\/uploads\/2019\/05\/thong-so-ky-thuat-may-bom-oxy-DC.jpg 750w, https:\/\/maybommini.vn\/wp-content\/uploads\/2019\/05\/thong-so-ky-thuat-may-bom-oxy-DC-300x300.jpg 300w, https:\/\/maybommini.vn\/wp-content\/uploads\/2019\/05\/thong-so-ky-thuat-may-bom-oxy-DC-150x150.jpg 150w, https:\/\/maybommini.vn\/wp-content\/uploads\/2019\/05\/thong-so-ky-thuat-may-bom-oxy-DC-600x600.jpg 600w\" sizes=\"(max-width: 750px) 100vw, 750px\" \/><\/a> <a href=\"https:\/\/maybommini.com\/wp-content\/uploads\/2019\/05\/kich-thuoc-may-bom-oxy-12v-24v-DC.jpg\" target=\"_blank\" rel=\"noopener\"><img decoding=\"async\" class=\"size-full wp-image-261879 aligncenter\" src=\"https:\/\/maybommini.com\/wp-content\/uploads\/2019\/05\/kich-thuoc-may-bom-oxy-12v-24v-DC.jpg\" alt=\"Kich Thuoc May Bom Oxy 12v 24v DC\" width=\"750\" height=\"750\" srcset=\"https:\/\/maybommini.vn\/wp-content\/uploads\/2019\/05\/kich-thuoc-may-bom-oxy-12v-24v-DC.jpg 750w, https:\/\/maybommini.vn\/wp-content\/uploads\/2019\/05\/kich-thuoc-may-bom-oxy-12v-24v-DC-300x300.jpg 300w, https:\/\/maybommini.vn\/wp-content\/uploads\/2019\/05\/kich-thuoc-may-bom-oxy-12v-24v-DC-150x150.jpg 150w, https:\/\/maybommini.vn\/wp-content\/uploads\/2019\/05\/kich-thuoc-may-bom-oxy-12v-24v-DC-600x600.jpg 600w\" sizes=\"(max-width: 750px) 100vw, 750px\" \/><\/a> <a href=\"https:\/\/maybommini.com\/wp-content\/uploads\/2019\/05\/may-bom-day-dong-cao-cap.jpg\" target=\"_blank\" rel=\"noopener\"><img decoding=\"async\" class=\"size-full wp-image-261880 aligncenter\" src=\"https:\/\/maybommini.com\/wp-content\/uploads\/2019\/05\/may-bom-day-dong-cao-cap.jpg\" alt=\"May Bom Day Dong Cao Cap\" width=\"750\" height=\"750\" srcset=\"https:\/\/maybommini.vn\/wp-content\/uploads\/2019\/05\/may-bom-day-dong-cao-cap.jpg 750w, https:\/\/maybommini.vn\/wp-content\/uploads\/2019\/05\/may-bom-day-dong-cao-cap-300x300.jpg 300w, https:\/\/maybommini.vn\/wp-content\/uploads\/2019\/05\/may-bom-day-dong-cao-cap-150x150.jpg 150w, https:\/\/maybommini.vn\/wp-content\/uploads\/2019\/05\/may-bom-day-dong-cao-cap-600x600.jpg 600w\" sizes=\"(max-width: 750px) 100vw, 750px\" \/><\/a> <a href=\"https:\/\/maybommini.com\/wp-content\/uploads\/2019\/05\/bom-oxy-ho-ca-be-ca-thuy-san-MPQ.jpg\" target=\"_blank\" rel=\"noopener\"><img decoding=\"async\" class=\"size-full wp-image-261877 aligncenter\" src=\"https:\/\/maybommini.com\/wp-content\/uploads\/2019\/05\/bom-oxy-ho-ca-be-ca-thuy-san-MPQ.jpg\" alt=\"Bom Oxy Ho Ca Be Ca Thuy San MPQ\" width=\"750\" height=\"750\" srcset=\"https:\/\/maybommini.vn\/wp-content\/uploads\/2019\/05\/bom-oxy-ho-ca-be-ca-thuy-san-MPQ.jpg 750w, https:\/\/maybommini.vn\/wp-content\/uploads\/2019\/05\/bom-oxy-ho-ca-be-ca-thuy-san-MPQ-300x300.jpg 300w, https:\/\/maybommini.vn\/wp-content\/uploads\/2019\/05\/bom-oxy-ho-ca-be-ca-thuy-san-MPQ-150x150.jpg 150w, https:\/\/maybommini.vn\/wp-content\/uploads\/2019\/05\/bom-oxy-ho-ca-be-ca-thuy-san-MPQ-600x600.jpg 600w\" sizes=\"(max-width: 750px) 100vw, 750px\" \/><\/a> <a href=\"https:\/\/maybommini.com\/wp-content\/uploads\/2019\/05\/may-oxy-12v-24v-DC-binh-ac-quy.jpg\" target=\"_blank\" rel=\"noopener\"><img decoding=\"async\" class=\"size-full wp-image-261886 aligncenter\" src=\"https:\/\/maybommini.com\/wp-content\/uploads\/2019\/05\/may-oxy-12v-24v-DC-binh-ac-quy.jpg\" alt=\"May Oxy 12v 24v DC Binh Ac Quy\" width=\"750\" height=\"750\" srcset=\"https:\/\/maybommini.vn\/wp-content\/uploads\/2019\/05\/may-oxy-12v-24v-DC-binh-ac-quy.jpg 750w, https:\/\/maybommini.vn\/wp-content\/uploads\/2019\/05\/may-oxy-12v-24v-DC-binh-ac-quy-300x300.jpg 300w, https:\/\/maybommini.vn\/wp-content\/uploads\/2019\/05\/may-oxy-12v-24v-DC-binh-ac-quy-150x150.jpg 150w, https:\/\/maybommini.vn\/wp-content\/uploads\/2019\/05\/may-oxy-12v-24v-DC-binh-ac-quy-600x600.jpg 600w\" sizes=\"(max-width: 750px) 100vw, 750px\" \/><\/a> <a href=\"https:\/\/maybommini.com\/wp-content\/uploads\/2019\/05\/may-bom-oxy-chinh-hang-gia-re.jpg\" target=\"_blank\" rel=\"noopener\"><img decoding=\"async\" class=\"size-full wp-image-261883 aligncenter\" src=\"https:\/\/maybommini.com\/wp-content\/uploads\/2019\/05\/may-bom-oxy-chinh-hang-gia-re.jpg\" alt=\"May Bom Oxy Chinh Hang Gia Re\" width=\"750\" height=\"750\" srcset=\"https:\/\/maybommini.vn\/wp-content\/uploads\/2019\/05\/may-bom-oxy-chinh-hang-gia-re.jpg 750w, https:\/\/maybommini.vn\/wp-content\/uploads\/2019\/05\/may-bom-oxy-chinh-hang-gia-re-300x300.jpg 300w, https:\/\/maybommini.vn\/wp-content\/uploads\/2019\/05\/may-bom-oxy-chinh-hang-gia-re-150x150.jpg 150w, https:\/\/maybommini.vn\/wp-content\/uploads\/2019\/05\/may-bom-oxy-chinh-hang-gia-re-600x600.jpg 600w\" sizes=\"(max-width: 750px) 100vw, 750px\" \/><\/a> <a href=\"https:\/\/maybommini.com\/wp-content\/uploads\/2019\/05\/motor-may-bom-oxy.jpg\" target=\"_blank\" rel=\"noopener\"><img decoding=\"async\" class=\"size-full wp-image-261888 aligncenter\" src=\"https:\/\/maybommini.com\/wp-content\/uploads\/2019\/05\/motor-may-bom-oxy.jpg\" alt=\"Motor May Bom Oxy\" width=\"750\" height=\"750\" srcset=\"https:\/\/maybommini.vn\/wp-content\/uploads\/2019\/05\/motor-may-bom-oxy.jpg 750w, https:\/\/maybommini.vn\/wp-content\/uploads\/2019\/05\/motor-may-bom-oxy-300x300.jpg 300w, https:\/\/maybommini.vn\/wp-content\/uploads\/2019\/05\/motor-may-bom-oxy-150x150.jpg 150w, https:\/\/maybommini.vn\/wp-content\/uploads\/2019\/05\/motor-may-bom-oxy-600x600.jpg 600w\" sizes=\"(max-width: 750px) 100vw, 750px\" \/><\/a><\/p>\n<p><strong>S\u01af\u0309 DU\u0323NG MA\u0301Y TA\u0323O OXY H\u00d4\u0300 CA\u0301 HO\u0300N NON B\u00d4\u0323<\/strong><br \/>\nDu\u0300ng ta\u0323o oxy h\u00f4\u0300 ca\u0301.<br \/>\nDu\u0300ng ta\u0323o oxy h\u00f4\u0300 ca\u0301 thu\u0309y sinh.<br \/>\nTa\u0323o oxy thu\u0309y sinh.<br \/>\nTa\u0323o su\u0309i bo\u0323t h\u00f4\u0300 ca\u0301c treo t\u01b0\u01a1\u0300ng.<br \/>\nTa\u0323o oxy cha\u0323y ca\u0301.<br \/>\nMa\u0301y ta\u0323o oxy b\u00ea\u0309 ca\u0301 nha\u0300 ha\u0300ng.<br \/>\nTa\u0323o oxy c\u01b0\u0309a ha\u0300ng ba\u0301n ca\u0301 t\u01b0\u01a1i s\u00f4\u0301ng.<br \/>\nTa\u0323o oxy su\u0309i bo\u0323t khi\u0301 h\u00f4\u0300 ca\u0301 ho\u0300n non b\u00f4\u0323.<br \/>\nS\u1eed d\u1ee5ng cho xe v\u1eadn chuy\u1ec3n thu\u1ef7 h\u1ea3i s\u1ea3n.<br \/>\nB\u01a1m oxy cho m\u00e1y ch\u1edf c\u00e1 t\u00f4m.<br \/>\nM\u00e1y b\u01a1m oxy d\u1ef1 ph\u00f2ng c\u00fap \u0111i\u1ec7n.<\/p>\n<p><a href=\"https:\/\/maybommini.com\/wp-content\/uploads\/2019\/05\/may-bom-sut-tao-khi-oxy.jpg\" target=\"_blank\" rel=\"noopener\"><img decoding=\"async\" class=\"size-full wp-image-261885 aligncenter\" src=\"https:\/\/maybommini.com\/wp-content\/uploads\/2019\/05\/may-bom-sut-tao-khi-oxy.jpg\" alt=\"May Bom Sut Tao Khi Oxy\" width=\"750\" height=\"750\" srcset=\"https:\/\/maybommini.vn\/wp-content\/uploads\/2019\/05\/may-bom-sut-tao-khi-oxy.jpg 750w, https:\/\/maybommini.vn\/wp-content\/uploads\/2019\/05\/may-bom-sut-tao-khi-oxy-300x300.jpg 300w, https:\/\/maybommini.vn\/wp-content\/uploads\/2019\/05\/may-bom-sut-tao-khi-oxy-150x150.jpg 150w, https:\/\/maybommini.vn\/wp-content\/uploads\/2019\/05\/may-bom-sut-tao-khi-oxy-600x600.jpg 600w\" sizes=\"(max-width: 750px) 100vw, 750px\" \/><\/a> <a href=\"https:\/\/maybommini.com\/wp-content\/uploads\/2019\/05\/may-tao-oxy-cho-ho-be-ca-nuoi.jpg\" target=\"_blank\" rel=\"noopener\"><img decoding=\"async\" class=\"size-full wp-image-261887 aligncenter\" src=\"https:\/\/maybommini.com\/wp-content\/uploads\/2019\/05\/may-tao-oxy-cho-ho-be-ca-nuoi.jpg\" alt=\"May Tao Oxy Cho Ho Be Ca Nuoi\" width=\"750\" height=\"750\" srcset=\"https:\/\/maybommini.vn\/wp-content\/uploads\/2019\/05\/may-tao-oxy-cho-ho-be-ca-nuoi.jpg 750w, https:\/\/maybommini.vn\/wp-content\/uploads\/2019\/05\/may-tao-oxy-cho-ho-be-ca-nuoi-300x300.jpg 300w, https:\/\/maybommini.vn\/wp-content\/uploads\/2019\/05\/may-tao-oxy-cho-ho-be-ca-nuoi-150x150.jpg 150w, https:\/\/maybommini.vn\/wp-content\/uploads\/2019\/05\/may-tao-oxy-cho-ho-be-ca-nuoi-600x600.jpg 600w\" sizes=\"(max-width: 750px) 100vw, 750px\" \/><\/a> <a href=\"https:\/\/maybommini.com\/wp-content\/uploads\/2019\/05\/bom-oxy-ho-ca-gia-re.jpg\" target=\"_blank\" rel=\"noopener\"><img decoding=\"async\" class=\"size-full wp-image-261878 aligncenter\" src=\"https:\/\/maybommini.com\/wp-content\/uploads\/2019\/05\/bom-oxy-ho-ca-gia-re.jpg\" alt=\"Bom Oxy Ho Ca Gia Re\" width=\"750\" height=\"750\" srcset=\"https:\/\/maybommini.vn\/wp-content\/uploads\/2019\/05\/bom-oxy-ho-ca-gia-re.jpg 750w, https:\/\/maybommini.vn\/wp-content\/uploads\/2019\/05\/bom-oxy-ho-ca-gia-re-300x300.jpg 300w, https:\/\/maybommini.vn\/wp-content\/uploads\/2019\/05\/bom-oxy-ho-ca-gia-re-150x150.jpg 150w, https:\/\/maybommini.vn\/wp-content\/uploads\/2019\/05\/bom-oxy-ho-ca-gia-re-600x600.jpg 600w\" sizes=\"(max-width: 750px) 100vw, 750px\" \/><\/a><\/p>\n<p><strong>MUA MA\u0301Y TA\u0323O OXY O\u0309 \u0110\u00c2U GIA\u0301 RE\u0309 CH\u1ea4T L\u01af\u1ee2NG<\/strong><br \/>\n<a href=\"https:\/\/maybommini.com\/\" target=\"_blank\" rel=\"noopener noreferrer\"><strong>MBM \u2013 Ma\u0301y B\u01a1m Mini<\/strong><\/a>\u00a0la\u0300 nha cung c\u00e2\u0301p ha\u0300ng \u0111\u00e2\u0300u ca\u0301c loa\u0323i ma\u0301y b\u01a1m h\u00f4\u0300 ca\u0301 ho\u0300n non b\u00f4\u0323, <a href=\"https:\/\/maybommini.com\/danh-muc\/may-bom-chim\/may-tao-oxy\" target=\"_blank\" rel=\"noopener noreferrer\">ma\u0301y b\u01a1m t\u1ea1o oxy<\/a>, ma\u0301y b\u01a1m thu\u0309y sinh,\u00a0<a href=\"https:\/\/maybommini.com\/danh-muc\/may-bom-chim\" target=\"_blank\" rel=\"noopener noreferrer\">ma\u0301y b\u01a1m chi\u0300m h\u00f4\u0300 ca\u0301<\/a>.<br \/>\nV\u01a1\u0301i nhi\u00ea\u0300u n\u0103m kinh nghi\u00ea\u0323m v\u00ea\u0300 sa\u0309n ph\u00e2\u0309m ch\u00e2\u0301t l\u01b0\u01a1\u0323ng cao s\u01b0\u0309 du\u0323ng l\u00e2u da\u0300i b\u00ea\u0300n, \u0111\u00e2y la\u0300 \u01b0u th\u00ea\u0301 cu\u0309a chu\u0301ng t\u00f4i khi cung c\u00e2\u0301p sa\u0309n ph\u00e2\u0309m cho kha\u0301ch ha\u0300ng.<br \/>\n<a href=\"https:\/\/maybommini.com\/danh-muc\/may-bom-chim\/may-tao-oxy\" target=\"_blank\" rel=\"noopener noreferrer\">Ma\u0301y Ta\u0323o Oxy<\/a>\u00a0gia\u0301 t\u00f4\u0301t chi\u0301nh ha\u0303ng c\u00f4ng ngh\u00ea\u0323 m\u01a1\u0301i si\u00eau l\u0103\u0323ng cu\u0309a Nh\u00e2\u0323t Ba\u0309n do Ma\u0301y B\u01a1m Mini ph\u00e2n ph\u00f4\u0301i ta\u0323i Vi\u00ea\u0323t Nam.<\/p>\n<h3 style=\"text-align: center;\"><em><strong><a href=\"https:\/\/maybommini.com\/san-pham\/may-bom-oxy-ho-ca-12v-18w-38l-mpq-902\" target=\"_blank\" rel=\"noopener noreferrer\">M\u00e1y b\u01a1m oxy h\u1ed3 c\u00e1 12V 18W 38L MPQ-902<\/a><br \/>\n<a href=\"https:\/\/maybommini.com\/san-pham\/may-bom-oxy-ho-ca-12v-35w-68l-mpq-903\" target=\"_blank\" rel=\"noopener noreferrer\">M\u00e1y b\u01a1m oxy h\u1ed3 c\u00e1 12V 35W 68L MPQ-903<\/a><br \/>\n<a href=\"https:\/\/maybommini.com\/san-pham\/may-bom-oxy-ho-ca-12v-60w-80l-mpq-904\" target=\"_blank\" rel=\"noopener noreferrer\">M\u00e1y b\u01a1m oxy h\u1ed3 c\u00e1 12V 60W 80L MPQ-904<\/a><br \/>\nM\u00e1y b\u01a1m oxy h\u1ed3 c\u00e1 24V 60W 80L MPQ-904A<br \/>\n<\/strong><\/em><\/h3>\n","protected":false},"excerpt":{"rendered":"<p>Th\u01b0\u01a1ng hi\u1ec7u: RESUN<br \/>\nModel: MPQ-904A<br \/>\n\u0110i\u00ea\u0323n th\u00ea\u0301: 24V DC<br \/>\nC\u00f4ng su\u00e2\u0301t: 60W<br \/>\nL\u01b0u l\u01b0\u01a1\u0323ng: 80L\/P<br \/>\n\u00c1p l\u1ef1c: 0.080 Mpa<br \/>\n\u00d4\u0301ng ra: 1 l\u00f4\u0309 12MM.<br \/>\nMa\u0300u: xanh d\u01b0\u01a1ng.<br \/>\nCh\u1ea5t li\u1ec7u: \u0110\u1ed3ng v\u00e0 Th\u00e9p.<br \/>\nMa\u0301y b\u01a1m c\u00f4ng ngh\u00ea\u0323 Japan.<br \/>\nKh\u1ea3 n\u0103ng ch\u1ea1y li\u00ean t\u1ee5c.<br \/>\nKi\u0301ch th\u01b0\u01a1\u0301c: 250 x 120 x 160 MM<br \/>\nTro\u0323ng l\u01b0\u01a1\u0323ng: 2.4 KG<br \/>\nS\u1eed d\u1ee5ng ngu\u1ed3n \u0111i\u1ec7n Adapter 24V 5A ho\u1eb7c \u1eafc quy 24V 5A tr\u1edf l\u00ean.<br \/>\nBa\u0309o ha\u0300nh: 3 tha\u0301ng chi\u0301nh ha\u0303ng<br \/>\nPh\u00e2n ph\u1ed1i:\u00a0<a href=\"https:\/\/maybomminimbm.vn\/\">M\u00e1y B\u01a1m Mini MBM<\/a><br \/>\nS\u1ea3n ph\u1ea9m cao c\u1ea5p<\/p>\n","protected":false},"featured_media":261898,"comment_status":"open","ping_status":"closed","template":"","meta":[],"product_brand":[2784],"product_cat":[1000,381],"product_tag":[2688,2694,2685,2690,2693,1365,2691,2689,1003,1006,2786,2787,2788,2789,2790,2791,2785],"class_list":{"0":"post-261897","1":"product","2":"type-product","3":"status-publish","4":"has-post-thumbnail","6":"product_brand-resun","7":"product_cat-may-tao-oxy","8":"product_cat-may-bom-chim","9":"product_tag-air-pump","10":"product_tag-aquarium","11":"product_tag-aquarium-air-pump","12":"product_tag-bom-oxy","13":"product_tag-fish-tank-oxygen","14":"product_tag-may-bom-oxy","15":"product_tag-may-bom-oxy-gia-dinh","16":"product_tag-may-oxy-be-ca","17":"product_tag-may-oxy-mini","18":"product_tag-may-tao-oxy","19":"product_tag-mpq","20":"product_tag-mpq-902","21":"product_tag-mpq-903","22":"product_tag-mpq-904","23":"product_tag-mpq-904a","24":"product_tag-oxygen-air-pump","25":"product_tag-resun","27":"first","28":"instock","29":"sale","30":"shipping-taxable","31":"purchasable","32":"product-type-simple"},"_links":{"self":[{"href":"https:\/\/maybommini.vn\/index.php?rest_route=\/wp\/v2\/product\/261897","targetHints":{"allow":["GET"]}}],"collection":[{"href":"https:\/\/maybommini.vn\/index.php?rest_route=\/wp\/v2\/product"}],"about":[{"href":"https:\/\/maybommini.vn\/index.php?rest_route=\/wp\/v2\/types\/product"}],"replies":[{"embeddable":true,"href":"https:\/\/maybommini.vn\/index.php?rest_route=%2Fwp%2Fv2%2Fcomments&post=261897"}],"wp:featuredmedia":[{"embeddable":true,"href":"https:\/\/maybommini.vn\/index.php?rest_route=\/wp\/v2\/media\/261898"}],"wp:attachment":[{"href":"https:\/\/maybommini.vn\/index.php?rest_route=%2Fwp%2Fv2%2Fmedia&parent=261897"}],"wp:term":[{"taxonomy":"product_brand","embeddable":true,"href":"https:\/\/maybommini.vn\/index.php?rest_route=%2Fwp%2Fv2%2Fproduct_brand&post=261897"},{"taxonomy":"product_cat","embeddable":true,"href":"https:\/\/maybommini.vn\/index.php?rest_route=%2Fwp%2Fv2%2Fproduct_cat&post=261897"},{"taxonomy":"product_tag","embeddable":true,"href":"https:\/\/maybommini.vn\/index.php?rest_route=%2Fwp%2Fv2%2Fproduct_tag&post=261897"}],"curies":[{"name":"wp","href":"https:\/\/api.w.org\/{rel}","templated":true}]}}