{"id":262067,"date":"2019-06-05T22:16:59","date_gmt":"2019-06-05T15:16:59","guid":{"rendered":"https:\/\/maybommini.com\/?post_type=product&#038;p=262067"},"modified":"2020-05-23T15:40:04","modified_gmt":"2020-05-23T08:40:04","slug":"binh-loc-nuoc-phun-suong-va-ro-ren-21mm","status":"publish","type":"product","link":"https:\/\/maybommini.vn\/?product=binh-loc-nuoc-phun-suong-va-ro-ren-21mm","title":{"rendered":"B\u00ecnh l\u1ecdc n\u01b0\u1edbc phun s\u01b0\u01a1ng v\u00e0 RO ren 21mm"},"content":{"rendered":"<p><em><strong>Chuy\u00ean ph\u00e2n ph\u1ed1i s\u1ec9 v\u00e0 l\u1ebb c\u00e1c lo\u1ea1i b\u00ecnh l\u1ecdc n\u01b0\u1edbc phun s\u01b0\u01a1ng v\u00e0 RO ren 21mm cao c\u1ea5p ch\u1ea5t l\u01b0\u1ee3ng cao s\u1eed d\u1ee5ng t\u1ed1t cho h\u1ec7 th\u1ed1ng phun s\u01b0\u01a1ng v\u00e0 m\u00e1y l\u1ecdc n\u01b0\u1edbc RO gia \u0111\u00ecnh v\u00e0 c\u00f4ng nghi\u1ec7p th\u1ef1c ph\u1ea9m. \u0110\u00e2y l\u00e0 b\u00ecnh l\u1ecdc c\u1ed1c n\u01b0\u1edbc ti\u00eau chu\u1ea9n 10 inches \u0111\u01b0\u1ee3c s\u1eed d\u1ee5ng r\u1ed9ng r\u00e3i.<\/strong><\/em><\/p>\n<p><a href=\"https:\/\/maybommini.com\/wp-content\/uploads\/2019\/06\/Binh-loc-nuoc-phun-suong-RO-10in-ren-21mm.jpg\" target=\"_blank\" rel=\"noopener\"><img decoding=\"async\" class=\"size-full wp-image-262076 aligncenter\" src=\"https:\/\/maybommini.com\/wp-content\/uploads\/2019\/06\/Binh-loc-nuoc-phun-suong-RO-10in-ren-21mm.jpg\" alt=\"Binh Loc Nuoc Phun Suong RO 10in Ren 21mm\" width=\"750\" height=\"750\" srcset=\"https:\/\/maybommini.vn\/wp-content\/uploads\/2019\/06\/Binh-loc-nuoc-phun-suong-RO-10in-ren-21mm.jpg 750w, https:\/\/maybommini.vn\/wp-content\/uploads\/2019\/06\/Binh-loc-nuoc-phun-suong-RO-10in-ren-21mm-300x300.jpg 300w, https:\/\/maybommini.vn\/wp-content\/uploads\/2019\/06\/Binh-loc-nuoc-phun-suong-RO-10in-ren-21mm-150x150.jpg 150w, https:\/\/maybommini.vn\/wp-content\/uploads\/2019\/06\/Binh-loc-nuoc-phun-suong-RO-10in-ren-21mm-600x600.jpg 600w\" sizes=\"(max-width: 750px) 100vw, 750px\" \/><\/a><\/p>\n<p><strong>TH\u00d4NG S\u1ed0 K\u1ef8 THU\u1eacT<\/strong><br \/>\nModel: LOC-PS-RO-21<br \/>\nL\u00f5i l\u1ecdc cao c\u1ea5p.<br \/>\nCh\u1ea5t li\u1ec7u: Nh\u1ef1a &#8211; PP<br \/>\nRen g\u1eafn v\u00e0o ra: 21 mm.<br \/>\nPart treo t\u01b0\u1eddng.<br \/>\nV\u00f2ng m\u1edf thay l\u00f5i l\u1ecdc.<br \/>\nTi\u00eau chu\u1ea9n:10 inches.<br \/>\n\u00c1p l\u1ef1c n\u01b0\u1edbc qua b\u00ecnh l\u1ecdc: 0.3 Mpa.<br \/>\nK\u00edch th\u01b0\u1edbc: 25.4 cm.<br \/>\nTr\u1ecdng l\u01b0\u1ee3ng: 800 gam.<\/p>\n<p><a href=\"https:\/\/maybommini.com\/wp-content\/uploads\/2019\/06\/Binh-loc-nuoc-RO-cao-cap.jpg\" target=\"_blank\" rel=\"noopener\"><img decoding=\"async\" class=\"size-full wp-image-262078 aligncenter\" src=\"https:\/\/maybommini.com\/wp-content\/uploads\/2019\/06\/Binh-loc-nuoc-RO-cao-cap.jpg\" alt=\"Binh Loc Nuoc RO Cao Cap\" width=\"750\" height=\"750\" srcset=\"https:\/\/maybommini.vn\/wp-content\/uploads\/2019\/06\/Binh-loc-nuoc-RO-cao-cap.jpg 750w, https:\/\/maybommini.vn\/wp-content\/uploads\/2019\/06\/Binh-loc-nuoc-RO-cao-cap-300x300.jpg 300w, https:\/\/maybommini.vn\/wp-content\/uploads\/2019\/06\/Binh-loc-nuoc-RO-cao-cap-150x150.jpg 150w, https:\/\/maybommini.vn\/wp-content\/uploads\/2019\/06\/Binh-loc-nuoc-RO-cao-cap-600x600.jpg 600w\" sizes=\"(max-width: 750px) 100vw, 750px\" \/><\/a> <a href=\"https:\/\/maybommini.com\/wp-content\/uploads\/2019\/06\/Loi-loc-nuoc-cao-cap-chinh-hang.jpg\" target=\"_blank\" rel=\"noopener\"><img decoding=\"async\" class=\"size-full wp-image-262080 aligncenter\" src=\"https:\/\/maybommini.com\/wp-content\/uploads\/2019\/06\/Loi-loc-nuoc-cao-cap-chinh-hang.jpg\" alt=\"Loi Loc Nuoc Cao Cap Chinh Hang\" width=\"750\" height=\"750\" srcset=\"https:\/\/maybommini.vn\/wp-content\/uploads\/2019\/06\/Loi-loc-nuoc-cao-cap-chinh-hang.jpg 750w, https:\/\/maybommini.vn\/wp-content\/uploads\/2019\/06\/Loi-loc-nuoc-cao-cap-chinh-hang-300x300.jpg 300w, https:\/\/maybommini.vn\/wp-content\/uploads\/2019\/06\/Loi-loc-nuoc-cao-cap-chinh-hang-150x150.jpg 150w, https:\/\/maybommini.vn\/wp-content\/uploads\/2019\/06\/Loi-loc-nuoc-cao-cap-chinh-hang-600x600.jpg 600w\" sizes=\"(max-width: 750px) 100vw, 750px\" \/><\/a> <a href=\"https:\/\/maybommini.com\/wp-content\/uploads\/2019\/06\/Ban-binh-loc-nuoc-cho-may-phun-suong-lam-mat.jpg\" target=\"_blank\" rel=\"noopener\"><img decoding=\"async\" class=\"size-full wp-image-262068 aligncenter\" src=\"https:\/\/maybommini.com\/wp-content\/uploads\/2019\/06\/Ban-binh-loc-nuoc-cho-may-phun-suong-lam-mat.jpg\" alt=\"Ban Binh Loc Nuoc Cho May Phun Suong Lam Mat\" width=\"750\" height=\"750\" srcset=\"https:\/\/maybommini.vn\/wp-content\/uploads\/2019\/06\/Ban-binh-loc-nuoc-cho-may-phun-suong-lam-mat.jpg 750w, https:\/\/maybommini.vn\/wp-content\/uploads\/2019\/06\/Ban-binh-loc-nuoc-cho-may-phun-suong-lam-mat-300x300.jpg 300w, https:\/\/maybommini.vn\/wp-content\/uploads\/2019\/06\/Ban-binh-loc-nuoc-cho-may-phun-suong-lam-mat-150x150.jpg 150w, https:\/\/maybommini.vn\/wp-content\/uploads\/2019\/06\/Ban-binh-loc-nuoc-cho-may-phun-suong-lam-mat-600x600.jpg 600w\" sizes=\"(max-width: 750px) 100vw, 750px\" \/><\/a> <a href=\"https:\/\/maybommini.com\/wp-content\/uploads\/2019\/06\/Ban-coc-loc-nuoc-phun-suong-va-RO.jpg\" target=\"_blank\" rel=\"noopener\"><img decoding=\"async\" class=\"size-full wp-image-262069 aligncenter\" src=\"https:\/\/maybommini.com\/wp-content\/uploads\/2019\/06\/Ban-coc-loc-nuoc-phun-suong-va-RO.jpg\" alt=\"Ban Coc Loc Nuoc Phun Suong Va RO\" width=\"750\" height=\"750\" srcset=\"https:\/\/maybommini.vn\/wp-content\/uploads\/2019\/06\/Ban-coc-loc-nuoc-phun-suong-va-RO.jpg 750w, https:\/\/maybommini.vn\/wp-content\/uploads\/2019\/06\/Ban-coc-loc-nuoc-phun-suong-va-RO-300x300.jpg 300w, https:\/\/maybommini.vn\/wp-content\/uploads\/2019\/06\/Ban-coc-loc-nuoc-phun-suong-va-RO-150x150.jpg 150w, https:\/\/maybommini.vn\/wp-content\/uploads\/2019\/06\/Ban-coc-loc-nuoc-phun-suong-va-RO-600x600.jpg 600w\" sizes=\"(max-width: 750px) 100vw, 750px\" \/><\/a> <a href=\"https:\/\/maybommini.com\/wp-content\/uploads\/2019\/06\/Binh-loc-nuoc-phun-suong-RO-10in-ren.jpg\" target=\"_blank\" rel=\"noopener\"><img decoding=\"async\" class=\"size-full wp-image-262072 aligncenter\" src=\"https:\/\/maybommini.com\/wp-content\/uploads\/2019\/06\/Binh-loc-nuoc-phun-suong-RO-10in-ren.jpg\" alt=\"Binh Loc Nuoc Phun Suong RO 10in Ren\" width=\"750\" height=\"750\" srcset=\"https:\/\/maybommini.vn\/wp-content\/uploads\/2019\/06\/Binh-loc-nuoc-phun-suong-RO-10in-ren.jpg 750w, https:\/\/maybommini.vn\/wp-content\/uploads\/2019\/06\/Binh-loc-nuoc-phun-suong-RO-10in-ren-300x300.jpg 300w, https:\/\/maybommini.vn\/wp-content\/uploads\/2019\/06\/Binh-loc-nuoc-phun-suong-RO-10in-ren-150x150.jpg 150w, https:\/\/maybommini.vn\/wp-content\/uploads\/2019\/06\/Binh-loc-nuoc-phun-suong-RO-10in-ren-600x600.jpg 600w\" sizes=\"(max-width: 750px) 100vw, 750px\" \/><\/a><\/p>\n<p><strong>H\u01af\u1edaNG D\u1ea8N L\u1eaeP \u0110\u1eb6T B\u00ccNH L\u1eccC N\u01af\u1edaC<\/strong><br \/>\nB\u00ecnh l\u1ecdc n\u01b0\u1edbc l\u1eafp r\u00e1p \u0111\u01a1n gi\u00e3n v\u00e0 \u0111\u1ec3 s\u1eed d\u1ee5ng, c\u00f3 th\u1ec3 thay l\u00f5i l\u1ecdc m\u1edbi khi qu\u00e1 b\u1ea9n.<br \/>\nH\u1ec7 th\u1ed1ng n\u01b0\u1edbc \u0111i v\u00e0o b\u00ecnh l\u1ecdc (IN) v\u00e0 b\u00ean n\u01b0\u1edbc ra (OUT).<br \/>\n\u00c1p l\u1ef1c n\u01b0\u1edbc c\u1ea7n l\u1edbn h\u01a1n 0.3 Mpa th\u00ec m\u1edbi s\u1eed d\u1ee5ng \u0111\u01b0\u1ee3c. \u00c1p l\u1ef1c n\u01b0\u1edbc n\u00e0y t\u1eeb c\u00e1c b\u1ed3n n\u01b0\u1edbc tr\u00ean cao t\u1eeb 1 l\u1ea7u tr\u1edf l\u00ean ho\u1eb7c l\u00e0 n\u01b0\u1edbc m\u00e1y l\u00e0 \u0111\u01b0\u1ee3c.<br \/>\nC\u1ed1 \u0111\u1ecbnh b\u00ecnh l\u1ecdc v\u00e0o t\u01b0\u1eddng l\u00e0 t\u1ed1t nh\u1ea5t.<br \/>\nD\u00f9ng v\u00f2ng kho\u00e1 \u0111\u1ec3 m\u1edf b\u00ecnh l\u1ecdc \u0111\u1ec3 thay l\u00f5i khi qu\u00e1 b\u1ea9n.<\/p>\n<p><a href=\"https:\/\/maybommini.com\/wp-content\/uploads\/2019\/06\/So-do-lap-rap-binh-loc-nuoc.jpg\" target=\"_blank\" rel=\"noopener\"><img decoding=\"async\" class=\"size-full wp-image-262083 aligncenter\" src=\"https:\/\/maybommini.com\/wp-content\/uploads\/2019\/06\/So-do-lap-rap-binh-loc-nuoc.jpg\" alt=\"So Do Lap Rap Binh Loc Nuoc\" width=\"750\" height=\"750\" srcset=\"https:\/\/maybommini.vn\/wp-content\/uploads\/2019\/06\/So-do-lap-rap-binh-loc-nuoc.jpg 750w, https:\/\/maybommini.vn\/wp-content\/uploads\/2019\/06\/So-do-lap-rap-binh-loc-nuoc-300x300.jpg 300w, https:\/\/maybommini.vn\/wp-content\/uploads\/2019\/06\/So-do-lap-rap-binh-loc-nuoc-150x150.jpg 150w, https:\/\/maybommini.vn\/wp-content\/uploads\/2019\/06\/So-do-lap-rap-binh-loc-nuoc-600x600.jpg 600w\" sizes=\"(max-width: 750px) 100vw, 750px\" \/><\/a><\/p>\n<p><strong>S\u1eec D\u1ee4NG B\u00ccNH L\u1eccC N\u01af\u1edaC PHUN S\u01af\u01a0NG V\u00c0 RO<\/strong><br \/>\nS\u1eed d\u1ee5ng l\u1ecdc n\u01b0\u1edbc gia \u0111\u00ecnh.<br \/>\nL\u1ecdc n\u01b0\u1edbc cho h\u1ec7 th\u1ed1ng phun s\u01b0\u01a1ng l\u00e0m m\u00e1t.<br \/>\nB\u00ecnh n\u01b0\u1edbc cho m\u00e1y phun s\u01b0\u01a1ng t\u01b0\u1edbi c\u00e2y.<br \/>\nB\u00ecnh l\u1ecdc n\u01b0\u1edbc cho m\u00e1y RO.<br \/>\nL\u1ecdc n\u01b0\u1edbc sinh ho\u1ea1t.<br \/>\nL\u1ecdc n\u01b0\u1edbc ho\u1eb7c th\u1ef1c ph\u1ea9m.<br \/>\nL\u1ecdc n\u01b0\u1edbc cho m\u00e1y n\u01b0\u1edbc n\u00f3ng, m\u00e1y gi\u1eb7t.<br \/>\nC\u1ed1c l\u1ecdc n\u01b0\u1edbc phun s\u01b0\u01a1ng.<br \/>\nL\u1ecdc n\u01b0\u1edbc cho y t\u1ebf, h\u1ec7 th\u1ed1ng n\u01b0\u1edbc tinh khi\u1ebft.<br \/>\nV\u00e0 s\u1eed d\u1ee5ng nhi\u1ec1u cho c\u00e1c \u1ee9ng d\u1ee5ng kh\u00e1c nhau.<\/p>\n<p><a href=\"https:\/\/maybommini.com\/wp-content\/uploads\/2019\/06\/Su-dung-binh-loc-nuoc.jpg\" target=\"_blank\" rel=\"noopener\"><img decoding=\"async\" class=\"size-full wp-image-262084 aligncenter\" src=\"https:\/\/maybommini.com\/wp-content\/uploads\/2019\/06\/Su-dung-binh-loc-nuoc.jpg\" alt=\"Su Dung Binh Loc Nuoc\" width=\"750\" height=\"750\" srcset=\"https:\/\/maybommini.vn\/wp-content\/uploads\/2019\/06\/Su-dung-binh-loc-nuoc.jpg 750w, https:\/\/maybommini.vn\/wp-content\/uploads\/2019\/06\/Su-dung-binh-loc-nuoc-300x300.jpg 300w, https:\/\/maybommini.vn\/wp-content\/uploads\/2019\/06\/Su-dung-binh-loc-nuoc-150x150.jpg 150w, https:\/\/maybommini.vn\/wp-content\/uploads\/2019\/06\/Su-dung-binh-loc-nuoc-600x600.jpg 600w\" sizes=\"(max-width: 750px) 100vw, 750px\" \/><\/a> <a href=\"https:\/\/maybommini.com\/wp-content\/uploads\/2019\/06\/Binh-loc-cho-he-thong-phun-suong-lam-mat-va-tuoi-cay.jpg\" target=\"_blank\" rel=\"noopener\"><img decoding=\"async\" class=\"size-full wp-image-262071 aligncenter\" src=\"https:\/\/maybommini.com\/wp-content\/uploads\/2019\/06\/Binh-loc-cho-he-thong-phun-suong-lam-mat-va-tuoi-cay.jpg\" alt=\"Binh Loc Cho He Thong Phun Suong Lam Mat Va Tuoi Cay\" width=\"750\" height=\"750\" srcset=\"https:\/\/maybommini.vn\/wp-content\/uploads\/2019\/06\/Binh-loc-cho-he-thong-phun-suong-lam-mat-va-tuoi-cay.jpg 750w, https:\/\/maybommini.vn\/wp-content\/uploads\/2019\/06\/Binh-loc-cho-he-thong-phun-suong-lam-mat-va-tuoi-cay-300x300.jpg 300w, https:\/\/maybommini.vn\/wp-content\/uploads\/2019\/06\/Binh-loc-cho-he-thong-phun-suong-lam-mat-va-tuoi-cay-150x150.jpg 150w, https:\/\/maybommini.vn\/wp-content\/uploads\/2019\/06\/Binh-loc-cho-he-thong-phun-suong-lam-mat-va-tuoi-cay-600x600.jpg 600w\" sizes=\"(max-width: 750px) 100vw, 750px\" \/><\/a><strong>MUA B\u00ccNH L\u1eccC N\u01af\u1edaC PHUN S\u01af\u01a0NG V\u00c0 RO \u1ede \u0110\u00c2U ?<\/strong><br \/>\nB\u00ecnh l\u1ecdc n\u01b0\u1edbc phun s\u01b0\u01a1ng v\u00e0 RO \u0111\u01b0\u1ee3c <a href=\"https:\/\/maybommini.com\" target=\"_blank\" rel=\"noopener noreferrer\">M\u00e1y B\u01a1m Mini<\/a> ph\u00e2n ph\u1ed1i to\u00e0n qu\u1ed1c v\u1edbi ch\u1ea5t l\u01b0\u1ee3ng uy t\u00edn trong nhi\u1ec1u n\u0103m qua. Li\u00ean h\u1ec7 ch\u00fang t\u00f4i \u0111\u1ec3 c\u00f3 gi\u00e1 t\u1ed1t v\u00e0 \u0111\u01b0\u1ee3c giao h\u00e0ng t\u1eadn nh\u00e0.<br \/>\n<strong>Tel \/ Zalo:<\/strong>\u00a0<a href=\"tel:0907294310\">0907294310<\/a>\u00a0\u2013\u00a0<a href=\"tel:0908997823\">0908997823<\/a>\u00a0\u2013\u00a0<a href=\"tel:0908997872\">0908997872<\/a><br \/>\n<strong>Trung t\u00e2m b\u1ea3o h\u00e0nh:<\/strong>\u00a002873030399 \u2013 02873031399<br \/>\n<strong>Email:<\/strong>\u00a0maybommini.com@gmail.com<br \/>\n<strong>Website:<\/strong>\u00a0<a href=\"https:\/\/maybommini.com\/\" target=\"_blank\" rel=\"noopener noreferrer\">https:\/\/maybommini.com<\/a><br \/>\n<strong>Youtube<\/strong>:\u00a0<a href=\"https:\/\/www.youtube.com\/user\/bahamasali\" target=\"_blank\" rel=\"noopener noreferrer\">https:\/\/www.youtube.com\/user\/bahamasali<\/a><\/p>\n<h3 style=\"text-align: center;\"><em><strong>\u00a0B\u00ecnh l\u1ecdc n\u01b0\u1edbc phun s\u01b0\u01a1ng v\u00e0 RO ren 21mm<\/strong><\/em><\/h3>\n","protected":false},"excerpt":{"rendered":"<p>Model: LOC-PS-RO-21<br \/>\nL\u00f5i l\u1ecdc cao c\u1ea5p.<br \/>\nCh\u1ea5t li\u1ec7u: Nh\u1ef1a &#8211; PP<br \/>\nRen g\u1eafn v\u00e0o ra: 21 mm.<br \/>\nPart treo t\u01b0\u1eddng.<br \/>\nV\u00f2ng m\u1edf thay l\u00f5i l\u1ecdc.<br \/>\nTi\u00eau chu\u1ea9n:10 inches.<br \/>\n\u00c1p l\u1ef1c n\u01b0\u1edbc qua b\u00ecnh l\u1ecdc: 0.3 Mpa.<br \/>\nK\u00edch th\u01b0\u1edbc: 25.4 cm.<br \/>\nTr\u1ecdng l\u01b0\u1ee3ng: 800 gam.<br \/>\nKh\u1eb3ng \u0111\u1ecbnh \u0111\u1ed9 an to\u00e0n, ch\u1ea5t l\u01b0\u1ee3ng s\u1ea3n ph\u1ea9m v\u1edbi ng\u01b0\u1eddi ti\u00eau dung.<br \/>\nPh\u00e2n ph\u1ed1i:\u00a0<a href=\"https:\/\/maybomminimbm.vn\/\">M\u00e1y B\u01a1m Mini MBM<\/a><br \/>\nS\u1ea3n ph\u1ea9m cao c\u1ea5p<\/p>\n","protected":false},"featured_media":262076,"comment_status":"open","ping_status":"closed","template":"","meta":[],"product_brand":[2227],"product_cat":[444,367],"product_tag":[2833,2832,2831,1074,2829,1017,289,2836,2835,2834,2022,1020,2432,2830],"class_list":{"0":"post-262067","1":"product","2":"type-product","3":"status-publish","4":"has-post-thumbnail","6":"product_brand-mtm","7":"product_cat-phu-kien-phun-suong","8":"product_cat-he-thong-phun-suong","9":"product_tag-10-inches","10":"product_tag-binh-loc-10in","11":"product_tag-binh-loc-21mm","12":"product_tag-binh-loc-nuoc","13":"product_tag-binh-loc-nuoc-ro","14":"product_tag-binh-loc-phun-suong","15":"product_tag-loc-nuoc","16":"product_tag-loc-nuoc-ban","17":"product_tag-loc-nuoc-do","18":"product_tag-loc-pp","19":"product_tag-loc-ro","20":"product_tag-loi-binh-loc","21":"product_tag-loi-loc","22":"product_tag-mua-binh-loc-nuoc","24":"first","25":"instock","26":"sale","27":"shipping-taxable","28":"purchasable","29":"product-type-simple"},"_links":{"self":[{"href":"https:\/\/maybommini.vn\/index.php?rest_route=\/wp\/v2\/product\/262067","targetHints":{"allow":["GET"]}}],"collection":[{"href":"https:\/\/maybommini.vn\/index.php?rest_route=\/wp\/v2\/product"}],"about":[{"href":"https:\/\/maybommini.vn\/index.php?rest_route=\/wp\/v2\/types\/product"}],"replies":[{"embeddable":true,"href":"https:\/\/maybommini.vn\/index.php?rest_route=%2Fwp%2Fv2%2Fcomments&post=262067"}],"wp:featuredmedia":[{"embeddable":true,"href":"https:\/\/maybommini.vn\/index.php?rest_route=\/wp\/v2\/media\/262076"}],"wp:attachment":[{"href":"https:\/\/maybommini.vn\/index.php?rest_route=%2Fwp%2Fv2%2Fmedia&parent=262067"}],"wp:term":[{"taxonomy":"product_brand","embeddable":true,"href":"https:\/\/maybommini.vn\/index.php?rest_route=%2Fwp%2Fv2%2Fproduct_brand&post=262067"},{"taxonomy":"product_cat","embeddable":true,"href":"https:\/\/maybommini.vn\/index.php?rest_route=%2Fwp%2Fv2%2Fproduct_cat&post=262067"},{"taxonomy":"product_tag","embeddable":true,"href":"https:\/\/maybommini.vn\/index.php?rest_route=%2Fwp%2Fv2%2Fproduct_tag&post=262067"}],"curies":[{"name":"wp","href":"https:\/\/api.w.org\/{rel}","templated":true}]}}