{"id":262164,"date":"2019-06-14T17:16:14","date_gmt":"2019-06-14T10:16:14","guid":{"rendered":"https:\/\/maybommini.com\/?post_type=product&#038;p=262164"},"modified":"2020-05-23T15:38:44","modified_gmt":"2020-05-23T08:38:44","slug":"may-bom-dau-12v-550w-70l-maxpumps","status":"publish","type":"product","link":"https:\/\/maybommini.vn\/?product=may-bom-dau-12v-550w-70l-maxpumps","title":{"rendered":"M\u00e1y b\u01a1m d\u1ea7u 12V 550W 70L MAXPUMPS"},"content":{"rendered":"<p><strong>B\u00e1n\u00a0m\u00e1y b\u01a1m d\u1ea7u 12V 550W 70L MAXPUMPS chuy\u00ean d\u1ee5ng c\u00f4ng su\u1ea5t l\u1edbn b\u01a1m nhanh. V\u1edbi c\u00f4ng xu\u1ea5t b\u01a1m l\u1edbn v\u00e0 l\u01b0u l\u01b0\u1ee3ng cao th\u00edch h\u1ee3p b\u01a1m nhi\u00ean li\u1ec7u t\u00e0u xe ph\u01b0\u01a1ng ti\u1ec7n b\u01a1m sang chi\u1ebft ch\u1ea5t l\u1ecfng \u0111\u00e2y l\u00e0 s\u1ea3n ph\u1ea9m ch\u1ea5t l\u01b0\u1ee3ng cao gi\u00e1 t\u1ed1t.<\/strong><\/p>\n<p><a href=\"https:\/\/maybommini.com\/wp-content\/uploads\/2019\/06\/May-bom-dau-12V-550W-70L-Maxpumps.jpg\" target=\"_blank\" rel=\"noopener\"><img decoding=\"async\" class=\"size-full wp-image-262169 aligncenter\" src=\"https:\/\/maybommini.com\/wp-content\/uploads\/2019\/06\/May-bom-dau-12V-550W-70L-Maxpumps.jpg\" alt=\"May Bom Dau 12V 550W 70L Maxpumps\" width=\"750\" height=\"750\" srcset=\"https:\/\/maybommini.vn\/wp-content\/uploads\/2019\/06\/May-bom-dau-12V-550W-70L-Maxpumps.jpg 750w, https:\/\/maybommini.vn\/wp-content\/uploads\/2019\/06\/May-bom-dau-12V-550W-70L-Maxpumps-300x300.jpg 300w, https:\/\/maybommini.vn\/wp-content\/uploads\/2019\/06\/May-bom-dau-12V-550W-70L-Maxpumps-150x150.jpg 150w, https:\/\/maybommini.vn\/wp-content\/uploads\/2019\/06\/May-bom-dau-12V-550W-70L-Maxpumps-600x600.jpg 600w\" sizes=\"(max-width: 750px) 100vw, 750px\" \/><\/a><\/p>\n<p><strong>TH\u00d4NG S\u1ed0 K\u1ef8 THU\u1eacT<br \/>\n<\/strong>Th\u01b0\u01a1ng hi\u1ec7u: MAXPUMPS<br \/>\nModel: XD-70-12-550<br \/>\n\u0110i\u1ec7n th\u1ebf : 12V DC<br \/>\nC\u00f4ng su\u1ea5t : 550W<br \/>\nL\u01b0u l\u01b0\u1ee3ng: 70L\/ph\u00fat<br \/>\nH\u00fat s\u00e2u: 2 &#8211; 3 m\u00e9t.<br \/>\n\u0110\u1ea9y cao: 15 m\u00e9t.<br \/>\n\u1ed0ng ra v\u00e0o: 32 mm.<br \/>\nCh\u1ea5t li\u1ec7u: Inox Gang \u0110\u1ed3ng Nh\u1ef1a ABS<br \/>\nM\u00e1y b\u01a1m t\u1ef1\u00a0\u0111\u1ed9ng m\u1ed3i.<br \/>\nTr\u1ecdng l\u01b0\u1ee3ng: 9.0 Kg<br \/>\nK\u00edch th\u01b0\u1edbc: 20 x 20 x 20 Cm.<br \/>\nT\u00ecnh tr\u1ea1ng: H\u00e0ng m\u1edbi 100%<br \/>\nB\u1ea3o h\u00e0nh: 6 th\u00e1ng.<br \/>\nKh\u00f4ng b\u1ea3o h\u00e0nh c\u00e1nh m\u00e1y b\u01a1m v\u00e0 ch\u1ed5i than.<br \/>\nC\u00e1nh m\u00e1y b\u01a1m v\u00e0 ch\u1ed5i than m\u00f2n thay m\u1edbi.<br \/>\nPh\u1ee5 ki\u1ec7n: \u0110\u1ea7u n\u1ed1i \u1ed1ng, L\u1ecdc inox.<\/p>\n<p><a href=\"https:\/\/maybommini.com\/wp-content\/uploads\/2019\/06\/Nha-cung-cap-may-bom-dau.jpg\" target=\"_blank\" rel=\"noopener\"><img decoding=\"async\" class=\"size-full wp-image-262174 aligncenter\" src=\"https:\/\/maybommini.com\/wp-content\/uploads\/2019\/06\/Nha-cung-cap-may-bom-dau.jpg\" alt=\"Nha Cung Cap May Bom Dau\" width=\"750\" height=\"750\" srcset=\"https:\/\/maybommini.vn\/wp-content\/uploads\/2019\/06\/Nha-cung-cap-may-bom-dau.jpg 750w, https:\/\/maybommini.vn\/wp-content\/uploads\/2019\/06\/Nha-cung-cap-may-bom-dau-300x300.jpg 300w, https:\/\/maybommini.vn\/wp-content\/uploads\/2019\/06\/Nha-cung-cap-may-bom-dau-150x150.jpg 150w, https:\/\/maybommini.vn\/wp-content\/uploads\/2019\/06\/Nha-cung-cap-may-bom-dau-600x600.jpg 600w\" sizes=\"(max-width: 750px) 100vw, 750px\" \/><\/a> <a href=\"https:\/\/maybommini.com\/wp-content\/uploads\/2019\/06\/May-bom-dau-DO-12V-70L-gia-re.jpg\" target=\"_blank\" rel=\"noopener\"><img decoding=\"async\" class=\"size-full wp-image-262172 aligncenter\" src=\"https:\/\/maybommini.com\/wp-content\/uploads\/2019\/06\/May-bom-dau-DO-12V-70L-gia-re.jpg\" alt=\"May Bom Dau DO 12V 70L Gia Re\" width=\"750\" height=\"750\" srcset=\"https:\/\/maybommini.vn\/wp-content\/uploads\/2019\/06\/May-bom-dau-DO-12V-70L-gia-re.jpg 750w, https:\/\/maybommini.vn\/wp-content\/uploads\/2019\/06\/May-bom-dau-DO-12V-70L-gia-re-300x300.jpg 300w, https:\/\/maybommini.vn\/wp-content\/uploads\/2019\/06\/May-bom-dau-DO-12V-70L-gia-re-150x150.jpg 150w, https:\/\/maybommini.vn\/wp-content\/uploads\/2019\/06\/May-bom-dau-DO-12V-70L-gia-re-600x600.jpg 600w\" sizes=\"(max-width: 750px) 100vw, 750px\" \/><\/a> <a href=\"https:\/\/maybommini.com\/wp-content\/uploads\/2019\/06\/Dong-co-may-bom-dau-DO-12V-24V.jpg\" target=\"_blank\" rel=\"noopener\"><img decoding=\"async\" class=\"size-full wp-image-262168 aligncenter\" src=\"https:\/\/maybommini.com\/wp-content\/uploads\/2019\/06\/Dong-co-may-bom-dau-DO-12V-24V.jpg\" alt=\"Dong Co May Bom Dau DO 12V 24V\" width=\"750\" height=\"750\" srcset=\"https:\/\/maybommini.vn\/wp-content\/uploads\/2019\/06\/Dong-co-may-bom-dau-DO-12V-24V.jpg 750w, https:\/\/maybommini.vn\/wp-content\/uploads\/2019\/06\/Dong-co-may-bom-dau-DO-12V-24V-300x300.jpg 300w, https:\/\/maybommini.vn\/wp-content\/uploads\/2019\/06\/Dong-co-may-bom-dau-DO-12V-24V-150x150.jpg 150w, https:\/\/maybommini.vn\/wp-content\/uploads\/2019\/06\/Dong-co-may-bom-dau-DO-12V-24V-600x600.jpg 600w\" sizes=\"(max-width: 750px) 100vw, 750px\" \/><\/a> <a href=\"https:\/\/maybommini.com\/wp-content\/uploads\/2019\/06\/Bo-phu-kien-may-bom-dau.jpg\" target=\"_blank\" rel=\"noopener\"><img decoding=\"async\" class=\"size-full wp-image-262167 aligncenter\" src=\"https:\/\/maybommini.com\/wp-content\/uploads\/2019\/06\/Bo-phu-kien-may-bom-dau.jpg\" alt=\"Bo Phu Kien May Bom Dau\" width=\"750\" height=\"750\" srcset=\"https:\/\/maybommini.vn\/wp-content\/uploads\/2019\/06\/Bo-phu-kien-may-bom-dau.jpg 750w, https:\/\/maybommini.vn\/wp-content\/uploads\/2019\/06\/Bo-phu-kien-may-bom-dau-300x300.jpg 300w, https:\/\/maybommini.vn\/wp-content\/uploads\/2019\/06\/Bo-phu-kien-may-bom-dau-150x150.jpg 150w, https:\/\/maybommini.vn\/wp-content\/uploads\/2019\/06\/Bo-phu-kien-may-bom-dau-600x600.jpg 600w\" sizes=\"(max-width: 750px) 100vw, 750px\" \/><\/a><\/p>\n<h3 style=\"text-align: center;\">M\u00e1y b\u01a1m d\u1ea7u 12V 550W 70L MAXPUMPS<\/h3>\n<p><a href=\"https:\/\/maybommini.com\/wp-content\/uploads\/2019\/06\/May-bom-dau-12V-550W-70L-Maxpumps-chinh-hang.jpg\" target=\"_blank\" rel=\"noopener\"><img decoding=\"async\" class=\"size-full wp-image-262170 aligncenter\" src=\"https:\/\/maybommini.com\/wp-content\/uploads\/2019\/06\/May-bom-dau-12V-550W-70L-Maxpumps-chinh-hang.jpg\" alt=\"May Bom Dau 12V 550W 70L Maxpumps Chinh Hang\" width=\"750\" height=\"750\" srcset=\"https:\/\/maybommini.vn\/wp-content\/uploads\/2019\/06\/May-bom-dau-12V-550W-70L-Maxpumps-chinh-hang.jpg 750w, https:\/\/maybommini.vn\/wp-content\/uploads\/2019\/06\/May-bom-dau-12V-550W-70L-Maxpumps-chinh-hang-300x300.jpg 300w, https:\/\/maybommini.vn\/wp-content\/uploads\/2019\/06\/May-bom-dau-12V-550W-70L-Maxpumps-chinh-hang-150x150.jpg 150w, https:\/\/maybommini.vn\/wp-content\/uploads\/2019\/06\/May-bom-dau-12V-550W-70L-Maxpumps-chinh-hang-600x600.jpg 600w\" sizes=\"(max-width: 750px) 100vw, 750px\" \/><\/a><\/p>\n<h3 style=\"text-align: center;\">Oil Pump Diesel Fuel Water Transfer Oil Suction Pump<\/h3>\n<p><strong>\u1ee8NG D\u1ee4NG M\u00c1Y B\u01a0M D\u1eb0U<\/strong><br \/>\n\u0110\u00e2y l\u00e0 lo\u1ea1i m\u00e1y b\u01a1m chuy\u00ean d\u1ee5ng trong vi\u1ec7c b\u01a1m nhi\u00ean li\u1ec7u cho xe\u00a0\u00d4to, t\u00e0u thuy\u1ec1n v\u00e0 c\u00e1c ph\u01b0\u01a1ng ti\u1ec7n kh\u00e1c.<br \/>\nD\u00f9ng b\u01a1m d\u1ea7u nh\u00e0 kho.<br \/>\nB\u01a1m d\u1ea7u v\u00e0o b\u1ed3n\u00a0ch\u1ee9a.<br \/>\nB\u01a1m nhi\u00ean li\u1ec7u t\u00e0u thuy\u1ec1n, x\u00e0 lan.<br \/>\nB\u01a1m d\u1ea7u xe t\u1ea3i.<br \/>\nB\u01a1m nh\u1edbt c\u00e1c lo\u1ea1i.<br \/>\nB\u01a1m sang chi\u1ebft nhi\u00ean li\u1ec7u.<br \/>\nM\u00e1y b\u01a1m d\u1ea7u h\u1ecfa.<br \/>\nM\u00e1y b\u01a1m d\u1ea7u\u00a0diesel.<br \/>\nB\u01a1m h\u00fat n\u01b0\u1edbc.<br \/>\nV\u00e0 d\u00f9ng b\u01a1m c\u00e1c lo\u1ea1i ch\u1ea5t l\u1ecfng kh\u00e1c.<br \/>\n<a href=\"https:\/\/maybommini.com\/wp-content\/uploads\/2019\/06\/Su-dung-may-bom-dau.jpg\" target=\"_blank\" rel=\"noopener\"><img decoding=\"async\" class=\"size-full wp-image-262175 aligncenter\" src=\"https:\/\/maybommini.com\/wp-content\/uploads\/2019\/06\/Su-dung-may-bom-dau.jpg\" alt=\"Su Dung May Bom Dau\" width=\"750\" height=\"750\" srcset=\"https:\/\/maybommini.vn\/wp-content\/uploads\/2019\/06\/Su-dung-may-bom-dau.jpg 750w, https:\/\/maybommini.vn\/wp-content\/uploads\/2019\/06\/Su-dung-may-bom-dau-300x300.jpg 300w, https:\/\/maybommini.vn\/wp-content\/uploads\/2019\/06\/Su-dung-may-bom-dau-150x150.jpg 150w, https:\/\/maybommini.vn\/wp-content\/uploads\/2019\/06\/Su-dung-may-bom-dau-600x600.jpg 600w\" sizes=\"(max-width: 750px) 100vw, 750px\" \/><\/a><\/p>\n<p><a href=\"https:\/\/maybommini.com\/wp-content\/uploads\/2018\/09\/cung-cap-may-bom-xang-dau-so-1-VN.jpg\" target=\"_blank\" rel=\"noopener\"><img decoding=\"async\" class=\"aligncenter wp-image-260127\" src=\"https:\/\/maybommini.com\/wp-content\/uploads\/2018\/09\/cung-cap-may-bom-xang-dau-so-1-VN.jpg\" alt=\"Cung Cap May Bom Xang Dau So 1 VN\" width=\"750\" height=\"750\" srcset=\"https:\/\/maybommini.vn\/wp-content\/uploads\/2018\/09\/cung-cap-may-bom-xang-dau-so-1-VN.jpg 820w, https:\/\/maybommini.vn\/wp-content\/uploads\/2018\/09\/cung-cap-may-bom-xang-dau-so-1-VN-300x300.jpg 300w, https:\/\/maybommini.vn\/wp-content\/uploads\/2018\/09\/cung-cap-may-bom-xang-dau-so-1-VN-150x150.jpg 150w, https:\/\/maybommini.vn\/wp-content\/uploads\/2018\/09\/cung-cap-may-bom-xang-dau-so-1-VN-600x600.jpg 600w\" sizes=\"(max-width: 750px) 100vw, 750px\" \/><\/a><\/p>\n<p><strong>CH\u00cdNH S\u00c1CH B\u1ea2O H\u00c0NH M\u00c1Y B\u01a0M X\u0102NG D\u1ea6U NH\u1edaT<\/strong><br \/>\nM\u00e1y b\u01a1m x\u0103ng d\u1ea7u nh\u1edbt b\u1ea3o h\u00e0nh motor t\u1eeb 3 th\u00e1ng \u0111\u1ebfn 12 th\u00e1ng t\u00f9y lo\u1ea1i.<br \/>\nM\u00e1y b\u01a1m x\u0103ng d\u1ea7u kh\u00f4ng b\u1ea3o h\u00e0nh ph\u1ee5 ki\u1ec7n k\u00e8m theo.<br \/>\nKh\u00f4ng b\u1ea3o h\u00e0nh c\u00e1nh m\u00e1y b\u01a1m, m\u00f2n thay m\u1edbi.<br \/>\nKh\u00f4ng b\u1ea3o h\u00e0nh ch\u1ed5i than, m\u00f2n thay m\u1edbi.<\/p>\n<p><a href=\"https:\/\/maybommini.com\/wp-content\/uploads\/2019\/06\/May-bom-day-chinh-hang-550W.jpg\" target=\"_blank\" rel=\"noopener\"><img decoding=\"async\" class=\"size-full wp-image-262173 aligncenter\" src=\"https:\/\/maybommini.com\/wp-content\/uploads\/2019\/06\/May-bom-day-chinh-hang-550W.jpg\" alt=\"May Bom Day Chinh Hang 550W\" width=\"750\" height=\"750\" srcset=\"https:\/\/maybommini.vn\/wp-content\/uploads\/2019\/06\/May-bom-day-chinh-hang-550W.jpg 750w, https:\/\/maybommini.vn\/wp-content\/uploads\/2019\/06\/May-bom-day-chinh-hang-550W-300x300.jpg 300w, https:\/\/maybommini.vn\/wp-content\/uploads\/2019\/06\/May-bom-day-chinh-hang-550W-150x150.jpg 150w, https:\/\/maybommini.vn\/wp-content\/uploads\/2019\/06\/May-bom-day-chinh-hang-550W-600x600.jpg 600w\" sizes=\"(max-width: 750px) 100vw, 750px\" \/><\/a><\/p>\n<p><strong>LI\u00caN H\u1ec6 MUA M\u00c1Y B\u01a0M X\u0102NG D\u1ea6U NH\u1edaT<\/strong><br \/>\nCh\u00fang t\u00f4i nh\u00e0 cung c\u1ea5p h\u00e0ng \u0111\u1ea7u c\u00e1c lo\u1ea1i m\u00e1y b\u01a1m nhi\u00ean nhi\u1ec7u cao c\u1ea5p 12V 24V 220V t\u1ea1i Vi\u1ec7t Nam b\u1ea3o h\u00e0nh l\u00e2u d\u00e0i c\u00f3 gi\u00e1 t\u1ed1t nh\u1ea5t uy t\u00edn. Li\u00ean h\u1ec7 mua m\u00e1y b\u01a1m tr\u1ef1c ti\u1ebfp ho\u1eb7c \u0111\u1eb7t h\u00e0ng online \u0111\u1ec3 \u0111\u01b0\u1ee3c h\u1ed5 tr\u1ee3 t\u1ed1t nh\u1ea5t.<br \/>\nM\u00e1y B\u01a1m Mini c\u00f3 giao h\u00e0ng to\u00e0n qu\u1ed1c v\u00e0 thu ti\u1ec1n khi nh\u1eadn h\u00e0ng t\u1ea1i nh\u00e0 uy t\u00edn ch\u1ea5t l\u01b0\u1ee3ng.<\/p>\n<p><a href=\"https:\/\/maybommini.com\/wp-content\/uploads\/2019\/06\/May-bom-dau-12V-550W-70L-Maxpumps.jpg\" target=\"_blank\" rel=\"noopener\"><img decoding=\"async\" class=\"size-full wp-image-262169 aligncenter\" src=\"https:\/\/maybommini.com\/wp-content\/uploads\/2019\/06\/May-bom-dau-12V-550W-70L-Maxpumps.jpg\" alt=\"May Bom Dau 12V 550W 70L Maxpumps\" width=\"750\" height=\"750\" srcset=\"https:\/\/maybommini.vn\/wp-content\/uploads\/2019\/06\/May-bom-dau-12V-550W-70L-Maxpumps.jpg 750w, https:\/\/maybommini.vn\/wp-content\/uploads\/2019\/06\/May-bom-dau-12V-550W-70L-Maxpumps-300x300.jpg 300w, https:\/\/maybommini.vn\/wp-content\/uploads\/2019\/06\/May-bom-dau-12V-550W-70L-Maxpumps-150x150.jpg 150w, https:\/\/maybommini.vn\/wp-content\/uploads\/2019\/06\/May-bom-dau-12V-550W-70L-Maxpumps-600x600.jpg 600w\" sizes=\"(max-width: 750px) 100vw, 750px\" \/><\/a><\/p>\n<p><strong>CTY TNHH TH\u01af\u01a0NG M\u1ea0I D\u1ecaCH V\u1ee4 \u0110I\u1ec6N M\u00c1Y TH\u00d4NG MINH<\/strong><br \/>\nHotline: 090 729 4310<br \/>\nEmail: maybommini.com@gmail.com<br \/>\nWebsite: <a href=\"https:\/\/maybommini.com\" target=\"_blank\" rel=\"noopener\">https:\/\/maybommini.com<\/a><br \/>\nFacebook: <a href=\"https:\/\/www.facebook.com\/maybommini\" target=\"_blank\" rel=\"noopener\">https:\/\/www.facebook.com\/maybommini<\/a><br \/>\nGoogle : <a href=\"https:\/\/plus.google.com\/ Maybomnuocminiruaxe\" target=\"_blank\" rel=\"noopener\">https:\/\/plus.google.com\/ Maybomnuocminiruaxe<\/a><br \/>\nYoutube demo: <a href=\"https:\/\/www.youtube.com\/bahamasali\" target=\"_blank\" rel=\"noopener\">https:\/\/www.youtube.com\/bahamasali<\/a><\/p>\n<h3 style=\"text-align: center;\">B\u00e1n M\u00e1y b\u01a1m d\u1ea7u 12V 550W 70L MAXPUMPS<\/h3>\n","protected":false},"excerpt":{"rendered":"<p><span style=\"color: #000000;\">Th\u01b0\u01a1ng hi\u1ec7u: MAXPUMPS<br \/>\nModel: XD-70-12-550<br \/>\n\u0110i\u1ec7n th\u1ebf : 12V DC<br \/>\nC\u00f4ng su\u1ea5t : 550W<br \/>\nL\u01b0u l\u01b0\u1ee3ng: 70L\/ph\u00fat<br \/>\nH\u00fat s\u00e2u: 2 &#8211; 3 m\u00e9t.<br \/>\n\u0110\u1ea9y cao: 15 m\u00e9t.<br \/>\n\u1ed0ng ra v\u00e0o: 32 mm.<br \/>\nCh\u1ea5t li\u1ec7u: Inox Gang \u0110\u1ed3ng Nh\u1ef1a ABS<br \/>\nM\u00e1y b\u01a1m t\u1ef1\u00a0\u0111\u1ed9ng m\u1ed3i.<br \/>\nTr\u1ecdng l\u01b0\u1ee3ng: 9.0 Kg<br \/>\nK\u00edch th\u01b0\u1edbc: 20 x 20 x 20 Cm.<br \/>\nPh\u1ee5 ki\u1ec7n: \u0110\u1ea7u n\u1ed1i \u1ed1ng, L\u1ecdc inox.<br \/>\nT\u00ecnh tr\u1ea1ng: H\u00e0ng m\u1edbi 100%<br \/>\nB\u1ea3o h\u00e0nh: 6 th\u00e1ng.<br \/>\nKh\u00f4ng b\u1ea3o h\u00e0nh c\u00e1nh m\u00e1y b\u01a1m v\u00e0 ch\u1ed5i than.<br \/>\nC\u00e1nh m\u00e1y b\u01a1m v\u00e0 ch\u1ed5i than m\u00f2n thay m\u1edbi.<br \/>\nKh\u1eb3ng \u0111\u1ecbnh \u0111\u1ed9 an to\u00e0n, ch\u1ea5t l\u01b0\u1ee3ng s\u1ea3n ph\u1ea9m v\u1edbi ng\u01b0\u1eddi ti\u00eau dung.<br \/>\nPh\u00e2n ph\u1ed1i:\u00a0<a href=\"https:\/\/maybomminimbm.vn\/\">M\u00e1y B\u01a1m Mini MBM<\/a><br \/>\nS\u1ea3n ph\u1ea9m cao c\u1ea5p<br \/>\n<\/span><\/p>\n","protected":false},"featured_media":262169,"comment_status":"open","ping_status":"closed","template":"","meta":[],"product_brand":[60],"product_cat":[1115,383],"product_tag":[267,500,488,1155,2848,387,388,1241,858,1989,1103,2002,206,523,859,527,529,2849,2850],"class_list":{"0":"post-262164","1":"product","2":"type-product","3":"status-publish","4":"has-post-thumbnail","6":"product_brand-maxpumps","7":"product_cat-may-bom-xang-dau-nhot-12v","8":"product_cat-may-bom-xang-dau-nhot","9":"product_tag-12v","10":"product_tag-220v","11":"product_tag-24v","12":"product_tag-550w","13":"product_tag-70l","14":"product_tag-bom-dau","15":"product_tag-bom-dau-diesel","16":"product_tag-bom-tu-hut","17":"product_tag-bom-xang","18":"product_tag-bom-xang-dau","19":"product_tag-diesel","20":"product_tag-maxpumps","21":"product_tag-may-bom-12v","22":"product_tag-may-bom-dau","23":"product_tag-may-bom-nhot","24":"product_tag-may-bom-xang","25":"product_tag-may-bom-xang-dau-nhot","26":"product_tag-oil-pump-diesel","27":"product_tag-oil-suction-pump","29":"first","30":"instock","31":"sale","32":"featured","33":"shipping-taxable","34":"purchasable","35":"product-type-simple"},"_links":{"self":[{"href":"https:\/\/maybommini.vn\/index.php?rest_route=\/wp\/v2\/product\/262164","targetHints":{"allow":["GET"]}}],"collection":[{"href":"https:\/\/maybommini.vn\/index.php?rest_route=\/wp\/v2\/product"}],"about":[{"href":"https:\/\/maybommini.vn\/index.php?rest_route=\/wp\/v2\/types\/product"}],"replies":[{"embeddable":true,"href":"https:\/\/maybommini.vn\/index.php?rest_route=%2Fwp%2Fv2%2Fcomments&post=262164"}],"wp:featuredmedia":[{"embeddable":true,"href":"https:\/\/maybommini.vn\/index.php?rest_route=\/wp\/v2\/media\/262169"}],"wp:attachment":[{"href":"https:\/\/maybommini.vn\/index.php?rest_route=%2Fwp%2Fv2%2Fmedia&parent=262164"}],"wp:term":[{"taxonomy":"product_brand","embeddable":true,"href":"https:\/\/maybommini.vn\/index.php?rest_route=%2Fwp%2Fv2%2Fproduct_brand&post=262164"},{"taxonomy":"product_cat","embeddable":true,"href":"https:\/\/maybommini.vn\/index.php?rest_route=%2Fwp%2Fv2%2Fproduct_cat&post=262164"},{"taxonomy":"product_tag","embeddable":true,"href":"https:\/\/maybommini.vn\/index.php?rest_route=%2Fwp%2Fv2%2Fproduct_tag&post=262164"}],"curies":[{"name":"wp","href":"https:\/\/api.w.org\/{rel}","templated":true}]}}