{"id":262253,"date":"2019-06-18T19:49:11","date_gmt":"2019-06-18T12:49:11","guid":{"rendered":"https:\/\/maybommini.com\/?post_type=product&#038;p=262253"},"modified":"2025-08-22T08:24:07","modified_gmt":"2025-08-22T01:24:07","slug":"ong-day-ap-luc-cao-crocodile-korea-8-5mm-blue","status":"publish","type":"product","link":"https:\/\/maybommini.vn\/?product=ong-day-ap-luc-cao-crocodile-korea-8-5mm-blue","title":{"rendered":"\u1ed0ng d\u00e2y \u00e1p l\u1ef1c cao Crocodile Korea 8.5mm Blue"},"content":{"rendered":"<p><em><strong>Cung c\u1ea5p ph\u00e2n ph\u1ed1i s\u1ec9 v\u00e0 l\u1ebb \u1ed1ng d\u00e2y \u00e1p l\u1ef1c cao Crocodile Korea 8.5mm ch\u00ednh h\u00e3ng gi\u00e1 t\u1ed1t. \u0110\u00e2y l\u00e0 \u1ed1ng chuy\u00ean d\u1ee5ng cho nhi\u1ec1u nhu c\u1ea7u kh\u00e1c nhau nh\u01b0 s\u1eed d\u1ee5ng cho m\u00e1y r\u1eeda xe \u00e1p l\u1ef1c cao, \u1ed1ng phun thu\u1ed1c s\u00e2u, \u1ed1ng b\u01a1m n\u01b0\u1edbc, \u1ed1ng r\u1eeda xe, \u1ed1ng b\u01a1m h\u01a1i.<\/strong><\/em><\/p>\n<p><a href=\"https:\/\/maybommini.com\/wp-content\/uploads\/2019\/06\/Ong-day-ap-luc-cao-Crocodile-8.5mm-chinh-hang-mau-xanh.jpg\" target=\"_blank\" rel=\"noopener\"><img decoding=\"async\" class=\"size-full wp-image-262244 aligncenter\" src=\"https:\/\/maybommini.com\/wp-content\/uploads\/2019\/06\/Ong-day-ap-luc-cao-Crocodile-8.5mm-chinh-hang-mau-xanh.jpg\" alt=\"Ong Day Ap Luc Cao Crocodile 8.5mm Chinh Hang Mau Xanh\" width=\"750\" height=\"750\" srcset=\"https:\/\/maybommini.vn\/wp-content\/uploads\/2019\/06\/Ong-day-ap-luc-cao-Crocodile-8.5mm-chinh-hang-mau-xanh.jpg 750w, https:\/\/maybommini.vn\/wp-content\/uploads\/2019\/06\/Ong-day-ap-luc-cao-Crocodile-8.5mm-chinh-hang-mau-xanh-300x300.jpg 300w, https:\/\/maybommini.vn\/wp-content\/uploads\/2019\/06\/Ong-day-ap-luc-cao-Crocodile-8.5mm-chinh-hang-mau-xanh-150x150.jpg 150w, https:\/\/maybommini.vn\/wp-content\/uploads\/2019\/06\/Ong-day-ap-luc-cao-Crocodile-8.5mm-chinh-hang-mau-xanh-600x600.jpg 600w\" sizes=\"(max-width: 750px) 100vw, 750px\" \/><\/a><\/p>\n<p><strong>TH\u00d4NG S\u1ed0 K\u1ef8 THU\u1eacT<br \/>\n<\/strong>Th\u01b0\u01a1ng hi\u1ec7u:\u00a0CROCODILE<strong><br \/>\n<\/strong>Model: CROCODILE-8.5-BLUE<br \/>\nM\u00e0u s\u1eafc: Xanh.<br \/>\nCh\u1ea5t li\u1ec7u: Nh\u1ef1a PVC- Kim lo\u1ea1i.<br \/>\nCh\u1ecbu \u00e1p l\u1ef1c: 500 Kg\/cm.<br \/>\nRen k\u1ebft n\u1ed1i: 13mm.<br \/>\n\u0110\u01b0\u1eddng k\u00edn trong: 8.5 mm<br \/>\nNhi\u1ec7t \u0111\u1ed9: &lt; 60 \u0111\u1ed9 C.<br \/>\nCh\u1ecbu u\u1ed1n c\u00f4ng t\u1ed1t.<br \/>\nMade in Korea.<br \/>\nCu\u1ed9n 50 m\u00e9t.<br \/>\nCu\u1ed9n 100 m\u00e9t.<br \/>\nC\u00f3 l\u1ebb t\u00ednh m\u00e9t theo y\u00eau c\u1ea7u.<\/p>\n<p><a href=\"https:\/\/maybommini.com\/wp-content\/uploads\/2019\/06\/Ban-ong-ca-sau-Korea-gia-re.jpg\" target=\"_blank\" rel=\"noopener\"><img decoding=\"async\" class=\"size-full wp-image-262233 aligncenter\" src=\"https:\/\/maybommini.com\/wp-content\/uploads\/2019\/06\/Ban-ong-ca-sau-Korea-gia-re.jpg\" alt=\"Ban Ong Ca Sau Korea Gia Re\" width=\"750\" height=\"750\" srcset=\"https:\/\/maybommini.vn\/wp-content\/uploads\/2019\/06\/Ban-ong-ca-sau-Korea-gia-re.jpg 750w, https:\/\/maybommini.vn\/wp-content\/uploads\/2019\/06\/Ban-ong-ca-sau-Korea-gia-re-300x300.jpg 300w, https:\/\/maybommini.vn\/wp-content\/uploads\/2019\/06\/Ban-ong-ca-sau-Korea-gia-re-150x150.jpg 150w, https:\/\/maybommini.vn\/wp-content\/uploads\/2019\/06\/Ban-ong-ca-sau-Korea-gia-re-600x600.jpg 600w\" sizes=\"(max-width: 750px) 100vw, 750px\" \/><\/a> <a href=\"https:\/\/maybommini.com\/wp-content\/uploads\/2019\/06\/Chuyen-cac-loai-ong-rua-xe-ap-luc-cao.jpg\" target=\"_blank\" rel=\"noopener\"><img decoding=\"async\" class=\"size-full wp-image-262235 aligncenter\" src=\"https:\/\/maybommini.com\/wp-content\/uploads\/2019\/06\/Chuyen-cac-loai-ong-rua-xe-ap-luc-cao.jpg\" alt=\"Chuyen Cac Loai Ong Rua Xe Ap Luc Cao\" width=\"750\" height=\"750\" srcset=\"https:\/\/maybommini.vn\/wp-content\/uploads\/2019\/06\/Chuyen-cac-loai-ong-rua-xe-ap-luc-cao.jpg 750w, https:\/\/maybommini.vn\/wp-content\/uploads\/2019\/06\/Chuyen-cac-loai-ong-rua-xe-ap-luc-cao-300x300.jpg 300w, https:\/\/maybommini.vn\/wp-content\/uploads\/2019\/06\/Chuyen-cac-loai-ong-rua-xe-ap-luc-cao-150x150.jpg 150w, https:\/\/maybommini.vn\/wp-content\/uploads\/2019\/06\/Chuyen-cac-loai-ong-rua-xe-ap-luc-cao-600x600.jpg 600w\" sizes=\"(max-width: 750px) 100vw, 750px\" \/><\/a> <a href=\"https:\/\/maybommini.com\/wp-content\/uploads\/2019\/06\/Crocodile-Korea-chinh-hang.jpg\" target=\"_blank\" rel=\"noopener\"><img decoding=\"async\" class=\"size-full wp-image-262236 aligncenter\" src=\"https:\/\/maybommini.com\/wp-content\/uploads\/2019\/06\/Crocodile-Korea-chinh-hang.jpg\" alt=\"Crocodile Korea Chinh Hang\" width=\"750\" height=\"750\" srcset=\"https:\/\/maybommini.vn\/wp-content\/uploads\/2019\/06\/Crocodile-Korea-chinh-hang.jpg 750w, https:\/\/maybommini.vn\/wp-content\/uploads\/2019\/06\/Crocodile-Korea-chinh-hang-300x300.jpg 300w, https:\/\/maybommini.vn\/wp-content\/uploads\/2019\/06\/Crocodile-Korea-chinh-hang-150x150.jpg 150w, https:\/\/maybommini.vn\/wp-content\/uploads\/2019\/06\/Crocodile-Korea-chinh-hang-600x600.jpg 600w\" sizes=\"(max-width: 750px) 100vw, 750px\" \/><\/a><\/p>\n<p>&nbsp;<\/p>\n<p><strong>S\u1eec D\u1ee4NG D\u00c2Y\u00a0\u00c1P L\u1ef0C CAO\u00a0CROCODILE<\/strong><br \/>\n\u1ed0ng r\u1eeda xe \u00e1p l\u1ef1c cao.<br \/>\n\u1ed0ng m\u00e1y b\u01a1m phun thu\u1ed1c tr\u1eeb s\u00e2u.<br \/>\n\u1ed0ng d\u1ea9n n\u01b0\u1edbc \u0111i xa.<br \/>\nD\u00f9ng cho m\u00e1y b\u01a1m c\u1ea5p n\u01b0\u1edbc.<br \/>\n\u1ed0ng b\u01a1m h\u01a1i, \u1ed1ng b\u01a1m kh\u00ed n\u00e9n.<br \/>\nD\u00f9ng thay th\u1ebf d\u00e2y\u00a0\u00e1p l\u1ef1c cao theo m\u00e1y.<br \/>\nD\u00f9ng n\u1ed1i d\u00e0i th\u00eam d\u00e2y m\u00e1y r\u1eeda xe.<br \/>\n\u0110\u00e2y l\u00e0 lo\u1ea1i d\u00e2y si\u00eau b\u1ec1n d\u00f9ng r\u1eeda xe k\u00e8m v\u1edbi m\u00e1y b\u01a1m n\u01b0\u1edbc, m\u00e1y \u00e1p l\u1ef1c cao\u00a0m\u00e0 ch\u00fang t\u00f4i cung c\u1ea5p.<\/p>\n<p><a href=\"https:\/\/maybommini.com\/wp-content\/uploads\/2019\/06\/Su-dung-ong-ap-luc-cao.jpg\" target=\"_blank\" rel=\"noopener\"><img decoding=\"async\" class=\"size-full wp-image-262250 aligncenter\" src=\"https:\/\/maybommini.com\/wp-content\/uploads\/2019\/06\/Su-dung-ong-ap-luc-cao.jpg\" alt=\"Su Dung Ong Ap Luc Cao\" width=\"750\" height=\"750\" srcset=\"https:\/\/maybommini.vn\/wp-content\/uploads\/2019\/06\/Su-dung-ong-ap-luc-cao.jpg 750w, https:\/\/maybommini.vn\/wp-content\/uploads\/2019\/06\/Su-dung-ong-ap-luc-cao-300x300.jpg 300w, https:\/\/maybommini.vn\/wp-content\/uploads\/2019\/06\/Su-dung-ong-ap-luc-cao-150x150.jpg 150w, https:\/\/maybommini.vn\/wp-content\/uploads\/2019\/06\/Su-dung-ong-ap-luc-cao-600x600.jpg 600w\" sizes=\"(max-width: 750px) 100vw, 750px\" \/><\/a><\/p>\n<p><strong>NH\u00c0 PH\u00c2N PH\u1ed0I \u1ed0NG D\u00c2Y C\u00c1 S\u00c2U &#8211;\u00a0CROCODILE KOREA<br \/>\n<\/strong>Chuy\u00ean ph\u00e2n ph\u1ed1i c\u00e1c lo\u1ea1i \u1ed1ng d\u00e2y \u00e1p l\u1ef1c Crocodile Korea ch\u00ednh h\u00e3ng v\u1edbi nhi\u1ec1u lo\u1ea1i v\u00e0 model kh\u00e1c nhau v\u1edbi ch\u1ea5t l\u01b0\u1ee3ng v\u00e0 gi\u00e1 t\u1ed1t nh\u1ea5t cho c\u00e1 nh\u00e2n v\u00e0 doanh nghi\u1ec7p c\u00f3 nhu c\u1ea7u s\u1ed1 l\u01b0\u1ee3ng l\u1edbn.<\/p>\n<p><a href=\"https:\/\/maybommini.com\/wp-content\/uploads\/2019\/06\/Ban-ong-day-ca-sau-chinh-hang.jpg\" target=\"_blank\" rel=\"noopener\"><img decoding=\"async\" class=\"size-full wp-image-262234 aligncenter\" src=\"https:\/\/maybommini.com\/wp-content\/uploads\/2019\/06\/Ban-ong-day-ca-sau-chinh-hang.jpg\" alt=\"Ban Ong Day Ca Sau Chinh Hang\" width=\"750\" height=\"750\" srcset=\"https:\/\/maybommini.vn\/wp-content\/uploads\/2019\/06\/Ban-ong-day-ca-sau-chinh-hang.jpg 750w, https:\/\/maybommini.vn\/wp-content\/uploads\/2019\/06\/Ban-ong-day-ca-sau-chinh-hang-300x300.jpg 300w, https:\/\/maybommini.vn\/wp-content\/uploads\/2019\/06\/Ban-ong-day-ca-sau-chinh-hang-150x150.jpg 150w, https:\/\/maybommini.vn\/wp-content\/uploads\/2019\/06\/Ban-ong-day-ca-sau-chinh-hang-600x600.jpg 600w\" sizes=\"(max-width: 750px) 100vw, 750px\" \/><\/a><\/p>\n<p><strong>MUA\u00a0\u1ed0NG D\u00c2Y\u00a0\u00c1P L\u1ef0C CAO CROCODILE \u1ede\u00a0\u0110\u00c2U ?<\/strong><br \/>\nM\u1ecdi chi ti\u1ebft vui l\u00f2ng li\u00ean h\u1ec7 tr\u1ef1c ti\u1ebfp cho ch\u00fang t\u00f4i \u0111\u1ec3 \u0111\u01b0\u1ee3c t\u01b0 v\u1ea5n theo nhu c\u1ea7u \u0111\u1ec3 c\u00f3 \u0111\u01b0\u1ee3c b\u1ed9 s\u1ea3n ph\u1ea9m t\u1ed1t nh\u1ea5t v\u00e0 ti\u1ebft ki\u1ec7m.\u00a0B\u1ea1n \u1edf xa v\u1eabn c\u00f3 th\u1ec3 mua h\u00e0ng v\u00e0 giao h\u00e0ng thanh to\u00e1n ti\u1ec1n t\u1ea1i nh\u00e0.<br \/>\n<strong>Hotline :<\/strong>\u00a0090 729 4310 &#8211; 02873030399<br \/>\n<strong>Email :<\/strong>\u00a0maybommini.com@gmail.com<br \/>\n<strong>Website :<\/strong>\u00a0<a href=\"https:\/\/maybommini.com\/\" target=\"_blank\" rel=\"noopener\">https:\/\/maybommini.com<\/a><br \/>\n<strong>Facebook :<\/strong>\u00a0<a href=\"https:\/\/www.facebook.com\/maybommini\" target=\"_blank\" rel=\"noopener\">https:\/\/www.facebook.com\/maybommini<\/a><br \/>\n<strong>Google :<\/strong>\u00a0<a href=\"https:\/\/plus.google.com\/ Maybomnuocminiruaxe\" target=\"_blank\" rel=\"noopener\">https:\/\/plus.google.com\/ Maybomnuocminiruaxe<\/a><br \/>\n<strong>Youtube demo :<\/strong>\u00a0<a href=\"https:\/\/www.youtube.com\/bahamasali\" target=\"_blank\" rel=\"noopener\">https:\/\/www.youtube.com\/bahamasali<\/a><\/p>\n<h3 style=\"text-align: center;\"><em><strong><a href=\"https:\/\/maybommini.com\/san-pham\/ong-day-ap-luc-cao-crocodile-korea-8-5mm-gold\" target=\"_blank\" rel=\"noopener noreferrer\">\u1ed0ng d\u00e2y \u00e1p l\u1ef1c cao Crocodile Korea 8.5mm Gold<\/a><br \/>\n\u1ed0ng d\u00e2y \u00e1p l\u1ef1c cao Crocodile Korea 8.5mm Blue<br \/>\n<\/strong><\/em><\/h3>\n","protected":false},"excerpt":{"rendered":"<p>Th\u01b0\u01a1ng hi\u1ec7u:\u00a0CROCODILE<strong><br \/>\n<\/strong>Model: CROCODILE-8.5-BLUE<br \/>\nM\u00e0u s\u1eafc: Xanh.<br \/>\nCh\u1ea5t li\u1ec7u: Nh\u1ef1a PVC- Kim lo\u1ea1i.<br \/>\nCh\u1ecbu \u00e1p l\u1ef1c: 500 Kg\/cm.<br \/>\nRen k\u1ebft n\u1ed1i: 13mm.<br \/>\n\u0110\u01b0\u1eddng k\u00edn trong: 8.5 mm<br \/>\nNhi\u1ec7t \u0111\u1ed9: &lt; 60 \u0111\u1ed9 C.<br \/>\nCh\u1ecbu u\u1ed1n c\u00f4ng t\u1ed1t.<br \/>\nMade in Korea.<br \/>\nCu\u1ed9n 50 m\u00e9t.<br \/>\nCu\u1ed9n 100 m\u00e9t.<br \/>\nC\u00f3 l\u1ebb t\u00ednh m\u00e9t theo y\u00eau c\u1ea7u.<br \/>\nS\u1ea3n ph\u1ea9m cao c\u1ea5p.<br \/>\nKh\u1eb3ng \u0111\u1ecbnh \u0111\u1ed9 an to\u00e0n.<br \/>\n\u0110\u1ea3m b\u1ea3o ch\u1ea5t l\u01b0\u1ee3ng v\u1edbi ng\u01b0\u1eddi ti\u00eau dung.<\/p>\n","protected":false},"featured_media":262244,"comment_status":"open","ping_status":"closed","template":"","meta":[],"product_brand":[2857],"product_cat":[2034,214],"product_tag":[2864,372,802,907,2863,2862,2858,889,2856,908,1536,478,759,760,2855,246,2859,2161,247,923,248,249,2861,2860,250],"class_list":{"0":"post-262253","1":"product","2":"type-product","3":"status-publish","4":"has-post-thumbnail","6":"product_brand-crocodile","7":"product_cat-ong-day","8":"product_cat-phu-kien-bom-nuoc","9":"product_tag-8-5mm","10":"product_tag-ap-luc-cao","11":"product_tag-cao-ap","12":"product_tag-crocodile","13":"product_tag-crocodile-10mm","14":"product_tag-crocodile-8-5mm","15":"product_tag-crocodile-korea","16":"product_tag-day-ap-luc","17":"product_tag-day-bo","18":"product_tag-day-ca-sau","19":"product_tag-day-may-rua-xe","20":"product_tag-day-rua-xe","21":"product_tag-ong-ap-luc","22":"product_tag-ong-ap-luc-cao","23":"product_tag-ong-bo-ap-luc-cao","24":"product_tag-ong-day","25":"product_tag-ong-day-han-quoc","26":"product_tag-ong-day-may-rua-xe","27":"product_tag-ong-day-rua-xe","28":"product_tag-ong-nuoc","29":"product_tag-ong-nuoc-ap-luc","30":"product_tag-phu-kien-rua-xe","31":"product_tag-spray-hose","32":"product_tag-spray-nozzle","33":"product_tag-sung-phun-nuoc-ap-luc","35":"first","36":"instock","37":"sale","38":"featured","39":"shipping-taxable","40":"purchasable","41":"product-type-simple"},"_links":{"self":[{"href":"https:\/\/maybommini.vn\/index.php?rest_route=\/wp\/v2\/product\/262253","targetHints":{"allow":["GET"]}}],"collection":[{"href":"https:\/\/maybommini.vn\/index.php?rest_route=\/wp\/v2\/product"}],"about":[{"href":"https:\/\/maybommini.vn\/index.php?rest_route=\/wp\/v2\/types\/product"}],"replies":[{"embeddable":true,"href":"https:\/\/maybommini.vn\/index.php?rest_route=%2Fwp%2Fv2%2Fcomments&post=262253"}],"wp:featuredmedia":[{"embeddable":true,"href":"https:\/\/maybommini.vn\/index.php?rest_route=\/wp\/v2\/media\/262244"}],"wp:attachment":[{"href":"https:\/\/maybommini.vn\/index.php?rest_route=%2Fwp%2Fv2%2Fmedia&parent=262253"}],"wp:term":[{"taxonomy":"product_brand","embeddable":true,"href":"https:\/\/maybommini.vn\/index.php?rest_route=%2Fwp%2Fv2%2Fproduct_brand&post=262253"},{"taxonomy":"product_cat","embeddable":true,"href":"https:\/\/maybommini.vn\/index.php?rest_route=%2Fwp%2Fv2%2Fproduct_cat&post=262253"},{"taxonomy":"product_tag","embeddable":true,"href":"https:\/\/maybommini.vn\/index.php?rest_route=%2Fwp%2Fv2%2Fproduct_tag&post=262253"}],"curies":[{"name":"wp","href":"https:\/\/api.w.org\/{rel}","templated":true}]}}