{"id":262497,"date":"2019-07-09T10:44:37","date_gmt":"2019-07-09T03:44:37","guid":{"rendered":"https:\/\/maybommini.com\/?post_type=product&#038;p=262497"},"modified":"2020-05-23T14:27:03","modified_gmt":"2020-05-23T07:27:03","slug":"may-thoi-va-hut-bui-cam-tay-220v-1000w","status":"publish","type":"product","link":"https:\/\/maybommini.vn\/?product=may-thoi-va-hut-bui-cam-tay-220v-1000w","title":{"rendered":"M\u00e1y th\u1ed5i v\u00e0 h\u00fat b\u1ee5i c\u1ea7m tay 220V 1000W"},"content":{"rendered":"<p><em><strong>Ph\u00e2n ph\u1ed1i b\u00e1n s\u1ec9 v\u00e0 l\u1ebb\u00a0 m\u00e1y th\u1ed5i v\u00e0 h\u00fat b\u1ee5i c\u1ea7m tay 220V 1000W l\u00e0 lo\u1ea1i m\u00e1y d\u00f9ng th\u1ed5i b\u1ee5i v\u1ec7 sinh thi\u1ebft b\u1ecb m\u00e1y vi t\u00ednh, th\u1ed5i b\u1ee5i xe oto v\u00e0 nh\u00e0 c\u1eeda trong gia\u00a0\u0111\u00ecnh. M\u00e1y c\u00f3 thi\u1ebft k\u1ebf g\u1ecdn nh\u1eb9 d\u00f9ng\u00a0\u0111i\u1ec7n 220V an to\u00e0n v\u00e0 c\u00f3 l\u1ef1c th\u1ed5i v\u00e0 h\u00fat kh\u00e1 m\u1ea1nh.<\/strong><\/em><\/p>\n<p><a href=\"https:\/\/maybommini.com\/wp-content\/uploads\/2019\/07\/May-hut-va-thoi-bui-220V-1000W.jpg\" target=\"_blank\" rel=\"noopener\"><img decoding=\"async\" class=\"size-full wp-image-262502 aligncenter\" src=\"https:\/\/maybommini.com\/wp-content\/uploads\/2019\/07\/May-hut-va-thoi-bui-220V-1000W.jpg\" alt=\"May Hut Va Thoi Bui 220V 1000W\" width=\"750\" height=\"750\" srcset=\"https:\/\/maybommini.vn\/wp-content\/uploads\/2019\/07\/May-hut-va-thoi-bui-220V-1000W.jpg 750w, https:\/\/maybommini.vn\/wp-content\/uploads\/2019\/07\/May-hut-va-thoi-bui-220V-1000W-300x300.jpg 300w, https:\/\/maybommini.vn\/wp-content\/uploads\/2019\/07\/May-hut-va-thoi-bui-220V-1000W-150x150.jpg 150w, https:\/\/maybommini.vn\/wp-content\/uploads\/2019\/07\/May-hut-va-thoi-bui-220V-1000W-600x600.jpg 600w\" sizes=\"(max-width: 750px) 100vw, 750px\" \/><\/a><\/p>\n<p><strong>TH\u00d4NG S\u1ed0 K\u1ef8 THU\u1eacT<\/strong><br \/>\nModel: ZH-1002<br \/>\n\u0110i\u1ec7n th\u1ebf: AC 220V<br \/>\nC\u00f4ng su\u1ea5t: 1000W<br \/>\nT\u1ed1c \u0111\u1ed9: 15000 r\/min<br \/>\nL\u1ef1c th\u1ed5i xa: 2 ~ 3 m\u00e9t<br \/>\nCh\u1ebf\u00a0\u0111\u1ed9 h\u00fat v\u00e0 th\u1ed5i.<br \/>\nCh\u1ea5t li\u1ec7u: Nh\u1ef1a ABS &#8211;\u00a0\u0110\u1ed3ng<br \/>\nMotor l\u00f5i \u0111\u1ed3ng cao c\u1ea5p.<br \/>\nPh\u1ee5 ki\u1ec7n:\u00a0\u1ed0ng,T\u00fai ch\u1ee9a b\u1ee5i v\u00e0\u00a0\u0111\u1ea7u h\u00fat.<br \/>\nK\u00edch th\u01b0\u1edbc: 38 x 17 x 20 cm<br \/>\nTr\u1ecdng l\u01b0\u1ee3ng: 1.3 Kg<br \/>\nS\u1ea3n ph\u1ea9m cao c\u1ea5p.<\/p>\n<p><a href=\"https:\/\/maybommini.com\/wp-content\/uploads\/2019\/07\/May-thui-hut-bui-gia-re.jpg\" target=\"_blank\" rel=\"noopener\"><img decoding=\"async\" class=\"size-full wp-image-262504 aligncenter\" src=\"https:\/\/maybommini.com\/wp-content\/uploads\/2019\/07\/May-thui-hut-bui-gia-re.jpg\" alt=\"May Thui Hut Bui Gia Re\" width=\"750\" height=\"750\" srcset=\"https:\/\/maybommini.vn\/wp-content\/uploads\/2019\/07\/May-thui-hut-bui-gia-re.jpg 750w, https:\/\/maybommini.vn\/wp-content\/uploads\/2019\/07\/May-thui-hut-bui-gia-re-300x300.jpg 300w, https:\/\/maybommini.vn\/wp-content\/uploads\/2019\/07\/May-thui-hut-bui-gia-re-150x150.jpg 150w, https:\/\/maybommini.vn\/wp-content\/uploads\/2019\/07\/May-thui-hut-bui-gia-re-600x600.jpg 600w\" sizes=\"(max-width: 750px) 100vw, 750px\" \/><\/a> <a href=\"https:\/\/maybommini.com\/wp-content\/uploads\/2019\/07\/May-thoi-bui-sieu-manh-220v.jpg\" target=\"_blank\" rel=\"noopener\"><img decoding=\"async\" class=\"size-full wp-image-262503 aligncenter\" src=\"https:\/\/maybommini.com\/wp-content\/uploads\/2019\/07\/May-thoi-bui-sieu-manh-220v.jpg\" alt=\"May Thoi Bui Sieu Manh 220v\" width=\"750\" height=\"750\" srcset=\"https:\/\/maybommini.vn\/wp-content\/uploads\/2019\/07\/May-thoi-bui-sieu-manh-220v.jpg 750w, https:\/\/maybommini.vn\/wp-content\/uploads\/2019\/07\/May-thoi-bui-sieu-manh-220v-300x300.jpg 300w, https:\/\/maybommini.vn\/wp-content\/uploads\/2019\/07\/May-thoi-bui-sieu-manh-220v-150x150.jpg 150w, https:\/\/maybommini.vn\/wp-content\/uploads\/2019\/07\/May-thoi-bui-sieu-manh-220v-600x600.jpg 600w\" sizes=\"(max-width: 750px) 100vw, 750px\" \/><\/a> <a href=\"https:\/\/maybommini.com\/wp-content\/uploads\/2019\/07\/may-hut-bui-chinh-hang.jpg\" target=\"_blank\" rel=\"noopener\"><img decoding=\"async\" class=\"size-full wp-image-262500 aligncenter\" src=\"https:\/\/maybommini.com\/wp-content\/uploads\/2019\/07\/may-hut-bui-chinh-hang.jpg\" alt=\"May Hut Bui Chinh Hang\" width=\"750\" height=\"750\" srcset=\"https:\/\/maybommini.vn\/wp-content\/uploads\/2019\/07\/may-hut-bui-chinh-hang.jpg 750w, https:\/\/maybommini.vn\/wp-content\/uploads\/2019\/07\/may-hut-bui-chinh-hang-300x300.jpg 300w, https:\/\/maybommini.vn\/wp-content\/uploads\/2019\/07\/may-hut-bui-chinh-hang-150x150.jpg 150w, https:\/\/maybommini.vn\/wp-content\/uploads\/2019\/07\/may-hut-bui-chinh-hang-600x600.jpg 600w\" sizes=\"(max-width: 750px) 100vw, 750px\" \/><\/a> <a href=\"https:\/\/maybommini.com\/wp-content\/uploads\/2019\/07\/Cach-su-dung-may-hut-va-thoi-bui-cam-tay.jpg\" target=\"_blank\" rel=\"noopener\"><img decoding=\"async\" class=\"size-full wp-image-262499 aligncenter\" src=\"https:\/\/maybommini.com\/wp-content\/uploads\/2019\/07\/Cach-su-dung-may-hut-va-thoi-bui-cam-tay.jpg\" alt=\"Cach Su Dung May Hut Va Thoi Bui Cam Tay\" width=\"750\" height=\"750\" srcset=\"https:\/\/maybommini.vn\/wp-content\/uploads\/2019\/07\/Cach-su-dung-may-hut-va-thoi-bui-cam-tay.jpg 750w, https:\/\/maybommini.vn\/wp-content\/uploads\/2019\/07\/Cach-su-dung-may-hut-va-thoi-bui-cam-tay-300x300.jpg 300w, https:\/\/maybommini.vn\/wp-content\/uploads\/2019\/07\/Cach-su-dung-may-hut-va-thoi-bui-cam-tay-150x150.jpg 150w, https:\/\/maybommini.vn\/wp-content\/uploads\/2019\/07\/Cach-su-dung-may-hut-va-thoi-bui-cam-tay-600x600.jpg 600w\" sizes=\"(max-width: 750px) 100vw, 750px\" \/><\/a> <a href=\"https:\/\/maybommini.com\/wp-content\/uploads\/2019\/07\/BAN-MAY-THOI-VA-HUT-BUI-220V.jpg\" target=\"_blank\" rel=\"noopener\"><img decoding=\"async\" class=\"size-full wp-image-262498 aligncenter\" src=\"https:\/\/maybommini.com\/wp-content\/uploads\/2019\/07\/BAN-MAY-THOI-VA-HUT-BUI-220V.jpg\" alt=\"BAN MAY THOI VA HUT BUI 220V\" width=\"750\" height=\"750\" srcset=\"https:\/\/maybommini.vn\/wp-content\/uploads\/2019\/07\/BAN-MAY-THOI-VA-HUT-BUI-220V.jpg 750w, https:\/\/maybommini.vn\/wp-content\/uploads\/2019\/07\/BAN-MAY-THOI-VA-HUT-BUI-220V-300x300.jpg 300w, https:\/\/maybommini.vn\/wp-content\/uploads\/2019\/07\/BAN-MAY-THOI-VA-HUT-BUI-220V-150x150.jpg 150w, https:\/\/maybommini.vn\/wp-content\/uploads\/2019\/07\/BAN-MAY-THOI-VA-HUT-BUI-220V-600x600.jpg 600w\" sizes=\"(max-width: 750px) 100vw, 750px\" \/><\/a><\/p>\n<p>&nbsp;<\/p>\n<p><strong>\u1ee8NG D\u1ee4NG M\u00c1Y TH\u1ed4I B\u1ee4I C\u1ea6M TAY<\/strong><br \/>\n&#8211; D\u00f9ng th\u1ed5i b\u1ee5i v\u1ec7 sinh m\u00e1y vi t\u00ednh.<br \/>\n&#8211; D\u00f9ng th\u1ed5i b\u1ee5i v\u1ec7 sinh Oto<br \/>\n&#8211; D\u00f9ng th\u1ed5i l\u00e0m kh\u00f4 thi\u1ebft b\u1ecb gia\u00a0\u0111\u00ecnh.<br \/>\n&#8211; D\u00f9ng th\u1ed5i b\u1ee5i v\u1ec7 sinh nh\u00e0 c\u1eeda th\u00fa nu\u00f4i.<br \/>\n&#8211; V\u00e0\u00a0\u0111\u01b0\u1ee3c\u00a0\u1ee9ng d\u1ee5ng trong m\u1ed9t s\u1ed1 l\u0129nh v\u1ef1c kh\u00e1c.<\/p>\n<p><a href=\"https:\/\/maybommini.com\/wp-content\/uploads\/2019\/07\/Su-dung-thoi-bui-ve-sinh-may-vi-tinh.jpg\" target=\"_blank\" rel=\"noopener\"><img decoding=\"async\" class=\"size-full wp-image-262508 aligncenter\" src=\"https:\/\/maybommini.com\/wp-content\/uploads\/2019\/07\/Su-dung-thoi-bui-ve-sinh-may-vi-tinh.jpg\" alt=\"Su Dung Thoi Bui Ve Sinh May Vi Tinh\" width=\"750\" height=\"750\" srcset=\"https:\/\/maybommini.vn\/wp-content\/uploads\/2019\/07\/Su-dung-thoi-bui-ve-sinh-may-vi-tinh.jpg 750w, https:\/\/maybommini.vn\/wp-content\/uploads\/2019\/07\/Su-dung-thoi-bui-ve-sinh-may-vi-tinh-300x300.jpg 300w, https:\/\/maybommini.vn\/wp-content\/uploads\/2019\/07\/Su-dung-thoi-bui-ve-sinh-may-vi-tinh-150x150.jpg 150w, https:\/\/maybommini.vn\/wp-content\/uploads\/2019\/07\/Su-dung-thoi-bui-ve-sinh-may-vi-tinh-600x600.jpg 600w\" sizes=\"(max-width: 750px) 100vw, 750px\" \/><\/a> <a href=\"https:\/\/maybommini.com\/wp-content\/uploads\/2019\/07\/may-hut-thoi-bui-gia-dinh.jpg\" target=\"_blank\" rel=\"noopener\"><img decoding=\"async\" class=\"size-full wp-image-262507 aligncenter\" src=\"https:\/\/maybommini.com\/wp-content\/uploads\/2019\/07\/may-hut-thoi-bui-gia-dinh.jpg\" alt=\"May Hut Thoi Bui Gia Dinh\" width=\"750\" height=\"750\" srcset=\"https:\/\/maybommini.vn\/wp-content\/uploads\/2019\/07\/may-hut-thoi-bui-gia-dinh.jpg 750w, https:\/\/maybommini.vn\/wp-content\/uploads\/2019\/07\/may-hut-thoi-bui-gia-dinh-300x300.jpg 300w, https:\/\/maybommini.vn\/wp-content\/uploads\/2019\/07\/may-hut-thoi-bui-gia-dinh-150x150.jpg 150w, https:\/\/maybommini.vn\/wp-content\/uploads\/2019\/07\/may-hut-thoi-bui-gia-dinh-600x600.jpg 600w\" sizes=\"(max-width: 750px) 100vw, 750px\" \/><\/a> <a href=\"https:\/\/maybommini.com\/wp-content\/uploads\/2019\/07\/Dung-cu-hut-va-thoi-bui.jpg\" target=\"_blank\" rel=\"noopener\"><img decoding=\"async\" class=\"size-full wp-image-262506 aligncenter\" src=\"https:\/\/maybommini.com\/wp-content\/uploads\/2019\/07\/Dung-cu-hut-va-thoi-bui.jpg\" alt=\"Dung Cu Hut Va Thoi Bui\" width=\"750\" height=\"750\" srcset=\"https:\/\/maybommini.vn\/wp-content\/uploads\/2019\/07\/Dung-cu-hut-va-thoi-bui.jpg 750w, https:\/\/maybommini.vn\/wp-content\/uploads\/2019\/07\/Dung-cu-hut-va-thoi-bui-300x300.jpg 300w, https:\/\/maybommini.vn\/wp-content\/uploads\/2019\/07\/Dung-cu-hut-va-thoi-bui-150x150.jpg 150w, https:\/\/maybommini.vn\/wp-content\/uploads\/2019\/07\/Dung-cu-hut-va-thoi-bui-600x600.jpg 600w\" sizes=\"(max-width: 750px) 100vw, 750px\" \/><\/a> <a href=\"https:\/\/maybommini.com\/wp-content\/uploads\/2019\/07\/Chay-thu-may-thoi-va-hut-bui.jpg\" target=\"_blank\" rel=\"noopener\"><img decoding=\"async\" class=\"size-full wp-image-262505 aligncenter\" src=\"https:\/\/maybommini.com\/wp-content\/uploads\/2019\/07\/Chay-thu-may-thoi-va-hut-bui.jpg\" alt=\"Chay Thu May Thoi Va Hut Bui\" width=\"750\" height=\"750\" srcset=\"https:\/\/maybommini.vn\/wp-content\/uploads\/2019\/07\/Chay-thu-may-thoi-va-hut-bui.jpg 750w, https:\/\/maybommini.vn\/wp-content\/uploads\/2019\/07\/Chay-thu-may-thoi-va-hut-bui-300x300.jpg 300w, https:\/\/maybommini.vn\/wp-content\/uploads\/2019\/07\/Chay-thu-may-thoi-va-hut-bui-150x150.jpg 150w, https:\/\/maybommini.vn\/wp-content\/uploads\/2019\/07\/Chay-thu-may-thoi-va-hut-bui-600x600.jpg 600w\" sizes=\"(max-width: 750px) 100vw, 750px\" \/><\/a> <a href=\"https:\/\/maybommini.com\/wp-content\/uploads\/2019\/07\/may-hut-thoi-bui-gia-dinh-gia-re.jpg\" target=\"_blank\" rel=\"noopener\"><img decoding=\"async\" class=\"size-full wp-image-262501 aligncenter\" src=\"https:\/\/maybommini.com\/wp-content\/uploads\/2019\/07\/may-hut-thoi-bui-gia-dinh-gia-re.jpg\" alt=\"May Hut Thoi Bui Gia Dinh Gia Re\" width=\"750\" height=\"750\" srcset=\"https:\/\/maybommini.vn\/wp-content\/uploads\/2019\/07\/may-hut-thoi-bui-gia-dinh-gia-re.jpg 750w, https:\/\/maybommini.vn\/wp-content\/uploads\/2019\/07\/may-hut-thoi-bui-gia-dinh-gia-re-300x300.jpg 300w, https:\/\/maybommini.vn\/wp-content\/uploads\/2019\/07\/may-hut-thoi-bui-gia-dinh-gia-re-150x150.jpg 150w, https:\/\/maybommini.vn\/wp-content\/uploads\/2019\/07\/may-hut-thoi-bui-gia-dinh-gia-re-600x600.jpg 600w\" sizes=\"(max-width: 750px) 100vw, 750px\" \/><\/a><\/p>\n<p><strong>MUA M\u00c1Y TH\u1ed4I B\u1ee4I C\u1ea6M TAY\u00a0\u1ede\u00a0\u0110\u00c2U ?<br \/>\n<\/strong>Ch\u00fang t\u00f4i chuy\u00ean cung c\u1ea5p c\u00e1c thi\u1ebft b\u1ecb d\u1ee5ng c\u1ee5 c\u1ea7m tay v\u00e0 m\u00e1y m\u00f3c c\u1ea7m tay DC 12V 24V 220V tr\u00ean to\u00e0n qu\u1ed1c. V\u1edbi gi\u00e1 t\u1ed1t h\u00e0ng ch\u00ednh h\u00e3ng t\u1ea1i Vi\u1ec7t Nam MBM &#8211; <a href=\"https:\/\/maybommini.com\" target=\"_blank\" rel=\"noopener noreferrer\">MAYBOMMINI.COM<\/a> l\u00e0 l\u1ef1a ch\u1ecdn h\u00e0ng\u00a0\u0111\u1ea7u c\u1ee7a kh\u00e1ch h\u00e0ng.<br \/>\n<strong>CTY TNHH TH\u01af\u01a0NG M\u1ea0I D\u1ecaCH V\u1ee4 \u0110I\u1ec6N M\u00c1Y TH\u00d4NG MINH<\/strong><br \/>\n<strong>Hotline<\/strong> : 090 729 4310<br \/>\n<strong>Email<\/strong> : maybommini.com@gmail.com<br \/>\n<strong>Website<\/strong> : <a href=\"https:\/\/maybommini.com\" target=\"_blank\" rel=\"noopener\">https:\/\/maybommini.com<\/a><br \/>\n<strong>Facebook<\/strong> : <a href=\"https:\/\/www.facebook.com\/maybommini\" target=\"_blank\" rel=\"noopener noreferrer\">https:\/\/www.facebook.com\/maybommini<\/a><br \/>\n<strong>Google<\/strong> : <a href=\"https:\/\/plus.google.com\/ Maybomnuocminiruaxe\" target=\"_blank\" rel=\"noopener noreferrer\">https:\/\/plus.google.com\/ Maybomnuocminiruaxe<\/a><br \/>\n<strong>Youtube demo<\/strong> : <a href=\"https:\/\/www.youtube.com\/bahamasali\" target=\"_blank\" rel=\"noopener noreferrer\">https:\/\/www.youtube.com\/bahamasali<\/a><\/p>\n<h3 style=\"text-align: center;\">M\u00e1y th\u1ed5i v\u00e0 h\u00fat b\u1ee5i c\u1ea7m tay 220V 1000W<br \/>\n220V 1000W Electric Air Blower<\/h3>\n","protected":false},"excerpt":{"rendered":"<p>Model: ZH-1002<br \/>\n\u0110i\u1ec7n th\u1ebf: AC 220V<br \/>\nC\u00f4ng su\u1ea5t: 1000W<br \/>\nT\u1ed1c \u0111\u1ed9: 15000 r\/min<br \/>\nL\u1ef1c th\u1ed5i xa: 2 ~ 3 m\u00e9t<br \/>\nCh\u1ebf\u00a0\u0111\u1ed9 h\u00fat v\u00e0 th\u1ed5i.<br \/>\nCh\u1ea5t li\u1ec7u: Nh\u1ef1a ABS &#8211;\u00a0\u0110\u1ed3ng<br \/>\nMotor l\u00f5i \u0111\u1ed3ng cao c\u1ea5p.<br \/>\nPh\u1ee5 ki\u1ec7n:\u00a0\u1ed0ng,T\u00fai ch\u1ee9a b\u1ee5i v\u00e0\u00a0\u0111\u1ea7u h\u00fat.<br \/>\nK\u00edch th\u01b0\u1edbc: 38 x 17 x 20 cm<br \/>\nTr\u1ecdng l\u01b0\u1ee3ng: 1.3 Kg<br \/>\nS\u1ea3n ph\u1ea9m cao c\u1ea5p.<br \/>\nB\u1ea3o h\u00e0nh: 6 th\u00e1ng<br \/>\nKh\u1eb3ng \u0111\u1ecbnh \u0111\u1ed9 an to\u00e0n ch\u1ea5t l\u01b0\u1ee3ng v\u1edbi ng\u01b0\u1eddi ti\u00eau d\u00f9ng.<br \/>\n<strong>H\u00f4\u0309 tr\u01a1\u0323 ky\u0303 thu\u00e2\u0323t vi\u0303nh vi\u00ea\u0303n.<\/strong><br \/>\n<strong>Ph\u00e2n ph\u1ed1i: Maybommini.com<\/strong><\/p>\n","protected":false},"featured_media":262502,"comment_status":"open","ping_status":"closed","template":"","meta":[],"product_brand":[39],"product_cat":[1167,317],"product_tag":[1276,2123,1168,1174,1169,2908,2122,2907,1170,1171,1172,1278,1173],"class_list":{"0":"post-262497","1":"product","2":"type-product","3":"status-publish","4":"has-post-thumbnail","6":"product_brand-mbm","7":"product_cat-may-thoi-hut-bui","8":"product_cat-thiet-bi-dung-cu","9":"product_tag-1000w","10":"product_tag-220v-1200w","11":"product_tag-600w","12":"product_tag-880w","13":"product_tag-cam-tay","14":"product_tag-electric-air-blower","15":"product_tag-may-hut-bui","16":"product_tag-may-hut-thoi-bui","17":"product_tag-may-thoi","18":"product_tag-may-thoi-bui","19":"product_tag-may-thoi-cam-tay","20":"product_tag-may-xit-bui","21":"product_tag-may-xit-khi","23":"first","24":"instock","25":"sale","26":"shipping-taxable","27":"purchasable","28":"product-type-simple"},"_links":{"self":[{"href":"https:\/\/maybommini.vn\/index.php?rest_route=\/wp\/v2\/product\/262497","targetHints":{"allow":["GET"]}}],"collection":[{"href":"https:\/\/maybommini.vn\/index.php?rest_route=\/wp\/v2\/product"}],"about":[{"href":"https:\/\/maybommini.vn\/index.php?rest_route=\/wp\/v2\/types\/product"}],"replies":[{"embeddable":true,"href":"https:\/\/maybommini.vn\/index.php?rest_route=%2Fwp%2Fv2%2Fcomments&post=262497"}],"wp:featuredmedia":[{"embeddable":true,"href":"https:\/\/maybommini.vn\/index.php?rest_route=\/wp\/v2\/media\/262502"}],"wp:attachment":[{"href":"https:\/\/maybommini.vn\/index.php?rest_route=%2Fwp%2Fv2%2Fmedia&parent=262497"}],"wp:term":[{"taxonomy":"product_brand","embeddable":true,"href":"https:\/\/maybommini.vn\/index.php?rest_route=%2Fwp%2Fv2%2Fproduct_brand&post=262497"},{"taxonomy":"product_cat","embeddable":true,"href":"https:\/\/maybommini.vn\/index.php?rest_route=%2Fwp%2Fv2%2Fproduct_cat&post=262497"},{"taxonomy":"product_tag","embeddable":true,"href":"https:\/\/maybommini.vn\/index.php?rest_route=%2Fwp%2Fv2%2Fproduct_tag&post=262497"}],"curies":[{"name":"wp","href":"https:\/\/api.w.org\/{rel}","templated":true}]}}