{"id":262617,"date":"2019-07-16T21:39:40","date_gmt":"2019-07-16T14:39:40","guid":{"rendered":"https:\/\/maybommini.com\/?post_type=product&#038;p=262617"},"modified":"2025-01-08T23:36:06","modified_gmt":"2025-01-08T16:36:06","slug":"pin-sac-12v-15ah-maxpower","status":"publish","type":"product","link":"https:\/\/maybommini.vn\/?product=pin-sac-12v-15ah-maxpower","title":{"rendered":"Pin s\u1ea1c 12V 15Ah MAXPOWER"},"content":{"rendered":"<h3><em><strong>Chuy\u00ean\u00a0pin s\u1ea1c 12V 15Ah MAXPOWER s\u1eed d\u1ee5ng \u0111\u1ec3 ch\u1ea1y motor, qu\u1ea1t, m\u00e1y b\u01a1m mini, pin loa k\u00e9o, pin camera, pin thi\u1ebft b\u1ecb \u0111i\u1ec7n t\u1ef1 \u0111\u1ed9ng, pin \u0111\u00e8n led, pin s\u1ea1c \u0111\u1ed3 ch\u01a1i, pin d\u1ef1 ph\u00f2ng cho kho\u00e1 c\u1eeda wifi modem box tivi. Pin c\u00f3 tu\u1ed5i th\u1ecd cao ch\u1ea5t l\u01b0\u1ee3ng \u0111\u01b0\u1ee3c kh\u00e1ch h\u00e0ng \u0111\u00e1nh cao v\u00ec \u1ed5n \u0111\u1ecbnh, nh\u1ecf g\u1ecdn r\u1ea5t ti\u1ec7n l\u1ee3i khi s\u1eed d\u1ee5ng.<\/strong><\/em><\/h3>\n<p><a href=\"https:\/\/maybommini.com\/wp-content\/uploads\/2019\/07\/Pin-sac-12v-15Ah.jpg\" target=\"_blank\" rel=\"noopener\"><img decoding=\"async\" class=\"size-full wp-image-262621 aligncenter\" src=\"https:\/\/maybommini.com\/wp-content\/uploads\/2019\/07\/Pin-sac-12v-15Ah.jpg\" alt=\"Pin Sac 12v 15Ah\" width=\"750\" height=\"750\" srcset=\"https:\/\/maybommini.vn\/wp-content\/uploads\/2019\/07\/Pin-sac-12v-15Ah.jpg 750w, https:\/\/maybommini.vn\/wp-content\/uploads\/2019\/07\/Pin-sac-12v-15Ah-300x300.jpg 300w, https:\/\/maybommini.vn\/wp-content\/uploads\/2019\/07\/Pin-sac-12v-15Ah-150x150.jpg 150w, https:\/\/maybommini.vn\/wp-content\/uploads\/2019\/07\/Pin-sac-12v-15Ah-600x600.jpg 600w\" sizes=\"(max-width: 750px) 100vw, 750px\" \/><\/a><\/p>\n<p><strong>TH\u00d4NG S\u1ed0 K\u1ef8 THU\u1eacT<br \/>\n<\/strong>Th\u01b0\u01a1ng hi\u1ec7u: MAXPOWER<br \/>\nModel: LBR-12V-15AH<br \/>\n\u0110i\u1ec7n th\u1ebf ra: 12V DC<br \/>\nS\u1ea1c v\u00e0o: 12V 1000mA &#8211; 3000mA<br \/>\nDung l\u01b0\u1ee3ng: 15 Ah &#8211; 15.000 mAh<br \/>\nT\u1ea3i t\u1ed1i\u00a0\u0111a: 3A &#8211; 36W<br \/>\nLo\u1ea1i pin: Pin s\u1ea1c Lithium.<br \/>\nNhi\u1ec7t\u00a0\u0111\u1ed9 l\u00e0m vi\u1ec7c : -20\u00a0\u0111\u1ed9c C &#8211; 60\u00a0\u0111\u1ed9 C<br \/>\nC\u1ed5ng ngu\u1ed3n: Jack DC 5.5 x 2.1 mm<br \/>\nM\u1ea1ch s\u1ea1c ch\u1ed1ng qu\u00e1 t\u1ea3i th\u00f4ng minh.<br \/>\nTu\u1ed5i th\u1ecd cao ho\u1ea1t \u0111\u1ed9ng t\u1ed1t.<br \/>\nLED b\u00e1o dung l\u01b0\u1ee3ng.<br \/>\nN\u00fat ngu\u1ed3n On Off.<br \/>\nK\u00edch th\u01b0\u1edbc: 120 x 67 x 55 mm.<br \/>\nTr\u1ecdng l\u01b0\u1ee3ng: 730g.<\/p>\n<p>&nbsp;<\/p>\n<p><a href=\"https:\/\/maybommini.com\/wp-content\/uploads\/2019\/07\/Ban-pin-sac-12v-gia-re-15000mah.jpg\" target=\"_blank\" rel=\"noopener\"><img decoding=\"async\" class=\"size-full wp-image-262618 aligncenter\" src=\"https:\/\/maybommini.com\/wp-content\/uploads\/2019\/07\/Ban-pin-sac-12v-gia-re-15000mah.jpg\" alt=\"Ban Pin Sac 12v Gia Re 15000mah\" width=\"750\" height=\"750\" srcset=\"https:\/\/maybommini.vn\/wp-content\/uploads\/2019\/07\/Ban-pin-sac-12v-gia-re-15000mah.jpg 750w, https:\/\/maybommini.vn\/wp-content\/uploads\/2019\/07\/Ban-pin-sac-12v-gia-re-15000mah-300x300.jpg 300w, https:\/\/maybommini.vn\/wp-content\/uploads\/2019\/07\/Ban-pin-sac-12v-gia-re-15000mah-150x150.jpg 150w, https:\/\/maybommini.vn\/wp-content\/uploads\/2019\/07\/Ban-pin-sac-12v-gia-re-15000mah-600x600.jpg 600w\" sizes=\"(max-width: 750px) 100vw, 750px\" \/><\/a> <a href=\"https:\/\/maybommini.com\/wp-content\/uploads\/2019\/07\/Led-bao-dung-luon-pin-12v.jpg\" target=\"_blank\" rel=\"noopener\"><img decoding=\"async\" class=\"size-full wp-image-262619 aligncenter\" src=\"https:\/\/maybommini.com\/wp-content\/uploads\/2019\/07\/Led-bao-dung-luon-pin-12v.jpg\" alt=\"Led Bao Dung Luon Pin 12v\" width=\"750\" height=\"750\" srcset=\"https:\/\/maybommini.vn\/wp-content\/uploads\/2019\/07\/Led-bao-dung-luon-pin-12v.jpg 750w, https:\/\/maybommini.vn\/wp-content\/uploads\/2019\/07\/Led-bao-dung-luon-pin-12v-300x300.jpg 300w, https:\/\/maybommini.vn\/wp-content\/uploads\/2019\/07\/Led-bao-dung-luon-pin-12v-150x150.jpg 150w, https:\/\/maybommini.vn\/wp-content\/uploads\/2019\/07\/Led-bao-dung-luon-pin-12v-600x600.jpg 600w\" sizes=\"(max-width: 750px) 100vw, 750px\" \/><\/a><\/p>\n<p><a href=\"https:\/\/maybommini.com\/wp-content\/uploads\/2019\/01\/Jack-cam-nguon-DC-pin-12v.jpg\" target=\"_blank\" rel=\"noopener\"><img decoding=\"async\" class=\"size-full wp-image-262591 aligncenter\" src=\"https:\/\/maybommini.com\/wp-content\/uploads\/2019\/01\/Jack-cam-nguon-DC-pin-12v.jpg\" alt=\"Jack Cam Nguon DC Pin 12v\" width=\"750\" height=\"750\" srcset=\"https:\/\/maybommini.vn\/wp-content\/uploads\/2019\/01\/Jack-cam-nguon-DC-pin-12v.jpg 750w, https:\/\/maybommini.vn\/wp-content\/uploads\/2019\/01\/Jack-cam-nguon-DC-pin-12v-300x300.jpg 300w, https:\/\/maybommini.vn\/wp-content\/uploads\/2019\/01\/Jack-cam-nguon-DC-pin-12v-150x150.jpg 150w, https:\/\/maybommini.vn\/wp-content\/uploads\/2019\/01\/Jack-cam-nguon-DC-pin-12v-600x600.jpg 600w\" sizes=\"(max-width: 750px) 100vw, 750px\" \/><\/a><\/p>\n<p><strong>S\u1eec\u00a0D\u1ee4NG PIN S\u1ea0C12V<\/strong><br \/>\nD\u00f9ng t\u1ed1t cho c\u00e1c thi\u1ebft b\u1ecb 12V.<br \/>\nS\u1eed d\u1ee5ng cho m\u00e1y b\u01a1m mini 12V.<br \/>\nD\u00f9ng cho m\u00e1y b\u01a1m n\u01b0\u1edbc 12V.<br \/>\nD\u00f9ng pin s\u1ea1c 12v cho c\u00e1c thi\u1ebft b\u1ecb Camera, pin d\u1ef1 ph\u00f2ng,\u00a0\u0111\u00e8n Led, qu\u1ea1t 12v &#8230;.<br \/>\nD\u00f9ng cho \u0111\u1ed5 ch\u01a1i tr\u1ebb em.<br \/>\nPin s\u1ea1c d\u1ef1 ph\u00f2ng.<br \/>\nPin \u0111\u00e8n led si\u00eau s\u00e1ng.<br \/>\nPin loa k\u00e9o.<br \/>\nPin thi\u1ebft b\u1ecb t\u1ef1 \u0111\u1ed9ng th\u00f4ng minh.<br \/>\nPin cho kho\u00e1 c\u1eeda t\u1eeb.<br \/>\nPin d\u1ef1 ph\u00f2ng c\u1eeda t\u1eeb.<br \/>\nPin cho m\u00e1y ch\u1ea5m c\u00f4ng v\u00e2n tay.<br \/>\nPin s\u1ea1c m\u00e1y ch\u1ea5m c\u00f4ng th\u1ebb t\u1eeb.<br \/>\nPin m\u00e1y khoan, m\u00e1y b\u1eafn v\u00edt.<br \/>\nUPS 12V cho thi\u1ebft b\u1ecb.<br \/>\nNgu\u1ed3n Wifi, modem, box TV.<\/p>\n<p><a href=\"https:\/\/maybommini.com\/wp-content\/uploads\/2019\/01\/Pin-12v-den-led-quat.jpg\" target=\"_blank\" rel=\"noopener\"><img decoding=\"async\" class=\"size-full wp-image-262594 aligncenter\" src=\"https:\/\/maybommini.com\/wp-content\/uploads\/2019\/01\/Pin-12v-den-led-quat.jpg\" alt=\"Pin 12v Den Led Quat\" width=\"750\" height=\"750\" srcset=\"https:\/\/maybommini.vn\/wp-content\/uploads\/2019\/01\/Pin-12v-den-led-quat.jpg 750w, https:\/\/maybommini.vn\/wp-content\/uploads\/2019\/01\/Pin-12v-den-led-quat-300x300.jpg 300w, https:\/\/maybommini.vn\/wp-content\/uploads\/2019\/01\/Pin-12v-den-led-quat-150x150.jpg 150w, https:\/\/maybommini.vn\/wp-content\/uploads\/2019\/01\/Pin-12v-den-led-quat-600x600.jpg 600w\" sizes=\"(max-width: 750px) 100vw, 750px\" \/><\/a> <a href=\"https:\/\/maybommini.com\/wp-content\/uploads\/2019\/01\/Su-dung-pin-sac-12v-chinh-hang.jpg\" target=\"_blank\" rel=\"noopener\"><img decoding=\"async\" class=\"size-full wp-image-262590 aligncenter\" src=\"https:\/\/maybommini.com\/wp-content\/uploads\/2019\/01\/Su-dung-pin-sac-12v-chinh-hang.jpg\" alt=\"Su Dung Pin Sac 12v Chinh Hang\" width=\"750\" height=\"750\" srcset=\"https:\/\/maybommini.vn\/wp-content\/uploads\/2019\/01\/Su-dung-pin-sac-12v-chinh-hang.jpg 750w, https:\/\/maybommini.vn\/wp-content\/uploads\/2019\/01\/Su-dung-pin-sac-12v-chinh-hang-300x300.jpg 300w, https:\/\/maybommini.vn\/wp-content\/uploads\/2019\/01\/Su-dung-pin-sac-12v-chinh-hang-150x150.jpg 150w, https:\/\/maybommini.vn\/wp-content\/uploads\/2019\/01\/Su-dung-pin-sac-12v-chinh-hang-600x600.jpg 600w\" sizes=\"(max-width: 750px) 100vw, 750px\" \/><\/a> <a href=\"https:\/\/maybommini.com\/wp-content\/uploads\/2019\/01\/LITHIUM-BATTEY-RECHARGEABLE.jpg\" target=\"_blank\" rel=\"noopener\"><img decoding=\"async\" class=\"size-full wp-image-262593 aligncenter\" src=\"https:\/\/maybommini.com\/wp-content\/uploads\/2019\/01\/LITHIUM-BATTEY-RECHARGEABLE.jpg\" alt=\"LITHIUM BATTEY RECHARGEABLE\" width=\"750\" height=\"750\" srcset=\"https:\/\/maybommini.vn\/wp-content\/uploads\/2019\/01\/LITHIUM-BATTEY-RECHARGEABLE.jpg 750w, https:\/\/maybommini.vn\/wp-content\/uploads\/2019\/01\/LITHIUM-BATTEY-RECHARGEABLE-300x300.jpg 300w, https:\/\/maybommini.vn\/wp-content\/uploads\/2019\/01\/LITHIUM-BATTEY-RECHARGEABLE-150x150.jpg 150w, https:\/\/maybommini.vn\/wp-content\/uploads\/2019\/01\/LITHIUM-BATTEY-RECHARGEABLE-600x600.jpg 600w\" sizes=\"(max-width: 750px) 100vw, 750px\" \/><\/a><\/p>\n<p><strong><a href=\"https:\/\/maybommini.com\/wp-content\/uploads\/2018\/04\/Su-dung-pin-sac-12v-cao-cap.jpg\" target=\"_blank\" rel=\"noopener\"><img decoding=\"async\" class=\"size-full wp-image-262541 aligncenter\" src=\"https:\/\/maybommini.com\/wp-content\/uploads\/2018\/04\/Su-dung-pin-sac-12v-cao-cap.jpg\" alt=\"Su Dung Pin Sac 12v Cao Cap\" width=\"750\" height=\"750\" srcset=\"https:\/\/maybommini.vn\/wp-content\/uploads\/2018\/04\/Su-dung-pin-sac-12v-cao-cap.jpg 750w, https:\/\/maybommini.vn\/wp-content\/uploads\/2018\/04\/Su-dung-pin-sac-12v-cao-cap-300x300.jpg 300w, https:\/\/maybommini.vn\/wp-content\/uploads\/2018\/04\/Su-dung-pin-sac-12v-cao-cap-150x150.jpg 150w, https:\/\/maybommini.vn\/wp-content\/uploads\/2018\/04\/Su-dung-pin-sac-12v-cao-cap-600x600.jpg 600w\" sizes=\"(max-width: 750px) 100vw, 750px\" \/><\/a><a href=\"https:\/\/maybommini.com\/wp-content\/uploads\/2018\/04\/San-xuat-pin-sac-12v-chinh-hang.jpg\" target=\"_blank\" rel=\"noopener\"><img decoding=\"async\" class=\"size-full wp-image-262540 aligncenter\" src=\"https:\/\/maybommini.com\/wp-content\/uploads\/2018\/04\/San-xuat-pin-sac-12v-chinh-hang.jpg\" alt=\"San Xuat Pin Sac 12v Chinh Hang\" width=\"750\" height=\"750\" srcset=\"https:\/\/maybommini.vn\/wp-content\/uploads\/2018\/04\/San-xuat-pin-sac-12v-chinh-hang.jpg 750w, https:\/\/maybommini.vn\/wp-content\/uploads\/2018\/04\/San-xuat-pin-sac-12v-chinh-hang-300x300.jpg 300w, https:\/\/maybommini.vn\/wp-content\/uploads\/2018\/04\/San-xuat-pin-sac-12v-chinh-hang-150x150.jpg 150w, https:\/\/maybommini.vn\/wp-content\/uploads\/2018\/04\/San-xuat-pin-sac-12v-chinh-hang-600x600.jpg 600w\" sizes=\"(max-width: 750px) 100vw, 750px\" \/><\/a><\/strong><\/p>\n<p><a href=\"https:\/\/maybommini.com\/wp-content\/uploads\/2019\/01\/PIN-SAC-12V-LITHIUM-BATTEY.jpg\" target=\"_blank\" rel=\"noopener\"><img decoding=\"async\" class=\"size-full wp-image-262589 aligncenter\" src=\"https:\/\/maybommini.com\/wp-content\/uploads\/2019\/01\/PIN-SAC-12V-LITHIUM-BATTEY.jpg\" alt=\"PIN SAC 12V LITHIUM BATTEY\" width=\"750\" height=\"750\" srcset=\"https:\/\/maybommini.vn\/wp-content\/uploads\/2019\/01\/PIN-SAC-12V-LITHIUM-BATTEY.jpg 750w, https:\/\/maybommini.vn\/wp-content\/uploads\/2019\/01\/PIN-SAC-12V-LITHIUM-BATTEY-300x300.jpg 300w, https:\/\/maybommini.vn\/wp-content\/uploads\/2019\/01\/PIN-SAC-12V-LITHIUM-BATTEY-150x150.jpg 150w, https:\/\/maybommini.vn\/wp-content\/uploads\/2019\/01\/PIN-SAC-12V-LITHIUM-BATTEY-600x600.jpg 600w\" sizes=\"(max-width: 750px) 100vw, 750px\" \/><\/a><\/p>\n<p><strong>MUA PIN S\u1ea0C 12V GI\u00c1 R\u1eba \u1ede\u00a0\u0110\u00c2U ?<\/strong><br \/>\nM\u1ecdi chi ti\u1ebft vui l\u00f2ng li\u00ean h\u1ec7 tr\u1ef1c ti\u1ebfp cho ch\u00fang t\u00f4i \u0111\u1ec3 \u0111\u01b0\u1ee3c t\u01b0 v\u1ea5n theo nhu c\u1ea7u \u0111\u1ec3 c\u00f3 \u0111\u01b0\u1ee3c b\u1ed9 s\u1ea3n ph\u1ea9m t\u1ed1t nh\u1ea5t v\u00e0 ti\u1ebft ki\u1ec7m.\u00a0B\u1ea1n \u1edf xa v\u1eabn c\u00f3 th\u1ec3 mua h\u00e0ng v\u00e0 giao h\u00e0ng thanh to\u00e1n ti\u1ec1n t\u1ea1i nh\u00e0.<br \/>\n<strong>CTY TNHH TH\u01af\u01a0NG M\u1ea0I D\u1ecaCH V\u1ee4 \u0110I\u1ec6N M\u00c1Y TH\u00d4NG MINH<\/strong><br \/>\n<strong>Hotline:<\/strong> 02873030399 &#8211; 090 729 4310<br \/>\n<strong>Email:<\/strong> maybommini.com@gmail.com<br \/>\n<strong>Website:<\/strong> https:\/\/maybommini.com<br \/>\n<strong>Facebook:<\/strong> https:\/\/www.facebook.com\/maybommini<br \/>\n<strong>Google:<\/strong> https:\/\/plus.google.com\/ Maybomnuocminiruaxe<br \/>\n<strong>Youtube demo:<\/strong> https:\/\/www.youtube.com\/bahamasali<\/p>\n<h3 style=\"text-align: center;\"><em><strong>CHUY\u00caN B\u00c1N PH\u00c2N PH\u1ed0I C\u00c1C LO\u1ea0I PIN S\u1ea0C 12V GI\u00c1 T\u1ed0T CH\u1ea4T L\u01af\u1ee2NG<br \/>\n<\/strong><\/em><strong><a href=\"https:\/\/maybommini.com\/san-pham\/pin-sac-12v-10ah\" target=\"_blank\" rel=\"noopener noreferrer\">Pin s\u1ea1c 12V 10Ah MAXPOWER<\/a><br \/>\n<a href=\"https:\/\/maybommini.com\/san-pham\/pin-sac-12v-10ah-maxpower-kem-sac\" target=\"_blank\" rel=\"noopener noreferrer\">Pin s\u1ea1c 12V 10Ah MAXPOWER k\u00e8m s\u1ea1c<\/a><br \/>\n<a href=\"https:\/\/maybommini.com\/san-pham\/pin-sac-12v-12ah-on-off-led-den-bao-pin\" target=\"_blank\" rel=\"noopener noreferrer\">Pin s\u1ea1c 12V 12Ah On Off led \u0111\u00e8n b\u00e1o pin MAXPOWER<\/a><br \/>\n<\/strong><strong><a href=\"https:\/\/maybommini.com\/san-pham\/pin-sac-12v-12ah-on-off-led-den-bao-pin-maxpower-kem-sac\" target=\"_blank\" rel=\"noopener noreferrer\">Pin s\u1ea1c 12V 12Ah On Off led \u0111\u00e8n b\u00e1o pin MAXPOWER k\u00e8m s\u1ea1c<\/a><br \/>\nPin s\u1ea1c 12V 15Ah MAXPOWER<\/strong><\/h3>\n<p><img decoding=\"async\" class=\"size-full wp-image-255657 aligncenter\" src=\"https:\/\/maybommini.com.vn\/wp-content\/uploads\/2018\/03\/ban-pin-sac-12v.jpg\" alt=\"Ban Pin Sac 12v\" width=\"750\" height=\"750\" \/><\/p>\n","protected":false},"excerpt":{"rendered":"<p>Th\u01b0\u01a1ng hi\u1ec7u: MAXPOWER<br \/>\nModel: LBR-12V-15AH<br \/>\n\u0110i\u1ec7n th\u1ebf ra: 12V DC<br \/>\nS\u1ea1c v\u00e0o: 12V 1000mA &#8211; 3000mA<br \/>\nDung l\u01b0\u1ee3ng: 15 Ah &#8211; 15.000 mAh<br \/>\nT\u1ea3i t\u1ed1i\u00a0\u0111a: 3A &#8211; 36W<br \/>\nLo\u1ea1i pin: Pin s\u1ea1c Lithium.<br \/>\nNhi\u1ec7t\u00a0\u0111\u1ed9 l\u00e0m vi\u1ec7c : -20\u00a0\u0111\u1ed9c C &#8211; 60\u00a0\u0111\u1ed9 C<br \/>\nC\u1ed5ng ngu\u1ed3n: Jack DC 5.5 x 2.1 mm<br \/>\nM\u1ea1ch s\u1ea1c ch\u1ed1ng qu\u00e1 t\u1ea3i th\u00f4ng minh.<br \/>\nTu\u1ed5i th\u1ecd cao ho\u1ea1t \u0111\u1ed9ng t\u1ed1t.<br \/>\nLED b\u00e1o dung l\u01b0\u1ee3ng.<br \/>\nN\u00fat ngu\u1ed3n On Off.<br \/>\nK\u00edch th\u01b0\u1edbc: 120 x 67 x 55 mm.<br \/>\nTr\u1ecdng l\u01b0\u1ee3ng: 730g.<br \/>\nB\u1ea3o h\u00e0nh: 1 th\u00e1ng<br \/>\n<strong>Ph\u00e2n ph\u1ed1i: Maybommini.com<br \/>\n<\/strong><\/p>\n","protected":false},"featured_media":262621,"comment_status":"open","ping_status":"closed","template":"","meta":[],"product_brand":[2729],"product_cat":[4486],"product_tag":[1033,2057,422,1034,423,2930,2926,425,427,2641,429,430,431,2927,433,434,435,437],"class_list":{"0":"post-262617","1":"product","2":"type-product","3":"status-publish","4":"has-post-thumbnail","6":"product_brand-maxpower","7":"product_cat-12v-3s-lithium-ion","8":"product_tag-12000ma","9":"product_tag-12ah","10":"product_tag-12v-10a","11":"product_tag-12v-12ah","12":"product_tag-12v8a","13":"product_tag-15000mah","14":"product_tag-battery","15":"product_tag-bom-ap-luc-12v","16":"product_tag-lithium","17":"product_tag-maxpower","18":"product_tag-phun-thuoc-sau","19":"product_tag-pin","20":"product_tag-pin-sac","21":"product_tag-rechargeable","22":"product_tag-sac","23":"product_tag-sac-12v","24":"product_tag-sac-ac-quy","25":"product_tag-sac-pin","27":"first","28":"instock","29":"sale","30":"shipping-taxable","31":"purchasable","32":"product-type-simple"},"_links":{"self":[{"href":"https:\/\/maybommini.vn\/index.php?rest_route=\/wp\/v2\/product\/262617","targetHints":{"allow":["GET"]}}],"collection":[{"href":"https:\/\/maybommini.vn\/index.php?rest_route=\/wp\/v2\/product"}],"about":[{"href":"https:\/\/maybommini.vn\/index.php?rest_route=\/wp\/v2\/types\/product"}],"replies":[{"embeddable":true,"href":"https:\/\/maybommini.vn\/index.php?rest_route=%2Fwp%2Fv2%2Fcomments&post=262617"}],"wp:featuredmedia":[{"embeddable":true,"href":"https:\/\/maybommini.vn\/index.php?rest_route=\/wp\/v2\/media\/262621"}],"wp:attachment":[{"href":"https:\/\/maybommini.vn\/index.php?rest_route=%2Fwp%2Fv2%2Fmedia&parent=262617"}],"wp:term":[{"taxonomy":"product_brand","embeddable":true,"href":"https:\/\/maybommini.vn\/index.php?rest_route=%2Fwp%2Fv2%2Fproduct_brand&post=262617"},{"taxonomy":"product_cat","embeddable":true,"href":"https:\/\/maybommini.vn\/index.php?rest_route=%2Fwp%2Fv2%2Fproduct_cat&post=262617"},{"taxonomy":"product_tag","embeddable":true,"href":"https:\/\/maybommini.vn\/index.php?rest_route=%2Fwp%2Fv2%2Fproduct_tag&post=262617"}],"curies":[{"name":"wp","href":"https:\/\/api.w.org\/{rel}","templated":true}]}}