{"id":262626,"date":"2019-07-17T16:35:39","date_gmt":"2019-07-17T09:35:39","guid":{"rendered":"https:\/\/maybommini.com\/?post_type=product&#038;p=262626"},"modified":"2020-05-23T14:21:16","modified_gmt":"2020-05-23T07:21:16","slug":"may-bom-mini-ap-luc-kep-12v-100w-maxpumps","status":"publish","type":"product","link":"https:\/\/maybommini.vn\/?product=may-bom-mini-ap-luc-kep-12v-100w-maxpumps","title":{"rendered":"M\u00e1y b\u01a1m mini \u00e1p l\u1ef1c k\u00e9p 12V 100W MAXPUMPS Auto"},"content":{"rendered":"<h3><em><strong>V\u1edbi thi\u1ebft k\u1ebf m\u1edbi t\u00edch h\u1ee3p 2 m\u00e1y b\u01a1m mini v\u00e0o th\u00e0nh 1 n\u00ean t\u1ea1o ra \u00e1p l\u1ef1c nh\u00e2n \u0111\u00f4i r\u1ea5t m\u1ea1nh ph\u00f9 h\u1ee3p cho nhi\u1ec1u \u1ee9ng d\u1ee5ng. M\u00e1y b\u01a1m mini \u00e1p l\u1ef1c k\u00e9p 12V 100W MAXPUMPS l\u00e0 l\u1ef1a ch\u1ecdn t\u1ed1t \u0111\u1ec1 v\u1ec7 sinh x\u1ecbt r\u1eeda m\u00e1y l\u1ea1nh, b\u01a1m phun thu\u1ed1c tr\u1eeb s\u00e2u, m\u00e1y b\u01a1m r\u1eeda xe mini, t\u01b0\u1edbi c\u00e2y phun s\u01b0\u01a1ng l\u00e0m m\u00e1t v\u00e0 nhi\u1ec1u vi\u1ec7c kh\u00e1c.<\/strong><\/em><\/h3>\n<p><a href=\"https:\/\/maybommini.com\/wp-content\/uploads\/2019\/07\/bom-nuoc-minii-ap-luc-kep-12v-100W-tu-dong.jpg\" target=\"_blank\" rel=\"noopener\"><img decoding=\"async\" class=\"size-full wp-image-262629 aligncenter\" src=\"https:\/\/maybommini.com\/wp-content\/uploads\/2019\/07\/bom-nuoc-minii-ap-luc-kep-12v-100W-tu-dong.jpg\" alt=\"Bom Nuoc Minii Ap Luc Kep 12v 100W Tu Dong\" width=\"750\" height=\"750\" srcset=\"https:\/\/maybommini.vn\/wp-content\/uploads\/2019\/07\/bom-nuoc-minii-ap-luc-kep-12v-100W-tu-dong.jpg 750w, https:\/\/maybommini.vn\/wp-content\/uploads\/2019\/07\/bom-nuoc-minii-ap-luc-kep-12v-100W-tu-dong-300x300.jpg 300w, https:\/\/maybommini.vn\/wp-content\/uploads\/2019\/07\/bom-nuoc-minii-ap-luc-kep-12v-100W-tu-dong-150x150.jpg 150w, https:\/\/maybommini.vn\/wp-content\/uploads\/2019\/07\/bom-nuoc-minii-ap-luc-kep-12v-100W-tu-dong-600x600.jpg 600w\" sizes=\"(max-width: 750px) 100vw, 750px\" \/><\/a><\/p>\n<p><strong>TH\u00d4NG S\u1ed0 K\u1ef8 THU\u1eacT<br \/>\n<\/strong>Th\u01b0\u01a1ng hi\u1ec7u: MAXPUMPS<br \/>\nModel: XLD-DUAL-12V-100W-AUTO<br \/>\n\u0110i\u1ec7n th\u1ebf: 12V DC<br \/>\nC\u00f4ng su\u1ea5t: 100 W<br \/>\nL\u01b0u l\u01b0\u1ee3ng: 7 &#8211; 9 L\/P<br \/>\n\u00c1p l\u1ef1c: 0.85 Mpa<br \/>\n\u1ed0ng n\u01b0\u1edbc ra: 12 mm.<br \/>\n\u1ed0ng n\u01b0\u1edbc v\u00e0o: 12 mm.<br \/>\nT\u1ef1 \u0111\u1ed9ng t\u1eaft ngu\u1ed3n khi ng\u01b0ng phun x\u1ecbt.<br \/>\nT\u1ef1 h\u00fat n\u01b0\u1edbc s\u00e2u 1 \u0111\u1ebfn 2 m\u00e9t.<br \/>\n\u0110\u1ea9y xa tr\u00ean 10 m\u00e9t.<br \/>\n\u0110\u1ea9y cao tr\u00ean 10 m\u00e9t.<br \/>\nMotor d\u00e2y \u0111\u1ed3ng cao c\u1ea5p.<br \/>\nCh\u1ea5t li\u1ec7u: Th\u00e9p &#8211; \u0110\u1ed3ng &#8211; Nh\u1ef1a.<br \/>\nS\u1eed d\u1ee5ng ngu\u1ed3n 12V \u1eafc quy ho\u1eb7c bi\u1ebfn th\u1ebf 12V 10A.<br \/>\nK\u00edch th\u01b0\u1edbc: 20 x 14.5 x 6 CM.<br \/>\nTr\u1ecdng l\u01b0\u1ee3ng: 1.15 Kg<\/p>\n<p><a href=\"https:\/\/maybommini.com\/wp-content\/uploads\/2019\/07\/May-bom-mini-ap-luc-kep-12v-100W-tu-dong.jpg\" target=\"_blank\" rel=\"noopener\"><img decoding=\"async\" class=\"size-full wp-image-262633 aligncenter\" src=\"https:\/\/maybommini.com\/wp-content\/uploads\/2019\/07\/May-bom-mini-ap-luc-kep-12v-100W-tu-dong.jpg\" alt=\"May Bom Mini Ap Luc Kep 12v 100W Tu Dong\" width=\"750\" height=\"750\" srcset=\"https:\/\/maybommini.vn\/wp-content\/uploads\/2019\/07\/May-bom-mini-ap-luc-kep-12v-100W-tu-dong.jpg 750w, https:\/\/maybommini.vn\/wp-content\/uploads\/2019\/07\/May-bom-mini-ap-luc-kep-12v-100W-tu-dong-300x300.jpg 300w, https:\/\/maybommini.vn\/wp-content\/uploads\/2019\/07\/May-bom-mini-ap-luc-kep-12v-100W-tu-dong-150x150.jpg 150w, https:\/\/maybommini.vn\/wp-content\/uploads\/2019\/07\/May-bom-mini-ap-luc-kep-12v-100W-tu-dong-600x600.jpg 600w\" sizes=\"(max-width: 750px) 100vw, 750px\" \/><\/a> <a href=\"https:\/\/maybommini.com\/wp-content\/uploads\/2019\/07\/May-bom-mini-kep-12V-100W.jpg\" target=\"_blank\" rel=\"noopener\"><img decoding=\"async\" class=\"size-full wp-image-262634 aligncenter\" src=\"https:\/\/maybommini.com\/wp-content\/uploads\/2019\/07\/May-bom-mini-kep-12V-100W.jpg\" alt=\"May Bom Mini Kep 12V 100W\" width=\"750\" height=\"750\" srcset=\"https:\/\/maybommini.vn\/wp-content\/uploads\/2019\/07\/May-bom-mini-kep-12V-100W.jpg 750w, https:\/\/maybommini.vn\/wp-content\/uploads\/2019\/07\/May-bom-mini-kep-12V-100W-300x300.jpg 300w, https:\/\/maybommini.vn\/wp-content\/uploads\/2019\/07\/May-bom-mini-kep-12V-100W-150x150.jpg 150w, https:\/\/maybommini.vn\/wp-content\/uploads\/2019\/07\/May-bom-mini-kep-12V-100W-600x600.jpg 600w\" sizes=\"(max-width: 750px) 100vw, 750px\" \/><\/a> <a href=\"https:\/\/maybommini.com\/wp-content\/uploads\/2019\/07\/May-bom-phun-thuoc-tru-sau-12V-kep.jpg\" target=\"_blank\" rel=\"noopener\"><img decoding=\"async\" class=\"size-full wp-image-262635 aligncenter\" src=\"https:\/\/maybommini.com\/wp-content\/uploads\/2019\/07\/May-bom-phun-thuoc-tru-sau-12V-kep.jpg\" alt=\"May Bom Phun Thuoc Tru Sau 12V Kep\" width=\"750\" height=\"750\" srcset=\"https:\/\/maybommini.vn\/wp-content\/uploads\/2019\/07\/May-bom-phun-thuoc-tru-sau-12V-kep.jpg 750w, https:\/\/maybommini.vn\/wp-content\/uploads\/2019\/07\/May-bom-phun-thuoc-tru-sau-12V-kep-300x300.jpg 300w, https:\/\/maybommini.vn\/wp-content\/uploads\/2019\/07\/May-bom-phun-thuoc-tru-sau-12V-kep-150x150.jpg 150w, https:\/\/maybommini.vn\/wp-content\/uploads\/2019\/07\/May-bom-phun-thuoc-tru-sau-12V-kep-600x600.jpg 600w\" sizes=\"(max-width: 750px) 100vw, 750px\" \/><\/a><\/p>\n<p><strong>CA\u0301CH S\u01af\u0309 DU\u0323NG\u00a0B\u1ed8 M\u00c1Y B\u01a0M \u00c1P L\u1ef0C MINI<br \/>\n<\/strong>&#8211; S\u1eed d\u1ee5ng l\u1eafp r\u00e1p m\u00e1y b\u01a1m \u00e1p l\u1ef1c mini k\u00e9p r\u1ea5t d\u1ec5.<br \/>\n&#8211; \u1ed0ng n\u01b0\u1edbc v\u00e0o 12mm g\u1eafn tr\u1ef1c ti\u1ebfp v\u00e0o \u0111\u1ea7u m\u00e1y b\u01a1m, \u0111\u1ea7u c\u00f2n l\u1ea1i cho v\u00e0o th\u00f9ng n\u01b0\u1edbc.<br \/>\n&#8211; \u1ed0ng n\u01b0\u1edbc ra s\u1eed d\u1ee5ng \u1ed1ng 12mm ho\u1eb7c c\u00f3 th\u1ec3 chuy\u1ec3n qua \u1ed1ng 8mm g\u1eafn v\u00e0o b\u00ean c\u00f3 d\u1ea5u m\u0169i t\u00ean.<br \/>\n&#8211; Ngu\u1ed3n \u0111i\u1ec7n s\u1eed d\u1ee5ng l\u00e0 \u1eafc quy 12V t\u1eeb 5Ah tr\u1edf l\u00ean.<br \/>\n&#8211; Ngu\u1ed3n bi\u1ebfn th\u1ebf ph\u1ea3i l\u00e0 12V 10A tr\u1edf l\u00ean.<br \/>\n&#8211; D\u00e2y ngu\u1ed3n m\u00e0u \u0111\u1ecf c\u00f3 2 d\u00e2y th\u00ec g\u1ed9p chung k\u1ebft n\u1ed1i v\u00e0o c\u1ef1c (+).<br \/>\n&#8211; D\u00e2y c\u00f2n l\u1ea1i m\u00e0y xanh ho\u1eb7c m\u00e0u \u0111en k\u1ebft n\u1ed1i v\u00e0o c\u1ef1c (-).<br \/>\n&#8211; \u1ed0ng n\u01b0\u1edbc ra ph\u1ea3i ch\u1ecbu \u00e1p l\u1ef1c cao s\u1ebd kh\u00f4ng b\u1ecb ph\u00f9.<br \/>\n&#8211; M\u00e1y b\u01a1m t\u1ef1 \u0111\u1ed9ng t\u1eaft m\u1edf ngu\u1ed3n \u0111i\u1ec7n khi kh\u00f3a n\u01b0\u1edbc \u0111\u1ea7u ra.<br \/>\n&#8211; N\u00ean s\u1eed d\u1ee5ng l\u1ecdc n\u01b0\u1edbc mini \u0111\u1ec3 b\u1ea3o v\u1ec7 m\u00e1y b\u01a1m kh\u00f4ng b\u1ecb ngh\u1eb9t.<\/p>\n<p><a href=\"https:\/\/maybommini.com\/wp-content\/uploads\/2019\/07\/May-bom-rua-xe-mini-12V-kep.jpg\" target=\"_blank\" rel=\"noopener\"><img decoding=\"async\" class=\"size-full wp-image-262636 aligncenter\" src=\"https:\/\/maybommini.com\/wp-content\/uploads\/2019\/07\/May-bom-rua-xe-mini-12V-kep.jpg\" alt=\"May Bom Rua Xe Mini 12V Kep\" width=\"750\" height=\"750\" srcset=\"https:\/\/maybommini.vn\/wp-content\/uploads\/2019\/07\/May-bom-rua-xe-mini-12V-kep.jpg 750w, https:\/\/maybommini.vn\/wp-content\/uploads\/2019\/07\/May-bom-rua-xe-mini-12V-kep-300x300.jpg 300w, https:\/\/maybommini.vn\/wp-content\/uploads\/2019\/07\/May-bom-rua-xe-mini-12V-kep-150x150.jpg 150w, https:\/\/maybommini.vn\/wp-content\/uploads\/2019\/07\/May-bom-rua-xe-mini-12V-kep-600x600.jpg 600w\" sizes=\"(max-width: 750px) 100vw, 750px\" \/><\/a> <a href=\"https:\/\/maybommini.com\/wp-content\/uploads\/2019\/07\/May-bom-rua-xe-sinh-may-lanh-gia-dinh.jpg\" target=\"_blank\" rel=\"noopener\"><img decoding=\"async\" class=\"size-full wp-image-262637 aligncenter\" src=\"https:\/\/maybommini.com\/wp-content\/uploads\/2019\/07\/May-bom-rua-xe-sinh-may-lanh-gia-dinh.jpg\" alt=\"May Bom Rua Xe Sinh May Lanh Gia Dinh\" width=\"750\" height=\"750\" srcset=\"https:\/\/maybommini.vn\/wp-content\/uploads\/2019\/07\/May-bom-rua-xe-sinh-may-lanh-gia-dinh.jpg 750w, https:\/\/maybommini.vn\/wp-content\/uploads\/2019\/07\/May-bom-rua-xe-sinh-may-lanh-gia-dinh-300x300.jpg 300w, https:\/\/maybommini.vn\/wp-content\/uploads\/2019\/07\/May-bom-rua-xe-sinh-may-lanh-gia-dinh-150x150.jpg 150w, https:\/\/maybommini.vn\/wp-content\/uploads\/2019\/07\/May-bom-rua-xe-sinh-may-lanh-gia-dinh-600x600.jpg 600w\" sizes=\"(max-width: 750px) 100vw, 750px\" \/><\/a><\/p>\n<p><strong>S\u1eec D\u1ee4NG M\u00c1Y B\u01a0M \u00c1P L\u1ef0C MINI<\/strong><br \/>\n\u2013 D\u00f9ng v\u1ec7 sinh \u0111i\u1ec1u ho\u00e0 gia \u0111\u00ecnh.<br \/>\n\u2013 D\u00f9ng x\u1ecbt r\u1eeda m\u00e1y l\u1ea1nh gia \u0111\u00ecnh ho\u1eb7c Cty v\u0103n ph\u00f2ng.<br \/>\n\u2013 D\u00f9ng cho nh\u00e2n vi\u00ean d\u1ecbch v\u1ee5 \u0111i\u1ec7n l\u1ea1nh chuy\u00ean nhi\u1ec7p.<br \/>\n\u2013 D\u00f9ng x\u1ecbt r\u1eeda m\u00e1y l\u1ea1nh, m\u00e1y l\u1ecdc kh\u00f4ng kh\u00ed.<br \/>\n\u2013 V\u1ec7 sinh m\u00e1y l\u1ea1nh cho Hotel kh\u00e1ch s\u1ea1n nh\u00e0 ngh\u1ec9.<br \/>\n\u2013 Ngo\u00e0i ra c\u00f3 th\u1ec3 d\u00f9ng nh\u01b0 m\u1ed9t m\u00e1y r\u1eeda xe gia \u0111\u00ecnh r\u1ea5t ti\u1ec7n d\u1ee5ng.<br \/>\n\u2013 D\u00f9ng phun t\u01b0\u1edbi c\u00e2y, phun thu\u1ed1c tr\u1eeb s\u00e2u.<br \/>\n\u2013 X\u1ecbt r\u1eeda \u00d4to, xe m\u00e1y c\u00f3 th\u1ec3 d\u00f9ng n\u01b0\u1edbc x\u00e0 ph\u1ed3ng x\u1ecbt tr\u1ef1c ti\u1ebfp.<br \/>\n\u2013 X\u1ecbt r\u1eeda v\u1ec7 sinh nh\u00e0 c\u1eeda, chu\u1ed3ng tr\u1ea1i ch\u0103n nu\u00f4i.<br \/>\n\u2013 V\u00e0 \u1ee9ng d\u1ee5ng cho nhi\u1ec1u vi\u1ec7c kh\u00e1c nhau.<br \/>\n\u2013 S\u1eed d\u1ee5ng b\u01a1m n\u01b0\u1edbc cho khu v\u1ef1c kh\u00f4ng c\u00f3 \u0111i\u1ec7n.<\/p>\n<p><a href=\"https:\/\/maybommini.com\/wp-content\/uploads\/2019\/07\/Phun-xit-rua-tuoi-cay-bang-bom-ap-luc-mini-kep.jpg\" target=\"_blank\" rel=\"noopener\"><img decoding=\"async\" class=\"size-full wp-image-262638 aligncenter\" src=\"https:\/\/maybommini.com\/wp-content\/uploads\/2019\/07\/Phun-xit-rua-tuoi-cay-bang-bom-ap-luc-mini-kep.jpg\" alt=\"Phun Xit Rua Tuoi Cay Bang Bom Ap Luc Mini Kep\" width=\"750\" height=\"750\" srcset=\"https:\/\/maybommini.vn\/wp-content\/uploads\/2019\/07\/Phun-xit-rua-tuoi-cay-bang-bom-ap-luc-mini-kep.jpg 750w, https:\/\/maybommini.vn\/wp-content\/uploads\/2019\/07\/Phun-xit-rua-tuoi-cay-bang-bom-ap-luc-mini-kep-300x300.jpg 300w, https:\/\/maybommini.vn\/wp-content\/uploads\/2019\/07\/Phun-xit-rua-tuoi-cay-bang-bom-ap-luc-mini-kep-150x150.jpg 150w, https:\/\/maybommini.vn\/wp-content\/uploads\/2019\/07\/Phun-xit-rua-tuoi-cay-bang-bom-ap-luc-mini-kep-600x600.jpg 600w\" sizes=\"(max-width: 750px) 100vw, 750px\" \/><\/a> <a href=\"https:\/\/maybommini.com\/wp-content\/uploads\/2019\/07\/Su-dung-may-bom-ap-luc-mini-kep-12v.jpg\" target=\"_blank\" rel=\"noopener\"><img decoding=\"async\" class=\"size-full wp-image-262639 aligncenter\" src=\"https:\/\/maybommini.com\/wp-content\/uploads\/2019\/07\/Su-dung-may-bom-ap-luc-mini-kep-12v.jpg\" alt=\"Su Dung May Bom Ap Luc Mini Kep 12v\" width=\"750\" height=\"750\" srcset=\"https:\/\/maybommini.vn\/wp-content\/uploads\/2019\/07\/Su-dung-may-bom-ap-luc-mini-kep-12v.jpg 750w, https:\/\/maybommini.vn\/wp-content\/uploads\/2019\/07\/Su-dung-may-bom-ap-luc-mini-kep-12v-300x300.jpg 300w, https:\/\/maybommini.vn\/wp-content\/uploads\/2019\/07\/Su-dung-may-bom-ap-luc-mini-kep-12v-150x150.jpg 150w, https:\/\/maybommini.vn\/wp-content\/uploads\/2019\/07\/Su-dung-may-bom-ap-luc-mini-kep-12v-600x600.jpg 600w\" sizes=\"(max-width: 750px) 100vw, 750px\" \/><\/a> <a href=\"https:\/\/maybommini.com\/wp-content\/uploads\/2019\/07\/ung-dung-may-bom-ap-luc-mini-12v.jpg\" target=\"_blank\" rel=\"noopener\"><img decoding=\"async\" class=\"size-full wp-image-262627 aligncenter\" src=\"https:\/\/maybommini.com\/wp-content\/uploads\/2019\/07\/ung-dung-may-bom-ap-luc-mini-12v.jpg\" alt=\"Ung Dung May Bom Ap Luc Mini 12v\" width=\"750\" height=\"750\" srcset=\"https:\/\/maybommini.vn\/wp-content\/uploads\/2019\/07\/ung-dung-may-bom-ap-luc-mini-12v.jpg 750w, https:\/\/maybommini.vn\/wp-content\/uploads\/2019\/07\/ung-dung-may-bom-ap-luc-mini-12v-300x300.jpg 300w, https:\/\/maybommini.vn\/wp-content\/uploads\/2019\/07\/ung-dung-may-bom-ap-luc-mini-12v-150x150.jpg 150w, https:\/\/maybommini.vn\/wp-content\/uploads\/2019\/07\/ung-dung-may-bom-ap-luc-mini-12v-600x600.jpg 600w\" sizes=\"(max-width: 750px) 100vw, 750px\" \/><\/a><\/p>\n<h3 style=\"text-align: center;\"><em><strong>M\u00e1y b\u01a1m mini \u00e1p l\u1ef1c k\u00e9p 12V 100W MAXPUMPS<\/strong><\/em><\/h3>\n","protected":false},"excerpt":{"rendered":"<p>Th\u01b0\u01a1ng hi\u1ec7u: MAXPUMPS<br \/>\nModel: XLD-DUAL-12V-100W-AUTO<br \/>\n\u0110i\u1ec7n th\u1ebf: 12V DC<br \/>\nC\u00f4ng su\u1ea5t: 100 W<br \/>\nL\u01b0u l\u01b0\u1ee3ng: 7 &#8211; 9 L\/P<br \/>\n\u00c1p l\u1ef1c: 0.85 Mpa<br \/>\n\u1ed0ng n\u01b0\u1edbc ra: 12 mm.<br \/>\n\u1ed0ng n\u01b0\u1edbc v\u00e0o: 12 mm.<br \/>\nT\u1ef1 \u0111\u1ed9ng t\u1eaft ngu\u1ed3n khi ng\u01b0ng phun x\u1ecbt.<br \/>\nT\u1ef1 h\u00fat n\u01b0\u1edbc s\u00e2u 1 \u0111\u1ebfn 2 m\u00e9t.<br \/>\n\u0110\u1ea9y xa tr\u00ean 10 m\u00e9t.<br \/>\n\u0110\u1ea9y cao tr\u00ean 10 m\u00e9t.<br \/>\nMotor d\u00e2y \u0111\u1ed3ng cao c\u1ea5p.<br \/>\nCh\u1ea5t li\u1ec7u: Th\u00e9p &#8211; \u0110\u1ed3ng &#8211; Nh\u1ef1a.<br \/>\nS\u1eed d\u1ee5ng ngu\u1ed3n 12V \u1eafc quy ho\u1eb7c bi\u1ebfn th\u1ebf 12V 10A.<br \/>\nK\u00edch th\u01b0\u1edbc: 20 x 14.5 x 6 CM.<br \/>\nTr\u1ecdng l\u01b0\u1ee3ng: 1.15 Kg<br \/>\n<strong>H\u00f4\u0309 tr\u01a1\u0323 ky\u0303 thu\u00e2\u0323t vi\u0303nh vi\u00ea\u0303n.<\/strong><br \/>\n<strong>B\u1ea3o h\u00e0nh: 6 th\u00e1ng<\/strong><br \/>\n<strong>Ph\u00e2n ph\u1ed1i: Maybommini.com<\/strong><\/p>\n","protected":false},"featured_media":262629,"comment_status":"open","ping_status":"closed","template":"","meta":[],"product_brand":[60],"product_cat":[197,196,225],"product_tag":[213,2932,2762,2931,231,2600,849,304],"class_list":{"0":"post-262626","1":"product","2":"type-product","3":"status-publish","4":"has-post-thumbnail","6":"product_brand-maxpumps","7":"product_cat-may-bom-ap-luc-12v","8":"product_cat-may-bom-ap-luc-mini","9":"product_cat-may-bom-nuoc-mini-12v","10":"product_tag-bom-ap-luc-mini","11":"product_tag-bom-phun-thuoc-sau","12":"product_tag-maxpums","13":"product_tag-may-bom-ap-luc-kep","14":"product_tag-may-bom-mini","15":"product_tag-may-bom-phun-thuoc-sau","16":"product_tag-may-bom-tu-dong","17":"product_tag-may-rua-xe-mini","19":"first","20":"instock","21":"sale","22":"shipping-taxable","23":"purchasable","24":"product-type-simple"},"_links":{"self":[{"href":"https:\/\/maybommini.vn\/index.php?rest_route=\/wp\/v2\/product\/262626","targetHints":{"allow":["GET"]}}],"collection":[{"href":"https:\/\/maybommini.vn\/index.php?rest_route=\/wp\/v2\/product"}],"about":[{"href":"https:\/\/maybommini.vn\/index.php?rest_route=\/wp\/v2\/types\/product"}],"replies":[{"embeddable":true,"href":"https:\/\/maybommini.vn\/index.php?rest_route=%2Fwp%2Fv2%2Fcomments&post=262626"}],"wp:featuredmedia":[{"embeddable":true,"href":"https:\/\/maybommini.vn\/index.php?rest_route=\/wp\/v2\/media\/262629"}],"wp:attachment":[{"href":"https:\/\/maybommini.vn\/index.php?rest_route=%2Fwp%2Fv2%2Fmedia&parent=262626"}],"wp:term":[{"taxonomy":"product_brand","embeddable":true,"href":"https:\/\/maybommini.vn\/index.php?rest_route=%2Fwp%2Fv2%2Fproduct_brand&post=262626"},{"taxonomy":"product_cat","embeddable":true,"href":"https:\/\/maybommini.vn\/index.php?rest_route=%2Fwp%2Fv2%2Fproduct_cat&post=262626"},{"taxonomy":"product_tag","embeddable":true,"href":"https:\/\/maybommini.vn\/index.php?rest_route=%2Fwp%2Fv2%2Fproduct_tag&post=262626"}],"curies":[{"name":"wp","href":"https:\/\/api.w.org\/{rel}","templated":true}]}}