{"id":262848,"date":"2019-07-25T07:44:38","date_gmt":"2019-07-25T00:44:38","guid":{"rendered":"https:\/\/maybommini.com\/?post_type=product&#038;p=262848"},"modified":"2022-11-25T15:15:10","modified_gmt":"2022-11-25T08:15:10","slug":"chen-bam-ong-ap-luc-cao-8-5mm-dong-thau","status":"publish","type":"product","link":"https:\/\/maybommini.vn\/?product=chen-bam-ong-ap-luc-cao-8-5mm-dong-thau","title":{"rendered":"Ch\u00e9n b\u1ea5m \u1ed1ng \u00e1p l\u1ef1c cao 8.5mm \u0111\u1ed3ng thau"},"content":{"rendered":"<h3><em><strong>Chuy\u00ean b\u00e1n s\u1ec9 v\u00e0 l\u1ebb\u00a0ch\u00e9n b\u1ea5m \u1ed1ng \u00e1p l\u1ef1c cao 8.5mm \u0111\u1ed3ng thau l\u00e0 lo\u1ea1i d\u00f9ng b\u1ea5m c\u00e1c lo\u1ea1i \u0111\u1ea7u \u1ed1ng d\u00e2y \u00e1p l\u1ef1c cao. \u0110\u00e2y l\u00e0 lo\u1ea1i ch\u00e9n b\u1ecdc \u0111\u1ea7u cost cho \u1ed1ng d\u00f9ng r\u1eeda xe, b\u01a1m h\u01a1i, phun thu\u1ed1c tr\u1eeb s\u00e2u.<\/strong><\/em><\/h3>\n<p><a href=\"https:\/\/maybommini.com\/wp-content\/uploads\/2018\/04\/Chen-bam-ong-ap-luc-dong-thau.jpg\" target=\"_blank\" rel=\"noopener\"><img decoding=\"async\" class=\"size-full wp-image-262835 aligncenter\" src=\"https:\/\/maybommini.com\/wp-content\/uploads\/2018\/04\/Chen-bam-ong-ap-luc-dong-thau.jpg\" alt=\"Chen Bam Ong Ap Luc Dong Thau\" width=\"750\" height=\"750\" srcset=\"https:\/\/maybommini.vn\/wp-content\/uploads\/2018\/04\/Chen-bam-ong-ap-luc-dong-thau.jpg 750w, https:\/\/maybommini.vn\/wp-content\/uploads\/2018\/04\/Chen-bam-ong-ap-luc-dong-thau-300x300.jpg 300w, https:\/\/maybommini.vn\/wp-content\/uploads\/2018\/04\/Chen-bam-ong-ap-luc-dong-thau-150x150.jpg 150w, https:\/\/maybommini.vn\/wp-content\/uploads\/2018\/04\/Chen-bam-ong-ap-luc-dong-thau-600x600.jpg 600w\" sizes=\"(max-width: 750px) 100vw, 750px\" \/><\/a><\/p>\n<p><strong>TH\u00d4NG S\u1ed0 K\u1ef8 THU\u1eacT<\/strong><br \/>\nModel: CHEN-THAU-8.5MM<br \/>\nCh\u00e9m b\u1ea5m \u1ed1ng \u00e1p l\u1ef1c<br \/>\nK\u00edch th\u01b0\u1edbc: 20mm<br \/>\n\u0110\u01b0\u1eddng k\u00ednh: 15mm<br \/>\nS\u1eed d\u1ee5ng cho \u1ed1ng 8.5mm.<br \/>\nCh\u1ea5t li\u1ec7u: \u0110\u1ed3ng thau.<br \/>\nTr\u1ecdng l\u01b0\u1ee3ng: 10 gam.<\/p>\n<p><a href=\"https:\/\/maybommini.com\/wp-content\/uploads\/2018\/04\/Chen-thau-bam-cost.jpg\" target=\"_blank\" rel=\"noopener\"><img decoding=\"async\" class=\"size-full wp-image-262839 aligncenter\" src=\"https:\/\/maybommini.com\/wp-content\/uploads\/2018\/04\/Chen-thau-bam-cost.jpg\" alt=\"Chen Thau Bam Cost\" width=\"750\" height=\"750\" srcset=\"https:\/\/maybommini.vn\/wp-content\/uploads\/2018\/04\/Chen-thau-bam-cost.jpg 750w, https:\/\/maybommini.vn\/wp-content\/uploads\/2018\/04\/Chen-thau-bam-cost-300x300.jpg 300w, https:\/\/maybommini.vn\/wp-content\/uploads\/2018\/04\/Chen-thau-bam-cost-150x150.jpg 150w, https:\/\/maybommini.vn\/wp-content\/uploads\/2018\/04\/Chen-thau-bam-cost-600x600.jpg 600w\" sizes=\"(max-width: 750px) 100vw, 750px\" \/><\/a> <a href=\"https:\/\/maybommini.com\/wp-content\/uploads\/2018\/04\/Chen-bam-cost-dong-thao.jpg\" target=\"_blank\" rel=\"noopener\"><img decoding=\"async\" class=\"size-full wp-image-262834 aligncenter\" src=\"https:\/\/maybommini.com\/wp-content\/uploads\/2018\/04\/Chen-bam-cost-dong-thao.jpg\" alt=\"Chen Bam Cost Dong Thao\" width=\"750\" height=\"750\" srcset=\"https:\/\/maybommini.vn\/wp-content\/uploads\/2018\/04\/Chen-bam-cost-dong-thao.jpg 750w, https:\/\/maybommini.vn\/wp-content\/uploads\/2018\/04\/Chen-bam-cost-dong-thao-300x300.jpg 300w, https:\/\/maybommini.vn\/wp-content\/uploads\/2018\/04\/Chen-bam-cost-dong-thao-150x150.jpg 150w, https:\/\/maybommini.vn\/wp-content\/uploads\/2018\/04\/Chen-bam-cost-dong-thao-600x600.jpg 600w\" sizes=\"(max-width: 750px) 100vw, 750px\" \/><\/a> <a href=\"https:\/\/maybommini.com\/wp-content\/uploads\/2018\/04\/kich-thuoc-chem-bam-ong-ap-luc.jpg\" target=\"_blank\" rel=\"noopener\"><img decoding=\"async\" class=\"size-full wp-image-262841 aligncenter\" src=\"https:\/\/maybommini.com\/wp-content\/uploads\/2018\/04\/kich-thuoc-chem-bam-ong-ap-luc.jpg\" alt=\"Kich Thuoc Chem Bam Ong Ap Luc\" width=\"750\" height=\"750\" srcset=\"https:\/\/maybommini.vn\/wp-content\/uploads\/2018\/04\/kich-thuoc-chem-bam-ong-ap-luc.jpg 750w, https:\/\/maybommini.vn\/wp-content\/uploads\/2018\/04\/kich-thuoc-chem-bam-ong-ap-luc-300x300.jpg 300w, https:\/\/maybommini.vn\/wp-content\/uploads\/2018\/04\/kich-thuoc-chem-bam-ong-ap-luc-150x150.jpg 150w, https:\/\/maybommini.vn\/wp-content\/uploads\/2018\/04\/kich-thuoc-chem-bam-ong-ap-luc-600x600.jpg 600w\" sizes=\"(max-width: 750px) 100vw, 750px\" \/><\/a> <a href=\"https:\/\/maybommini.com\/wp-content\/uploads\/2018\/04\/Ban-chen-bam-ong-rua-xe-ong-hoi.jpg\" target=\"_blank\" rel=\"noopener\"><img decoding=\"async\" class=\"size-full wp-image-262833 aligncenter\" src=\"https:\/\/maybommini.com\/wp-content\/uploads\/2018\/04\/Ban-chen-bam-ong-rua-xe-ong-hoi.jpg\" alt=\"Ban Chen Bam Ong Rua Xe Ong Hoi\" width=\"750\" height=\"750\" srcset=\"https:\/\/maybommini.vn\/wp-content\/uploads\/2018\/04\/Ban-chen-bam-ong-rua-xe-ong-hoi.jpg 750w, https:\/\/maybommini.vn\/wp-content\/uploads\/2018\/04\/Ban-chen-bam-ong-rua-xe-ong-hoi-300x300.jpg 300w, https:\/\/maybommini.vn\/wp-content\/uploads\/2018\/04\/Ban-chen-bam-ong-rua-xe-ong-hoi-150x150.jpg 150w, https:\/\/maybommini.vn\/wp-content\/uploads\/2018\/04\/Ban-chen-bam-ong-rua-xe-ong-hoi-600x600.jpg 600w\" sizes=\"(max-width: 750px) 100vw, 750px\" \/><\/a> <a href=\"https:\/\/maybommini.com\/wp-content\/uploads\/2018\/04\/Dau-cost-bam-cong-ap-luc-13mm-dong-thau.jpg\" target=\"_blank\" rel=\"noopener\"><img decoding=\"async\" class=\"size-full wp-image-262827 aligncenter\" src=\"https:\/\/maybommini.com\/wp-content\/uploads\/2018\/04\/Dau-cost-bam-cong-ap-luc-13mm-dong-thau.jpg\" alt=\"Dau Cost Bam Cong Ap Luc 13mm Dong Thau\" width=\"750\" height=\"750\" srcset=\"https:\/\/maybommini.vn\/wp-content\/uploads\/2018\/04\/Dau-cost-bam-cong-ap-luc-13mm-dong-thau.jpg 750w, https:\/\/maybommini.vn\/wp-content\/uploads\/2018\/04\/Dau-cost-bam-cong-ap-luc-13mm-dong-thau-300x300.jpg 300w, https:\/\/maybommini.vn\/wp-content\/uploads\/2018\/04\/Dau-cost-bam-cong-ap-luc-13mm-dong-thau-150x150.jpg 150w, https:\/\/maybommini.vn\/wp-content\/uploads\/2018\/04\/Dau-cost-bam-cong-ap-luc-13mm-dong-thau-600x600.jpg 600w\" sizes=\"(max-width: 750px) 100vw, 750px\" \/><\/a><\/p>\n<p><strong>S\u1eec D\u1ee4NG \u0110\u1ea6U B\u1ea4M \u1ed0NG \u00c1P L\u1ef0C<\/strong><br \/>\nS\u1eed d\u1ee5ng \u0111\u01a1n gi\u1ea3n l\u1ef1c t\u1eeb tay c\u1ea7m t\u1ea1o ra \u0111\u1ec3 \u00e9p \u0111\u1ea7u \u1ed1ng k\u1ebft ch\u1eb7c v\u1edbi nhau.<br \/>\nD\u00f9ng m\u00e1y b\u1ea5m \u0111\u1ea7u \u1ed1ng \u0111\u1ec3 \u00e9p 2 \u0111\u1ea7u \u1ed1ng k\u1eb9p ch\u1eb7c v\u00e0o \u1ed1ng d\u00e2y.<br \/>\nM\u00e1y b\u1ea5m \u1ed1ng \u0111\u00f9ng con \u0111\u1ed9i th\u1ee7y l\u1ef1c t\u1ea1o ra l\u1ef1c b\u1ea5m \u1ed1ng.<br \/>\nD\u00f9ng cho c\u00e1c lo\u1ea1i \u1ed1ng c\u00f3 \u0111\u01b0\u1eddng k\u00ednh trong 8mm \u0111\u1ebfn 8.5mm v\u00e0 \u0111\u01b0\u1eddng k\u00ednh ngo\u00e0i 13mm \u0111\u1ebfn 15mm.<br \/>\nS\u1eed d\u1ee5ng \u0111\u01a1n gi\u1ea3n ai c\u0169ng c\u00f3 th\u1ec3 b\u1ea5m \u0111\u1ea7u \u1ed1ng \u00e1p l\u1ef1c theo \u00fd c\u1ee7a m\u00ecnh.<br \/>\nS\u1eed d\u1ee7ng cho c\u00e1c lo\u1ea1i \u1ed1ng r\u1eeda xe \u00e1p l\u1ef1c cao.<br \/>\nB\u1ea5m \u0111\u1ea7u \u1ed1ng phun thu\u1ed1c tr\u1eeb s\u00e2u.<br \/>\nB\u1ea5m \u1ed1ng h\u01a1i, \u1ed1ng gas, \u1ed1ng c\u1ea5p kh\u00ed v\u00e0 c\u00e1c lo\u1ea1i \u1ed1ng kh\u00e1c.<\/p>\n<p><a href=\"https:\/\/maybommini.com\/wp-content\/uploads\/2018\/04\/Su-dung-dau-cost-bam-ong-thuy-luc.jpg\" target=\"_blank\" rel=\"noopener\"><img decoding=\"async\" class=\"size-full wp-image-262842 aligncenter\" src=\"https:\/\/maybommini.com\/wp-content\/uploads\/2018\/04\/Su-dung-dau-cost-bam-ong-thuy-luc.jpg\" alt=\"Su Dung Dau Cost Bam Ong Thuy Luc\" width=\"750\" height=\"750\" srcset=\"https:\/\/maybommini.vn\/wp-content\/uploads\/2018\/04\/Su-dung-dau-cost-bam-ong-thuy-luc.jpg 750w, https:\/\/maybommini.vn\/wp-content\/uploads\/2018\/04\/Su-dung-dau-cost-bam-ong-thuy-luc-300x300.jpg 300w, https:\/\/maybommini.vn\/wp-content\/uploads\/2018\/04\/Su-dung-dau-cost-bam-ong-thuy-luc-150x150.jpg 150w, https:\/\/maybommini.vn\/wp-content\/uploads\/2018\/04\/Su-dung-dau-cost-bam-ong-thuy-luc-600x600.jpg 600w\" sizes=\"(max-width: 750px) 100vw, 750px\" \/><\/a> <a href=\"https:\/\/maybommini.com\/wp-content\/uploads\/2018\/04\/bam-ong-thuy-rua-xe-ap-luc-cao.jpg\" target=\"_blank\" rel=\"noopener\"><img decoding=\"async\" class=\"size-full wp-image-262843 aligncenter\" src=\"https:\/\/maybommini.com\/wp-content\/uploads\/2018\/04\/bam-ong-thuy-rua-xe-ap-luc-cao.jpg\" alt=\"Bam Ong Thuy Rua Xe Ap Luc Cao\" width=\"750\" height=\"750\" srcset=\"https:\/\/maybommini.vn\/wp-content\/uploads\/2018\/04\/bam-ong-thuy-rua-xe-ap-luc-cao.jpg 750w, https:\/\/maybommini.vn\/wp-content\/uploads\/2018\/04\/bam-ong-thuy-rua-xe-ap-luc-cao-300x300.jpg 300w, https:\/\/maybommini.vn\/wp-content\/uploads\/2018\/04\/bam-ong-thuy-rua-xe-ap-luc-cao-150x150.jpg 150w, https:\/\/maybommini.vn\/wp-content\/uploads\/2018\/04\/bam-ong-thuy-rua-xe-ap-luc-cao-600x600.jpg 600w\" sizes=\"(max-width: 750px) 100vw, 750px\" \/><\/a><\/p>\n<p><strong>CTY TNHH TH\u01af\u01a0NG M\u1ea0I D\u1ecaCH V\u1ee4 \u0110I\u1ec6N M\u00c1Y TH\u00d4NG MINH<\/strong><br \/>\n<strong>Hotline:<\/strong> 02873030399 &#8211; 090 729 4310<br \/>\n<strong>Email:<\/strong> maybommini.com@gmail.com<br \/>\n<strong>Website:<\/strong> http:\/\/maybommini.com<br \/>\n<strong>Facebook:<\/strong> https:\/\/www.facebook.com\/maybommini<br \/>\n<strong>Google:<\/strong> https:\/\/plus.google.com\/ Maybomnuocminiruaxe<br \/>\n<strong>Youtube demo<\/strong>: https:\/\/www.youtube.com\/bahamasali<\/p>\n<h4 style=\"text-align: center;\"><a title=\"M\u00e1y b\u1ea5m \u0111\u1ea7u \u1ed1ng \u00e1p l\u1ef1c cao thu\u1ef7 l\u1ef1c 8mm \u0111\u1ebfn 13mm 3 t\u1ea5n\" href=\"https:\/\/maybommini.com\/san-pham\/may-bam-dau-ong-ap-luc-cao-thuy-luc-8mm-den-18mm-3-tan\" target=\"_blank\" rel=\"noopener\">M\u00e1y B\u1ea5m \u0110\u1ea7u \u1ed0ng \u00c1p L\u1ef1c Cao Thu\u1ef7 L\u1ef1c 8mm \u0110\u1ebfn 13mm 3 T\u1ea5n<\/a><br \/>\n<a href=\"https:\/\/maybommini.com\/san-pham\/dau-bam-ong-ap-luc-cao-13mm\" target=\"_blank\" rel=\"noopener noreferrer\">\u0110\u1ea7u b\u1ea5m \u1ed1ng \u00e1p l\u1ef1c cao 8.5mm Ren13mm &#8211; \u0111\u1ed3ng thau<\/a><br \/>\n<a href=\"https:\/\/maybommini.com\/san-pham\/dau-bam-ong-ap-luc-cao-8-5mm-ren-13mm-chen-inox\" target=\"_blank\" rel=\"noopener noreferrer\">\u0110\u1ea7u b\u1ea5m \u1ed1ng \u00e1p l\u1ef1c cao 8.5mm Ren 13mm &#8211; ch\u00e9n inox<\/a><br \/>\nCh\u00e9n b\u1ea5m \u1ed1ng \u00e1p l\u1ef1c cao 8.5mm \u0111\u1ed3ng thau<\/h4>\n<p>&nbsp;<\/p>\n<p style=\"text-align: center;\"><strong><br \/>\n<a href=\"http:\/\/maybommini.com\/wp-content\/uploads\/2016\/06\/ong-ap-luc-cao-rua-xe-rua-may-lanh-phun-thuoc-sau.jpg\" rel=\"attachment wp-att-245341 noopener\" target=\"_blank\"><img decoding=\"async\" class=\"size-full wp-image-245341 aligncenter\" src=\"http:\/\/maybommini.com\/wp-content\/uploads\/2016\/06\/ong-ap-luc-cao-rua-xe-rua-may-lanh-phun-thuoc-sau.jpg\" alt=\"ong-ap-luc-cao-rua-xe-rua-may-lanh-phun-thuoc-sau\" width=\"984\" height=\"673\" srcset=\"https:\/\/maybommini.vn\/wp-content\/uploads\/2016\/06\/ong-ap-luc-cao-rua-xe-rua-may-lanh-phun-thuoc-sau.jpg 984w, https:\/\/maybommini.vn\/wp-content\/uploads\/2016\/06\/ong-ap-luc-cao-rua-xe-rua-may-lanh-phun-thuoc-sau-600x410.jpg 600w, https:\/\/maybommini.vn\/wp-content\/uploads\/2016\/06\/ong-ap-luc-cao-rua-xe-rua-may-lanh-phun-thuoc-sau-300x205.jpg 300w, https:\/\/maybommini.vn\/wp-content\/uploads\/2016\/06\/ong-ap-luc-cao-rua-xe-rua-may-lanh-phun-thuoc-sau-768x525.jpg 768w\" sizes=\"(max-width: 984px) 100vw, 984px\" \/><\/a><\/strong>\u00a0<strong>\u0110\u1ea7u b\u1ea5m \u0111\u1ea7u \u1ed1ng \u00e1p l\u1ef1c cao 13mm<\/strong><a href=\"http:\/\/maybommini.com\/wp-content\/uploads\/2016\/06\/dau-ong-ap-luc-13mm.jpg\" rel=\"attachment wp-att-245339 noopener\" target=\"_blank\"><img decoding=\"async\" class=\"size-full wp-image-245339 aligncenter\" src=\"http:\/\/maybommini.com\/wp-content\/uploads\/2016\/06\/dau-ong-ap-luc-13mm.jpg\" alt=\"dau-ong-ap-luc-13mm\" width=\"750\" height=\"586\" srcset=\"https:\/\/maybommini.vn\/wp-content\/uploads\/2016\/06\/dau-ong-ap-luc-13mm.jpg 750w, https:\/\/maybommini.vn\/wp-content\/uploads\/2016\/06\/dau-ong-ap-luc-13mm-600x469.jpg 600w, https:\/\/maybommini.vn\/wp-content\/uploads\/2016\/06\/dau-ong-ap-luc-13mm-300x234.jpg 300w\" sizes=\"(max-width: 750px) 100vw, 750px\" \/><\/a><\/p>\n<p><img decoding=\"async\" class=\"size-full wp-image-245338 aligncenter\" src=\"http:\/\/maybommini.com\/wp-content\/uploads\/2016\/06\/dau-bam-ong-ap-luc-13mm.jpg\" alt=\"dau-bam--ong-ap-luc-13mm\" width=\"800\" height=\"348\" srcset=\"https:\/\/maybommini.vn\/wp-content\/uploads\/2016\/06\/dau-bam-ong-ap-luc-13mm.jpg 800w, https:\/\/maybommini.vn\/wp-content\/uploads\/2016\/06\/dau-bam-ong-ap-luc-13mm-600x261.jpg 600w, https:\/\/maybommini.vn\/wp-content\/uploads\/2016\/06\/dau-bam-ong-ap-luc-13mm-300x131.jpg 300w, https:\/\/maybommini.vn\/wp-content\/uploads\/2016\/06\/dau-bam-ong-ap-luc-13mm-768x334.jpg 768w\" sizes=\"(max-width: 800px) 100vw, 800px\" \/><\/p>\n<p>&nbsp;<\/p>\n<p><a href=\"http:\/\/maybommini.com\/wp-content\/uploads\/2016\/06\/dau-ong-ap-luc.jpg\" rel=\"attachment wp-att-245332 noopener\" target=\"_blank\"><img decoding=\"async\" class=\"size-full wp-image-245332 aligncenter\" src=\"http:\/\/maybommini.com\/wp-content\/uploads\/2016\/06\/dau-ong-ap-luc.jpg\" alt=\"dau-ong-ap-luc\" width=\"800\" height=\"600\" srcset=\"https:\/\/maybommini.vn\/wp-content\/uploads\/2016\/06\/dau-ong-ap-luc.jpg 800w, https:\/\/maybommini.vn\/wp-content\/uploads\/2016\/06\/dau-ong-ap-luc-600x450.jpg 600w, https:\/\/maybommini.vn\/wp-content\/uploads\/2016\/06\/dau-ong-ap-luc-300x225.jpg 300w, https:\/\/maybommini.vn\/wp-content\/uploads\/2016\/06\/dau-ong-ap-luc-768x576.jpg 768w\" sizes=\"(max-width: 800px) 100vw, 800px\" \/><\/a><\/p>\n<p>&nbsp;<\/p>\n<p><a href=\"http:\/\/maybommini.com\/wp-content\/uploads\/2016\/06\/dau-ong-ap-luc-cao.jpg\" rel=\"attachment wp-att-245333 noopener\" target=\"_blank\"><img decoding=\"async\" class=\"size-full wp-image-245333 aligncenter\" src=\"http:\/\/maybommini.com\/wp-content\/uploads\/2016\/06\/dau-ong-ap-luc-cao.jpg\" alt=\"dau-ong-ap-luc-cao\" width=\"673\" height=\"391\" srcset=\"https:\/\/maybommini.vn\/wp-content\/uploads\/2016\/06\/dau-ong-ap-luc-cao.jpg 673w, https:\/\/maybommini.vn\/wp-content\/uploads\/2016\/06\/dau-ong-ap-luc-cao-600x349.jpg 600w, https:\/\/maybommini.vn\/wp-content\/uploads\/2016\/06\/dau-ong-ap-luc-cao-300x174.jpg 300w\" sizes=\"(max-width: 673px) 100vw, 673px\" \/><\/a><\/p>\n<p style=\"text-align: center;\"><a href=\"http:\/\/maybommini.com\/wp-content\/uploads\/2016\/06\/may-dong-dau-ong-ap-luc.jpg\" rel=\"attachment wp-att-245336 noopener\" target=\"_blank\"><img decoding=\"async\" class=\"size-full wp-image-245336 aligncenter\" src=\"http:\/\/maybommini.com\/wp-content\/uploads\/2016\/06\/may-dong-dau-ong-ap-luc.jpg\" alt=\"may-dong-dau-ong-ap-luc\" width=\"620\" height=\"620\" srcset=\"https:\/\/maybommini.vn\/wp-content\/uploads\/2016\/06\/may-dong-dau-ong-ap-luc.jpg 620w, https:\/\/maybommini.vn\/wp-content\/uploads\/2016\/06\/may-dong-dau-ong-ap-luc-300x300.jpg 300w, https:\/\/maybommini.vn\/wp-content\/uploads\/2016\/06\/may-dong-dau-ong-ap-luc-600x600.jpg 600w, https:\/\/maybommini.vn\/wp-content\/uploads\/2016\/06\/may-dong-dau-ong-ap-luc-150x150.jpg 150w\" sizes=\"(max-width: 620px) 100vw, 620px\" \/><\/a><\/p>\n<p><img decoding=\"async\" class=\"size-large wp-image-245340 aligncenter\" src=\"http:\/\/maybommini.com\/wp-content\/uploads\/2016\/06\/dau-ong-ap-luc-ren-13mm-1.jpg\" alt=\"dau-ong-ap-luc-ren-13mm\" width=\"750\" height=\"698\" srcset=\"https:\/\/maybommini.vn\/wp-content\/uploads\/2016\/06\/dau-ong-ap-luc-ren-13mm-1.jpg 750w, https:\/\/maybommini.vn\/wp-content\/uploads\/2016\/06\/dau-ong-ap-luc-ren-13mm-1-600x558.jpg 600w, https:\/\/maybommini.vn\/wp-content\/uploads\/2016\/06\/dau-ong-ap-luc-ren-13mm-1-300x279.jpg 300w\" sizes=\"(max-width: 750px) 100vw, 750px\" \/><\/p>\n","protected":false},"excerpt":{"rendered":"<p>Model: CHEN-THAU-8.5MM<br \/>\nCh\u00e9m b\u1ea5m \u1ed1ng \u00e1p l\u1ef1c<br \/>\nK\u00edch th\u01b0\u1edbc: 20mm<br \/>\n\u0110\u01b0\u1eddng k\u00ednh: 15mm<br \/>\nS\u1eed d\u1ee5ng cho \u1ed1ng 8.5mm.<br \/>\nCh\u1ea5t li\u1ec7u: \u0110\u1ed3ng thau.<br \/>\nTr\u1ecdng l\u01b0\u1ee3ng: 10 gam.<br \/>\nCh\u1ea5t l\u01b0\u1ee3ng s\u1ea3n ph\u1ea9m v\u1edbi ng\u01b0\u1eddi ti\u00eau d\u00f9ng.<br \/>\n<strong>H\u00f4\u0309 tr\u01a1\u0323 ky\u0303 thu\u00e2\u0323t vi\u0303nh vi\u00ea\u0303n.<\/strong><\/p>\n","protected":false},"featured_media":262834,"comment_status":"open","ping_status":"closed","template":"","meta":[],"product_brand":[2227],"product_cat":[2897,317],"product_tag":[751,752,753,2943,754,2942,755,761,756,757,758,759,760,762],"class_list":{"0":"post-262848","1":"product","2":"type-product","3":"status-publish","4":"has-post-thumbnail","6":"product_brand-mtm","7":"product_cat-bam-ong-ap-luc","8":"product_cat-thiet-bi-dung-cu","9":"product_tag-bam-cost","10":"product_tag-bam-ong","11":"product_tag-bam-ong-day","12":"product_tag-chen-bam-ong-inox","13":"product_tag-cost","14":"product_tag-cost-8-5mm","15":"product_tag-dau-bam-ong","16":"product_tag-dau-ong","17":"product_tag-may-bam","18":"product_tag-may-bam-ong","19":"product_tag-may-ep-ap-luc","20":"product_tag-ong-ap-luc","21":"product_tag-ong-ap-luc-cao","22":"product_tag-ren-13mm","24":"first","25":"instock","26":"sale","27":"shipping-taxable","28":"purchasable","29":"product-type-simple"},"_links":{"self":[{"href":"https:\/\/maybommini.vn\/index.php?rest_route=\/wp\/v2\/product\/262848","targetHints":{"allow":["GET"]}}],"collection":[{"href":"https:\/\/maybommini.vn\/index.php?rest_route=\/wp\/v2\/product"}],"about":[{"href":"https:\/\/maybommini.vn\/index.php?rest_route=\/wp\/v2\/types\/product"}],"replies":[{"embeddable":true,"href":"https:\/\/maybommini.vn\/index.php?rest_route=%2Fwp%2Fv2%2Fcomments&post=262848"}],"wp:featuredmedia":[{"embeddable":true,"href":"https:\/\/maybommini.vn\/index.php?rest_route=\/wp\/v2\/media\/262834"}],"wp:attachment":[{"href":"https:\/\/maybommini.vn\/index.php?rest_route=%2Fwp%2Fv2%2Fmedia&parent=262848"}],"wp:term":[{"taxonomy":"product_brand","embeddable":true,"href":"https:\/\/maybommini.vn\/index.php?rest_route=%2Fwp%2Fv2%2Fproduct_brand&post=262848"},{"taxonomy":"product_cat","embeddable":true,"href":"https:\/\/maybommini.vn\/index.php?rest_route=%2Fwp%2Fv2%2Fproduct_cat&post=262848"},{"taxonomy":"product_tag","embeddable":true,"href":"https:\/\/maybommini.vn\/index.php?rest_route=%2Fwp%2Fv2%2Fproduct_tag&post=262848"}],"curies":[{"name":"wp","href":"https:\/\/api.w.org\/{rel}","templated":true}]}}