{"id":262976,"date":"2019-07-31T21:21:05","date_gmt":"2019-07-31T14:21:05","guid":{"rendered":"https:\/\/maybommini.com\/?post_type=product&#038;p=262976"},"modified":"2025-07-11T19:32:47","modified_gmt":"2025-07-11T12:32:47","slug":"bec-xit-rua-ap-luc-cao-50mm-ren-13mm","status":"publish","type":"product","link":"https:\/\/maybommini.vn\/?product=bec-xit-rua-ap-luc-cao-50mm-ren-13mm","title":{"rendered":"B\u00e9c x\u1ecbt r\u1eeda \u00e1p l\u1ef1c cao 50mm ren 13mm"},"content":{"rendered":"<p style=\"text-align: left;\"><strong>Chuy\u00ean b\u00e1n c\u00e1c lo\u1ea1i b\u00e9c x\u1ecbt r\u1eeda \u00e1p l\u1ef1c cao d\u00f9ng cho m\u00e1y b\u01a1m \u00e1p l\u1ef1c d\u00f9ng \u0111\u1ec3 r\u1eeda xe m\u00e1y, v\u1ec7 sinh m\u00e1y l\u1ea1nh v\u00e0 b\u01a1m phun x\u1ecbt r\u1eeda chuy\u00ean d\u1ee5ng.\u00a0\u0110\u1ea7u x\u1ecbt r\u1eeda \u0111\u01b0\u1ee3c s\u1ea3n xu\u1ea5t b\u1eb1ng\u00a0\u0111\u1ed3ng ch\u1ed1ng r\u1ec9 s\u00e9t ph\u00f9 h\u1ee3p cho c\u00f3 thi\u1ebft b\u1ecb d\u00f9ng phun x\u1ecbt r\u1eeda c\u00f3 tr\u00ean th\u00ec tr\u01b0\u1eddng hi\u1ec7n nay.<\/strong><\/p>\n<p><a href=\"https:\/\/maybommini.com\/wp-content\/uploads\/2019\/07\/Bec-phun-xit-ap-luc-cao-1-tia-dong-thau-gia-re.jpg\" target=\"_blank\" rel=\"noopener\"><img decoding=\"async\" class=\"size-full wp-image-262982 aligncenter\" src=\"https:\/\/maybommini.com\/wp-content\/uploads\/2019\/07\/Bec-phun-xit-ap-luc-cao-1-tia-dong-thau-gia-re.jpg\" alt=\"Bec Phun Xit Ap Luc Cao 1 Tia Dong Thau Gia Re\" width=\"750\" height=\"750\" srcset=\"https:\/\/maybommini.vn\/wp-content\/uploads\/2019\/07\/Bec-phun-xit-ap-luc-cao-1-tia-dong-thau-gia-re.jpg 750w, https:\/\/maybommini.vn\/wp-content\/uploads\/2019\/07\/Bec-phun-xit-ap-luc-cao-1-tia-dong-thau-gia-re-300x300.jpg 300w, https:\/\/maybommini.vn\/wp-content\/uploads\/2019\/07\/Bec-phun-xit-ap-luc-cao-1-tia-dong-thau-gia-re-150x150.jpg 150w, https:\/\/maybommini.vn\/wp-content\/uploads\/2019\/07\/Bec-phun-xit-ap-luc-cao-1-tia-dong-thau-gia-re-600x600.jpg 600w\" sizes=\"(max-width: 750px) 100vw, 750px\" \/><\/a><\/p>\n<p><strong>TH\u00d4NG S\u1ed0 K\u1ef8 THU\u1eacT<\/strong><br \/>\nModel: BEC-1-TIA-50MM<br \/>\n\u0110\u1ea7u phun: 1.0 mm<br \/>\nRen trong: 13 mm<br \/>\nKi\u1ec3u phun: 1 tia<br \/>\nChi\u1ec1u d\u00e0i: 50 mm<br \/>\nCh\u1ea5t li\u1ec7u: \u0110\u1ed3ng<br \/>\nTr\u1ecdng l\u01b0\u1ee3ng: 28 gam<\/p>\n<p><a href=\"https:\/\/maybommini.com\/wp-content\/uploads\/2019\/07\/bec-rua-may-lanh-rua-xe-1-tia.jpg\" target=\"_blank\" rel=\"noopener\"><img decoding=\"async\" class=\"size-full wp-image-262983 aligncenter\" src=\"https:\/\/maybommini.com\/wp-content\/uploads\/2019\/07\/bec-rua-may-lanh-rua-xe-1-tia.jpg\" alt=\"Bec Rua May Lanh Rua Xe 1 Tia\" width=\"750\" height=\"750\" srcset=\"https:\/\/maybommini.vn\/wp-content\/uploads\/2019\/07\/bec-rua-may-lanh-rua-xe-1-tia.jpg 750w, https:\/\/maybommini.vn\/wp-content\/uploads\/2019\/07\/bec-rua-may-lanh-rua-xe-1-tia-300x300.jpg 300w, https:\/\/maybommini.vn\/wp-content\/uploads\/2019\/07\/bec-rua-may-lanh-rua-xe-1-tia-150x150.jpg 150w, https:\/\/maybommini.vn\/wp-content\/uploads\/2019\/07\/bec-rua-may-lanh-rua-xe-1-tia-600x600.jpg 600w\" sizes=\"(max-width: 750px) 100vw, 750px\" \/><\/a><a href=\"https:\/\/maybommini.com\/wp-content\/uploads\/2018\/04\/kich-thuoc-bec-xit-1-tia.jpg\" target=\"_blank\" rel=\"noopener\"><img decoding=\"async\" class=\"size-full wp-image-262973 aligncenter\" src=\"https:\/\/maybommini.com\/wp-content\/uploads\/2018\/04\/kich-thuoc-bec-xit-1-tia.jpg\" alt=\"Kich Thuoc Bec Xit 1 Tia\" width=\"750\" height=\"750\" srcset=\"https:\/\/maybommini.vn\/wp-content\/uploads\/2018\/04\/kich-thuoc-bec-xit-1-tia.jpg 750w, https:\/\/maybommini.vn\/wp-content\/uploads\/2018\/04\/kich-thuoc-bec-xit-1-tia-300x300.jpg 300w, https:\/\/maybommini.vn\/wp-content\/uploads\/2018\/04\/kich-thuoc-bec-xit-1-tia-150x150.jpg 150w, https:\/\/maybommini.vn\/wp-content\/uploads\/2018\/04\/kich-thuoc-bec-xit-1-tia-600x600.jpg 600w\" sizes=\"(max-width: 750px) 100vw, 750px\" \/><\/a><\/p>\n<p><a href=\"https:\/\/maybommini.com\/wp-content\/uploads\/2018\/04\/chieu-dai-bec-xit-rua-xe-ap-luc.jpg\" target=\"_blank\" rel=\"noopener\"><img decoding=\"async\" class=\"size-full wp-image-262971 aligncenter\" src=\"https:\/\/maybommini.com\/wp-content\/uploads\/2018\/04\/chieu-dai-bec-xit-rua-xe-ap-luc.jpg\" alt=\"Chieu Dai Bec Xit Rua Xe Ap Luc\" width=\"750\" height=\"750\" srcset=\"https:\/\/maybommini.vn\/wp-content\/uploads\/2018\/04\/chieu-dai-bec-xit-rua-xe-ap-luc.jpg 750w, https:\/\/maybommini.vn\/wp-content\/uploads\/2018\/04\/chieu-dai-bec-xit-rua-xe-ap-luc-300x300.jpg 300w, https:\/\/maybommini.vn\/wp-content\/uploads\/2018\/04\/chieu-dai-bec-xit-rua-xe-ap-luc-150x150.jpg 150w, https:\/\/maybommini.vn\/wp-content\/uploads\/2018\/04\/chieu-dai-bec-xit-rua-xe-ap-luc-600x600.jpg 600w\" sizes=\"(max-width: 750px) 100vw, 750px\" \/><\/a> <a href=\"https:\/\/maybommini.com\/wp-content\/uploads\/2019\/07\/bec-phun-xit-rua-ap-luc-cao.jpg\" target=\"_blank\" rel=\"noopener\"><img decoding=\"async\" class=\"size-full wp-image-262979 aligncenter\" src=\"https:\/\/maybommini.com\/wp-content\/uploads\/2019\/07\/bec-phun-xit-rua-ap-luc-cao.jpg\" alt=\"Bec Phun Xit Rua Ap Luc Cao\" width=\"750\" height=\"750\" srcset=\"https:\/\/maybommini.vn\/wp-content\/uploads\/2019\/07\/bec-phun-xit-rua-ap-luc-cao.jpg 750w, https:\/\/maybommini.vn\/wp-content\/uploads\/2019\/07\/bec-phun-xit-rua-ap-luc-cao-300x300.jpg 300w, https:\/\/maybommini.vn\/wp-content\/uploads\/2019\/07\/bec-phun-xit-rua-ap-luc-cao-150x150.jpg 150w, https:\/\/maybommini.vn\/wp-content\/uploads\/2019\/07\/bec-phun-xit-rua-ap-luc-cao-600x600.jpg 600w\" sizes=\"(max-width: 750px) 100vw, 750px\" \/><\/a> <a href=\"https:\/\/maybommini.com\/wp-content\/uploads\/2019\/07\/Bec-xit-ap-luc-cao-1-tia-dong-thau.jpg\" target=\"_blank\" rel=\"noopener\"><img decoding=\"async\" class=\"size-full wp-image-262980 aligncenter\" src=\"https:\/\/maybommini.com\/wp-content\/uploads\/2019\/07\/Bec-xit-ap-luc-cao-1-tia-dong-thau.jpg\" alt=\"Bec Xit Ap Luc Cao 1 Tia Dong Thau\" width=\"750\" height=\"750\" srcset=\"https:\/\/maybommini.vn\/wp-content\/uploads\/2019\/07\/Bec-xit-ap-luc-cao-1-tia-dong-thau.jpg 750w, https:\/\/maybommini.vn\/wp-content\/uploads\/2019\/07\/Bec-xit-ap-luc-cao-1-tia-dong-thau-300x300.jpg 300w, https:\/\/maybommini.vn\/wp-content\/uploads\/2019\/07\/Bec-xit-ap-luc-cao-1-tia-dong-thau-150x150.jpg 150w, https:\/\/maybommini.vn\/wp-content\/uploads\/2019\/07\/Bec-xit-ap-luc-cao-1-tia-dong-thau-600x600.jpg 600w\" sizes=\"(max-width: 750px) 100vw, 750px\" \/><\/a><a href=\"https:\/\/maybommini.com\/wp-content\/uploads\/2019\/07\/bec-dong.jpg\" target=\"_blank\" rel=\"noopener\"><img decoding=\"async\" class=\"size-full wp-image-262978 aligncenter\" src=\"https:\/\/maybommini.com\/wp-content\/uploads\/2019\/07\/bec-dong.jpg\" alt=\"Bec Dong\" width=\"750\" height=\"750\" srcset=\"https:\/\/maybommini.vn\/wp-content\/uploads\/2019\/07\/bec-dong.jpg 750w, https:\/\/maybommini.vn\/wp-content\/uploads\/2019\/07\/bec-dong-300x300.jpg 300w, https:\/\/maybommini.vn\/wp-content\/uploads\/2019\/07\/bec-dong-150x150.jpg 150w, https:\/\/maybommini.vn\/wp-content\/uploads\/2019\/07\/bec-dong-600x600.jpg 600w\" sizes=\"(max-width: 750px) 100vw, 750px\" \/><\/a> <a href=\"https:\/\/maybommini.com\/wp-content\/uploads\/2019\/07\/ban-bec-dong-xit-rua.jpg\" target=\"_blank\" rel=\"noopener\"><img decoding=\"async\" class=\"size-full wp-image-262977 aligncenter\" src=\"https:\/\/maybommini.com\/wp-content\/uploads\/2019\/07\/ban-bec-dong-xit-rua.jpg\" alt=\"Ban Bec Dong Xit Rua\" width=\"750\" height=\"750\" srcset=\"https:\/\/maybommini.vn\/wp-content\/uploads\/2019\/07\/ban-bec-dong-xit-rua.jpg 750w, https:\/\/maybommini.vn\/wp-content\/uploads\/2019\/07\/ban-bec-dong-xit-rua-300x300.jpg 300w, https:\/\/maybommini.vn\/wp-content\/uploads\/2019\/07\/ban-bec-dong-xit-rua-150x150.jpg 150w, https:\/\/maybommini.vn\/wp-content\/uploads\/2019\/07\/ban-bec-dong-xit-rua-600x600.jpg 600w\" sizes=\"(max-width: 750px) 100vw, 750px\" \/><\/a> <a href=\"https:\/\/maybommini.com\/wp-content\/uploads\/2019\/07\/kich-thuoc-bec-dong-1-tia.jpg\" target=\"_blank\" rel=\"noopener\"><img decoding=\"async\" class=\"size-full wp-image-262981 aligncenter\" src=\"https:\/\/maybommini.com\/wp-content\/uploads\/2019\/07\/kich-thuoc-bec-dong-1-tia.jpg\" alt=\"Kich Thuoc Bec Dong 1 Tia\" width=\"750\" height=\"750\" srcset=\"https:\/\/maybommini.vn\/wp-content\/uploads\/2019\/07\/kich-thuoc-bec-dong-1-tia.jpg 750w, https:\/\/maybommini.vn\/wp-content\/uploads\/2019\/07\/kich-thuoc-bec-dong-1-tia-300x300.jpg 300w, https:\/\/maybommini.vn\/wp-content\/uploads\/2019\/07\/kich-thuoc-bec-dong-1-tia-150x150.jpg 150w, https:\/\/maybommini.vn\/wp-content\/uploads\/2019\/07\/kich-thuoc-bec-dong-1-tia-600x600.jpg 600w\" sizes=\"(max-width: 750px) 100vw, 750px\" \/><\/a><strong>S\u1eec D\u1ee4NG B\u00c1 X\u1ecaT R\u1eecA \u00c1P L\u1ef0C CAO<\/strong><br \/>\n\u0110\u1ea7u x\u1ecbt hay c\u00f2n g\u1ecdi l\u00e0 b\u00e9c phun\u00a0\u00e1p l\u1ef1c\u00a0\u0111\u01b0\u1ee3c s\u1ea3n xu\u1ea5t b\u1eb1ng\u00a0\u0111\u1ed3ng c\u00f3\u00a0\u0111\u1ea7u phun nh\u1ecf gi\u00fap t\u0103ng\u00a0\u00e1p l\u1ef1c n\u01b0\u1edbc khi d\u00f9ng m\u00e1y b\u01a1m \u00e1p l\u1ef1c.<br \/>\nL\u1eafp\u00a0\u0111\u1eb7t\u00a0\u0111\u1ea7u x\u1ecbt r\u1eeda xe \u0111\u01a1n gi\u1ea3n v\u00e0 ti\u1ec7n l\u1ee3i khi b\u1ea1n s\u1ef1 d\u1ee5ng\u00a0\u0111\u1ec3 r\u1eeda xe m\u00e1y l\u1ea1nh v\u00e0 c\u00e1c thi\u1ec7t b\u1ecb b\u01a1m phun x\u1ecbt r\u1eeda kh\u00e1c nhau.<br \/>\n\u0110\u1ea7u x\u1ecbt r\u1eeda xe m\u00e1y l\u1ea1nh d\u00f9ng cho m\u00e1y b\u01a1m n\u01b0\u1edbc mini 12v\u00a0\u00e1p l\u1ef1c cao g\u1ecdn nh\u1eb9 d\u1ec3 th\u00e1o l\u1eafp.<\/p>\n<p><a href=\"https:\/\/maybommini.com\/wp-content\/uploads\/2018\/04\/Su-dung-bec-xit-ap-luc-1-tia.jpg\" target=\"_blank\" rel=\"noopener\"><img decoding=\"async\" class=\"size-full wp-image-262975 aligncenter\" src=\"https:\/\/maybommini.com\/wp-content\/uploads\/2018\/04\/Su-dung-bec-xit-ap-luc-1-tia.jpg\" alt=\"Su Dung Bec Xit Ap Luc 1 Tia\" width=\"750\" height=\"750\" srcset=\"https:\/\/maybommini.vn\/wp-content\/uploads\/2018\/04\/Su-dung-bec-xit-ap-luc-1-tia.jpg 750w, https:\/\/maybommini.vn\/wp-content\/uploads\/2018\/04\/Su-dung-bec-xit-ap-luc-1-tia-300x300.jpg 300w, https:\/\/maybommini.vn\/wp-content\/uploads\/2018\/04\/Su-dung-bec-xit-ap-luc-1-tia-150x150.jpg 150w, https:\/\/maybommini.vn\/wp-content\/uploads\/2018\/04\/Su-dung-bec-xit-ap-luc-1-tia-600x600.jpg 600w\" sizes=\"(max-width: 750px) 100vw, 750px\" \/><\/a> <a href=\"https:\/\/maybommini.com\/wp-content\/uploads\/2018\/04\/su-dung-bec-rua-xe-ap-luc-cao-1-tia.jpg\" target=\"_blank\" rel=\"noopener\"><img decoding=\"async\" class=\"size-full wp-image-262974 aligncenter\" src=\"https:\/\/maybommini.com\/wp-content\/uploads\/2018\/04\/su-dung-bec-rua-xe-ap-luc-cao-1-tia.jpg\" alt=\"Su Dung Bec Rua Xe Ap Luc Cao 1 Tia\" width=\"750\" height=\"750\" srcset=\"https:\/\/maybommini.vn\/wp-content\/uploads\/2018\/04\/su-dung-bec-rua-xe-ap-luc-cao-1-tia.jpg 750w, https:\/\/maybommini.vn\/wp-content\/uploads\/2018\/04\/su-dung-bec-rua-xe-ap-luc-cao-1-tia-300x300.jpg 300w, https:\/\/maybommini.vn\/wp-content\/uploads\/2018\/04\/su-dung-bec-rua-xe-ap-luc-cao-1-tia-150x150.jpg 150w, https:\/\/maybommini.vn\/wp-content\/uploads\/2018\/04\/su-dung-bec-rua-xe-ap-luc-cao-1-tia-600x600.jpg 600w\" sizes=\"(max-width: 750px) 100vw, 750px\" \/><\/a> <a href=\"https:\/\/maybommini.com\/wp-content\/uploads\/2018\/04\/bec-rua-xe-rua-may-lanh-cao-cap.jpg\" target=\"_blank\" rel=\"noopener\"><img decoding=\"async\" class=\"size-full wp-image-262968 aligncenter\" src=\"https:\/\/maybommini.com\/wp-content\/uploads\/2018\/04\/bec-rua-xe-rua-may-lanh-cao-cap.jpg\" alt=\"Bec Rua Xe Rua May Lanh Cao Cap\" width=\"750\" height=\"750\" srcset=\"https:\/\/maybommini.vn\/wp-content\/uploads\/2018\/04\/bec-rua-xe-rua-may-lanh-cao-cap.jpg 750w, https:\/\/maybommini.vn\/wp-content\/uploads\/2018\/04\/bec-rua-xe-rua-may-lanh-cao-cap-300x300.jpg 300w, https:\/\/maybommini.vn\/wp-content\/uploads\/2018\/04\/bec-rua-xe-rua-may-lanh-cao-cap-150x150.jpg 150w, https:\/\/maybommini.vn\/wp-content\/uploads\/2018\/04\/bec-rua-xe-rua-may-lanh-cao-cap-600x600.jpg 600w\" sizes=\"(max-width: 750px) 100vw, 750px\" \/><\/a><\/p>\n<p style=\"text-align: left;\"><strong>B\u00c1N B\u00c9C X\u1ecaT R\u1eecA XE M\u00c1Y L\u1ea0NH<\/strong><br \/>\nCh\u00fang t\u00f4i chuy\u00ean cung c\u1ea5p c\u00e1c lo\u1ea1i b\u00e9c x\u1ecbt r\u1eeda xe v\u1ec7 sinh m\u00e1y l\u1ea1nh\u00a0\u00e1p l\u1ef1c cao b\u1eb1ng\u00a0\u0111\u1ed3ng cao c\u1ea5p, s\u00fang x\u1ecbt r\u1eeda xe, v\u00f2i x\u1ecbt t\u01b0\u1edbi c\u00e2y, c\u1ea7n phun thu\u1ed1c tr\u1eeb s\u00e2u. Giao h\u00e0ng to\u00e0n qu\u1ed1c b\u00e0o h\u00e0nh l\u00e2u d\u00e0i, ch\u1ea5t l\u01b0\u1ee3ng uy t\u00edn h\u00e0ng\u00a0\u0111\u1ea7u t\u1ea1i Vi\u1ec7t Nam.<br \/>\n<strong>Tel Zalo:<\/strong>\u00a002873030399 &#8211; 09072194310<br \/>\n<strong>Email:<\/strong> maybommini.com@gmail.com<br \/>\n<strong>Website:\u00a0<\/strong><a href=\"https:\/\/maybommini.com\" target=\"_blank\" rel=\"noopener\">https:\/\/maybommini.com<\/a><\/p>\n<h3 style=\"text-align: center;\"><a href=\"https:\/\/maybommini.com\/san-pham\/bec-xit-rua-ap-luc-cao-35mm-ren-13mm\" target=\"_blank\" rel=\"noopener noreferrer\">B\u00e9c x\u1ecbt r\u1eeda \u00e1p l\u1ef1c cao 35mm ren 13mm<\/a><br \/>\n<a href=\"https:\/\/maybommini.com\/san-pham\/bec-xit-rua-ap-luc-cao-50mm-ren-13mm\" target=\"_blank\" rel=\"noopener noreferrer\">B\u00e9c x\u1ecbt r\u1eeda \u00e1p l\u1ef1c cao 50mm ren 13mm<\/a><br \/>\n<a href=\"https:\/\/maybommini.com\/san-pham\/bec-xit-rua-ap-luc-cao-80mm-ren-13mm\" target=\"_blank\" rel=\"noopener noreferrer\">B\u00e9c x\u1ecbt r\u1eeda \u00e1p l\u1ef1c cao 80mm ren 13mm<\/a><\/h3>\n","protected":false},"excerpt":{"rendered":"<p>Model: BEC-1-TIA-50MM<br \/>\n\u0110\u1ea7u phun: 1.0 mm<br \/>\nRen trong: 13 mm<br \/>\nKi\u1ec3u phun: 1 tia<br \/>\nChi\u1ec1u d\u00e0i: 50 mm<br \/>\nCh\u1ea5t li\u1ec7u: \u0110\u1ed3ng<br \/>\nTr\u1ecdng l\u01b0\u1ee3ng: 28 gam<br \/>\n<strong>H\u00f4\u0309 tr\u01a1\u0323 ky\u0303 thu\u00e2\u0323t vi\u0303nh vi\u00ea\u0303n.<\/strong><br \/>\n<strong>Ph\u00e2n ph\u1ed1i: Maybommini.com<\/strong><\/p>\n","protected":false},"featured_media":262982,"comment_status":"open","ping_status":"closed","template":"","meta":[],"product_brand":[2227],"product_cat":[215,214],"product_tag":[232,2069,233,234,1140,2963,2962,236,238,210],"class_list":{"0":"post-262976","1":"product","2":"type-product","3":"status-publish","4":"has-post-thumbnail","6":"product_brand-mtm","7":"product_cat-phu-kien-xit-rua-ap-luc","8":"product_cat-phu-kien-bom-nuoc","9":"product_tag-bec","10":"product_tag-bec-dong","11":"product_tag-bec-phun-ap-luc-cao","12":"product_tag-bec-rua-xe","13":"product_tag-bec-xit-ap-luc","14":"product_tag-bec-xit-rua","15":"product_tag-bec-xit-rua-ap-luc-cao","16":"product_tag-dau-phun-nuoc","17":"product_tag-dau-xit-rua-xe-may-lanh","18":"product_tag-rua-xe","20":"first","21":"instock","22":"sale","23":"featured","24":"shipping-taxable","25":"purchasable","26":"product-type-simple"},"_links":{"self":[{"href":"https:\/\/maybommini.vn\/index.php?rest_route=\/wp\/v2\/product\/262976","targetHints":{"allow":["GET"]}}],"collection":[{"href":"https:\/\/maybommini.vn\/index.php?rest_route=\/wp\/v2\/product"}],"about":[{"href":"https:\/\/maybommini.vn\/index.php?rest_route=\/wp\/v2\/types\/product"}],"replies":[{"embeddable":true,"href":"https:\/\/maybommini.vn\/index.php?rest_route=%2Fwp%2Fv2%2Fcomments&post=262976"}],"wp:featuredmedia":[{"embeddable":true,"href":"https:\/\/maybommini.vn\/index.php?rest_route=\/wp\/v2\/media\/262982"}],"wp:attachment":[{"href":"https:\/\/maybommini.vn\/index.php?rest_route=%2Fwp%2Fv2%2Fmedia&parent=262976"}],"wp:term":[{"taxonomy":"product_brand","embeddable":true,"href":"https:\/\/maybommini.vn\/index.php?rest_route=%2Fwp%2Fv2%2Fproduct_brand&post=262976"},{"taxonomy":"product_cat","embeddable":true,"href":"https:\/\/maybommini.vn\/index.php?rest_route=%2Fwp%2Fv2%2Fproduct_cat&post=262976"},{"taxonomy":"product_tag","embeddable":true,"href":"https:\/\/maybommini.vn\/index.php?rest_route=%2Fwp%2Fv2%2Fproduct_tag&post=262976"}],"curies":[{"name":"wp","href":"https:\/\/api.w.org\/{rel}","templated":true}]}}