{"id":263007,"date":"2019-07-31T22:58:33","date_gmt":"2019-07-31T15:58:33","guid":{"rendered":"https:\/\/maybommini.com\/?post_type=product&#038;p=263007"},"modified":"2025-08-30T17:42:22","modified_gmt":"2025-08-30T10:42:22","slug":"bec-xit-rua-ap-luc-cao-80mm-khoa-nuoc-taiwan","status":"publish","type":"product","link":"https:\/\/maybommini.vn\/?product=bec-xit-rua-ap-luc-cao-80mm-khoa-nuoc-taiwan","title":{"rendered":"B\u00e9c x\u1ecbt r\u1eeda \u00e1p l\u1ef1c cao 80mm kh\u00f3a n\u01b0\u1edbc Taiwan"},"content":{"rendered":"<p style=\"text-align: left;\"><strong>Chuy\u00ean b\u00e1n c\u00e1c lo\u1ea1i\u00a0b\u00e9c x\u1ecbt r\u1eeda \u00e1p l\u1ef1c cao 80mm kh\u00f3a n\u01b0\u1edbc Taiwan d\u00f9ng cho m\u00e1y b\u01a1m \u00e1p l\u1ef1c \u0111\u1ec3 r\u1eeda xe m\u00e1y, v\u1ec7 sinh m\u00e1y l\u1ea1nh v\u00e0 b\u01a1m phun x\u1ecbt r\u1eeda chuy\u00ean d\u1ee5ng.\u00a0\u0110\u1ea7u x\u1ecbt r\u1eeda \u0111\u01b0\u1ee3c s\u1ea3n xu\u1ea5t b\u1eb1ng\u00a0\u0111\u1ed3ng ch\u1ed1ng r\u1ec9 s\u00e9t ph\u00f9 h\u1ee3p cho c\u00f3 thi\u1ebft b\u1ecb d\u00f9ng phun x\u1ecbt r\u1eeda c\u00f3 tr\u00ean th\u00ec tr\u01b0\u1eddng hi\u1ec7n nay.<\/strong><\/p>\n<p><a href=\"https:\/\/maybommini.com\/wp-content\/uploads\/2019\/07\/Bec-xit-ap-luc-cao-cao-van-khoa-nuoc-Taiwan.jpg\" target=\"_blank\" rel=\"noopener\"><img decoding=\"async\" class=\"size-full wp-image-262992 aligncenter\" src=\"https:\/\/maybommini.com\/wp-content\/uploads\/2019\/07\/Bec-xit-ap-luc-cao-cao-van-khoa-nuoc-Taiwan.jpg\" alt=\"Bec Xit Ap Luc Cao Cao Van Khoa Nuoc Taiwan\" width=\"750\" height=\"750\" srcset=\"https:\/\/maybommini.vn\/wp-content\/uploads\/2019\/07\/Bec-xit-ap-luc-cao-cao-van-khoa-nuoc-Taiwan.jpg 750w, https:\/\/maybommini.vn\/wp-content\/uploads\/2019\/07\/Bec-xit-ap-luc-cao-cao-van-khoa-nuoc-Taiwan-300x300.jpg 300w, https:\/\/maybommini.vn\/wp-content\/uploads\/2019\/07\/Bec-xit-ap-luc-cao-cao-van-khoa-nuoc-Taiwan-150x150.jpg 150w, https:\/\/maybommini.vn\/wp-content\/uploads\/2019\/07\/Bec-xit-ap-luc-cao-cao-van-khoa-nuoc-Taiwan-600x600.jpg 600w\" sizes=\"(max-width: 750px) 100vw, 750px\" \/><\/a><\/p>\n<p><strong>TH\u00d4NG S\u1ed0 K\u1ef8 THU\u1eacT<\/strong><br \/>\nModel: BEC-1-TIA-80MM-TAIWAN<br \/>\n\u0110\u1ea7u phun: 1.0 mm<br \/>\nRen trong: 13 mm<br \/>\nKi\u1ec3u phun: 1 tia<br \/>\nChi\u1ec1u d\u00e0i: 80 mm<br \/>\nCh\u1ea5t li\u1ec7u: \u0110\u1ed3ng<br \/>\nKh\u00f3a n\u01b0\u1edbc cao c\u1ea5p Taiwan<br \/>\nTr\u1ecdng l\u01b0\u1ee3ng: 110 gam<\/p>\n<p>&nbsp;<\/p>\n<p><a href=\"https:\/\/maybommini.com\/wp-content\/uploads\/2019\/07\/Bec-rua-xe-80mm-va-khoa-nuoc-taiwan.jpg\" target=\"_blank\" rel=\"noopener\"><img decoding=\"async\" class=\"size-full wp-image-262991 aligncenter\" src=\"https:\/\/maybommini.com\/wp-content\/uploads\/2019\/07\/Bec-rua-xe-80mm-va-khoa-nuoc-taiwan.jpg\" alt=\"Bec Rua Xe 80mm Va Khoa Nuoc Taiwan\" width=\"750\" height=\"750\" srcset=\"https:\/\/maybommini.vn\/wp-content\/uploads\/2019\/07\/Bec-rua-xe-80mm-va-khoa-nuoc-taiwan.jpg 750w, https:\/\/maybommini.vn\/wp-content\/uploads\/2019\/07\/Bec-rua-xe-80mm-va-khoa-nuoc-taiwan-300x300.jpg 300w, https:\/\/maybommini.vn\/wp-content\/uploads\/2019\/07\/Bec-rua-xe-80mm-va-khoa-nuoc-taiwan-150x150.jpg 150w, https:\/\/maybommini.vn\/wp-content\/uploads\/2019\/07\/Bec-rua-xe-80mm-va-khoa-nuoc-taiwan-600x600.jpg 600w\" sizes=\"(max-width: 750px) 100vw, 750px\" \/><\/a> <a href=\"https:\/\/maybommini.com\/wp-content\/uploads\/2019\/07\/Bec-xit-ap-luc-va-khoa-nuoc.jpg\" target=\"_blank\" rel=\"noopener\"><img decoding=\"async\" class=\"size-full wp-image-262994 aligncenter\" src=\"https:\/\/maybommini.com\/wp-content\/uploads\/2019\/07\/Bec-xit-ap-luc-va-khoa-nuoc.jpg\" alt=\"Bec Xit Ap Luc Va Khoa Nuoc\" width=\"750\" height=\"750\" srcset=\"https:\/\/maybommini.vn\/wp-content\/uploads\/2019\/07\/Bec-xit-ap-luc-va-khoa-nuoc.jpg 750w, https:\/\/maybommini.vn\/wp-content\/uploads\/2019\/07\/Bec-xit-ap-luc-va-khoa-nuoc-300x300.jpg 300w, https:\/\/maybommini.vn\/wp-content\/uploads\/2019\/07\/Bec-xit-ap-luc-va-khoa-nuoc-150x150.jpg 150w, https:\/\/maybommini.vn\/wp-content\/uploads\/2019\/07\/Bec-xit-ap-luc-va-khoa-nuoc-600x600.jpg 600w\" sizes=\"(max-width: 750px) 100vw, 750px\" \/><\/a> <a href=\"https:\/\/maybommini.com\/wp-content\/uploads\/2019\/07\/Bec-xit-rua-taiwan.jpg\" target=\"_blank\" rel=\"noopener\"><img decoding=\"async\" class=\"size-full wp-image-262996 aligncenter\" src=\"https:\/\/maybommini.com\/wp-content\/uploads\/2019\/07\/Bec-xit-rua-taiwan.jpg\" alt=\"Bec Xit Rua Taiwan\" width=\"750\" height=\"750\" srcset=\"https:\/\/maybommini.vn\/wp-content\/uploads\/2019\/07\/Bec-xit-rua-taiwan.jpg 750w, https:\/\/maybommini.vn\/wp-content\/uploads\/2019\/07\/Bec-xit-rua-taiwan-300x300.jpg 300w, https:\/\/maybommini.vn\/wp-content\/uploads\/2019\/07\/Bec-xit-rua-taiwan-150x150.jpg 150w, https:\/\/maybommini.vn\/wp-content\/uploads\/2019\/07\/Bec-xit-rua-taiwan-600x600.jpg 600w\" sizes=\"(max-width: 750px) 100vw, 750px\" \/><\/a> <a href=\"https:\/\/maybommini.com\/wp-content\/uploads\/2019\/07\/bo-bec-xit-va-khoa-nuoc-cao-cap.jpg\" target=\"_blank\" rel=\"noopener\"><img decoding=\"async\" class=\"size-full wp-image-262997 aligncenter\" src=\"https:\/\/maybommini.com\/wp-content\/uploads\/2019\/07\/bo-bec-xit-va-khoa-nuoc-cao-cap.jpg\" alt=\"Bo Bec Xit Va Khoa Nuoc Cao Cap\" width=\"750\" height=\"750\" srcset=\"https:\/\/maybommini.vn\/wp-content\/uploads\/2019\/07\/bo-bec-xit-va-khoa-nuoc-cao-cap.jpg 750w, https:\/\/maybommini.vn\/wp-content\/uploads\/2019\/07\/bo-bec-xit-va-khoa-nuoc-cao-cap-300x300.jpg 300w, https:\/\/maybommini.vn\/wp-content\/uploads\/2019\/07\/bo-bec-xit-va-khoa-nuoc-cao-cap-150x150.jpg 150w, https:\/\/maybommini.vn\/wp-content\/uploads\/2019\/07\/bo-bec-xit-va-khoa-nuoc-cao-cap-600x600.jpg 600w\" sizes=\"(max-width: 750px) 100vw, 750px\" \/><\/a> <a href=\"https:\/\/maybommini.com\/wp-content\/uploads\/2019\/07\/bec-dong-tia-tia-dai-80mm.jpg\" target=\"_blank\" rel=\"noopener\"><img decoding=\"async\" class=\"size-full wp-image-263005 aligncenter\" src=\"https:\/\/maybommini.com\/wp-content\/uploads\/2019\/07\/bec-dong-tia-tia-dai-80mm.jpg\" alt=\"Bec Dong Tia Tia Dai 80mm\" width=\"750\" height=\"750\" srcset=\"https:\/\/maybommini.vn\/wp-content\/uploads\/2019\/07\/bec-dong-tia-tia-dai-80mm.jpg 750w, https:\/\/maybommini.vn\/wp-content\/uploads\/2019\/07\/bec-dong-tia-tia-dai-80mm-300x300.jpg 300w, https:\/\/maybommini.vn\/wp-content\/uploads\/2019\/07\/bec-dong-tia-tia-dai-80mm-150x150.jpg 150w, https:\/\/maybommini.vn\/wp-content\/uploads\/2019\/07\/bec-dong-tia-tia-dai-80mm-600x600.jpg 600w\" sizes=\"(max-width: 750px) 100vw, 750px\" \/><\/a><\/p>\n<p><strong>S\u1eec D\u1ee4NG B\u00c1 X\u1ecaT R\u1eecA \u00c1P L\u1ef0C CAO<\/strong><br \/>\n\u0110\u1ea7u x\u1ecbt hay c\u00f2n g\u1ecdi l\u00e0 b\u00e9c phun\u00a0\u00e1p l\u1ef1c\u00a0\u0111\u01b0\u1ee3c s\u1ea3n xu\u1ea5t b\u1eb1ng\u00a0\u0111\u1ed3ng c\u00f3\u00a0\u0111\u1ea7u phun nh\u1ecf gi\u00fap t\u0103ng\u00a0\u00e1p l\u1ef1c n\u01b0\u1edbc khi d\u00f9ng m\u00e1y b\u01a1m \u00e1p l\u1ef1c.<br \/>\nL\u1eafp\u00a0\u0111\u1eb7t\u00a0\u0111\u1ea7u x\u1ecbt r\u1eeda xe \u0111\u01a1n gi\u1ea3n v\u00e0 ti\u1ec7n l\u1ee3i khi b\u1ea1n s\u1ef1 d\u1ee5ng\u00a0\u0111\u1ec3 r\u1eeda xe m\u00e1y l\u1ea1nh v\u00e0 c\u00e1c thi\u1ec7t b\u1ecb b\u01a1m phun x\u1ecbt r\u1eeda kh\u00e1c nhau.<br \/>\n\u0110\u1ea7u x\u1ecbt r\u1eeda xe m\u00e1y l\u1ea1nh d\u00f9ng cho m\u00e1y b\u01a1m n\u01b0\u1edbc mini 12v\u00a0\u00e1p l\u1ef1c cao g\u1ecdn nh\u1eb9 d\u1ec3 th\u00e1o l\u1eafp.<br \/>\n\u0110\u1ea7u b\u00e9c \u0111\u01b0\u1ee3c g\u1eafn n\u1ed1i \u1ed1ng nhanh 12mm n\u00ean r\u1ea5t ti\u1ec7n l\u1ee3i khi s\u1eed d\u1ee5ng.<\/p>\n<p><a href=\"https:\/\/maybommini.com\/wp-content\/uploads\/2018\/04\/Su-dung-bec-xit-ap-luc-1-tia.jpg\" target=\"_blank\" rel=\"noopener\"><img decoding=\"async\" class=\"size-full wp-image-262975 aligncenter\" src=\"https:\/\/maybommini.com\/wp-content\/uploads\/2018\/04\/Su-dung-bec-xit-ap-luc-1-tia.jpg\" alt=\"Su Dung Bec Xit Ap Luc 1 Tia\" width=\"750\" height=\"750\" srcset=\"https:\/\/maybommini.vn\/wp-content\/uploads\/2018\/04\/Su-dung-bec-xit-ap-luc-1-tia.jpg 750w, https:\/\/maybommini.vn\/wp-content\/uploads\/2018\/04\/Su-dung-bec-xit-ap-luc-1-tia-300x300.jpg 300w, https:\/\/maybommini.vn\/wp-content\/uploads\/2018\/04\/Su-dung-bec-xit-ap-luc-1-tia-150x150.jpg 150w, https:\/\/maybommini.vn\/wp-content\/uploads\/2018\/04\/Su-dung-bec-xit-ap-luc-1-tia-600x600.jpg 600w\" sizes=\"(max-width: 750px) 100vw, 750px\" \/><\/a> <a href=\"https:\/\/maybommini.com\/wp-content\/uploads\/2018\/04\/su-dung-bec-rua-xe-ap-luc-cao-1-tia.jpg\" target=\"_blank\" rel=\"noopener\"><img decoding=\"async\" class=\"size-full wp-image-262974 aligncenter\" src=\"https:\/\/maybommini.com\/wp-content\/uploads\/2018\/04\/su-dung-bec-rua-xe-ap-luc-cao-1-tia.jpg\" alt=\"Su Dung Bec Rua Xe Ap Luc Cao 1 Tia\" width=\"750\" height=\"750\" srcset=\"https:\/\/maybommini.vn\/wp-content\/uploads\/2018\/04\/su-dung-bec-rua-xe-ap-luc-cao-1-tia.jpg 750w, https:\/\/maybommini.vn\/wp-content\/uploads\/2018\/04\/su-dung-bec-rua-xe-ap-luc-cao-1-tia-300x300.jpg 300w, https:\/\/maybommini.vn\/wp-content\/uploads\/2018\/04\/su-dung-bec-rua-xe-ap-luc-cao-1-tia-150x150.jpg 150w, https:\/\/maybommini.vn\/wp-content\/uploads\/2018\/04\/su-dung-bec-rua-xe-ap-luc-cao-1-tia-600x600.jpg 600w\" sizes=\"(max-width: 750px) 100vw, 750px\" \/><\/a> <a href=\"https:\/\/maybommini.com\/wp-content\/uploads\/2018\/04\/bec-rua-xe-rua-may-lanh-cao-cap.jpg\" target=\"_blank\" rel=\"noopener\"><img decoding=\"async\" class=\"size-full wp-image-262968 aligncenter\" src=\"https:\/\/maybommini.com\/wp-content\/uploads\/2018\/04\/bec-rua-xe-rua-may-lanh-cao-cap.jpg\" alt=\"Bec Rua Xe Rua May Lanh Cao Cap\" width=\"750\" height=\"750\" srcset=\"https:\/\/maybommini.vn\/wp-content\/uploads\/2018\/04\/bec-rua-xe-rua-may-lanh-cao-cap.jpg 750w, https:\/\/maybommini.vn\/wp-content\/uploads\/2018\/04\/bec-rua-xe-rua-may-lanh-cao-cap-300x300.jpg 300w, https:\/\/maybommini.vn\/wp-content\/uploads\/2018\/04\/bec-rua-xe-rua-may-lanh-cao-cap-150x150.jpg 150w, https:\/\/maybommini.vn\/wp-content\/uploads\/2018\/04\/bec-rua-xe-rua-may-lanh-cao-cap-600x600.jpg 600w\" sizes=\"(max-width: 750px) 100vw, 750px\" \/><\/a><\/p>\n<p style=\"text-align: left;\"><strong>B\u00c1N B\u00c9C X\u1ecaT R\u1eecA XE M\u00c1Y L\u1ea0NH<\/strong><br \/>\nCh\u00fang t\u00f4i chuy\u00ean cung c\u1ea5p c\u00e1c lo\u1ea1i b\u00e9c x\u1ecbt r\u1eeda xe v\u1ec7 sinh m\u00e1y l\u1ea1nh\u00a0\u00e1p l\u1ef1c cao b\u1eb1ng\u00a0\u0111\u1ed3ng cao c\u1ea5p, s\u00fang x\u1ecbt r\u1eeda xe, v\u00f2i x\u1ecbt t\u01b0\u1edbi c\u00e2y, c\u1ea7n phun thu\u1ed1c tr\u1eeb s\u00e2u. Giao h\u00e0ng to\u00e0n qu\u1ed1c b\u00e0o h\u00e0nh l\u00e2u d\u00e0i, ch\u1ea5t l\u01b0\u1ee3ng uy t\u00edn h\u00e0ng\u00a0\u0111\u1ea7u t\u1ea1i Vi\u1ec7t Nam.<br \/>\n<strong>Tel Zalo:<\/strong>\u00a002873030399 &#8211; 09072194310<br \/>\n<strong>Email:<\/strong> maybommini.com@gmail.com<br \/>\n<strong>Website:\u00a0<\/strong><a href=\"https:\/\/maybommini.com\" target=\"_blank\" rel=\"noopener\">https:\/\/maybommini.com<\/a><\/p>\n<h3 style=\"text-align: center;\"><a href=\"https:\/\/maybommini.com\/san-pham\/bec-xit-rua-ap-luc-cao-35mm-ren-13mm\" target=\"_blank\" rel=\"noopener noreferrer\">B\u00e9c x\u1ecbt r\u1eeda \u00e1p l\u1ef1c cao 35mm ren 13mm<\/a><br \/>\n<a href=\"https:\/\/maybommini.com\/san-pham\/bec-xit-rua-ap-luc-cao-50mm-ren-13mm\" target=\"_blank\" rel=\"noopener noreferrer\">B\u00e9c x\u1ecbt r\u1eeda \u00e1p l\u1ef1c cao 50mm ren 13mm<\/a><br \/>\n<a href=\"https:\/\/maybommini.com\/san-pham\/bec-xit-rua-ap-luc-cao-80mm-ren-13mm\" target=\"_blank\" rel=\"noopener noreferrer\">B\u00e9c x\u1ecbt r\u1eeda \u00e1p l\u1ef1c cao 80mm ren 13mm<\/a><br \/>\n<a href=\"https:\/\/maybommini.com\/san-pham\/bec-xit-rua-ap-luc-cao-80mm-noi-ong-12mm\" target=\"_blank\" rel=\"noopener noreferrer\">B\u00e9c x\u1ecbt r\u1eeda \u00e1p l\u1ef1c cao 80mm n\u1ed1i \u1ed1ng 12mm<\/a><br \/>\nB\u00e9c x\u1ecbt r\u1eeda \u00e1p l\u1ef1c cao 80mm kh\u00f3a n\u01b0\u1edbc Taiwan<\/h3>\n","protected":false},"excerpt":{"rendered":"<p>Model: BEC-1-TIA-80MM-TAIWAN<br \/>\n\u0110\u1ea7u phun: 1.0 mm<br \/>\nRen trong: 13 mm<br \/>\nKi\u1ec3u phun: 1 tia<br \/>\nChi\u1ec1u d\u00e0i: 80 mm<br \/>\nCh\u1ea5t li\u1ec7u: \u0110\u1ed3ng<br \/>\nKh\u00f3a n\u01b0\u1edbc cao c\u1ea5p Taiwan<br \/>\nTr\u1ecdng l\u01b0\u1ee3ng: 110 gam<br \/>\n<strong>H\u00f4\u0309 tr\u01a1\u0323 ky\u0303 thu\u00e2\u0323t vi\u0303nh vi\u00ea\u0303n.<\/strong><br \/>\n<strong>Ph\u00e2n ph\u1ed1i: Maybommini.com<\/strong><\/p>\n","protected":false},"featured_media":262992,"comment_status":"open","ping_status":"closed","template":"","meta":[],"product_brand":[2227],"product_cat":[215,214],"product_tag":[2966,232,2069,233,2967,234,1140,2963,2962,236,935],"class_list":{"0":"post-263007","1":"product","2":"type-product","3":"status-publish","4":"has-post-thumbnail","6":"product_brand-mtm","7":"product_cat-phu-kien-xit-rua-ap-luc","8":"product_cat-phu-kien-bom-nuoc","9":"product_tag-be-phun-xit","10":"product_tag-bec","11":"product_tag-bec-dong","12":"product_tag-bec-phun-ap-luc-cao","13":"product_tag-bec-rua-ap-luc","14":"product_tag-bec-rua-xe","15":"product_tag-bec-xit-ap-luc","16":"product_tag-bec-xit-rua","17":"product_tag-bec-xit-rua-ap-luc-cao","18":"product_tag-dau-phun-nuoc","19":"product_tag-taiwan","21":"first","22":"instock","23":"sale","24":"featured","25":"shipping-taxable","26":"purchasable","27":"product-type-simple"},"_links":{"self":[{"href":"https:\/\/maybommini.vn\/index.php?rest_route=\/wp\/v2\/product\/263007","targetHints":{"allow":["GET"]}}],"collection":[{"href":"https:\/\/maybommini.vn\/index.php?rest_route=\/wp\/v2\/product"}],"about":[{"href":"https:\/\/maybommini.vn\/index.php?rest_route=\/wp\/v2\/types\/product"}],"replies":[{"embeddable":true,"href":"https:\/\/maybommini.vn\/index.php?rest_route=%2Fwp%2Fv2%2Fcomments&post=263007"}],"wp:featuredmedia":[{"embeddable":true,"href":"https:\/\/maybommini.vn\/index.php?rest_route=\/wp\/v2\/media\/262992"}],"wp:attachment":[{"href":"https:\/\/maybommini.vn\/index.php?rest_route=%2Fwp%2Fv2%2Fmedia&parent=263007"}],"wp:term":[{"taxonomy":"product_brand","embeddable":true,"href":"https:\/\/maybommini.vn\/index.php?rest_route=%2Fwp%2Fv2%2Fproduct_brand&post=263007"},{"taxonomy":"product_cat","embeddable":true,"href":"https:\/\/maybommini.vn\/index.php?rest_route=%2Fwp%2Fv2%2Fproduct_cat&post=263007"},{"taxonomy":"product_tag","embeddable":true,"href":"https:\/\/maybommini.vn\/index.php?rest_route=%2Fwp%2Fv2%2Fproduct_tag&post=263007"}],"curies":[{"name":"wp","href":"https:\/\/api.w.org\/{rel}","templated":true}]}}