{"id":263054,"date":"2019-08-04T22:39:22","date_gmt":"2019-08-04T15:39:22","guid":{"rendered":"https:\/\/maybommini.com\/?post_type=product&#038;p=263054"},"modified":"2024-10-28T17:36:17","modified_gmt":"2024-10-28T10:36:17","slug":"may-bom-chim-surgeflo-12v-120w-12l-spx-12-12","status":"publish","type":"product","link":"https:\/\/maybommini.vn\/?product=may-bom-chim-surgeflo-12v-120w-12l-spx-12-12","title":{"rendered":"M\u00e1y b\u01a1m ch\u00ecm SURGEFLO 12V 120W 12L SPX-12-12"},"content":{"rendered":"<p><strong>M\u00e1y b\u01a1m ch\u00ecm SURGEFLO 12V 120W 12L SPX-12-12 \u0111\u00e2y l\u00e0 lo\u1ea1i m\u00e1y b\u01a1m th\u01b0\u1eddng\u00a0\u0111\u01b0\u1ee3c d\u00f9ng b\u01a1m n\u01b0\u1edbc l\u00ean cao t\u1eeb c\u00e1c gi\u1ebfng b\u1eb1ng h\u1ec7 th\u1ed1ng n\u0103ng l\u01b0\u1ee3ng m\u1eb7t tr\u1eddi 12V m\u00e0 c\u00f3 th\u1ec3 \u0111\u1ea9y l\u00ean cao 70 m\u00e9t. Ch\u1ea5t li\u1ec7u inox cao c\u1ea5p t\u1ed1n n\u0103ng l\u01b0\u1ee3ng ti\u00eau hao \u00edt khi ho\u1ea1t \u0111\u1ed9ng li\u00ean t\u1ee5c th\u1eddi gian d\u00e0i.<\/strong><\/p>\n<p><a href=\"https:\/\/maybommini.com\/wp-content\/uploads\/2019\/08\/may-bom-nang-luong-mat-troi-SURGEFLO-12v-120w-12l.jpg\" target=\"_blank\" rel=\"noopener\"><img decoding=\"async\" class=\"size-full wp-image-263060 aligncenter\" src=\"https:\/\/maybommini.com\/wp-content\/uploads\/2019\/08\/may-bom-nang-luong-mat-troi-SURGEFLO-12v-120w-12l.jpg\" alt=\"May Bom Nang Luong Mat Troi SURGEFLO 12v 120w 12l\" width=\"750\" height=\"750\" srcset=\"https:\/\/maybommini.vn\/wp-content\/uploads\/2019\/08\/may-bom-nang-luong-mat-troi-SURGEFLO-12v-120w-12l.jpg 750w, https:\/\/maybommini.vn\/wp-content\/uploads\/2019\/08\/may-bom-nang-luong-mat-troi-SURGEFLO-12v-120w-12l-300x300.jpg 300w, https:\/\/maybommini.vn\/wp-content\/uploads\/2019\/08\/may-bom-nang-luong-mat-troi-SURGEFLO-12v-120w-12l-150x150.jpg 150w, https:\/\/maybommini.vn\/wp-content\/uploads\/2019\/08\/may-bom-nang-luong-mat-troi-SURGEFLO-12v-120w-12l-600x600.jpg 600w\" sizes=\"(max-width: 750px) 100vw, 750px\" \/><\/a><\/p>\n<p><strong>TH\u00d4NG S\u1ed0 K\u1ef8 THU\u1eacT<br \/>\n<\/strong>Th\u01b0\u01a1ng hi\u1ec7u:\u00a0SURGEFLO<strong><br \/>\n<\/strong>Model:\u00a0SPX-12-12<br \/>\n\u0110i\u1ec7n\u00a0\u00e1p: 12V DC<br \/>\nC\u00f4ng xu\u1ea5t 120W<br \/>\nL\u01b0u l\u01b0\u1ee3ng : 12 L\/ph\u00fat.<br \/>\nB\u01a1m \u0111\u1ea9y cao: 70 m\u00e9t.<br \/>\nChi\u1ec1u d\u00e0i: 240 mm<br \/>\n\u0110\u01b0\u1eddng k\u00ednh: 100 mm<br \/>\n\u1ed0ng ra: 13 mm<br \/>\nCh\u1ea5t li\u1ec7u: Inox &#8211; \u0110\u1ed3ng.<br \/>\nM\u00e1y b\u01a1m tr\u1ef1c \u0111\u1ee9ng h\u1ecfa ti\u1ec5n.<br \/>\nMotor c\u00f4ng ngh\u1ec7 m\u1edbi si\u00eau b\u1ec1n.<br \/>\nMotor l\u00f5i \u0111\u1ed3ng cao c\u1ea5p.<br \/>\nTi\u1ebft ki\u1ec7m n\u0103ng l\u01b0\u1ee3ng.<br \/>\nB\u01a1m li\u00ean t\u1ee5c 24\/24 t\u1ed1t.<br \/>\nTr\u1ecdng l\u01b0\u1ee3ng : 3.3 Kg<\/p>\n<p><a href=\"https:\/\/maybommini.com\/wp-content\/uploads\/2019\/08\/May-bom-chim-SURGEFLO-12V.jpg\" target=\"_blank\" rel=\"noopener\"><img decoding=\"async\" class=\"size-full wp-image-263057 aligncenter\" src=\"https:\/\/maybommini.com\/wp-content\/uploads\/2019\/08\/May-bom-chim-SURGEFLO-12V.jpg\" alt=\"May Bom Chim SURGEFLO 12V\" width=\"750\" height=\"750\" srcset=\"https:\/\/maybommini.vn\/wp-content\/uploads\/2019\/08\/May-bom-chim-SURGEFLO-12V.jpg 750w, https:\/\/maybommini.vn\/wp-content\/uploads\/2019\/08\/May-bom-chim-SURGEFLO-12V-300x300.jpg 300w, https:\/\/maybommini.vn\/wp-content\/uploads\/2019\/08\/May-bom-chim-SURGEFLO-12V-150x150.jpg 150w, https:\/\/maybommini.vn\/wp-content\/uploads\/2019\/08\/May-bom-chim-SURGEFLO-12V-600x600.jpg 600w\" sizes=\"(max-width: 750px) 100vw, 750px\" \/><\/a><\/p>\n<p><a href=\"https:\/\/maybommini.com\/wp-content\/uploads\/2019\/08\/SURGEFLO-Solar-Power-Water-Pump-Diaphragm.jpg\" target=\"_blank\" rel=\"noopener\"><img decoding=\"async\" class=\"size-full wp-image-263064 aligncenter\" src=\"https:\/\/maybommini.com\/wp-content\/uploads\/2019\/08\/SURGEFLO-Solar-Power-Water-Pump-Diaphragm.jpg\" alt=\"SURGEFLO Solar Power Water Pump Diaphragm\" width=\"750\" height=\"750\" srcset=\"https:\/\/maybommini.vn\/wp-content\/uploads\/2019\/08\/SURGEFLO-Solar-Power-Water-Pump-Diaphragm.jpg 750w, https:\/\/maybommini.vn\/wp-content\/uploads\/2019\/08\/SURGEFLO-Solar-Power-Water-Pump-Diaphragm-300x300.jpg 300w, https:\/\/maybommini.vn\/wp-content\/uploads\/2019\/08\/SURGEFLO-Solar-Power-Water-Pump-Diaphragm-150x150.jpg 150w, https:\/\/maybommini.vn\/wp-content\/uploads\/2019\/08\/SURGEFLO-Solar-Power-Water-Pump-Diaphragm-600x600.jpg 600w\" sizes=\"(max-width: 750px) 100vw, 750px\" \/><\/a> <a href=\"https:\/\/maybommini.com\/wp-content\/uploads\/2019\/08\/May-bom-nang-luong-mat-troi-12v-SURGEFLO.jpg\" target=\"_blank\" rel=\"noopener\"><img decoding=\"async\" class=\"size-full wp-image-263059 aligncenter\" src=\"https:\/\/maybommini.com\/wp-content\/uploads\/2019\/08\/May-bom-nang-luong-mat-troi-12v-SURGEFLO.jpg\" alt=\"May Bom Nang Luong Mat Troi 12v SURGEFLO\" width=\"750\" height=\"750\" srcset=\"https:\/\/maybommini.vn\/wp-content\/uploads\/2019\/08\/May-bom-nang-luong-mat-troi-12v-SURGEFLO.jpg 750w, https:\/\/maybommini.vn\/wp-content\/uploads\/2019\/08\/May-bom-nang-luong-mat-troi-12v-SURGEFLO-300x300.jpg 300w, https:\/\/maybommini.vn\/wp-content\/uploads\/2019\/08\/May-bom-nang-luong-mat-troi-12v-SURGEFLO-150x150.jpg 150w, https:\/\/maybommini.vn\/wp-content\/uploads\/2019\/08\/May-bom-nang-luong-mat-troi-12v-SURGEFLO-600x600.jpg 600w\" sizes=\"(max-width: 750px) 100vw, 750px\" \/><\/a> <a href=\"https:\/\/maybommini.com\/wp-content\/uploads\/2019\/08\/SURGEFLO-may-bom-loi-dong-cao-cap.jpg\" target=\"_blank\" rel=\"noopener\"><img decoding=\"async\" class=\"size-full wp-image-263063 aligncenter\" src=\"https:\/\/maybommini.com\/wp-content\/uploads\/2019\/08\/SURGEFLO-may-bom-loi-dong-cao-cap.jpg\" alt=\"SURGEFLO May Bom Loi Dong Cao Cap\" width=\"750\" height=\"750\" srcset=\"https:\/\/maybommini.vn\/wp-content\/uploads\/2019\/08\/SURGEFLO-may-bom-loi-dong-cao-cap.jpg 750w, https:\/\/maybommini.vn\/wp-content\/uploads\/2019\/08\/SURGEFLO-may-bom-loi-dong-cao-cap-300x300.jpg 300w, https:\/\/maybommini.vn\/wp-content\/uploads\/2019\/08\/SURGEFLO-may-bom-loi-dong-cao-cap-150x150.jpg 150w, https:\/\/maybommini.vn\/wp-content\/uploads\/2019\/08\/SURGEFLO-may-bom-loi-dong-cao-cap-600x600.jpg 600w\" sizes=\"(max-width: 750px) 100vw, 750px\" \/><\/a> <a href=\"https:\/\/maybommini.com\/wp-content\/uploads\/2019\/08\/kich-thuoc-may-bom-chim-SURGEFLO.jpg\" target=\"_blank\" rel=\"noopener\"><img decoding=\"async\" class=\"size-full wp-image-263056 aligncenter\" src=\"https:\/\/maybommini.com\/wp-content\/uploads\/2019\/08\/kich-thuoc-may-bom-chim-SURGEFLO.jpg\" alt=\"Kich Thuoc May Bom Chim SURGEFLO\" width=\"750\" height=\"750\" srcset=\"https:\/\/maybommini.vn\/wp-content\/uploads\/2019\/08\/kich-thuoc-may-bom-chim-SURGEFLO.jpg 750w, https:\/\/maybommini.vn\/wp-content\/uploads\/2019\/08\/kich-thuoc-may-bom-chim-SURGEFLO-300x300.jpg 300w, https:\/\/maybommini.vn\/wp-content\/uploads\/2019\/08\/kich-thuoc-may-bom-chim-SURGEFLO-150x150.jpg 150w, https:\/\/maybommini.vn\/wp-content\/uploads\/2019\/08\/kich-thuoc-may-bom-chim-SURGEFLO-600x600.jpg 600w\" sizes=\"(max-width: 750px) 100vw, 750px\" \/><\/a><\/p>\n<p><strong>H\u01af\u1edaNG D\u1ea8N S\u1eec D\u1ee4NG <a href=\"https:\/\/maybommini.com\/danh-muc\/may-bom-chim\" target=\"_blank\" rel=\"noopener noreferrer\">M\u00c1Y B\u01a0M CH\u00ccM<\/a> SURGEFLO<\/strong><br \/>\n&#8211; M\u00e1y b\u01a1m s\u1eed d\u1ee5ng \u0111i\u1ec7n th\u1ebf 12V DC.<br \/>\n&#8211; S\u1eed d\u1ee5ng \u1eafc quy 12V ho\u1eb7c h\u1ec7 th\u1ed1ng n\u0103ng l\u01b0\u1ee3ng m\u1eb7t tr\u1eddi.<br \/>\n&#8211; C\u00f3 th\u1ec3 d\u1ee5ng bi\u1ebfn th\u1ebf 220V ra 12V 10A tr\u1edf l\u00ean \u0111\u1ec3 s\u1eed d\u1ee5ng.<br \/>\n&#8211; Kh\u00f4ng s\u1eed d\u1ee5ng \u0111i\u1ec7n th\u1ebf tr\u00ean 12V.<br \/>\n&#8211; M\u00e1y b\u01a1m \u0111\u01b0\u1ee3c th\u1ea3 ch\u00ecm ho\u00e0n to\u00e0n trong n\u01b0\u1edbc.<br \/>\n&#8211; S\u1eed d\u1ee5ng \u1ed1ng n\u01b0\u1edbc c\u00f3 \u0111\u01b0\u1eddng k\u00ednh trong 13mm.<br \/>\n&#8211;\u00a0Kh\u00f4ng s\u1eed d\u1ee5ng b\u01a1m h\u00f3a ch\u1ea5t \u0103n m\u00f2n.<br \/>\n&#8211;\u00a0Kh\u00f4ng b\u01a1m n\u01b0\u1edbc n\u00f3ng tr\u00ean 60 \u0111\u1ed9 C.<\/p>\n<p><a href=\"https:\/\/maybommini.com\/wp-content\/uploads\/2019\/08\/cach-lap-dat-may-bom-nang-luong-mat-troi-12v-SURGEFLO.jpg\" target=\"_blank\" rel=\"noopener\"><img decoding=\"async\" class=\"size-full wp-image-263055 aligncenter\" src=\"https:\/\/maybommini.com\/wp-content\/uploads\/2019\/08\/cach-lap-dat-may-bom-nang-luong-mat-troi-12v-SURGEFLO.jpg\" alt=\"Cach Lap Dat May Bom Nang Luong Mat Troi 12v SURGEFLO\" width=\"750\" height=\"750\" srcset=\"https:\/\/maybommini.vn\/wp-content\/uploads\/2019\/08\/cach-lap-dat-may-bom-nang-luong-mat-troi-12v-SURGEFLO.jpg 750w, https:\/\/maybommini.vn\/wp-content\/uploads\/2019\/08\/cach-lap-dat-may-bom-nang-luong-mat-troi-12v-SURGEFLO-300x300.jpg 300w, https:\/\/maybommini.vn\/wp-content\/uploads\/2019\/08\/cach-lap-dat-may-bom-nang-luong-mat-troi-12v-SURGEFLO-150x150.jpg 150w, https:\/\/maybommini.vn\/wp-content\/uploads\/2019\/08\/cach-lap-dat-may-bom-nang-luong-mat-troi-12v-SURGEFLO-600x600.jpg 600w\" sizes=\"(max-width: 750px) 100vw, 750px\" \/><\/a><\/p>\n<p><strong>\u1ee8NG D\u1ee4NG M\u00c1Y B\u01a0M CH\u00ccM\u00a0SURGEFLO<br \/>\n<\/strong>D\u00f9ng\u00a0\u0111\u1ec3 b\u01a1m n\u01b0\u1edbc sinh ho\u1ea1t.<br \/>\nB\u01a1m n\u01b0\u1edbc gi\u1ebfng s\u00e2u.<br \/>\nB\u01a1m n\u01b0\u1edbc h\u1ed3 b\u1ec3 ch\u1ee9a.<br \/>\nH\u1ec7 th\u1ed1ng b\u01a1m n\u01b0\u1edbc\u00a0n\u0103ng l\u01b0\u1ee3ng m\u1eb7t tr\u1eddi.<br \/>\nB\u01a1m n\u01b0\u1edbc t\u00e0u thuy\u1ec1n tr\u00ean s\u00f4ng bi\u1ec3n.<br \/>\nB\u01a1m t\u01b0\u1edbi ti\u00eau hoa m\u00e0u tr\u00ean ru\u1ed9ng\u00a0\u0111\u1ed3ng.<br \/>\nB\u01a1m n\u01b0\u1edbc cho h\u1ec7 th\u1ed1ng t\u01b0\u1edbi.<br \/>\nB\u01a1m c\u1ea5p n\u01b0\u1edbc v\u00e0o b\u1ec3 ch\u1ee9a.<br \/>\nB\u01a1m n\u01b0\u1edbc b\u00ecnh \u1eafc quy 12V.<br \/>\nM\u00e1y b\u01a1m \u0111i\u1ec7n 1 chi\u1ec1u 12V DC.<\/p>\n<p><a href=\"https:\/\/maybommini.com\/wp-content\/uploads\/2019\/08\/su-dung-bom-nang-luong-mat-troi-cao-cap.jpg\" target=\"_blank\" rel=\"noopener\"><img decoding=\"async\" class=\"size-full wp-image-263061 aligncenter\" src=\"https:\/\/maybommini.com\/wp-content\/uploads\/2019\/08\/su-dung-bom-nang-luong-mat-troi-cao-cap.jpg\" alt=\"Su Dung Bom Nang Luong Mat Troi Cao Cap\" width=\"750\" height=\"750\" srcset=\"https:\/\/maybommini.vn\/wp-content\/uploads\/2019\/08\/su-dung-bom-nang-luong-mat-troi-cao-cap.jpg 750w, https:\/\/maybommini.vn\/wp-content\/uploads\/2019\/08\/su-dung-bom-nang-luong-mat-troi-cao-cap-300x300.jpg 300w, https:\/\/maybommini.vn\/wp-content\/uploads\/2019\/08\/su-dung-bom-nang-luong-mat-troi-cao-cap-150x150.jpg 150w, https:\/\/maybommini.vn\/wp-content\/uploads\/2019\/08\/su-dung-bom-nang-luong-mat-troi-cao-cap-600x600.jpg 600w\" sizes=\"(max-width: 750px) 100vw, 750px\" \/><\/a> <a href=\"https:\/\/maybommini.com\/wp-content\/uploads\/2019\/08\/su-dung-may-bom-chim-SURGEFLO-12v.jpg\" target=\"_blank\" rel=\"noopener\"><img decoding=\"async\" class=\"size-full wp-image-263062 aligncenter\" src=\"https:\/\/maybommini.com\/wp-content\/uploads\/2019\/08\/su-dung-may-bom-chim-SURGEFLO-12v.jpg\" alt=\"Su Dung May Bom Chim SURGEFLO 12v\" width=\"750\" height=\"750\" srcset=\"https:\/\/maybommini.vn\/wp-content\/uploads\/2019\/08\/su-dung-may-bom-chim-SURGEFLO-12v.jpg 750w, https:\/\/maybommini.vn\/wp-content\/uploads\/2019\/08\/su-dung-may-bom-chim-SURGEFLO-12v-300x300.jpg 300w, https:\/\/maybommini.vn\/wp-content\/uploads\/2019\/08\/su-dung-may-bom-chim-SURGEFLO-12v-150x150.jpg 150w, https:\/\/maybommini.vn\/wp-content\/uploads\/2019\/08\/su-dung-may-bom-chim-SURGEFLO-12v-600x600.jpg 600w\" sizes=\"(max-width: 750px) 100vw, 750px\" \/><\/a> <a href=\"https:\/\/maybommini.com\/wp-content\/uploads\/2019\/08\/May-bom-chim-SURGEFLO-12V-120W-12L-SPX-12-12.jpg\" target=\"_blank\" rel=\"noopener\"><img decoding=\"async\" class=\"size-full wp-image-263058 aligncenter\" src=\"https:\/\/maybommini.com\/wp-content\/uploads\/2019\/08\/May-bom-chim-SURGEFLO-12V-120W-12L-SPX-12-12.jpg\" alt=\"May Bom Chim SURGEFLO 12V 120W 12L SPX 12 12\" width=\"750\" height=\"750\" srcset=\"https:\/\/maybommini.vn\/wp-content\/uploads\/2019\/08\/May-bom-chim-SURGEFLO-12V-120W-12L-SPX-12-12.jpg 750w, https:\/\/maybommini.vn\/wp-content\/uploads\/2019\/08\/May-bom-chim-SURGEFLO-12V-120W-12L-SPX-12-12-300x300.jpg 300w, https:\/\/maybommini.vn\/wp-content\/uploads\/2019\/08\/May-bom-chim-SURGEFLO-12V-120W-12L-SPX-12-12-150x150.jpg 150w, https:\/\/maybommini.vn\/wp-content\/uploads\/2019\/08\/May-bom-chim-SURGEFLO-12V-120W-12L-SPX-12-12-600x600.jpg 600w\" sizes=\"(max-width: 750px) 100vw, 750px\" \/><\/a><\/p>\n<p><strong>NH\u00c0 CUNG C\u1ea4P M\u00c1Y B\u01a0M\u00a0SURGEFLO<\/strong><br \/>\n<a href=\"https:\/\/maybommini.com\/\" target=\"_blank\" rel=\"noopener noreferrer\"><strong>MBM \u2013 MAYBOMMINI.COM<\/strong><\/a>\u00a0l\u00e0 nh\u00e0 cung c\u1ea5p c\u00e1c lo\u1ea1i m\u00e1y b\u01a1m \u00e1p l\u1ef1c mini h\u00e0ng \u0111\u1ea7u Vi\u1ec7t Nam ch\u00ednh h\u00e3ng gi\u00e1 t\u1ed1t b\u1ea3o h\u00e0nh l\u00e2u d\u00e0i v\u00e0 kh\u00e1ch h\u00e0ng \u0111\u01b0\u1ee3c h\u1ed5 tr\u1ee3 k\u1ef9 thu\u1eadt tr\u1ecdn \u0111\u1eddi.<br \/>\n<strong>Website:<\/strong>\u00a0https:\/\/maybommini.com<br \/>\n<strong>Email:<\/strong>\u00a0maybommini.com@gmail.com<br \/>\n<strong>Facebook:<\/strong>\u00a0https:\/\/www.facebook.com\/maybommini<br \/>\n<strong>Tel Zalo:<\/strong>\u00a002873030399 \u2013 0907294310<\/p>\n<h3 style=\"text-align: center;\"><a href=\"https:\/\/maybommini.com\/san-pham\/may-bom-chim-12v-96w-8l-spx-12-08\" target=\"_blank\" rel=\"noopener noreferrer\">M\u00e1y b\u01a1m ch\u00ecm SURGEFLO 12V 96W 8L SPX-12-08<\/a><br \/>\nM\u00e1y b\u01a1m ch\u00ecm SURGEFLO 12V 120W 12L SPX-12-12<\/h3>\n","protected":false},"excerpt":{"rendered":"<p>Th\u01b0\u01a1ng hi\u1ec7u:\u00a0SURGEFLO<strong><br \/>\n<\/strong>Model:\u00a0SPX-12-12<br \/>\n\u0110i\u1ec7n\u00a0\u00e1p: 12V DC<br \/>\nC\u00f4ng xu\u1ea5t 120W<br \/>\nL\u01b0u l\u01b0\u1ee3ng : 12 L\/ph\u00fat.<br \/>\nB\u01a1m \u0111\u1ea9y cao: 70 m\u00e9t.<br \/>\nChi\u1ec1u d\u00e0i: 240 mm<br \/>\n\u0110\u01b0\u1eddng k\u00ednh: 100 mm<br \/>\n\u1ed0ng ra: 13 mm<br \/>\nCh\u1ea5t li\u1ec7u: Inox &#8211; \u0110\u1ed3ng.<br \/>\nM\u00e1y b\u01a1m tr\u1ef1c \u0111\u1ee9ng h\u1ecfa ti\u1ec5n.<br \/>\nMotor c\u00f4ng ngh\u1ec7 m\u1edbi si\u00eau b\u1ec1n.<br \/>\nMotor l\u00f5i \u0111\u1ed3ng cao c\u1ea5p.<br \/>\nTi\u1ebft ki\u1ec7m n\u0103ng l\u01b0\u1ee3ng.<br \/>\nB\u01a1m li\u00ean t\u1ee5c 24\/24 t\u1ed1t.<br \/>\nTr\u1ecdng l\u01b0\u1ee3ng : 3.3 Kg<br \/>\nB\u1ea3o h\u00e0nh: 6 th\u00e1ng<br \/>\nPh\u00e2n ph\u1ed1i:\u00a0<a href=\"https:\/\/maybomminimbm.vn\/\">M\u00e1y B\u01a1m Mini MBM<\/a><br \/>\nS\u1ea3n ph\u1ea9m cao c\u1ea5p<br \/>\nKh\u1eb3ng \u0111\u1ecbnh \u0111\u1ed9 an to\u00e0n v\u00e0 ch\u1ea5t l\u01b0\u1ee3ng.<br \/>\n<strong>H\u00f4\u0309 tr\u01a1\u0323 ky\u0303 thu\u00e2\u0323t vi\u0303nh vi\u00ea\u0303n.<\/strong><\/p>\n","protected":false},"featured_media":263058,"comment_status":"open","ping_status":"closed","template":"","meta":[],"product_brand":[86],"product_cat":[381,382],"product_tag":[1547,392,402,403,404,405,406,206,389,407,2066,408,409,1526,2067,410,379],"class_list":{"0":"post-263054","1":"product","2":"type-product","3":"status-publish","4":"has-post-thumbnail","6":"product_brand-surgeflo","7":"product_cat-may-bom-chim","8":"product_cat-may-bom-chim-12v","9":"product_tag-bom-cao","10":"product_tag-bom-chim-12v","11":"product_tag-bom-hoa-tien","12":"product_tag-bom-nuoc-gieng-khoan","13":"product_tag-bom-nuoc-sinh-hoat","14":"product_tag-he-thong","15":"product_tag-hoa-tien","16":"product_tag-may-bom-12v","17":"product_tag-may-bom-chim","18":"product_tag-may-bom-gieng-khoan-12v","19":"product_tag-may-bom-gieng-sau","20":"product_tag-may-bom-hoa-tien","21":"product_tag-nang-luong-mat-troi","22":"product_tag-seaflo","23":"product_tag-spx-12-08","24":"product_tag-sugreflo","25":"product_tag-surgeflo","27":"first","28":"instock","29":"sale","30":"featured","31":"shipping-taxable","32":"purchasable","33":"product-type-simple"},"_links":{"self":[{"href":"https:\/\/maybommini.vn\/index.php?rest_route=\/wp\/v2\/product\/263054","targetHints":{"allow":["GET"]}}],"collection":[{"href":"https:\/\/maybommini.vn\/index.php?rest_route=\/wp\/v2\/product"}],"about":[{"href":"https:\/\/maybommini.vn\/index.php?rest_route=\/wp\/v2\/types\/product"}],"replies":[{"embeddable":true,"href":"https:\/\/maybommini.vn\/index.php?rest_route=%2Fwp%2Fv2%2Fcomments&post=263054"}],"wp:featuredmedia":[{"embeddable":true,"href":"https:\/\/maybommini.vn\/index.php?rest_route=\/wp\/v2\/media\/263058"}],"wp:attachment":[{"href":"https:\/\/maybommini.vn\/index.php?rest_route=%2Fwp%2Fv2%2Fmedia&parent=263054"}],"wp:term":[{"taxonomy":"product_brand","embeddable":true,"href":"https:\/\/maybommini.vn\/index.php?rest_route=%2Fwp%2Fv2%2Fproduct_brand&post=263054"},{"taxonomy":"product_cat","embeddable":true,"href":"https:\/\/maybommini.vn\/index.php?rest_route=%2Fwp%2Fv2%2Fproduct_cat&post=263054"},{"taxonomy":"product_tag","embeddable":true,"href":"https:\/\/maybommini.vn\/index.php?rest_route=%2Fwp%2Fv2%2Fproduct_tag&post=263054"}],"curies":[{"name":"wp","href":"https:\/\/api.w.org\/{rel}","templated":true}]}}