{"id":263148,"date":"2019-08-10T19:36:38","date_gmt":"2019-08-10T12:36:38","guid":{"rendered":"https:\/\/maybommini.com\/?post_type=product&#038;p=263148"},"modified":"2020-05-23T14:10:50","modified_gmt":"2020-05-23T07:10:50","slug":"bo-phun-suong-chuyen-nghiep-15-bec-fujitex-fog-3017","status":"publish","type":"product","link":"https:\/\/maybommini.vn\/?product=bo-phun-suong-chuyen-nghiep-15-bec-fujitex-fog-3017","title":{"rendered":"B\u1ed9 phun s\u01b0\u01a1ng chuy\u00ean nghi\u1ec7p 15 b\u00e9c FUJITEX FOG-3017"},"content":{"rendered":"<h3><strong>Tr\u1ecdn b\u1ed9 phun s\u01b0\u01a1ng chuy\u00ean nghi\u1ec7p 15 b\u00e9c FUJITEX FOG-3017 ch\u00ednh h\u00e3ng gi\u00e1 t\u1ed1t. M\u00e1y phun s\u01b0\u01a1ng\u00a0FOG-3017 thi\u1ebft k\u1ebf t\u00edch h\u1ee3p r\u1ea5t ti\u1ec7n khi l\u1eafp \u0111\u1eb7t v\u00e0 s\u1eed d\u1ee5ng l\u00e0m m\u00e1t t\u01b0\u1edbi c\u00e2y cho gia \u0111\u00ecnh v\u00e0 c\u00e1c qu\u00e1n c\u00e0 ph\u00ea nh\u00e0 h\u00e0ng s\u00e2n v\u01b0\u1eddn.<\/strong><\/h3>\n<p><a href=\"https:\/\/maybommini.com\/wp-content\/uploads\/2019\/08\/Tron-bo-phun-suong-lam-mat-tuoi-lan-15-bec-Fujitex-Fog-3017.jpg\" target=\"_blank\" rel=\"noopener\"><img decoding=\"async\" class=\"size-full wp-image-263143 aligncenter\" src=\"https:\/\/maybommini.com\/wp-content\/uploads\/2019\/08\/Tron-bo-phun-suong-lam-mat-tuoi-lan-15-bec-Fujitex-Fog-3017.jpg\" alt=\"Tron Bo Phun Suong Lam Mat Tuoi Lan 15 Bec Fujitex Fog 3017\" width=\"750\" height=\"750\" srcset=\"https:\/\/maybommini.vn\/wp-content\/uploads\/2019\/08\/Tron-bo-phun-suong-lam-mat-tuoi-lan-15-bec-Fujitex-Fog-3017.jpg 750w, https:\/\/maybommini.vn\/wp-content\/uploads\/2019\/08\/Tron-bo-phun-suong-lam-mat-tuoi-lan-15-bec-Fujitex-Fog-3017-300x300.jpg 300w, https:\/\/maybommini.vn\/wp-content\/uploads\/2019\/08\/Tron-bo-phun-suong-lam-mat-tuoi-lan-15-bec-Fujitex-Fog-3017-150x150.jpg 150w, https:\/\/maybommini.vn\/wp-content\/uploads\/2019\/08\/Tron-bo-phun-suong-lam-mat-tuoi-lan-15-bec-Fujitex-Fog-3017-600x600.jpg 600w\" sizes=\"(max-width: 750px) 100vw, 750px\" \/><\/a><\/p>\n<p style=\"text-align: center;\"><iframe src=\"https:\/\/www.youtube.com\/embed\/ZM7ilC-1leI\" width=\"750\" height=\"650\" frameborder=\"0\"><span data-mce-type=\"bookmark\" style=\"display: inline-block; width: 0px; overflow: hidden; line-height: 0;\" class=\"mce_SELRES_start\">\ufeff<\/span><\/iframe><\/p>\n<p><strong>TH\u00d4NG S\u1ed0 K\u1ef8 THU\u1eacT<\/strong><br \/>\nTh\u01b0\u01a1ng hi\u1ec7u: FUJI TEX<br \/>\nModel: FOG-3017-15-BEC<br \/>\n\u0110i\u1ec7n th\u1ebf: 220V AC.<br \/>\nC\u00f4ng su\u1ea5t: 35 W<br \/>\n\u00c1p l\u1ef1c: 125 PSI.<br \/>\nL\u01b0u l\u01b0\u1ee3ng: 1.2 L\/P.<br \/>\nKh\u1ea3 n\u0103ng ch\u1ea1y li\u00ean t\u1ee5c 24\/24.<br \/>\nC\u00f4ng ngh\u1ec7 ti\u1ebft ki\u1ec7m \u0111i\u1ec7n.<br \/>\n\u1ed0ng phun s\u01b0\u01a1ng 8mm 22 m\u00e9t.<br \/>\nB\u00e9c phun s\u01b0\u01a1ng 15 c\u00e1i.<br \/>\n\u0110\u1ebf phun s\u01b0\u01a1ng th\u1eb3ng 14 c\u00e1i.<br \/>\n\u0110\u1ebf phun s\u01b0\u01a1ng cu\u1ed1i 1 c\u00e1i.<br \/>\nB\u00ecnh l\u1ecdc n\u01b0\u1edbc phun s\u01b0\u01a1ng 1 c\u00e1i.<br \/>\nN\u1ed1i \u1ed1ng ren ngo\u00e0i 21mm ra \u1ed1ng 8mm 3 c\u00e1i.<br \/>\nTr\u1ecdng l\u01b0\u1ee3ng: 7 Kg.<\/p>\n<p><a href=\"https:\/\/maybommini.com\/wp-content\/uploads\/2019\/08\/May-phun-suong-chuyen-nghiep-Fuji-Fog-3018-17-bec.jpg\" target=\"_blank\" rel=\"noopener\"><img decoding=\"async\" class=\"size-full wp-image-263135 aligncenter\" src=\"https:\/\/maybommini.com\/wp-content\/uploads\/2019\/08\/May-phun-suong-chuyen-nghiep-Fuji-Fog-3018-17-bec.jpg\" alt=\"May Phun Suong Chuyen Nghiep Fuji Fog 3018 17 Bec\" width=\"750\" height=\"750\" srcset=\"https:\/\/maybommini.vn\/wp-content\/uploads\/2019\/08\/May-phun-suong-chuyen-nghiep-Fuji-Fog-3018-17-bec.jpg 750w, https:\/\/maybommini.vn\/wp-content\/uploads\/2019\/08\/May-phun-suong-chuyen-nghiep-Fuji-Fog-3018-17-bec-300x300.jpg 300w, https:\/\/maybommini.vn\/wp-content\/uploads\/2019\/08\/May-phun-suong-chuyen-nghiep-Fuji-Fog-3018-17-bec-150x150.jpg 150w, https:\/\/maybommini.vn\/wp-content\/uploads\/2019\/08\/May-phun-suong-chuyen-nghiep-Fuji-Fog-3018-17-bec-600x600.jpg 600w\" sizes=\"(max-width: 750px) 100vw, 750px\" \/><\/a><\/p>\n<p><a href=\"https:\/\/maybommini.com\/wp-content\/uploads\/2018\/04\/binh-loc-nuoc-phun-suong.jpg\" target=\"_blank\" rel=\"noopener\"><img decoding=\"async\" class=\"size-full wp-image-263025 aligncenter\" src=\"https:\/\/maybommini.com\/wp-content\/uploads\/2018\/04\/binh-loc-nuoc-phun-suong.jpg\" alt=\"Binh Loc Nuoc Phun Suong\" width=\"750\" height=\"750\" srcset=\"https:\/\/maybommini.vn\/wp-content\/uploads\/2018\/04\/binh-loc-nuoc-phun-suong.jpg 750w, https:\/\/maybommini.vn\/wp-content\/uploads\/2018\/04\/binh-loc-nuoc-phun-suong-300x300.jpg 300w, https:\/\/maybommini.vn\/wp-content\/uploads\/2018\/04\/binh-loc-nuoc-phun-suong-150x150.jpg 150w, https:\/\/maybommini.vn\/wp-content\/uploads\/2018\/04\/binh-loc-nuoc-phun-suong-600x600.jpg 600w\" sizes=\"(max-width: 750px) 100vw, 750px\" \/><\/a><\/p>\n<p><a href=\"https:\/\/maybommini.com\/wp-content\/uploads\/2019\/08\/ong-phun-suong-8mm-sieu-ben.jpg\" target=\"_blank\" rel=\"noopener\"><img decoding=\"async\" class=\"size-full wp-image-263145 aligncenter\" src=\"https:\/\/maybommini.com\/wp-content\/uploads\/2019\/08\/ong-phun-suong-8mm-sieu-ben.jpg\" alt=\"Ong Phun Suong 8mm Sieu Ben\" width=\"750\" height=\"750\" srcset=\"https:\/\/maybommini.vn\/wp-content\/uploads\/2019\/08\/ong-phun-suong-8mm-sieu-ben.jpg 750w, https:\/\/maybommini.vn\/wp-content\/uploads\/2019\/08\/ong-phun-suong-8mm-sieu-ben-300x300.jpg 300w, https:\/\/maybommini.vn\/wp-content\/uploads\/2019\/08\/ong-phun-suong-8mm-sieu-ben-150x150.jpg 150w, https:\/\/maybommini.vn\/wp-content\/uploads\/2019\/08\/ong-phun-suong-8mm-sieu-ben-600x600.jpg 600w\" sizes=\"(max-width: 750px) 100vw, 750px\" \/><\/a><\/p>\n<p><a href=\"https:\/\/maybommini.com\/wp-content\/uploads\/2018\/04\/bec-phun-suong.jpg\" target=\"_blank\" rel=\"noopener\"><img decoding=\"async\" class=\"size-full wp-image-263024 aligncenter\" src=\"https:\/\/maybommini.com\/wp-content\/uploads\/2018\/04\/bec-phun-suong.jpg\" alt=\"Bec Phun Suong\" width=\"750\" height=\"750\" srcset=\"https:\/\/maybommini.vn\/wp-content\/uploads\/2018\/04\/bec-phun-suong.jpg 750w, https:\/\/maybommini.vn\/wp-content\/uploads\/2018\/04\/bec-phun-suong-300x300.jpg 300w, https:\/\/maybommini.vn\/wp-content\/uploads\/2018\/04\/bec-phun-suong-150x150.jpg 150w, https:\/\/maybommini.vn\/wp-content\/uploads\/2018\/04\/bec-phun-suong-600x600.jpg 600w\" sizes=\"(max-width: 750px) 100vw, 750px\" \/><\/a><\/p>\n<p><a href=\"https:\/\/maybommini.com\/wp-content\/uploads\/2019\/08\/May-phun-suong-Fuji-Fog-3017.jpg\" target=\"_blank\" rel=\"noopener\"><img decoding=\"async\" class=\"size-full wp-image-263136 aligncenter\" src=\"https:\/\/maybommini.com\/wp-content\/uploads\/2019\/08\/May-phun-suong-Fuji-Fog-3017.jpg\" alt=\"May Phun Suong Fuji Fog 3017\" width=\"750\" height=\"750\" srcset=\"https:\/\/maybommini.vn\/wp-content\/uploads\/2019\/08\/May-phun-suong-Fuji-Fog-3017.jpg 750w, https:\/\/maybommini.vn\/wp-content\/uploads\/2019\/08\/May-phun-suong-Fuji-Fog-3017-300x300.jpg 300w, https:\/\/maybommini.vn\/wp-content\/uploads\/2019\/08\/May-phun-suong-Fuji-Fog-3017-150x150.jpg 150w, https:\/\/maybommini.vn\/wp-content\/uploads\/2019\/08\/May-phun-suong-Fuji-Fog-3017-600x600.jpg 600w\" sizes=\"(max-width: 750px) 100vw, 750px\" \/><\/a> <a href=\"https:\/\/maybommini.com\/wp-content\/uploads\/2019\/08\/Bom-phun-suong-chuye-nghiep-Fog-3017-Fuji.jpg\" target=\"_blank\" rel=\"noopener\"><img decoding=\"async\" class=\"size-full wp-image-263133 aligncenter\" src=\"https:\/\/maybommini.com\/wp-content\/uploads\/2019\/08\/Bom-phun-suong-chuye-nghiep-Fog-3017-Fuji.jpg\" alt=\"Bom Phun Suong Chuye Nghiep Fog 3017 Fuji\" width=\"750\" height=\"750\" srcset=\"https:\/\/maybommini.vn\/wp-content\/uploads\/2019\/08\/Bom-phun-suong-chuye-nghiep-Fog-3017-Fuji.jpg 750w, https:\/\/maybommini.vn\/wp-content\/uploads\/2019\/08\/Bom-phun-suong-chuye-nghiep-Fog-3017-Fuji-300x300.jpg 300w, https:\/\/maybommini.vn\/wp-content\/uploads\/2019\/08\/Bom-phun-suong-chuye-nghiep-Fog-3017-Fuji-150x150.jpg 150w, https:\/\/maybommini.vn\/wp-content\/uploads\/2019\/08\/Bom-phun-suong-chuye-nghiep-Fog-3017-Fuji-600x600.jpg 600w\" sizes=\"(max-width: 750px) 100vw, 750px\" \/><\/a> <a href=\"https:\/\/maybommini.com\/wp-content\/uploads\/2019\/08\/nha-cung-cap-si-ve-le-may-phun-suong.jpg\" target=\"_blank\" rel=\"noopener\"><img decoding=\"async\" class=\"size-full wp-image-263138 aligncenter\" src=\"https:\/\/maybommini.com\/wp-content\/uploads\/2019\/08\/nha-cung-cap-si-ve-le-may-phun-suong.jpg\" alt=\"Nha Cung Cap Si Ve Le May Phun Suong\" width=\"750\" height=\"750\" srcset=\"https:\/\/maybommini.vn\/wp-content\/uploads\/2019\/08\/nha-cung-cap-si-ve-le-may-phun-suong.jpg 750w, https:\/\/maybommini.vn\/wp-content\/uploads\/2019\/08\/nha-cung-cap-si-ve-le-may-phun-suong-300x300.jpg 300w, https:\/\/maybommini.vn\/wp-content\/uploads\/2019\/08\/nha-cung-cap-si-ve-le-may-phun-suong-150x150.jpg 150w, https:\/\/maybommini.vn\/wp-content\/uploads\/2019\/08\/nha-cung-cap-si-ve-le-may-phun-suong-600x600.jpg 600w\" sizes=\"(max-width: 750px) 100vw, 750px\" \/><\/a> <a href=\"https:\/\/maybommini.com\/wp-content\/uploads\/2019\/08\/MISTING-MACHINE-TAIWAN-FOG-3017.jpg\" target=\"_blank\" rel=\"noopener\"><img decoding=\"async\" class=\"size-full wp-image-263137 aligncenter\" src=\"https:\/\/maybommini.com\/wp-content\/uploads\/2019\/08\/MISTING-MACHINE-TAIWAN-FOG-3017.jpg\" alt=\"MISTING MACHINE TAIWAN FOG 3017\" width=\"750\" height=\"750\" srcset=\"https:\/\/maybommini.vn\/wp-content\/uploads\/2019\/08\/MISTING-MACHINE-TAIWAN-FOG-3017.jpg 750w, https:\/\/maybommini.vn\/wp-content\/uploads\/2019\/08\/MISTING-MACHINE-TAIWAN-FOG-3017-300x300.jpg 300w, https:\/\/maybommini.vn\/wp-content\/uploads\/2019\/08\/MISTING-MACHINE-TAIWAN-FOG-3017-150x150.jpg 150w, https:\/\/maybommini.vn\/wp-content\/uploads\/2019\/08\/MISTING-MACHINE-TAIWAN-FOG-3017-600x600.jpg 600w\" sizes=\"(max-width: 750px) 100vw, 750px\" \/><\/a><\/p>\n<p><strong>H\u01af\u1edaNG D\u1eaaN L\u1eaeP R\u00c1P M\u00c1Y PHUN S\u01af\u01a0NG<br \/>\n<\/strong>Vi\u1ec7c l\u1eafp r\u00e1p <a href=\"https:\/\/maybommini.com\/danh-muc\/he-thong-phun-suong\/may-phun-suong-mini\" target=\"_blank\" rel=\"noopener noreferrer\">m\u00e1y phun s\u01b0\u01a1ng<\/a> r\u1ea5t \u0111\u01a1n gi\u1ea3n n\u00ean b\u1ea1n ch\u1ec9 c\u1ea7n b\u1ecf 1 t\u00ed th\u1eddi gian l\u00e0 c\u00f3 th\u1ec3 l\u00e0m cho m\u00ecnh m\u1ed9t <a href=\"https:\/\/maybommini.com\/danh-muc\/he-thong-phun-suong\" target=\"_blank\" rel=\"noopener noreferrer\">h\u1ec7 th\u1ed1ng phun s\u01b0\u01a1ng<\/a> chuy\u00ean nghi\u1ec7p m\u00e0 kh\u00f4ng c\u1ea7n t\u1edbi th\u1ee3.<br \/>\n1. \u0110\u1ea5u n\u1ed1i \u1ed1ng n\u01b0\u1edbc t\u1eeb h\u1ec7 th\u1ed1ng n\u01b0\u1edbc t\u1edbi <a href=\"https:\/\/maybommini.com\/san-pham\/binh-loc-nuoc-cao-cap-phun-suong-loc-nuoc-ro\" target=\"_blank\" rel=\"noopener noreferrer\">b\u00ecnh l\u1ecdc n\u01b0\u1edbc<\/a>.<br \/>\n2. N\u01b0\u1edbc t\u1eeb b\u00ecnh l\u1ecdc \u0111\u01b0\u1ee3c n\u1ed1i t\u1edbi m\u00e1y phun s\u01b0\u01a1ng.<br \/>\n3. N\u01b0\u1edbc ra m\u00e1y phun s\u01b0\u01a1ng \u0111\u01b0\u1ee3c n\u1ed1i \u0111\u1ebfn c\u00e1c <a href=\"https:\/\/maybommini.com\/san-pham\/bec-phun-suong-so-2\" target=\"_blank\" rel=\"noopener noreferrer\">b\u00e9c phun s\u01b0\u01a1ng<\/a>.<br \/>\n4. L\u00e0m 1 kho\u00e1 n\u01b0\u1edbc \u1edf \u1ed1ng d\u00e2y c\u1ea5p n\u01b0\u1edbc, khi kh\u00f4ng phun s\u01b0\u01a1ng th\u00ec kho\u00e1 n\u01b0\u1edbc l\u1ea1i.<br \/>\n5. B\u1ea1n c\u00f3 th\u1ec3 g\u1eafn th\u00eam h\u1eb9n gi\u1edd v\u00e0 <a href=\"https:\/\/maybommini.com\/danh-muc\/phu-kien-bom-nuoc-mini\/van-dien-tu-solenoid-vavle\" target=\"_blank\" rel=\"noopener noreferrer\">van \u0111i\u1ec7n t\u1eed<\/a> \u0111\u1ec3 l\u00e0m m\u1ed9t h\u1ec7 th\u1ed1ng phun s\u01b0\u01a1ng t\u1ef1 \u0111\u1ed9ng.<br \/>\nV\u1eady l\u00e0 B\u1ea1n \u0111\u00e3 c\u00f3 m\u1ed9t h\u1ec7 th\u1ed1ng phun s\u01b0\u01a1ng ho\u00e0n ch\u1ec9nh v\u00e0 chuy\u00ean nghi\u1ec7p gi\u00e1 r\u1ebb.<\/p>\n<p><a href=\"https:\/\/maybommini.com\/wp-content\/uploads\/2019\/08\/So-do-lap-rap-he-thong-may-phun-suong.jpg\" target=\"_blank\" rel=\"noopener\"><img decoding=\"async\" class=\"size-full wp-image-263139 aligncenter\" src=\"https:\/\/maybommini.com\/wp-content\/uploads\/2019\/08\/So-do-lap-rap-he-thong-may-phun-suong.jpg\" alt=\"So Do Lap Rap He Thong May Phun Suong\" width=\"750\" height=\"750\" srcset=\"https:\/\/maybommini.vn\/wp-content\/uploads\/2019\/08\/So-do-lap-rap-he-thong-may-phun-suong.jpg 750w, https:\/\/maybommini.vn\/wp-content\/uploads\/2019\/08\/So-do-lap-rap-he-thong-may-phun-suong-300x300.jpg 300w, https:\/\/maybommini.vn\/wp-content\/uploads\/2019\/08\/So-do-lap-rap-he-thong-may-phun-suong-150x150.jpg 150w, https:\/\/maybommini.vn\/wp-content\/uploads\/2019\/08\/So-do-lap-rap-he-thong-may-phun-suong-600x600.jpg 600w\" sizes=\"(max-width: 750px) 100vw, 750px\" \/><\/a><\/p>\n<p><strong>\u00a0L\u01afU \u00dd KHI S\u1eec D\u1ee4NG M\u00c1Y PHUN S\u01af\u01a0NG<br \/>\n<\/strong>1. Sau khi l\u1eafp xong v\u00e0 tr\u01b0\u1edbc khi v\u1eadn h\u00e0nh. M\u1edf b\u00e9c cu\u1ed1i c\u1ee7a t\u1ea5t c\u1ea3 \u0111\u01b0\u1eddng \u1ed1ng r\u1ed3i cho m\u00e1y ch\u1ea1y 2 \u0111\u1ebfn 3 ph\u00fat \u0111\u1ec3 l\u00e0m s\u1ea1ch \u1ed1ng.<br \/>\n2. Sau \u0111\u00f3 g\u1eafn c\u00e1c b\u00e9c l\u1ea1i nh\u01b0 c\u1ee7.<br \/>\n3. M\u1edf n\u01b0\u1edbc khi m\u1edf m\u00e1y phun s\u01b0\u01a1ng.<br \/>\n4. T\u1eaft m\u00e1y kh\u00f4ng d\u00f9ng th\u00ec kho\u00e1 n\u01b0\u1edbc l\u1ea1i.<br \/>\n5. Kh\u00f4ng d\u00f9ng phun x\u1ecbt c\u00e1c lo\u1ea1i ho\u00e1 ch\u1ea5t.<br \/>\n6. Ch\u1ec9 s\u1eed d\u1ee5ng n\u01b0\u1edbc s\u1ea1ch.<\/p>\n<p><a href=\"https:\/\/maybommini.com\/wp-content\/uploads\/2019\/08\/Chuyen-ban-cac-loai-may-phun-suong-gia-re.jpg\" target=\"_blank\" rel=\"noopener\"><img decoding=\"async\" class=\"size-full wp-image-263134 aligncenter\" src=\"https:\/\/maybommini.com\/wp-content\/uploads\/2019\/08\/Chuyen-ban-cac-loai-may-phun-suong-gia-re.jpg\" alt=\"Chuyen Ban Cac Loai May Phun Suong Gia Re\" width=\"750\" height=\"750\" srcset=\"https:\/\/maybommini.vn\/wp-content\/uploads\/2019\/08\/Chuyen-ban-cac-loai-may-phun-suong-gia-re.jpg 750w, https:\/\/maybommini.vn\/wp-content\/uploads\/2019\/08\/Chuyen-ban-cac-loai-may-phun-suong-gia-re-300x300.jpg 300w, https:\/\/maybommini.vn\/wp-content\/uploads\/2019\/08\/Chuyen-ban-cac-loai-may-phun-suong-gia-re-150x150.jpg 150w, https:\/\/maybommini.vn\/wp-content\/uploads\/2019\/08\/Chuyen-ban-cac-loai-may-phun-suong-gia-re-600x600.jpg 600w\" sizes=\"(max-width: 750px) 100vw, 750px\" \/><\/a><\/p>\n<p><a href=\"https:\/\/maybommini.com\/wp-content\/uploads\/2019\/05\/May-phun-tuoi-cay-nha-vuon-tuoi-lan.jpg\" target=\"_blank\" rel=\"noopener\"><img decoding=\"async\" class=\"size-full wp-image-262025 aligncenter\" src=\"https:\/\/maybommini.com\/wp-content\/uploads\/2019\/05\/May-phun-tuoi-cay-nha-vuon-tuoi-lan.jpg\" alt=\"May Phun Tuoi Cay Nha Vuon Tuoi Lan\" width=\"750\" height=\"750\" srcset=\"https:\/\/maybommini.vn\/wp-content\/uploads\/2019\/05\/May-phun-tuoi-cay-nha-vuon-tuoi-lan.jpg 750w, https:\/\/maybommini.vn\/wp-content\/uploads\/2019\/05\/May-phun-tuoi-cay-nha-vuon-tuoi-lan-300x300.jpg 300w, https:\/\/maybommini.vn\/wp-content\/uploads\/2019\/05\/May-phun-tuoi-cay-nha-vuon-tuoi-lan-150x150.jpg 150w, https:\/\/maybommini.vn\/wp-content\/uploads\/2019\/05\/May-phun-tuoi-cay-nha-vuon-tuoi-lan-600x600.jpg 600w\" sizes=\"(max-width: 750px) 100vw, 750px\" \/><\/a> <a href=\"https:\/\/maybommini.com\/wp-content\/uploads\/2019\/05\/may-phun-suong-50-bec-gia-re-quan-cafe.jpg\" target=\"_blank\" rel=\"noopener\"><img decoding=\"async\" class=\"size-full wp-image-262021 aligncenter\" src=\"https:\/\/maybommini.com\/wp-content\/uploads\/2019\/05\/may-phun-suong-50-bec-gia-re-quan-cafe.jpg\" alt=\"May Phun Suong 50 Bec Gia Re Quan Cafe\" width=\"750\" height=\"750\" srcset=\"https:\/\/maybommini.vn\/wp-content\/uploads\/2019\/05\/may-phun-suong-50-bec-gia-re-quan-cafe.jpg 750w, https:\/\/maybommini.vn\/wp-content\/uploads\/2019\/05\/may-phun-suong-50-bec-gia-re-quan-cafe-300x300.jpg 300w, https:\/\/maybommini.vn\/wp-content\/uploads\/2019\/05\/may-phun-suong-50-bec-gia-re-quan-cafe-150x150.jpg 150w, https:\/\/maybommini.vn\/wp-content\/uploads\/2019\/05\/may-phun-suong-50-bec-gia-re-quan-cafe-600x600.jpg 600w\" sizes=\"(max-width: 750px) 100vw, 750px\" \/><\/a><\/p>\n<p><strong>\u1ee8NG D\u1ee4NG M\u00c1Y PHUN S\u01af\u01a0NG CHUY\u00caN NGH\u1ec6P<\/strong><br \/>\nPhun s\u01b0\u01a1ng l\u00e0m m\u00e1t.<br \/>\nPhun s\u01b0\u01a1ng t\u01b0\u1edbi c\u00e2y.<br \/>\nPhun s\u01b0\u01a1ng t\u1ea1o \u1ea9m<br \/>\nPhun s\u01b0\u01a1ng l\u00e0m m\u00e1t gia \u0111\u00ecnh.<br \/>\nPhun s\u01b0\u01a1ng l\u00e0m m\u00e1t qu\u00e1n c\u00e0 ph\u00ea.<br \/>\nPhun s\u01b0\u01a1ng l\u00e0m m\u00e1t nh\u00e0 h\u00e0ng.<br \/>\nPhun s\u01b0\u01a1ng t\u1ea1o \u1ea9m nh\u00e0 v\u01b0\u1eddn.<br \/>\nPhun s\u01b0\u01a1ng l\u00e0m m\u00e1t trang tr\u1ea1i.<br \/>\nPhun s\u01b0\u01a1ng t\u01b0\u1edbi Lan c\u00e2y c\u1ea3nh.<br \/>\nPhun t\u01b0\u1edbi v\u01b0\u1eddn \u01b0\u01a1m.<br \/>\nPhun s\u01b0\u01a1ng t\u01b0\u1edbi nh\u00e0 n\u1ea5m.<br \/>\nPhung s\u01b0\u01a1ng l\u00e0m m\u00e1t nh\u00e0 y\u1ebfn.<br \/>\nV\u00e0 nhi\u1ec1u \u1ee9ng d\u1ee5ng kh\u00e1c \u0111\u1ec3 l\u00e0m m\u00e1t \u2026.<\/p>\n<p><a href=\"https:\/\/maybommini.com\/wp-content\/uploads\/2019\/05\/Lap-rap-he-thong-phun-suong-chuyen-nghiep.jpg\" target=\"_blank\" rel=\"noopener\"><img decoding=\"async\" class=\"size-full wp-image-262019 aligncenter\" src=\"https:\/\/maybommini.com\/wp-content\/uploads\/2019\/05\/Lap-rap-he-thong-phun-suong-chuyen-nghiep.jpg\" alt=\"Lap Rap He Thong Phun Suong Chuyen Nghiep\" width=\"750\" height=\"750\" srcset=\"https:\/\/maybommini.vn\/wp-content\/uploads\/2019\/05\/Lap-rap-he-thong-phun-suong-chuyen-nghiep.jpg 750w, https:\/\/maybommini.vn\/wp-content\/uploads\/2019\/05\/Lap-rap-he-thong-phun-suong-chuyen-nghiep-300x300.jpg 300w, https:\/\/maybommini.vn\/wp-content\/uploads\/2019\/05\/Lap-rap-he-thong-phun-suong-chuyen-nghiep-150x150.jpg 150w, https:\/\/maybommini.vn\/wp-content\/uploads\/2019\/05\/Lap-rap-he-thong-phun-suong-chuyen-nghiep-600x600.jpg 600w\" sizes=\"(max-width: 750px) 100vw, 750px\" \/><\/a> <a href=\"https:\/\/maybommini.com\/wp-content\/uploads\/2019\/05\/He-thong-phun-suong-lam-mat-nha-hang-san-vuon.jpg\" target=\"_blank\" rel=\"noopener\"><img decoding=\"async\" class=\"size-full wp-image-262018 aligncenter\" src=\"https:\/\/maybommini.com\/wp-content\/uploads\/2019\/05\/He-thong-phun-suong-lam-mat-nha-hang-san-vuon.jpg\" alt=\"He Thong Phun Suong Lam Mat Nha Hang San Vuon\" width=\"750\" height=\"750\" srcset=\"https:\/\/maybommini.vn\/wp-content\/uploads\/2019\/05\/He-thong-phun-suong-lam-mat-nha-hang-san-vuon.jpg 750w, https:\/\/maybommini.vn\/wp-content\/uploads\/2019\/05\/He-thong-phun-suong-lam-mat-nha-hang-san-vuon-300x300.jpg 300w, https:\/\/maybommini.vn\/wp-content\/uploads\/2019\/05\/He-thong-phun-suong-lam-mat-nha-hang-san-vuon-150x150.jpg 150w, https:\/\/maybommini.vn\/wp-content\/uploads\/2019\/05\/He-thong-phun-suong-lam-mat-nha-hang-san-vuon-600x600.jpg 600w\" sizes=\"(max-width: 750px) 100vw, 750px\" \/><\/a><\/p>\n<p><strong>MUA M\u00c1Y PHUN S\u01af\u01a0NG \u1ede \u0110\u00c2U ?<\/strong><br \/>\nChuy\u00ean cung c\u1ea5p s\u1ec9 v\u00e0 l\u1ebb m\u00e1y phun s\u01b0\u01a1ng, b\u00e9c phun s\u01b0\u01a1ng, \u0111\u1ebf phun s\u01b0\u01a1ng, \u1ed1ng phun s\u01b0\u01a1ng, b\u00ecnh l\u1ecdc n\u01b0\u1edbc, van \u0111i\u1ec7n t\u1eeb, kho\u00e1 n\u01b0\u1edbc v\u00e0 c\u00e1 lo\u1ea1i \u0111\u1ea7u n\u1ed1i \u1ed1ng. Li\u00ean ch\u00fang t\u00f4i \u0111\u1ec3 \u0111\u01b0\u1ee3c t\u01b0 v\u1ea5n v\u00e0 c\u00f3 gi\u00e1 t\u1ed1t h\u01a1n, giao h\u00e0ng h\u01b0\u1edbng d\u1eabn l\u1eafp r\u00e1p phun s\u01b0\u01a1ng to\u00e0n qu\u1ed1c.<br \/>\n<strong>Tel \/ Zalo:<\/strong> <a href=\"tel:0907294310\">0907294310<\/a> &#8211;\u00a0<a href=\"tel:0908997823\">0908997823<\/a>\u00a0&#8211;\u00a0<a href=\"tel:0908997872\">0908997872<\/a><br \/>\n<strong>Trung t\u00e2m b\u1ea3o h\u00e0nh:<\/strong> 02873030399 &#8211; 02873031399<br \/>\n<strong>Email:<\/strong> maybommini.com@gmail.com<br \/>\n<strong>Website:<\/strong>\u00a0<a href=\"https:\/\/maybommini.com\" target=\"_blank\" rel=\"noopener noreferrer\">https:\/\/maybommini.com<\/a><\/p>\n<h3 style=\"text-align: center;\"><em><strong><a href=\"https:\/\/maybommini.com\/san-pham\/bo-phun-suong-chuyen-nghiep-5-bec-fujitex-fog-3017\" target=\"_blank\" rel=\"noopener noreferrer\">B\u1ed9 phun s\u01b0\u01a1ng chuy\u00ean nghi\u1ec7p 5 b\u00e9c FUJITEX FOG-3017<\/a><br \/>\n<a href=\"https:\/\/maybommini.com\/san-pham\/bo-phun-suong-chuyen-nghiep-10-bec-fujitex-fog-3017\" target=\"_blank\" rel=\"noopener noreferrer\">B\u1ed9 phun s\u01b0\u01a1ng chuy\u00ean nghi\u1ec7p 10 b\u00e9c FUJITEX FOG-3017<\/a><br \/>\nB\u1ed9 phun s\u01b0\u01a1ng chuy\u00ean nghi\u1ec7p 15 b\u00e9c FUJITEX FOG-3017<br \/>\n<\/strong><\/em><\/h3>\n","protected":false},"excerpt":{"rendered":"<p>Th\u01b0\u01a1ng hi\u1ec7u: FUJI TEX<br \/>\nModel: FOG-3017-15-BEC<br \/>\n\u0110i\u1ec7n th\u1ebf: 220V AC.<br \/>\nC\u00f4ng su\u1ea5t: 35 W<br \/>\n\u00c1p l\u1ef1c: 125 PSI.<br \/>\nL\u01b0u l\u01b0\u1ee3ng: 1.2 L\/P.<br \/>\nKh\u1ea3 n\u0103ng ch\u1ea1y li\u00ean t\u1ee5c 24\/24.<br \/>\nC\u00f4ng ngh\u1ec7 ti\u1ebft ki\u1ec7m \u0111i\u1ec7n.<br \/>\n\u1ed0ng phun s\u01b0\u01a1ng 8mm 22 m\u00e9t.<br \/>\nB\u00e9c phun s\u01b0\u01a1ng 15 c\u00e1i.<br \/>\n\u0110\u1ebf phun s\u01b0\u01a1ng th\u1eb3ng 14 c\u00e1i.<br \/>\n\u0110\u1ebf phun s\u01b0\u01a1ng cu\u1ed1i 1 c\u00e1i.<br \/>\nB\u00ecnh l\u1ecdc n\u01b0\u1edbc phun s\u01b0\u01a1ng 1 c\u00e1i.<br \/>\nN\u1ed1i \u1ed1ng ren ngo\u00e0i 21mm ra \u1ed1ng 8mm 3 c\u00e1i.<br \/>\nTr\u1ecdng l\u01b0\u1ee3ng: 7 Kg.<br \/>\nB\u1ea3o h\u00e0ng: 3 th\u00e1ng<br \/>\nPh\u00e2n ph\u1ed1i:\u00a0<a href=\"https:\/\/maybomminimbm.vn\/\">M\u00e1y B\u01a1m Mini MBM<\/a><br \/>\nS\u1ea3n ph\u1ea9m cao c\u1ea5p.<br \/>\nKh\u1eb3ng \u0111\u1ecbnh \u0111\u1ed9 an to\u00e0n ch\u1ea5t l\u01b0\u1ee3ng.<br \/>\n<strong>H\u00f4\u0309 tr\u01a1\u0323 ky\u0303 thu\u00e2\u0323t vi\u0303nh vi\u00ea\u0303n.<\/strong><\/p>\n","protected":false},"featured_media":263143,"comment_status":"open","ping_status":"closed","template":"","meta":[],"product_brand":[2821],"product_cat":[2842,367],"product_tag":[885,2818,2819,2820,2814,2995,2823,2815,2822,361,2827,939,2816,2817,933,2996],"class_list":{"0":"post-263148","1":"product","2":"type-product","3":"status-publish","4":"has-post-thumbnail","6":"product_brand-fuji-tex","7":"product_cat-bo-phun-suong","8":"product_cat-he-thong-phun-suong","9":"product_tag-bo-phun-suong","10":"product_tag-fog-1109h","11":"product_tag-fog-2106","12":"product_tag-fog-2703","13":"product_tag-fog-2807","14":"product_tag-fog-3017","15":"product_tag-fog-6050","16":"product_tag-fog2807","17":"product_tag-fuji-tex","18":"product_tag-may-phun-suong","19":"product_tag-may-phun-suong-10-bec","20":"product_tag-may-phun-suong-15-bec","21":"product_tag-may-phun-suong-25-bec","22":"product_tag-may-phun-suong-chuyen-nghiep","23":"product_tag-misting-machine","24":"product_tag-reon-bo-phun-suong","26":"first","27":"instock","28":"sale","29":"shipping-taxable","30":"purchasable","31":"product-type-simple"},"_links":{"self":[{"href":"https:\/\/maybommini.vn\/index.php?rest_route=\/wp\/v2\/product\/263148","targetHints":{"allow":["GET"]}}],"collection":[{"href":"https:\/\/maybommini.vn\/index.php?rest_route=\/wp\/v2\/product"}],"about":[{"href":"https:\/\/maybommini.vn\/index.php?rest_route=\/wp\/v2\/types\/product"}],"replies":[{"embeddable":true,"href":"https:\/\/maybommini.vn\/index.php?rest_route=%2Fwp%2Fv2%2Fcomments&post=263148"}],"wp:featuredmedia":[{"embeddable":true,"href":"https:\/\/maybommini.vn\/index.php?rest_route=\/wp\/v2\/media\/263143"}],"wp:attachment":[{"href":"https:\/\/maybommini.vn\/index.php?rest_route=%2Fwp%2Fv2%2Fmedia&parent=263148"}],"wp:term":[{"taxonomy":"product_brand","embeddable":true,"href":"https:\/\/maybommini.vn\/index.php?rest_route=%2Fwp%2Fv2%2Fproduct_brand&post=263148"},{"taxonomy":"product_cat","embeddable":true,"href":"https:\/\/maybommini.vn\/index.php?rest_route=%2Fwp%2Fv2%2Fproduct_cat&post=263148"},{"taxonomy":"product_tag","embeddable":true,"href":"https:\/\/maybommini.vn\/index.php?rest_route=%2Fwp%2Fv2%2Fproduct_tag&post=263148"}],"curies":[{"name":"wp","href":"https:\/\/api.w.org\/{rel}","templated":true}]}}