{"id":263160,"date":"2019-08-11T20:25:48","date_gmt":"2019-08-11T13:25:48","guid":{"rendered":"https:\/\/maybommini.com\/?post_type=product&#038;p=263160"},"modified":"2023-06-15T17:19:26","modified_gmt":"2023-06-15T10:19:26","slug":"voi-bom-xang-dau-nhot-cd-11a","status":"publish","type":"product","link":"https:\/\/maybommini.vn\/?product=voi-bom-xang-dau-nhot-cd-11a","title":{"rendered":"V\u00f2i b\u01a1m x\u0103ng d\u1ea7u nh\u1edbt CD-11A"},"content":{"rendered":"<h3><strong>Cung c\u1ea5p ph\u00e2n ph\u1ed1i v\u00f2i b\u01a1m x\u0103ng d\u1ea7u nh\u1edbt CD-11A cao c\u1ea5p ch\u1ea5t l\u01b0\u1ee3ng si\u00eau b\u1ec1n v\u00e0 t\u1ef1 \u0111\u1ed9ng. \u0110\u00e2y l\u00e0 v\u00f2i b\u01a1m chuy\u00ean d\u1ee5ng cho c\u00e1c tr\u1ea1m x\u0103ng d\u1ea7u th\u01b0\u1eddng d\u00f9ng v\u00e0 c\u0169ng \u0111\u01b0\u1ee3c d\u00f9ng cho c\u00e1c lo\u1ea1i m\u00e1y b\u01a1m nhi\u00ean li\u1ec7u kh\u00e1c khi c\u1ea7n ti\u1ebfp nhi\u1ec7n li\u1ec7u b\u00ean ngo\u00e0i tr\u1ea1m.<\/strong><\/h3>\n<p><a href=\"https:\/\/maybommini.com\/wp-content\/uploads\/2019\/08\/Voi-bom-xang-dau-nhot.jpg\" target=\"_blank\" rel=\"noopener\"><img decoding=\"async\" class=\"size-full wp-image-263169 aligncenter\" src=\"https:\/\/maybommini.com\/wp-content\/uploads\/2019\/08\/Voi-bom-xang-dau-nhot.jpg\" alt=\"Voi Bom Xang Dau Nhot\" width=\"750\" height=\"750\" srcset=\"https:\/\/maybommini.vn\/wp-content\/uploads\/2019\/08\/Voi-bom-xang-dau-nhot.jpg 750w, https:\/\/maybommini.vn\/wp-content\/uploads\/2019\/08\/Voi-bom-xang-dau-nhot-300x300.jpg 300w, https:\/\/maybommini.vn\/wp-content\/uploads\/2019\/08\/Voi-bom-xang-dau-nhot-150x150.jpg 150w, https:\/\/maybommini.vn\/wp-content\/uploads\/2019\/08\/Voi-bom-xang-dau-nhot-600x600.jpg 600w\" sizes=\"(max-width: 750px) 100vw, 750px\" \/><\/a><\/p>\n<p><strong>TH\u00d4NG S\u1ed0 K\u1ef8 THU\u1eacT<\/strong><br \/>\nModel: CD-11A<br \/>\nCh\u1ea5t li\u1ec7u: H\u1ee3p kim nh\u00f4m, th\u00e9p v\u00e0 nh\u1ef1a.<br \/>\nRen n\u1ed1i: 25mm &#8211; 3\/4 in.<br \/>\n\u0110\u01b0\u1eddng k\u00ednh v\u00f2i: 25 mm<br \/>\nL\u01b0u l\u01b0\u1ee3ng d\u00f2ng ch\u1ea3y: 0 &#8211; 80 L\/p.<br \/>\n\u00c1p l\u1ef1c: 0.18 Mpa &#8211; 26 Psi.<br \/>\nVan kh\u00f3a t\u1ef1 \u0111\u1ed9ng.<br \/>\nK\u00edch th\u01b0\u1edbc: 450 x 130 x 24 mm.<br \/>\nTr\u1ecdng l\u01b0\u1ee3ng: 1.25 Kg.<\/p>\n<p><a href=\"https:\/\/maybommini.com\/wp-content\/uploads\/2019\/08\/kich-thuoc-voi-bom-xang-dau.jpg\" target=\"_blank\" rel=\"noopener\"><img decoding=\"async\" class=\"size-full wp-image-263162 aligncenter\" src=\"https:\/\/maybommini.com\/wp-content\/uploads\/2019\/08\/kich-thuoc-voi-bom-xang-dau.jpg\" alt=\"Kich Thuoc Voi Bom Xang Dau\" width=\"750\" height=\"750\" srcset=\"https:\/\/maybommini.vn\/wp-content\/uploads\/2019\/08\/kich-thuoc-voi-bom-xang-dau.jpg 750w, https:\/\/maybommini.vn\/wp-content\/uploads\/2019\/08\/kich-thuoc-voi-bom-xang-dau-300x300.jpg 300w, https:\/\/maybommini.vn\/wp-content\/uploads\/2019\/08\/kich-thuoc-voi-bom-xang-dau-150x150.jpg 150w, https:\/\/maybommini.vn\/wp-content\/uploads\/2019\/08\/kich-thuoc-voi-bom-xang-dau-600x600.jpg 600w\" sizes=\"(max-width: 750px) 100vw, 750px\" \/><\/a> <a href=\"https:\/\/maybommini.com\/wp-content\/uploads\/2019\/08\/Voi-bom-xang-dau-nhot-CD-11A.jpg\" target=\"_blank\" rel=\"noopener\"><img decoding=\"async\" class=\"size-full wp-image-263170 aligncenter\" src=\"https:\/\/maybommini.com\/wp-content\/uploads\/2019\/08\/Voi-bom-xang-dau-nhot-CD-11A.jpg\" alt=\"Voi Bom Xang Dau Nhot CD 11A\" width=\"750\" height=\"750\" srcset=\"https:\/\/maybommini.vn\/wp-content\/uploads\/2019\/08\/Voi-bom-xang-dau-nhot-CD-11A.jpg 750w, https:\/\/maybommini.vn\/wp-content\/uploads\/2019\/08\/Voi-bom-xang-dau-nhot-CD-11A-300x300.jpg 300w, https:\/\/maybommini.vn\/wp-content\/uploads\/2019\/08\/Voi-bom-xang-dau-nhot-CD-11A-150x150.jpg 150w, https:\/\/maybommini.vn\/wp-content\/uploads\/2019\/08\/Voi-bom-xang-dau-nhot-CD-11A-600x600.jpg 600w\" sizes=\"(max-width: 750px) 100vw, 750px\" \/><\/a> <a href=\"https:\/\/maybommini.com\/wp-content\/uploads\/2019\/08\/Voi-bom-dau.jpg\" target=\"_blank\" rel=\"noopener\"><img decoding=\"async\" class=\"size-full wp-image-263165 aligncenter\" src=\"https:\/\/maybommini.com\/wp-content\/uploads\/2019\/08\/Voi-bom-dau.jpg\" alt=\"Voi Bom Dau\" width=\"750\" height=\"750\" srcset=\"https:\/\/maybommini.vn\/wp-content\/uploads\/2019\/08\/Voi-bom-dau.jpg 750w, https:\/\/maybommini.vn\/wp-content\/uploads\/2019\/08\/Voi-bom-dau-300x300.jpg 300w, https:\/\/maybommini.vn\/wp-content\/uploads\/2019\/08\/Voi-bom-dau-150x150.jpg 150w, https:\/\/maybommini.vn\/wp-content\/uploads\/2019\/08\/Voi-bom-dau-600x600.jpg 600w\" sizes=\"(max-width: 750px) 100vw, 750px\" \/><\/a> <a href=\"https:\/\/maybommini.com\/wp-content\/uploads\/2019\/08\/VOI-BOM-XANG-DAU.jpg\" target=\"_blank\" rel=\"noopener\"><img decoding=\"async\" class=\"size-full wp-image-263168 aligncenter\" src=\"https:\/\/maybommini.com\/wp-content\/uploads\/2019\/08\/VOI-BOM-XANG-DAU.jpg\" alt=\"VOI BOM XANG DAU\" width=\"750\" height=\"750\" srcset=\"https:\/\/maybommini.vn\/wp-content\/uploads\/2019\/08\/VOI-BOM-XANG-DAU.jpg 750w, https:\/\/maybommini.vn\/wp-content\/uploads\/2019\/08\/VOI-BOM-XANG-DAU-300x300.jpg 300w, https:\/\/maybommini.vn\/wp-content\/uploads\/2019\/08\/VOI-BOM-XANG-DAU-150x150.jpg 150w, https:\/\/maybommini.vn\/wp-content\/uploads\/2019\/08\/VOI-BOM-XANG-DAU-600x600.jpg 600w\" sizes=\"(max-width: 750px) 100vw, 750px\" \/><\/a> <a href=\"https:\/\/maybommini.com\/wp-content\/uploads\/2019\/08\/Ren-noi-ong-voi-bom-xang-dau.jpg\" target=\"_blank\" rel=\"noopener\"><img decoding=\"async\" class=\"size-full wp-image-263163 aligncenter\" src=\"https:\/\/maybommini.com\/wp-content\/uploads\/2019\/08\/Ren-noi-ong-voi-bom-xang-dau.jpg\" alt=\"Ren Noi Ong Voi Bom Xang Dau\" width=\"750\" height=\"750\" srcset=\"https:\/\/maybommini.vn\/wp-content\/uploads\/2019\/08\/Ren-noi-ong-voi-bom-xang-dau.jpg 750w, https:\/\/maybommini.vn\/wp-content\/uploads\/2019\/08\/Ren-noi-ong-voi-bom-xang-dau-300x300.jpg 300w, https:\/\/maybommini.vn\/wp-content\/uploads\/2019\/08\/Ren-noi-ong-voi-bom-xang-dau-150x150.jpg 150w, https:\/\/maybommini.vn\/wp-content\/uploads\/2019\/08\/Ren-noi-ong-voi-bom-xang-dau-600x600.jpg 600w\" sizes=\"(max-width: 750px) 100vw, 750px\" \/><\/a><strong>S\u1eec D\u1ee4NG V\u00d2I B\u01a0M X\u0102NG D\u1ea6U<\/strong><br \/>\nD\u00f9ng cho c\u00e1c tr\u1ea1m x\u0103ng d\u1ea7u.<br \/>\nS\u1eed d\u1ee5ng b\u01a1m x\u0103ng nhi\u1ec7n li\u1ec7u.<br \/>\nV\u00f2i b\u01a1m d\u1ea7u\u00a0Diesel.<br \/>\nS\u00fang b\u01a1m d\u1ea7u h\u1ecfa.<br \/>\nV\u00f2i b\u01a1m n\u01b0\u1edbc v\u00e0 ch\u1ea5t l\u1ecfng dung d\u1ecbch.<br \/>\nV\u00f2i ti\u1ebfp nhi\u00ean li\u1ec7u \u00d4t\u00f4, xe m\u00e1y, t\u00e0u thuy\u1ec1n v\u00e0 c\u00e1c ph\u01b0\u01a1ng ti\u1ec7n kh\u00e1c.<br \/>\nS\u1eed d\u1ee5ng cho c\u00e1c lo\u1ea1i m\u00e1y b\u01a1m nhi\u00ean li\u1ec7u 12V 24V 220V.<br \/>\nS\u1eed d\u1ee5ng cho c\u00e1c tr\u1ea1m b\u01a1m di \u0111\u1ed9ng.<br \/>\nV\u00f2i b\u01a1m x\u0103ng d\u1ea7u t\u1ef1 \u0111\u1ed9ng.<br \/>\n\u0110\u1ea7u b\u01a1m nhi\u00ean li\u1ec7u cho xe c\u1ee9u h\u1ed9.<br \/>\nV\u00e0 s\u1eed d\u1ee5ng cho nhi\u1ec1u m\u1ee5c \u0111\u00edch kh\u00e1c nhau.<\/p>\n<p><a href=\"https:\/\/maybommini.com\/wp-content\/uploads\/2019\/08\/voi-bom-tram-xang-dau.jpg\" target=\"_blank\" rel=\"noopener\"><img decoding=\"async\" class=\"size-full wp-image-263166 aligncenter\" src=\"https:\/\/maybommini.com\/wp-content\/uploads\/2019\/08\/voi-bom-tram-xang-dau.jpg\" alt=\"Voi Bom Tram Xang Dau\" width=\"750\" height=\"750\" srcset=\"https:\/\/maybommini.vn\/wp-content\/uploads\/2019\/08\/voi-bom-tram-xang-dau.jpg 750w, https:\/\/maybommini.vn\/wp-content\/uploads\/2019\/08\/voi-bom-tram-xang-dau-300x300.jpg 300w, https:\/\/maybommini.vn\/wp-content\/uploads\/2019\/08\/voi-bom-tram-xang-dau-150x150.jpg 150w, https:\/\/maybommini.vn\/wp-content\/uploads\/2019\/08\/voi-bom-tram-xang-dau-600x600.jpg 600w\" sizes=\"(max-width: 750px) 100vw, 750px\" \/><\/a> <a href=\"https:\/\/maybommini.com\/wp-content\/uploads\/2019\/08\/Su-dung-voi-bom-xang-dau.jpg\" target=\"_blank\" rel=\"noopener\"><img decoding=\"async\" class=\"size-full wp-image-263164 aligncenter\" src=\"https:\/\/maybommini.com\/wp-content\/uploads\/2019\/08\/Su-dung-voi-bom-xang-dau.jpg\" alt=\"Su Dung Voi Bom Xang Dau\" width=\"750\" height=\"750\" srcset=\"https:\/\/maybommini.vn\/wp-content\/uploads\/2019\/08\/Su-dung-voi-bom-xang-dau.jpg 750w, https:\/\/maybommini.vn\/wp-content\/uploads\/2019\/08\/Su-dung-voi-bom-xang-dau-300x300.jpg 300w, https:\/\/maybommini.vn\/wp-content\/uploads\/2019\/08\/Su-dung-voi-bom-xang-dau-150x150.jpg 150w, https:\/\/maybommini.vn\/wp-content\/uploads\/2019\/08\/Su-dung-voi-bom-xang-dau-600x600.jpg 600w\" sizes=\"(max-width: 750px) 100vw, 750px\" \/><\/a> <a href=\"https:\/\/maybommini.com\/wp-content\/uploads\/2019\/08\/Indicator-Nozzle-Fuel-Petrol-Diesel-Oil-Water.jpg\" target=\"_blank\" rel=\"noopener\"><img decoding=\"async\" class=\"size-full wp-image-263161 aligncenter\" src=\"https:\/\/maybommini.com\/wp-content\/uploads\/2019\/08\/Indicator-Nozzle-Fuel-Petrol-Diesel-Oil-Water.jpg\" alt=\"Indicator Nozzle Fuel Petrol Diesel Oil Water\" width=\"750\" height=\"750\" srcset=\"https:\/\/maybommini.vn\/wp-content\/uploads\/2019\/08\/Indicator-Nozzle-Fuel-Petrol-Diesel-Oil-Water.jpg 750w, https:\/\/maybommini.vn\/wp-content\/uploads\/2019\/08\/Indicator-Nozzle-Fuel-Petrol-Diesel-Oil-Water-300x300.jpg 300w, https:\/\/maybommini.vn\/wp-content\/uploads\/2019\/08\/Indicator-Nozzle-Fuel-Petrol-Diesel-Oil-Water-150x150.jpg 150w, https:\/\/maybommini.vn\/wp-content\/uploads\/2019\/08\/Indicator-Nozzle-Fuel-Petrol-Diesel-Oil-Water-600x600.jpg 600w\" sizes=\"(max-width: 750px) 100vw, 750px\" \/><\/a><\/p>\n<p><strong>MUA V\u00d2I B\u01a0M X\u0102NG D\u1ea6U V\u00c0 M\u00c1Y B\u01a0M NHI\u00caN LI\u1ec6U \u1ede \u0110\u00c2U ?<\/strong><br \/>\nMaybommini.com chuy\u00ean cung c\u1ea5p c\u00e1c thi\u1ec7t b\u1ecb b\u01a1m nhi\u00ean li\u1ec7u x\u0103ng d\u1ea7u nh\u1edbt nh\u01b0 m\u00e1y b\u01a1m x\u0103ng, m\u00e1y b\u01a1m d\u1ea7u, m\u00e1y b\u01a1m nh\u1edbt, \u0111\u1ed3ng h\u1ed3 l\u01b0u l\u01b0\u1ee3ng k\u1ebf, \u1ed1ng d\u00e2y b\u01a1m x\u0103ng d\u1ea7u v\u00e0 v\u00f2i b\u01a1m x\u0103ng d\u1ea7u. V\u1edbi uy t\u00edn l\u1ea5u n\u0103m chuy\u00ean cung c\u1ea5p v\u00e0 ph\u00e2n ph\u1ed1i s\u1ea3n ph\u1ea9m ch\u1ea5t l\u01b0\u1ee3ng b\u1ea3o h\u00e0nh l\u00e2u d\u00e0i cho kh\u00e1ch h\u00e0ng trong v\u00e0 ngo\u00e0i n\u01b0\u1edbc.<br \/>\n<strong>Tel \/ Zalo:<\/strong>\u00a0<a href=\"tel:0907294310\">0907294310<\/a>\u00a0\u2013\u00a0<a href=\"tel:0908997823\">0908997823<\/a>\u00a0\u2013\u00a0<a href=\"tel:0908997872\">0908997872<\/a><br \/>\n<strong>Trung t\u00e2m b\u1ea3o h\u00e0nh:<\/strong>\u00a002873030399 \u2013 02873031399<br \/>\n<strong>Email:<\/strong>\u00a0maybommini.com@gmail.com<br \/>\n<strong>Website:<\/strong>\u00a0<a href=\"https:\/\/maybommini.com\/\" target=\"_blank\" rel=\"noopener noreferrer\">https:\/\/maybommini.com<\/a><\/p>\n<h3 style=\"text-align: center;\"><em><strong>V\u00f2i b\u01a1m x\u0103ng d\u1ea7u nh\u1edbt CD-11A<br \/>\nPistol Fuel Dispenser Automatic Shut-Off Fuel Nozzle Petrol<br \/>\nFuel Pump Dispenser<br \/>\n<\/strong><\/em><\/h3>\n","protected":false},"excerpt":{"rendered":"<p>Model: CD-11A<br \/>\nCh\u1ea5t li\u1ec7u: H\u1ee3p kim nh\u00f4m, th\u00e9p v\u00e0 nh\u1ef1a.<br \/>\nRen n\u1ed1i: 25mm &#8211; 3\/4 in.<br \/>\n\u0110\u01b0\u1eddng k\u00ednh v\u00f2i: 25 mm<br \/>\nL\u01b0u l\u01b0\u1ee3ng d\u00f2ng ch\u1ea3y: 0 &#8211; 80 L\/p.<br \/>\n\u00c1p l\u1ef1c: 0.18 Mpa &#8211; 26 Psi.<br \/>\nVan kh\u00f3a t\u1ef1 \u0111\u1ed9ng.<br \/>\nK\u00edch th\u01b0\u1edbc: 450 x 130 x 24 mm.<br \/>\nTr\u1ecdng l\u01b0\u1ee3ng: 1.25 Kg.<br \/>\nB\u1ea3o h\u00e0ng: 6 th\u00e1ng<br \/>\nPh\u00e2n ph\u1ed1i: Maybommini.com<br \/>\nS\u1ea3n ph\u1ea9m cao c\u1ea5p.<br \/>\nKh\u1eb3ng \u0111\u1ecbnh \u0111\u1ed9 an to\u00e0n ch\u1ea5t l\u01b0\u1ee3ng.<br \/>\n<strong>H\u00f4\u0309 tr\u01a1\u0323 ky\u0303 thu\u00e2\u0323t vi\u0303nh vi\u00ea\u0303n.<\/strong><\/p>\n","protected":false},"featured_media":263169,"comment_status":"open","ping_status":"closed","template":"","meta":[],"product_brand":[2227],"product_cat":[3008,383],"product_tag":[3004,3005,3007,3006,2998,3000,2999,3002,3001,2997,3003],"class_list":{"0":"post-263160","1":"product","2":"type-product","3":"status-publish","4":"has-post-thumbnail","6":"product_brand-mtm","7":"product_cat-phu-kien-bom-dau-nhot","8":"product_cat-may-bom-xang-dau-nhot","9":"product_tag-cd-11a","10":"product_tag-fuel-nozzle-petrol","11":"product_tag-fuel-pump-dispenser","12":"product_tag-pistol-fuel-dispenser","13":"product_tag-sung-bom-xang","14":"product_tag-tram-bom","15":"product_tag-voi-bom","16":"product_tag-voi-bom-dau","17":"product_tag-voi-bom-xang","18":"product_tag-voi-bom-xang-dau","19":"product_tag-xang-dau-nhot","21":"first","22":"instock","23":"sale","24":"shipping-taxable","25":"purchasable","26":"product-type-simple"},"_links":{"self":[{"href":"https:\/\/maybommini.vn\/index.php?rest_route=\/wp\/v2\/product\/263160","targetHints":{"allow":["GET"]}}],"collection":[{"href":"https:\/\/maybommini.vn\/index.php?rest_route=\/wp\/v2\/product"}],"about":[{"href":"https:\/\/maybommini.vn\/index.php?rest_route=\/wp\/v2\/types\/product"}],"replies":[{"embeddable":true,"href":"https:\/\/maybommini.vn\/index.php?rest_route=%2Fwp%2Fv2%2Fcomments&post=263160"}],"wp:featuredmedia":[{"embeddable":true,"href":"https:\/\/maybommini.vn\/index.php?rest_route=\/wp\/v2\/media\/263169"}],"wp:attachment":[{"href":"https:\/\/maybommini.vn\/index.php?rest_route=%2Fwp%2Fv2%2Fmedia&parent=263160"}],"wp:term":[{"taxonomy":"product_brand","embeddable":true,"href":"https:\/\/maybommini.vn\/index.php?rest_route=%2Fwp%2Fv2%2Fproduct_brand&post=263160"},{"taxonomy":"product_cat","embeddable":true,"href":"https:\/\/maybommini.vn\/index.php?rest_route=%2Fwp%2Fv2%2Fproduct_cat&post=263160"},{"taxonomy":"product_tag","embeddable":true,"href":"https:\/\/maybommini.vn\/index.php?rest_route=%2Fwp%2Fv2%2Fproduct_tag&post=263160"}],"curies":[{"name":"wp","href":"https:\/\/api.w.org\/{rel}","templated":true}]}}