{"id":263329,"date":"2019-09-02T16:48:31","date_gmt":"2019-09-02T09:48:31","guid":{"rendered":"https:\/\/maybommini.com\/?post_type=product&#038;p=263329"},"modified":"2022-01-20T12:53:57","modified_gmt":"2022-01-20T05:53:57","slug":"may-bom-nuoc-mini-khong-choi-than-12v-650l-maxpumps","status":"publish","type":"product","link":"https:\/\/maybommini.vn\/?product=may-bom-nuoc-mini-khong-choi-than-12v-650l-maxpumps","title":{"rendered":"M\u00e1y b\u01a1m n\u01b0\u1edbc mini kh\u00f4ng ch\u1ed3i than 12V 6.5L MAXPUMPS"},"content":{"rendered":"<p><strong>M\u00e1y b\u01a1m n\u01b0\u1edbc mini kh\u00f4ng ch\u1ed3i than 12V 6.5L MAXPUMPS s\u1eed d\u1ee5ng b\u01a1m n\u01b0\u1edbc n\u00f3ng l\u1ea1nh, b\u01a1m th\u1ef1c ph\u1ea9m, b\u01a1m tu\u1ea7n ho\u00e0n n\u01b0\u1edbc t\u1ea3n nhi\u1ec7t, b\u01a1m c\u1ea5p n\u01b0\u1edbc, m\u00e1y b\u01a1m n\u0103ng l\u01b0\u1ee3ng m\u1eb7t tr\u1eddi v\u00e0 nhi\u1ec1u \u1ee9ng d\u1ee5ng kh\u00e1c.<\/strong><\/p>\n<p><a href=\"https:\/\/maybommini.com\/wp-content\/uploads\/2019\/09\/may-bom-nuoc-mini-khong-choi-than-12V-10W-Maxpumps.jpg\" target=\"_blank\" rel=\"noopener\"><img decoding=\"async\" class=\"size-full wp-image-263333 aligncenter\" src=\"https:\/\/maybommini.com\/wp-content\/uploads\/2019\/09\/may-bom-nuoc-mini-khong-choi-than-12V-10W-Maxpumps.jpg\" alt=\"May Bom Nuoc Mini Khong Choi Than 12V 10W Maxpumps\" width=\"750\" height=\"750\" srcset=\"https:\/\/maybommini.vn\/wp-content\/uploads\/2019\/09\/may-bom-nuoc-mini-khong-choi-than-12V-10W-Maxpumps.jpg 750w, https:\/\/maybommini.vn\/wp-content\/uploads\/2019\/09\/may-bom-nuoc-mini-khong-choi-than-12V-10W-Maxpumps-300x300.jpg 300w, https:\/\/maybommini.vn\/wp-content\/uploads\/2019\/09\/may-bom-nuoc-mini-khong-choi-than-12V-10W-Maxpumps-150x150.jpg 150w, https:\/\/maybommini.vn\/wp-content\/uploads\/2019\/09\/may-bom-nuoc-mini-khong-choi-than-12V-10W-Maxpumps-600x600.jpg 600w\" sizes=\"(max-width: 750px) 100vw, 750px\" \/><\/a><\/p>\n<p><strong>TH\u00d4NG S\u1ed0 K\u1ef8 THU\u1eacT<br \/>\n<\/strong>Th\u01b0\u01a1ng hi\u1ec7u: MAXPUMPS<strong><br \/>\n<\/strong>Model: BL-12V-65<br \/>\n\u0110i\u1ec7n th\u1ebf: 12V\u00a0 DC<br \/>\nC\u00f4ng su\u1ea5t: 10 W<br \/>\nL\u01b0u l\u01b0\u1ee3ng: 6.5 L\/p<br \/>\nB\u01a1m cao: 3.0 M\u00e9t<br \/>\n\u0110\u1ea7u \u1ed1ng v\u00e0o: 9.7 mm<br \/>\n\u0110\u1ea7u \u1ed1ng ra: 13.5 mm<br \/>\nNhi\u1ec7t\u00a0\u0111\u1ed9 n\u01b0\u1edbc t\u1ed1i\u00a0\u0111a: 80 \u0110\u1ed9 C<br \/>\nCh\u1ea5t li\u1ec7u: Nh\u1ef1a ch\u1ecbu nhi\u1ec7t &#8211;\u00a0\u0110\u1ed3ng<br \/>\nLo\u1ea1i m\u00e1y b\u01a1m c\u00e1nh qu\u1ea1t.<br \/>\nMotor d\u00f9ng c\u00f4ng ngh\u1ec7 \u0111i\u1ec7n t\u1eeb.<br \/>\nMotor kh\u00f4ng ch\u1ed5i than.<br \/>\nK\u00edch th\u01b0\u1edbc: 92 x 63 x 63 mm.<br \/>\nTr\u1ecdng l\u01b0\u1ee3ng: 200 gam<\/p>\n<p><a href=\"https:\/\/maybommini.com\/wp-content\/uploads\/2019\/09\/may-bom-thuc-pham-12v-650l.jpg\" target=\"_blank\" rel=\"noopener\"><img decoding=\"async\" class=\"size-full wp-image-263334 aligncenter\" src=\"https:\/\/maybommini.com\/wp-content\/uploads\/2019\/09\/may-bom-thuc-pham-12v-650l.jpg\" alt=\"May Bom Thuc Pham 12v 650l\" width=\"750\" height=\"750\" srcset=\"https:\/\/maybommini.vn\/wp-content\/uploads\/2019\/09\/may-bom-thuc-pham-12v-650l.jpg 750w, https:\/\/maybommini.vn\/wp-content\/uploads\/2019\/09\/may-bom-thuc-pham-12v-650l-300x300.jpg 300w, https:\/\/maybommini.vn\/wp-content\/uploads\/2019\/09\/may-bom-thuc-pham-12v-650l-150x150.jpg 150w, https:\/\/maybommini.vn\/wp-content\/uploads\/2019\/09\/may-bom-thuc-pham-12v-650l-600x600.jpg 600w\" sizes=\"(max-width: 750px) 100vw, 750px\" \/><\/a> <a href=\"https:\/\/maybommini.com\/wp-content\/uploads\/2019\/09\/may-bom-mini-12v.jpg\" target=\"_blank\" rel=\"noopener\"><img decoding=\"async\" class=\"size-full wp-image-263332 aligncenter\" src=\"https:\/\/maybommini.com\/wp-content\/uploads\/2019\/09\/may-bom-mini-12v.jpg\" alt=\"May Bom Mini 12v\" width=\"750\" height=\"750\" srcset=\"https:\/\/maybommini.vn\/wp-content\/uploads\/2019\/09\/may-bom-mini-12v.jpg 750w, https:\/\/maybommini.vn\/wp-content\/uploads\/2019\/09\/may-bom-mini-12v-300x300.jpg 300w, https:\/\/maybommini.vn\/wp-content\/uploads\/2019\/09\/may-bom-mini-12v-150x150.jpg 150w, https:\/\/maybommini.vn\/wp-content\/uploads\/2019\/09\/may-bom-mini-12v-600x600.jpg 600w\" sizes=\"(max-width: 750px) 100vw, 750px\" \/><\/a> <a href=\"https:\/\/maybommini.com\/wp-content\/uploads\/2019\/09\/bom-nuoc-mini-maxpumps-12v-10w.jpg\" target=\"_blank\" rel=\"noopener\"><img decoding=\"async\" class=\"size-full wp-image-263331 aligncenter\" src=\"https:\/\/maybommini.com\/wp-content\/uploads\/2019\/09\/bom-nuoc-mini-maxpumps-12v-10w.jpg\" alt=\"Bom Nuoc Mini Maxpumps 12v 10w\" width=\"750\" height=\"750\" srcset=\"https:\/\/maybommini.vn\/wp-content\/uploads\/2019\/09\/bom-nuoc-mini-maxpumps-12v-10w.jpg 750w, https:\/\/maybommini.vn\/wp-content\/uploads\/2019\/09\/bom-nuoc-mini-maxpumps-12v-10w-300x300.jpg 300w, https:\/\/maybommini.vn\/wp-content\/uploads\/2019\/09\/bom-nuoc-mini-maxpumps-12v-10w-150x150.jpg 150w, https:\/\/maybommini.vn\/wp-content\/uploads\/2019\/09\/bom-nuoc-mini-maxpumps-12v-10w-600x600.jpg 600w\" sizes=\"(max-width: 750px) 100vw, 750px\" \/><\/a> <a href=\"https:\/\/maybommini.com\/wp-content\/uploads\/2019\/09\/bom-nuoc-chat-long-12v-650l-gia-re.jpg\" target=\"_blank\" rel=\"noopener\"><img decoding=\"async\" class=\"size-full wp-image-263330 aligncenter\" src=\"https:\/\/maybommini.com\/wp-content\/uploads\/2019\/09\/bom-nuoc-chat-long-12v-650l-gia-re.jpg\" alt=\"Bom Nuoc Chat Long 12v 650l Gia Re\" width=\"750\" height=\"750\" srcset=\"https:\/\/maybommini.vn\/wp-content\/uploads\/2019\/09\/bom-nuoc-chat-long-12v-650l-gia-re.jpg 750w, https:\/\/maybommini.vn\/wp-content\/uploads\/2019\/09\/bom-nuoc-chat-long-12v-650l-gia-re-300x300.jpg 300w, https:\/\/maybommini.vn\/wp-content\/uploads\/2019\/09\/bom-nuoc-chat-long-12v-650l-gia-re-150x150.jpg 150w, https:\/\/maybommini.vn\/wp-content\/uploads\/2019\/09\/bom-nuoc-chat-long-12v-650l-gia-re-600x600.jpg 600w\" sizes=\"(max-width: 750px) 100vw, 750px\" \/><\/a><\/p>\n<p><strong>\u1ee8NG D\u1ee4NG M\u00c1Y B\u01a0M N\u01af\u1edaC MINI<\/strong><br \/>\n&#8211; D\u00f9ng b\u01a1m tu\u1ea7n ho\u00e0n t\u1ea3n nhi\u1ec7t.<br \/>\n&#8211; D\u00f9ng b\u01a1m n\u01b0\u1edbc tu\u1ea7n ho\u00e0n t\u1ea3n nhi\u1ec7t h\u1ec7 th\u1ed1ng.<br \/>\n&#8211; D\u00f9ng b\u01a1m n\u01b0\u1edbc tu\u1ea7n ho\u00e0n t\u1ea3n nhi\u1ec7t m\u00e1y t\u00ednh.<br \/>\n&#8211; D\u00f9ng b\u01a1m n\u01b0\u1edbc ch\u1ea5t l\u1ecfng.<br \/>\n&#8211; D\u00f9ng b\u01a1m th\u1ef1c ph\u1ea9m.<br \/>\n&#8211; B\u01a1m h\u00f3a ch\u1ea5t kh\u00f4ng \u0103n m\u00f2n.<br \/>\n&#8211; B\u01a1m n\u01b0\u1edbc m\u00e1y c\u1eaft, m\u00e1y khoan, m\u00e1y CNC.<\/p>\n<p>&nbsp;<\/p>\n<p><a href=\"https:\/\/maybommini.com\/wp-content\/uploads\/2019\/09\/su-dung-may-bom-mini-khong-choi-than-12v.jpg\" target=\"_blank\" rel=\"noopener\"><img decoding=\"async\" class=\"size-full wp-image-263335 aligncenter\" src=\"https:\/\/maybommini.com\/wp-content\/uploads\/2019\/09\/su-dung-may-bom-mini-khong-choi-than-12v.jpg\" alt=\"Su Dung May Bom Mini Khong Choi Than 12v\" width=\"750\" height=\"750\" srcset=\"https:\/\/maybommini.vn\/wp-content\/uploads\/2019\/09\/su-dung-may-bom-mini-khong-choi-than-12v.jpg 750w, https:\/\/maybommini.vn\/wp-content\/uploads\/2019\/09\/su-dung-may-bom-mini-khong-choi-than-12v-300x300.jpg 300w, https:\/\/maybommini.vn\/wp-content\/uploads\/2019\/09\/su-dung-may-bom-mini-khong-choi-than-12v-150x150.jpg 150w, https:\/\/maybommini.vn\/wp-content\/uploads\/2019\/09\/su-dung-may-bom-mini-khong-choi-than-12v-600x600.jpg 600w\" sizes=\"(max-width: 750px) 100vw, 750px\" \/><\/a><\/p>\n<p><strong>MUA M\u00c1Y B\u01a0M N\u01af\u1edaC N\u00d3NG\u00a0\u1ede\u00a0\u0110\u00c2U ?<br \/>\n<\/strong>Ch\u00fang t\u00f4i l\u00e0 cung c\u1ea5p m\u00e1y b\u01a1m n\u01b0\u1edbc n\u00f3ng h\u00e0ng\u00a0\u0111\u1ea7u t\u1ea1i Vi\u1ec7t Nam v\u1ec1 m\u00e1y b\u01a1m mini, m\u00e1y b\u01a1m n\u01b0\u1edbc n\u00f3ng v\u00e0 c\u00e1c lo\u1ea1i m\u00e1y b\u01a1m kh\u00e1c. V\u1edbi s\u1ea3n ph\u1ea9m ch\u00ednh h\u00e3ng v\u00e0 b\u1ea3o h\u00e0ng tr\u00ean to\u00e0n qu\u1ed1c, ch\u00fang t\u00f4i lu\u00f4n c\u00e1 gi\u00e1 t\u1ed1t cho kh\u00e1ch h\u00e0ng.<br \/>\n<a href=\"https:\/\/maybommini.com\/\" target=\"_blank\" rel=\"noopener noreferrer\"><strong>MBM M\u00e1y B\u01a1m Mini<\/strong><\/a>\u00a0chuy\u00ean b\u00e1n c\u00e1c lo\u1ea1i m\u00e1y b\u01a1m\u00a0\u00e1p l\u1ef1c mini,\u00a0<a href=\"https:\/\/maybommini.com\/danh-muc\/he-thong-phun-suong\" target=\"_blank\" rel=\"noopener noreferrer\">m\u00e1y phun s\u01b0\u01a1ng<\/a>,\u00a0<a href=\"https:\/\/maybommini.com\/danh-muc\/may-bom-chim\" target=\"_blank\" rel=\"noopener noreferrer\">m\u00e1y b\u01a1m ch\u00ecm<\/a>,\u00a0<a href=\"https:\/\/maybommini.com\/danh-muc\/may-bom-hoa-chat\" target=\"_blank\" rel=\"noopener noreferrer\">m\u00e1y b\u01a1m ho\u00e1 ch\u1ea5t<\/a>, m\u00e1y b\u01a1m RO, m\u00e1y b\u01a1m m\u00e0ng, m\u00e1y b\u01a1m\u00a0\u00e1p l\u1ef1c cao v\u00e0 thi\u1ebft b\u1ecb\u00a0\u0111i\u1ec7n t\u1eed \u2026<br \/>\nM\u1ecdi chi ti\u1ebft vui l\u00f2ng li\u00ean h\u1ec7 tr\u1ef1c ti\u1ebfp cho ch\u00fang t\u00f4i \u0111\u1ec3 \u0111\u01b0\u1ee3c t\u01b0 v\u1ea5n theo nhu c\u1ea7u \u0111\u1ec3 c\u00f3 \u0111\u01b0\u1ee3c b\u1ed9 s\u1ea3n ph\u1ea9m t\u1ed1t nh\u1ea5t v\u00e0 ti\u1ebft ki\u1ec7m.<br \/>\nB\u1ea1n \u1edf xa v\u1eabn c\u00f3 th\u1ec3 mua h\u00e0ng v\u00e0 giao to\u00e0n qu\u1ed1c.<br \/>\n<strong>Website<\/strong>:\u00a0<a href=\"https:\/\/maybommini.com\" target=\"_blank\" rel=\"noopener noreferrer\">https:\/\/maybommini.com<\/a><br \/>\n<strong>Email:<\/strong> maybommini.com@gmail.com<br \/>\n<strong>Tel Zalo:<\/strong>\u00a002873030399 &#8211; 0907294310<\/p>\n<h3 style=\"text-align: center;\">M\u00e1y b\u01a1m n\u01b0\u1edbc mini kh\u00f4ng ch\u1ed3i than 12V 6.5L MAXPUMPS<\/h3>\n","protected":false},"excerpt":{"rendered":"<p>Th\u01b0\u01a1ng hi\u1ec7u: MAXPUMPS<strong><br \/>\n<\/strong>Model: BL-12V-65<br \/>\n\u0110i\u1ec7n th\u1ebf: 12V\u00a0 DC<br \/>\nC\u00f4ng su\u1ea5t: 10 W<br \/>\nL\u01b0u l\u01b0\u1ee3ng: 6.5 L\/p<br \/>\nB\u01a1m cao: 3.0 M\u00e9t<br \/>\n\u0110\u1ea7u \u1ed1ng v\u00e0o: 9.7 mm<br \/>\n\u0110\u1ea7u \u1ed1ng ra: 13.5 mm<br \/>\nNhi\u1ec7t\u00a0\u0111\u1ed9 n\u01b0\u1edbc t\u1ed1i\u00a0\u0111a: 80 \u0110\u1ed9 C<br \/>\nCh\u1ea5t li\u1ec7u: Nh\u1ef1a ch\u1ecbu nhi\u1ec7t &#8211;\u00a0\u0110\u1ed3ng<br \/>\nLo\u1ea1i m\u00e1y b\u01a1m c\u00e1nh qu\u1ea1t.<br \/>\nMotor d\u00f9ng c\u00f4ng ngh\u1ec7 \u0111i\u1ec7n t\u1eeb.<br \/>\nMotor kh\u00f4ng ch\u1ed5i than.<br \/>\nK\u00edch th\u01b0\u1edbc: 92 x 63 x 63 mm.<br \/>\nTr\u1ecdng l\u01b0\u1ee3ng: 200 gam<br \/>\nB\u1ea3o h\u00e0nh: 3 th\u00e1ng.<br \/>\n<strong>H\u00f4\u0309 tr\u01a1\u0323 ky\u0303 thu\u00e2\u0323t vi\u0303nh vi\u00ea\u0303n.<\/strong><br \/>\n<strong>Ph\u00e2n ph\u1ed1i: Maybommini.com<\/strong><\/p>\n","protected":false},"featured_media":263333,"comment_status":"open","ping_status":"closed","template":"","meta":[],"product_brand":[],"product_cat":[225,224],"product_tag":[267,3029,2117,235,862,336,2118,2002,1443,231,337,1093,3028,2119],"class_list":{"0":"post-263329","1":"product","2":"type-product","3":"status-publish","4":"has-post-thumbnail","6":"product_cat-may-bom-nuoc-mini-12v","7":"product_cat-may-bom-nuoc","8":"product_tag-12v","9":"product_tag-bl-12v-65","10":"product_tag-bom-mini-nuoc-nong","11":"product_tag-bom-nuoc-mini","12":"product_tag-bom-nuoc-nong","13":"product_tag-bom-tro-luc","14":"product_tag-bom-tro-luc-voi-sen","15":"product_tag-maxpumps","16":"product_tag-may-bom-may-nong-lanh","17":"product_tag-may-bom-mini","18":"product_tag-may-bom-nuoc-nong","19":"product_tag-may-bom-tuan-hoan","20":"product_tag-solar-pump","21":"product_tag-tro-luc-may-nong-lanh","23":"first","24":"instock","25":"sale","26":"shipping-taxable","27":"purchasable","28":"product-type-simple"},"_links":{"self":[{"href":"https:\/\/maybommini.vn\/index.php?rest_route=\/wp\/v2\/product\/263329","targetHints":{"allow":["GET"]}}],"collection":[{"href":"https:\/\/maybommini.vn\/index.php?rest_route=\/wp\/v2\/product"}],"about":[{"href":"https:\/\/maybommini.vn\/index.php?rest_route=\/wp\/v2\/types\/product"}],"replies":[{"embeddable":true,"href":"https:\/\/maybommini.vn\/index.php?rest_route=%2Fwp%2Fv2%2Fcomments&post=263329"}],"wp:featuredmedia":[{"embeddable":true,"href":"https:\/\/maybommini.vn\/index.php?rest_route=\/wp\/v2\/media\/263333"}],"wp:attachment":[{"href":"https:\/\/maybommini.vn\/index.php?rest_route=%2Fwp%2Fv2%2Fmedia&parent=263329"}],"wp:term":[{"taxonomy":"product_brand","embeddable":true,"href":"https:\/\/maybommini.vn\/index.php?rest_route=%2Fwp%2Fv2%2Fproduct_brand&post=263329"},{"taxonomy":"product_cat","embeddable":true,"href":"https:\/\/maybommini.vn\/index.php?rest_route=%2Fwp%2Fv2%2Fproduct_cat&post=263329"},{"taxonomy":"product_tag","embeddable":true,"href":"https:\/\/maybommini.vn\/index.php?rest_route=%2Fwp%2Fv2%2Fproduct_tag&post=263329"}],"curies":[{"name":"wp","href":"https:\/\/api.w.org\/{rel}","templated":true}]}}