{"id":263687,"date":"2019-10-10T10:59:48","date_gmt":"2019-10-10T03:59:48","guid":{"rendered":"https:\/\/maybommini.com\/?post_type=product&#038;p=263687"},"modified":"2020-05-24T12:37:51","modified_gmt":"2020-05-24T05:37:51","slug":"may-bom-chim-220v-18w-800l-sunsun-hj-931","status":"publish","type":"product","link":"https:\/\/maybommini.vn\/?product=may-bom-chim-220v-18w-800l-sunsun-hj-931","title":{"rendered":"M\u00e1y b\u01a1m ch\u00ecm 220V 18W 800L SUNSUN HJ-931"},"content":{"rendered":"<h3><strong>B\u00e1n m\u00e1y b\u01a1m ch\u00ecm 220V 18W 800L SUNSUN HJ-931 kh\u00f4ng ch\u1ed5i than ch\u1ea5t l\u01b0\u1ee3ng gi\u00e1 t\u1ed1t ti\u1ebft ki\u1ec7m \u0111i\u1ec7n v\u00e0 ch\u1ea1y \u0111\u01b0\u1ee3c li\u00ean t\u1ee5c. \u0110\u00e2y l\u00e0 lo\u1ea1i m\u00e1y b\u01a1m c\u00f3 thi\u1ebft k\u1ebf m\u1edbi \u0111\u01b0\u1ee3c \u0111\u00e1nh gi\u00e1 r\u1ea5t t\u1ed1t t\u1eeb ng\u01b0\u1eddi ti\u1ec1u d\u00f9ng v\u00ec ti\u1ec7n l\u1ee3i ti\u1ebft ki\u1ec7m nh\u1ecf g\u1ecdn.<\/strong><\/h3>\n<p><a href=\"https:\/\/maybommini.com\/wp-content\/uploads\/2019\/10\/May-bom-chim-ho-ca-220V-18W-800L-HJ-931.jpg\" target=\"_blank\" rel=\"noopener\"><img decoding=\"async\" class=\"size-full wp-image-263689 aligncenter\" src=\"https:\/\/maybommini.com\/wp-content\/uploads\/2019\/10\/May-bom-chim-ho-ca-220V-18W-800L-HJ-931.jpg\" alt=\"May Bom Chim Ho Ca 220V 18W 800L HJ 931\" width=\"750\" height=\"750\" srcset=\"https:\/\/maybommini.vn\/wp-content\/uploads\/2019\/10\/May-bom-chim-ho-ca-220V-18W-800L-HJ-931.jpg 750w, https:\/\/maybommini.vn\/wp-content\/uploads\/2019\/10\/May-bom-chim-ho-ca-220V-18W-800L-HJ-931-300x300.jpg 300w, https:\/\/maybommini.vn\/wp-content\/uploads\/2019\/10\/May-bom-chim-ho-ca-220V-18W-800L-HJ-931-150x150.jpg 150w, https:\/\/maybommini.vn\/wp-content\/uploads\/2019\/10\/May-bom-chim-ho-ca-220V-18W-800L-HJ-931-600x600.jpg 600w\" sizes=\"(max-width: 750px) 100vw, 750px\" \/><\/a><\/p>\n<p><strong>TH\u00d4NG S\u1ed0 K\u1ef8 THU\u1eacT<\/strong><br \/>\nTh\u01b0\u01a1ng hi\u1ec7u: SUNSUN<br \/>\nModel: HJ-931<br \/>\n\u0110i\u1ec7n th\u1ebf: 220V &#8211; 240V AC<br \/>\nC\u00f4ng su\u1ea5t: 18W<br \/>\nL\u01b0u l\u01b0\u1ee3ng: 800 L\/H<br \/>\nB\u01a1m cao: 1.3 m\u00e9t<br \/>\nTh\u1ea3 ch\u00ecm s\u00e2u: 1 m\u00e9t<br \/>\n\u0110\u1ea7u \u1ed1ng ra: 12 mm.<br \/>\nM\u00e1y b\u01a1m kh\u00f4ng ch\u1ed5i than.<br \/>\nM\u00e1y b\u01a1m l\u00f5i \u0111\u1ed3ng cao c\u1ea5p.<br \/>\nC\u00f3 van ch\u1ec9nh l\u01b0u l\u01b0\u1ee3ng b\u01a1m.<br \/>\nB\u01a1m li\u00ean t\u1ee5c 24\/24 t\u1ed1t.<br \/>\nChu\u1ea9n kh\u00e1ng n\u01b0\u1edbc IPX8.<br \/>\nTi\u00eau chu\u1ea9n qu\u1ed1c t\u1ebf CE<br \/>\nK\u00edch th\u01b0\u1edbc: 10 x 12 x 8 cm.<br \/>\nTr\u1ecdng l\u01b0\u1ee3ng: 420 gam.<\/p>\n<p><a href=\"https:\/\/maybommini.com\/wp-content\/uploads\/2019\/10\/bom-nuoc-be-ca-ho-ca-trong-nha-gia-re-HJ-931.jpg\" target=\"_blank\" rel=\"noopener\"><img decoding=\"async\" class=\"size-full wp-image-263688 aligncenter\" src=\"https:\/\/maybommini.com\/wp-content\/uploads\/2019\/10\/bom-nuoc-be-ca-ho-ca-trong-nha-gia-re-HJ-931.jpg\" alt=\"Bom Nuoc Be Ca Ho Ca Trong Nha Gia Re HJ 931\" width=\"750\" height=\"750\" srcset=\"https:\/\/maybommini.vn\/wp-content\/uploads\/2019\/10\/bom-nuoc-be-ca-ho-ca-trong-nha-gia-re-HJ-931.jpg 750w, https:\/\/maybommini.vn\/wp-content\/uploads\/2019\/10\/bom-nuoc-be-ca-ho-ca-trong-nha-gia-re-HJ-931-300x300.jpg 300w, https:\/\/maybommini.vn\/wp-content\/uploads\/2019\/10\/bom-nuoc-be-ca-ho-ca-trong-nha-gia-re-HJ-931-150x150.jpg 150w, https:\/\/maybommini.vn\/wp-content\/uploads\/2019\/10\/bom-nuoc-be-ca-ho-ca-trong-nha-gia-re-HJ-931-600x600.jpg 600w\" sizes=\"(max-width: 750px) 100vw, 750px\" \/><\/a> <a href=\"https:\/\/maybommini.com\/wp-content\/uploads\/2019\/10\/may-bom-ho-ca-HJ-931.jpg\" target=\"_blank\" rel=\"noopener\"><img decoding=\"async\" class=\"size-full wp-image-263690 aligncenter\" src=\"https:\/\/maybommini.com\/wp-content\/uploads\/2019\/10\/may-bom-ho-ca-HJ-931.jpg\" alt=\"May Bom Ho Ca HJ 931\" width=\"750\" height=\"750\" srcset=\"https:\/\/maybommini.vn\/wp-content\/uploads\/2019\/10\/may-bom-ho-ca-HJ-931.jpg 750w, https:\/\/maybommini.vn\/wp-content\/uploads\/2019\/10\/may-bom-ho-ca-HJ-931-300x300.jpg 300w, https:\/\/maybommini.vn\/wp-content\/uploads\/2019\/10\/may-bom-ho-ca-HJ-931-150x150.jpg 150w, https:\/\/maybommini.vn\/wp-content\/uploads\/2019\/10\/may-bom-ho-ca-HJ-931-600x600.jpg 600w\" sizes=\"(max-width: 750px) 100vw, 750px\" \/><\/a> <a href=\"https:\/\/maybommini.com\/wp-content\/uploads\/2019\/10\/may-bom-nuoc-ngap-nuoc-thai-Sunsun-HJ-931.jpg\" target=\"_blank\" rel=\"noopener\"><img decoding=\"async\" class=\"size-full wp-image-263691 aligncenter\" src=\"https:\/\/maybommini.com\/wp-content\/uploads\/2019\/10\/may-bom-nuoc-ngap-nuoc-thai-Sunsun-HJ-931.jpg\" alt=\"May Bom Nuoc Ngap Nuoc Thai Sunsun HJ 931\" width=\"750\" height=\"750\" srcset=\"https:\/\/maybommini.vn\/wp-content\/uploads\/2019\/10\/may-bom-nuoc-ngap-nuoc-thai-Sunsun-HJ-931.jpg 750w, https:\/\/maybommini.vn\/wp-content\/uploads\/2019\/10\/may-bom-nuoc-ngap-nuoc-thai-Sunsun-HJ-931-300x300.jpg 300w, https:\/\/maybommini.vn\/wp-content\/uploads\/2019\/10\/may-bom-nuoc-ngap-nuoc-thai-Sunsun-HJ-931-150x150.jpg 150w, https:\/\/maybommini.vn\/wp-content\/uploads\/2019\/10\/may-bom-nuoc-ngap-nuoc-thai-Sunsun-HJ-931-600x600.jpg 600w\" sizes=\"(max-width: 750px) 100vw, 750px\" \/><\/a> <a href=\"https:\/\/maybommini.com\/wp-content\/uploads\/2019\/10\/May-bom-thac-nuoc-hon-non-bo-800L-HJ-931.jpg\" target=\"_blank\" rel=\"noopener\"><img decoding=\"async\" class=\"size-full wp-image-263692 aligncenter\" src=\"https:\/\/maybommini.com\/wp-content\/uploads\/2019\/10\/May-bom-thac-nuoc-hon-non-bo-800L-HJ-931.jpg\" alt=\"May Bom Thac Nuoc Hon Non Bo 800L HJ 931\" width=\"750\" height=\"750\" srcset=\"https:\/\/maybommini.vn\/wp-content\/uploads\/2019\/10\/May-bom-thac-nuoc-hon-non-bo-800L-HJ-931.jpg 750w, https:\/\/maybommini.vn\/wp-content\/uploads\/2019\/10\/May-bom-thac-nuoc-hon-non-bo-800L-HJ-931-300x300.jpg 300w, https:\/\/maybommini.vn\/wp-content\/uploads\/2019\/10\/May-bom-thac-nuoc-hon-non-bo-800L-HJ-931-150x150.jpg 150w, https:\/\/maybommini.vn\/wp-content\/uploads\/2019\/10\/May-bom-thac-nuoc-hon-non-bo-800L-HJ-931-600x600.jpg 600w\" sizes=\"(max-width: 750px) 100vw, 750px\" \/><\/a><\/p>\n<p><a href=\"https:\/\/maybommini.com\/wp-content\/uploads\/2019\/10\/may-bom-khong-choi-than-HJ-861.jpg\" target=\"_blank\" rel=\"noopener\"><img decoding=\"async\" class=\"size-full wp-image-263685 aligncenter\" src=\"https:\/\/maybommini.com\/wp-content\/uploads\/2019\/10\/may-bom-khong-choi-than-HJ-861.jpg\" alt=\"May Bom Khong Choi Than HJ 861\" width=\"750\" height=\"750\" srcset=\"https:\/\/maybommini.vn\/wp-content\/uploads\/2019\/10\/may-bom-khong-choi-than-HJ-861.jpg 750w, https:\/\/maybommini.vn\/wp-content\/uploads\/2019\/10\/may-bom-khong-choi-than-HJ-861-300x300.jpg 300w, https:\/\/maybommini.vn\/wp-content\/uploads\/2019\/10\/may-bom-khong-choi-than-HJ-861-150x150.jpg 150w, https:\/\/maybommini.vn\/wp-content\/uploads\/2019\/10\/may-bom-khong-choi-than-HJ-861-600x600.jpg 600w\" sizes=\"(max-width: 750px) 100vw, 750px\" \/><\/a><\/p>\n<p><strong>H\u01af\u1edaNG D\u1eaaN S\u1eec D\u1ee4NG M\u00c1Y B\u01a0M H\u1ed2 C\u00c1<\/strong><br \/>\nM\u00e1y s\u1eed d\u1ee5ng ngu\u1ed3n \u0111i\u1ec7n d\u00e2n d\u1ee5ng 220V &#8211; 240V AC.<br \/>\nM\u00e1y th\u1ea3 ch\u00ecm ho\u00e0n to\u00e1n trong n\u01b0\u1edbc v\u00e0 tr\u00e1nh b\u01a1m kh\u00f4.<br \/>\nK\u1ebft n\u1ed1i \u0111\u01b0\u1eddng \u1ed1ng \u0111\u1ec3 b\u01a1m n\u01b0\u1edbc l\u00ean cao ho\u1eb7c v\u00e0o b\u1ec3 l\u1ecdc n\u01b0\u1edbc.<br \/>\nC\u00f3 th\u1ec3 ch\u1ea1y li\u00ean t\u1ee5c 24\/24 r\u1ea5t t\u1ed1t.<\/p>\n<p><a href=\"https:\/\/maybommini.com\/wp-content\/uploads\/2019\/10\/Water-pump-220V-Sunsun-HJ-931.jpg\" target=\"_blank\" rel=\"noopener\"><img decoding=\"async\" class=\"size-full wp-image-263693 aligncenter\" src=\"https:\/\/maybommini.com\/wp-content\/uploads\/2019\/10\/Water-pump-220V-Sunsun-HJ-931.jpg\" alt=\"Water Pump 220V Sunsun HJ 931\" width=\"750\" height=\"750\" srcset=\"https:\/\/maybommini.vn\/wp-content\/uploads\/2019\/10\/Water-pump-220V-Sunsun-HJ-931.jpg 750w, https:\/\/maybommini.vn\/wp-content\/uploads\/2019\/10\/Water-pump-220V-Sunsun-HJ-931-300x300.jpg 300w, https:\/\/maybommini.vn\/wp-content\/uploads\/2019\/10\/Water-pump-220V-Sunsun-HJ-931-150x150.jpg 150w, https:\/\/maybommini.vn\/wp-content\/uploads\/2019\/10\/Water-pump-220V-Sunsun-HJ-931-600x600.jpg 600w\" sizes=\"(max-width: 750px) 100vw, 750px\" \/><\/a><\/p>\n<p><strong>S\u1eec D\u1ee4NG M\u00c1Y B\u01a0M N\u01af\u1edaC CH\u00ccM H\u1ed2 C\u00c1<\/strong><br \/>\nS\u1eed d\u1ee5ng b\u01a1m n\u01b0\u1edbc h\u1ed3 c\u00e1 c\u1ea3nh, b\u1ec3 c\u00e1 gia \u0111\u00ecnh trong nh\u00e0 ho\u1eb7c s\u00e2n v\u01b0\u1eddn.<br \/>\nD\u00f9ng cho h\u1ed3 ch\u1ee9a h\u1ea3i s\u1ea3n nh\u00e0 h\u00e0ng qu\u00e1n \u0103n.<br \/>\nB\u01a1m t\u1ea1o d\u00f2ng n\u01b0\u1edbc cho h\u1ed3 th\u1ee7y sinh, h\u00f2n non b\u1ed9 th\u00e1c n\u01b0\u1edbc.<br \/>\nM\u00e1y b\u01a1m h\u1ed3 c\u00e1 n\u01b0\u1edbc ng\u1ecdt v\u00e0 n\u01b0\u1edbc bi\u1ec3n.<br \/>\nB\u01a1m l\u1ecdc n\u01b0\u1edbc h\u1ed3 c\u00e1 trong nh\u00e0 gia \u0111\u00ecnh.<br \/>\nM\u00e1y b\u01a1m h\u1ed3 c\u00e1 c\u1ea3nh, c\u00e1 nu\u00f4i, h\u1ed3 c\u00e1 KOI c\u00e1c lo\u1ea1i.<br \/>\nB\u01a1m n\u01b0\u1edbc th\u1ea3i n\u01b0\u1edbc ng\u1eadp.<br \/>\nM\u00e1y b\u01a1m c\u1ea5p n\u01b0\u1edbc h\u1ed3 b\u1ec3 ch\u1ee9a.<br \/>\nB\u01a1m n\u01b0\u1edbc th\u1ee7y canh.<br \/>\nV\u00e0 s\u1eed d\u1ee5ng cho nhi\u1ec1u \u1ee9ng d\u1ee5ng kh\u00e1c.<\/p>\n<p><a href=\"https:\/\/maybommini.com\/wp-content\/uploads\/2019\/10\/su-dung-may-bom-chim-HJ.jpg\" target=\"_blank\" rel=\"noopener\"><img decoding=\"async\" class=\"size-full wp-image-263680 aligncenter\" src=\"https:\/\/maybommini.com\/wp-content\/uploads\/2019\/10\/su-dung-may-bom-chim-HJ.jpg\" alt=\"Su Dung May Bom Chim HJ\" width=\"750\" height=\"750\" srcset=\"https:\/\/maybommini.vn\/wp-content\/uploads\/2019\/10\/su-dung-may-bom-chim-HJ.jpg 750w, https:\/\/maybommini.vn\/wp-content\/uploads\/2019\/10\/su-dung-may-bom-chim-HJ-300x300.jpg 300w, https:\/\/maybommini.vn\/wp-content\/uploads\/2019\/10\/su-dung-may-bom-chim-HJ-150x150.jpg 150w, https:\/\/maybommini.vn\/wp-content\/uploads\/2019\/10\/su-dung-may-bom-chim-HJ-600x600.jpg 600w\" sizes=\"(max-width: 750px) 100vw, 750px\" \/><\/a> <a href=\"https:\/\/maybommini.com\/wp-content\/uploads\/2019\/10\/may-bom-nuoc-ho-be-ca-trong-nha-cao-cap.jpg\" target=\"_blank\" rel=\"noopener\"><img decoding=\"async\" class=\"size-full wp-image-263678 aligncenter\" src=\"https:\/\/maybommini.com\/wp-content\/uploads\/2019\/10\/may-bom-nuoc-ho-be-ca-trong-nha-cao-cap.jpg\" alt=\"May Bom Nuoc Ho Be Ca Trong Nha Cao Cap\" width=\"750\" height=\"750\" srcset=\"https:\/\/maybommini.vn\/wp-content\/uploads\/2019\/10\/may-bom-nuoc-ho-be-ca-trong-nha-cao-cap.jpg 750w, https:\/\/maybommini.vn\/wp-content\/uploads\/2019\/10\/may-bom-nuoc-ho-be-ca-trong-nha-cao-cap-300x300.jpg 300w, https:\/\/maybommini.vn\/wp-content\/uploads\/2019\/10\/may-bom-nuoc-ho-be-ca-trong-nha-cao-cap-150x150.jpg 150w, https:\/\/maybommini.vn\/wp-content\/uploads\/2019\/10\/may-bom-nuoc-ho-be-ca-trong-nha-cao-cap-600x600.jpg 600w\" sizes=\"(max-width: 750px) 100vw, 750px\" \/><\/a><\/p>\n<p><strong>MUA M\u00c1Y B\u01a0M CH\u00ccM H\u1ed2 C\u00c1 \u1ede \u0110\u00c2U ?<\/strong><br \/>\nCh\u00fang t\u00f4i chuy\u00ean cung c\u1ea5p c\u00e1c lo\u1ea1i m\u00e1y b\u01a1m ch\u00ecm, m\u00e1y b\u01a1m oxy, m\u00e1y t\u1ea1o d\u00f2ng n\u01b0\u1edbc, m\u00e1y b\u01a1m th\u00e1c n\u01b0\u1edbc, m\u00e1y b\u01a1m l\u1ecdc n\u01b0\u1edbc v\u00e0 nhi\u1ec1u lo\u1ea1i m\u00e1y b\u01a1m kh\u00e1c v\u1edbi gi\u00e1 t\u1ed1t, ch\u1ea5t l\u01b0\u1ee3ng v\u00e0 \u0111\u01b0\u1ee3c b\u1ea3o h\u00e0nh ch\u00ednh h\u00e3ng.<br \/>\n<strong>Website:\u00a0<a href=\"https:\/\/maybommini.com\/\" target=\"_blank\" rel=\"noopener\">https:\/\/maybommini.com<\/a><br \/>\n<\/strong><strong>Email: Maybommini.com@gmail.com<\/strong><br \/>\n<strong>T\u01af V\u1ea4N K\u1ef8 THU\u1eacT \u2013 MUA H\u00c0NG<\/strong><br \/>\n<strong>Tel\/Zalo: 0908997823 \u2013 0908997872<\/strong><br \/>\n<strong>Hotline: 0907294310 \u2013 02873030399<\/strong><\/p>\n<h3 style=\"text-align: center;\"><strong>M\u00e1y b\u01a1m ch\u00ecm 220V 18W 800L SUNSUN HJ-931<br \/>\nAquarium Powerhead Pump Water<\/strong><\/h3>\n","protected":false},"excerpt":{"rendered":"<p>Th\u01b0\u01a1ng hi\u1ec7u: SUNSUN<br \/>\nModel: HJ-931<br \/>\n\u0110i\u1ec7n th\u1ebf: 220V &#8211; 240V AC<br \/>\nC\u00f4ng su\u1ea5t: 18W<br \/>\nL\u01b0u l\u01b0\u1ee3ng: 800 L\/H<br \/>\nB\u01a1m cao: 1.3 m\u00e9t<br \/>\nTh\u1ea3 ch\u00ecm s\u00e2u: 1 m\u00e9t<br \/>\n\u0110\u1ea7u \u1ed1ng ra: 12 mm.<br \/>\nM\u00e1y b\u01a1m kh\u00f4ng ch\u1ed5i than.<br \/>\nM\u00e1y b\u01a1m l\u00f5i \u0111\u1ed3ng cao c\u1ea5p.<br \/>\nC\u00f3 van ch\u1ec9nh l\u01b0u l\u01b0\u1ee3ng b\u01a1m.<br \/>\nB\u01a1m li\u00ean t\u1ee5c 24\/24 t\u1ed1t.<br \/>\nChu\u1ea9n kh\u00e1ng n\u01b0\u1edbc IPX8.<br \/>\nTi\u00eau chu\u1ea9n qu\u1ed1c t\u1ebf CE<br \/>\nK\u00edch th\u01b0\u1edbc: 10 x 12 x 8 cm.<br \/>\nTr\u1ecdng l\u01b0\u1ee3ng: 420 gam.<br \/>\nB\u1ea3o h\u00e0nh: 3 th\u00e1ng<br \/>\nPh\u00e2n ph\u1ed1i: Maybommini.com<br \/>\nH\u00f4\u0309 tr\u01a1\u0323 ky\u0303 thu\u00e2\u0323t vi\u0303nh vi\u00ea\u0303n.<\/p>\n","protected":false},"featured_media":263689,"comment_status":"open","ping_status":"closed","template":"","meta":[],"product_brand":[2362],"product_cat":[775,381,613],"product_tag":[3078,705,2690,2339,3085,389,2315,3074,3080,3079,2334],"class_list":{"0":"post-263687","1":"product","2":"type-product","3":"status-publish","4":"has-post-thumbnail","6":"product_brand-sunsun","7":"product_cat-may-bom-chim-220v","8":"product_cat-may-bom-chim","9":"product_cat-may-bom-ho-ca","10":"product_tag-aquarium-powerhead-pump-water","11":"product_tag-bom-chim","12":"product_tag-bom-oxy","13":"product_tag-hj","14":"product_tag-hj-931","15":"product_tag-may-bom-chim","16":"product_tag-may-bom-khong-choi-than","17":"product_tag-may-ho-ca","18":"product_tag-pump-water-filter","19":"product_tag-submersible","20":"product_tag-sunsun","22":"first","23":"instock","24":"sale","25":"shipping-taxable","26":"purchasable","27":"product-type-simple"},"_links":{"self":[{"href":"https:\/\/maybommini.vn\/index.php?rest_route=\/wp\/v2\/product\/263687","targetHints":{"allow":["GET"]}}],"collection":[{"href":"https:\/\/maybommini.vn\/index.php?rest_route=\/wp\/v2\/product"}],"about":[{"href":"https:\/\/maybommini.vn\/index.php?rest_route=\/wp\/v2\/types\/product"}],"replies":[{"embeddable":true,"href":"https:\/\/maybommini.vn\/index.php?rest_route=%2Fwp%2Fv2%2Fcomments&post=263687"}],"wp:featuredmedia":[{"embeddable":true,"href":"https:\/\/maybommini.vn\/index.php?rest_route=\/wp\/v2\/media\/263689"}],"wp:attachment":[{"href":"https:\/\/maybommini.vn\/index.php?rest_route=%2Fwp%2Fv2%2Fmedia&parent=263687"}],"wp:term":[{"taxonomy":"product_brand","embeddable":true,"href":"https:\/\/maybommini.vn\/index.php?rest_route=%2Fwp%2Fv2%2Fproduct_brand&post=263687"},{"taxonomy":"product_cat","embeddable":true,"href":"https:\/\/maybommini.vn\/index.php?rest_route=%2Fwp%2Fv2%2Fproduct_cat&post=263687"},{"taxonomy":"product_tag","embeddable":true,"href":"https:\/\/maybommini.vn\/index.php?rest_route=%2Fwp%2Fv2%2Fproduct_tag&post=263687"}],"curies":[{"name":"wp","href":"https:\/\/api.w.org\/{rel}","templated":true}]}}