{"id":263948,"date":"2019-12-06T21:52:03","date_gmt":"2019-12-06T14:52:03","guid":{"rendered":"https:\/\/maybommini.com\/?post_type=product&#038;p=263948"},"modified":"2020-05-23T13:46:17","modified_gmt":"2020-05-23T06:46:17","slug":"may-bom-nuoc-mini-ap-luc-surgeflo-fl-200-220v","status":"publish","type":"product","link":"https:\/\/maybommini.vn\/?product=may-bom-nuoc-mini-ap-luc-surgeflo-fl-200-220v","title":{"rendered":"M\u00e1y b\u01a1m n\u01b0\u1edbc mini \u00e1p l\u1ef1c SURGEFLO FL-200 220V"},"content":{"rendered":"<h3>Ph\u00e2n ph\u1ed1i m\u00e1y b\u01a1m n\u01b0\u1edbc mini \u00e1p l\u1ef1c SURGEFLO FL-200 220V l\u00e0 d\u00f2ng m\u00e1y b\u01a1m\u00a0\u00e1p l\u1ef1c t\u1ef1 \u0111\u1ed9ng cao c\u1ea5p chuy\u00ean d\u1ee5ng v\u1edbi\u00a0\u00e1p l\u1ef1c v\u00e0 l\u01b0u l\u01b0\u1ee3ng l\u1edbn, r\u1ea5t th\u00edch h\u1ee3p s\u1eed d\u1ee5ng trong c\u00e1c h\u1ec7 th\u1ed1ng m\u00e1y c\u00f4ng nghi\u1ec7p, v\u1ec7 sinh xe, v\u1ec7 sinh m\u00e1y l\u1ea1nh, phun thu\u1ed1c, h\u1ec7 th\u1ed1ng t\u01b0\u1edbi thu\u1ef7 canh, phun s\u01b0\u01a1ng v\u00e0 b\u01a1m n\u01b0\u1edbc c\u1ea5p n\u01b0\u1edbc.<\/h3>\n<p><a href=\"https:\/\/maybommini.com\/wp-content\/uploads\/2019\/12\/May-bom-ap-luc-SURGEFLO-220V-150W-FL200.jpg\" target=\"_blank\" rel=\"noopener\"><img decoding=\"async\" class=\"size-full wp-image-263952 aligncenter\" src=\"https:\/\/maybommini.com\/wp-content\/uploads\/2019\/12\/May-bom-ap-luc-SURGEFLO-220V-150W-FL200.jpg\" alt=\"May Bom Ap Luc SURGEFLO 220V 150W FL200\" width=\"750\" height=\"750\" srcset=\"https:\/\/maybommini.vn\/wp-content\/uploads\/2019\/12\/May-bom-ap-luc-SURGEFLO-220V-150W-FL200.jpg 750w, https:\/\/maybommini.vn\/wp-content\/uploads\/2019\/12\/May-bom-ap-luc-SURGEFLO-220V-150W-FL200-300x300.jpg 300w, https:\/\/maybommini.vn\/wp-content\/uploads\/2019\/12\/May-bom-ap-luc-SURGEFLO-220V-150W-FL200-150x150.jpg 150w, https:\/\/maybommini.vn\/wp-content\/uploads\/2019\/12\/May-bom-ap-luc-SURGEFLO-220V-150W-FL200-600x600.jpg 600w\" sizes=\"(max-width: 750px) 100vw, 750px\" \/><\/a><\/p>\n<p style=\"text-align: center;\"><iframe src=\"https:\/\/www.youtube.com\/embed\/F4TXtpEmsms\" width=\"750\" height=\"550\" frameborder=\"0\"><span data-mce-type=\"bookmark\" style=\"display: inline-block; width: 0px; overflow: hidden; line-height: 0;\" class=\"mce_SELRES_start\">\ufeff<\/span><\/iframe><\/p>\n<p><strong>TH\u00d4NG S\u1ed0 K\u1ef8 THU\u1eacT<\/strong><br \/>\nTh\u01b0\u01a1ng hi\u1ec7u:\u00a0SURGEFLO<br \/>\nModel: FL-200<br \/>\n\u0110i\u1ec7n\u00a0\u00e1p: 220V AC<br \/>\nC\u00f4ng xu\u1ea5t:\u00a0150W<br \/>\nL\u01b0u l\u01b0\u1ee3ng: 9.6 L\/P &#8211; 2.6 GPM<br \/>\n\u00c1p l\u1ef1c: 13.8 BAR &#8211; 200 PSI<br \/>\n\u0110\u1ea9y cao tr\u00ean 60 met.<br \/>\nK\u00edch th\u01b0\u1edbc \u1ed1ng: 12.7 mm.<br \/>\nT\u1ef1 m\u1ed3i n\u01b0\u1edbc h\u00fat n\u01b0\u1edbc s\u00e2u 3 m\u00e9t.<br \/>\nRole c\u00f4ng t\u1eaft \u00e1p l\u1ef1c t\u1ef1 \u0111\u1ed9ng.<br \/>\nCh\u1ea5t li\u1ec7u: Nh\u1ef1a ABS &#8211;\u00a0\u0110\u1ed3ng &#8211; Gang<br \/>\n\u0110\u1ea7u b\u01a1m c\u00f4ng ngh\u1ec7 m\u1edbi ch\u1ea5t l\u01b0\u1ee3ng.<br \/>\nMotor l\u00f5i \u0111\u1ed3ng cao c\u1ea5p tu\u1ed5i th\u1ecd cao.<br \/>\nM\u00e1y b\u01a1m m\u00e0ng cao c\u1ea5p.<br \/>\nNhi\u1ec7t \u0111\u1ed9 ch\u1ea5t l\u1ecfng t\u1ed1i \u0111a 60 \u0111\u1ed9 C.<br \/>\nTr\u1ecdng l\u01b0\u1ee3ng: 3.5 kg<br \/>\nK\u00edch th\u01b0\u1edbc: 240 x 135 x 138 mm.<br \/>\nK\u00e8m l\u1ecdc n\u01b0\u1edbc cao c\u1ea5p.<br \/>\nK\u00e8m \u0111\u1ea7u g\u1eafn \u1ed1ng.<\/p>\n<p><a href=\"https:\/\/maybommini.com\/wp-content\/uploads\/2019\/12\/bom-ap-luc-SURGEFLO-220V-150W-FL200.jpg\" target=\"_blank\" rel=\"noopener\"><img decoding=\"async\" class=\"size-full wp-image-263951 aligncenter\" src=\"https:\/\/maybommini.com\/wp-content\/uploads\/2019\/12\/bom-ap-luc-SURGEFLO-220V-150W-FL200.jpg\" alt=\"Bom Ap Luc SURGEFLO 220V 150W FL200\" width=\"750\" height=\"750\" srcset=\"https:\/\/maybommini.vn\/wp-content\/uploads\/2019\/12\/bom-ap-luc-SURGEFLO-220V-150W-FL200.jpg 750w, https:\/\/maybommini.vn\/wp-content\/uploads\/2019\/12\/bom-ap-luc-SURGEFLO-220V-150W-FL200-300x300.jpg 300w, https:\/\/maybommini.vn\/wp-content\/uploads\/2019\/12\/bom-ap-luc-SURGEFLO-220V-150W-FL200-150x150.jpg 150w, https:\/\/maybommini.vn\/wp-content\/uploads\/2019\/12\/bom-ap-luc-SURGEFLO-220V-150W-FL200-600x600.jpg 600w\" sizes=\"(max-width: 750px) 100vw, 750px\" \/><\/a> <a href=\"https:\/\/maybommini.com\/wp-content\/uploads\/2019\/12\/Pump-220V-FL200-Surgeflo.jpg\" target=\"_blank\" rel=\"noopener\"><img decoding=\"async\" class=\"size-full wp-image-263953 aligncenter\" src=\"https:\/\/maybommini.com\/wp-content\/uploads\/2019\/12\/Pump-220V-FL200-Surgeflo.jpg\" alt=\"Pump 220V FL200 Surgeflo\" width=\"750\" height=\"750\" srcset=\"https:\/\/maybommini.vn\/wp-content\/uploads\/2019\/12\/Pump-220V-FL200-Surgeflo.jpg 750w, https:\/\/maybommini.vn\/wp-content\/uploads\/2019\/12\/Pump-220V-FL200-Surgeflo-300x300.jpg 300w, https:\/\/maybommini.vn\/wp-content\/uploads\/2019\/12\/Pump-220V-FL200-Surgeflo-150x150.jpg 150w, https:\/\/maybommini.vn\/wp-content\/uploads\/2019\/12\/Pump-220V-FL200-Surgeflo-600x600.jpg 600w\" sizes=\"(max-width: 750px) 100vw, 750px\" \/><\/a> <a href=\"https:\/\/maybommini.com\/wp-content\/uploads\/2019\/12\/PUMP-SURGEFLO-220V-150W-FL200.jpg\" target=\"_blank\" rel=\"noopener\"><img decoding=\"async\" class=\"size-full wp-image-263954 aligncenter\" src=\"https:\/\/maybommini.com\/wp-content\/uploads\/2019\/12\/PUMP-SURGEFLO-220V-150W-FL200.jpg\" alt=\"PUMP SURGEFLO 220V 150W FL200\" width=\"750\" height=\"750\" srcset=\"https:\/\/maybommini.vn\/wp-content\/uploads\/2019\/12\/PUMP-SURGEFLO-220V-150W-FL200.jpg 750w, https:\/\/maybommini.vn\/wp-content\/uploads\/2019\/12\/PUMP-SURGEFLO-220V-150W-FL200-300x300.jpg 300w, https:\/\/maybommini.vn\/wp-content\/uploads\/2019\/12\/PUMP-SURGEFLO-220V-150W-FL200-150x150.jpg 150w, https:\/\/maybommini.vn\/wp-content\/uploads\/2019\/12\/PUMP-SURGEFLO-220V-150W-FL200-600x600.jpg 600w\" sizes=\"(max-width: 750px) 100vw, 750px\" \/><\/a> <a href=\"https:\/\/maybommini.com\/wp-content\/uploads\/2019\/12\/bom-ap-luc-220v-FL200.jpg\" target=\"_blank\" rel=\"noopener\"><img decoding=\"async\" class=\"size-full wp-image-263950 aligncenter\" src=\"https:\/\/maybommini.com\/wp-content\/uploads\/2019\/12\/bom-ap-luc-220v-FL200.jpg\" alt=\"Bom Ap Luc 220v FL200\" width=\"750\" height=\"750\" srcset=\"https:\/\/maybommini.vn\/wp-content\/uploads\/2019\/12\/bom-ap-luc-220v-FL200.jpg 750w, https:\/\/maybommini.vn\/wp-content\/uploads\/2019\/12\/bom-ap-luc-220v-FL200-300x300.jpg 300w, https:\/\/maybommini.vn\/wp-content\/uploads\/2019\/12\/bom-ap-luc-220v-FL200-150x150.jpg 150w, https:\/\/maybommini.vn\/wp-content\/uploads\/2019\/12\/bom-ap-luc-220v-FL200-600x600.jpg 600w\" sizes=\"(max-width: 750px) 100vw, 750px\" \/><\/a> <a href=\"https:\/\/maybommini.com\/wp-content\/uploads\/2019\/12\/phu-kien-may-bm-ap-luc-surgeflo-FL.jpg\" target=\"_blank\" rel=\"noopener\"><img decoding=\"async\" class=\"size-full wp-image-263946 aligncenter\" src=\"https:\/\/maybommini.com\/wp-content\/uploads\/2019\/12\/phu-kien-may-bm-ap-luc-surgeflo-FL.jpg\" alt=\"Phu Kien May Bm Ap Luc Surgeflo FL\" width=\"750\" height=\"750\" srcset=\"https:\/\/maybommini.vn\/wp-content\/uploads\/2019\/12\/phu-kien-may-bm-ap-luc-surgeflo-FL.jpg 750w, https:\/\/maybommini.vn\/wp-content\/uploads\/2019\/12\/phu-kien-may-bm-ap-luc-surgeflo-FL-300x300.jpg 300w, https:\/\/maybommini.vn\/wp-content\/uploads\/2019\/12\/phu-kien-may-bm-ap-luc-surgeflo-FL-150x150.jpg 150w, https:\/\/maybommini.vn\/wp-content\/uploads\/2019\/12\/phu-kien-may-bm-ap-luc-surgeflo-FL-600x600.jpg 600w\" sizes=\"(max-width: 750px) 100vw, 750px\" \/><\/a><\/p>\n<p><a href=\"https:\/\/maybommini.com\/wp-content\/uploads\/2019\/12\/may-bom-ap-luc-cao-cap-Surgeflo-FL.jpg\" target=\"_blank\" rel=\"noopener\"><img decoding=\"async\" class=\"size-full wp-image-263943 aligncenter\" src=\"https:\/\/maybommini.com\/wp-content\/uploads\/2019\/12\/may-bom-ap-luc-cao-cap-Surgeflo-FL.jpg\" alt=\"May Bom Ap Luc Cao Cap Surgeflo FL\" width=\"750\" height=\"750\" srcset=\"https:\/\/maybommini.vn\/wp-content\/uploads\/2019\/12\/may-bom-ap-luc-cao-cap-Surgeflo-FL.jpg 750w, https:\/\/maybommini.vn\/wp-content\/uploads\/2019\/12\/may-bom-ap-luc-cao-cap-Surgeflo-FL-300x300.jpg 300w, https:\/\/maybommini.vn\/wp-content\/uploads\/2019\/12\/may-bom-ap-luc-cao-cap-Surgeflo-FL-150x150.jpg 150w, https:\/\/maybommini.vn\/wp-content\/uploads\/2019\/12\/may-bom-ap-luc-cao-cap-Surgeflo-FL-600x600.jpg 600w\" sizes=\"(max-width: 750px) 100vw, 750px\" \/><\/a><\/p>\n<p><strong>H\u01af\u1edaNG D\u1ea8N S\u1eec D\u1ee4NG M\u00c1Y B\u01a0M MINI \u00c1P L\u1ef0C<\/strong><br \/>\nD\u00f9ng \u0111i\u1ec7n th\u1ebf 220V AC d\u00e2n d\u1ee5ng..<br \/>\nN\u01b0\u1edbc v\u00e0o s\u1eed d\u1ee5ng \u1ed1ng 14mm 17mm c\u00f3 l\u1ecdc n\u01b0\u1edbc mini tr\u00e1nh c\u1eb7n b\u1ea9n r\u00e1c g\u00e2y ngh\u1eb9t \u0111\u1ea7u b\u01a1m.<br \/>\nN\u01b0\u1edbc ra s\u1eed d\u1ee5ng \u1ed1ng 14mm 17mm ch\u1ecbu \u0111\u01b0\u1ee3c \u00e1p l\u1ef1c cao.<br \/>\nM\u00e1y b\u01a1m t\u1ef1 \u0111\u1ed9ng t\u1eaft khi kh\u00f3a n\u01b0\u1edbc \u0111\u1ea7u ra v\u00e0 ch\u1ea1y tr\u1ee1 l\u1ea1i khi m\u1edf n\u01b0\u1edbc.<br \/>\nT\u1ef1 h\u00fat n\u01b0\u1edbc s\u00e2u 3 m\u00e9t kh\u00f4ng c\u1ea7n m\u1ed3i.<\/p>\n<p><a href=\"https:\/\/maybommini.com\/wp-content\/uploads\/2019\/12\/Shop-may-bom-mini-220V-Surgeflo-FL200.jpg\" target=\"_blank\" rel=\"noopener\"><img decoding=\"async\" class=\"size-full wp-image-263955 aligncenter\" src=\"https:\/\/maybommini.com\/wp-content\/uploads\/2019\/12\/Shop-may-bom-mini-220V-Surgeflo-FL200.jpg\" alt=\"Shop May Bom Mini 220V Surgeflo FL200\" width=\"750\" height=\"750\" srcset=\"https:\/\/maybommini.vn\/wp-content\/uploads\/2019\/12\/Shop-may-bom-mini-220V-Surgeflo-FL200.jpg 750w, https:\/\/maybommini.vn\/wp-content\/uploads\/2019\/12\/Shop-may-bom-mini-220V-Surgeflo-FL200-300x300.jpg 300w, https:\/\/maybommini.vn\/wp-content\/uploads\/2019\/12\/Shop-may-bom-mini-220V-Surgeflo-FL200-150x150.jpg 150w, https:\/\/maybommini.vn\/wp-content\/uploads\/2019\/12\/Shop-may-bom-mini-220V-Surgeflo-FL200-600x600.jpg 600w\" sizes=\"(max-width: 750px) 100vw, 750px\" \/><\/a><\/p>\n<p><strong>\u1ee8NG D\u1ee4NG C\u1ee6A B\u01a0M N\u01af\u1edaC MINI FL-200 220V<\/strong><br \/>\nS\u1eed d\u1ee5ng b\u01a1m n\u01b0\u1edbc ch\u1ea5t l\u1ecfng.<br \/>\nM\u00e1y b\u01a1m h\u00f3a ch\u1ea5t kh\u00f4ng \u0103n m\u00f2n.<br \/>\nS\u1eed d\u1ee5ng\u00a0l\u00e0m h\u1ec7 th\u1ed1ng phun s\u01b0\u01a1ng.<br \/>\nL\u00e0m m\u00e1y b\u01a1m\u00a0h\u1ec7 th\u1ed1ng\u00a0t\u01b0\u1edbi lan, t\u01b0\u1edbi c\u00e2y nh\u00e0 v\u01b0\u1eddn.<br \/>\nB\u01a1m c\u1ea5p n\u01b0\u1edbc h\u1ed3 b\u1ec3 c\u00e1\u00a0c\u00e1.<br \/>\nD\u00f9ng l\u00e0m b\u01a1m tr\u1ee3 l\u1ef1c t\u1ef1 d\u1ed9ng.<br \/>\nL\u00e0m h\u1ec7 th\u1ed1ng t\u01b0\u1edbi th\u1ee7y canh.<br \/>\nL\u00e0m m\u00e1y b\u01a1m r\u1eeda xe, v\u1ec7 sinh nh\u00e0 c\u1eeda<br \/>\nM\u00e1y x\u1ecbt r\u1eeda v\u1ec7 sinh m\u00e1y l\u1ea1nh \u0111i\u1ec1u h\u00f2a.<br \/>\nB\u01a1m n\u01b0\u1edbc tr\u1ee3 l\u1ef1c t\u0103ng \u00e1p m\u00e1y gi\u1eb7t.<br \/>\nV\u00e0 d\u00f9ng l\u00e0m b\u01a1m th\u1ef1c ph\u1ea9m v\u00e0 m\u1ed9t s\u1ed1 l\u0129nh v\u1ef1c kh\u00e1c.<br \/>\nM\u00e1y \u0111\u01b0\u1ee3c s\u1eed d\u1ee5ng trong m\u00e1y c\u00f4ng nghi\u1ec7p, n\u00f4ng nghi\u1ec7p, y t\u1ebf, t\u00e0u thu\u1ef7, b\u01a1m ho\u00e1 ch\u1ea5t&#8230;.<\/p>\n<p><a href=\"https:\/\/maybommini.com\/wp-content\/uploads\/2018\/04\/ung-dung-may-bom-ap-luc-FL200.jpg\" target=\"_blank\" rel=\"noopener\"><img decoding=\"async\" class=\"size-full wp-image-263921 aligncenter\" src=\"https:\/\/maybommini.com\/wp-content\/uploads\/2018\/04\/ung-dung-may-bom-ap-luc-FL200.jpg\" alt=\"Ung Dung May Bom Ap Luc FL200\" width=\"750\" height=\"750\" srcset=\"https:\/\/maybommini.vn\/wp-content\/uploads\/2018\/04\/ung-dung-may-bom-ap-luc-FL200.jpg 750w, https:\/\/maybommini.vn\/wp-content\/uploads\/2018\/04\/ung-dung-may-bom-ap-luc-FL200-300x300.jpg 300w, https:\/\/maybommini.vn\/wp-content\/uploads\/2018\/04\/ung-dung-may-bom-ap-luc-FL200-150x150.jpg 150w, https:\/\/maybommini.vn\/wp-content\/uploads\/2018\/04\/ung-dung-may-bom-ap-luc-FL200-600x600.jpg 600w\" sizes=\"(max-width: 750px) 100vw, 750px\" \/><\/a> <a href=\"https:\/\/maybommini.com\/wp-content\/uploads\/2018\/04\/chung-nhan-san-pham-chinh-hang.jpg\" target=\"_blank\" rel=\"noopener\"><img decoding=\"async\" class=\"size-full wp-image-263914 aligncenter\" src=\"https:\/\/maybommini.com\/wp-content\/uploads\/2018\/04\/chung-nhan-san-pham-chinh-hang.jpg\" alt=\"Chung Nhan San Pham Chinh Hang\" width=\"750\" height=\"750\" srcset=\"https:\/\/maybommini.vn\/wp-content\/uploads\/2018\/04\/chung-nhan-san-pham-chinh-hang.jpg 750w, https:\/\/maybommini.vn\/wp-content\/uploads\/2018\/04\/chung-nhan-san-pham-chinh-hang-300x300.jpg 300w, https:\/\/maybommini.vn\/wp-content\/uploads\/2018\/04\/chung-nhan-san-pham-chinh-hang-150x150.jpg 150w, https:\/\/maybommini.vn\/wp-content\/uploads\/2018\/04\/chung-nhan-san-pham-chinh-hang-600x600.jpg 600w\" sizes=\"(max-width: 750px) 100vw, 750px\" \/><\/a><\/p>\n<p><strong>MUA M\u00c1Y B\u01a0M N\u01af\u1edaC MINI \u00c1P L\u1ef0C \u1ede \u0110\u00c2U ?<\/strong><br \/>\n<a href=\"https:\/\/maybommini.com\/\" target=\"_blank\" rel=\"noopener noreferrer\">MBM &#8211; MAYBOMMINI.COM<\/a> l\u00e0 nh\u00e0 cung c\u1ea5p c\u00e1c lo\u1ea1i m\u00e1y b\u01a1m \u00e1p l\u1ef1c mini h\u00e0ng \u0111\u1ea7u Vi\u1ec7t Nam ch\u00ednh h\u00e3ng gi\u00e1 t\u1ed1t b\u1ea3o h\u00e0nh l\u00e2u d\u00e0i v\u00e0 kh\u00e1ch h\u00e0ng \u0111\u01b0\u1ee3c h\u1ed5 tr\u1ee3 k\u1ef9 thu\u1eadt tr\u1ecdn \u0111\u1eddi.<br \/>\nM\u1ecdi chi ti\u1ebft vui l\u00f2ng li\u00ean h\u1ec7 tr\u1ef1c ti\u1ebfp cho ch\u00fang t\u00f4i \u0111\u1ec3 \u0111\u01b0\u1ee3c t\u01b0 v\u1ea5n theo nhu c\u1ea7u \u0111\u1ec3 c\u00f3 \u0111\u01b0\u1ee3c b\u1ed9 s\u1ea3n ph\u1ea9m t\u1ed1t nh\u1ea5t v\u00e0 ti\u1ebft ki\u1ec7m.\u00a0B\u1ea1n \u1edf xa v\u1eabn c\u00f3 th\u1ec3 mua h\u00e0ng v\u00e0 giao h\u00e0ng thanh to\u00e1n ti\u1ec1n t\u1ea1i nh\u00e0.<br \/>\n<strong>Website:<\/strong>\u00a0<a href=\"https:\/\/maybommini.com\" target=\"_blank\" rel=\"noopener\">https:\/\/maybommini.com<\/a><br \/>\n<strong>Email:<\/strong> maybommini.com@gmail.com<br \/>\n<strong>Facebook:<\/strong>\u00a0<a href=\"https:\/\/www.facebook.com\/maybommini\" target=\"_blank\" rel=\"noopener\">https:\/\/www.facebook.com\/maybommini<\/a><\/p>\n<h3 style=\"text-align: center;\"><a href=\"https:\/\/maybommini.com\/san-pham\/may-bom-nuoc-mini-ap-luc-fl-200-12v\" target=\"_blank\" rel=\"noopener noreferrer\">M\u00e1y b\u01a1m n\u01b0\u1edbc mini \u00e1p l\u1ef1c SURGEFLO FL-200 12V<\/a><br \/>\n<a href=\"https:\/\/maybommini.com\/san-pham\/may-bom-nuoc-mini-ap-luc-surgeflo-fl-200-24v\" target=\"_blank\" rel=\"noopener noreferrer\">M\u00e1y b\u01a1m n\u01b0\u1edbc mini \u00e1p l\u1ef1c SURGEFLO FL-200 24V<\/a><br \/>\nM\u00e1y b\u01a1m n\u01b0\u1edbc mini \u00e1p l\u1ef1c SURGEFLO FL-200 220V<\/h3>\n","protected":false},"excerpt":{"rendered":"<p>Th\u01b0\u01a1ng hi\u1ec7u:\u00a0SURGEFLO<br \/>\nModel: FL-200<br \/>\n\u0110i\u1ec7n\u00a0\u00e1p: 220V AC<br \/>\nC\u00f4ng xu\u1ea5t:\u00a0150W<br \/>\nL\u01b0u l\u01b0\u1ee3ng: 9.6 L\/P &#8211; 2.6 GPM<br \/>\n\u00c1p l\u1ef1c: 13.8 BAR &#8211; 200 PSI<br \/>\n\u0110\u1ea9y cao tr\u00ean 60 met.<br \/>\nK\u00edch th\u01b0\u1edbc \u1ed1ng: 12.7 mm.<br \/>\nT\u1ef1 m\u1ed3i n\u01b0\u1edbc h\u00fat n\u01b0\u1edbc s\u00e2u 3 m\u00e9t.<br \/>\nRole c\u00f4ng t\u1eaft \u00e1p l\u1ef1c t\u1ef1 \u0111\u1ed9ng.<br \/>\nCh\u1ea5t li\u1ec7u: Nh\u1ef1a ABS &#8211;\u00a0\u0110\u1ed3ng &#8211; Gang<br \/>\n\u0110\u1ea7u b\u01a1m c\u00f4ng ngh\u1ec7 m\u1edbi ch\u1ea5t l\u01b0\u1ee3ng.<br \/>\nMotor l\u00f5i \u0111\u1ed3ng cao c\u1ea5p tu\u1ed5i th\u1ecd cao.<br \/>\nM\u00e1y b\u01a1m m\u00e0ng cao c\u1ea5p.<br \/>\nNhi\u1ec7t \u0111\u1ed9 ch\u1ea5t l\u1ecfng t\u1ed1i \u0111a 60 \u0111\u1ed9 C.<br \/>\nTr\u1ecdng l\u01b0\u1ee3ng: 3.5 kg<br \/>\nK\u00edch th\u01b0\u1edbc: 240 x 135 x 138 mm.<br \/>\nK\u00e8m l\u1ecdc n\u01b0\u1edbc cao c\u1ea5p.<br \/>\nK\u00e8m \u0111\u1ea7u g\u1eafn \u1ed1ng.<br \/>\nB\u1ea3o h\u00e0nh: 6 th\u00e1ng<br \/>\nPh\u00e2n ph\u1ed1i: <strong>Maybommini.com<\/strong><br \/>\nH\u00f4\u0309 tr\u01a1\u0323 ky\u0303 thu\u00e2\u0323t vi\u0303nh vi\u00ea\u0303n.<\/p>\n","protected":false},"featured_media":263952,"comment_status":"open","ping_status":"closed","template":"","meta":[],"product_brand":[86],"product_cat":[508,196,224,509],"product_tag":[372,311,373,235,2488,3107,1281,3109,3112,3111,207,3108,375,1094,379],"class_list":{"0":"post-263948","1":"product","2":"type-product","3":"status-publish","4":"has-post-thumbnail","6":"product_brand-surgeflo","7":"product_cat-may-bom-ap-luc-220v","8":"product_cat-may-bom-ap-luc-mini","9":"product_cat-may-bom-nuoc","10":"product_cat-may-bom-nuoc-mini-220v","11":"product_tag-ap-luc-cao","12":"product_tag-ap-luc-mini","13":"product_tag-binh-xit","14":"product_tag-bom-nuoc-mini","15":"product_tag-bom-nuoc-mini-24v","16":"product_tag-diaphragm-pump","17":"product_tag-fl-200","18":"product_tag-fl-200-12v","19":"product_tag-fl-200-220v","20":"product_tag-fl-200-24v","21":"product_tag-may-bom-ap-luc","22":"product_tag-may-bom-mino","23":"product_tag-may-bom-nuoc","24":"product_tag-singflo","25":"product_tag-surgeflo","27":"first","28":"instock","29":"sale","30":"shipping-taxable","31":"purchasable","32":"product-type-simple"},"_links":{"self":[{"href":"https:\/\/maybommini.vn\/index.php?rest_route=\/wp\/v2\/product\/263948","targetHints":{"allow":["GET"]}}],"collection":[{"href":"https:\/\/maybommini.vn\/index.php?rest_route=\/wp\/v2\/product"}],"about":[{"href":"https:\/\/maybommini.vn\/index.php?rest_route=\/wp\/v2\/types\/product"}],"replies":[{"embeddable":true,"href":"https:\/\/maybommini.vn\/index.php?rest_route=%2Fwp%2Fv2%2Fcomments&post=263948"}],"wp:featuredmedia":[{"embeddable":true,"href":"https:\/\/maybommini.vn\/index.php?rest_route=\/wp\/v2\/media\/263952"}],"wp:attachment":[{"href":"https:\/\/maybommini.vn\/index.php?rest_route=%2Fwp%2Fv2%2Fmedia&parent=263948"}],"wp:term":[{"taxonomy":"product_brand","embeddable":true,"href":"https:\/\/maybommini.vn\/index.php?rest_route=%2Fwp%2Fv2%2Fproduct_brand&post=263948"},{"taxonomy":"product_cat","embeddable":true,"href":"https:\/\/maybommini.vn\/index.php?rest_route=%2Fwp%2Fv2%2Fproduct_cat&post=263948"},{"taxonomy":"product_tag","embeddable":true,"href":"https:\/\/maybommini.vn\/index.php?rest_route=%2Fwp%2Fv2%2Fproduct_tag&post=263948"}],"curies":[{"name":"wp","href":"https:\/\/api.w.org\/{rel}","templated":true}]}}