{"id":263980,"date":"2019-12-10T10:55:22","date_gmt":"2019-12-10T03:55:22","guid":{"rendered":"https:\/\/maybommini.com\/?post_type=product&#038;p=263980"},"modified":"2020-06-08T16:00:11","modified_gmt":"2020-06-08T09:00:11","slug":"may-bom-chim-khong-choi-than-24v-400w-8000l-smartpumps","status":"publish","type":"product","link":"https:\/\/maybommini.vn\/?product=may-bom-chim-khong-choi-than-24v-400w-8000l-smartpumps","title":{"rendered":"M\u00e1y b\u01a1m ch\u00ecm kh\u00f4ng ch\u1ed5i than 24V 400W 8000L Smartpumps"},"content":{"rendered":"<h3>M\u00e1y b\u01a1m ch\u00ecm kh\u00f4ng ch\u1ed5i than 24V 400W 8000L Smartpumps l\u00e0 lo\u1ea1i m\u00e1y b\u01a1m ch\u00ecm chuy\u00ean d\u1ee5ng \u0111\u1ec3 b\u01a1m n\u01b0\u1edbc ng\u1eadp, b\u01a1m h\u1ed3 c\u00e1, th\u00e1c n\u01b0\u1edbc, l\u1ecdc n\u01b0\u1edbc h\u1ed3, m\u00e1y b\u01a1m n\u0103ng l\u01b0\u1ee3ng m\u1eb7t tr\u1eddi, b\u01a1m n\u01b0\u1edbc th\u1ea3i. \u0110\u00e2y l\u00e0 lo\u1ea1i m\u00e1y b\u01a1m l\u01b0u l\u01b0\u1ee3ng b\u01a1m l\u1edbn 8000 \u0111\u1ebfn 12000 L\/H d\u00f9ng ngu\u1ed3n 24V DC.<\/h3>\n<p><a href=\"https:\/\/maybommini.com\/wp-content\/uploads\/2019\/12\/May-bom-chim-khong-choi-than-24V-400W-8000L.jpg\" target=\"_blank\" rel=\"noopener\"><img decoding=\"async\" class=\"size-full wp-image-263989 aligncenter\" src=\"https:\/\/maybommini.com\/wp-content\/uploads\/2019\/12\/May-bom-chim-khong-choi-than-24V-400W-8000L.jpg\" alt=\"May Bom Chim Khong Choi Than 24V 400W 8000L\" width=\"750\" height=\"750\" srcset=\"https:\/\/maybommini.vn\/wp-content\/uploads\/2019\/12\/May-bom-chim-khong-choi-than-24V-400W-8000L.jpg 750w, https:\/\/maybommini.vn\/wp-content\/uploads\/2019\/12\/May-bom-chim-khong-choi-than-24V-400W-8000L-300x300.jpg 300w, https:\/\/maybommini.vn\/wp-content\/uploads\/2019\/12\/May-bom-chim-khong-choi-than-24V-400W-8000L-150x150.jpg 150w, https:\/\/maybommini.vn\/wp-content\/uploads\/2019\/12\/May-bom-chim-khong-choi-than-24V-400W-8000L-600x600.jpg 600w\" sizes=\"(max-width: 750px) 100vw, 750px\" \/><\/a><\/p>\n<p><strong>TH\u00d4NG S\u1ed0 K\u1ef8 THU\u1eacT<br \/>\n<\/strong>Th\u01b0\u01a1ng hi\u1ec7u: SMARTPUMPS<br \/>\nModel: BSP-400W-24V<br \/>\n\u0110i\u1ec7n \u00e1p: 24V DC<br \/>\nC\u00f4ng xu\u1ea5t: 400W<br \/>\nL\u01b0u l\u01b0\u1ee3ng: 8.000 &#8211; 12.000 L\/H<br \/>\nB\u01a1m cao: 10 m\u00e9t<br \/>\n\u1ed0ng ra: 25 mm<br \/>\nC\u00f3 kh\u1ea3 n\u0103ng b\u01a1m li\u00ean t\u1ee5c.<br \/>\n\u0110\u1ed9ng c\u01a1 kh\u00f4ng ch\u1ed5i than.<br \/>\nMortor d\u00e2y \u0111\u1ed3ng ch\u1ea5t l\u01b0\u1ee3ng 100%.<br \/>\nM\u00e1y b\u01a1m c\u00f4ng ngh\u1ec7 m\u1edbi cao c\u1ea5p.<br \/>\nKh\u1ea3 n\u0103ng kh\u00e1ng n\u01b0\u1edbc ti\u00eau chu\u1ea9n.<br \/>\nCh\u1ea5t li\u1ec7u: Inox \u2013 \u0110\u1ed3ng \u2013 Nh\u1ef1a<br \/>\nTr\u1ecdng l\u01b0\u1ee3ng: 5.2 Kg<br \/>\nK\u00edch th\u01b0\u1edbc: 170 x 130 x 300 mm<\/p>\n<p><a href=\"https:\/\/maybommini.com\/wp-content\/uploads\/2019\/12\/Bom-nuoc-mini-tha-chim-khong-choi-than-24v.jpg\" target=\"_blank\" rel=\"noopener\"><img decoding=\"async\" class=\"size-full wp-image-263985 aligncenter\" src=\"https:\/\/maybommini.com\/wp-content\/uploads\/2019\/12\/Bom-nuoc-mini-tha-chim-khong-choi-than-24v.jpg\" alt=\"Bom Nuoc Mini Tha Chim Khong Choi Than 24v\" width=\"750\" height=\"750\" srcset=\"https:\/\/maybommini.vn\/wp-content\/uploads\/2019\/12\/Bom-nuoc-mini-tha-chim-khong-choi-than-24v.jpg 750w, https:\/\/maybommini.vn\/wp-content\/uploads\/2019\/12\/Bom-nuoc-mini-tha-chim-khong-choi-than-24v-300x300.jpg 300w, https:\/\/maybommini.vn\/wp-content\/uploads\/2019\/12\/Bom-nuoc-mini-tha-chim-khong-choi-than-24v-150x150.jpg 150w, https:\/\/maybommini.vn\/wp-content\/uploads\/2019\/12\/Bom-nuoc-mini-tha-chim-khong-choi-than-24v-600x600.jpg 600w\" sizes=\"(max-width: 750px) 100vw, 750px\" \/><\/a> <a href=\"https:\/\/maybommini.com\/wp-content\/uploads\/2019\/12\/BRUSHLESS-SUBMERSIBLE-PUMP-24V-400W.jpg\" target=\"_blank\" rel=\"noopener\"><img decoding=\"async\" class=\"size-full wp-image-263987 aligncenter\" src=\"https:\/\/maybommini.com\/wp-content\/uploads\/2019\/12\/BRUSHLESS-SUBMERSIBLE-PUMP-24V-400W.jpg\" alt=\"BRUSHLESS SUBMERSIBLE PUMP 24V 400W\" width=\"750\" height=\"750\" srcset=\"https:\/\/maybommini.vn\/wp-content\/uploads\/2019\/12\/BRUSHLESS-SUBMERSIBLE-PUMP-24V-400W.jpg 750w, https:\/\/maybommini.vn\/wp-content\/uploads\/2019\/12\/BRUSHLESS-SUBMERSIBLE-PUMP-24V-400W-300x300.jpg 300w, https:\/\/maybommini.vn\/wp-content\/uploads\/2019\/12\/BRUSHLESS-SUBMERSIBLE-PUMP-24V-400W-150x150.jpg 150w, https:\/\/maybommini.vn\/wp-content\/uploads\/2019\/12\/BRUSHLESS-SUBMERSIBLE-PUMP-24V-400W-600x600.jpg 600w\" sizes=\"(max-width: 750px) 100vw, 750px\" \/><\/a> <a href=\"https:\/\/maybommini.com\/wp-content\/uploads\/2019\/12\/may-bom-luu-luong-lon-khong-choi-than-24v.jpg\" target=\"_blank\" rel=\"noopener\"><img decoding=\"async\" class=\"size-full wp-image-263982 aligncenter\" src=\"https:\/\/maybommini.com\/wp-content\/uploads\/2019\/12\/may-bom-luu-luong-lon-khong-choi-than-24v.jpg\" alt=\"May Bom Luu Luong Lon Khong Choi Than 24v\" width=\"750\" height=\"750\" srcset=\"https:\/\/maybommini.vn\/wp-content\/uploads\/2019\/12\/may-bom-luu-luong-lon-khong-choi-than-24v.jpg 750w, https:\/\/maybommini.vn\/wp-content\/uploads\/2019\/12\/may-bom-luu-luong-lon-khong-choi-than-24v-300x300.jpg 300w, https:\/\/maybommini.vn\/wp-content\/uploads\/2019\/12\/may-bom-luu-luong-lon-khong-choi-than-24v-150x150.jpg 150w, https:\/\/maybommini.vn\/wp-content\/uploads\/2019\/12\/may-bom-luu-luong-lon-khong-choi-than-24v-600x600.jpg 600w\" sizes=\"(max-width: 750px) 100vw, 750px\" \/><\/a> <a href=\"https:\/\/maybommini.com\/wp-content\/uploads\/2019\/12\/May-bom-chim-Smartpumps-24V-400W.jpg\" target=\"_blank\" rel=\"noopener\"><img decoding=\"async\" class=\"size-full wp-image-263991 aligncenter\" src=\"https:\/\/maybommini.com\/wp-content\/uploads\/2019\/12\/May-bom-chim-Smartpumps-24V-400W.jpg\" alt=\"May Bom Chim Smartpumps 24V 400W\" width=\"750\" height=\"750\" srcset=\"https:\/\/maybommini.vn\/wp-content\/uploads\/2019\/12\/May-bom-chim-Smartpumps-24V-400W.jpg 750w, https:\/\/maybommini.vn\/wp-content\/uploads\/2019\/12\/May-bom-chim-Smartpumps-24V-400W-300x300.jpg 300w, https:\/\/maybommini.vn\/wp-content\/uploads\/2019\/12\/May-bom-chim-Smartpumps-24V-400W-150x150.jpg 150w, https:\/\/maybommini.vn\/wp-content\/uploads\/2019\/12\/May-bom-chim-Smartpumps-24V-400W-600x600.jpg 600w\" sizes=\"(max-width: 750px) 100vw, 750px\" \/><\/a> <a href=\"https:\/\/maybommini.com\/wp-content\/uploads\/2019\/12\/may-bom-khong-choi-than-24V-Smartpumps-cao-cap-chat-luong.jpg\" target=\"_blank\" rel=\"noopener\"><img decoding=\"async\" class=\"size-full wp-image-263992 aligncenter\" src=\"https:\/\/maybommini.com\/wp-content\/uploads\/2019\/12\/may-bom-khong-choi-than-24V-Smartpumps-cao-cap-chat-luong.jpg\" alt=\"May Bom Khong Choi Than 24V Smartpumps Cao Cap Chat Luong\" width=\"750\" height=\"750\" srcset=\"https:\/\/maybommini.vn\/wp-content\/uploads\/2019\/12\/may-bom-khong-choi-than-24V-Smartpumps-cao-cap-chat-luong.jpg 750w, https:\/\/maybommini.vn\/wp-content\/uploads\/2019\/12\/may-bom-khong-choi-than-24V-Smartpumps-cao-cap-chat-luong-300x300.jpg 300w, https:\/\/maybommini.vn\/wp-content\/uploads\/2019\/12\/may-bom-khong-choi-than-24V-Smartpumps-cao-cap-chat-luong-150x150.jpg 150w, https:\/\/maybommini.vn\/wp-content\/uploads\/2019\/12\/may-bom-khong-choi-than-24V-Smartpumps-cao-cap-chat-luong-600x600.jpg 600w\" sizes=\"(max-width: 750px) 100vw, 750px\" \/><\/a> <a href=\"https:\/\/maybommini.com\/wp-content\/uploads\/2019\/12\/bo-phu-kien-may-bom-chim-24V-400W.jpg\" target=\"_blank\" rel=\"noopener\"><img decoding=\"async\" class=\"size-full wp-image-263986 aligncenter\" src=\"https:\/\/maybommini.com\/wp-content\/uploads\/2019\/12\/bo-phu-kien-may-bom-chim-24V-400W.jpg\" alt=\"Bo Phu Kien May Bom Chim 24V 400W\" width=\"750\" height=\"750\" srcset=\"https:\/\/maybommini.vn\/wp-content\/uploads\/2019\/12\/bo-phu-kien-may-bom-chim-24V-400W.jpg 750w, https:\/\/maybommini.vn\/wp-content\/uploads\/2019\/12\/bo-phu-kien-may-bom-chim-24V-400W-300x300.jpg 300w, https:\/\/maybommini.vn\/wp-content\/uploads\/2019\/12\/bo-phu-kien-may-bom-chim-24V-400W-150x150.jpg 150w, https:\/\/maybommini.vn\/wp-content\/uploads\/2019\/12\/bo-phu-kien-may-bom-chim-24V-400W-600x600.jpg 600w\" sizes=\"(max-width: 750px) 100vw, 750px\" \/><\/a> <a href=\"https:\/\/maybommini.com\/wp-content\/uploads\/2019\/12\/May-bom-khong-choi-than-cong-nghe-cao.jpg\" target=\"_blank\" rel=\"noopener\"><img decoding=\"async\" class=\"size-full wp-image-263981 aligncenter\" src=\"https:\/\/maybommini.com\/wp-content\/uploads\/2019\/12\/May-bom-khong-choi-than-cong-nghe-cao.jpg\" alt=\"May Bom Khong Choi Than Cong Nghe Cao\" width=\"750\" height=\"750\" srcset=\"https:\/\/maybommini.vn\/wp-content\/uploads\/2019\/12\/May-bom-khong-choi-than-cong-nghe-cao.jpg 750w, https:\/\/maybommini.vn\/wp-content\/uploads\/2019\/12\/May-bom-khong-choi-than-cong-nghe-cao-300x300.jpg 300w, https:\/\/maybommini.vn\/wp-content\/uploads\/2019\/12\/May-bom-khong-choi-than-cong-nghe-cao-150x150.jpg 150w, https:\/\/maybommini.vn\/wp-content\/uploads\/2019\/12\/May-bom-khong-choi-than-cong-nghe-cao-600x600.jpg 600w\" sizes=\"(max-width: 750px) 100vw, 750px\" \/><\/a><br \/>\n<strong>H\u01af\u1edaNG D\u1ea8N S\u1eec D\u1ee4NG M\u00c1Y B\u01a0M CH\u00ccM<\/strong><br \/>\nS\u1eed d\u1ee5ng ngu\u1ed3n \u0111i\u1ec7n DC qua bi\u1ebfn th\u1ebf t\u1eeb 220V xu\u1ed1ng 24V 20A tr\u1edf l\u00ean.<br \/>\nS\u1eed d\u1ee5ng ngu\u1ed3n \u0111i\u1ec7n b\u00ecnh \u1eafc quy 12V.<br \/>\nB\u01a1m k\u1ebft n\u1ed1i v\u1edbi \u1ed1ng d\u00e2y theo d\u00fang k\u00edch th\u01b0\u1edbc.<br \/>\nM\u00e1y b\u01a1m \u0111\u01b0\u1ee3c th\u1ea3 ch\u00ecm ho\u00e0n to\u00e0n trong n\u01b0\u1edbc.<br \/>\nTr\u00e1nh kh\u00f4ng \u0111\u01b0\u1ee3c b\u01a1m kh\u00f4 kh\u00f4ng c\u00f3 n\u01b0\u1edbc.<br \/>\nV\u1ec7 sinh s\u1ea1ch sau khi b\u01a1m n\u01b0\u1edbc ch\u1ee9a h\u00f3a ch\u1ea5t t\u1ea1p ch\u1ea5t \u0103n m\u00f2n.<\/p>\n<p><a href=\"https:\/\/maybommini.com\/wp-content\/uploads\/2019\/12\/may-bom-24V-khong-choi-than-cao-cap.jpg\" target=\"_blank\" rel=\"noopener\"><img decoding=\"async\" class=\"size-full wp-image-263988 aligncenter\" src=\"https:\/\/maybommini.com\/wp-content\/uploads\/2019\/12\/may-bom-24V-khong-choi-than-cao-cap.jpg\" alt=\"May Bom 24V Khong Choi Than Cao Cap\" width=\"750\" height=\"750\" srcset=\"https:\/\/maybommini.vn\/wp-content\/uploads\/2019\/12\/may-bom-24V-khong-choi-than-cao-cap.jpg 750w, https:\/\/maybommini.vn\/wp-content\/uploads\/2019\/12\/may-bom-24V-khong-choi-than-cao-cap-300x300.jpg 300w, https:\/\/maybommini.vn\/wp-content\/uploads\/2019\/12\/may-bom-24V-khong-choi-than-cao-cap-150x150.jpg 150w, https:\/\/maybommini.vn\/wp-content\/uploads\/2019\/12\/may-bom-24V-khong-choi-than-cao-cap-600x600.jpg 600w\" sizes=\"(max-width: 750px) 100vw, 750px\" \/><\/a><\/p>\n<p><strong>\u1ee8NG D\u1ee4NG M\u00c1Y B\u01a0M CH\u00ccM DC INOX<\/strong><br \/>\nD\u00f9ng \u0111\u1ec3 b\u01a1m ch\u1ea5t th\u1ea3i.<br \/>\nB\u01a1m n\u01b0\u1edbc ng\u1eadp tho\u00e1t n\u01b0\u1edbc trong nh\u00e0.<br \/>\nB\u01a1m n\u01b0\u1edbc ng\u1eadp tri\u1ec1u c\u01b0\u1eddng.<br \/>\nB\u01a1m t\u01b0\u1edbi ti\u00eau hoa m\u00e0u tr\u00ean ru\u1ed9ng \u0111\u1ed3ng.<br \/>\nT\u01b0\u1edbi c\u00e2y \u0103n tr\u00e1i trong v\u01b0\u1eddn<br \/>\nB\u01a1m c\u1ea5p n\u01b0\u1edbc v\u00e0o b\u1ec3 ch\u1ee9a.<br \/>\nB\u01a1m n\u01b0\u1edbc ngo\u00e0i \u0111\u1ed3ng ru\u1ed9ng.<br \/>\nM\u00e1y b\u01a1m t\u00e1t n\u01b0\u1edbc th\u1ee7y l\u1ee3i.<br \/>\nB\u01a1m n\u01b0\u1edbc h\u1ec7 th\u1ed1ng t\u01b0\u1edbi nh\u1ecf gi\u1ecdt.<br \/>\nB\u01a1m n\u01b0\u1edbc l\u01b0u l\u01b0\u1ee3ng l\u1edbn.<\/p>\n<p><a href=\"https:\/\/maybommini.com\/wp-content\/uploads\/2019\/12\/may-bom-chim-khong-choi-thang-24v.jpg\" target=\"_blank\" rel=\"noopener\"><img decoding=\"async\" class=\"size-full wp-image-263990 aligncenter\" src=\"https:\/\/maybommini.com\/wp-content\/uploads\/2019\/12\/may-bom-chim-khong-choi-thang-24v.jpg\" alt=\"May Bom Chim Khong Choi Thang 24v\" width=\"750\" height=\"750\" srcset=\"https:\/\/maybommini.vn\/wp-content\/uploads\/2019\/12\/may-bom-chim-khong-choi-thang-24v.jpg 750w, https:\/\/maybommini.vn\/wp-content\/uploads\/2019\/12\/may-bom-chim-khong-choi-thang-24v-300x300.jpg 300w, https:\/\/maybommini.vn\/wp-content\/uploads\/2019\/12\/may-bom-chim-khong-choi-thang-24v-150x150.jpg 150w, https:\/\/maybommini.vn\/wp-content\/uploads\/2019\/12\/may-bom-chim-khong-choi-thang-24v-600x600.jpg 600w\" sizes=\"(max-width: 750px) 100vw, 750px\" \/><\/a> <a href=\"https:\/\/maybommini.com\/wp-content\/uploads\/2019\/12\/Nha-cung-cap-may-bom-chim-khong-choi-than-chinh-hang-Viet-Nam.jpg\" target=\"_blank\" rel=\"noopener\"><img decoding=\"async\" class=\"size-full wp-image-263983 aligncenter\" src=\"https:\/\/maybommini.com\/wp-content\/uploads\/2019\/12\/Nha-cung-cap-may-bom-chim-khong-choi-than-chinh-hang-Viet-Nam.jpg\" alt=\"Nha Cung Cap May Bom Chim Khong Choi Than Chinh Hang Viet Nam\" width=\"750\" height=\"750\" srcset=\"https:\/\/maybommini.vn\/wp-content\/uploads\/2019\/12\/Nha-cung-cap-may-bom-chim-khong-choi-than-chinh-hang-Viet-Nam.jpg 750w, https:\/\/maybommini.vn\/wp-content\/uploads\/2019\/12\/Nha-cung-cap-may-bom-chim-khong-choi-than-chinh-hang-Viet-Nam-300x300.jpg 300w, https:\/\/maybommini.vn\/wp-content\/uploads\/2019\/12\/Nha-cung-cap-may-bom-chim-khong-choi-than-chinh-hang-Viet-Nam-150x150.jpg 150w, https:\/\/maybommini.vn\/wp-content\/uploads\/2019\/12\/Nha-cung-cap-may-bom-chim-khong-choi-than-chinh-hang-Viet-Nam-600x600.jpg 600w\" sizes=\"(max-width: 750px) 100vw, 750px\" \/><\/a> <a href=\"https:\/\/maybommini.com\/wp-content\/uploads\/2019\/12\/su-dung-may-bom-chim-24v-khong-choi-than.jpg\" target=\"_blank\" rel=\"noopener\"><img decoding=\"async\" class=\"size-full wp-image-263984 aligncenter\" src=\"https:\/\/maybommini.com\/wp-content\/uploads\/2019\/12\/su-dung-may-bom-chim-24v-khong-choi-than.jpg\" alt=\"Su Dung May Bom Chim 24v Khong Choi Than\" width=\"750\" height=\"750\" srcset=\"https:\/\/maybommini.vn\/wp-content\/uploads\/2019\/12\/su-dung-may-bom-chim-24v-khong-choi-than.jpg 750w, https:\/\/maybommini.vn\/wp-content\/uploads\/2019\/12\/su-dung-may-bom-chim-24v-khong-choi-than-300x300.jpg 300w, https:\/\/maybommini.vn\/wp-content\/uploads\/2019\/12\/su-dung-may-bom-chim-24v-khong-choi-than-150x150.jpg 150w, https:\/\/maybommini.vn\/wp-content\/uploads\/2019\/12\/su-dung-may-bom-chim-24v-khong-choi-than-600x600.jpg 600w\" sizes=\"(max-width: 750px) 100vw, 750px\" \/><\/a><\/p>\n<h3 style=\"text-align: center;\"><strong>M\u00e1y b\u01a1m ch\u00ecm kh\u00f4ng ch\u1ed5i than 24V 400W 8000L Smartpumps<br \/>\nBRUSHLESS SUBMERSIBLE PUMP<br \/>\n<\/strong><\/h3>\n","protected":false},"excerpt":{"rendered":"<p>Th\u01b0\u01a1ng hi\u1ec7u: SMARTPUMPS<br \/>\nModel: BSP-400W-24V<br \/>\n\u0110i\u1ec7n \u00e1p: 24V DC<br \/>\nC\u00f4ng xu\u1ea5t: 400W<br \/>\nL\u01b0u l\u01b0\u1ee3ng: 8.000 &#8211; 12.000 L\/H<br \/>\nB\u01a1m cao: 10 m\u00e9t<br \/>\n\u1ed0ng ra: 25 mm<br \/>\nC\u00f3 kh\u1ea3 n\u0103ng b\u01a1m li\u00ean t\u1ee5c.<br \/>\n\u0110\u1ed9ng c\u01a1 kh\u00f4ng ch\u1ed5i than.<br \/>\nMortor d\u00e2y \u0111\u1ed3ng ch\u1ea5t l\u01b0\u1ee3ng 100%.<br \/>\nM\u00e1y b\u01a1m c\u00f4ng ngh\u1ec7 m\u1edbi cao c\u1ea5p.<br \/>\nKh\u1ea3 n\u0103ng kh\u00e1ng n\u01b0\u1edbc ti\u00eau chu\u1ea9n.<br \/>\nCh\u1ea5t li\u1ec7u: Inox \u2013 \u0110\u1ed3ng \u2013 Nh\u1ef1a<br \/>\nTr\u1ecdng l\u01b0\u1ee3ng: 5.2 Kg<br \/>\nK\u00edch th\u01b0\u1edbc: 170 x 130 x 300 mm<br \/>\nK\u00e8m ph\u1ee5 ki\u1ec7n g\u1eafn \u1ed1ng v\u00e0 v\u00f2i phun x\u1ecbt.<br \/>\nB\u1ea3o h\u00e0nh: 3 th\u00e1ng<br \/>\nPh\u00e2n ph\u1ed1i: <strong>Maybommini.com<\/strong><br \/>\nH\u00f4\u0309 tr\u01a1\u0323 ky\u0303 thu\u00e2\u0323t vi\u0303nh vi\u00ea\u0303n.<\/p>\n","protected":false},"featured_media":263989,"comment_status":"open","ping_status":"closed","template":"","meta":[],"product_brand":[44],"product_cat":[2033,381],"product_tag":[488,2776,3116,3115,3117,389,2741,3118,279,420,3079],"class_list":{"0":"post-263980","1":"product","2":"type-product","3":"status-publish","4":"has-post-thumbnail","6":"product_brand-smartpumps","7":"product_cat-may-bom-chim-24v","8":"product_cat-may-bom-chim","9":"product_tag-24v","10":"product_tag-bom-luu-luong-lon","11":"product_tag-brushless","12":"product_tag-brushless-submersible-pump","13":"product_tag-khong-choi-than","14":"product_tag-may-bom-chim","15":"product_tag-may-bom-chim-24v","16":"product_tag-may-bom-tha-chim","17":"product_tag-pump","18":"product_tag-smartpumps","19":"product_tag-submersible","21":"first","22":"instock","23":"sale","24":"shipping-taxable","25":"purchasable","26":"product-type-simple"},"_links":{"self":[{"href":"https:\/\/maybommini.vn\/index.php?rest_route=\/wp\/v2\/product\/263980","targetHints":{"allow":["GET"]}}],"collection":[{"href":"https:\/\/maybommini.vn\/index.php?rest_route=\/wp\/v2\/product"}],"about":[{"href":"https:\/\/maybommini.vn\/index.php?rest_route=\/wp\/v2\/types\/product"}],"replies":[{"embeddable":true,"href":"https:\/\/maybommini.vn\/index.php?rest_route=%2Fwp%2Fv2%2Fcomments&post=263980"}],"wp:featuredmedia":[{"embeddable":true,"href":"https:\/\/maybommini.vn\/index.php?rest_route=\/wp\/v2\/media\/263989"}],"wp:attachment":[{"href":"https:\/\/maybommini.vn\/index.php?rest_route=%2Fwp%2Fv2%2Fmedia&parent=263980"}],"wp:term":[{"taxonomy":"product_brand","embeddable":true,"href":"https:\/\/maybommini.vn\/index.php?rest_route=%2Fwp%2Fv2%2Fproduct_brand&post=263980"},{"taxonomy":"product_cat","embeddable":true,"href":"https:\/\/maybommini.vn\/index.php?rest_route=%2Fwp%2Fv2%2Fproduct_cat&post=263980"},{"taxonomy":"product_tag","embeddable":true,"href":"https:\/\/maybommini.vn\/index.php?rest_route=%2Fwp%2Fv2%2Fproduct_tag&post=263980"}],"curies":[{"name":"wp","href":"https:\/\/api.w.org\/{rel}","templated":true}]}}