{"id":264366,"date":"2020-02-16T20:44:47","date_gmt":"2020-02-16T13:44:47","guid":{"rendered":"https:\/\/maybommini.com\/?post_type=product&#038;p=264366"},"modified":"2021-12-03T16:14:30","modified_gmt":"2021-12-03T09:14:30","slug":"ong-day-may-bom-khi-nen-15-met-pu-5x8","status":"publish","type":"product","link":"https:\/\/maybommini.vn\/?product=ong-day-may-bom-khi-nen-15-met-pu-5x8","title":{"rendered":"\u1ed0ng d\u00e2y m\u00e1y b\u01a1m kh\u00ed n\u00e9n 15 m\u00e9t PU-5&#215;8"},"content":{"rendered":"<h3><strong>Cung c\u1ea5p s\u1ec9 v\u00e0 l\u1ebb \u1ed1ng d\u00e2y <a href=\"https:\/\/maybommini.com\/danh-muc\/may-bom-hoi-khi-nen\" target=\"_blank\" rel=\"noopener\">m\u00e1y b\u01a1m kh\u00ed n\u00e9n<\/a>\u00a015 m\u00e9t PU-5&#215;8 ch\u1ea5t l\u01b0\u1ee3ng ki\u1ec3u d\u00e2y xo\u1eafn ru\u1ed9t g\u00e0 th\u00f4ng d\u1ee5ng. \u0110\u00e2y l\u00e0 lo\u1ea1i \u1ed1ng c\u00f3 s\u1eb5n \u0111\u1ea7u n\u1ed1i nhanh \u0111\u1ef1c v\u00e0 c\u00e1i \u0111\u1ec3 g\u1eafn v\u00e0o m\u00e1y b\u01a1m v\u00e0 \u0111\u1ea7u x\u1ecbt ho\u1eb7c thi\u1ebft b\u1ecb h\u01a1i c\u1ea7m tay.<\/strong><\/h3>\n<p><a href=\"https:\/\/maybommini.com\/wp-content\/uploads\/2020\/02\/Ong-day-bom-khi-nen-15-met-8mm.jpg\" target=\"_blank\" rel=\"noopener\"><img decoding=\"async\" class=\"size-full wp-image-264364 aligncenter\" src=\"https:\/\/maybommini.com\/wp-content\/uploads\/2020\/02\/Ong-day-bom-khi-nen-15-met-8mm.jpg\" alt=\"Ong Day Bom Khi Nen 15 Met 8mm\" width=\"750\" height=\"750\" srcset=\"https:\/\/maybommini.vn\/wp-content\/uploads\/2020\/02\/Ong-day-bom-khi-nen-15-met-8mm.jpg 750w, https:\/\/maybommini.vn\/wp-content\/uploads\/2020\/02\/Ong-day-bom-khi-nen-15-met-8mm-300x300.jpg 300w, https:\/\/maybommini.vn\/wp-content\/uploads\/2020\/02\/Ong-day-bom-khi-nen-15-met-8mm-150x150.jpg 150w, https:\/\/maybommini.vn\/wp-content\/uploads\/2020\/02\/Ong-day-bom-khi-nen-15-met-8mm-600x600.jpg 600w\" sizes=\"(max-width: 750px) 100vw, 750px\" \/><\/a><\/p>\n<p><strong>TH\u00d4NG S\u1ed0 K\u1ef8 THU\u1eacT<\/strong><br \/>\nModel: PU-58-15M<br \/>\nChi\u1ec1u d\u00e0i: 15 m\u00e9t.<br \/>\nCh\u1ea5t li\u1ec7u: PU &#8211;\u00a0Polyurethane.<br \/>\n\u0110\u01b0\u1eddng k\u00ednh trong: 5 mm.<br \/>\n\u0110\u01b0\u1eddng k\u00ednh ngo\u00e0i: 8 mm.<br \/>\nKi\u1ec3u k\u1ebft n\u1ed1i nhanh \u0111\u1ef1c v\u00e0 c\u00e1i.<br \/>\n\u0110\u1ea7u k\u1ebft n\u1ed1i kh\u00ed n\u00e9n\u00a0PP20 + SP20.<br \/>\nCh\u1ecbu l\u1ef1c t\u1ed1i \u0111a: 24 kgf\/cm2.<br \/>\nCh\u1ecbu nhi\u1ec7t t\u1ed1i \u0111a: &#8211; 20 \u0111\u1ebfn 65 \u0111\u1ed9 C.<br \/>\nTr\u1ecdng l\u01b0\u1ee3ng: 700 gam.<br \/>\n<a href=\"https:\/\/maybommini.com\/wp-content\/uploads\/2020\/02\/nha-cung-cap-ong-hoi-khi-nen-chinh-hang.jpg\" target=\"_blank\" rel=\"noopener\"><img decoding=\"async\" class=\"size-full wp-image-264335 aligncenter\" src=\"https:\/\/maybommini.com\/wp-content\/uploads\/2020\/02\/nha-cung-cap-ong-hoi-khi-nen-chinh-hang.jpg\" alt=\"Nha Cung Cap Ong Hoi Khi Nen Chinh Hang\" width=\"750\" height=\"750\" srcset=\"https:\/\/maybommini.vn\/wp-content\/uploads\/2020\/02\/nha-cung-cap-ong-hoi-khi-nen-chinh-hang.jpg 750w, https:\/\/maybommini.vn\/wp-content\/uploads\/2020\/02\/nha-cung-cap-ong-hoi-khi-nen-chinh-hang-300x300.jpg 300w, https:\/\/maybommini.vn\/wp-content\/uploads\/2020\/02\/nha-cung-cap-ong-hoi-khi-nen-chinh-hang-150x150.jpg 150w, https:\/\/maybommini.vn\/wp-content\/uploads\/2020\/02\/nha-cung-cap-ong-hoi-khi-nen-chinh-hang-600x600.jpg 600w\" sizes=\"(max-width: 750px) 100vw, 750px\" \/><\/a> <a href=\"https:\/\/maybommini.com\/wp-content\/uploads\/2020\/02\/thong-so-ky-thuat-ong-PU-bom-hoi-khi-nen.jpg\" target=\"_blank\" rel=\"noopener\"><img decoding=\"async\" class=\"size-full wp-image-264328 aligncenter\" src=\"https:\/\/maybommini.com\/wp-content\/uploads\/2020\/02\/thong-so-ky-thuat-ong-PU-bom-hoi-khi-nen.jpg\" alt=\"Thong So Ky Thuat Ong PU Bom Hoi Khi Nen\" width=\"750\" height=\"750\" srcset=\"https:\/\/maybommini.vn\/wp-content\/uploads\/2020\/02\/thong-so-ky-thuat-ong-PU-bom-hoi-khi-nen.jpg 750w, https:\/\/maybommini.vn\/wp-content\/uploads\/2020\/02\/thong-so-ky-thuat-ong-PU-bom-hoi-khi-nen-300x300.jpg 300w, https:\/\/maybommini.vn\/wp-content\/uploads\/2020\/02\/thong-so-ky-thuat-ong-PU-bom-hoi-khi-nen-150x150.jpg 150w, https:\/\/maybommini.vn\/wp-content\/uploads\/2020\/02\/thong-so-ky-thuat-ong-PU-bom-hoi-khi-nen-600x600.jpg 600w\" sizes=\"(max-width: 750px) 100vw, 750px\" \/><\/a> <a href=\"https:\/\/maybommini.com\/wp-content\/uploads\/2020\/02\/ong-PU-chat-luong-gia-re.jpg\" target=\"_blank\" rel=\"noopener\"><img decoding=\"async\" class=\"size-full wp-image-264326 aligncenter\" src=\"https:\/\/maybommini.com\/wp-content\/uploads\/2020\/02\/ong-PU-chat-luong-gia-re.jpg\" alt=\"Ong PU Chat Luong Gia Re\" width=\"750\" height=\"750\" srcset=\"https:\/\/maybommini.vn\/wp-content\/uploads\/2020\/02\/ong-PU-chat-luong-gia-re.jpg 750w, https:\/\/maybommini.vn\/wp-content\/uploads\/2020\/02\/ong-PU-chat-luong-gia-re-300x300.jpg 300w, https:\/\/maybommini.vn\/wp-content\/uploads\/2020\/02\/ong-PU-chat-luong-gia-re-150x150.jpg 150w, https:\/\/maybommini.vn\/wp-content\/uploads\/2020\/02\/ong-PU-chat-luong-gia-re-600x600.jpg 600w\" sizes=\"(max-width: 750px) 100vw, 750px\" \/><\/a> <a href=\"https:\/\/maybommini.com\/wp-content\/uploads\/2020\/02\/Dau-noi-ong-hoi-khi-nen.jpg\" target=\"_blank\" rel=\"noopener\"><img decoding=\"async\" class=\"size-full wp-image-264333 aligncenter\" src=\"https:\/\/maybommini.com\/wp-content\/uploads\/2020\/02\/Dau-noi-ong-hoi-khi-nen.jpg\" alt=\"Dau Noi Ong Hoi Khi Nen\" width=\"750\" height=\"750\" srcset=\"https:\/\/maybommini.vn\/wp-content\/uploads\/2020\/02\/Dau-noi-ong-hoi-khi-nen.jpg 750w, https:\/\/maybommini.vn\/wp-content\/uploads\/2020\/02\/Dau-noi-ong-hoi-khi-nen-300x300.jpg 300w, https:\/\/maybommini.vn\/wp-content\/uploads\/2020\/02\/Dau-noi-ong-hoi-khi-nen-150x150.jpg 150w, https:\/\/maybommini.vn\/wp-content\/uploads\/2020\/02\/Dau-noi-ong-hoi-khi-nen-600x600.jpg 600w\" sizes=\"(max-width: 750px) 100vw, 750px\" \/><\/a> <a href=\"https:\/\/maybommini.com\/wp-content\/uploads\/2020\/02\/dau-noi-duoi-duc-ong-hoi-khi-ne.jpg\" target=\"_blank\" rel=\"noopener\"><img decoding=\"async\" class=\"size-full wp-image-264332 aligncenter\" src=\"https:\/\/maybommini.com\/wp-content\/uploads\/2020\/02\/dau-noi-duoi-duc-ong-hoi-khi-ne.jpg\" alt=\"Dau Noi Duoi Duc Ong Hoi Khi Ne\" width=\"750\" height=\"750\" srcset=\"https:\/\/maybommini.vn\/wp-content\/uploads\/2020\/02\/dau-noi-duoi-duc-ong-hoi-khi-ne.jpg 750w, https:\/\/maybommini.vn\/wp-content\/uploads\/2020\/02\/dau-noi-duoi-duc-ong-hoi-khi-ne-300x300.jpg 300w, https:\/\/maybommini.vn\/wp-content\/uploads\/2020\/02\/dau-noi-duoi-duc-ong-hoi-khi-ne-150x150.jpg 150w, https:\/\/maybommini.vn\/wp-content\/uploads\/2020\/02\/dau-noi-duoi-duc-ong-hoi-khi-ne-600x600.jpg 600w\" sizes=\"(max-width: 750px) 100vw, 750px\" \/><\/a> <a href=\"https:\/\/maybommini.com\/wp-content\/uploads\/2020\/02\/Air-Hose-Professional.jpg\" target=\"_blank\" rel=\"noopener\"><img decoding=\"async\" class=\"size-full wp-image-264330 aligncenter\" src=\"https:\/\/maybommini.com\/wp-content\/uploads\/2020\/02\/Air-Hose-Professional.jpg\" alt=\"Air Hose Professional\" width=\"750\" height=\"750\" srcset=\"https:\/\/maybommini.vn\/wp-content\/uploads\/2020\/02\/Air-Hose-Professional.jpg 750w, https:\/\/maybommini.vn\/wp-content\/uploads\/2020\/02\/Air-Hose-Professional-300x300.jpg 300w, https:\/\/maybommini.vn\/wp-content\/uploads\/2020\/02\/Air-Hose-Professional-150x150.jpg 150w, https:\/\/maybommini.vn\/wp-content\/uploads\/2020\/02\/Air-Hose-Professional-600x600.jpg 600w\" sizes=\"(max-width: 750px) 100vw, 750px\" \/><\/a> <a href=\"https:\/\/maybommini.com\/wp-content\/uploads\/2020\/02\/Ong-day-bom-khi-nen.jpg\" target=\"_blank\" rel=\"noopener\"><img decoding=\"async\" class=\"size-full wp-image-264337 aligncenter\" src=\"https:\/\/maybommini.com\/wp-content\/uploads\/2020\/02\/Ong-day-bom-khi-nen.jpg\" alt=\"Ong Day Bom Khi Nen\" width=\"750\" height=\"750\" srcset=\"https:\/\/maybommini.vn\/wp-content\/uploads\/2020\/02\/Ong-day-bom-khi-nen.jpg 750w, https:\/\/maybommini.vn\/wp-content\/uploads\/2020\/02\/Ong-day-bom-khi-nen-300x300.jpg 300w, https:\/\/maybommini.vn\/wp-content\/uploads\/2020\/02\/Ong-day-bom-khi-nen-150x150.jpg 150w, https:\/\/maybommini.vn\/wp-content\/uploads\/2020\/02\/Ong-day-bom-khi-nen-600x600.jpg 600w\" sizes=\"(max-width: 750px) 100vw, 750px\" \/><\/a> <a href=\"https:\/\/maybommini.com\/wp-content\/uploads\/2020\/02\/ong-bom-hoi-khi-nen.jpg\" target=\"_blank\" rel=\"noopener\"><img decoding=\"async\" class=\"size-full wp-image-264336 aligncenter\" src=\"https:\/\/maybommini.com\/wp-content\/uploads\/2020\/02\/ong-bom-hoi-khi-nen.jpg\" alt=\"Ong Bom Hoi Khi Nen\" width=\"750\" height=\"750\" srcset=\"https:\/\/maybommini.vn\/wp-content\/uploads\/2020\/02\/ong-bom-hoi-khi-nen.jpg 750w, https:\/\/maybommini.vn\/wp-content\/uploads\/2020\/02\/ong-bom-hoi-khi-nen-300x300.jpg 300w, https:\/\/maybommini.vn\/wp-content\/uploads\/2020\/02\/ong-bom-hoi-khi-nen-150x150.jpg 150w, https:\/\/maybommini.vn\/wp-content\/uploads\/2020\/02\/ong-bom-hoi-khi-nen-600x600.jpg 600w\" sizes=\"(max-width: 750px) 100vw, 750px\" \/><\/a><strong>T\u00cdNH N\u0102NG S\u1eec D\u1ee4NG<\/strong><br \/>\n\u0110\u01b0\u1ee3c s\u1eed d\u1ee5ng r\u1ed9ng r\u00e3i trong c\u00e1c c\u00f4ng c\u1ee5 kh\u00ed n\u00e9n, m\u00e1y n\u00e9n kh\u00ed v\u00e0 c\u00e1c thi\u1ebft b\u1ecb li\u00ean quan \u0111\u1ebfn kh\u00f4ng kh\u00ed.<br \/>\n\u1ed0ng d\u1eabn kh\u00ed n\u00e9n, \u1ed1ng d\u1eabn ch\u1ea5t l\u1ecfng, \u1ed1ng d\u1eabn d\u1ea7u.<br \/>\n\u1ed0ng d\u00e2y b\u01a1m b\u00e1nh xe, \u1ed1ng d\u00e2y b\u01a1m kh\u00ed \u00e1p l\u1ef1 cao.<br \/>\nK\u1ebft n\u1ed1i linh ho\u1ea1t, nhanh ch\u00f3ng.<br \/>\n\u0110\u1ea7u n\u1ed1i di \u0111\u1ed9ng, d\u1ec5 v\u1eadn h\u00e0nh v\u00e0 b\u1ec1n b\u1ec9.<\/p>\n<p><a href=\"https:\/\/maybommini.com\/wp-content\/uploads\/2020\/02\/su-dung-ong-khi-nen.jpg\" target=\"_blank\" rel=\"noopener\"><img decoding=\"async\" class=\"size-full wp-image-264327 aligncenter\" src=\"https:\/\/maybommini.com\/wp-content\/uploads\/2020\/02\/su-dung-ong-khi-nen.jpg\" alt=\"Su Dung Ong Khi Nen\" width=\"750\" height=\"750\" srcset=\"https:\/\/maybommini.vn\/wp-content\/uploads\/2020\/02\/su-dung-ong-khi-nen.jpg 750w, https:\/\/maybommini.vn\/wp-content\/uploads\/2020\/02\/su-dung-ong-khi-nen-300x300.jpg 300w, https:\/\/maybommini.vn\/wp-content\/uploads\/2020\/02\/su-dung-ong-khi-nen-150x150.jpg 150w, https:\/\/maybommini.vn\/wp-content\/uploads\/2020\/02\/su-dung-ong-khi-nen-600x600.jpg 600w\" sizes=\"(max-width: 750px) 100vw, 750px\" \/><\/a> <a href=\"https:\/\/maybommini.com\/wp-content\/uploads\/2020\/02\/ung-dung-ong-khi-nen.jpg\" target=\"_blank\" rel=\"noopener\"><img decoding=\"async\" class=\"size-full wp-image-264329 aligncenter\" src=\"https:\/\/maybommini.com\/wp-content\/uploads\/2020\/02\/ung-dung-ong-khi-nen.jpg\" alt=\"Ung Dung Ong Khi Nen\" width=\"750\" height=\"750\" srcset=\"https:\/\/maybommini.vn\/wp-content\/uploads\/2020\/02\/ung-dung-ong-khi-nen.jpg 750w, https:\/\/maybommini.vn\/wp-content\/uploads\/2020\/02\/ung-dung-ong-khi-nen-300x300.jpg 300w, https:\/\/maybommini.vn\/wp-content\/uploads\/2020\/02\/ung-dung-ong-khi-nen-150x150.jpg 150w, https:\/\/maybommini.vn\/wp-content\/uploads\/2020\/02\/ung-dung-ong-khi-nen-600x600.jpg 600w\" sizes=\"(max-width: 750px) 100vw, 750px\" \/><\/a> <a href=\"https:\/\/maybommini.com\/wp-content\/uploads\/2020\/02\/Ong-day-bom-khi-nen-gia-re.jpg\" target=\"_blank\" rel=\"noopener\"><img decoding=\"async\" class=\"size-full wp-image-264323 aligncenter\" src=\"https:\/\/maybommini.com\/wp-content\/uploads\/2020\/02\/Ong-day-bom-khi-nen-gia-re.jpg\" alt=\"Ong Day Bom Khi Nen Gia Re\" width=\"750\" height=\"750\" srcset=\"https:\/\/maybommini.vn\/wp-content\/uploads\/2020\/02\/Ong-day-bom-khi-nen-gia-re.jpg 750w, https:\/\/maybommini.vn\/wp-content\/uploads\/2020\/02\/Ong-day-bom-khi-nen-gia-re-300x300.jpg 300w, https:\/\/maybommini.vn\/wp-content\/uploads\/2020\/02\/Ong-day-bom-khi-nen-gia-re-150x150.jpg 150w, https:\/\/maybommini.vn\/wp-content\/uploads\/2020\/02\/Ong-day-bom-khi-nen-gia-re-600x600.jpg 600w\" sizes=\"(max-width: 750px) 100vw, 750px\" \/><\/a> <a href=\"https:\/\/maybommini.com\/wp-content\/uploads\/2020\/02\/nha-cung-cap-ong-hoi-khi-nen-chinh-hang.jpg\" target=\"_blank\" rel=\"noopener\"><img decoding=\"async\" class=\"size-full wp-image-264335 aligncenter\" src=\"https:\/\/maybommini.com\/wp-content\/uploads\/2020\/02\/nha-cung-cap-ong-hoi-khi-nen-chinh-hang.jpg\" alt=\"Nha Cung Cap Ong Hoi Khi Nen Chinh Hang\" width=\"750\" height=\"750\" srcset=\"https:\/\/maybommini.vn\/wp-content\/uploads\/2020\/02\/nha-cung-cap-ong-hoi-khi-nen-chinh-hang.jpg 750w, https:\/\/maybommini.vn\/wp-content\/uploads\/2020\/02\/nha-cung-cap-ong-hoi-khi-nen-chinh-hang-300x300.jpg 300w, https:\/\/maybommini.vn\/wp-content\/uploads\/2020\/02\/nha-cung-cap-ong-hoi-khi-nen-chinh-hang-150x150.jpg 150w, https:\/\/maybommini.vn\/wp-content\/uploads\/2020\/02\/nha-cung-cap-ong-hoi-khi-nen-chinh-hang-600x600.jpg 600w\" sizes=\"(max-width: 750px) 100vw, 750px\" \/><\/a><\/p>\n<p><a href=\"https:\/\/maybommini.com\/wp-content\/uploads\/2020\/02\/su-dong-ong-hoi-khi-nen-chinh-hang.jpg\" target=\"_blank\" rel=\"noopener\"><img decoding=\"async\" class=\"size-full wp-image-264357 aligncenter\" src=\"https:\/\/maybommini.com\/wp-content\/uploads\/2020\/02\/su-dong-ong-hoi-khi-nen-chinh-hang.jpg\" alt=\"Su Dong Ong Hoi Khi Nen Chinh Hang\" width=\"750\" height=\"750\" srcset=\"https:\/\/maybommini.vn\/wp-content\/uploads\/2020\/02\/su-dong-ong-hoi-khi-nen-chinh-hang.jpg 750w, https:\/\/maybommini.vn\/wp-content\/uploads\/2020\/02\/su-dong-ong-hoi-khi-nen-chinh-hang-300x300.jpg 300w, https:\/\/maybommini.vn\/wp-content\/uploads\/2020\/02\/su-dong-ong-hoi-khi-nen-chinh-hang-150x150.jpg 150w, https:\/\/maybommini.vn\/wp-content\/uploads\/2020\/02\/su-dong-ong-hoi-khi-nen-chinh-hang-600x600.jpg 600w\" sizes=\"(max-width: 750px) 100vw, 750px\" \/><\/a> <a href=\"https:\/\/maybommini.com\/wp-content\/uploads\/2020\/02\/su-dung-ong-bom-hoi-PU.jpg\" target=\"_blank\" rel=\"noopener\"><img decoding=\"async\" class=\"size-full wp-image-264358 aligncenter\" src=\"https:\/\/maybommini.com\/wp-content\/uploads\/2020\/02\/su-dung-ong-bom-hoi-PU.jpg\" alt=\"Su Dung Ong Bom Hoi PU\" width=\"750\" height=\"750\" srcset=\"https:\/\/maybommini.vn\/wp-content\/uploads\/2020\/02\/su-dung-ong-bom-hoi-PU.jpg 750w, https:\/\/maybommini.vn\/wp-content\/uploads\/2020\/02\/su-dung-ong-bom-hoi-PU-300x300.jpg 300w, https:\/\/maybommini.vn\/wp-content\/uploads\/2020\/02\/su-dung-ong-bom-hoi-PU-150x150.jpg 150w, https:\/\/maybommini.vn\/wp-content\/uploads\/2020\/02\/su-dung-ong-bom-hoi-PU-600x600.jpg 600w\" sizes=\"(max-width: 750px) 100vw, 750px\" \/><\/a><\/p>\n<p><em><strong><a href=\"https:\/\/maybommini.com\/\" target=\"_blank\" rel=\"noopener noreferrer\">M\u00e1y B\u01a1m Mini \u2013 Maybommini.com<\/a>\u00a0Chuy\u00ean cung c\u1ea5p ph\u00e2n ph\u1ed1i b\u00e1n m\u00e1y b\u01a1m h\u01a1i kh\u00ed n\u00e9n v\u00e0 ph\u1ee5 ki\u1ec7n kh\u00ed n\u00e9n gi\u00e1 t\u1ed1t v\u00e0 b\u1ea3o h\u00e0nh l\u00e2u d\u00e0i ch\u00ednh h\u00e3ng cho kh\u00e1ch h\u00e0ng tr\u00ean to\u00e0n qu\u1ed1c. Vui l\u00f2ng li\u00ean h\u1ec7 ch\u00fang t\u00f4i \u0111\u1ec3 \u0111\u01b0\u1ee3c t\u01b0 v\u1ea5n nhu c\u1ea7u ph\u00f9 h\u1ee3p ti\u1ebft ki\u1ec7m h\u01a1n khi mua h\u00e0ng.<\/strong><\/em><br \/>\n<strong>Hotline:<\/strong>\u00a00907294310 \u2013 02873030399<br \/>\n<strong>Email:<\/strong>\u00a0maybommini.com@gmail.com<br \/>\n<strong>Website<\/strong>:\u00a0<a href=\"https:\/\/maybommini.com\/\" target=\"_blank\" rel=\"noopener noreferrer\">https:\/\/maybommini.com<\/a><br \/>\n<strong>Facebook:<\/strong>\u00a0<a href=\"https:\/\/www.facebook.com\/maybommini\" target=\"_blank\" rel=\"noopener noreferrer\">https:\/\/www.facebook.com\/maybommini<\/a><br \/>\n<strong>Youtube demo:<\/strong>\u00a0<a href=\"https:\/\/www.youtube.com\/bahamasali\" target=\"_blank\" rel=\"noopener noreferrer\">https:\/\/www.youtube.com\/bahamasali<\/a><\/p>\n<p><a href=\"https:\/\/maybommini.com\/wp-content\/uploads\/2020\/02\/ban-ong-hoi-khi-nen-chat-luong-gia-re-chinh-hang.jpg\" target=\"_blank\" rel=\"noopener\"><img decoding=\"async\" class=\"size-full wp-image-264331 aligncenter\" src=\"https:\/\/maybommini.com\/wp-content\/uploads\/2020\/02\/ban-ong-hoi-khi-nen-chat-luong-gia-re-chinh-hang.jpg\" alt=\"Ban Ong Hoi Khi Nen Chat Luong Gia Re Chinh Hang\" width=\"750\" height=\"750\" srcset=\"https:\/\/maybommini.vn\/wp-content\/uploads\/2020\/02\/ban-ong-hoi-khi-nen-chat-luong-gia-re-chinh-hang.jpg 750w, https:\/\/maybommini.vn\/wp-content\/uploads\/2020\/02\/ban-ong-hoi-khi-nen-chat-luong-gia-re-chinh-hang-300x300.jpg 300w, https:\/\/maybommini.vn\/wp-content\/uploads\/2020\/02\/ban-ong-hoi-khi-nen-chat-luong-gia-re-chinh-hang-150x150.jpg 150w, https:\/\/maybommini.vn\/wp-content\/uploads\/2020\/02\/ban-ong-hoi-khi-nen-chat-luong-gia-re-chinh-hang-600x600.jpg 600w\" sizes=\"(max-width: 750px) 100vw, 750px\" \/><\/a> <a href=\"https:\/\/maybommini.com\/wp-content\/uploads\/2020\/02\/Air-Hose-Professional.jpg\" target=\"_blank\" rel=\"noopener\"><img decoding=\"async\" class=\"size-full wp-image-264330 aligncenter\" src=\"https:\/\/maybommini.com\/wp-content\/uploads\/2020\/02\/Air-Hose-Professional.jpg\" alt=\"Air Hose Professional\" width=\"750\" height=\"750\" srcset=\"https:\/\/maybommini.vn\/wp-content\/uploads\/2020\/02\/Air-Hose-Professional.jpg 750w, https:\/\/maybommini.vn\/wp-content\/uploads\/2020\/02\/Air-Hose-Professional-300x300.jpg 300w, https:\/\/maybommini.vn\/wp-content\/uploads\/2020\/02\/Air-Hose-Professional-150x150.jpg 150w, https:\/\/maybommini.vn\/wp-content\/uploads\/2020\/02\/Air-Hose-Professional-600x600.jpg 600w\" sizes=\"(max-width: 750px) 100vw, 750px\" \/><\/a><\/p>\n<h3 style=\"text-align: center;\"><a href=\"https:\/\/maybommini.com\/san-pham\/ong-day-may-bom-khi-nen-6-met-pu-5x8\" target=\"_blank\" rel=\"noopener noreferrer\"><em><strong>\u1ed0ng d\u00e2y m\u00e1y b\u01a1m kh\u00ed n\u00e9n 6 m\u00e9t PU-5&#215;8<\/strong><\/em><\/a><br \/>\n<a href=\"https:\/\/maybommini.com\/san-pham\/ong-day-may-bom-khi-nen-9-met-pu-5x8\" target=\"_blank\" rel=\"noopener noreferrer\"><em><strong>\u1ed0ng d\u00e2y m\u00e1y b\u01a1m kh\u00ed n\u00e9n 9 m\u00e9t PU-5&#215;8<\/strong><\/em><\/a><br \/>\n<a href=\"https:\/\/maybommini.com\/san-pham\/ong-day-may-bom-khi-nen-12-met-pu-5x8\" target=\"_blank\" rel=\"noopener noreferrer\"><em><strong>\u1ed0ng d\u00e2y m\u00e1y b\u01a1m kh\u00ed n\u00e9n 12 m\u00e9t PU-5&#215;8<\/strong><\/em><\/a><br \/>\n<em><strong>\u1ed0ng d\u00e2y m\u00e1y b\u01a1m kh\u00ed n\u00e9n 15 m\u00e9t PU-5&#215;8<br \/>\n<\/strong><\/em>Air Compressor Hose Tube<\/h3>\n","protected":false},"excerpt":{"rendered":"<p>Model: PU-58-15M<br \/>\nChi\u1ec1u d\u00e0i: 15 m\u00e9t.<br \/>\nCh\u1ea5t li\u1ec7u: PU &#8211;\u00a0Polyurethane.<br \/>\n\u0110\u01b0\u1eddng k\u00ednh trong: 5 mm.<br \/>\n\u0110\u01b0\u1eddng k\u00ednh ngo\u00e0i: 8 mm.<br \/>\nKi\u1ec3u k\u1ebft n\u1ed1i nhanh \u0111\u1ef1c v\u00e0 c\u00e1i.<br \/>\n\u0110\u1ea7u k\u1ebft n\u1ed1i kh\u00ed n\u00e9n\u00a0PP20 + SP20.<br \/>\nCh\u1ecbu l\u1ef1c t\u1ed1i \u0111a: 24 kgf\/cm2.<br \/>\nCh\u1ecbu nhi\u1ec7t t\u1ed1i \u0111a: &#8211; 20 \u0111\u1ebfn 65 \u0111\u1ed9 C.<br \/>\nTr\u1ecdng l\u01b0\u1ee3ng: 700 gam.<br \/>\nB\u1ea3o h\u00e0nh: 1 th\u00e1ng.<br \/>\n<strong>Ph\u00e2n ph\u1ed1i: Maybommini.com<\/strong><\/p>\n","protected":false},"featured_media":264364,"comment_status":"open","ping_status":"closed","template":"","meta":[],"product_brand":[2227],"product_cat":[3216,3200],"product_tag":[2461,3224,3222,3223,3219,3221,3226,481,3220,3218,586,3217,3225],"class_list":{"0":"post-264366","1":"product","2":"type-product","3":"status-publish","4":"has-post-thumbnail","6":"product_brand-mtm","7":"product_cat-phu-kien-may-bom-khi-nen","8":"product_cat-may-bom-hoi-khi-nen","9":"product_tag-air-compressor","10":"product_tag-air-compressor-hose-tube","11":"product_tag-air-compressor-hose-tube-polyurethane","12":"product_tag-compressor-air-tool","13":"product_tag-day-day-bom-xe","14":"product_tag-khi-nen","15":"product_tag-linh-kien-khi-nen","16":"product_tag-ong-hoi","17":"product_tag-ong-khi","18":"product_tag-ong-khi-nen","19":"product_tag-ong-pu","20":"product_tag-phu-kien-khi-nen","21":"product_tag-thiet-bi-khi-nen","23":"first","24":"instock","25":"sale","26":"shipping-taxable","27":"purchasable","28":"product-type-simple"},"_links":{"self":[{"href":"https:\/\/maybommini.vn\/index.php?rest_route=\/wp\/v2\/product\/264366","targetHints":{"allow":["GET"]}}],"collection":[{"href":"https:\/\/maybommini.vn\/index.php?rest_route=\/wp\/v2\/product"}],"about":[{"href":"https:\/\/maybommini.vn\/index.php?rest_route=\/wp\/v2\/types\/product"}],"replies":[{"embeddable":true,"href":"https:\/\/maybommini.vn\/index.php?rest_route=%2Fwp%2Fv2%2Fcomments&post=264366"}],"wp:featuredmedia":[{"embeddable":true,"href":"https:\/\/maybommini.vn\/index.php?rest_route=\/wp\/v2\/media\/264364"}],"wp:attachment":[{"href":"https:\/\/maybommini.vn\/index.php?rest_route=%2Fwp%2Fv2%2Fmedia&parent=264366"}],"wp:term":[{"taxonomy":"product_brand","embeddable":true,"href":"https:\/\/maybommini.vn\/index.php?rest_route=%2Fwp%2Fv2%2Fproduct_brand&post=264366"},{"taxonomy":"product_cat","embeddable":true,"href":"https:\/\/maybommini.vn\/index.php?rest_route=%2Fwp%2Fv2%2Fproduct_cat&post=264366"},{"taxonomy":"product_tag","embeddable":true,"href":"https:\/\/maybommini.vn\/index.php?rest_route=%2Fwp%2Fv2%2Fproduct_tag&post=264366"}],"curies":[{"name":"wp","href":"https:\/\/api.w.org\/{rel}","templated":true}]}}