{"id":264380,"date":"2020-02-17T22:00:23","date_gmt":"2020-02-17T15:00:23","guid":{"rendered":"https:\/\/maybommini.com\/?post_type=product&#038;p=264380"},"modified":"2026-01-10T10:00:57","modified_gmt":"2026-01-10T03:00:57","slug":"sung-xit-hoi-khi-nen-taiwan-dg-10","status":"publish","type":"product","link":"https:\/\/maybommini.vn\/?product=sung-xit-hoi-khi-nen-taiwan-dg-10","title":{"rendered":"S\u00fang x\u1ecbt h\u01a1i kh\u00ed n\u00e9n Taiwan DG-10"},"content":{"rendered":"<h3><strong>B\u00e1n s\u00fang x\u1ecbt h\u01a1i kh\u00ed n\u00e9n Taiwan DG-10 chuy\u00ean d\u1ee5ng ch\u1ea5t l\u01b0\u1ee3ng ch\u00ednh h\u00e3ng \u0111\u01b0\u1ee3c nh\u1eadp kh\u1ea9u s\u1eed d\u1ee5ng r\u1ea5t t\u1ed1t v\u00e0 b\u1ec1n b\u1ec9 l\u00e2u d\u00e0i. \u0110\u00e2y l\u00e0 s\u00fang x\u1ecbt h\u01a1i \u0111\u01b0\u1ee3c \u01b0u chu\u1ed9ng v\u00e0 s\u1eed d\u1ee5ng nhi\u1ec1u nh\u1ea5t hi\u1ec7n nay do \u0111\u01b0\u1ee3c \u0111\u00e1nh gi\u00e1 r\u1ea5t t\u1ed1t t\u1eeb kh\u00e1ch h\u00e0ng.<\/strong><\/h3>\n<p><a href=\"https:\/\/maybommini.com\/wp-content\/uploads\/2020\/02\/ban-dung-xit-khi-nen-DG-10-Taiwan.jpg\" target=\"_blank\" rel=\"noopener\"><img decoding=\"async\" class=\"size-full wp-image-264397 aligncenter\" src=\"https:\/\/maybommini.com\/wp-content\/uploads\/2020\/02\/ban-dung-xit-khi-nen-DG-10-Taiwan.jpg\" alt=\"Ban Dung Xit Khi Nen DG 10 Taiwan\" width=\"750\" height=\"750\" srcset=\"https:\/\/maybommini.vn\/wp-content\/uploads\/2020\/02\/ban-dung-xit-khi-nen-DG-10-Taiwan.jpg 750w, https:\/\/maybommini.vn\/wp-content\/uploads\/2020\/02\/ban-dung-xit-khi-nen-DG-10-Taiwan-300x300.jpg 300w, https:\/\/maybommini.vn\/wp-content\/uploads\/2020\/02\/ban-dung-xit-khi-nen-DG-10-Taiwan-150x150.jpg 150w, https:\/\/maybommini.vn\/wp-content\/uploads\/2020\/02\/ban-dung-xit-khi-nen-DG-10-Taiwan-600x600.jpg 600w\" sizes=\"(max-width: 750px) 100vw, 750px\" \/><\/a><\/p>\n<p><strong>TH\u00d4NG S\u1ed0 K\u1ef8 THU\u1eacT<\/strong><br \/>\nModel: DG-10-2<br \/>\n\u0110\u1ea7u n\u1ed1i d\u00e0i s\u00fang 95 mm.<br \/>\nCh\u1ea5t li\u1ec7u: Nh\u00f4m &#8211; Inox.<br \/>\nVan kh\u00ed n\u00e9n cao c\u1ea5p.<br \/>\nCh\u1ecbu \u00e1p l\u1ef1c t\u1ed1i \u0111a: 1.0 Mpa &#8211; 10 Kgf\/cm2.<br \/>\nN\u1ed1i nhanh \u1ed1ng h\u01a1i \u0111u\u00f4i \u0111\u1ef1c.<br \/>\nK\u00edch th\u01b0\u1edbc: 140 x 100 mm<br \/>\nTr\u1ecdng l\u01b0\u1ee3ng: 200 gam.<br \/>\nMade in Taiwan.<\/p>\n<p><a href=\"https:\/\/maybommini.com\/wp-content\/uploads\/2020\/02\/Sung-phun-xit-khi-nen-Taiwan-gia-re.jpg\" target=\"_blank\" rel=\"noopener\"><img decoding=\"async\" class=\"size-full wp-image-264387 aligncenter\" src=\"https:\/\/maybommini.com\/wp-content\/uploads\/2020\/02\/Sung-phun-xit-khi-nen-Taiwan-gia-re.jpg\" alt=\"Sung Phun Xit Khi Nen Taiwan Gia Re\" width=\"750\" height=\"750\" srcset=\"https:\/\/maybommini.vn\/wp-content\/uploads\/2020\/02\/Sung-phun-xit-khi-nen-Taiwan-gia-re.jpg 750w, https:\/\/maybommini.vn\/wp-content\/uploads\/2020\/02\/Sung-phun-xit-khi-nen-Taiwan-gia-re-300x300.jpg 300w, https:\/\/maybommini.vn\/wp-content\/uploads\/2020\/02\/Sung-phun-xit-khi-nen-Taiwan-gia-re-150x150.jpg 150w, https:\/\/maybommini.vn\/wp-content\/uploads\/2020\/02\/Sung-phun-xit-khi-nen-Taiwan-gia-re-600x600.jpg 600w\" sizes=\"(max-width: 750px) 100vw, 750px\" \/><\/a> <a href=\"https:\/\/maybommini.com\/wp-content\/uploads\/2020\/02\/Air-Duster-DG-10.jpg\" target=\"_blank\" rel=\"noopener\"><img decoding=\"async\" class=\"size-full wp-image-264393 aligncenter\" src=\"https:\/\/maybommini.com\/wp-content\/uploads\/2020\/02\/Air-Duster-DG-10.jpg\" alt=\"Air Duster DG 10\" width=\"750\" height=\"750\" srcset=\"https:\/\/maybommini.vn\/wp-content\/uploads\/2020\/02\/Air-Duster-DG-10.jpg 750w, https:\/\/maybommini.vn\/wp-content\/uploads\/2020\/02\/Air-Duster-DG-10-300x300.jpg 300w, https:\/\/maybommini.vn\/wp-content\/uploads\/2020\/02\/Air-Duster-DG-10-150x150.jpg 150w, https:\/\/maybommini.vn\/wp-content\/uploads\/2020\/02\/Air-Duster-DG-10-600x600.jpg 600w\" sizes=\"(max-width: 750px) 100vw, 750px\" \/><\/a> <a href=\"https:\/\/maybommini.com\/wp-content\/uploads\/2020\/02\/Voi-xit-khi-nen-cao-cap-Taiwan-DG-10.jpg\" target=\"_blank\" rel=\"noopener\"><img decoding=\"async\" class=\"size-full wp-image-264392 aligncenter\" src=\"https:\/\/maybommini.com\/wp-content\/uploads\/2020\/02\/Voi-xit-khi-nen-cao-cap-Taiwan-DG-10.jpg\" alt=\"Voi Xit Khi Nen Cao Cap Taiwan DG 10\" width=\"750\" height=\"750\" srcset=\"https:\/\/maybommini.vn\/wp-content\/uploads\/2020\/02\/Voi-xit-khi-nen-cao-cap-Taiwan-DG-10.jpg 750w, https:\/\/maybommini.vn\/wp-content\/uploads\/2020\/02\/Voi-xit-khi-nen-cao-cap-Taiwan-DG-10-300x300.jpg 300w, https:\/\/maybommini.vn\/wp-content\/uploads\/2020\/02\/Voi-xit-khi-nen-cao-cap-Taiwan-DG-10-150x150.jpg 150w, https:\/\/maybommini.vn\/wp-content\/uploads\/2020\/02\/Voi-xit-khi-nen-cao-cap-Taiwan-DG-10-600x600.jpg 600w\" sizes=\"(max-width: 750px) 100vw, 750px\" \/><\/a> <a href=\"https:\/\/maybommini.com\/wp-content\/uploads\/2020\/02\/Air-Duster-DG-10-2.jpg\" target=\"_blank\" rel=\"noopener\"><img decoding=\"async\" class=\"size-full wp-image-264394 aligncenter\" src=\"https:\/\/maybommini.com\/wp-content\/uploads\/2020\/02\/Air-Duster-DG-10-2.jpg\" alt=\"Air Duster DG 10 2\" width=\"750\" height=\"750\" srcset=\"https:\/\/maybommini.vn\/wp-content\/uploads\/2020\/02\/Air-Duster-DG-10-2.jpg 750w, https:\/\/maybommini.vn\/wp-content\/uploads\/2020\/02\/Air-Duster-DG-10-2-300x300.jpg 300w, https:\/\/maybommini.vn\/wp-content\/uploads\/2020\/02\/Air-Duster-DG-10-2-150x150.jpg 150w, https:\/\/maybommini.vn\/wp-content\/uploads\/2020\/02\/Air-Duster-DG-10-2-600x600.jpg 600w\" sizes=\"(max-width: 750px) 100vw, 750px\" \/><\/a> <a href=\"https:\/\/maybommini.com\/wp-content\/uploads\/2020\/02\/kich-thuoc-sung-xit-hoi-khi-nen-DG-10.jpg\" target=\"_blank\" rel=\"noopener\"><img decoding=\"async\" class=\"size-full wp-image-264382 aligncenter\" src=\"https:\/\/maybommini.com\/wp-content\/uploads\/2020\/02\/kich-thuoc-sung-xit-hoi-khi-nen-DG-10.jpg\" alt=\"Kich Thuoc Sung Xit Hoi Khi Nen DG 10\" width=\"750\" height=\"750\" srcset=\"https:\/\/maybommini.vn\/wp-content\/uploads\/2020\/02\/kich-thuoc-sung-xit-hoi-khi-nen-DG-10.jpg 750w, https:\/\/maybommini.vn\/wp-content\/uploads\/2020\/02\/kich-thuoc-sung-xit-hoi-khi-nen-DG-10-300x300.jpg 300w, https:\/\/maybommini.vn\/wp-content\/uploads\/2020\/02\/kich-thuoc-sung-xit-hoi-khi-nen-DG-10-150x150.jpg 150w, https:\/\/maybommini.vn\/wp-content\/uploads\/2020\/02\/kich-thuoc-sung-xit-hoi-khi-nen-DG-10-600x600.jpg 600w\" sizes=\"(max-width: 750px) 100vw, 750px\" \/><\/a> <a href=\"https:\/\/maybommini.com\/wp-content\/uploads\/2020\/02\/Sung-khi-nen-DG-10-Tawian.jpg\" target=\"_blank\" rel=\"noopener\"><img decoding=\"async\" class=\"size-full wp-image-264385 aligncenter\" src=\"https:\/\/maybommini.com\/wp-content\/uploads\/2020\/02\/Sung-khi-nen-DG-10-Tawian.jpg\" alt=\"Sung Khi Nen DG 10 Tawian\" width=\"750\" height=\"750\" srcset=\"https:\/\/maybommini.vn\/wp-content\/uploads\/2020\/02\/Sung-khi-nen-DG-10-Tawian.jpg 750w, https:\/\/maybommini.vn\/wp-content\/uploads\/2020\/02\/Sung-khi-nen-DG-10-Tawian-300x300.jpg 300w, https:\/\/maybommini.vn\/wp-content\/uploads\/2020\/02\/Sung-khi-nen-DG-10-Tawian-150x150.jpg 150w, https:\/\/maybommini.vn\/wp-content\/uploads\/2020\/02\/Sung-khi-nen-DG-10-Tawian-600x600.jpg 600w\" sizes=\"(max-width: 750px) 100vw, 750px\" \/><\/a><\/p>\n<p><strong>C\u00c1CH S\u1eec D\u1ee4NG S\u00daNG X\u1ecaT H\u01a0I KHI N\u00c9N<\/strong><br \/>\nK\u1ebft n\u1ed1i s\u00fang kh\u00ed n\u00e9n v\u1edbi <a href=\"https:\/\/maybommini.com\/san-pham\/ong-day-may-bom-khi-nen-6-met-pu-5x8\" target=\"_blank\" rel=\"noopener noreferrer\">\u1ed1ng d\u00e2y kh\u00ed n\u00e9n<\/a> b\u1eb1ng \u0111\u1ea7u n\u1ed1i nhanh.<br \/>\nK\u1ebft n\u1ed1i \u1ed1ng kh\u00ed n\u00e9n v\u1edbi <a href=\"https:\/\/maybommini.com\/san-pham\/may-bom-hoi-khi-nen-khong-dau-220v-1-5hp-24l-rover-rv-224\" target=\"_blank\" rel=\"noopener noreferrer\">m\u00e1y b\u01a1m khi n\u00e9n<\/a>.<br \/>\nB\u00f3p c\u00f2 \u0111\u1ec3 x\u1ecbt h\u01a1i kh\u00ed n\u00e9n.<br \/>\nTr\u00e1nh xa t\u1ea7m tay tr\u1ebb em.<br \/>\nTr\u00e1nh phun x\u1ecbt v\u00e0o m\u1eaft v\u00e0 v\u00f9ng nh\u1ea1y c\u1ea3m.<\/p>\n<p><a href=\"https:\/\/maybommini.com\/wp-content\/uploads\/2020\/02\/Compressed-Alloy-Nozzle-Blow-Gun-DG-10.jpg\" target=\"_blank\" rel=\"noopener\"><img decoding=\"async\" class=\"size-full wp-image-264396 aligncenter\" src=\"https:\/\/maybommini.com\/wp-content\/uploads\/2020\/02\/Compressed-Alloy-Nozzle-Blow-Gun-DG-10.jpg\" alt=\"Compressed Alloy Nozzle Blow Gun DG 10\" width=\"750\" height=\"750\" srcset=\"https:\/\/maybommini.vn\/wp-content\/uploads\/2020\/02\/Compressed-Alloy-Nozzle-Blow-Gun-DG-10.jpg 750w, https:\/\/maybommini.vn\/wp-content\/uploads\/2020\/02\/Compressed-Alloy-Nozzle-Blow-Gun-DG-10-300x300.jpg 300w, https:\/\/maybommini.vn\/wp-content\/uploads\/2020\/02\/Compressed-Alloy-Nozzle-Blow-Gun-DG-10-150x150.jpg 150w, https:\/\/maybommini.vn\/wp-content\/uploads\/2020\/02\/Compressed-Alloy-Nozzle-Blow-Gun-DG-10-600x600.jpg 600w\" sizes=\"(max-width: 750px) 100vw, 750px\" \/><\/a> <a href=\"https:\/\/maybommini.com\/wp-content\/uploads\/2020\/02\/voi-hoi-khi-nen-DG-10-Taiwan.jpg\" target=\"_blank\" rel=\"noopener\"><img decoding=\"async\" class=\"size-full wp-image-264390 aligncenter\" src=\"https:\/\/maybommini.com\/wp-content\/uploads\/2020\/02\/voi-hoi-khi-nen-DG-10-Taiwan.jpg\" alt=\"Voi Hoi Khi Nen DG 10 Taiwan\" width=\"750\" height=\"750\" srcset=\"https:\/\/maybommini.vn\/wp-content\/uploads\/2020\/02\/voi-hoi-khi-nen-DG-10-Taiwan.jpg 750w, https:\/\/maybommini.vn\/wp-content\/uploads\/2020\/02\/voi-hoi-khi-nen-DG-10-Taiwan-300x300.jpg 300w, https:\/\/maybommini.vn\/wp-content\/uploads\/2020\/02\/voi-hoi-khi-nen-DG-10-Taiwan-150x150.jpg 150w, https:\/\/maybommini.vn\/wp-content\/uploads\/2020\/02\/voi-hoi-khi-nen-DG-10-Taiwan-600x600.jpg 600w\" sizes=\"(max-width: 750px) 100vw, 750px\" \/><\/a> <a href=\"https:\/\/maybommini.com\/wp-content\/uploads\/2020\/02\/sung-khi-nen-taiwan-chat-luong.jpg\" target=\"_blank\" rel=\"noopener\"><img decoding=\"async\" class=\"size-full wp-image-264386 aligncenter\" src=\"https:\/\/maybommini.com\/wp-content\/uploads\/2020\/02\/sung-khi-nen-taiwan-chat-luong.jpg\" alt=\"Sung Khi Nen Taiwan Chat Luong\" width=\"750\" height=\"750\" srcset=\"https:\/\/maybommini.vn\/wp-content\/uploads\/2020\/02\/sung-khi-nen-taiwan-chat-luong.jpg 750w, https:\/\/maybommini.vn\/wp-content\/uploads\/2020\/02\/sung-khi-nen-taiwan-chat-luong-300x300.jpg 300w, https:\/\/maybommini.vn\/wp-content\/uploads\/2020\/02\/sung-khi-nen-taiwan-chat-luong-150x150.jpg 150w, https:\/\/maybommini.vn\/wp-content\/uploads\/2020\/02\/sung-khi-nen-taiwan-chat-luong-600x600.jpg 600w\" sizes=\"(max-width: 750px) 100vw, 750px\" \/><\/a><\/p>\n<p><strong>\u1ee8NG D\u1ee4NG S\u00daNG X\u1ecaT KH\u00cd N\u00c9N \u00c1P L\u1ef0C CAO<\/strong><br \/>\n\u0110\u01b0\u1ee3c s\u1eed d\u1ee5ng r\u1ed9ng r\u00e3i cho m\u00e1y n\u00e9n kh\u00ed v\u00e0 c\u00e1c thi\u1ebft b\u1ecb li\u00ean quan \u0111\u1ebfn kh\u00f4ng kh\u00ed.<br \/>\nK\u1ebft n\u1ed1i linh ho\u1ea1t, nhanh ch\u00f3ng.<br \/>\n\u0110\u1ea7u n\u1ed1i di \u0111\u1ed9ng, d\u1ec5 v\u1eadn h\u00e0nh v\u00e0 b\u1ec1n b\u1ec9.<br \/>\nS\u1eed d\u1ee5ng trong h\u1ec7 th\u1ed1ng b\u01a1m h\u01a1i Gara \u00f4t\u00f4 xe m\u00e1y.<br \/>\nD\u00f9ng cho h\u1ec7 th\u1ed1ng phun x\u1ecbt \u00e1p l\u1ef1c.<br \/>\nS\u1eed d\u1ee5ng b\u01a1m kh\u00ed n\u00e9n thi\u1ebft b\u1ecb d\u1ee5ng c\u1ee5 y t\u1ebf.<br \/>\nB\u01a1m th\u1ed5i l\u00e0m s\u1ea1ch b\u1ec1 m\u1eb7t cho c\u1eeda h\u00e0ng r\u1eeda xe v\u1ec7 sinh xe.<br \/>\nV\u00e0 \u0111\u01b0\u1ee3c s\u1eed d\u1ee5ng cho nhi\u1ec1u l\u0129nh v\u1ef1c kh\u00e1c.<\/p>\n<p><a href=\"https:\/\/maybommini.com\/wp-content\/uploads\/2020\/02\/Su-dung-sung-phun-xit-khi-nen-Tawian-DG-10.jpg\" target=\"_blank\" rel=\"noopener\"><img decoding=\"async\" class=\"size-full wp-image-264384 aligncenter\" src=\"https:\/\/maybommini.com\/wp-content\/uploads\/2020\/02\/Su-dung-sung-phun-xit-khi-nen-Tawian-DG-10.jpg\" alt=\"Su Dung Sung Phun Xit Khi Nen Tawian DG 10\" width=\"750\" height=\"750\" srcset=\"https:\/\/maybommini.vn\/wp-content\/uploads\/2020\/02\/Su-dung-sung-phun-xit-khi-nen-Tawian-DG-10.jpg 750w, https:\/\/maybommini.vn\/wp-content\/uploads\/2020\/02\/Su-dung-sung-phun-xit-khi-nen-Tawian-DG-10-300x300.jpg 300w, https:\/\/maybommini.vn\/wp-content\/uploads\/2020\/02\/Su-dung-sung-phun-xit-khi-nen-Tawian-DG-10-150x150.jpg 150w, https:\/\/maybommini.vn\/wp-content\/uploads\/2020\/02\/Su-dung-sung-phun-xit-khi-nen-Tawian-DG-10-600x600.jpg 600w\" sizes=\"(max-width: 750px) 100vw, 750px\" \/><\/a> <a href=\"https:\/\/maybommini.com\/wp-content\/uploads\/2020\/02\/Su-dung-ong-day-khi-nen-cho-sung-xit-khi-nen-DG-10.jpg\" target=\"_blank\" rel=\"noopener\"><img decoding=\"async\" class=\"size-full wp-image-264383 aligncenter\" src=\"https:\/\/maybommini.com\/wp-content\/uploads\/2020\/02\/Su-dung-ong-day-khi-nen-cho-sung-xit-khi-nen-DG-10.jpg\" alt=\"Su Dung Ong Day Khi Nen Cho Sung Xit Khi Nen DG 10\" width=\"750\" height=\"750\" srcset=\"https:\/\/maybommini.vn\/wp-content\/uploads\/2020\/02\/Su-dung-ong-day-khi-nen-cho-sung-xit-khi-nen-DG-10.jpg 750w, https:\/\/maybommini.vn\/wp-content\/uploads\/2020\/02\/Su-dung-ong-day-khi-nen-cho-sung-xit-khi-nen-DG-10-300x300.jpg 300w, https:\/\/maybommini.vn\/wp-content\/uploads\/2020\/02\/Su-dung-ong-day-khi-nen-cho-sung-xit-khi-nen-DG-10-150x150.jpg 150w, https:\/\/maybommini.vn\/wp-content\/uploads\/2020\/02\/Su-dung-ong-day-khi-nen-cho-sung-xit-khi-nen-DG-10-600x600.jpg 600w\" sizes=\"(max-width: 750px) 100vw, 750px\" \/><\/a><a href=\"https:\/\/maybommini.com\/wp-content\/uploads\/2020\/02\/voi-xit-khi-nen-cao-cap-DG-10-Taiwan.jpg\" target=\"_blank\" rel=\"noopener\"><img decoding=\"async\" class=\"size-full wp-image-264391 aligncenter\" src=\"https:\/\/maybommini.com\/wp-content\/uploads\/2020\/02\/voi-xit-khi-nen-cao-cap-DG-10-Taiwan.jpg\" alt=\"Voi Xit Khi Nen Cao Cap DG 10 Taiwan\" width=\"750\" height=\"750\" srcset=\"https:\/\/maybommini.vn\/wp-content\/uploads\/2020\/02\/voi-xit-khi-nen-cao-cap-DG-10-Taiwan.jpg 750w, https:\/\/maybommini.vn\/wp-content\/uploads\/2020\/02\/voi-xit-khi-nen-cao-cap-DG-10-Taiwan-300x300.jpg 300w, https:\/\/maybommini.vn\/wp-content\/uploads\/2020\/02\/voi-xit-khi-nen-cao-cap-DG-10-Taiwan-150x150.jpg 150w, https:\/\/maybommini.vn\/wp-content\/uploads\/2020\/02\/voi-xit-khi-nen-cao-cap-DG-10-Taiwan-600x600.jpg 600w\" sizes=\"(max-width: 750px) 100vw, 750px\" \/><\/a> <a href=\"https:\/\/maybommini.com\/wp-content\/uploads\/2020\/02\/voi-hoi-khi-nen-DG-10-Taiwan.jpg\" target=\"_blank\" rel=\"noopener\"><img decoding=\"async\" class=\"size-full wp-image-264390 aligncenter\" src=\"https:\/\/maybommini.com\/wp-content\/uploads\/2020\/02\/voi-hoi-khi-nen-DG-10-Taiwan.jpg\" alt=\"Voi Hoi Khi Nen DG 10 Taiwan\" width=\"750\" height=\"750\" srcset=\"https:\/\/maybommini.vn\/wp-content\/uploads\/2020\/02\/voi-hoi-khi-nen-DG-10-Taiwan.jpg 750w, https:\/\/maybommini.vn\/wp-content\/uploads\/2020\/02\/voi-hoi-khi-nen-DG-10-Taiwan-300x300.jpg 300w, https:\/\/maybommini.vn\/wp-content\/uploads\/2020\/02\/voi-hoi-khi-nen-DG-10-Taiwan-150x150.jpg 150w, https:\/\/maybommini.vn\/wp-content\/uploads\/2020\/02\/voi-hoi-khi-nen-DG-10-Taiwan-600x600.jpg 600w\" sizes=\"(max-width: 750px) 100vw, 750px\" \/><\/a> <a href=\"https:\/\/maybommini.com\/wp-content\/uploads\/2020\/02\/chuyen-ban-thiet-bi-khi-nen.jpg\" target=\"_blank\" rel=\"noopener\"><img decoding=\"async\" class=\"size-full wp-image-264395 aligncenter\" src=\"https:\/\/maybommini.com\/wp-content\/uploads\/2020\/02\/chuyen-ban-thiet-bi-khi-nen.jpg\" alt=\"Chuyen Ban Thiet Bi Khi Nen\" width=\"750\" height=\"750\" srcset=\"https:\/\/maybommini.vn\/wp-content\/uploads\/2020\/02\/chuyen-ban-thiet-bi-khi-nen.jpg 750w, https:\/\/maybommini.vn\/wp-content\/uploads\/2020\/02\/chuyen-ban-thiet-bi-khi-nen-300x300.jpg 300w, https:\/\/maybommini.vn\/wp-content\/uploads\/2020\/02\/chuyen-ban-thiet-bi-khi-nen-150x150.jpg 150w, https:\/\/maybommini.vn\/wp-content\/uploads\/2020\/02\/chuyen-ban-thiet-bi-khi-nen-600x600.jpg 600w\" sizes=\"(max-width: 750px) 100vw, 750px\" \/><\/a> <a href=\"https:\/\/maybommini.com\/wp-content\/uploads\/2020\/02\/ung-dung-ong-khi-nen.jpg\" target=\"_blank\" rel=\"noopener\"><img decoding=\"async\" class=\"size-full wp-image-264329 aligncenter\" src=\"https:\/\/maybommini.com\/wp-content\/uploads\/2020\/02\/ung-dung-ong-khi-nen.jpg\" alt=\"Ung Dung Ong Khi Nen\" width=\"750\" height=\"750\" srcset=\"https:\/\/maybommini.vn\/wp-content\/uploads\/2020\/02\/ung-dung-ong-khi-nen.jpg 750w, https:\/\/maybommini.vn\/wp-content\/uploads\/2020\/02\/ung-dung-ong-khi-nen-300x300.jpg 300w, https:\/\/maybommini.vn\/wp-content\/uploads\/2020\/02\/ung-dung-ong-khi-nen-150x150.jpg 150w, https:\/\/maybommini.vn\/wp-content\/uploads\/2020\/02\/ung-dung-ong-khi-nen-600x600.jpg 600w\" sizes=\"(max-width: 750px) 100vw, 750px\" \/><\/a><\/p>\n<p><em><strong><a href=\"https:\/\/maybommini.com\/\" target=\"_blank\" rel=\"noopener noreferrer\">M\u00e1y B\u01a1m Mini \u2013 Maybommini.com<\/a>\u00a0Chuy\u00ean cung c\u1ea5p ph\u00e2n ph\u1ed1i b\u00e1n m\u00e1y b\u01a1m h\u01a1i kh\u00ed n\u00e9n v\u00e0 ph\u1ee5 ki\u1ec7n kh\u00ed n\u00e9n gi\u00e1 t\u1ed1t v\u00e0 b\u1ea3o h\u00e0nh l\u00e2u d\u00e0i ch\u00ednh h\u00e3ng cho kh\u00e1ch h\u00e0ng tr\u00ean to\u00e0n qu\u1ed1c. Vui l\u00f2ng li\u00ean h\u1ec7 ch\u00fang t\u00f4i \u0111\u1ec3 \u0111\u01b0\u1ee3c t\u01b0 v\u1ea5n nhu c\u1ea7u ph\u00f9 h\u1ee3p ti\u1ebft ki\u1ec7m h\u01a1n khi mua h\u00e0ng.<\/strong><\/em><br \/>\n<strong>Hotline:<\/strong>\u00a00907294310 \u2013 02873030399<br \/>\n<strong>Email:<\/strong>\u00a0maybommini.com@gmail.com<br \/>\n<strong>Website<\/strong>:\u00a0<a href=\"https:\/\/maybommini.com\/\" target=\"_blank\" rel=\"noopener noreferrer\">https:\/\/maybommini.com<\/a><br \/>\n<strong>Facebook:<\/strong>\u00a0<a href=\"https:\/\/www.facebook.com\/maybommini\" target=\"_blank\" rel=\"noopener noreferrer\">https:\/\/www.facebook.com\/maybommini<\/a><br \/>\n<strong>Youtube demo:<\/strong>\u00a0<a href=\"https:\/\/www.youtube.com\/bahamasali\" target=\"_blank\" rel=\"noopener noreferrer\">https:\/\/www.youtube.com\/bahamasali<\/a><\/p>\n<h3 style=\"text-align: center;\"><strong>S\u00fang x\u1ecbt h\u01a1i kh\u00ed n\u00e9n Taiwan DG-10<\/strong><br \/>\n<strong>S\u00fang x\u1ecbt h\u01a1i kh\u00ed n\u00e9n Taiwan THB B12<\/strong><\/h3>\n","protected":false},"excerpt":{"rendered":"<p>Model: DG-10-2<br \/>\n\u0110\u1ea7u n\u1ed1i d\u00e0i s\u00fang 95 mm.<br \/>\nCh\u1ea5t li\u1ec7u: Nh\u00f4m &#8211; Inox.<br \/>\nVan kh\u00ed n\u00e9n cao c\u1ea5p.<br \/>\nCh\u1ecbu \u00e1p l\u1ef1c t\u1ed1i \u0111a: 1.0 Mpa &#8211; 10 Kgf\/cm2.<br \/>\nN\u1ed1i nhanh \u1ed1ng h\u01a1i \u0111u\u00f4i \u0111\u1ef1c.<br \/>\nK\u00edch th\u01b0\u1edbc: 140 x 100 mm<br \/>\nTr\u1ecdng l\u01b0\u1ee3ng: 200 gam.<br \/>\nMade in Taiwan.<br \/>\nB\u1ea3o h\u00e0nh: 1 th\u00e1ng.<br \/>\n<strong>Ph\u00e2n ph\u1ed1i: Maybommini.com<\/strong><\/p>\n","protected":false},"featured_media":264397,"comment_status":"open","ping_status":"closed","template":"","meta":[],"product_brand":[2227],"product_cat":[3216,3200],"product_tag":[3235,3234,3231,3236,3233,3230,3229,3227,3232,3228],"class_list":{"0":"post-264380","1":"product","2":"type-product","3":"status-publish","4":"has-post-thumbnail","6":"product_brand-mtm","7":"product_cat-phu-kien-may-bom-khi-nen","8":"product_cat-may-bom-hoi-khi-nen","9":"product_tag-air-blower","10":"product_tag-air-compressor-dust-duster-trigger-handle","11":"product_tag-dg-10","12":"product_tag-gun-blower","13":"product_tag-nozzle-blow-gun","14":"product_tag-sung-khi-nen","15":"product_tag-sung-xit-khi","16":"product_tag-sung-xit-khi-nen","17":"product_tag-sung-xit-khi-nen-taiwan","18":"product_tag-voi-phun-khi","20":"first","21":"instock","22":"sale","23":"shipping-taxable","24":"purchasable","25":"product-type-simple"},"_links":{"self":[{"href":"https:\/\/maybommini.vn\/index.php?rest_route=\/wp\/v2\/product\/264380","targetHints":{"allow":["GET"]}}],"collection":[{"href":"https:\/\/maybommini.vn\/index.php?rest_route=\/wp\/v2\/product"}],"about":[{"href":"https:\/\/maybommini.vn\/index.php?rest_route=\/wp\/v2\/types\/product"}],"replies":[{"embeddable":true,"href":"https:\/\/maybommini.vn\/index.php?rest_route=%2Fwp%2Fv2%2Fcomments&post=264380"}],"wp:featuredmedia":[{"embeddable":true,"href":"https:\/\/maybommini.vn\/index.php?rest_route=\/wp\/v2\/media\/264397"}],"wp:attachment":[{"href":"https:\/\/maybommini.vn\/index.php?rest_route=%2Fwp%2Fv2%2Fmedia&parent=264380"}],"wp:term":[{"taxonomy":"product_brand","embeddable":true,"href":"https:\/\/maybommini.vn\/index.php?rest_route=%2Fwp%2Fv2%2Fproduct_brand&post=264380"},{"taxonomy":"product_cat","embeddable":true,"href":"https:\/\/maybommini.vn\/index.php?rest_route=%2Fwp%2Fv2%2Fproduct_cat&post=264380"},{"taxonomy":"product_tag","embeddable":true,"href":"https:\/\/maybommini.vn\/index.php?rest_route=%2Fwp%2Fv2%2Fproduct_tag&post=264380"}],"curies":[{"name":"wp","href":"https:\/\/api.w.org\/{rel}","templated":true}]}}