{"id":266388,"date":"2020-05-24T15:28:10","date_gmt":"2020-05-24T08:28:10","guid":{"rendered":"https:\/\/maybommini.com\/?post_type=product&#038;p=266388"},"modified":"2023-04-17T11:30:13","modified_gmt":"2023-04-17T04:30:13","slug":"nguon-dien-adapter-bien-the-220v-12v-3a-36w","status":"publish","type":"product","link":"https:\/\/maybommini.vn\/?product=nguon-dien-adapter-bien-the-220v-12v-3a-36w","title":{"rendered":"Ngu\u1ed3n \u0111i\u1ec7n adapter bi\u1ebfn th\u1ebf 220V 12V 3A 36W &#8211; k\u00e8m d\u00e2y ngu\u1ed3n"},"content":{"rendered":"<p><strong>Chuy\u00ean b\u00e1n c\u00e1c lo\u1ea1i ngu\u1ed3n \u0111i\u1ec7n bi\u1ebfn th\u1ebf adapter 220V ra 12V 3A 36W s\u1eed d\u1ee5ng cho c\u00e1c thi\u1ebft b\u1ecb \u0111i\u1ec7n 12V DC nh\u01b0 \u0111\u00e8n LED m\u1ea1ch \u0111i\u1ec7n, motor, m\u00e1y m\u00f3c, thi\u1ebft b\u1ecb \u0111i\u1ec7n t\u1eed, m\u00e1y b\u01a1m mini, camera, modem box v\u00e0 thi\u1ebft b\u1ecb kh\u00e1c.<\/strong><\/p>\n<p><strong><a href=\"https:\/\/maybommini.com\/wp-content\/uploads\/2020\/05\/nguon-dien-bien-the-adapter-220v-12v-3a.jpg\" target=\"_blank\" rel=\"noopener\"><img decoding=\"async\" class=\"size-full wp-image-266389 aligncenter\" src=\"https:\/\/maybommini.com\/wp-content\/uploads\/2020\/05\/nguon-dien-bien-the-adapter-220v-12v-3a.jpg\" alt=\"Nguon Dien Bien The Adapter 220v 12v 3a\" width=\"750\" height=\"750\" srcset=\"https:\/\/maybommini.vn\/wp-content\/uploads\/2020\/05\/nguon-dien-bien-the-adapter-220v-12v-3a.jpg 750w, https:\/\/maybommini.vn\/wp-content\/uploads\/2020\/05\/nguon-dien-bien-the-adapter-220v-12v-3a-300x300.jpg 300w, https:\/\/maybommini.vn\/wp-content\/uploads\/2020\/05\/nguon-dien-bien-the-adapter-220v-12v-3a-150x150.jpg 150w, https:\/\/maybommini.vn\/wp-content\/uploads\/2020\/05\/nguon-dien-bien-the-adapter-220v-12v-3a-600x600.jpg 600w\" sizes=\"(max-width: 750px) 100vw, 750px\" \/><\/a>TH\u00d4NG S\u1ed0 K\u1ef8 THU\u1eacT<\/strong><br \/>\nModel: ADAPTER-12V-3A<br \/>\n\u0110i\u1ec7n v\u00e0o: AC 110-260V 50\/60HZ<br \/>\n\u0110i\u1ec7n ra: DC 12V 3A<br \/>\nC\u00f4ng xu\u1ea5t: 36W<br \/>\nLed b\u00e1o ngu\u1ed3n.<br \/>\nD\u00e2y ngu\u1ed3n d\u00e0i 90\u00a0cm.<br \/>\nChu\u1ea7n c\u1eafm ngu\u1ed3n EU.<br \/>\nJack c\u1eafm ngu\u1ed3n DC ra 5.5 x 2.1 mm.<br \/>\nK\u00edch th\u01b0\u1edbc: 110\u00a0x\u00a048\u00a0x\u00a030\u00a0mm.<br \/>\nTr\u1ecdng l\u01b0\u1ee3ng: 250\u00a0gam.<br \/>\nDC12V Adapter AC100-240V.<br \/>\nPower Supply.<\/p>\n<p><strong><a href=\"https:\/\/maybommini.com\/wp-content\/uploads\/2020\/05\/adapter-12v-3a.jpg\" target=\"_blank\" rel=\"noopener\"><img decoding=\"async\" class=\"size-full wp-image-266391 aligncenter\" src=\"https:\/\/maybommini.com\/wp-content\/uploads\/2020\/05\/adapter-12v-3a.jpg\" alt=\"Adapter 12v 3a\" width=\"750\" height=\"750\" srcset=\"https:\/\/maybommini.vn\/wp-content\/uploads\/2020\/05\/adapter-12v-3a.jpg 750w, https:\/\/maybommini.vn\/wp-content\/uploads\/2020\/05\/adapter-12v-3a-300x300.jpg 300w, https:\/\/maybommini.vn\/wp-content\/uploads\/2020\/05\/adapter-12v-3a-150x150.jpg 150w, https:\/\/maybommini.vn\/wp-content\/uploads\/2020\/05\/adapter-12v-3a-600x600.jpg 600w\" sizes=\"(max-width: 750px) 100vw, 750px\" \/><\/a><a href=\"https:\/\/maybommini.com\/wp-content\/uploads\/2020\/05\/adapter-12v.jpg\" target=\"_blank\" rel=\"noopener\"><img decoding=\"async\" class=\"size-full wp-image-266390 aligncenter\" src=\"https:\/\/maybommini.com\/wp-content\/uploads\/2020\/05\/adapter-12v.jpg\" alt=\"Adapter 12v\" width=\"750\" height=\"750\" srcset=\"https:\/\/maybommini.vn\/wp-content\/uploads\/2020\/05\/adapter-12v.jpg 750w, https:\/\/maybommini.vn\/wp-content\/uploads\/2020\/05\/adapter-12v-300x300.jpg 300w, https:\/\/maybommini.vn\/wp-content\/uploads\/2020\/05\/adapter-12v-150x150.jpg 150w, https:\/\/maybommini.vn\/wp-content\/uploads\/2020\/05\/adapter-12v-600x600.jpg 600w\" sizes=\"(max-width: 750px) 100vw, 750px\" \/><\/a><a href=\"https:\/\/maybommini.com\/wp-content\/uploads\/2020\/05\/bien-the-220v-ra-12v.jpg\" target=\"_blank\" rel=\"noopener\"><img decoding=\"async\" class=\"size-full wp-image-266392 aligncenter\" src=\"https:\/\/maybommini.com\/wp-content\/uploads\/2020\/05\/bien-the-220v-ra-12v.jpg\" alt=\"Bien The 220v Ra 12v\" width=\"750\" height=\"750\" srcset=\"https:\/\/maybommini.vn\/wp-content\/uploads\/2020\/05\/bien-the-220v-ra-12v.jpg 750w, https:\/\/maybommini.vn\/wp-content\/uploads\/2020\/05\/bien-the-220v-ra-12v-300x300.jpg 300w, https:\/\/maybommini.vn\/wp-content\/uploads\/2020\/05\/bien-the-220v-ra-12v-150x150.jpg 150w, https:\/\/maybommini.vn\/wp-content\/uploads\/2020\/05\/bien-the-220v-ra-12v-600x600.jpg 600w\" sizes=\"(max-width: 750px) 100vw, 750px\" \/><\/a><a href=\"https:\/\/maybommini.com\/wp-content\/uploads\/2020\/05\/nguon-dien-12v.jpg\" target=\"_blank\" rel=\"noopener\"><img decoding=\"async\" class=\"size-full wp-image-266393 aligncenter\" src=\"https:\/\/maybommini.com\/wp-content\/uploads\/2020\/05\/nguon-dien-12v.jpg\" alt=\"Nguon Dien 12v\" width=\"750\" height=\"750\" srcset=\"https:\/\/maybommini.vn\/wp-content\/uploads\/2020\/05\/nguon-dien-12v.jpg 750w, https:\/\/maybommini.vn\/wp-content\/uploads\/2020\/05\/nguon-dien-12v-300x300.jpg 300w, https:\/\/maybommini.vn\/wp-content\/uploads\/2020\/05\/nguon-dien-12v-150x150.jpg 150w, https:\/\/maybommini.vn\/wp-content\/uploads\/2020\/05\/nguon-dien-12v-600x600.jpg 600w\" sizes=\"(max-width: 750px) 100vw, 750px\" \/><\/a>H\u01af\u1edaNG D\u1eaaN S\u1eec D\u1ee4NG ADAPTER BI\u1ebeN TH\u1ebe<\/strong><br \/>\nC\u1eafm tr\u1ef1c ti\u1ebfp adapter v\u00e0o ngu\u1ed3n \u0111i\u1ec7n 110V &#8211; 220V AC.<br \/>\nNgu\u1ed3n ra 12V\u00a0s\u1eed d\u1ee5ng jack c\u1eafm ngu\u1ed3n DC 5.5&#215;2.1 mm.\u00a0\u200b\u200b\u200b\u200b\u200b\u200b<br \/>\nTr\u00e1nh s\u1eed d\u1ee5ng cho thi\u1ebft b\u1ecb qu\u00e1 c\u00f4ng su\u1ea5t c\u1ee7a bi\u1ebfn th\u1ebf adapter.<br \/>\nS\u1eed d\u1ee5ng n\u01a1i tho\u00e1ng m\u00e1t v\u00e0 kh\u00f4 r\u00e1o.<br \/>\nKh\u00f4ng s\u1eed d\u1ee5ng n\u00ean th\u00e1o ra kh\u1ecfi ngu\u1ed3n \u0111i\u1ec7n AC 110v~220V.<strong><a href=\"https:\/\/maybommini.com\/wp-content\/uploads\/2017\/12\/chung-nhan-adapter-bien-the.jpg\" target=\"_blank\" rel=\"noopener\"><img decoding=\"async\" class=\"size-full wp-image-251599 aligncenter\" src=\"https:\/\/maybommini.com\/wp-content\/uploads\/2017\/12\/chung-nhan-adapter-bien-the.jpg\" alt=\"Chung Nhan Adapter Bien The\" width=\"750\" height=\"750\" srcset=\"https:\/\/maybommini.vn\/wp-content\/uploads\/2017\/12\/chung-nhan-adapter-bien-the.jpg 750w, https:\/\/maybommini.vn\/wp-content\/uploads\/2017\/12\/chung-nhan-adapter-bien-the-300x300.jpg 300w, https:\/\/maybommini.vn\/wp-content\/uploads\/2017\/12\/chung-nhan-adapter-bien-the-600x600.jpg 600w, https:\/\/maybommini.vn\/wp-content\/uploads\/2017\/12\/chung-nhan-adapter-bien-the-150x150.jpg 150w\" sizes=\"(max-width: 750px) 100vw, 750px\" \/><\/a><a href=\"https:\/\/maybommini.com\/wp-content\/uploads\/2017\/12\/day-jack-adapter-2.5.jpg\" target=\"_blank\" rel=\"noopener\"><img decoding=\"async\" class=\"size-full wp-image-251600 aligncenter\" src=\"https:\/\/maybommini.com\/wp-content\/uploads\/2017\/12\/day-jack-adapter-2.5.jpg\" alt=\"Day Jack Adapter 2.5\" width=\"750\" height=\"750\" srcset=\"https:\/\/maybommini.vn\/wp-content\/uploads\/2017\/12\/day-jack-adapter-2.5.jpg 750w, https:\/\/maybommini.vn\/wp-content\/uploads\/2017\/12\/day-jack-adapter-2.5-300x300.jpg 300w, https:\/\/maybommini.vn\/wp-content\/uploads\/2017\/12\/day-jack-adapter-2.5-600x600.jpg 600w, https:\/\/maybommini.vn\/wp-content\/uploads\/2017\/12\/day-jack-adapter-2.5-150x150.jpg 150w\" sizes=\"(max-width: 750px) 100vw, 750px\" \/><\/a><a href=\"https:\/\/maybommini.com\/wp-content\/uploads\/2016\/03\/jack-cam-nguon-adapter.jpg\" target=\"_blank\" rel=\"noopener\"><img decoding=\"async\" class=\"size-full wp-image-244949 aligncenter\" src=\"https:\/\/maybommini.com\/wp-content\/uploads\/2016\/03\/jack-cam-nguon-adapter.jpg\" alt=\"\" width=\"750\" height=\"379\" srcset=\"https:\/\/maybommini.vn\/wp-content\/uploads\/2016\/03\/jack-cam-nguon-adapter.jpg 750w, https:\/\/maybommini.vn\/wp-content\/uploads\/2016\/03\/jack-cam-nguon-adapter-600x303.jpg 600w, https:\/\/maybommini.vn\/wp-content\/uploads\/2016\/03\/jack-cam-nguon-adapter-300x152.jpg 300w\" sizes=\"(max-width: 750px) 100vw, 750px\" \/><\/a>\u1ee8NG D\u1ee4NG BI\u1ebeN TH\u1ebe NGU\u1ed2N \u0110I\u1ec6N ADAPTER<\/strong><br \/>\nS\u1eed d\u1ee5ng cho m\u00e1y b\u01a1m mini 12V.<br \/>\nS\u1eed d\u1ee5ng cho thi\u1ebft b\u1ecb \u0111i\u1ec7n t\u1eed, m\u1ea1ch \u0111i\u1ec7n t\u1eed.<br \/>\nNgu\u1ed3n \u0111i\u1ec7n cho camera, chu\u00f4ng c\u1eeda, kh\u00f3a c\u1eeda v\u00e2n tay, kh\u00f3a c\u1eeda t\u1ef1 \u0111\u1ed9ng, m\u00e1y ch\u1ea5m c\u00f4ng.<br \/>\nNgu\u1ed3n \u0111i\u1ec7n \u0111\u00e8n LED, \u0111\u00e8n chi\u1ebfu s\u00e1ng.<br \/>\nNgu\u1ed3n \u0111i\u1ec7n loa nghe nh\u1ea1c box.<br \/>\nBi\u1ebfn th\u1ebf ngu\u1ed3n thi\u1ebft b\u1ecb m\u1ea1ng Modem Hub Switch.<br \/>\nNgu\u1ed3n \u0111i\u1ec7n Box TV, Box HDD, M\u00e0n h\u00ecnh, m\u00e1y Pop, m\u00e1y in.<br \/>\nV\u00e0 s\u1eed d\u1ee5ng l\u00e0m ngu\u1ed3n \u0111i\u1ec7n cho nhi\u1ec1u thi\u1ebft b\u1ecb kh\u00e1c.<\/p>\n<h2 style=\"text-align: center\"><a href=\"https:\/\/maybommini.com\/wp-content\/uploads\/2018\/04\/su-dung-nguin-dien-bien-the-adapter.jpg\" target=\"_blank\" rel=\"noopener\"><img decoding=\"async\" class=\"alignnone size-full wp-image-258133\" src=\"https:\/\/maybommini.com\/wp-content\/uploads\/2018\/04\/su-dung-nguin-dien-bien-the-adapter.jpg\" alt=\"Su Dung Nguin Dien Bien The Adapter\" width=\"800\" height=\"800\" srcset=\"https:\/\/maybommini.vn\/wp-content\/uploads\/2018\/04\/su-dung-nguin-dien-bien-the-adapter.jpg 800w, https:\/\/maybommini.vn\/wp-content\/uploads\/2018\/04\/su-dung-nguin-dien-bien-the-adapter-300x300.jpg 300w, https:\/\/maybommini.vn\/wp-content\/uploads\/2018\/04\/su-dung-nguin-dien-bien-the-adapter-150x150.jpg 150w, https:\/\/maybommini.vn\/wp-content\/uploads\/2018\/04\/su-dung-nguin-dien-bien-the-adapter-600x600.jpg 600w\" sizes=\"(max-width: 800px) 100vw, 800px\" \/><\/a><a href=\"https:\/\/maybommini.com\/wp-content\/uploads\/2018\/04\/sun-dung-adapter-12v.jpg\" target=\"_blank\" rel=\"noopener\"><img decoding=\"async\" class=\"alignnone size-full wp-image-258127\" src=\"https:\/\/maybommini.com\/wp-content\/uploads\/2018\/04\/sun-dung-adapter-12v.jpg\" alt=\"Sun Dung Adapter 12v\" width=\"800\" height=\"800\" srcset=\"https:\/\/maybommini.vn\/wp-content\/uploads\/2018\/04\/sun-dung-adapter-12v.jpg 800w, https:\/\/maybommini.vn\/wp-content\/uploads\/2018\/04\/sun-dung-adapter-12v-300x300.jpg 300w, https:\/\/maybommini.vn\/wp-content\/uploads\/2018\/04\/sun-dung-adapter-12v-150x150.jpg 150w, https:\/\/maybommini.vn\/wp-content\/uploads\/2018\/04\/sun-dung-adapter-12v-600x600.jpg 600w, https:\/\/maybommini.vn\/wp-content\/uploads\/2018\/04\/sun-dung-adapter-12v-768x768.jpg 768w\" sizes=\"(max-width: 800px) 100vw, 800px\" \/><\/a><a href=\"https:\/\/maybommini.com\/wp-content\/uploads\/2018\/04\/ung-dung-adapter-nguon-dien-12V.jpg\" target=\"_blank\" rel=\"noopener\"><img decoding=\"async\" class=\"size-full wp-image-263479 aligncenter\" src=\"https:\/\/maybommini.com\/wp-content\/uploads\/2018\/04\/ung-dung-adapter-nguon-dien-12V.jpg\" alt=\"Ung Dung Adapter Nguon Dien 12V\" width=\"820\" height=\"820\" srcset=\"https:\/\/maybommini.vn\/wp-content\/uploads\/2018\/04\/ung-dung-adapter-nguon-dien-12V.jpg 820w, https:\/\/maybommini.vn\/wp-content\/uploads\/2018\/04\/ung-dung-adapter-nguon-dien-12V-300x300.jpg 300w, https:\/\/maybommini.vn\/wp-content\/uploads\/2018\/04\/ung-dung-adapter-nguon-dien-12V-150x150.jpg 150w, https:\/\/maybommini.vn\/wp-content\/uploads\/2018\/04\/ung-dung-adapter-nguon-dien-12V-600x600.jpg 600w\" sizes=\"(max-width: 820px) 100vw, 820px\" \/><\/a>Ngu\u1ed3n \u0111i\u1ec7n bi\u1ebfn th\u1ebf adapter 220V ra 12V 3A 36W<\/h2>\n","protected":false},"excerpt":{"rendered":"<p>Model: ADAPTER-12V-3A<br \/>\n\u0110i\u1ec7n v\u00e0o: AC 110-260V 50\/60HZ<br \/>\n\u0110i\u1ec7n ra: DC 12V 3A<br \/>\nC\u00f4ng xu\u1ea5t: 36W<br \/>\nLed b\u00e1o ngu\u1ed3n.<br \/>\nD\u00e2y ngu\u1ed3n d\u00e0i 90\u00a0cm.<br \/>\nChu\u1ea7n c\u1eafm ngu\u1ed3n EU.<br \/>\nJack c\u1eafm ngu\u1ed3n DC ra 5.5 x 2.1 mm.<br \/>\nK\u00edch th\u01b0\u1edbc: 110\u00a0x\u00a048\u00a0x\u00a030\u00a0mm.<br \/>\nTr\u1ecdng l\u01b0\u1ee3ng: 250\u00a0gam.<br \/>\nDC12V Adapter AC100-240V.<br \/>\nPower Supply.<br \/>\nB\u1ea3o h\u00e0nh: 1 th\u00e1ng<\/p>\n","protected":false},"featured_media":266389,"comment_status":"open","ping_status":"closed","template":"","meta":[],"product_brand":[],"product_cat":[3132,214],"product_tag":[3335,573,416,341,3338,3337,2093,260,576,3336,3144],"class_list":{"0":"post-266388","1":"product","2":"type-product","3":"status-publish","4":"has-post-thumbnail","6":"product_cat-nguon-dien-bien-the-adapter","7":"product_cat-phu-kien-bom-nuoc","8":"product_tag-12v-3a","9":"product_tag-adapter","10":"product_tag-bien-the","11":"product_tag-bien-the-12v","12":"product_tag-bo-doi-nguon","13":"product_tag-cuc-doi-nguon","14":"product_tag-doi-nguon","15":"product_tag-nguon","16":"product_tag-nguon-dien","17":"product_tag-nguon-dien-36w","18":"product_tag-nguon-dien-may-bom","20":"first","21":"instock","22":"sale","23":"shipping-taxable","24":"purchasable","25":"product-type-simple"},"_links":{"self":[{"href":"https:\/\/maybommini.vn\/index.php?rest_route=\/wp\/v2\/product\/266388","targetHints":{"allow":["GET"]}}],"collection":[{"href":"https:\/\/maybommini.vn\/index.php?rest_route=\/wp\/v2\/product"}],"about":[{"href":"https:\/\/maybommini.vn\/index.php?rest_route=\/wp\/v2\/types\/product"}],"replies":[{"embeddable":true,"href":"https:\/\/maybommini.vn\/index.php?rest_route=%2Fwp%2Fv2%2Fcomments&post=266388"}],"wp:featuredmedia":[{"embeddable":true,"href":"https:\/\/maybommini.vn\/index.php?rest_route=\/wp\/v2\/media\/266389"}],"wp:attachment":[{"href":"https:\/\/maybommini.vn\/index.php?rest_route=%2Fwp%2Fv2%2Fmedia&parent=266388"}],"wp:term":[{"taxonomy":"product_brand","embeddable":true,"href":"https:\/\/maybommini.vn\/index.php?rest_route=%2Fwp%2Fv2%2Fproduct_brand&post=266388"},{"taxonomy":"product_cat","embeddable":true,"href":"https:\/\/maybommini.vn\/index.php?rest_route=%2Fwp%2Fv2%2Fproduct_cat&post=266388"},{"taxonomy":"product_tag","embeddable":true,"href":"https:\/\/maybommini.vn\/index.php?rest_route=%2Fwp%2Fv2%2Fproduct_tag&post=266388"}],"curies":[{"name":"wp","href":"https:\/\/api.w.org\/{rel}","templated":true}]}}