{"id":266764,"date":"2020-07-14T22:19:55","date_gmt":"2020-07-14T15:19:55","guid":{"rendered":"https:\/\/maybommini.com\/?post_type=product&#038;p=266764"},"modified":"2026-02-07T06:22:55","modified_gmt":"2026-02-06T23:22:55","slug":"may-bom-chim-12v-72w-1100gph-g1100-tu-dong","status":"publish","type":"product","link":"https:\/\/maybommini.vn\/?product=may-bom-chim-12v-72w-1100gph-g1100-tu-dong","title":{"rendered":"M\u00e1y b\u01a1m ch\u00ecm 12V 72W 1100GPH G1100 t\u1ef1 \u0111\u1ed9ng"},"content":{"rendered":"<p><strong>Cung c\u1ea5p ph\u00e2n ph\u1ed1i m\u00e1y b\u01a1m ch\u00ecm 12V 72W 1100GPH G1100 t\u1ef1 \u0111\u1ed9ng \u0111\u1ec3 b\u01a1m n\u01b0\u1edbc th\u1ea3i n\u01b0\u1edbc ng\u1eadp, b\u01a1m n\u01b0\u1edbc tr\u00ean ghe t\u00e0u thuy\u1ec1n can\u00f4 t\u1ef1 \u0111\u1ed9ng. \u0110\u00e2y l\u00e0 lo\u1ea1i <a href=\"https:\/\/maybommini.com\/danh-muc\/may-bom-chim\/may-bom-chim-12v\" target=\"_blank\" rel=\"noopener noreferrer\">m\u00e1y b\u01a1m ch\u00ecm<\/a> chuy\u00ean d\u1ee5ng c\u00f3 \u0111\u1ed9 b\u1ec1n cao ch\u1ecbu \u0111\u01b0\u1ee3c n\u01b0\u1edbc bi\u1ec3n.<\/strong><\/p>\n<p><strong><a href=\"https:\/\/maybommini.com\/wp-content\/uploads\/2020\/07\/May-bom-chim-tu-dong-12V-G1100-Auto-1-1.jpg\" target=\"_blank\" rel=\"noopener\"><img decoding=\"async\" class=\"size-full wp-image-267439 aligncenter\" src=\"https:\/\/maybommini.com\/wp-content\/uploads\/2020\/07\/May-bom-chim-tu-dong-12V-G1100-Auto-1-1.jpg\" alt=\"May Bom Chim Tu Dong 12V G1100 Auto \" width=\"750\" height=\"750\" srcset=\"https:\/\/maybommini.vn\/wp-content\/uploads\/2020\/07\/May-bom-chim-tu-dong-12V-G1100-Auto-1-1.jpg 750w, https:\/\/maybommini.vn\/wp-content\/uploads\/2020\/07\/May-bom-chim-tu-dong-12V-G1100-Auto-1-1-300x300.jpg 300w, https:\/\/maybommini.vn\/wp-content\/uploads\/2020\/07\/May-bom-chim-tu-dong-12V-G1100-Auto-1-1-150x150.jpg 150w, https:\/\/maybommini.vn\/wp-content\/uploads\/2020\/07\/May-bom-chim-tu-dong-12V-G1100-Auto-1-1-600x600.jpg 600w\" sizes=\"(max-width: 750px) 100vw, 750px\" \/><\/a>TH\u00d4NG S\u1ed0 K\u1ef8 THU\u1eacT<\/strong><strong><br \/>\n<\/strong>Model: G1100-AUTO-12V<br \/>\n\u0110i\u1ec7n th\u1ebf: 12V DC<br \/>\nL\u01b0u l\u01b0\u1ee3ng b\u01a1m: 1100 GPH &#8211; 4160 L\/H<br \/>\nC\u00f4ng su\u1ea5t b\u01a1m: 72W &#8211; 6A<br \/>\nM\u00e1y b\u01a1m c\u00f4ng ngh\u1ec7 phao \u0111i\u1ec7n t\u1ef1 \u0111\u1ed9ng.<br \/>\n\u1ed0ng ra: 19 mm &#8211; 3\/4 in<br \/>\nB\u01a1m cao: 4 &#8211; 5 met.<br \/>\nKh\u00f4ng b\u01a1m li\u00ean t\u1ee5c 24\/24.<br \/>\nMortor l\u00f5i \u0111\u1ed3ng cao c\u1ea5p 100%.<br \/>\nMotor cao c\u1ea5p c\u00f4ng ngh\u1ec7 m\u1edbi.<br \/>\nTr\u1ee5c m\u00e1y b\u01a1m b\u1eb1ng th\u00e9p kh\u00f4ng g\u1ec9.<br \/>\nCh\u1ea5t li\u1ec7u: \u0110\u1ed3ng \u2013 ABS.<br \/>\nK\u00edch th\u01b0\u1edbc 155 x 90 x 115 mm<br \/>\nTr\u1ecdng l\u01b0\u1ee3ng: 0.6 KG.<\/p>\n<p><strong><a href=\"https:\/\/maybommini.com\/wp-content\/uploads\/2020\/07\/Chi-tiet-may-bom-tu-dong-tau-thuyen-cano-12v.jpg\" target=\"_blank\" rel=\"noopener\"><img decoding=\"async\" class=\"size-full wp-image-266758 aligncenter\" src=\"https:\/\/maybommini.com\/wp-content\/uploads\/2020\/07\/Chi-tiet-may-bom-tu-dong-tau-thuyen-cano-12v.jpg\" alt=\"Chi Tiet May Bom Tu Dong Tau Thuyen Cano 12v\" width=\"750\" height=\"750\" srcset=\"https:\/\/maybommini.vn\/wp-content\/uploads\/2020\/07\/Chi-tiet-may-bom-tu-dong-tau-thuyen-cano-12v.jpg 750w, https:\/\/maybommini.vn\/wp-content\/uploads\/2020\/07\/Chi-tiet-may-bom-tu-dong-tau-thuyen-cano-12v-300x300.jpg 300w, https:\/\/maybommini.vn\/wp-content\/uploads\/2020\/07\/Chi-tiet-may-bom-tu-dong-tau-thuyen-cano-12v-150x150.jpg 150w, https:\/\/maybommini.vn\/wp-content\/uploads\/2020\/07\/Chi-tiet-may-bom-tu-dong-tau-thuyen-cano-12v-600x600.jpg 600w\" sizes=\"(max-width: 750px) 100vw, 750px\" \/><\/a><a href=\"https:\/\/maybommini.com\/wp-content\/uploads\/2020\/07\/cau-tao-may-bom-tu-dong-12v-tha-chim.jpg\" target=\"_blank\" rel=\"noopener\"><img decoding=\"async\" class=\"size-full wp-image-266757 aligncenter\" src=\"https:\/\/maybommini.com\/wp-content\/uploads\/2020\/07\/cau-tao-may-bom-tu-dong-12v-tha-chim.jpg\" alt=\"Cau Tao May Bom Tu Dong 12v Tha Chim\" width=\"750\" height=\"750\" srcset=\"https:\/\/maybommini.vn\/wp-content\/uploads\/2020\/07\/cau-tao-may-bom-tu-dong-12v-tha-chim.jpg 750w, https:\/\/maybommini.vn\/wp-content\/uploads\/2020\/07\/cau-tao-may-bom-tu-dong-12v-tha-chim-300x300.jpg 300w, https:\/\/maybommini.vn\/wp-content\/uploads\/2020\/07\/cau-tao-may-bom-tu-dong-12v-tha-chim-150x150.jpg 150w, https:\/\/maybommini.vn\/wp-content\/uploads\/2020\/07\/cau-tao-may-bom-tu-dong-12v-tha-chim-600x600.jpg 600w\" sizes=\"(max-width: 750px) 100vw, 750px\" \/><\/a><a href=\"https:\/\/maybommini.com\/wp-content\/uploads\/2020\/07\/cau-tao-chi-tiet-may-bom-chim-tu-dong.jpg\" target=\"_blank\" rel=\"noopener\"><img decoding=\"async\" class=\"size-full wp-image-266756 aligncenter\" src=\"https:\/\/maybommini.com\/wp-content\/uploads\/2020\/07\/cau-tao-chi-tiet-may-bom-chim-tu-dong.jpg\" alt=\"Cau Tao Chi Tiet May Bom Chim Tu Dong\" width=\"750\" height=\"750\" srcset=\"https:\/\/maybommini.vn\/wp-content\/uploads\/2020\/07\/cau-tao-chi-tiet-may-bom-chim-tu-dong.jpg 750w, https:\/\/maybommini.vn\/wp-content\/uploads\/2020\/07\/cau-tao-chi-tiet-may-bom-chim-tu-dong-300x300.jpg 300w, https:\/\/maybommini.vn\/wp-content\/uploads\/2020\/07\/cau-tao-chi-tiet-may-bom-chim-tu-dong-150x150.jpg 150w, https:\/\/maybommini.vn\/wp-content\/uploads\/2020\/07\/cau-tao-chi-tiet-may-bom-chim-tu-dong-600x600.jpg 600w\" sizes=\"(max-width: 750px) 100vw, 750px\" \/><\/a><a href=\"https:\/\/maybommini.com\/wp-content\/uploads\/2020\/07\/12V-Bilge-Pump.jpg\" target=\"_blank\" rel=\"noopener\"><img decoding=\"async\" class=\"size-full wp-image-266753 aligncenter\" src=\"https:\/\/maybommini.com\/wp-content\/uploads\/2020\/07\/12V-Bilge-Pump.jpg\" alt=\"12V Bilge Pump\" width=\"750\" height=\"750\" srcset=\"https:\/\/maybommini.vn\/wp-content\/uploads\/2020\/07\/12V-Bilge-Pump.jpg 750w, https:\/\/maybommini.vn\/wp-content\/uploads\/2020\/07\/12V-Bilge-Pump-300x300.jpg 300w, https:\/\/maybommini.vn\/wp-content\/uploads\/2020\/07\/12V-Bilge-Pump-150x150.jpg 150w, https:\/\/maybommini.vn\/wp-content\/uploads\/2020\/07\/12V-Bilge-Pump-600x600.jpg 600w\" sizes=\"(max-width: 750px) 100vw, 750px\" \/><\/a><a href=\"https:\/\/maybommini.com\/wp-content\/uploads\/2020\/07\/Bilge-Pump-Marine-Automatic-12V.jpg\" target=\"_blank\" rel=\"noopener\"><img decoding=\"async\" class=\"size-full wp-image-266754 aligncenter\" src=\"https:\/\/maybommini.com\/wp-content\/uploads\/2020\/07\/Bilge-Pump-Marine-Automatic-12V.jpg\" alt=\"Bilge Pump Marine Automatic 12V\" width=\"750\" height=\"750\" srcset=\"https:\/\/maybommini.vn\/wp-content\/uploads\/2020\/07\/Bilge-Pump-Marine-Automatic-12V.jpg 750w, https:\/\/maybommini.vn\/wp-content\/uploads\/2020\/07\/Bilge-Pump-Marine-Automatic-12V-300x300.jpg 300w, https:\/\/maybommini.vn\/wp-content\/uploads\/2020\/07\/Bilge-Pump-Marine-Automatic-12V-150x150.jpg 150w, https:\/\/maybommini.vn\/wp-content\/uploads\/2020\/07\/Bilge-Pump-Marine-Automatic-12V-600x600.jpg 600w\" sizes=\"(max-width: 750px) 100vw, 750px\" \/><\/a>H\u01af\u1edaNG D\u1eaaN C\u00c1CH L\u1eaeP \u0110\u1eb6T M\u00c1Y B\u01a0M CH\u00ccM T\u1ef0 \u0110\u1ed8NG<\/strong><br \/>\nM\u00e1y b\u01a1m s\u1eed d\u1ee5ng ngu\u1ed3n \u0111i\u1ec7n 1 chi\u1ec1u DC 12V.<br \/>\nS\u1eed d\u1ee5ng t\u1ed1t t\u1ea5t c\u1ea3 c\u00e1c lo\u1ea1i b\u00ecnh \u1eafc quy 12V.<br \/>\nN\u1ebfu s\u1eed d\u1ee5ng ngu\u1ed3n bi\u1ebfn th\u1ebf t\u1eeb \u0111i\u1ec7n 220V th\u00ec ph\u1ea3i c\u00f3 c\u00f4ng su\u1ea5t 12V 96W 8A tr\u1edf l\u00ean.<br \/>\nM\u00e1y b\u01a1m c\u00f3 3 d\u00e2y ngu\u1ed3n \u0111i\u1ec7n.<br \/>\nD\u00e2y m\u00e0u \u0111en k\u1ebft n\u1ed1i v\u00e0o c\u1ef1c \u00e2m (-) ngu\u1ed3n \u0111i\u1ec7n.<br \/>\nD\u00e2y m\u00e0u tr\u1eafng n\u00e2u k\u1ebft n\u1ed1i v\u00e0o c\u1ef1c d\u01b0\u01a1ng (+) ngu\u1ed3n \u0111i\u1ec7n \u0111\u00e2y l\u00e0 ch\u1ebf \u0111\u1ed9 t\u1ef1 \u0111\u1ed9ng.<br \/>\nD\u00e2y m\u00e0u n\u00e2u k\u1ebft n\u1ed1i v\u00e0o c\u1ef1c d\u01b0\u01a1ng (+) ngu\u1ed3n \u0111i\u1ec7n \u0111\u00e2y l\u00e0 ch\u1ebf \u0111\u1ed9 ch\u1ea1y li\u00ean t\u1ee5c.<\/p>\n<p><strong><a href=\"https:\/\/maybommini.com\/wp-content\/uploads\/2020\/07\/lap-dat-va-su-dung-may-bom-chim-tu-dong-cho-tau-thuyen-cano.jpg\" target=\"_blank\" rel=\"noopener\"><img decoding=\"async\" class=\"size-full wp-image-266759 aligncenter\" src=\"https:\/\/maybommini.com\/wp-content\/uploads\/2020\/07\/lap-dat-va-su-dung-may-bom-chim-tu-dong-cho-tau-thuyen-cano.jpg\" alt=\"Lap Dat Va Su Dung May Bom Chim Tu Dong Cho Tau Thuyen Cano\" width=\"750\" height=\"750\" srcset=\"https:\/\/maybommini.vn\/wp-content\/uploads\/2020\/07\/lap-dat-va-su-dung-may-bom-chim-tu-dong-cho-tau-thuyen-cano.jpg 750w, https:\/\/maybommini.vn\/wp-content\/uploads\/2020\/07\/lap-dat-va-su-dung-may-bom-chim-tu-dong-cho-tau-thuyen-cano-300x300.jpg 300w, https:\/\/maybommini.vn\/wp-content\/uploads\/2020\/07\/lap-dat-va-su-dung-may-bom-chim-tu-dong-cho-tau-thuyen-cano-150x150.jpg 150w, https:\/\/maybommini.vn\/wp-content\/uploads\/2020\/07\/lap-dat-va-su-dung-may-bom-chim-tu-dong-cho-tau-thuyen-cano-600x600.jpg 600w\" sizes=\"(max-width: 750px) 100vw, 750px\" \/><\/a><a href=\"https:\/\/maybommini.com\/wp-content\/uploads\/2020\/07\/cach-lap-day-nguon-may-bom-chim-tu-dong.jpg\" target=\"_blank\" rel=\"noopener\"><img decoding=\"async\" class=\"size-full wp-image-266755 aligncenter\" src=\"https:\/\/maybommini.com\/wp-content\/uploads\/2020\/07\/cach-lap-day-nguon-may-bom-chim-tu-dong.jpg\" alt=\"Cach Lap Day Nguon May Bom Chim Tu Dong\" width=\"750\" height=\"750\" srcset=\"https:\/\/maybommini.vn\/wp-content\/uploads\/2020\/07\/cach-lap-day-nguon-may-bom-chim-tu-dong.jpg 750w, https:\/\/maybommini.vn\/wp-content\/uploads\/2020\/07\/cach-lap-day-nguon-may-bom-chim-tu-dong-300x300.jpg 300w, https:\/\/maybommini.vn\/wp-content\/uploads\/2020\/07\/cach-lap-day-nguon-may-bom-chim-tu-dong-150x150.jpg 150w, https:\/\/maybommini.vn\/wp-content\/uploads\/2020\/07\/cach-lap-day-nguon-may-bom-chim-tu-dong-600x600.jpg 600w\" sizes=\"(max-width: 750px) 100vw, 750px\" \/><\/a><\/strong><\/p>\n<p><strong>\u1ee8NG D\u1ee4NG <a href=\"https:\/\/maybommini.com\/danh-muc\/may-bom-chim\" target=\"_blank\" rel=\"noopener noreferrer\">M\u00c1Y B\u01a0M CH\u00ccM<\/a> 12V 24V T\u1ef0 \u0110\u1ed8NG<br \/>\n<\/strong>\u0110\u00e2y l\u00e0 lo\u1ea1i b\u01a1m t\u1ef1\u00a0\u0111\u1ed9ng khi c\u00f3 n\u01b0\u1edbc tr\u00e0n v\u00e0o, khi\u00a0\u0111\u00f3 phao c\u00f4ng t\u1eafc s\u1ebb k\u00edch ho\u1ea1t \u0111\u1ec3 b\u01a1m n\u01b0\u1edbc. Khi b\u01a1m c\u1ea1n n\u01b0\u1edbc s\u1ebb t\u1ef1 \u0111\u1ed9ng t\u1eaft m\u00e1y v\u00e0 kh\u00f4ng b\u01a1m n\u1eefa.<br \/>\nM\u00e1y b\u01a1m t\u00e0u thuy\u1ec1n Cano.<br \/>\nD\u00f9ng \u0111\u1ec3 b\u01a1m ch\u1ea5t th\u1ea3i n\u01b0\u1edbc ng\u1eadp t\u1ef1 \u0111\u1ed9ng.<br \/>\nB\u01a1m n\u01b0\u1edbc ng\u1eadp trong nh\u00e0 do mua v\u00e0 tri\u1ec1u c\u01b0\u1eddng.<br \/>\nB\u01a1m c\u1ea5p n\u01b0\u1edbc v\u00e0o b\u1ec3 ch\u1ee9a.<br \/>\nM\u00e1y b\u01a1m t\u00e0u thuy\u1ec1n ghe tr\u00ean bi\u1ec3n tr\u00ean s\u00f4ng.<br \/>\nM\u00e1y b\u01a1m cho h\u1ec7 th\u1ed1ng n\u0103ng l\u01b0\u1ee3ng m\u1eb7t tr\u1eddi.<br \/>\nM\u00e1y b\u01a1m n\u01b0\u1edbc bi\u1ec1n n\u01b0\u1edbc m\u1eb7n.<br \/>\nV\u00e0 nhi\u1ec1u \u1ee9ng d\u1ee5ng kh\u00e1c.<\/p>\n<p><strong><a href=\"https:\/\/maybommini.com\/wp-content\/uploads\/2020\/07\/may-bom-nuoc-tu-dong-12v-cao-cap.jpg\" target=\"_blank\" rel=\"noopener\"><img decoding=\"async\" class=\"size-full wp-image-266762 aligncenter\" src=\"https:\/\/maybommini.com\/wp-content\/uploads\/2020\/07\/may-bom-nuoc-tu-dong-12v-cao-cap.jpg\" alt=\"May Bom Nuoc Tu Dong 12v Cao Cap\" width=\"750\" height=\"750\" srcset=\"https:\/\/maybommini.vn\/wp-content\/uploads\/2020\/07\/may-bom-nuoc-tu-dong-12v-cao-cap.jpg 750w, https:\/\/maybommini.vn\/wp-content\/uploads\/2020\/07\/may-bom-nuoc-tu-dong-12v-cao-cap-300x300.jpg 300w, https:\/\/maybommini.vn\/wp-content\/uploads\/2020\/07\/may-bom-nuoc-tu-dong-12v-cao-cap-150x150.jpg 150w, https:\/\/maybommini.vn\/wp-content\/uploads\/2020\/07\/may-bom-nuoc-tu-dong-12v-cao-cap-600x600.jpg 600w\" sizes=\"(max-width: 750px) 100vw, 750px\" \/><\/a><a href=\"https:\/\/maybommini.com\/wp-content\/uploads\/2020\/07\/ung-dung-may-bom-chim-tu-dong.jpg\" target=\"_blank\" rel=\"noopener\"><img decoding=\"async\" class=\"size-full wp-image-266763 aligncenter\" src=\"https:\/\/maybommini.com\/wp-content\/uploads\/2020\/07\/ung-dung-may-bom-chim-tu-dong.jpg\" alt=\"Ung Dung May Bom Chim Tu Dong\" width=\"750\" height=\"750\" srcset=\"https:\/\/maybommini.vn\/wp-content\/uploads\/2020\/07\/ung-dung-may-bom-chim-tu-dong.jpg 750w, https:\/\/maybommini.vn\/wp-content\/uploads\/2020\/07\/ung-dung-may-bom-chim-tu-dong-300x300.jpg 300w, https:\/\/maybommini.vn\/wp-content\/uploads\/2020\/07\/ung-dung-may-bom-chim-tu-dong-150x150.jpg 150w, https:\/\/maybommini.vn\/wp-content\/uploads\/2020\/07\/ung-dung-may-bom-chim-tu-dong-600x600.jpg 600w\" sizes=\"(max-width: 750px) 100vw, 750px\" \/><\/a>MUA M\u00c1Y B\u01a0M\u00a0<\/strong><strong>CH\u00ccM\u00a0<\/strong><strong>12V\u00a0<\/strong><strong>24V T\u1ef0 \u0110\u1ed8NG <\/strong><strong>\u1ede \u0110\u00c2U ?<br \/>\n<\/strong>M\u1ecdi chi ti\u1ebft vui l\u00f2ng li\u00ean h\u1ec7 tr\u1ef1c ti\u1ebfp cho ch\u00fang t\u00f4i \u0111\u1ec3 \u0111\u01b0\u1ee3c t\u01b0 v\u1ea5n theo nhu c\u1ea7u \u0111\u1ec3 c\u00f3 \u0111\u01b0\u1ee3c b\u1ed9 s\u1ea3n ph\u1ea9m t\u1ed1t nh\u1ea5t v\u00e0 ti\u1ebft ki\u1ec7m.\u00a0B\u1ea1n \u1edf xa v\u1eabn c\u00f3 th\u1ec3 mua h\u00e0ng v\u00e0 giao h\u00e0ng <a title=\"thanh to\u00e1n\" href=\"http:\/\/maybommini.com\/thanh-toan\" target=\"_blank\" rel=\"noopener\">thanh to\u00e1n<\/a> ti\u1ec1n t\u1ea1i nh\u00e0. Li\u00ean h\u1ec7 ch\u00fang t\u00f4i \u0111\u1ec3 \u0111\u01b0\u1ee3c t\u01b0 v\u1ea5n v\u00e0 gi\u00e1 t\u1ed1t.<\/p>\n<p><strong>CTY TNHH TH\u01af\u01a0NG M\u1ea0I D\u1ecaCH V\u1ee4 \u0110I\u1ec6N M\u00c1Y TH\u00d4NG MINH<\/strong><br \/>\n<strong>Hotline Zalo:<\/strong> 02873030399 &#8211;\u00a0 0907294310<br \/>\n<strong>Email:<\/strong> maybommini.com@gmail.com<br \/>\n<strong>Website:<\/strong> http:\/\/maybommini.com<br \/>\n<strong>Facebook:<\/strong> <a href=\"https:\/\/www.facebook.com\/maybommini\" target=\"_blank\" rel=\"noopener noreferrer\">https:\/\/www.facebook.com\/maybommini<\/a><br \/>\n<strong>Youtube demo:<\/strong> <a href=\"https:\/\/www.youtube.com\/bahamasali\" target=\"_blank\" rel=\"noopener noreferrer\">https:\/\/www.youtube.com\/bahamasali<\/a><\/p>\n<h3 style=\"text-align: center;\">M\u00e1y b\u01a1m ch\u00ecm 12V 72W 1100GPH G1100 t\u1ef1 \u0111\u1ed9ng<br \/>\nAutomatic 12V Bilge Pump 1100GPH G1100<\/h3>\n","protected":false},"excerpt":{"rendered":"<p>Model: G1100-AUTO-12V<br \/>\n\u0110i\u1ec7n th\u1ebf: 12V DC<br \/>\nL\u01b0u l\u01b0\u1ee3ng b\u01a1m:\u00a0 1100 GPH &#8211; 4160 L\/H<br \/>\nC\u00f4ng su\u1ea5t b\u01a1m: 72W &#8211; 6A<br \/>\nM\u00e1y b\u01a1m c\u00f4ng ngh\u1ec7 phao \u0111i\u1ec7n t\u1ef1 \u0111\u1ed9ng.<br \/>\n\u1ed0ng ra: 19 mm &#8211; 3\/4 in<br \/>\nB\u01a1m cao: 4 &#8211; 5 met.<br \/>\nKh\u00f4ng b\u01a1m li\u00ean t\u1ee5c 24\/24.<br \/>\nMortor l\u00f5i \u0111\u1ed3ng cao c\u1ea5p 100%.<br \/>\nMotor cao c\u1ea5p c\u00f4ng ngh\u1ec7 m\u1edbi.<br \/>\nTr\u1ee5c m\u00e1y b\u01a1m b\u1eb1ng th\u00e9p kh\u00f4ng g\u1ec9.<br \/>\nCh\u1ea5t li\u1ec7u: \u0110\u1ed3ng \u2013 ABS.<br \/>\nK\u00edch th\u01b0\u1edbc 155 x 90 x 115 mm<br \/>\nTr\u1ecdng l\u01b0\u1ee3ng: 0.6 KG.<br \/>\nB\u1ea3o h\u00e0nh: 3 th\u00e1ng.<\/p>\n","protected":false},"featured_media":267439,"comment_status":"open","ping_status":"closed","template":"","meta":[],"product_brand":[],"product_cat":[381,382],"product_tag":[267,3357,3356,3103,391,705,392,393,847,708,709,235,921,3358,846,710,389,231,711,712,848,849,394,626],"class_list":{"0":"post-266764","1":"product","2":"type-product","3":"status-publish","4":"has-post-thumbnail","6":"product_cat-may-bom-chim","7":"product_cat-may-bom-chim-12v","8":"product_tag-12v","9":"product_tag-auto-water-boat","10":"product_tag-automatic-12v-bilge-pump","11":"product_tag-bilge-pump","12":"product_tag-bom-chat-thai","13":"product_tag-bom-chim","14":"product_tag-bom-chim-12v","15":"product_tag-bom-chim-24v","16":"product_tag-bom-chim-tu-dong","17":"product_tag-bom-day-tau","18":"product_tag-bom-nuoc-bien","19":"product_tag-bom-nuoc-mini","20":"product_tag-bom-nuoc-ngap","21":"product_tag-g1100","22":"product_tag-gallon","23":"product_tag-may-bom-cano","24":"product_tag-may-bom-chim","25":"product_tag-may-bom-mini","26":"product_tag-may-bom-tau","27":"product_tag-may-bom-thuyen","28":"product_tag-may-bom-tu-dong-tau-thuyen","29":"product_tag-may-bom-tu-dong","30":"product_tag-may-bom-tuoi","31":"product_tag-tu-dong","33":"first","34":"instock","35":"sale","36":"featured","37":"shipping-taxable","38":"purchasable","39":"product-type-simple"},"_links":{"self":[{"href":"https:\/\/maybommini.vn\/index.php?rest_route=\/wp\/v2\/product\/266764","targetHints":{"allow":["GET"]}}],"collection":[{"href":"https:\/\/maybommini.vn\/index.php?rest_route=\/wp\/v2\/product"}],"about":[{"href":"https:\/\/maybommini.vn\/index.php?rest_route=\/wp\/v2\/types\/product"}],"replies":[{"embeddable":true,"href":"https:\/\/maybommini.vn\/index.php?rest_route=%2Fwp%2Fv2%2Fcomments&post=266764"}],"wp:featuredmedia":[{"embeddable":true,"href":"https:\/\/maybommini.vn\/index.php?rest_route=\/wp\/v2\/media\/267439"}],"wp:attachment":[{"href":"https:\/\/maybommini.vn\/index.php?rest_route=%2Fwp%2Fv2%2Fmedia&parent=266764"}],"wp:term":[{"taxonomy":"product_brand","embeddable":true,"href":"https:\/\/maybommini.vn\/index.php?rest_route=%2Fwp%2Fv2%2Fproduct_brand&post=266764"},{"taxonomy":"product_cat","embeddable":true,"href":"https:\/\/maybommini.vn\/index.php?rest_route=%2Fwp%2Fv2%2Fproduct_cat&post=266764"},{"taxonomy":"product_tag","embeddable":true,"href":"https:\/\/maybommini.vn\/index.php?rest_route=%2Fwp%2Fv2%2Fproduct_tag&post=266764"}],"curies":[{"name":"wp","href":"https:\/\/api.w.org\/{rel}","templated":true}]}}