{"id":267045,"date":"2020-08-31T14:45:22","date_gmt":"2020-08-31T07:45:22","guid":{"rendered":"https:\/\/maybommini.com\/?post_type=product&#038;p=267045"},"modified":"2020-09-05T11:22:39","modified_gmt":"2020-09-05T04:22:39","slug":"may-bom-chim-220v-110w-4500l-psp-4500-yamano","status":"publish","type":"product","link":"https:\/\/maybommini.vn\/?product=may-bom-chim-220v-110w-4500l-psp-4500-yamano","title":{"rendered":"M\u00e1y b\u01a1m ch\u00ecm 220V 110W 4500L PSP-4500 YAMANO"},"content":{"rendered":"<h3><strong>Ph\u00e2n ph\u1ed1i m\u00e1y b\u01a1m ch\u00ecm 220V 100W 4500L PSP-4500 YAMANO kh\u00f4ng ch\u1ed5i than cao c\u1ea5p s\u1eed d\u1ee5ng ph\u00f9 h\u1ee3p b\u01a1m n\u01b0\u1edbc ng\u1eadp n\u01b0\u1edbc th\u1ea3i, l\u1ecdc n\u01b0\u1edbc h\u1ed3 c\u00e1, m\u00e1y b\u01a1m h\u00f2n non b\u1ed9 v\u00e0 th\u00e1c n\u01b0\u1edbc ch\u1ea1y li\u00ean t\u1ee5c r\u1ea5t t\u1ed1t.<\/strong><\/h3>\n<p><strong><a href=\"https:\/\/maybommini.com\/wp-content\/uploads\/2020\/08\/May-bom-chim-nuoc-thai-nuoc-ngap-ho-ca-thac-nuoc-220V-110W-4500L.jpg\" target=\"_blank\" rel=\"noopener\"><img decoding=\"async\" class=\"size-full wp-image-267034 aligncenter\" src=\"https:\/\/maybommini.com\/wp-content\/uploads\/2020\/08\/May-bom-chim-nuoc-thai-nuoc-ngap-ho-ca-thac-nuoc-220V-110W-4500L.jpg\" alt=\"May Bom Chim Nuoc Thai Nuoc Ngap Ho Ca Thac Nuoc 220V 110W 4500L\" width=\"750\" height=\"750\" srcset=\"https:\/\/maybommini.vn\/wp-content\/uploads\/2020\/08\/May-bom-chim-nuoc-thai-nuoc-ngap-ho-ca-thac-nuoc-220V-110W-4500L.jpg 750w, https:\/\/maybommini.vn\/wp-content\/uploads\/2020\/08\/May-bom-chim-nuoc-thai-nuoc-ngap-ho-ca-thac-nuoc-220V-110W-4500L-300x300.jpg 300w, https:\/\/maybommini.vn\/wp-content\/uploads\/2020\/08\/May-bom-chim-nuoc-thai-nuoc-ngap-ho-ca-thac-nuoc-220V-110W-4500L-150x150.jpg 150w, https:\/\/maybommini.vn\/wp-content\/uploads\/2020\/08\/May-bom-chim-nuoc-thai-nuoc-ngap-ho-ca-thac-nuoc-220V-110W-4500L-600x600.jpg 600w\" sizes=\"(max-width: 750px) 100vw, 750px\" \/><\/a>TH\u00d4NG S\u1ed0 K\u1ef8 THU\u1eacT<br \/>\n<\/strong>Th\u01b0\u01a1ng hi\u1ec7u: YAMANO<br \/>\nModel: PSP-4500<br \/>\n\u0110i\u1ec7n th\u1ebf: 220V AC<br \/>\nC\u00f4ng su\u1ea5t: 110W<br \/>\nL\u01b0u l\u01b0\u1ee3ng: 4200 L\/H<br \/>\nB\u01a1m cao: 4.5 M\u00e9t<br \/>\nTi\u00eau chu\u1ea9n: IPX8<br \/>\nLo\u1ea1i motor kh\u00f4ng ch\u1ed5i than.<br \/>\nMotor c\u00f4ng ngh\u1ec7 m\u1edbi cao c\u1ea5p.<br \/>\nHo\u1ea1t \u0111\u1ed9ng li\u00ean t\u1ee5c 24\/24.<br \/>\nLo\u1ea1i m\u00e1y b\u01a1m l\u01b0u l\u01b0\u1ee3ng l\u1edbn.<br \/>\nM\u00e1y b\u01a1m tr\u1ee5c \u0111\u1ee9ng h\u00fat \u0111\u00e1y.<br \/>\nCh\u1ea5t li\u1ec7u: Nh\u1ef1a ABS \u0110\u1ed3ng.<br \/>\nK\u00edch th\u01b0\u1edbc \u0111\u1ea7u n\u1ed1i \u1ed1ng: 15mm, 55mm.<br \/>\nK\u00edch th\u01b0\u1edbc: 170 * 170 * 325 mm.<br \/>\nTr\u1ecdng l\u01b0\u1ee3ng: 2.9 Kg<\/p>\n<p><strong><a href=\"https:\/\/maybommini.com\/wp-content\/uploads\/2020\/08\/Thong-so-ky-thuat-may-bom-chim-PSP-220V.jpg\" target=\"_blank\" rel=\"noopener\"><img decoding=\"async\" class=\"size-full wp-image-267039 aligncenter\" src=\"https:\/\/maybommini.com\/wp-content\/uploads\/2020\/08\/Thong-so-ky-thuat-may-bom-chim-PSP-220V.jpg\" alt=\"Thong So Ky Thuat May Bom Chim PSP 220V\" width=\"750\" height=\"750\" srcset=\"https:\/\/maybommini.vn\/wp-content\/uploads\/2020\/08\/Thong-so-ky-thuat-may-bom-chim-PSP-220V.jpg 750w, https:\/\/maybommini.vn\/wp-content\/uploads\/2020\/08\/Thong-so-ky-thuat-may-bom-chim-PSP-220V-300x300.jpg 300w, https:\/\/maybommini.vn\/wp-content\/uploads\/2020\/08\/Thong-so-ky-thuat-may-bom-chim-PSP-220V-150x150.jpg 150w, https:\/\/maybommini.vn\/wp-content\/uploads\/2020\/08\/Thong-so-ky-thuat-may-bom-chim-PSP-220V-600x600.jpg 600w\" sizes=\"(max-width: 750px) 100vw, 750px\" \/><\/a><a href=\"https:\/\/maybommini.com\/wp-content\/uploads\/2020\/08\/May-bom-chim-Yamano-cao-cap.jpg\" target=\"_blank\" rel=\"noopener\"><img decoding=\"async\" class=\"size-full wp-image-267035 aligncenter\" src=\"https:\/\/maybommini.com\/wp-content\/uploads\/2020\/08\/May-bom-chim-Yamano-cao-cap.jpg\" alt=\"May Bom Chim Yamano Cao Cap\" width=\"750\" height=\"750\" srcset=\"https:\/\/maybommini.vn\/wp-content\/uploads\/2020\/08\/May-bom-chim-Yamano-cao-cap.jpg 750w, https:\/\/maybommini.vn\/wp-content\/uploads\/2020\/08\/May-bom-chim-Yamano-cao-cap-300x300.jpg 300w, https:\/\/maybommini.vn\/wp-content\/uploads\/2020\/08\/May-bom-chim-Yamano-cao-cap-150x150.jpg 150w, https:\/\/maybommini.vn\/wp-content\/uploads\/2020\/08\/May-bom-chim-Yamano-cao-cap-600x600.jpg 600w\" sizes=\"(max-width: 750px) 100vw, 750px\" \/><\/a><a href=\"https:\/\/maybommini.com\/wp-content\/uploads\/2020\/08\/may-bom-chim-cot-canh-quat-bang-su.jpg\" target=\"_blank\" rel=\"noopener\"><img decoding=\"async\" class=\"size-full wp-image-267030 aligncenter\" src=\"https:\/\/maybommini.com\/wp-content\/uploads\/2020\/08\/may-bom-chim-cot-canh-quat-bang-su.jpg\" alt=\"May Bom Chim Cot Canh Quat Bang Su\" width=\"750\" height=\"750\" srcset=\"https:\/\/maybommini.vn\/wp-content\/uploads\/2020\/08\/may-bom-chim-cot-canh-quat-bang-su.jpg 750w, https:\/\/maybommini.vn\/wp-content\/uploads\/2020\/08\/may-bom-chim-cot-canh-quat-bang-su-300x300.jpg 300w, https:\/\/maybommini.vn\/wp-content\/uploads\/2020\/08\/may-bom-chim-cot-canh-quat-bang-su-150x150.jpg 150w, https:\/\/maybommini.vn\/wp-content\/uploads\/2020\/08\/may-bom-chim-cot-canh-quat-bang-su-600x600.jpg 600w\" sizes=\"(max-width: 750px) 100vw, 750px\" \/><\/a><a href=\"https:\/\/maybommini.com\/wp-content\/uploads\/2020\/08\/may-bom-chim-khong-choi-than-cong-nghe-moi-cao-cap.jpg\" target=\"_blank\" rel=\"noopener\"><img decoding=\"async\" class=\"size-full wp-image-267031 aligncenter\" src=\"https:\/\/maybommini.com\/wp-content\/uploads\/2020\/08\/may-bom-chim-khong-choi-than-cong-nghe-moi-cao-cap.jpg\" alt=\"May Bom Chim Khong Choi Than Cong Nghe Moi Cao Cap\" width=\"750\" height=\"750\" srcset=\"https:\/\/maybommini.vn\/wp-content\/uploads\/2020\/08\/may-bom-chim-khong-choi-than-cong-nghe-moi-cao-cap.jpg 750w, https:\/\/maybommini.vn\/wp-content\/uploads\/2020\/08\/may-bom-chim-khong-choi-than-cong-nghe-moi-cao-cap-300x300.jpg 300w, https:\/\/maybommini.vn\/wp-content\/uploads\/2020\/08\/may-bom-chim-khong-choi-than-cong-nghe-moi-cao-cap-150x150.jpg 150w, https:\/\/maybommini.vn\/wp-content\/uploads\/2020\/08\/may-bom-chim-khong-choi-than-cong-nghe-moi-cao-cap-600x600.jpg 600w\" sizes=\"(max-width: 750px) 100vw, 750px\" \/><\/a><a href=\"https:\/\/maybommini.com\/wp-content\/uploads\/2020\/08\/Phu-kien-gan-ong-may-bom-chim-PSP.jpg\" target=\"_blank\" rel=\"noopener\"><img decoding=\"async\" class=\"size-full wp-image-267037 aligncenter\" src=\"https:\/\/maybommini.com\/wp-content\/uploads\/2020\/08\/Phu-kien-gan-ong-may-bom-chim-PSP.jpg\" alt=\"Phu Kien Gan Ong May Bom Chim PSP\" width=\"750\" height=\"750\" srcset=\"https:\/\/maybommini.vn\/wp-content\/uploads\/2020\/08\/Phu-kien-gan-ong-may-bom-chim-PSP.jpg 750w, https:\/\/maybommini.vn\/wp-content\/uploads\/2020\/08\/Phu-kien-gan-ong-may-bom-chim-PSP-300x300.jpg 300w, https:\/\/maybommini.vn\/wp-content\/uploads\/2020\/08\/Phu-kien-gan-ong-may-bom-chim-PSP-150x150.jpg 150w, https:\/\/maybommini.vn\/wp-content\/uploads\/2020\/08\/Phu-kien-gan-ong-may-bom-chim-PSP-600x600.jpg 600w\" sizes=\"(max-width: 750px) 100vw, 750px\" \/><\/a><a href=\"https:\/\/maybommini.com\/wp-content\/uploads\/2020\/08\/may-bom-ho-ca-gia-dinh-cao-cap.jpg\" target=\"_blank\" rel=\"noopener\"><img decoding=\"async\" class=\"size-full wp-image-267036 aligncenter\" src=\"https:\/\/maybommini.com\/wp-content\/uploads\/2020\/08\/may-bom-ho-ca-gia-dinh-cao-cap.jpg\" alt=\"May Bom Ho Ca Gia Dinh Cao Cap\" width=\"750\" height=\"750\" srcset=\"https:\/\/maybommini.vn\/wp-content\/uploads\/2020\/08\/may-bom-ho-ca-gia-dinh-cao-cap.jpg 750w, https:\/\/maybommini.vn\/wp-content\/uploads\/2020\/08\/may-bom-ho-ca-gia-dinh-cao-cap-300x300.jpg 300w, https:\/\/maybommini.vn\/wp-content\/uploads\/2020\/08\/may-bom-ho-ca-gia-dinh-cao-cap-150x150.jpg 150w, https:\/\/maybommini.vn\/wp-content\/uploads\/2020\/08\/may-bom-ho-ca-gia-dinh-cao-cap-600x600.jpg 600w\" sizes=\"(max-width: 750px) 100vw, 750px\" \/><\/a>S\u1eec D\u1ee4NG M\u00c1Y B\u01a0M CH\u00ccM 220V<\/strong><br \/>\n&#8211; D\u00f9ng b\u01a1m n\u01b0\u1edbc cho h\u1ed3 c\u00e1 trong nh\u00e0 v\u00e0 s\u00e2n v\u01b0\u1eddn.<br \/>\n&#8211; B\u01a1m n\u01b0\u1edbc h\u00f2n non b\u1ed9.<br \/>\n&#8211; B\u01a1m \u0111\u1ea9y cao cho th\u00e1c n\u01b0\u1edbc.<br \/>\n&#8211; M\u00e1y b\u01a1m cho h\u1ed3 phong thu\u1ef7.<br \/>\n&#8211; M\u00e1y b\u01a1m n\u01b0\u1edbc ng\u1eadp n\u01b0\u1edbc th\u1ea3i.<br \/>\n&#8211; B\u01a1m n\u01b0\u1edbc h\u1ed3 c\u00e1c ki\u1ec3ng.<br \/>\n&#8211; M\u00e1y b\u01a1m ch\u00ecm l\u1ecdc n\u01b0\u1edbc cho h\u1ed3 c\u00e1.<br \/>\n&#8211; M\u00e1y b\u01a1m h\u1ed3 c\u00e1 KOI.<br \/>\n&#8211; B\u01a1m n\u01b0\u1edbc h\u1ec7 th\u1ed1ng th\u1ee7y canh.<br \/>\n&#8211; M\u00e1y b\u01a1m c\u1ea5p n\u01b0\u1edbc s\u1ea1ch.<br \/>\n&#8211; M\u00e1y b\u01a1m c\u1ea5p n\u01b0\u1edbc t\u01b0\u1edbi ti\u00eau.<br \/>\n&#8211; M\u00e1y b\u01a1m ch\u00ecm b\u01a1m n\u01b0\u1edbc h\u1ed3.<br \/>\n&#8211; B\u01a1m n\u01b0\u1edbc tu\u1ea7n ho\u00e0n h\u1ed3 c\u00e1.<br \/>\n&#8211; M\u00e1y b\u01a1m n\u01b0\u1edbc m\u1eb7n, n\u01b0\u1edbc bi\u1ec3n.<\/p>\n<p><strong><a href=\"https:\/\/maybommini.com\/wp-content\/uploads\/2020\/08\/ung-dung-va-su-dung-may-bom-chim-220v.jpg\" target=\"_blank\" rel=\"noopener\"><img decoding=\"async\" class=\"size-full wp-image-267040 aligncenter\" src=\"https:\/\/maybommini.com\/wp-content\/uploads\/2020\/08\/ung-dung-va-su-dung-may-bom-chim-220v.jpg\" alt=\"Ung Dung Va Su Dung May Bom Chim 220v\" width=\"750\" height=\"750\" srcset=\"https:\/\/maybommini.vn\/wp-content\/uploads\/2020\/08\/ung-dung-va-su-dung-may-bom-chim-220v.jpg 750w, https:\/\/maybommini.vn\/wp-content\/uploads\/2020\/08\/ung-dung-va-su-dung-may-bom-chim-220v-300x300.jpg 300w, https:\/\/maybommini.vn\/wp-content\/uploads\/2020\/08\/ung-dung-va-su-dung-may-bom-chim-220v-150x150.jpg 150w, https:\/\/maybommini.vn\/wp-content\/uploads\/2020\/08\/ung-dung-va-su-dung-may-bom-chim-220v-600x600.jpg 600w\" sizes=\"(max-width: 750px) 100vw, 750px\" \/><\/a><a href=\"https:\/\/maybommini.com\/wp-content\/uploads\/2020\/08\/su-dung-may-bom-chim-PSP.jpg\" target=\"_blank\" rel=\"noopener\"><img decoding=\"async\" class=\"size-full wp-image-267038 aligncenter\" src=\"https:\/\/maybommini.com\/wp-content\/uploads\/2020\/08\/su-dung-may-bom-chim-PSP.jpg\" alt=\"Su Dung May Bom Chim PSP\" width=\"750\" height=\"750\" srcset=\"https:\/\/maybommini.vn\/wp-content\/uploads\/2020\/08\/su-dung-may-bom-chim-PSP.jpg 750w, https:\/\/maybommini.vn\/wp-content\/uploads\/2020\/08\/su-dung-may-bom-chim-PSP-300x300.jpg 300w, https:\/\/maybommini.vn\/wp-content\/uploads\/2020\/08\/su-dung-may-bom-chim-PSP-150x150.jpg 150w, https:\/\/maybommini.vn\/wp-content\/uploads\/2020\/08\/su-dung-may-bom-chim-PSP-600x600.jpg 600w\" sizes=\"(max-width: 750px) 100vw, 750px\" \/><\/a>B\u00c1N M\u00c1Y B\u01a0M CH\u00ccM H\u1ed2 C\u00c1<\/strong><br \/>\nCh\u00fang t\u00f4i chuy\u00ean ph\u00e2n ph\u1ed1i tr\u00ean to\u00e0n qu\u1ed1c c\u00e1c lo\u1ea1i <a href=\"https:\/\/maybommini.com\/danh-muc\/may-bom-chim\" target=\"_blank\" rel=\"noopener\">m\u00e1y b\u01a1m ch\u00ecm 12v 24v 220v<\/a> gi\u00e1 t\u1ed1t b\u1ea3o h\u00e0nh l\u00e2u d\u00e0i ch\u00ednh h\u00e3ng ch\u1ea5t l\u01b0\u1ee3ng cao giao h\u00e0ng t\u1eadn nh\u00e0. Vui l\u00f2ng li\u00ean h\u1ec7 tr\u1ef1c ti\u1ebfp \u0111\u1ec3 \u0111\u01b0\u1ee3c t\u01b0 v\u1ea5n v\u00e0o b\u1ea3o h\u00e0nh t\u1ed1t h\u01a1n t\u1ea1i.<br \/>\n<strong>CTY TNHH TH\u01af\u01a0NG M\u1ea0I D\u1ecaCH V\u1ee4 \u0110I\u1ec6N M\u00c1Y TH\u00d4NG MINH<\/strong><br \/>\nHotline Zalo: 02873030399 \u2013 0907294310<br \/>\nEmail: maybommini.com@gmail.com<br \/>\nWebsite:\u00a0<a href=\"https:\/\/maybommini.com\/\" target=\"_blank\" rel=\"noopener noreferrer\">https:\/\/maybommini.com<\/a><br \/>\nFacebook:\u00a0<a href=\"https:\/\/www.facebook.com\/maybommini\" target=\"_blank\" rel=\"noopener noreferrer\">https:\/\/www.facebook.com\/maybommini<\/a><br \/>\nYoutube demo: <a href=\"https:\/\/www.youtube.com\/bahamasali\" target=\"_blank\" rel=\"noopener noreferrer\">https:\/\/www.youtube.com\/bahamasali<\/a><\/p>\n<h1 class=\"product-title-text\" style=\"text-align: center;\" data-spm-anchor-id=\"a2g0o.detail.1000016.i1.4a881e49U0YnDE\">Submersible Water Pump<br \/>\n<a href=\"https:\/\/maybommini.com\/san-pham\/may-bom-chim-220v-60w-2400l-psp-2400-yamano\" target=\"_blank\" rel=\"noopener noreferrer\">M\u00e1y b\u01a1m ch\u00ecm 220V 60W 2400L PSP-2400 YAMANO<\/a><br \/>\n<a href=\"https:\/\/maybommini.com\/san-pham\/may-bom-chim-220v-80w-3200l-psp-3200-yamano\" target=\"_blank\" rel=\"noopener noreferrer\">M\u00e1y b\u01a1m ch\u00ecm 220V 80W 3200L PSP-3200 YAMANO<\/a><br \/>\nM\u00e1y b\u01a1m ch\u00ecm 220V 110W 4500L PSP-4500 YAMANO<\/h1>\n","protected":false},"excerpt":{"rendered":"<p>Th\u01b0\u01a1ng hi\u1ec7u: YAMANO<br \/>\nModel: PSP-4500<br \/>\n\u0110i\u1ec7n th\u1ebf: 220V AC<br \/>\nC\u00f4ng su\u1ea5t: 110W<br \/>\nL\u01b0u l\u01b0\u1ee3ng: 4200 L\/H<br \/>\nB\u01a1m cao: 4.5 M\u00e9t<br \/>\nTi\u00eau chu\u1ea9n: IPX8<br \/>\nLo\u1ea1i motor kh\u00f4ng ch\u1ed5i than.<br \/>\nMotor c\u00f4ng ngh\u1ec7 m\u1edbi cao c\u1ea5p.<br \/>\nHo\u1ea1t \u0111\u1ed9ng li\u00ean t\u1ee5c 24\/24.<br \/>\nLo\u1ea1i m\u00e1y b\u01a1m l\u01b0u l\u01b0\u1ee3ng l\u1edbn.<br \/>\nM\u00e1y b\u01a1m tr\u1ee5c \u0111\u1ee9ng h\u00fat \u0111\u00e1y.<br \/>\nCh\u1ea5t li\u1ec7u: Nh\u1ef1a ABS \u0110\u1ed3ng.<br \/>\nK\u00edch th\u01b0\u1edbc \u0111\u1ea7u n\u1ed1i \u1ed1ng: 15mm, 25mm.<br \/>\nK\u00edch th\u01b0\u1edbc: 170 * 170 * 325 mm.<br \/>\nTr\u1ecdng l\u01b0\u1ee3ng: 2.9 Kg<br \/>\nM\u00e1y b\u01a1m ch\u00ecm ch\u1ea5t l\u01b0\u1ee3ng cao.<br \/>\nB\u1ea3o h\u00e0nh: 3 th\u00e1ng<br \/>\n<strong>Tel: 0907294310<\/strong><\/p>\n","protected":false},"featured_media":267034,"comment_status":"open","ping_status":"closed","template":"","meta":[],"product_brand":[],"product_cat":[775,381],"product_tag":[500,3348,2313,3349,2398,630,389,3347,614,616,2315,2314,3368,2648,3367],"class_list":{"0":"post-267045","1":"product","2":"type-product","3":"status-publish","4":"has-post-thumbnail","6":"product_cat-may-bom-chim-220v","7":"product_cat-may-bom-chim","8":"product_tag-220v","9":"product_tag-bom-co-den","10":"product_tag-bom-nuoc-chim","11":"product_tag-bom-nuoc-gia-re","12":"product_tag-bom-thac-nuoc","13":"product_tag-may-bom-220v","14":"product_tag-may-bom-chim","15":"product_tag-may-bom-co-den","16":"product_tag-may-bom-ho-ca","17":"product_tag-may-bom-hon-non-bo","18":"product_tag-may-bom-khong-choi-than","19":"product_tag-may-bom-thac-nuoc","20":"product_tag-may-bom-yamano","21":"product_tag-submersible-water-pump","22":"product_tag-yamano","24":"first","25":"instock","26":"sale","27":"shipping-taxable","28":"purchasable","29":"product-type-simple"},"_links":{"self":[{"href":"https:\/\/maybommini.vn\/index.php?rest_route=\/wp\/v2\/product\/267045","targetHints":{"allow":["GET"]}}],"collection":[{"href":"https:\/\/maybommini.vn\/index.php?rest_route=\/wp\/v2\/product"}],"about":[{"href":"https:\/\/maybommini.vn\/index.php?rest_route=\/wp\/v2\/types\/product"}],"replies":[{"embeddable":true,"href":"https:\/\/maybommini.vn\/index.php?rest_route=%2Fwp%2Fv2%2Fcomments&post=267045"}],"wp:featuredmedia":[{"embeddable":true,"href":"https:\/\/maybommini.vn\/index.php?rest_route=\/wp\/v2\/media\/267034"}],"wp:attachment":[{"href":"https:\/\/maybommini.vn\/index.php?rest_route=%2Fwp%2Fv2%2Fmedia&parent=267045"}],"wp:term":[{"taxonomy":"product_brand","embeddable":true,"href":"https:\/\/maybommini.vn\/index.php?rest_route=%2Fwp%2Fv2%2Fproduct_brand&post=267045"},{"taxonomy":"product_cat","embeddable":true,"href":"https:\/\/maybommini.vn\/index.php?rest_route=%2Fwp%2Fv2%2Fproduct_cat&post=267045"},{"taxonomy":"product_tag","embeddable":true,"href":"https:\/\/maybommini.vn\/index.php?rest_route=%2Fwp%2Fv2%2Fproduct_tag&post=267045"}],"curies":[{"name":"wp","href":"https:\/\/api.w.org\/{rel}","templated":true}]}}