{"id":267185,"date":"2020-09-18T08:49:20","date_gmt":"2020-09-18T01:49:20","guid":{"rendered":"https:\/\/maybommini.com\/?post_type=product&#038;p=267185"},"modified":"2023-08-03T18:31:11","modified_gmt":"2023-08-03T11:31:11","slug":"may-han-cell-pin-chuyen-nghiep-220v-3kw-jst-2s","status":"publish","type":"product","link":"https:\/\/maybommini.vn\/?product=may-han-cell-pin-chuyen-nghiep-220v-3kw-jst-2s","title":{"rendered":"M\u00e1y h\u00e0n cell pin chuy\u00ean nghi\u1ec7p 220V 3KW JST-2S"},"content":{"rendered":"<h3>B\u00e1n m\u00e1y h\u00e0n cell pin chuy\u00ean nghi\u1ec7p 220V 3KW JST-2S ch\u00ednh h\u00e3ng v\u1edbi gi\u00e1 t\u1ed1t b\u1ea3o h\u00e0nh l\u00e2u d\u00e0i \u0111\u01b0\u1ee3c nhi\u1ec1u kh\u00e1ch h\u00e0ng v\u00e0 c\u00e1c th\u1ee3 \u0111i\u1ec7n t\u1eed tin d\u00f9ng. \u0110\u00e2y l\u00e0 lo\u1ea1i m\u00e1y h\u00e0n pin chuy\u00ean d\u1ee5ng \u0111\u1ec3 h\u00e0n gh\u00e9p c\u00e1c lo\u1ea1i pin l\u1ea1i v\u1edbi nhau v\u1edbi m\u1ed1i h\u00e0n r\u1ea5t ch\u1eafc ch\u1eafn v\u00e0 d\u1ec5 s\u1eed d\u1ee5ng.<\/h3>\n<p><strong><a href=\"https:\/\/maybommini.com\/wp-content\/uploads\/2018\/04\/Spot-Welding-Machine-Lithium-Batteries-JST-IIS.jpg\" target=\"_blank\" rel=\"noopener\"><img decoding=\"async\" class=\"size-full wp-image-267164 aligncenter\" src=\"https:\/\/maybommini.com\/wp-content\/uploads\/2018\/04\/Spot-Welding-Machine-Lithium-Batteries-JST-IIS.jpg\" alt=\"Spot Welding Machine Lithium Batteries JST IIS\" width=\"750\" height=\"750\" srcset=\"https:\/\/maybommini.vn\/wp-content\/uploads\/2018\/04\/Spot-Welding-Machine-Lithium-Batteries-JST-IIS.jpg 750w, https:\/\/maybommini.vn\/wp-content\/uploads\/2018\/04\/Spot-Welding-Machine-Lithium-Batteries-JST-IIS-300x300.jpg 300w, https:\/\/maybommini.vn\/wp-content\/uploads\/2018\/04\/Spot-Welding-Machine-Lithium-Batteries-JST-IIS-150x150.jpg 150w, https:\/\/maybommini.vn\/wp-content\/uploads\/2018\/04\/Spot-Welding-Machine-Lithium-Batteries-JST-IIS-600x600.jpg 600w\" sizes=\"(max-width: 750px) 100vw, 750px\" \/><\/a>TH\u00d4NG S\u1ed0 K\u1ef8 THU\u1eacT<br \/>\n<\/strong>Th\u01b0\u01a1ng hi\u1ec7u: MTM<br \/>\nModel: JST-2S<br \/>\n\u0110i\u1ec7n th\u1ebf: 110 &#8211; 220V AC<br \/>\nC\u00f4ng su\u1ea5t: 3.0 KW<br \/>\n\u0110i\u1ec7n \u00e1p \u0111\u1ea7u ra : 3.5V &#8211; 1000A<br \/>\nD\u00f2ng \u0111i\u1ec7n \u00e1p h\u00e0n: 0 &#8211; 99%<br \/>\nC\u1ea7u ch\u00ec ch\u1ecbu t\u1ea3i: 15A<br \/>\nT\u1ea5m niken h\u00e0n ph\u00f9 h\u1ee3p: 0.03 &#8211; 0.15 mm<br \/>\n\u0110\u1ec1u ch\u1ec9nh c\u00f4ng su\u1ea5t h\u00e0n ph\u00f9 h\u1ee3p.<br \/>\nBo m\u1ea1ch cao c\u1ea5p c\u00f4ng ngh\u1ec7 USA.<br \/>\nBi\u1ebfn th\u1ebf cu\u1ed9n d\u00e2y \u0111\u1ed3ng cao c\u1ea5p.<br \/>\nM\u00e0n h\u00ecnh LCD ch\u1ec9nh d\u00f2ng.<br \/>\nB\u00e0n \u0111\u1ea1p k\u00edch h\u00e0n.<br \/>\nCh\u1ea5t li\u1ec7u: \u0110\u1ed3ng &#8211; Th\u00e9p &#8211; Nh\u1ef1a.<br \/>\nK\u00edch th\u01b0\u1edbc: 183 \u00d7 163 \u00d7 310 mm.<br \/>\nTr\u1ecdng l\u01b0\u1ee3ng: 6.0 Kg.<\/p>\n<p><strong><a href=\"https:\/\/maybommini.com\/wp-content\/uploads\/2018\/04\/nha-cung-cap-may-han-pin-gia-re-chuyen-nghiep.jpg\" target=\"_blank\" rel=\"noopener\"><img decoding=\"async\" class=\"size-full wp-image-267163 aligncenter\" src=\"https:\/\/maybommini.com\/wp-content\/uploads\/2018\/04\/nha-cung-cap-may-han-pin-gia-re-chuyen-nghiep.jpg\" alt=\"Nha Cung Cap May Han Pin Gia Re Chuyen Nghiep\" width=\"750\" height=\"750\" srcset=\"https:\/\/maybommini.vn\/wp-content\/uploads\/2018\/04\/nha-cung-cap-may-han-pin-gia-re-chuyen-nghiep.jpg 750w, https:\/\/maybommini.vn\/wp-content\/uploads\/2018\/04\/nha-cung-cap-may-han-pin-gia-re-chuyen-nghiep-300x300.jpg 300w, https:\/\/maybommini.vn\/wp-content\/uploads\/2018\/04\/nha-cung-cap-may-han-pin-gia-re-chuyen-nghiep-150x150.jpg 150w, https:\/\/maybommini.vn\/wp-content\/uploads\/2018\/04\/nha-cung-cap-may-han-pin-gia-re-chuyen-nghiep-600x600.jpg 600w\" sizes=\"(max-width: 750px) 100vw, 750px\" \/><\/a><a href=\"https:\/\/maybommini.com\/wp-content\/uploads\/2018\/04\/chuyen-ban-may-han-cel-pin-chuyen-nghiep-220V-3KW-JST-IIS.jpg\" target=\"_blank\" rel=\"noopener\"><img decoding=\"async\" class=\"size-full wp-image-267166 aligncenter\" src=\"https:\/\/maybommini.com\/wp-content\/uploads\/2018\/04\/chuyen-ban-may-han-cel-pin-chuyen-nghiep-220V-3KW-JST-IIS.jpg\" alt=\"Chuyen Ban May Han Cel Pin Chuyen Nghiep 220V 3KW JST IIS\" width=\"750\" height=\"750\" srcset=\"https:\/\/maybommini.vn\/wp-content\/uploads\/2018\/04\/chuyen-ban-may-han-cel-pin-chuyen-nghiep-220V-3KW-JST-IIS.jpg 750w, https:\/\/maybommini.vn\/wp-content\/uploads\/2018\/04\/chuyen-ban-may-han-cel-pin-chuyen-nghiep-220V-3KW-JST-IIS-300x300.jpg 300w, https:\/\/maybommini.vn\/wp-content\/uploads\/2018\/04\/chuyen-ban-may-han-cel-pin-chuyen-nghiep-220V-3KW-JST-IIS-150x150.jpg 150w, https:\/\/maybommini.vn\/wp-content\/uploads\/2018\/04\/chuyen-ban-may-han-cel-pin-chuyen-nghiep-220V-3KW-JST-IIS-600x600.jpg 600w\" sizes=\"(max-width: 750px) 100vw, 750px\" \/><\/a><a href=\"https:\/\/maybommini.com\/wp-content\/uploads\/2018\/04\/han-pin-cell-chuyep-nghiep-cao-cap.jpg\" target=\"_blank\" rel=\"noopener\"><img decoding=\"async\" class=\"size-full wp-image-267168 aligncenter\" src=\"https:\/\/maybommini.com\/wp-content\/uploads\/2018\/04\/han-pin-cell-chuyep-nghiep-cao-cap.jpg\" alt=\"Han Pin Cell Chuyep Nghiep Cao Cap\" width=\"750\" height=\"750\" srcset=\"https:\/\/maybommini.vn\/wp-content\/uploads\/2018\/04\/han-pin-cell-chuyep-nghiep-cao-cap.jpg 750w, https:\/\/maybommini.vn\/wp-content\/uploads\/2018\/04\/han-pin-cell-chuyep-nghiep-cao-cap-300x300.jpg 300w, https:\/\/maybommini.vn\/wp-content\/uploads\/2018\/04\/han-pin-cell-chuyep-nghiep-cao-cap-150x150.jpg 150w, https:\/\/maybommini.vn\/wp-content\/uploads\/2018\/04\/han-pin-cell-chuyep-nghiep-cao-cap-600x600.jpg 600w\" sizes=\"(max-width: 750px) 100vw, 750px\" \/><\/a><a href=\"https:\/\/maybommini.com\/wp-content\/uploads\/2018\/04\/ban-may-han-cell-pin-chinh-hang-JST.jpg\" target=\"_blank\" rel=\"noopener\"><img decoding=\"async\" class=\"size-full wp-image-267165 aligncenter\" src=\"https:\/\/maybommini.com\/wp-content\/uploads\/2018\/04\/ban-may-han-cell-pin-chinh-hang-JST.jpg\" alt=\"Ban May Han Cell Pin Chinh Hang JST\" width=\"750\" height=\"750\" srcset=\"https:\/\/maybommini.vn\/wp-content\/uploads\/2018\/04\/ban-may-han-cell-pin-chinh-hang-JST.jpg 750w, https:\/\/maybommini.vn\/wp-content\/uploads\/2018\/04\/ban-may-han-cell-pin-chinh-hang-JST-300x300.jpg 300w, https:\/\/maybommini.vn\/wp-content\/uploads\/2018\/04\/ban-may-han-cell-pin-chinh-hang-JST-150x150.jpg 150w, https:\/\/maybommini.vn\/wp-content\/uploads\/2018\/04\/ban-may-han-cell-pin-chinh-hang-JST-600x600.jpg 600w\" sizes=\"(max-width: 750px) 100vw, 750px\" \/><\/a><a href=\"https:\/\/maybommini.com\/wp-content\/uploads\/2018\/04\/May-han-pin-gia-re-JST-IIS.jpg\" target=\"_blank\" rel=\"noopener\"><img decoding=\"async\" class=\"size-full wp-image-267162 aligncenter\" src=\"https:\/\/maybommini.com\/wp-content\/uploads\/2018\/04\/May-han-pin-gia-re-JST-IIS.jpg\" alt=\"May Han Pin Gia Re JST IIS\" width=\"750\" height=\"750\" srcset=\"https:\/\/maybommini.vn\/wp-content\/uploads\/2018\/04\/May-han-pin-gia-re-JST-IIS.jpg 750w, https:\/\/maybommini.vn\/wp-content\/uploads\/2018\/04\/May-han-pin-gia-re-JST-IIS-300x300.jpg 300w, https:\/\/maybommini.vn\/wp-content\/uploads\/2018\/04\/May-han-pin-gia-re-JST-IIS-150x150.jpg 150w, https:\/\/maybommini.vn\/wp-content\/uploads\/2018\/04\/May-han-pin-gia-re-JST-IIS-600x600.jpg 600w\" sizes=\"(max-width: 750px) 100vw, 750px\" \/><\/a><a href=\"https:\/\/maybommini.com\/wp-content\/uploads\/2018\/04\/May-han-cell-pin-chuyen-nghiep-ST-IIS.jpg\" target=\"_blank\" rel=\"noopener\"><img decoding=\"async\" class=\"size-full wp-image-267172 aligncenter\" src=\"https:\/\/maybommini.com\/wp-content\/uploads\/2018\/04\/May-han-cell-pin-chuyen-nghiep-ST-IIS.jpg\" alt=\"May Han Cell Pin Chuyen Nghiep ST IIS\" width=\"750\" height=\"750\" srcset=\"https:\/\/maybommini.vn\/wp-content\/uploads\/2018\/04\/May-han-cell-pin-chuyen-nghiep-ST-IIS.jpg 750w, https:\/\/maybommini.vn\/wp-content\/uploads\/2018\/04\/May-han-cell-pin-chuyen-nghiep-ST-IIS-300x300.jpg 300w, https:\/\/maybommini.vn\/wp-content\/uploads\/2018\/04\/May-han-cell-pin-chuyen-nghiep-ST-IIS-150x150.jpg 150w, https:\/\/maybommini.vn\/wp-content\/uploads\/2018\/04\/May-han-cell-pin-chuyen-nghiep-ST-IIS-600x600.jpg 600w\" sizes=\"(max-width: 750px) 100vw, 750px\" \/><\/a><a href=\"https:\/\/maybommini.com\/wp-content\/uploads\/2018\/04\/May-han-ghe-cell-pin-chuyen-nghien-gia-re.jpg\" target=\"_blank\" rel=\"noopener\"><img decoding=\"async\" class=\"size-full wp-image-267173 aligncenter\" src=\"https:\/\/maybommini.com\/wp-content\/uploads\/2018\/04\/May-han-ghe-cell-pin-chuyen-nghien-gia-re.jpg\" alt=\"May Han Ghe Cell Pin Chuyen Nghien Gia Re\" width=\"750\" height=\"750\" srcset=\"https:\/\/maybommini.vn\/wp-content\/uploads\/2018\/04\/May-han-ghe-cell-pin-chuyen-nghien-gia-re.jpg 750w, https:\/\/maybommini.vn\/wp-content\/uploads\/2018\/04\/May-han-ghe-cell-pin-chuyen-nghien-gia-re-300x300.jpg 300w, https:\/\/maybommini.vn\/wp-content\/uploads\/2018\/04\/May-han-ghe-cell-pin-chuyen-nghien-gia-re-150x150.jpg 150w, https:\/\/maybommini.vn\/wp-content\/uploads\/2018\/04\/May-han-ghe-cell-pin-chuyen-nghien-gia-re-600x600.jpg 600w\" sizes=\"(max-width: 750px) 100vw, 750px\" \/><\/a><br \/>\nT\u00cdNH N\u0102NG M\u00c1Y H\u00c0N CELL PIN CHUY\u00caN NGHI\u1ec6P JST-2S<br \/>\n<\/strong>\u0110\u00e2y l\u00e0 phi\u00ean b\u1ea3n m\u1edbi nh\u1ea5t so v\u1edbi phi\u00ean b\u1ea3n c\u0169 c\u00f3 nhi\u1ec1u t\u00ednh n\u0103ng v\u00e0 hi\u1ec7u su\u1ea5t \u1ed5n \u0111\u1ecbnh h\u01a1n.<br \/>\n1. \u0110\u1ed9 ch\u00ednh x\u00e1c \u0111i\u1ec1u khi\u1ec5n ki\u1ec3m so\u00e1t b\u1edfi Microchip cao c\u1ea5p.<br \/>\n2. Ch\u1ebf \u0111\u1ed9 h\u00e0n m\u1ea1nh m\u1ebd v\u00e0 \u0111\u1ed9 tin c\u1eady cao h\u01a1n.<br \/>\n3. \u00c1p d\u1ee5ng cho t\u1ea5t c\u1ea3 c\u00e1c lo\u1ea1i pin s\u1ea1c v\u00e0 t\u1ea5m niken 0.03 &#8211; 0.15mm.<\/p>\n<p><strong><a href=\"https:\/\/maybommini.com\/wp-content\/uploads\/2018\/04\/han-pin-cell-chuyep-nghiep-cao-cap.jpg\" target=\"_blank\" rel=\"noopener\"><img decoding=\"async\" class=\"size-full wp-image-267168 aligncenter\" src=\"https:\/\/maybommini.com\/wp-content\/uploads\/2018\/04\/han-pin-cell-chuyep-nghiep-cao-cap.jpg\" alt=\"Han Pin Cell Chuyep Nghiep Cao Cap\" width=\"750\" height=\"750\" srcset=\"https:\/\/maybommini.vn\/wp-content\/uploads\/2018\/04\/han-pin-cell-chuyep-nghiep-cao-cap.jpg 750w, https:\/\/maybommini.vn\/wp-content\/uploads\/2018\/04\/han-pin-cell-chuyep-nghiep-cao-cap-300x300.jpg 300w, https:\/\/maybommini.vn\/wp-content\/uploads\/2018\/04\/han-pin-cell-chuyep-nghiep-cao-cap-150x150.jpg 150w, https:\/\/maybommini.vn\/wp-content\/uploads\/2018\/04\/han-pin-cell-chuyep-nghiep-cao-cap-600x600.jpg 600w\" sizes=\"(max-width: 750px) 100vw, 750px\" \/><\/a><br \/>\nH\u01af\u1edaNG D\u1eaaN S\u1eec D\u1ee4NG M\u00c1Y H\u00c0N CELL PIN CHUY\u00caN NGHI\u1ec6P JST<br \/>\n<\/strong>&#8211; S\u1eed d\u1ee5ng ngu\u1ed3n \u0111i\u1ec7n 110V &#8211; 220V AC cho m\u00e1y h\u00e0n.<br \/>\n&#8211; B\u1eadt c\u00f4ng t\u1eaft ngu\u1ed3n \u0111\u1ec3 m\u1edf m\u00e1y.<strong><br \/>\n<\/strong>&#8211; Ch\u1ecdn ch\u1ebf \u0111\u1ed9 h\u00e0n b\u1eb1ng nh\u1ea5n ph\u00edm &#8220;\u2191&#8221; ho\u1eb7c &#8220;\u2193&#8221; \u0111\u1ec3 thi\u1ebft l\u1eadp d\u00f2ng h\u00e0n.<br \/>\n&#8211; Ch\u01b0\u01a1ng tr\u00ecnh t\u1ef1 \u0111\u1ed9ng l\u01b0u c\u00e1c thi\u1ebft l\u1eadp sau khi t\u1eaft.<br \/>\n&#8211; Ph\u1ea1m vi c\u1ee7a d\u00f2ng l\u00e0 00-99. (m\u1eb7c \u0111\u1ecbnh \u0111\u01b0\u1ee3c \u0111\u1eb7t \u1edf kho\u1ea3ng 25)<br \/>\n&#8211; \u0110\u1eb7t m\u1ed1i h\u00e0n v\u00e0o 2 kim h\u00e0n v\u00e0 \u0111\u1ea9y nh\u1eb9 l\u00ean v\u00e0 \u0111\u1ea1p k\u00edch h\u00e0n \u1edf ch\u00e2n.<\/p>\n<p><strong><a href=\"https:\/\/maybommini.com\/wp-content\/uploads\/2018\/04\/han-pin-chuyen-nghiep-chat-luong.jpg\" target=\"_blank\" rel=\"noopener\"><img decoding=\"async\" class=\"size-full wp-image-267178 aligncenter\" src=\"https:\/\/maybommini.com\/wp-content\/uploads\/2018\/04\/han-pin-chuyen-nghiep-chat-luong.jpg\" alt=\"Han Pin Chuyen Nghiep Chat Luong\" width=\"750\" height=\"750\" srcset=\"https:\/\/maybommini.vn\/wp-content\/uploads\/2018\/04\/han-pin-chuyen-nghiep-chat-luong.jpg 750w, https:\/\/maybommini.vn\/wp-content\/uploads\/2018\/04\/han-pin-chuyen-nghiep-chat-luong-300x300.jpg 300w, https:\/\/maybommini.vn\/wp-content\/uploads\/2018\/04\/han-pin-chuyen-nghiep-chat-luong-150x150.jpg 150w, https:\/\/maybommini.vn\/wp-content\/uploads\/2018\/04\/han-pin-chuyen-nghiep-chat-luong-600x600.jpg 600w\" sizes=\"(max-width: 750px) 100vw, 750px\" \/><\/a><\/strong><\/p>\n<p><strong>L\u01afU \u00dd KHI S\u1eec D\u1ee4NG M\u00c1Y H\u00c0N PIN JST<\/strong><br \/>\n\u0110i\u1ec1u ch\u1ec9nh chi\u1ec1u cao kim h\u00e0n c\u00f3 chi\u1ec1u cao b\u1eb1ng nhau.<br \/>\nB\u1ea1n c\u1ea7n ph\u1ea3i l\u00e0m s\u1ea1ch kim h\u00e0n ho\u1eb7c d\u00f9ng gi\u1ea5y nh\u00e1m m\u00e0i m\u00f2n kim h\u00e0n \u0111\u1ec3 c\u00f3 \u0111i\u1ec3m h\u00e0n t\u1ed1t.<br \/>\n\u0110\u1ec3 \u0111\u1ea3m b\u1ea3o ch\u1ea5t l\u01b0\u1ee3ng h\u00e0n t\u1ed1t, b\u1ea1n n\u00ean th\u01b0\u1eddng xuy\u00ean \u0111i\u1ec1u ch\u1ec9nh kim v\u00e0 gi\u1eef n\u00f3 trong<br \/>\nt\u00ecnh tr\u1ea1ng t\u1ed1t.<br \/>\nNgu\u1ed3n c\u1ea5p \u0111i\u1ec7n \u1ed5n \u0111\u1ecbnh v\u00e0 d\u00e2y ngu\u1ed3n ch\u1ecbu t\u1ea3i l\u1edbn.<\/p>\n<p><em><strong><a href=\"https:\/\/maybommini.com\/wp-content\/uploads\/2018\/04\/han-cell-pin-chuyen-nghiep.jpg\" target=\"_blank\" rel=\"noopener\"><img decoding=\"async\" class=\"size-full wp-image-267167 aligncenter\" src=\"https:\/\/maybommini.com\/wp-content\/uploads\/2018\/04\/han-cell-pin-chuyen-nghiep.jpg\" alt=\"Han Cell Pin Chuyen Nghiep\" width=\"750\" height=\"750\" srcset=\"https:\/\/maybommini.vn\/wp-content\/uploads\/2018\/04\/han-cell-pin-chuyen-nghiep.jpg 750w, https:\/\/maybommini.vn\/wp-content\/uploads\/2018\/04\/han-cell-pin-chuyen-nghiep-300x300.jpg 300w, https:\/\/maybommini.vn\/wp-content\/uploads\/2018\/04\/han-cell-pin-chuyen-nghiep-150x150.jpg 150w, https:\/\/maybommini.vn\/wp-content\/uploads\/2018\/04\/han-cell-pin-chuyen-nghiep-600x600.jpg 600w\" sizes=\"(max-width: 750px) 100vw, 750px\" \/><\/a><a href=\"https:\/\/maybommini.com\/wp-content\/uploads\/2018\/04\/han-pin-chat-luong-gia-re.jpg\" target=\"_blank\" rel=\"noopener\"><img decoding=\"async\" class=\"size-full wp-image-267169 aligncenter\" src=\"https:\/\/maybommini.com\/wp-content\/uploads\/2018\/04\/han-pin-chat-luong-gia-re.jpg\" alt=\"Han Pin Chat Luong Gia Re\" width=\"750\" height=\"750\" srcset=\"https:\/\/maybommini.vn\/wp-content\/uploads\/2018\/04\/han-pin-chat-luong-gia-re.jpg 750w, https:\/\/maybommini.vn\/wp-content\/uploads\/2018\/04\/han-pin-chat-luong-gia-re-300x300.jpg 300w, https:\/\/maybommini.vn\/wp-content\/uploads\/2018\/04\/han-pin-chat-luong-gia-re-150x150.jpg 150w, https:\/\/maybommini.vn\/wp-content\/uploads\/2018\/04\/han-pin-chat-luong-gia-re-600x600.jpg 600w\" sizes=\"(max-width: 750px) 100vw, 750px\" \/><\/a><\/strong><\/em><\/p>\n<p>B\u1ea1n c\u1ea7n t\u01b0 v\u1ea5n m\u00e1y h\u00e0n pin vui l\u00f2ng li\u00ean h\u1ec7 ch\u00fang t\u1ed1i \u0111\u1ec3 \u0111\u01b0\u1ee3c gi\u1ea3i \u0111\u00e1p v\u00e0 nh\u1eadn b\u00e1o gi\u00e1 t\u1ed1t.<br \/>\n<strong>CTY TNHH TH\u01af\u01a0NG M\u1ea0I D\u1ecaCH V\u1ee4 \u0110I\u1ec6N M\u00c1Y TH\u00d4NG MINH<br \/>\nHotline: 02873030399 \u2013 0907294310<br \/>\nEmail: maybommini.com@gmail.com<br \/>\nWebsite: https:\/\/maybommini.com<br \/>\nFacebook :\u00a0<a href=\"https:\/\/www.facebook.com\/maybommini\" target=\"_blank\" rel=\"noopener noreferrer\">https:\/\/www.facebook.com\/maybommini<\/a><br \/>\nGoogle :\u00a0<a href=\"https:\/\/plus.google.com\/%20Maybomnuocminiruaxe\" target=\"_blank\" rel=\"noopener noreferrer\">https:\/\/plus.google.com\/ Maybomnuocminiruaxe<\/a><br \/>\nYoutube demo :\u00a0<a href=\"https:\/\/www.youtube.com\/bahamasali\" target=\"_blank\" rel=\"noopener noreferrer\">https:\/\/www.youtube.com\/bahamasali<\/a><\/strong><\/p>\n<h3 style=\"text-align: center;\"><a href=\"https:\/\/maybommini.com\/san-pham\/may-han-cell-pin-chuyen-nghiep-220v-3kw-jst-3\" target=\"_blank\" rel=\"noopener noreferrer\">M\u00e1y h\u00e0n cell pin chuy\u00ean nghi\u1ec7p 220V 3KW JST-3<\/a><br \/>\nM\u00e1y h\u00e0n cell pin chuy\u00ean nghi\u1ec7p 220V 3KW JST-2S<br \/>\n<a href=\"https:\/\/maybommini.com\/san-pham\/may-han-cell-pin-jst-4-220v-10kva\" target=\"_blank\" rel=\"noopener noreferrer\">M\u00e1y h\u00e0n cell pin chuy\u00ean nghi\u1ec7p 220V 5KW JST-4<\/a><br \/>\nPulse Spot Welding Machine<\/h3>\n","protected":false},"excerpt":{"rendered":"<p>Th\u01b0\u01a1ng hi\u1ec7u: MTM<br \/>\nModel: JST-2S<br \/>\n\u0110i\u1ec7n th\u1ebf: 110 &#8211; 220V AC<br \/>\nC\u00f4ng su\u1ea5t: 3.0 KW<br \/>\n\u0110i\u1ec7n \u00e1p \u0111\u1ea7u ra : 3.5V &#8211; 1000A<br \/>\nD\u00f2ng \u0111i\u1ec7n \u00e1p h\u00e0n: 0 &#8211; 99%<br \/>\nC\u1ea7u ch\u00ec ch\u1ecbu t\u1ea3i: 15A<br \/>\nT\u1ea5m niken h\u00e0n ph\u00f9 h\u1ee3p: 0.03 &#8211; 0.15 mm<br \/>\n\u0110\u1ec1u ch\u1ec9nh c\u00f4ng su\u1ea5t h\u00e0n ph\u00f9 h\u1ee3p.<br \/>\nBo m\u1ea1ch cao c\u1ea5p c\u00f4ng ngh\u1ec7 USA.<br \/>\nBi\u1ebfn th\u1ebf cu\u1ed9n d\u00e2y \u0111\u1ed3ng cao c\u1ea5p.<br \/>\nM\u00e0n h\u00ecnh LCD ch\u1ec9nh d\u00f2ng.<br \/>\nB\u00e0n \u0111\u1ea1p k\u00edch h\u00e0n.<br \/>\nCh\u1ea5t li\u1ec7u: \u0110\u1ed3ng &#8211; Th\u00e9p &#8211; Nh\u1ef1a.<br \/>\nK\u00edch th\u01b0\u1edbc: 183 \u00d7 163 \u00d7 310 mm.<br \/>\nTr\u1ecdng l\u01b0\u1ee3ng: 6.0 Kg.<br \/>\nB\u1ea3o h\u00e0nh: 6 th\u00e1ng<br \/>\nS\u1ea3n ph\u1ea9m nh\u1eadp kh\u1ea9u<\/p>\n","protected":false},"featured_media":267164,"comment_status":"open","ping_status":"closed","template":"","meta":[],"product_brand":[],"product_cat":[4291],"product_tag":[1283,1284,1285,1286,1287,3381,1288,1289,1290,1291,1292,1293,431,998,3382,3383],"class_list":{"0":"post-267185","1":"product","2":"type-product","3":"status-publish","4":"has-post-thumbnail","6":"product_cat-may-han-cell","7":"product_tag-ghep-cell-pin","8":"product_tag-ghep-pin","9":"product_tag-han-cell-pin","10":"product_tag-han-pin","11":"product_tag-han-pin-may-khoan","12":"product_tag-jst-2s","13":"product_tag-jst-3","14":"product_tag-may-ghep-pin","15":"product_tag-may-ghep-pin-sac","16":"product_tag-may-han","17":"product_tag-may-han-cell-pin","18":"product_tag-may-han-pin","19":"product_tag-pin-sac","20":"product_tag-pin-sac-12v","21":"product_tag-pulse-spot-welding-machine","22":"product_tag-welding-machine","24":"first","25":"instock","26":"sale","27":"shipping-taxable","28":"purchasable","29":"product-type-simple"},"_links":{"self":[{"href":"https:\/\/maybommini.vn\/index.php?rest_route=\/wp\/v2\/product\/267185","targetHints":{"allow":["GET"]}}],"collection":[{"href":"https:\/\/maybommini.vn\/index.php?rest_route=\/wp\/v2\/product"}],"about":[{"href":"https:\/\/maybommini.vn\/index.php?rest_route=\/wp\/v2\/types\/product"}],"replies":[{"embeddable":true,"href":"https:\/\/maybommini.vn\/index.php?rest_route=%2Fwp%2Fv2%2Fcomments&post=267185"}],"wp:featuredmedia":[{"embeddable":true,"href":"https:\/\/maybommini.vn\/index.php?rest_route=\/wp\/v2\/media\/267164"}],"wp:attachment":[{"href":"https:\/\/maybommini.vn\/index.php?rest_route=%2Fwp%2Fv2%2Fmedia&parent=267185"}],"wp:term":[{"taxonomy":"product_brand","embeddable":true,"href":"https:\/\/maybommini.vn\/index.php?rest_route=%2Fwp%2Fv2%2Fproduct_brand&post=267185"},{"taxonomy":"product_cat","embeddable":true,"href":"https:\/\/maybommini.vn\/index.php?rest_route=%2Fwp%2Fv2%2Fproduct_cat&post=267185"},{"taxonomy":"product_tag","embeddable":true,"href":"https:\/\/maybommini.vn\/index.php?rest_route=%2Fwp%2Fv2%2Fproduct_tag&post=267185"}],"curies":[{"name":"wp","href":"https:\/\/api.w.org\/{rel}","templated":true}]}}