{"id":267346,"date":"2020-10-06T09:54:04","date_gmt":"2020-10-06T02:54:04","guid":{"rendered":"https:\/\/maybommini.com\/?post_type=product&#038;p=267346"},"modified":"2023-06-08T21:40:56","modified_gmt":"2023-06-08T14:40:56","slug":"box-ups-nguon-dien-du-phong-12v-20a-18ch","status":"publish","type":"product","link":"https:\/\/maybommini.vn\/?product=box-ups-nguon-dien-du-phong-12v-20a-18ch","title":{"rendered":"Box UPS ngu\u1ed3n \u0111i\u1ec7n d\u1ef1 ph\u00f2ng 12V 20A 18CH"},"content":{"rendered":"<h3><strong>Box UPS ngu\u1ed3n \u0111i\u1ec7n d\u1ef1 ph\u00f2ng 12V 20A 18CH th\u01b0\u01a1ng hi\u1ec7u MTM ch\u1ea5t l\u01b0\u1ee3ng cao. \u0110\u00e2y l\u00e0 lo\u1ea1i UPS l\u00e0m ngu\u1ed3n \u0111i\u1ec7n cho thi\u1ebft b\u1ecb nh\u01b0 modem wifi, camera gi\u00e1m s\u00e1t, ngu\u1ed3n kh\u00f3a c\u1eeda t\u1eeb, m\u00e1y ch\u1ea5m c\u00f4ng, ngu\u1ed3n \u0111i\u1ec7n LED v\u00e0 nhi\u1ec1u thi\u1ebft b\u1ecb kh\u00e1c.<\/strong><\/h3>\n<p><strong><a href=\"https:\/\/maybommini.com\/wp-content\/uploads\/2020\/10\/Box-nguon-dien-du-phong-UPS-12V-20A.jpg\" target=\"_blank\" rel=\"noopener\"><img decoding=\"async\" class=\"size-full wp-image-267351 aligncenter\" src=\"https:\/\/maybommini.com\/wp-content\/uploads\/2020\/10\/Box-nguon-dien-du-phong-UPS-12V-20A.jpg\" alt=\"Box Nguon Dien Du Phong UPS 12V 20A\" width=\"750\" height=\"750\" srcset=\"https:\/\/maybommini.vn\/wp-content\/uploads\/2020\/10\/Box-nguon-dien-du-phong-UPS-12V-20A.jpg 750w, https:\/\/maybommini.vn\/wp-content\/uploads\/2020\/10\/Box-nguon-dien-du-phong-UPS-12V-20A-300x300.jpg 300w, https:\/\/maybommini.vn\/wp-content\/uploads\/2020\/10\/Box-nguon-dien-du-phong-UPS-12V-20A-150x150.jpg 150w, https:\/\/maybommini.vn\/wp-content\/uploads\/2020\/10\/Box-nguon-dien-du-phong-UPS-12V-20A-600x600.jpg 600w\" sizes=\"(max-width: 750px) 100vw, 750px\" \/><\/a>TH\u00d4NG S\u1ed0 K\u1ef8 THU\u1eacT<br \/>\n<\/strong>Th\u01b0\u01a1ng hi\u1ec7u: MTM<br \/>\nModel: UPS-12V-20A-18CH<br \/>\nNgu\u1ed3n v\u00e0o: 110V &#8211; 220V AC<br \/>\nNgu\u1ed3n ra: 10V &#8211; 14V DC<br \/>\nC\u00f4ng su\u1ea5t: 20A &#8211; 240W<br \/>\nD\u00f2ng ch\u1ecbu t\u1ea3i: &lt; 2A\/CH<br \/>\nD\u00f2ng s\u1ea1c: 13.8V<br \/>\nC\u1ed5ng xu\u1ea5t DC: 18 CH<br \/>\nN\u00fat ngu\u1ed3n t\u1eaft m\u1edf ngu\u1ed3n.<br \/>\nD\u00e2y ngu\u1ed3n DC k\u1ebft n\u1ed1i \u1eafc quy.<br \/>\nD\u00e2y ngu\u1ed3n AC k\u1ebft n\u1ed1i \u0111i\u1ec7n.<br \/>\nS\u1eed d\u1ee5ng \u1eafc quy 12V 5A tr\u1edf l\u00ean.<br \/>\nC\u00f4ng ngh\u1ec7 s\u1ea1c \u201dSWITHCHING\u201d nh\u1ecf g\u1ecdn<br \/>\nv\u00e0 hi\u1ec7u qu\u1ea3 cao si\u00eau b\u1ec1n theo th\u1eddi gian.<br \/>\nQu\u1ea1t t\u1ea3n nhi\u1ec7t.<br \/>\nLED b\u00e1o ngu\u1ed3n.<br \/>\nLED b\u00e1o s\u1ea1c.<br \/>\nK\u00e8m theo ch\u00eca kh\u00f3a box.<br \/>\nCh\u01b0a k\u00e8m theo b\u00ecnh \u1eafc quy.<br \/>\nTr\u1ecdng l\u01b0\u1ee3ng: 2.4 Kg.<br \/>\nK\u00edch th\u01b0\u1edbc: 340 x 240 x 95 mm.<\/p>\n<p style=\"text-align: left;\"><strong><a href=\"https:\/\/maybommini.com\/wp-content\/uploads\/2020\/10\/Box-nguon-dien-du-phong-UPS-12V-20A-chinh-hang.jpg\" target=\"_blank\" rel=\"noopener\"><img decoding=\"async\" class=\"size-full wp-image-267352 aligncenter\" src=\"https:\/\/maybommini.com\/wp-content\/uploads\/2020\/10\/Box-nguon-dien-du-phong-UPS-12V-20A-chinh-hang.jpg\" alt=\"Box Nguon Dien Du Phong UPS 12V 20A Chinh Hang\" width=\"750\" height=\"750\" srcset=\"https:\/\/maybommini.vn\/wp-content\/uploads\/2020\/10\/Box-nguon-dien-du-phong-UPS-12V-20A-chinh-hang.jpg 750w, https:\/\/maybommini.vn\/wp-content\/uploads\/2020\/10\/Box-nguon-dien-du-phong-UPS-12V-20A-chinh-hang-300x300.jpg 300w, https:\/\/maybommini.vn\/wp-content\/uploads\/2020\/10\/Box-nguon-dien-du-phong-UPS-12V-20A-chinh-hang-150x150.jpg 150w, https:\/\/maybommini.vn\/wp-content\/uploads\/2020\/10\/Box-nguon-dien-du-phong-UPS-12V-20A-chinh-hang-600x600.jpg 600w\" sizes=\"(max-width: 750px) 100vw, 750px\" \/><\/a><a href=\"https:\/\/maybommini.com\/wp-content\/uploads\/2020\/10\/Power-Supply-UPS-12V-20A.jpg\" target=\"_blank\" rel=\"noopener\"><img decoding=\"async\" class=\"size-full wp-image-267354 aligncenter\" src=\"https:\/\/maybommini.com\/wp-content\/uploads\/2020\/10\/Power-Supply-UPS-12V-20A.jpg\" alt=\"Power Supply UPS 12V 20A\" width=\"750\" height=\"750\" srcset=\"https:\/\/maybommini.vn\/wp-content\/uploads\/2020\/10\/Power-Supply-UPS-12V-20A.jpg 750w, https:\/\/maybommini.vn\/wp-content\/uploads\/2020\/10\/Power-Supply-UPS-12V-20A-300x300.jpg 300w, https:\/\/maybommini.vn\/wp-content\/uploads\/2020\/10\/Power-Supply-UPS-12V-20A-150x150.jpg 150w, https:\/\/maybommini.vn\/wp-content\/uploads\/2020\/10\/Power-Supply-UPS-12V-20A-600x600.jpg 600w\" sizes=\"(max-width: 750px) 100vw, 750px\" \/><\/a><a href=\"https:\/\/maybommini.com\/wp-content\/uploads\/2020\/10\/nguon-dien-UPS-cua-tu-may-cham-cong-camera-12V.jpg\" target=\"_blank\" rel=\"noopener\"><img decoding=\"async\" class=\"size-full wp-image-267353 aligncenter\" src=\"https:\/\/maybommini.com\/wp-content\/uploads\/2020\/10\/nguon-dien-UPS-cua-tu-may-cham-cong-camera-12V.jpg\" alt=\"Nguon Dien UPS Cua Tu May Cham Cong Camera 12V\" width=\"750\" height=\"750\" srcset=\"https:\/\/maybommini.vn\/wp-content\/uploads\/2020\/10\/nguon-dien-UPS-cua-tu-may-cham-cong-camera-12V.jpg 750w, https:\/\/maybommini.vn\/wp-content\/uploads\/2020\/10\/nguon-dien-UPS-cua-tu-may-cham-cong-camera-12V-300x300.jpg 300w, https:\/\/maybommini.vn\/wp-content\/uploads\/2020\/10\/nguon-dien-UPS-cua-tu-may-cham-cong-camera-12V-150x150.jpg 150w, https:\/\/maybommini.vn\/wp-content\/uploads\/2020\/10\/nguon-dien-UPS-cua-tu-may-cham-cong-camera-12V-600x600.jpg 600w\" sizes=\"(max-width: 750px) 100vw, 750px\" \/><\/a><a href=\"https:\/\/maybommini.com\/wp-content\/uploads\/2020\/10\/UPS-12V-20A-240W-chat-luong-cao.jpg\" target=\"_blank\" rel=\"noopener\"><img decoding=\"async\" class=\"size-full wp-image-267349 aligncenter\" src=\"https:\/\/maybommini.com\/wp-content\/uploads\/2020\/10\/UPS-12V-20A-240W-chat-luong-cao.jpg\" alt=\"UPS 12V 20A 240W Chat Luong Cao\" width=\"750\" height=\"750\" srcset=\"https:\/\/maybommini.vn\/wp-content\/uploads\/2020\/10\/UPS-12V-20A-240W-chat-luong-cao.jpg 750w, https:\/\/maybommini.vn\/wp-content\/uploads\/2020\/10\/UPS-12V-20A-240W-chat-luong-cao-300x300.jpg 300w, https:\/\/maybommini.vn\/wp-content\/uploads\/2020\/10\/UPS-12V-20A-240W-chat-luong-cao-150x150.jpg 150w, https:\/\/maybommini.vn\/wp-content\/uploads\/2020\/10\/UPS-12V-20A-240W-chat-luong-cao-600x600.jpg 600w\" sizes=\"(max-width: 750px) 100vw, 750px\" \/><\/a><a href=\"https:\/\/maybommini.com\/wp-content\/uploads\/2020\/10\/Power-Supply-18CH-Backup-Switching-Power-for-accumulator-battery-12V-20A.jpg\" target=\"_blank\" rel=\"noopener\"><img decoding=\"async\" class=\"size-full wp-image-267347 aligncenter\" src=\"https:\/\/maybommini.com\/wp-content\/uploads\/2020\/10\/Power-Supply-18CH-Backup-Switching-Power-for-accumulator-battery-12V-20A.jpg\" alt=\"Power Supply 18CH Backup Switching Power For Accumulator Battery 12V 20A\" width=\"750\" height=\"750\" srcset=\"https:\/\/maybommini.vn\/wp-content\/uploads\/2020\/10\/Power-Supply-18CH-Backup-Switching-Power-for-accumulator-battery-12V-20A.jpg 750w, https:\/\/maybommini.vn\/wp-content\/uploads\/2020\/10\/Power-Supply-18CH-Backup-Switching-Power-for-accumulator-battery-12V-20A-300x300.jpg 300w, https:\/\/maybommini.vn\/wp-content\/uploads\/2020\/10\/Power-Supply-18CH-Backup-Switching-Power-for-accumulator-battery-12V-20A-150x150.jpg 150w, https:\/\/maybommini.vn\/wp-content\/uploads\/2020\/10\/Power-Supply-18CH-Backup-Switching-Power-for-accumulator-battery-12V-20A-600x600.jpg 600w\" sizes=\"(max-width: 750px) 100vw, 750px\" \/><\/a><\/strong><\/p>\n<p style=\"text-align: left;\"><strong>H\u01af\u1edaNG D\u1eaaN S\u1eec D\u1ee4NG BOX UPS NGU\u1ed2N \u0110I\u1ec6N 12V<\/strong><br \/>\n&#8211; S\u1eed d\u1ee5ng b\u00ecnh \u1eafc quy kh\u00f4 12V t\u1eeb 5A tr\u1edf l\u00ean.<br \/>\n&#8211; K\u1ebft n\u1ed1i b\u00ecnh \u1eafc quy v\u1edbi Box UPS theo d\u00e2y jack ngu\u1ed3n \u0111en c\u1ef1c \u00e2m (-) v\u00e0 d\u00e2y \u0111\u1ecf c\u1ef1c d\u01b0\u01a1ng (+).<br \/>\n&#8211; B\u1eadt n\u00fat ngu\u1ed3n Power tr\u00ean bo m\u1ea1ch UPS.<br \/>\n&#8211; K\u1ebft n\u1ed1i ngu\u1ed3n \u0111i\u1ec7n AC 220V v\u00e0o UPS.<br \/>\n&#8211; D\u00f9ng l\u00e0m c\u1ea5p ngu\u1ed3n tr\u1ef1c ti\u1ebfp cho c\u00e1c thi\u1ebft b\u1ecb ph\u00f2ng khi c\u00fap \u0111i\u1ec7n n\u00ean b\u1ea1n kh\u00f4ng c\u1ea7n t\u1eaft ngu\u1ed3n.<br \/>\n&#8211; C\u00f4ng ngh\u1ec7 s\u1ea1c \u201dSWITHCHING\u201d nh\u1ecf g\u1ecdn v\u00e0 hi\u1ec7u qu\u1ea3 cao si\u00eau b\u1ec1n theo th\u1eddi gian v\u00e0 t\u0103ng tu\u1ed5i th\u1ecd \u1eafc quy.<br \/>\n<a href=\"https:\/\/maybommini.com\/wp-content\/uploads\/2020\/10\/UPS-12V-240W-gia-re.jpg\" target=\"_blank\" rel=\"noopener\"><img decoding=\"async\" class=\"size-full wp-image-267350 aligncenter\" src=\"https:\/\/maybommini.com\/wp-content\/uploads\/2020\/10\/UPS-12V-240W-gia-re.jpg\" alt=\"UPS 12V 240W Gia Re\" width=\"750\" height=\"750\" srcset=\"https:\/\/maybommini.vn\/wp-content\/uploads\/2020\/10\/UPS-12V-240W-gia-re.jpg 750w, https:\/\/maybommini.vn\/wp-content\/uploads\/2020\/10\/UPS-12V-240W-gia-re-300x300.jpg 300w, https:\/\/maybommini.vn\/wp-content\/uploads\/2020\/10\/UPS-12V-240W-gia-re-150x150.jpg 150w, https:\/\/maybommini.vn\/wp-content\/uploads\/2020\/10\/UPS-12V-240W-gia-re-600x600.jpg 600w\" sizes=\"(max-width: 750px) 100vw, 750px\" \/><\/a><a href=\"https:\/\/maybommini.com\/wp-content\/uploads\/2020\/10\/nguon-dien-UPS-cua-tu-may-cham-cong-camera-12V.jpg\" target=\"_blank\" rel=\"noopener\"><img decoding=\"async\" class=\"size-full wp-image-267353 aligncenter\" src=\"https:\/\/maybommini.com\/wp-content\/uploads\/2020\/10\/nguon-dien-UPS-cua-tu-may-cham-cong-camera-12V.jpg\" alt=\"Nguon Dien UPS Cua Tu May Cham Cong Camera 12V\" width=\"750\" height=\"750\" srcset=\"https:\/\/maybommini.vn\/wp-content\/uploads\/2020\/10\/nguon-dien-UPS-cua-tu-may-cham-cong-camera-12V.jpg 750w, https:\/\/maybommini.vn\/wp-content\/uploads\/2020\/10\/nguon-dien-UPS-cua-tu-may-cham-cong-camera-12V-300x300.jpg 300w, https:\/\/maybommini.vn\/wp-content\/uploads\/2020\/10\/nguon-dien-UPS-cua-tu-may-cham-cong-camera-12V-150x150.jpg 150w, https:\/\/maybommini.vn\/wp-content\/uploads\/2020\/10\/nguon-dien-UPS-cua-tu-may-cham-cong-camera-12V-600x600.jpg 600w\" sizes=\"(max-width: 750px) 100vw, 750px\" \/><\/a><\/p>\n<p><strong><a href=\"https:\/\/maybommini.com\/wp-content\/uploads\/2020\/10\/Cong-cap-nguon-va-quat-UPS.jpg\" target=\"_blank\" rel=\"noopener\"><img decoding=\"async\" class=\"size-full wp-image-267338 aligncenter\" src=\"https:\/\/maybommini.com\/wp-content\/uploads\/2020\/10\/Cong-cap-nguon-va-quat-UPS.jpg\" alt=\"Cong Cap Nguon Va Quat UPS\" width=\"750\" height=\"750\" srcset=\"https:\/\/maybommini.vn\/wp-content\/uploads\/2020\/10\/Cong-cap-nguon-va-quat-UPS.jpg 750w, https:\/\/maybommini.vn\/wp-content\/uploads\/2020\/10\/Cong-cap-nguon-va-quat-UPS-300x300.jpg 300w, https:\/\/maybommini.vn\/wp-content\/uploads\/2020\/10\/Cong-cap-nguon-va-quat-UPS-150x150.jpg 150w, https:\/\/maybommini.vn\/wp-content\/uploads\/2020\/10\/Cong-cap-nguon-va-quat-UPS-600x600.jpg 600w\" sizes=\"(max-width: 750px) 100vw, 750px\" \/><\/a><br \/>\n\u1ee8NG D\u1ee4NG UPS L\u01afU \u0110I\u1ec6N &#8211; NGU\u1ed2N \u0110I\u1ec6N THI\u1ebeT B\u1eca 12V<br \/>\n<\/strong>&#8211; Ngu\u1ed3n \u0111i\u1ec7n cho c\u1eeda t\u1eeb, c\u1eeda cu\u1ed1n, m\u00e1y ch\u1ea5m c\u00f4ng v\u00e2n tay.<br \/>\n&#8211; Ngu\u1ed3n \u0111i\u1ec7n cho thi\u1ebft b\u1ecb \u0111i\u1ec7n t\u1eed, b\u1ea3ng hi\u1ec7u qu\u1ea3ng c\u00e1o.<br \/>\n&#8211; B\u1ed9 l\u01b0u \u0111i\u1ec7n cho m\u00e0n h\u00ecnh, LED, m\u00e1y b\u01a1m 12V.<br \/>\n&#8211; S\u1eed d\u1ee5ng l\u00e0m UPS l\u01b0u \u0111i\u1ec7n cho thi\u1ebft b\u1ecb modem m\u1ea1ng internet, Wifi ph\u00e1t cho gia \u0111\u00ecnh.<br \/>\n&#8211; D\u00f9ng l\u00e0m ngu\u1ed3n d\u1ef1 ph\u00f2ng cho thi\u1ebft b\u1ecb m\u1ea1ng, camera c\u00f4ng ty, v\u0103n ph\u00f2ng, qu\u00e1n \u0103n, Shop, C\u1eeda h\u00e0ng &#8230;<br \/>\n&#8211; D\u00f9ng l\u00e0m ngu\u1ed3n \u0111i\u1ec7n cho thi\u1ebft b\u1ecb 12V.<br \/>\n&#8211; D\u00f9ng l\u00e0m ngu\u1ed3n \u0111\u00e8n led, fan 12V.<br \/>\n&#8211; D\u00f9ng l\u00e0m ngu\u1ed3n \u0111i\u1ec7n cho thi\u1ebft b\u1ecb an ninh, kho\u00e1 c\u1eeda, m\u00e1y ch\u1ea5m c\u00f4ng &#8230;<br \/>\n&#8211; L\u00e0m l\u01b0u \u0111i\u1ec7n d\u1ef1 ph\u00f2ng cho Modem, Wifi, Box TV, Camera, Box HDD, thi\u1ebft b\u1ecb an ninh&#8230;.<\/p>\n<p><a href=\"https:\/\/maybommini.com\/wp-content\/uploads\/2020\/10\/Su-dung-UPS-12V-MTM.jpg\" target=\"_blank\" rel=\"noopener\"><img decoding=\"async\" class=\"size-full wp-image-267342 aligncenter\" src=\"https:\/\/maybommini.com\/wp-content\/uploads\/2020\/10\/Su-dung-UPS-12V-MTM.jpg\" alt=\"Su Dung UPS 12V MTM\" width=\"750\" height=\"750\" srcset=\"https:\/\/maybommini.vn\/wp-content\/uploads\/2020\/10\/Su-dung-UPS-12V-MTM.jpg 750w, https:\/\/maybommini.vn\/wp-content\/uploads\/2020\/10\/Su-dung-UPS-12V-MTM-300x300.jpg 300w, https:\/\/maybommini.vn\/wp-content\/uploads\/2020\/10\/Su-dung-UPS-12V-MTM-150x150.jpg 150w, https:\/\/maybommini.vn\/wp-content\/uploads\/2020\/10\/Su-dung-UPS-12V-MTM-600x600.jpg 600w\" sizes=\"(max-width: 750px) 100vw, 750px\" \/><\/a><a href=\"https:\/\/maybommini.com\/wp-content\/uploads\/2020\/10\/Nha-may-san-xuat-UPS.jpg\" target=\"_blank\" rel=\"noopener\"><img decoding=\"async\" class=\"size-full wp-image-267341 aligncenter\" src=\"https:\/\/maybommini.com\/wp-content\/uploads\/2020\/10\/Nha-may-san-xuat-UPS.jpg\" alt=\"Nha May San Xuat UPS\" width=\"750\" height=\"750\" srcset=\"https:\/\/maybommini.vn\/wp-content\/uploads\/2020\/10\/Nha-may-san-xuat-UPS.jpg 750w, https:\/\/maybommini.vn\/wp-content\/uploads\/2020\/10\/Nha-may-san-xuat-UPS-300x300.jpg 300w, https:\/\/maybommini.vn\/wp-content\/uploads\/2020\/10\/Nha-may-san-xuat-UPS-150x150.jpg 150w, https:\/\/maybommini.vn\/wp-content\/uploads\/2020\/10\/Nha-may-san-xuat-UPS-600x600.jpg 600w\" sizes=\"(max-width: 750px) 100vw, 750px\" \/><\/a><a href=\"https:\/\/maybommini.com\/wp-content\/uploads\/2020\/10\/nguon-luu-dien-he-thong-khoa-cua-tu.jpg\" target=\"_blank\" rel=\"noopener\"><img decoding=\"async\" class=\"size-full wp-image-267340 aligncenter\" src=\"https:\/\/maybommini.com\/wp-content\/uploads\/2020\/10\/nguon-luu-dien-he-thong-khoa-cua-tu.jpg\" alt=\"Nguon Luu Dien He Thong Khoa Cua Tu\" width=\"750\" height=\"750\" srcset=\"https:\/\/maybommini.vn\/wp-content\/uploads\/2020\/10\/nguon-luu-dien-he-thong-khoa-cua-tu.jpg 750w, https:\/\/maybommini.vn\/wp-content\/uploads\/2020\/10\/nguon-luu-dien-he-thong-khoa-cua-tu-300x300.jpg 300w, https:\/\/maybommini.vn\/wp-content\/uploads\/2020\/10\/nguon-luu-dien-he-thong-khoa-cua-tu-150x150.jpg 150w, https:\/\/maybommini.vn\/wp-content\/uploads\/2020\/10\/nguon-luu-dien-he-thong-khoa-cua-tu-600x600.jpg 600w\" sizes=\"(max-width: 750px) 100vw, 750px\" \/><\/a><\/p>\n<p><strong>MUA UPS D\u1ef0 PH\u00d2NG MODEM WIFI CAMERA \u1ede \u0110\u00c2U CH\u1ea4T L\u01af\u1ee2NG ?\u00a0<\/strong><br \/>\n<em><strong><a href=\"https:\/\/maybomminimbm.vn\/\" target=\"_blank\" rel=\"noopener noreferrer\">M\u00e1y B\u01a1m Mini MBM<\/a> l\u00e0 nh\u00e0 cung c\u1ea5p c\u00e1c thi\u1ebft b\u1ecb pin d\u1ef1 ph\u00f2ng, UPS, Pin s\u1ea1c, ngu\u1ed3n \u0111i\u1ec7n adapter gi\u00e1 t\u1ed1t, ch\u1ea5t l\u01b0\u1ee3ng b\u1ea3o h\u00e0nh l\u00e2u d\u00e0i v\u00e0 h\u1ed7\u00a0tr\u1ee3 k\u1ef9 thu\u1eadt v\u0129nh vi\u1ec5n. \u0110\u1eb7c bi\u1ec7t giao h\u00e0ng t\u1eadn nh\u00e0 ti\u1ec7n l\u1ee3i.<\/strong><\/em><br \/>\n<strong>Website:<\/strong>\u00a0https:\/\/maybommini.com<br \/>\n<strong>Email:<\/strong> maybommini.com@gmail.com<br \/>\n<strong>Tel \/ Zalo:<\/strong>\u00a00907294310 &#8211; 02873030399<\/p>\n<h2 style=\"text-align: center;\">UPS Power Supply Box Backup<br \/>\n<a href=\"https:\/\/maybommini.com\/san-pham\/box-ups-nguon-dien-du-phong-12v-10a-9ch\" target=\"_blank\" rel=\"noopener noreferrer\">Box UPS ngu\u1ed3n \u0111i\u1ec7n d\u1ef1 ph\u00f2ng 12V 10A 9CH<\/a><br \/>\nBox UPS ngu\u1ed3n \u0111i\u1ec7n d\u1ef1 ph\u00f2ng 12V 20A 18CH<\/h2>\n","protected":false},"excerpt":{"rendered":"<p>Th\u01b0\u01a1ng hi\u1ec7u: MTM<br \/>\nModel: UPS-12V-20A-18CH<br \/>\nNgu\u1ed3n v\u00e0o: 110V &#8211; 220V AC<br \/>\nNgu\u1ed3n ra: 10V &#8211; 14V DC<br \/>\nC\u00f4ng su\u1ea5t: 20A &#8211; 240W<br \/>\nD\u00f2ng ch\u1ecbu t\u1ea3i: &lt; 2A\/CH<br \/>\nD\u00f2ng s\u1ea1c: 13.8V<br \/>\nC\u1ed5ng xu\u1ea5t DC: 18 CH<br \/>\nN\u00fat ngu\u1ed3n t\u1eaft m\u1edf ngu\u1ed3n.<br \/>\nD\u00e2y ngu\u1ed3n DC k\u1ebft n\u1ed1i \u1eafc quy.<br \/>\nD\u00e2y ngu\u1ed3n AC k\u1ebft n\u1ed1i \u0111i\u1ec7n.<br \/>\nS\u1eed d\u1ee5ng \u1eafc quy 12V 5A tr\u1edf l\u00ean.<br \/>\nC\u00f4ng ngh\u1ec7 s\u1ea1c \u201dSWITHCHING\u201d nh\u1ecf g\u1ecdn<br \/>\nv\u00e0 hi\u1ec7u qu\u1ea3 cao si\u00eau b\u1ec1n theo th\u1eddi gian.<br \/>\nQu\u1ea1t t\u1ea3n nhi\u1ec7t.<br \/>\nLED b\u00e1o ngu\u1ed3n.<br \/>\nLED b\u00e1o s\u1ea1c.<br \/>\nK\u00e8m theo ch\u00eca kh\u00f3a box.<br \/>\nTr\u1ecdng l\u01b0\u1ee3ng: 2.4 Kg.<br \/>\nK\u00edch th\u01b0\u1edbc: 340 x 240 x 95 mm.<br \/>\n<em><strong>Ch\u01b0a k\u00e8m theo b\u00ecnh \u1eafc quy.<\/strong><\/em><br \/>\n<strong>B\u1ea3o h\u00e0nh: 6 th\u00e1ng<\/strong><br \/>\n<strong>H\u1ed7\u00a0tr\u01a1\u0323 ky\u0303 thu\u00e2\u0323t vi\u0303nh vi\u00ea\u0303n.<\/strong><br \/>\n<strong>T\u01af V\u1ea4N K\u1ef8 THU\u1eacT \u2013 MUA H\u00c0NG<br \/>\n0908997823 \u2013 0908997872<br \/>\n0907294310 \u2013 02873030399<\/strong><\/p>\n","protected":false},"featured_media":267351,"comment_status":"open","ping_status":"closed","template":"","meta":[],"product_brand":[],"product_cat":[421,4181],"product_tag":[2957,2375,2955,2948,2956,2949,2950,3413,1307,437,2369,2372,2954,2953,2371,3415,3414,2370,2951],"class_list":{"0":"post-267346","1":"product","2":"type-product","3":"status-publish","4":"has-post-thumbnail","6":"product_cat-pin-sac","7":"product_cat-bo-luu-dien-ups-dc","8":"product_tag-bo-luu-dien-modem-wifi","9":"product_tag-luu-dien","10":"product_tag-nguon-du-phong-box-hdd","11":"product_tag-nguon-du-phong-modem","12":"product_tag-nguon-led","13":"product_tag-nguon-wifi","14":"product_tag-pin-du-phong","15":"product_tag-power-supply-box","16":"product_tag-sac-du-phong","17":"product_tag-sac-pin","18":"product_tag-ups","19":"product_tag-ups-12v","20":"product_tag-ups-box-tivi","21":"product_tag-ups-camera","22":"product_tag-ups-modem","23":"product_tag-ups-power","24":"product_tag-ups-power-supply-box-backup","25":"product_tag-ups-wifi","26":"product_tag-ups-wifi-modem","28":"first","29":"instock","30":"sale","31":"shipping-taxable","32":"purchasable","33":"product-type-simple"},"_links":{"self":[{"href":"https:\/\/maybommini.vn\/index.php?rest_route=\/wp\/v2\/product\/267346","targetHints":{"allow":["GET"]}}],"collection":[{"href":"https:\/\/maybommini.vn\/index.php?rest_route=\/wp\/v2\/product"}],"about":[{"href":"https:\/\/maybommini.vn\/index.php?rest_route=\/wp\/v2\/types\/product"}],"replies":[{"embeddable":true,"href":"https:\/\/maybommini.vn\/index.php?rest_route=%2Fwp%2Fv2%2Fcomments&post=267346"}],"wp:featuredmedia":[{"embeddable":true,"href":"https:\/\/maybommini.vn\/index.php?rest_route=\/wp\/v2\/media\/267351"}],"wp:attachment":[{"href":"https:\/\/maybommini.vn\/index.php?rest_route=%2Fwp%2Fv2%2Fmedia&parent=267346"}],"wp:term":[{"taxonomy":"product_brand","embeddable":true,"href":"https:\/\/maybommini.vn\/index.php?rest_route=%2Fwp%2Fv2%2Fproduct_brand&post=267346"},{"taxonomy":"product_cat","embeddable":true,"href":"https:\/\/maybommini.vn\/index.php?rest_route=%2Fwp%2Fv2%2Fproduct_cat&post=267346"},{"taxonomy":"product_tag","embeddable":true,"href":"https:\/\/maybommini.vn\/index.php?rest_route=%2Fwp%2Fv2%2Fproduct_tag&post=267346"}],"curies":[{"name":"wp","href":"https:\/\/api.w.org\/{rel}","templated":true}]}}