{"id":267466,"date":"2020-10-19T11:41:04","date_gmt":"2020-10-19T04:41:04","guid":{"rendered":"https:\/\/maybommini.com\/?post_type=product&#038;p=267466"},"modified":"2023-12-08T10:32:14","modified_gmt":"2023-12-08T03:32:14","slug":"cong-tat-ap-thap-ro-24v-low-pressure-switch","status":"publish","type":"product","link":"https:\/\/maybommini.vn\/?product=cong-tat-ap-thap-ro-24v-low-pressure-switch","title":{"rendered":"C\u00f4ng t\u1eaft \u00e1p th\u1ea5p RO 24V &#8211; Low Pressure Switch"},"content":{"rendered":"<p><strong>B\u00e1n c\u00f4ng t\u1eaft \u00e1p th\u1ea5p RO 24V Low Pressure Switch chuy\u00ean d\u1ee5ng cho m\u00e1y l\u1ecdc n\u01b0\u1edbc RO gia \u0111\u00ecnh ho\u1eb7c c\u00f4ng nghi\u1ec7p hi\u1ec7n nay. \u0110\u00e2y l\u00e0 c\u00f4ng t\u1eaft \u00e1p l\u1ef1c th\u1ea5p s\u1eed d\u1ee5ng \u1ed1ng PU 6mm trong h\u1ec7 th\u1ed1ng m\u00e1y l\u1ecdc n\u01b0\u1edbc v\u00e0 h\u1ec7 th\u1ed1ng m\u00e1y c\u00f4ng nghi\u1ec7p \u0111\u1ec3 b\u1ea3o v\u1ec7 h\u1ec7 th\u1ed1ng khi n\u01b0\u1edbc y\u1ebfu ho\u1eb7c kh\u00f4ng c\u00f3 \u00e1p l\u1ef1c n\u01b0\u1edbc t\u1edbi.<\/strong><\/p>\n<p><strong><a href=\"https:\/\/maybommini.com\/wp-content\/uploads\/2020\/10\/Cong-tat-ro-le-ap-luc-thap.jpg\" target=\"_blank\" rel=\"noopener\"><img decoding=\"async\" class=\"size-full wp-image-267470 aligncenter\" src=\"https:\/\/maybommini.com\/wp-content\/uploads\/2020\/10\/Cong-tat-ro-le-ap-luc-thap.jpg\" alt=\"Cong Tat Ro Le Ap Luc Thap\" width=\"750\" height=\"750\" srcset=\"https:\/\/maybommini.vn\/wp-content\/uploads\/2020\/10\/Cong-tat-ro-le-ap-luc-thap.jpg 750w, https:\/\/maybommini.vn\/wp-content\/uploads\/2020\/10\/Cong-tat-ro-le-ap-luc-thap-300x300.jpg 300w, https:\/\/maybommini.vn\/wp-content\/uploads\/2020\/10\/Cong-tat-ro-le-ap-luc-thap-150x150.jpg 150w, https:\/\/maybommini.vn\/wp-content\/uploads\/2020\/10\/Cong-tat-ro-le-ap-luc-thap-600x600.jpg 600w\" sizes=\"(max-width: 750px) 100vw, 750px\" \/><\/a>TH\u00d4NG S\u1ed0 K\u1ef8 THU\u1eacT<br \/>\n<\/strong>Th\u01b0\u01a1ng hi\u1ec7u: SMARTPUMPS<br \/>\nModel: LPS-15<br \/>\n\u0110i\u1ec7n th\u1ebf: 3V &#8211; 60V DC<br \/>\nCh\u1ecbu t\u1ea3i: 10A<br \/>\n\u00c1p l\u1ef1c k\u00edch ho\u1ea1t: 0.3 Kg\/cm &#8211; 0.03 Mpa<br \/>\nK\u1ebft n\u1ed1i \u1ed1ng: 6mm<br \/>\nCh\u1ea5t li\u1ec7u: Nh\u1ef1a PE &#8211; Kim lo\u1ea1i<br \/>\nLo\u1ea1i c\u00f4ng t\u1eaft \u0111i\u1ec7n \u00e1p l\u1ef1c th\u1ea5p.<br \/>\nC\u00f4ng t\u1eaft th\u00f4ng m\u1ea1ch khi c\u00f3 \u00e1p l\u1ef1c.<br \/>\nK\u00edch th\u01b0\u1edbc: 53 x 36 x 45 mm.<br \/>\nTr\u1ecdng l\u01b0\u01a1ng: 50g<\/p>\n<p><strong><a href=\"https:\/\/maybommini.com\/wp-content\/uploads\/2020\/10\/cong-tat-ap-luc-thap-cho-may-loc-nuoc-RO.jpg\" target=\"_blank\" rel=\"noopener\"><img decoding=\"async\" class=\"size-full wp-image-267468 aligncenter\" src=\"https:\/\/maybommini.com\/wp-content\/uploads\/2020\/10\/cong-tat-ap-luc-thap-cho-may-loc-nuoc-RO.jpg\" alt=\"Cong Tat Ap Luc Thap Cho May Loc Nuoc RO\" width=\"750\" height=\"750\" srcset=\"https:\/\/maybommini.vn\/wp-content\/uploads\/2020\/10\/cong-tat-ap-luc-thap-cho-may-loc-nuoc-RO.jpg 750w, https:\/\/maybommini.vn\/wp-content\/uploads\/2020\/10\/cong-tat-ap-luc-thap-cho-may-loc-nuoc-RO-300x300.jpg 300w, https:\/\/maybommini.vn\/wp-content\/uploads\/2020\/10\/cong-tat-ap-luc-thap-cho-may-loc-nuoc-RO-150x150.jpg 150w, https:\/\/maybommini.vn\/wp-content\/uploads\/2020\/10\/cong-tat-ap-luc-thap-cho-may-loc-nuoc-RO-600x600.jpg 600w\" sizes=\"(max-width: 750px) 100vw, 750px\" \/><\/a><a href=\"https:\/\/maybommini.com\/wp-content\/uploads\/2020\/10\/Cong-tat-role-ap-luc-thap-RO.jpg\" target=\"_blank\" rel=\"noopener\"><img decoding=\"async\" class=\"size-full wp-image-267471 aligncenter\" src=\"https:\/\/maybommini.com\/wp-content\/uploads\/2020\/10\/Cong-tat-role-ap-luc-thap-RO.jpg\" alt=\"Cong Tat Role Ap Luc Thap RO\" width=\"750\" height=\"750\" srcset=\"https:\/\/maybommini.vn\/wp-content\/uploads\/2020\/10\/Cong-tat-role-ap-luc-thap-RO.jpg 750w, https:\/\/maybommini.vn\/wp-content\/uploads\/2020\/10\/Cong-tat-role-ap-luc-thap-RO-300x300.jpg 300w, https:\/\/maybommini.vn\/wp-content\/uploads\/2020\/10\/Cong-tat-role-ap-luc-thap-RO-150x150.jpg 150w, https:\/\/maybommini.vn\/wp-content\/uploads\/2020\/10\/Cong-tat-role-ap-luc-thap-RO-600x600.jpg 600w\" sizes=\"(max-width: 750px) 100vw, 750px\" \/><\/a><a href=\"https:\/\/maybommini.com\/wp-content\/uploads\/2020\/10\/LOW-PRESSURE-SWITCH.jpg\" target=\"_blank\" rel=\"noopener\"><img decoding=\"async\" class=\"size-full wp-image-267472 aligncenter\" src=\"https:\/\/maybommini.com\/wp-content\/uploads\/2020\/10\/LOW-PRESSURE-SWITCH.jpg\" alt=\"LOW PRESSURE SWITCH\" width=\"750\" height=\"750\" srcset=\"https:\/\/maybommini.vn\/wp-content\/uploads\/2020\/10\/LOW-PRESSURE-SWITCH.jpg 750w, https:\/\/maybommini.vn\/wp-content\/uploads\/2020\/10\/LOW-PRESSURE-SWITCH-300x300.jpg 300w, https:\/\/maybommini.vn\/wp-content\/uploads\/2020\/10\/LOW-PRESSURE-SWITCH-150x150.jpg 150w, https:\/\/maybommini.vn\/wp-content\/uploads\/2020\/10\/LOW-PRESSURE-SWITCH-600x600.jpg 600w\" sizes=\"(max-width: 750px) 100vw, 750px\" \/><\/a><a href=\"https:\/\/maybommini.com\/wp-content\/uploads\/2020\/10\/cong-tat-ap-luc-RO.jpg\" target=\"_blank\" rel=\"noopener\"><img decoding=\"async\" class=\"size-full wp-image-267467 aligncenter\" src=\"https:\/\/maybommini.com\/wp-content\/uploads\/2020\/10\/cong-tat-ap-luc-RO.jpg\" alt=\"Cong Tat Ap Luc RO\" width=\"750\" height=\"750\" srcset=\"https:\/\/maybommini.vn\/wp-content\/uploads\/2020\/10\/cong-tat-ap-luc-RO.jpg 750w, https:\/\/maybommini.vn\/wp-content\/uploads\/2020\/10\/cong-tat-ap-luc-RO-300x300.jpg 300w, https:\/\/maybommini.vn\/wp-content\/uploads\/2020\/10\/cong-tat-ap-luc-RO-150x150.jpg 150w, https:\/\/maybommini.vn\/wp-content\/uploads\/2020\/10\/cong-tat-ap-luc-RO-600x600.jpg 600w\" sizes=\"(max-width: 750px) 100vw, 750px\" \/><\/a><\/strong><\/p>\n<p><strong>H\u01af\u1edaNG D\u1ea8N S\u1eec D\u1ee4NG C\u00d4NG T\u1eaeT \u00c1P TH\u1ea4P<\/strong><br \/>\nC\u00f4ng t\u1eaft \u00e1p th\u1ea5p hay c\u00f2n g\u1ecdi l\u00e0 Low Pressure Switch c\u00f3 ch\u1ee9c n\u0103ng b\u1ea3o v\u1ec7 h\u1ec7 th\u1ed1ng m\u00e1y b\u01a1m, m\u00e1y l\u1ecdc n\u01b0\u1edbc tr\u00e1nh m\u00e1y ch\u1ea1y li\u00ean t\u1ee5c khi kh\u00f4ng c\u00f3 n\u01b0\u1edbc t\u1edbi ho\u1eb7c kh\u00f4ng \u0111\u1ee7 \u00e1p l\u1ef1c \u0111i qua h\u1ec7 th\u1ed1ng.<br \/>\nS\u1eed d\u1ee5ng ngu\u1ed3n \u0111i\u1ec7n DC t\u1eeb 3V \u0111\u1ebfn 60V v\u00e0 ch\u1ecbu t\u1ea3i t\u1ed1i \u0111a 10A.<br \/>\nRole \u00e1p \u0111\u1ec3 t\u1eaft m\u1edf m\u1ed9t d\u00e2y \u0111i\u1ec7n ngu\u1ed3n c\u1ee7a h\u1ec7 th\u1ed1ng.<br \/>\n\u0110\u1ea5u 1 d\u00e2y \u0111i\u1ec7n c\u1ea5p ngu\u1ed3n \u0111i qua 2 ch\u00e2n c\u1ee7a c\u00f4ng t\u1eaft.<br \/>\nKhi c\u00f3 \u00e1p l\u1ef1c role s\u1ebd m\u1edf v\u00e0 th\u00f4ng m\u1ea1ch khi \u0111\u00f3 h\u1ec7 th\u1ed1ng ho\u1ea1t \u0111\u1ed9ng.<br \/>\nKhi kh\u00f4ng c\u00f3 \u00e1p l\u1ef1c th\u00ec role h\u1edf m\u1ea1ch khi \u0111\u00f3 h\u1ec7 th\u1ed1ng ng\u01b0ng ho\u1ea1t \u0111\u1ed9ng.<br \/>\nCh\u00fa \u00fd n\u1ed1i ti\u1ebfp 1 d\u00e2y ngu\u1ed3n \u0111i\u1ec7n d\u01b0\u01a1ng (+) ho\u1eb7c \u00e2m (-) \u0111i qua c\u00f4ng t\u1eaft \u00e1p th\u1ea5p.<br \/>\n<a href=\"https:\/\/maybommini.com\/wp-content\/uploads\/2020\/10\/cong-tat-ap-luc-thap-cho-may-loc-nuoc-RO.jpg\" target=\"_blank\" rel=\"noopener\"><img decoding=\"async\" class=\"size-full wp-image-267468 aligncenter\" src=\"https:\/\/maybommini.com\/wp-content\/uploads\/2020\/10\/cong-tat-ap-luc-thap-cho-may-loc-nuoc-RO.jpg\" alt=\"Cong Tat Ap Luc Thap Cho May Loc Nuoc RO\" width=\"750\" height=\"750\" srcset=\"https:\/\/maybommini.vn\/wp-content\/uploads\/2020\/10\/cong-tat-ap-luc-thap-cho-may-loc-nuoc-RO.jpg 750w, https:\/\/maybommini.vn\/wp-content\/uploads\/2020\/10\/cong-tat-ap-luc-thap-cho-may-loc-nuoc-RO-300x300.jpg 300w, https:\/\/maybommini.vn\/wp-content\/uploads\/2020\/10\/cong-tat-ap-luc-thap-cho-may-loc-nuoc-RO-150x150.jpg 150w, https:\/\/maybommini.vn\/wp-content\/uploads\/2020\/10\/cong-tat-ap-luc-thap-cho-may-loc-nuoc-RO-600x600.jpg 600w\" sizes=\"(max-width: 750px) 100vw, 750px\" \/><\/a><a href=\"https:\/\/maybommini.com\/wp-content\/uploads\/2020\/10\/cong-tat-bao-ve-may-bom.jpg\" target=\"_blank\" rel=\"noopener\"><img decoding=\"async\" class=\"size-full wp-image-267469 aligncenter\" src=\"https:\/\/maybommini.com\/wp-content\/uploads\/2020\/10\/cong-tat-bao-ve-may-bom.jpg\" alt=\"Cong Tat Bao Ve May Bom\" width=\"750\" height=\"750\" srcset=\"https:\/\/maybommini.vn\/wp-content\/uploads\/2020\/10\/cong-tat-bao-ve-may-bom.jpg 750w, https:\/\/maybommini.vn\/wp-content\/uploads\/2020\/10\/cong-tat-bao-ve-may-bom-300x300.jpg 300w, https:\/\/maybommini.vn\/wp-content\/uploads\/2020\/10\/cong-tat-bao-ve-may-bom-150x150.jpg 150w, https:\/\/maybommini.vn\/wp-content\/uploads\/2020\/10\/cong-tat-bao-ve-may-bom-600x600.jpg 600w\" sizes=\"(max-width: 750px) 100vw, 750px\" \/><\/a><\/p>\n<p><strong>S\u1eec D\u1ee4NG C\u00d4NG T\u1eaeT \u00c1P L\u1ef0C TH\u1ea4P RO<br \/>\n<\/strong>&#8211; S\u1eed d\u1ee5ng b\u1ea3o v\u1ec7 h\u1ec7 th\u1ed1ng b\u01a1m n\u01b0\u1edbc.<br \/>\n&#8211; C\u00f4ng t\u1eaft \u00e1p th\u1ea5p b\u1ea3o v\u1ec7 m\u00e1y b\u01a1m khi kh\u00f4ng c\u00f3 n\u01b0\u1edbc.<br \/>\n&#8211; S\u1eed d\u1ee5ng trong h\u1ec7 th\u1ed1ng m\u00e1y l\u1ecdc n\u01b0\u1edbc RO.<br \/>\n&#8211; D\u00f9ng trong h\u1ec7 th\u1ed1ng c\u1ea5p n\u01b0\u1edbc t\u1ef1 \u0111\u1ed9ng.<br \/>\n&#8211; D\u00f9ng trong h\u1ec7 th\u1ed1ng l\u00e0m m\u00e1t phun s\u01b0\u01a1ng.<br \/>\n&#8211; D\u00f9ng trong m\u00e1y l\u1ecdc n\u01b0\u1edbc tinh khi\u1ebft gia \u0111\u00ecnh v\u00e0 c\u00f4ng nghi\u1ec7p.<br \/>\n&#8211; D\u00f9ng trong h\u1ec7 th\u1ed1ng m\u00e1y c\u00f4ng nghi\u1ec7p.<\/p>\n<p><a href=\"https:\/\/maybommini.com\/wp-content\/uploads\/2020\/10\/role-tu-dong-may-loc-nuoc-RO.jpg\" target=\"_blank\" rel=\"noopener\"><img decoding=\"async\" class=\"size-full wp-image-267474 aligncenter\" src=\"https:\/\/maybommini.com\/wp-content\/uploads\/2020\/10\/role-tu-dong-may-loc-nuoc-RO.jpg\" alt=\"Role Tu Dong May Loc Nuoc RO\" width=\"750\" height=\"750\" srcset=\"https:\/\/maybommini.vn\/wp-content\/uploads\/2020\/10\/role-tu-dong-may-loc-nuoc-RO.jpg 750w, https:\/\/maybommini.vn\/wp-content\/uploads\/2020\/10\/role-tu-dong-may-loc-nuoc-RO-300x300.jpg 300w, https:\/\/maybommini.vn\/wp-content\/uploads\/2020\/10\/role-tu-dong-may-loc-nuoc-RO-150x150.jpg 150w, https:\/\/maybommini.vn\/wp-content\/uploads\/2020\/10\/role-tu-dong-may-loc-nuoc-RO-600x600.jpg 600w\" sizes=\"(max-width: 750px) 100vw, 750px\" \/><\/a><a href=\"https:\/\/maybommini.com\/wp-content\/uploads\/2020\/10\/role-cong-tat-ap-luc-thap.jpg\" target=\"_blank\" rel=\"noopener\"><img decoding=\"async\" class=\"size-full wp-image-267473 aligncenter\" src=\"https:\/\/maybommini.com\/wp-content\/uploads\/2020\/10\/role-cong-tat-ap-luc-thap.jpg\" alt=\"Role Cong Tat Ap Luc Thap\" width=\"750\" height=\"750\" srcset=\"https:\/\/maybommini.vn\/wp-content\/uploads\/2020\/10\/role-cong-tat-ap-luc-thap.jpg 750w, https:\/\/maybommini.vn\/wp-content\/uploads\/2020\/10\/role-cong-tat-ap-luc-thap-300x300.jpg 300w, https:\/\/maybommini.vn\/wp-content\/uploads\/2020\/10\/role-cong-tat-ap-luc-thap-150x150.jpg 150w, https:\/\/maybommini.vn\/wp-content\/uploads\/2020\/10\/role-cong-tat-ap-luc-thap-600x600.jpg 600w\" sizes=\"(max-width: 750px) 100vw, 750px\" \/><\/a><br \/>\n<strong>NH\u00c0 CUNG C\u1ea4P C\u00d4NG T\u1eaeC \u00c1P L\u1ef0C N\u01af\u1edaC<br \/>\n<\/strong>Ch\u00fang t\u00f4i chuy\u00ean cung c\u1ea5p c\u00e1c lo\u1ea1i C\u00f4ng t\u1eaft \u00e1p l\u1ef1c, Role m\u00e1y b\u01a1m, van \u0111i\u1ec7n t\u1eeb 12V 24V 220V c\u00e1c lo\u1ea1i d\u00f9ng cho nhi\u1ec1u m\u1ee5c \u0111\u00edch kh\u00e1c nhau trong l\u0129nh v\u1ef1c m\u00e1y l\u1ecdc n\u01b0\u1edbc, h\u1ec7 th\u1ed1ng phun s\u01b0\u01a1ng, h\u1ec7 th\u1ed1ng c\u1ea5p n\u01b0\u1edbc, h\u1ec7 th\u1ed1ng c\u00f4ng nghi\u1ec7p tr\u00ean to\u00e0n qu\u1ed1c.<br \/>\n<strong>CTY TNHH TH\u01af\u01a0NG M\u1ea0I D\u1ecaCH V\u1ee4 \u0110I\u1ec6N M\u00c1Y TH\u00d4NG MINH<\/strong><br \/>\nHotline: 02873030399 &#8211; 090 729 4310<br \/>\nEmail: maybommini.com@gmail.com<br \/>\nWebsite: http:\/\/maybommini.com<br \/>\nFacebook: <a href=\"https:\/\/www.facebook.com\/maybommini\" target=\"_blank\" rel=\"noopener noreferrer\">https:\/\/www.facebook.com\/maybommini<\/a><br \/>\nGoogle: <a href=\"https:\/\/plus.google.com\/ Maybomnuocminiruaxe\" target=\"_blank\" rel=\"noopener noreferrer\">https:\/\/plus.google.com\/ Maybomnuocminiruaxe<\/a><br \/>\nYoutube demo: <a href=\"https:\/\/www.youtube.com\/bahamasali\" target=\"_blank\" rel=\"noopener noreferrer\">https:\/\/www.youtube.com\/bahamasali<\/a><\/p>\n<h3 style=\"text-align: center;\">C\u00f4ng t\u1eaft \u00e1p th\u1ea5p RO 24V &#8211; Low Pressure Switch<\/h3>\n","protected":false},"excerpt":{"rendered":"<p>Th\u01b0\u01a1ng hi\u1ec7u: SMARTPUMPS<br \/>\nModel: LPS-15<br \/>\n\u0110i\u1ec7n th\u1ebf: 3V &#8211; 60V DC<br \/>\nCh\u1ecbu t\u1ea3i: 10A<br \/>\n\u00c1p l\u1ef1c k\u00edch ho\u1ea1t: 0.3 Kg\/cm &#8211; 0.03 Mpa<br \/>\nK\u1ebft n\u1ed1i \u1ed1ng: 6mm<br \/>\nCh\u1ea5t li\u1ec7u: Nh\u1ef1a PE &#8211; Kim lo\u1ea1i<br \/>\nLo\u1ea1i c\u00f4ng t\u1eaft \u0111i\u1ec7n \u00e1p l\u1ef1c th\u1ea5p.<br \/>\nC\u00f4ng t\u1eaft th\u00f4ng m\u1ea1ch khi c\u00f3 \u00e1p l\u1ef1c.<br \/>\nK\u00edch th\u01b0\u1edbc: 53 x 36 x 45 mm.<br \/>\nTr\u1ecdng l\u01b0\u01a1ng: 50g<br \/>\nB\u1ea3o h\u00e0nh: 1 tha\u0301ng<br \/>\nS\u1ea3n ph\u1ea9m cao c\u1ea5p<br \/>\n<strong>H\u00f4\u0309 tr\u01a1\u0323 ky\u0303 thu\u00e2\u0323t vi\u0303nh vi\u00ea\u0303n.<\/strong><br \/>\n<strong>T\u01af V\u1ea4N K\u1ef8 THU\u1eacT \u2013 MUA H\u00c0NG<br \/>\n0908997823 \u2013 0908997872<br \/>\n0907294310 \u2013 02873030399<\/strong><\/p>\n","protected":false},"featured_media":267470,"comment_status":"open","ping_status":"closed","template":"","meta":[],"product_brand":[],"product_cat":[649,196,1015,214],"product_tag":[488,251,1056,1057,1058,1059,3426,3431,3430,3427,3428,597,3071,3429],"class_list":{"0":"post-267466","1":"product","2":"type-product","3":"status-publish","4":"has-post-thumbnail","6":"product_cat-cong-tat-cam-bien-dong-chay","7":"product_cat-may-bom-ap-luc-mini","8":"product_cat-may-bom-nuoc-ro","9":"product_cat-phu-kien-bom-nuoc","10":"product_tag-24v","11":"product_tag-ap-luc","12":"product_tag-cong-tac","13":"product_tag-cong-tac-ap-luc","14":"product_tag-cong-tac-ap-luc-may-bom","15":"product_tag-cong-tac-tu-dong","16":"product_tag-cong-tat-ap-thap","17":"product_tag-cong-tat-bao-ve","18":"product_tag-low","19":"product_tag-low-pressure-switch","20":"product_tag-pressure","21":"product_tag-ro","22":"product_tag-ro-high-pressure-switch","23":"product_tag-switch","25":"first","26":"instock","27":"sale","28":"shipping-taxable","29":"purchasable","30":"product-type-simple"},"_links":{"self":[{"href":"https:\/\/maybommini.vn\/index.php?rest_route=\/wp\/v2\/product\/267466","targetHints":{"allow":["GET"]}}],"collection":[{"href":"https:\/\/maybommini.vn\/index.php?rest_route=\/wp\/v2\/product"}],"about":[{"href":"https:\/\/maybommini.vn\/index.php?rest_route=\/wp\/v2\/types\/product"}],"replies":[{"embeddable":true,"href":"https:\/\/maybommini.vn\/index.php?rest_route=%2Fwp%2Fv2%2Fcomments&post=267466"}],"wp:featuredmedia":[{"embeddable":true,"href":"https:\/\/maybommini.vn\/index.php?rest_route=\/wp\/v2\/media\/267470"}],"wp:attachment":[{"href":"https:\/\/maybommini.vn\/index.php?rest_route=%2Fwp%2Fv2%2Fmedia&parent=267466"}],"wp:term":[{"taxonomy":"product_brand","embeddable":true,"href":"https:\/\/maybommini.vn\/index.php?rest_route=%2Fwp%2Fv2%2Fproduct_brand&post=267466"},{"taxonomy":"product_cat","embeddable":true,"href":"https:\/\/maybommini.vn\/index.php?rest_route=%2Fwp%2Fv2%2Fproduct_cat&post=267466"},{"taxonomy":"product_tag","embeddable":true,"href":"https:\/\/maybommini.vn\/index.php?rest_route=%2Fwp%2Fv2%2Fproduct_tag&post=267466"}],"curies":[{"name":"wp","href":"https:\/\/api.w.org\/{rel}","templated":true}]}}