{"id":267773,"date":"2020-12-15T17:50:40","date_gmt":"2020-12-15T10:50:40","guid":{"rendered":"https:\/\/maybommini.com\/?post_type=product&#038;p=267773"},"modified":"2025-01-08T23:30:15","modified_gmt":"2025-01-08T16:30:15","slug":"pin-sac-lithium-12v-2200mah-3s-chiu-tai-20a-mtm","status":"publish","type":"product","link":"https:\/\/maybommini.vn\/?product=pin-sac-lithium-12v-2200mah-3s-chiu-tai-20a-mtm","title":{"rendered":"Pin s\u1ea1c lithium 12V 2200mAh 3S ch\u1ecbu t\u1ea3i 20A MTM"},"content":{"rendered":"<h3><em><strong>Chuy\u00ean b\u00e1n pin s\u1ea1c lithium 12V 2200mAh 3S ch\u1ecbu t\u1ea3i 20A MTM s\u1eed d\u1ee5ng \u0111\u1ec3 ch\u1ea1y motor, qu\u1ea1t, m\u00e1y b\u01a1m mini, pin loa k\u00e9o, pin camera, pin thi\u1ebft b\u1ecb \u0111i\u1ec7n t\u1ef1 \u0111\u1ed9ng, pin \u0111\u00e8n led, pin s\u1ea1c \u0111\u1ed3 ch\u01a1i, pin d\u1ef1 ph\u00f2ng cho kho\u00e1 c\u1eeda wifi modem box tivi. Pin c\u00f3 tu\u1ed5i th\u1ecd cao ch\u1ea5t l\u01b0\u1ee3ng \u0111\u01b0\u1ee3c kh\u00e1ch h\u00e0ng tin d\u00f9ng v\u00ec \u1ed5n \u0111\u1ecbnh d\u00f2ng ch\u1ecbu t\u1ea3i kh\u1ecfe v\u00e0 nh\u1ecf g\u1ecdn r\u1ea5t ti\u1ec7n l\u1ee3i khi s\u1eed d\u1ee5ng.<\/strong><\/em><\/h3>\n<p><strong><a href=\"https:\/\/maybommini.com\/wp-content\/uploads\/2020\/12\/Pin-sac-12V-2200mah-20A-chinh-hang.jpg\" target=\"_blank\" rel=\"noopener\"><img decoding=\"async\" class=\"size-full wp-image-267774 aligncenter\" src=\"https:\/\/maybommini.com\/wp-content\/uploads\/2020\/12\/Pin-sac-12V-2200mah-20A-chinh-hang.jpg\" alt=\"Pin Sac 12V 2200mah 20A Chinh Hang\" width=\"750\" height=\"750\" srcset=\"https:\/\/maybommini.vn\/wp-content\/uploads\/2020\/12\/Pin-sac-12V-2200mah-20A-chinh-hang.jpg 750w, https:\/\/maybommini.vn\/wp-content\/uploads\/2020\/12\/Pin-sac-12V-2200mah-20A-chinh-hang-300x300.jpg 300w, https:\/\/maybommini.vn\/wp-content\/uploads\/2020\/12\/Pin-sac-12V-2200mah-20A-chinh-hang-150x150.jpg 150w, https:\/\/maybommini.vn\/wp-content\/uploads\/2020\/12\/Pin-sac-12V-2200mah-20A-chinh-hang-600x600.jpg 600w\" sizes=\"(max-width: 750px) 100vw, 750px\" \/><\/a>TH\u00d4NG S\u1ed0 K\u1ef8 THU\u1eacT<br \/>\n<\/strong>Th\u01b0\u01a1ng hi\u1ec7u: MTM<br \/>\nModel: LBR-12V-2.2AH-20A<br \/>\n\u0110i\u1ec7n th\u1ebf ra: 12V DC<br \/>\nD\u00f2ng s\u1ea1c v\u00e0o: 12V 500mA \u2013 1000mA<br \/>\nDung l\u01b0\u1ee3ng: 2.2Ah \u2013 2200 mAh<br \/>\nT\u1ea3i t\u1ed1i \u0111a: 20A \u2013 240W<br \/>\nLo\u1ea1i pin: Pin s\u1ea1c Lithium.<br \/>\nNhi\u1ec7t\u00a0\u0111\u1ed9 l\u00e0m vi\u1ec7c : -20\u00a0\u0111\u1ed9c C \u2013 60\u00a0\u0111\u1ed9 C<br \/>\nC\u1ed5ng ngu\u1ed3n: Jack DC 5.5 x 2.1 mm<br \/>\nM\u1ea1ch s\u1ea1c ch\u1ed1ng qu\u00e1 t\u1ea3i th\u00f4ng minh.<br \/>\nTu\u1ed5i th\u1ecd cao ho\u1ea1t \u0111\u1ed9ng t\u1ed1t.<br \/>\nK\u00edch th\u01b0\u1edbc:\u00a0 65 x 55 x 20 mm.<br \/>\nTr\u1ecdng l\u01b0\u1ee3ng: 158 gam.<\/p>\n<p><strong><a href=\"https:\/\/maybommini.com\/wp-content\/uploads\/2020\/12\/Pin-sac-12v-lithium-cao-cap.jpg\" target=\"_blank\" rel=\"noopener\"><img decoding=\"async\" class=\"size-full wp-image-267776 aligncenter\" src=\"https:\/\/maybommini.com\/wp-content\/uploads\/2020\/12\/Pin-sac-12v-lithium-cao-cap.jpg\" alt=\"Pin Sac 12v Lithium Cao Cap\" width=\"750\" height=\"750\" srcset=\"https:\/\/maybommini.vn\/wp-content\/uploads\/2020\/12\/Pin-sac-12v-lithium-cao-cap.jpg 750w, https:\/\/maybommini.vn\/wp-content\/uploads\/2020\/12\/Pin-sac-12v-lithium-cao-cap-300x300.jpg 300w, https:\/\/maybommini.vn\/wp-content\/uploads\/2020\/12\/Pin-sac-12v-lithium-cao-cap-150x150.jpg 150w, https:\/\/maybommini.vn\/wp-content\/uploads\/2020\/12\/Pin-sac-12v-lithium-cao-cap-600x600.jpg 600w\" sizes=\"(max-width: 750px) 100vw, 750px\" \/><\/a><a href=\"https:\/\/maybommini.com\/wp-content\/uploads\/2020\/12\/nha-cung-cap-pin-sac-12v-chinh-hang.jpg\" target=\"_blank\" rel=\"noopener\"><img decoding=\"async\" class=\"size-full wp-image-267780 aligncenter\" src=\"https:\/\/maybommini.com\/wp-content\/uploads\/2020\/12\/nha-cung-cap-pin-sac-12v-chinh-hang.jpg\" alt=\"Nha Cung Cap Pin Sac 12v Chinh Hang\" width=\"750\" height=\"750\" srcset=\"https:\/\/maybommini.vn\/wp-content\/uploads\/2020\/12\/nha-cung-cap-pin-sac-12v-chinh-hang.jpg 750w, https:\/\/maybommini.vn\/wp-content\/uploads\/2020\/12\/nha-cung-cap-pin-sac-12v-chinh-hang-300x300.jpg 300w, https:\/\/maybommini.vn\/wp-content\/uploads\/2020\/12\/nha-cung-cap-pin-sac-12v-chinh-hang-150x150.jpg 150w, https:\/\/maybommini.vn\/wp-content\/uploads\/2020\/12\/nha-cung-cap-pin-sac-12v-chinh-hang-600x600.jpg 600w\" sizes=\"(max-width: 750px) 100vw, 750px\" \/><\/a><a href=\"https:\/\/maybommini.com\/wp-content\/uploads\/2020\/12\/ban-pin-sac-12v-2200mah-gia-tot.jpg\" target=\"_blank\" rel=\"noopener\"><img decoding=\"async\" class=\"size-full wp-image-267779 aligncenter\" src=\"https:\/\/maybommini.com\/wp-content\/uploads\/2020\/12\/ban-pin-sac-12v-2200mah-gia-tot.jpg\" alt=\"Ban Pin Sac 12v 2200mah Gia Tot\" width=\"750\" height=\"750\" srcset=\"https:\/\/maybommini.vn\/wp-content\/uploads\/2020\/12\/ban-pin-sac-12v-2200mah-gia-tot.jpg 750w, https:\/\/maybommini.vn\/wp-content\/uploads\/2020\/12\/ban-pin-sac-12v-2200mah-gia-tot-300x300.jpg 300w, https:\/\/maybommini.vn\/wp-content\/uploads\/2020\/12\/ban-pin-sac-12v-2200mah-gia-tot-150x150.jpg 150w, https:\/\/maybommini.vn\/wp-content\/uploads\/2020\/12\/ban-pin-sac-12v-2200mah-gia-tot-600x600.jpg 600w\" sizes=\"(max-width: 750px) 100vw, 750px\" \/><\/a><a href=\"https:\/\/maybommini.com\/wp-content\/uploads\/2020\/12\/pin-sac-lithium-12v-chat-luong-gia-re.jpg\" target=\"_blank\" rel=\"noopener\"><img decoding=\"async\" class=\"size-full wp-image-267777 aligncenter\" src=\"https:\/\/maybommini.com\/wp-content\/uploads\/2020\/12\/pin-sac-lithium-12v-chat-luong-gia-re.jpg\" alt=\"Pin Sac Lithium 12v Chat Luong Gia Re\" width=\"750\" height=\"750\" srcset=\"https:\/\/maybommini.vn\/wp-content\/uploads\/2020\/12\/pin-sac-lithium-12v-chat-luong-gia-re.jpg 750w, https:\/\/maybommini.vn\/wp-content\/uploads\/2020\/12\/pin-sac-lithium-12v-chat-luong-gia-re-300x300.jpg 300w, https:\/\/maybommini.vn\/wp-content\/uploads\/2020\/12\/pin-sac-lithium-12v-chat-luong-gia-re-150x150.jpg 150w, https:\/\/maybommini.vn\/wp-content\/uploads\/2020\/12\/pin-sac-lithium-12v-chat-luong-gia-re-600x600.jpg 600w\" sizes=\"(max-width: 750px) 100vw, 750px\" \/><\/a>S\u1eec\u00a0D\u1ee4NG PIN S\u1ea0C12V<\/strong><br \/>\nD\u00f9ng t\u1ed1t cho c\u00e1c thi\u1ebft b\u1ecb 12V.<br \/>\nS\u1eed d\u1ee5ng cho m\u00e1y b\u01a1m mini 12V.<br \/>\nD\u00f9ng cho m\u00e1y b\u01a1m n\u01b0\u1edbc 12V.<br \/>\nD\u00f9ng pin s\u1ea1c 12v cho c\u00e1c thi\u1ebft b\u1ecb Camera, pin d\u1ef1 ph\u00f2ng,\u00a0\u0111\u00e8n Led, qu\u1ea1t 12v \u2026.<br \/>\nD\u00f9ng cho \u0111\u1ed5 ch\u01a1i tr\u1ebb em.<br \/>\nPin s\u1ea1c d\u1ef1 ph\u00f2ng.<br \/>\nPin \u0111\u00e8n led si\u00eau s\u00e1ng.<br \/>\nPin loa k\u00e9o karaoke.<br \/>\nPin thi\u1ebft b\u1ecb t\u1ef1 \u0111\u1ed9ng th\u00f4ng minh.<br \/>\nPin cho kho\u00e1 c\u1eeda t\u1eeb.<br \/>\nPin d\u1ef1 ph\u00f2ng c\u1eeda t\u1eeb.<br \/>\nPin cho m\u00e1y ch\u1ea5m c\u00f4ng v\u00e2n tay.<br \/>\nPin s\u1ea1c m\u00e1y ch\u1ea5m c\u00f4ng th\u1ebb t\u1eeb.<br \/>\nPin m\u00e1y khoan, m\u00e1y b\u1eafn v\u00edt.<br \/>\nUPS 12V cho thi\u1ebft b\u1ecb.<br \/>\nNgu\u1ed3n Wifi, modem, box TV.<\/p>\n<p><strong><a href=\"https:\/\/maybommini.com\/wp-content\/uploads\/2020\/12\/phan-phoi-cac-loai-pin-sac-chat-luong-cao.jpg\" target=\"_blank\" rel=\"noopener\"><img decoding=\"async\" class=\"size-full wp-image-267781 aligncenter\" src=\"https:\/\/maybommini.com\/wp-content\/uploads\/2020\/12\/phan-phoi-cac-loai-pin-sac-chat-luong-cao.jpg\" alt=\"Phan Phoi Cac Loai Pin Sac Chat Luong Cao\" width=\"750\" height=\"750\" srcset=\"https:\/\/maybommini.vn\/wp-content\/uploads\/2020\/12\/phan-phoi-cac-loai-pin-sac-chat-luong-cao.jpg 750w, https:\/\/maybommini.vn\/wp-content\/uploads\/2020\/12\/phan-phoi-cac-loai-pin-sac-chat-luong-cao-300x300.jpg 300w, https:\/\/maybommini.vn\/wp-content\/uploads\/2020\/12\/phan-phoi-cac-loai-pin-sac-chat-luong-cao-150x150.jpg 150w, https:\/\/maybommini.vn\/wp-content\/uploads\/2020\/12\/phan-phoi-cac-loai-pin-sac-chat-luong-cao-600x600.jpg 600w\" sizes=\"(max-width: 750px) 100vw, 750px\" \/><\/a><a href=\"https:\/\/maybommini.com\/wp-content\/uploads\/2018\/04\/Su-dung-pin-sac-12v-cao-cap.jpg\" rel=\"lightbox[262622] noopener\" target=\"_blank\"><img decoding=\"async\" class=\"size-full wp-image-262541 aligncenter\" src=\"https:\/\/maybommini.com\/wp-content\/uploads\/2018\/04\/Su-dung-pin-sac-12v-cao-cap.jpg\" sizes=\"(max-width: 750px) 100vw, 750px\" srcset=\"https:\/\/maybommini.com\/wp-content\/uploads\/2018\/04\/Su-dung-pin-sac-12v-cao-cap.jpg 750w, https:\/\/maybommini.com\/wp-content\/uploads\/2018\/04\/Su-dung-pin-sac-12v-cao-cap-150x150.jpg 150w, https:\/\/maybommini.com\/wp-content\/uploads\/2018\/04\/Su-dung-pin-sac-12v-cao-cap-300x300.jpg 300w, https:\/\/maybommini.com\/wp-content\/uploads\/2018\/04\/Su-dung-pin-sac-12v-cao-cap-600x600.jpg 600w, https:\/\/maybommini.com\/wp-content\/uploads\/2018\/04\/Su-dung-pin-sac-12v-cao-cap-100x100.jpg 100w\" alt=\"Su Dung Pin Sac 12v Cao Cap\" width=\"750\" height=\"750\" \/><\/a><a href=\"https:\/\/maybommini.com\/wp-content\/uploads\/2018\/04\/San-xuat-pin-sac-12v-chinh-hang.jpg\" rel=\"lightbox[262622] noopener\" target=\"_blank\"><img decoding=\"async\" class=\"size-full wp-image-262540 aligncenter\" src=\"https:\/\/maybommini.com\/wp-content\/uploads\/2018\/04\/San-xuat-pin-sac-12v-chinh-hang.jpg\" sizes=\"(max-width: 750px) 100vw, 750px\" srcset=\"https:\/\/maybommini.com\/wp-content\/uploads\/2018\/04\/San-xuat-pin-sac-12v-chinh-hang.jpg 750w, https:\/\/maybommini.com\/wp-content\/uploads\/2018\/04\/San-xuat-pin-sac-12v-chinh-hang-150x150.jpg 150w, https:\/\/maybommini.com\/wp-content\/uploads\/2018\/04\/San-xuat-pin-sac-12v-chinh-hang-300x300.jpg 300w, https:\/\/maybommini.com\/wp-content\/uploads\/2018\/04\/San-xuat-pin-sac-12v-chinh-hang-600x600.jpg 600w, https:\/\/maybommini.com\/wp-content\/uploads\/2018\/04\/San-xuat-pin-sac-12v-chinh-hang-100x100.jpg 100w\" alt=\"San Xuat Pin Sac 12v Chinh Hang\" width=\"750\" height=\"750\" \/><\/a><\/strong><\/p>\n<p><strong>MUA PIN S\u1ea0C 12V GI\u00c1 R\u1eba \u1ede\u00a0\u0110\u00c2U ?<\/strong><br \/>\nM\u1ecdi chi ti\u1ebft vui l\u00f2ng li\u00ean h\u1ec7 tr\u1ef1c ti\u1ebfp cho ch\u00fang t\u00f4i \u0111\u1ec3 \u0111\u01b0\u1ee3c t\u01b0 v\u1ea5n theo nhu c\u1ea7u \u0111\u1ec3 c\u00f3 \u0111\u01b0\u1ee3c b\u1ed9 s\u1ea3n ph\u1ea9m t\u1ed1t nh\u1ea5t v\u00e0 ti\u1ebft ki\u1ec7m.\u00a0B\u1ea1n \u1edf xa v\u1eabn c\u00f3 th\u1ec3 mua h\u00e0ng v\u00e0 giao h\u00e0ng thanh to\u00e1n ti\u1ec1n t\u1ea1i nh\u00e0.<br \/>\nCh\u00fang t\u00f4i l\u00e0 nh\u00e0 cung c\u1ea5p ph\u00e2n ph\u1ed1i s\u1ec9 v\u00e0 l\u1ebb c\u00e1c lo\u1ea1i pin, pin s\u1ea1c, pin d\u1ef1 ph\u00f2ng, pin s\u1eaft, pin LiFePo4, b\u00ecnh \u1eafc quy, UPS 12V 24V, thi\u1ebft b\u1ecb \u0111o \u0111i\u1ec7n, m\u1ea1ch b\u1ea3o v\u1ec7 BMS, co PVC, m\u00e1y h\u00e0n cell pin v\u00e0 nhi\u1ec1u thi\u1ebft b\u1ecb kh\u00e1c ch\u00ednh h\u00e3ng gi\u00e1 t\u1ed1t.<br \/>\n<strong>CTY TNHH TH\u01af\u01a0NG M\u1ea0I D\u1ecaCH V\u1ee4 \u0110I\u1ec6N M\u00c1Y TH\u00d4NG MINH<\/strong><br \/>\n<strong>Hotline:<\/strong>\u00a002873030399 \u2013 090 729 4310<br \/>\n<strong>Email:<\/strong>\u00a0maybommini.com@gmail.com<br \/>\n<strong>Website:<\/strong>\u00a0https:\/\/maybommini.com<br \/>\n<strong>Facebook:<\/strong>\u00a0https:\/\/www.facebook.com\/maybommini<br \/>\n<strong>Google:<\/strong>\u00a0https:\/\/plus.google.com\/ Maybomnuocminiruaxe<br \/>\n<strong>Youtube demo:<\/strong>\u00a0https:\/\/www.youtube.com\/bahamasali<\/p>\n<h3 style=\"text-align: center;\"><em><strong>CHUY\u00caN B\u00c1N PH\u00c2N PH\u1ed0I C\u00c1C LO\u1ea0I PIN S\u1ea0C LITHIUM LI-ION LiFePo4 12V 24V 36V 48V GI\u00c1 T\u1ed0T CH\u1ea4T L\u01af\u1ee2NG.<br \/>\n<\/strong><\/em><\/h3>\n<h3 style=\"text-align: center;\"><strong>Pin s\u1ea1c lithium 12V 2200mAh 3S ch\u1ecbu t\u1ea3i 20A MTM<br \/>\n<\/strong><strong>Pin s\u1ea1c lithium 12V 3000mAh 3S ch\u1ecbu t\u1ea3i 20A MTM<\/strong><\/h3>\n","protected":false},"excerpt":{"rendered":"<p>Th\u01b0\u01a1ng hi\u1ec7u: MTM<br \/>\nModel: LBR-12V-2.2AH-20A<br \/>\n\u0110i\u1ec7n th\u1ebf ra: 12V DC<br \/>\nD\u00f2ng s\u1ea1c v\u00e0o: 12V 500mA \u2013 1000mA<br \/>\nDung l\u01b0\u1ee3ng: 2.2Ah \u2013 2200 mAh<br \/>\nT\u1ea3i t\u1ed1i \u0111a: 20A \u2013 240W<br \/>\nLo\u1ea1i pin: Pin s\u1ea1c Lithium.<br \/>\nNhi\u1ec7t\u00a0\u0111\u1ed9 l\u00e0m vi\u1ec7c : -20\u00a0\u0111\u1ed9c C \u2013 60\u00a0\u0111\u1ed9 C<br \/>\nC\u1ed5ng ngu\u1ed3n: Jack DC 5.5 x 2.1 mm<br \/>\nM\u1ea1ch s\u1ea1c ch\u1ed1ng qu\u00e1 t\u1ea3i th\u00f4ng minh.<br \/>\nM\u1ea1ch t\u00edch h\u1ee3p c\u00e2n b\u1eb1ng pin th\u00f4ng minh.<br \/>\nTu\u1ed5i th\u1ecd cao ho\u1ea1t \u0111\u1ed9ng t\u1ed1t.<br \/>\nK\u00edch th\u01b0\u1edbc:\u00a0 65 x 55 x 20 mm.<br \/>\nTr\u1ecdng l\u01b0\u1ee3ng: 158 gam.<br \/>\nB\u1ea3o h\u00e0nh: 1 th\u00e1ng.<\/p>\n","protected":false},"featured_media":267774,"comment_status":"open","ping_status":"closed","template":"","meta":[],"product_brand":[],"product_cat":[4486],"product_tag":[426,427,2342,430,2248,1311,3460,3462,3459,431,3461,433,434,437],"class_list":{"0":"post-267773","1":"product","2":"type-product","3":"status-publish","4":"has-post-thumbnail","6":"product_cat-12v-3s-lithium-ion","7":"product_tag-ion","8":"product_tag-lithium","9":"product_tag-mtm","10":"product_tag-pin","11":"product_tag-pin-12v","12":"product_tag-pin-18650","13":"product_tag-pin-3s","14":"product_tag-pin-li-on","15":"product_tag-pin-lithium","16":"product_tag-pin-sac","17":"product_tag-pin-sac-gia-re","18":"product_tag-sac","19":"product_tag-sac-12v","20":"product_tag-sac-pin","22":"first","23":"instock","24":"sale","25":"shipping-taxable","26":"purchasable","27":"product-type-simple"},"_links":{"self":[{"href":"https:\/\/maybommini.vn\/index.php?rest_route=\/wp\/v2\/product\/267773","targetHints":{"allow":["GET"]}}],"collection":[{"href":"https:\/\/maybommini.vn\/index.php?rest_route=\/wp\/v2\/product"}],"about":[{"href":"https:\/\/maybommini.vn\/index.php?rest_route=\/wp\/v2\/types\/product"}],"replies":[{"embeddable":true,"href":"https:\/\/maybommini.vn\/index.php?rest_route=%2Fwp%2Fv2%2Fcomments&post=267773"}],"wp:featuredmedia":[{"embeddable":true,"href":"https:\/\/maybommini.vn\/index.php?rest_route=\/wp\/v2\/media\/267774"}],"wp:attachment":[{"href":"https:\/\/maybommini.vn\/index.php?rest_route=%2Fwp%2Fv2%2Fmedia&parent=267773"}],"wp:term":[{"taxonomy":"product_brand","embeddable":true,"href":"https:\/\/maybommini.vn\/index.php?rest_route=%2Fwp%2Fv2%2Fproduct_brand&post=267773"},{"taxonomy":"product_cat","embeddable":true,"href":"https:\/\/maybommini.vn\/index.php?rest_route=%2Fwp%2Fv2%2Fproduct_cat&post=267773"},{"taxonomy":"product_tag","embeddable":true,"href":"https:\/\/maybommini.vn\/index.php?rest_route=%2Fwp%2Fv2%2Fproduct_tag&post=267773"}],"curies":[{"name":"wp","href":"https:\/\/api.w.org\/{rel}","templated":true}]}}