{"id":267952,"date":"2021-01-14T22:30:35","date_gmt":"2021-01-14T15:30:35","guid":{"rendered":"https:\/\/maybommini.com\/?post_type=product&#038;p=267952"},"modified":"2025-04-20T01:47:53","modified_gmt":"2025-04-19T18:47:53","slug":"may-bom-ap-luc-12v-200w-16l-wz-200a-smartpumps","status":"publish","type":"product","link":"https:\/\/maybommini.vn\/?product=may-bom-ap-luc-12v-200w-16l-wz-200a-smartpumps","title":{"rendered":"M\u00e1y b\u01a1m \u00e1p l\u1ef1c 12V 200W 16L WZ-200A Smartpumps"},"content":{"rendered":"<h3><strong>M\u00e1y b\u01a1m \u00e1p l\u1ef1c 12V 200W 16L WZ-200A Smartpumps \u00e1p l\u1ef1c m\u1ea1nh ti\u1ec7n l\u1ee3i nh\u1ecf g\u1ecdn c\u00f3 th\u1ec3 s\u1eed d\u1ee5ng \u1edf nh\u1eefng n\u01a1i kh\u00f4ng c\u00f3 \u0111i\u1ec7n 220V. Du\u0300ng cho vi\u00ea\u0323c xi\u0323t r\u01b0\u0309a v\u00ea\u0323 sinh ma\u0301y la\u0323nh <\/strong><strong>m\u00e1y \u0111i\u1ec1u ho\u00e0 <\/strong><strong>gia \u0111i\u0300nh<\/strong><strong>\u00a0kha\u0301ch sa\u0323n c\u00f4ng ty qua\u0301n \u0103n<\/strong><strong>, r\u01b0\u0309a xe, v\u1ec7 sinh thi\u1ebft b\u1ecb, phun thu\u1ed1c tr\u1eeb s\u00e2u, phun x\u1ecbt kh\u1eed khu\u1ea9n ti\u1ec7t tr\u00f9ng v\u00e0 t\u01b0\u1edbi c\u00e2y.<\/strong><\/h3>\n<p><strong><a href=\"https:\/\/maybommini.com\/wp-content\/uploads\/2021\/01\/May-bom-ap-luc-12V-200W-WZ-200A-Smartpumps.jpg\" target=\"_blank\" rel=\"noopener\"><img decoding=\"async\" class=\"size-full wp-image-267960 aligncenter\" src=\"https:\/\/maybommini.com\/wp-content\/uploads\/2021\/01\/May-bom-ap-luc-12V-200W-WZ-200A-Smartpumps.jpg\" alt=\"May Bom Ap Luc 12V 200W WZ 200A Smartpumps\" width=\"750\" height=\"750\" srcset=\"https:\/\/maybommini.vn\/wp-content\/uploads\/2021\/01\/May-bom-ap-luc-12V-200W-WZ-200A-Smartpumps.jpg 750w, https:\/\/maybommini.vn\/wp-content\/uploads\/2021\/01\/May-bom-ap-luc-12V-200W-WZ-200A-Smartpumps-300x300.jpg 300w, https:\/\/maybommini.vn\/wp-content\/uploads\/2021\/01\/May-bom-ap-luc-12V-200W-WZ-200A-Smartpumps-150x150.jpg 150w, https:\/\/maybommini.vn\/wp-content\/uploads\/2021\/01\/May-bom-ap-luc-12V-200W-WZ-200A-Smartpumps-600x600.jpg 600w\" sizes=\"(max-width: 750px) 100vw, 750px\" \/><\/a>TH\u00d4NG S\u00d4\u0301 KY\u0303 THU\u00c2\u0323T<\/strong><br \/>\nTh\u01b0\u01a1ng hi\u1ec7u: Smartpumps<br \/>\nModel: WZ-200A<br \/>\n\u0110i\u1ec7n th\u1ebf: 12V DC<br \/>\nC\u00f4ng su\u1ea5t: 200W<br \/>\nL\u01b0u l\u01b0\u1ee3ng: 10 &#8211; 16 L\/P<br \/>\n\u00c1p l\u1ef1c: 2 &#8211; 3 Mpa<br \/>\n\u1ed0ng n\u01b0\u1edbc ra: ren 13 mm<br \/>\n\u1ed0ng n\u01b0\u1edbc v\u00e0o: 17 mm<br \/>\nL\u1ecdc n\u01b0\u1edbc mini \u0111\u1ea7u v\u00e0o.<br \/>\nV\u00f2i phun x\u1ecbt c\u00f3 ch\u1ec9nh tia.<br \/>\n\u1ed0ng n\u01b0\u1edbc c\u1ea5p 17mm 2 m\u00e9t.<br \/>\n\u1ed0ng n\u01b0\u1edbc h\u1ed3i 2 m\u00e9t.<br \/>\nT\u1ef1 h\u00fat n\u01b0\u1edbc kh\u00f4ng c\u1ea7n m\u1ed3i.<br \/>\nC\u00f4ng t\u1eafc On Off.<br \/>\nM\u00e1y b\u01a1m c\u00f3 ch\u1ec9nh \u00e1p.<br \/>\n\u0110\u1ed3ng h\u1ed3 \u0111i \u00e1p l\u1ef1c.<br \/>\nMotor d\u00e2y \u0111\u1ed3ng cao c\u1ea5p.<br \/>\nMotor ch\u1ed5i than lo\u1ea1i m\u1edbi si\u00eau b\u1ec1n.<br \/>\n\u0110\u1ea7u b\u01a1m c\u00f4ng ngh\u1ec7 m\u1edbi.<br \/>\nK\u00edch th\u01b0\u1edbc: 30 x 18 x 18 cm<br \/>\nTr\u1ecdng l\u01b0\u1ee3ng: 7 Kg<\/p>\n<p><strong><a href=\"https:\/\/maybommini.com\/wp-content\/uploads\/2021\/01\/May-bom-ap-luc-cao-12V-WZ-200A.jpg\" target=\"_blank\" rel=\"noopener\"><img decoding=\"async\" class=\"size-full wp-image-267961 aligncenter\" src=\"https:\/\/maybommini.com\/wp-content\/uploads\/2021\/01\/May-bom-ap-luc-cao-12V-WZ-200A.jpg\" alt=\"May Bom Ap Luc Cao 12V WZ 200A\" width=\"750\" height=\"750\" srcset=\"https:\/\/maybommini.vn\/wp-content\/uploads\/2021\/01\/May-bom-ap-luc-cao-12V-WZ-200A.jpg 750w, https:\/\/maybommini.vn\/wp-content\/uploads\/2021\/01\/May-bom-ap-luc-cao-12V-WZ-200A-300x300.jpg 300w, https:\/\/maybommini.vn\/wp-content\/uploads\/2021\/01\/May-bom-ap-luc-cao-12V-WZ-200A-150x150.jpg 150w, https:\/\/maybommini.vn\/wp-content\/uploads\/2021\/01\/May-bom-ap-luc-cao-12V-WZ-200A-600x600.jpg 600w\" sizes=\"(max-width: 750px) 100vw, 750px\" \/><\/a><a href=\"https:\/\/maybommini.com\/wp-content\/uploads\/2021\/01\/bo-phu-kien-may-bom-ap-luc-12v-wz-200a.jpg\" target=\"_blank\" rel=\"noopener\"><img decoding=\"async\" class=\"size-full wp-image-267957 aligncenter\" src=\"https:\/\/maybommini.com\/wp-content\/uploads\/2021\/01\/bo-phu-kien-may-bom-ap-luc-12v-wz-200a.jpg\" alt=\"Bo Phu Kien May Bom Ap Luc 12v Wz 200a\" width=\"750\" height=\"750\" srcset=\"https:\/\/maybommini.vn\/wp-content\/uploads\/2021\/01\/bo-phu-kien-may-bom-ap-luc-12v-wz-200a.jpg 750w, https:\/\/maybommini.vn\/wp-content\/uploads\/2021\/01\/bo-phu-kien-may-bom-ap-luc-12v-wz-200a-300x300.jpg 300w, https:\/\/maybommini.vn\/wp-content\/uploads\/2021\/01\/bo-phu-kien-may-bom-ap-luc-12v-wz-200a-150x150.jpg 150w, https:\/\/maybommini.vn\/wp-content\/uploads\/2021\/01\/bo-phu-kien-may-bom-ap-luc-12v-wz-200a-600x600.jpg 600w\" sizes=\"(max-width: 750px) 100vw, 750px\" \/><\/a><a href=\"https:\/\/maybommini.com\/wp-content\/uploads\/2021\/01\/Bom-ap-luc-mini-12V-200W-gia-re-chinh-hang.jpg\" target=\"_blank\" rel=\"noopener\"><img decoding=\"async\" class=\"size-full wp-image-267956 aligncenter\" src=\"https:\/\/maybommini.com\/wp-content\/uploads\/2021\/01\/Bom-ap-luc-mini-12V-200W-gia-re-chinh-hang.jpg\" alt=\"Bom Ap Luc Mini 12V 200W Gia Re Chinh Hang\" width=\"750\" height=\"750\" srcset=\"https:\/\/maybommini.vn\/wp-content\/uploads\/2021\/01\/Bom-ap-luc-mini-12V-200W-gia-re-chinh-hang.jpg 750w, https:\/\/maybommini.vn\/wp-content\/uploads\/2021\/01\/Bom-ap-luc-mini-12V-200W-gia-re-chinh-hang-300x300.jpg 300w, https:\/\/maybommini.vn\/wp-content\/uploads\/2021\/01\/Bom-ap-luc-mini-12V-200W-gia-re-chinh-hang-150x150.jpg 150w, https:\/\/maybommini.vn\/wp-content\/uploads\/2021\/01\/Bom-ap-luc-mini-12V-200W-gia-re-chinh-hang-600x600.jpg 600w\" sizes=\"(max-width: 750px) 100vw, 750px\" \/><\/a><a href=\"https:\/\/maybommini.com\/wp-content\/uploads\/2021\/01\/may-bom-phun-xit-rua-xe-ve-sinh-may-lanh-12v.jpg\" target=\"_blank\" rel=\"noopener\"><img decoding=\"async\" class=\"size-full wp-image-267964 aligncenter\" src=\"https:\/\/maybommini.com\/wp-content\/uploads\/2021\/01\/may-bom-phun-xit-rua-xe-ve-sinh-may-lanh-12v.jpg\" alt=\"May Bom Phun Xit Rua Xe Ve Sinh May Lanh 12v\" width=\"750\" height=\"750\" srcset=\"https:\/\/maybommini.vn\/wp-content\/uploads\/2021\/01\/may-bom-phun-xit-rua-xe-ve-sinh-may-lanh-12v.jpg 750w, https:\/\/maybommini.vn\/wp-content\/uploads\/2021\/01\/may-bom-phun-xit-rua-xe-ve-sinh-may-lanh-12v-300x300.jpg 300w, https:\/\/maybommini.vn\/wp-content\/uploads\/2021\/01\/may-bom-phun-xit-rua-xe-ve-sinh-may-lanh-12v-150x150.jpg 150w, https:\/\/maybommini.vn\/wp-content\/uploads\/2021\/01\/may-bom-phun-xit-rua-xe-ve-sinh-may-lanh-12v-600x600.jpg 600w\" sizes=\"(max-width: 750px) 100vw, 750px\" \/><\/a><a href=\"https:\/\/maybommini.com\/wp-content\/uploads\/2021\/01\/bom-ap-luc-12v-rua-xe-200W-cao-cap.jpg\" target=\"_blank\" rel=\"noopener\"><img decoding=\"async\" class=\"size-full wp-image-267955 aligncenter\" src=\"https:\/\/maybommini.com\/wp-content\/uploads\/2021\/01\/bom-ap-luc-12v-rua-xe-200W-cao-cap.jpg\" alt=\"Bom Ap Luc 12v Rua Xe 200W Cao Cap\" width=\"750\" height=\"750\" srcset=\"https:\/\/maybommini.vn\/wp-content\/uploads\/2021\/01\/bom-ap-luc-12v-rua-xe-200W-cao-cap.jpg 750w, https:\/\/maybommini.vn\/wp-content\/uploads\/2021\/01\/bom-ap-luc-12v-rua-xe-200W-cao-cap-300x300.jpg 300w, https:\/\/maybommini.vn\/wp-content\/uploads\/2021\/01\/bom-ap-luc-12v-rua-xe-200W-cao-cap-150x150.jpg 150w, https:\/\/maybommini.vn\/wp-content\/uploads\/2021\/01\/bom-ap-luc-12v-rua-xe-200W-cao-cap-600x600.jpg 600w\" sizes=\"(max-width: 750px) 100vw, 750px\" \/><\/a><a href=\"https:\/\/maybommini.com\/wp-content\/uploads\/2021\/01\/nha-phan-phoi-may-bom-ap-luc-12v-24v-220v.jpg\" target=\"_blank\" rel=\"noopener\"><img decoding=\"async\" class=\"size-full wp-image-267953 aligncenter\" src=\"https:\/\/maybommini.com\/wp-content\/uploads\/2021\/01\/nha-phan-phoi-may-bom-ap-luc-12v-24v-220v.jpg\" alt=\"Nha Phan Phoi May Bom Ap Luc 12v 24v 220v\" width=\"750\" height=\"750\" srcset=\"https:\/\/maybommini.vn\/wp-content\/uploads\/2021\/01\/nha-phan-phoi-may-bom-ap-luc-12v-24v-220v.jpg 750w, https:\/\/maybommini.vn\/wp-content\/uploads\/2021\/01\/nha-phan-phoi-may-bom-ap-luc-12v-24v-220v-300x300.jpg 300w, https:\/\/maybommini.vn\/wp-content\/uploads\/2021\/01\/nha-phan-phoi-may-bom-ap-luc-12v-24v-220v-150x150.jpg 150w, https:\/\/maybommini.vn\/wp-content\/uploads\/2021\/01\/nha-phan-phoi-may-bom-ap-luc-12v-24v-220v-600x600.jpg 600w\" sizes=\"(max-width: 750px) 100vw, 750px\" \/><\/a><a href=\"https:\/\/maybommini.com\/wp-content\/uploads\/2021\/01\/may-bom-motor-loi-dong.jpg\" target=\"_blank\" rel=\"noopener\"><img decoding=\"async\" class=\"size-full wp-image-267962 aligncenter\" src=\"https:\/\/maybommini.com\/wp-content\/uploads\/2021\/01\/may-bom-motor-loi-dong.jpg\" alt=\"May Bom Motor Loi Dong\" width=\"750\" height=\"750\" srcset=\"https:\/\/maybommini.vn\/wp-content\/uploads\/2021\/01\/may-bom-motor-loi-dong.jpg 750w, https:\/\/maybommini.vn\/wp-content\/uploads\/2021\/01\/may-bom-motor-loi-dong-300x300.jpg 300w, https:\/\/maybommini.vn\/wp-content\/uploads\/2021\/01\/may-bom-motor-loi-dong-150x150.jpg 150w, https:\/\/maybommini.vn\/wp-content\/uploads\/2021\/01\/may-bom-motor-loi-dong-600x600.jpg 600w\" sizes=\"(max-width: 750px) 100vw, 750px\" \/><\/a><a href=\"https:\/\/maybommini.com\/wp-content\/uploads\/2021\/01\/dong-co-may-bom-cao-cap-chat-luong.jpg\" target=\"_blank\" rel=\"noopener\"><img decoding=\"async\" class=\"size-full wp-image-267959 aligncenter\" src=\"https:\/\/maybommini.com\/wp-content\/uploads\/2021\/01\/dong-co-may-bom-cao-cap-chat-luong.jpg\" alt=\"Dong Co May Bom Cao Cap Chat Luong\" width=\"750\" height=\"750\" srcset=\"https:\/\/maybommini.vn\/wp-content\/uploads\/2021\/01\/dong-co-may-bom-cao-cap-chat-luong.jpg 750w, https:\/\/maybommini.vn\/wp-content\/uploads\/2021\/01\/dong-co-may-bom-cao-cap-chat-luong-300x300.jpg 300w, https:\/\/maybommini.vn\/wp-content\/uploads\/2021\/01\/dong-co-may-bom-cao-cap-chat-luong-150x150.jpg 150w, https:\/\/maybommini.vn\/wp-content\/uploads\/2021\/01\/dong-co-may-bom-cao-cap-chat-luong-600x600.jpg 600w\" sizes=\"(max-width: 750px) 100vw, 750px\" \/><\/a><br \/>\n<\/strong><\/p>\n<p><strong>CA\u0301CH S\u01af\u0309 DU\u0323NG M\u00c1Y B\u01a0M \u00c1P L\u1ef0C MINI 12V 200W<br \/>\n<\/strong><a href=\"https:\/\/maybommini.com\/danh-muc\/may-bom-ap-luc-mini\/may-bom-ap-luc-12v\" target=\"_blank\" rel=\"noopener noreferrer\">M\u00e1y b\u01a1m \u00e1p l\u1ef1c<\/a> 12V 200W Smartpumps do Maybommini.com ph\u00e2n ph\u1ed1i.<br \/>\nS\u1eed d\u1ee5ng <a href=\"https:\/\/maybommini.com\/san-pham\/nguon-to-ong-bien-the-220v-ra-12v-30a-360w\" target=\"_blank\" rel=\"noopener noreferrer\">ngu\u1ed3n t\u1ed5 ong bi\u1ebfn th\u1ebf 220V 12V 30A<\/a> tr\u1edf l\u00ean.<br \/>\nS\u1eed d\u1ee5ng b\u00ecnh \u1eafc quy 12V 10Ah tr\u1edf l\u00ean, dung l\u01b0\u1ee3ng c\u00e0ng l\u1edbn s\u1eed d\u1ee5ng c\u00e0ng l\u00e2u.<br \/>\n\u1ed0ng n\u01b0\u1edbc v\u00e0o d\u00f9ng \u1ed1ng 17mm.<br \/>\n\u1ed0ng n\u01b0\u1edbc ra s\u1eed d\u1ee5ng \u1ed1ng ch\u1ecbu \u00e1p l\u1ef1c c\u00f3 ren k\u1ebft n\u1ed1i 13mm.<br \/>\nM\u00e1y c\u00f3 th\u1ec3 t\u1ef1 h\u00fat n\u01b0\u1edbc t\u1eeb x\u00f4 ch\u1eadu kh\u00f4ng c\u1ea7n m\u1ed3i.<br \/>\nM\u00e1y c\u00f3 t\u00edch h\u1ee3p van t\u0103ng gi\u00e3m \u00e1p l\u1ef1c.<br \/>\nS\u1eed d\u1ee5ng b\u1ed9 l\u1ecdc r\u00e1c, c\u1eb7n b\u1ea9n \u0111\u1ea7u v\u00e0o tr\u00e1nh ngh\u1eb9t \u0111\u1ea7u b\u01a1m.<br \/>\nS\u1eed d\u1ee5ng n\u01b0\u1edbc s\u1ea1ch, ho\u1eb7c pha th\u00eam h\u00f3a ch\u1ea5t \u0111\u1ec3 \u0111\u1ec3 s\u1eed d\u1ee5ng.<span style=\"color: #ff0000;\"><em><strong><br \/>\nL\u01b0u \u00fd kh\u00f4ng c\u1ea5m \u0111i\u1ec7n tr\u1ef1c ti\u1ebfp 220V g\u00e2y ch\u00e1y n\u1ed5 kh\u00f4ng b\u1ea3o h\u00e0nh.<\/strong><\/em><\/span><\/p>\n<p style=\"text-align: center;\"><strong><a href=\"https:\/\/maybommini.com\/wp-content\/uploads\/2021\/01\/may-bom-phun-thuoc-tru-sau-tuoi-cay-chinh-ap-12V.jpg\" target=\"_blank\" rel=\"noopener\"><img decoding=\"async\" class=\"alignnone size-full wp-image-267963\" src=\"https:\/\/maybommini.com\/wp-content\/uploads\/2021\/01\/may-bom-phun-thuoc-tru-sau-tuoi-cay-chinh-ap-12V.jpg\" alt=\"May Bom Phun Thuoc Tru Sau Tuoi Cay Chinh Ap 12V\" width=\"750\" height=\"750\" srcset=\"https:\/\/maybommini.vn\/wp-content\/uploads\/2021\/01\/may-bom-phun-thuoc-tru-sau-tuoi-cay-chinh-ap-12V.jpg 750w, https:\/\/maybommini.vn\/wp-content\/uploads\/2021\/01\/may-bom-phun-thuoc-tru-sau-tuoi-cay-chinh-ap-12V-300x300.jpg 300w, https:\/\/maybommini.vn\/wp-content\/uploads\/2021\/01\/may-bom-phun-thuoc-tru-sau-tuoi-cay-chinh-ap-12V-150x150.jpg 150w, https:\/\/maybommini.vn\/wp-content\/uploads\/2021\/01\/may-bom-phun-thuoc-tru-sau-tuoi-cay-chinh-ap-12V-600x600.jpg 600w\" sizes=\"(max-width: 750px) 100vw, 750px\" \/><\/a><br \/>\n<a href=\"https:\/\/maybommini.com\/wp-content\/uploads\/2021\/01\/may-bom-rua-xe-mini-12v-200W-cao-cap.jpg\" target=\"_blank\" rel=\"noopener\"><img decoding=\"async\" class=\"alignnone size-full wp-image-267965\" src=\"https:\/\/maybommini.com\/wp-content\/uploads\/2021\/01\/may-bom-rua-xe-mini-12v-200W-cao-cap.jpg\" alt=\"May Bom Rua Xe Mini 12v 200W Cao Cap\" width=\"750\" height=\"750\" srcset=\"https:\/\/maybommini.vn\/wp-content\/uploads\/2021\/01\/may-bom-rua-xe-mini-12v-200W-cao-cap.jpg 750w, https:\/\/maybommini.vn\/wp-content\/uploads\/2021\/01\/may-bom-rua-xe-mini-12v-200W-cao-cap-300x300.jpg 300w, https:\/\/maybommini.vn\/wp-content\/uploads\/2021\/01\/may-bom-rua-xe-mini-12v-200W-cao-cap-150x150.jpg 150w, https:\/\/maybommini.vn\/wp-content\/uploads\/2021\/01\/may-bom-rua-xe-mini-12v-200W-cao-cap-600x600.jpg 600w\" sizes=\"(max-width: 750px) 100vw, 750px\" \/><\/a><br \/>\n<a href=\"https:\/\/maybommini.com\/wp-content\/uploads\/2021\/01\/dau-bom-cong-nghe-moi.jpg\" target=\"_blank\" rel=\"noopener\"><img decoding=\"async\" class=\"size-full wp-image-267958 aligncenter\" src=\"https:\/\/maybommini.com\/wp-content\/uploads\/2021\/01\/dau-bom-cong-nghe-moi.jpg\" alt=\"Dau Bom Cong Nghe Moi\" width=\"750\" height=\"750\" srcset=\"https:\/\/maybommini.vn\/wp-content\/uploads\/2021\/01\/dau-bom-cong-nghe-moi.jpg 750w, https:\/\/maybommini.vn\/wp-content\/uploads\/2021\/01\/dau-bom-cong-nghe-moi-300x300.jpg 300w, https:\/\/maybommini.vn\/wp-content\/uploads\/2021\/01\/dau-bom-cong-nghe-moi-150x150.jpg 150w, https:\/\/maybommini.vn\/wp-content\/uploads\/2021\/01\/dau-bom-cong-nghe-moi-600x600.jpg 600w\" sizes=\"(max-width: 750px) 100vw, 750px\" \/><\/a><br \/>\n<\/strong><\/p>\n<p><strong>S\u1eec D\u1ee4NG M\u00c1Y B\u01a0M \u00c1P L\u1ef0C MINI<\/strong><br \/>\n&#8211; D\u00f9ng v\u1ec7 sinh \u0111i\u1ec1u ho\u00e0 gia \u0111\u00ecnh.<br \/>\n&#8211; D\u00f9ng x\u1ecbt r\u1eeda m\u00e1y l\u1ea1nh gia \u0111\u00ecnh ho\u1eb7c Cty v\u0103n ph\u00f2ng.<br \/>\n&#8211; D\u00f9ng cho nh\u00e2n vi\u00ean d\u1ecbch v\u1ee5 \u0111i\u1ec7n l\u1ea1nh chuy\u00ean nhi\u1ec7p.<br \/>\n&#8211; D\u00f9ng x\u1ecbt r\u1eeda m\u00e1y l\u1ea1nh, m\u00e1y l\u1ecdc kh\u00f4ng kh\u00ed.<br \/>\n&#8211; V\u1ec7 sinh m\u00e1y l\u1ea1nh cho Hotel kh\u00e1ch s\u1ea1n nh\u00e0 ngh\u1ec9.<br \/>\n&#8211; Ngo\u00e0i ra c\u00f3 th\u1ec3 d\u00f9ng nh\u01b0 m\u1ed9t m\u00e1y r\u1eeda xe gia \u0111\u00ecnh r\u1ea5t ti\u1ec7n d\u1ee5ng.<br \/>\n&#8211; D\u00f9ng phun t\u01b0\u1edbi c\u00e2y, phun thu\u1ed1c tr\u1eeb s\u00e2u.<br \/>\n&#8211; Phun x\u1ecbt h\u00f3a ch\u1ea5t di\u1ec7t khu\u1ea9n, t\u1ea9y tr\u00f9ng.<br \/>\n&#8211; D\u00f9ng l\u00e0m phun s\u01b0\u01a1ng l\u00e0m m\u00e1t v\u1edbi s\u1ed1 l\u01b0\u1ee3ng b\u00e9c phun t\u1eeb 5 \u0111\u1ebfn 20 b\u00e9c phun s\u01b0\u01a1ng.<br \/>\n&#8211; L\u00e0m m\u00e1y b\u01a1m cho h\u1ec7 th\u1ed1ng phun t\u01b0\u1edbi c\u00e2y t\u1ef1 \u0111\u1ed9ng.<br \/>\n&#8211; X\u1ecbt r\u1eeda \u00d4to, xe m\u00e1y c\u00f3 th\u1ec3 d\u00f9ng n\u01b0\u1edbc x\u00e0 ph\u1ed3ng x\u1ecbt tr\u1ef1c ti\u1ebfp.<br \/>\n&#8211; X\u1ecbt r\u1eeda v\u1ec7 sinh nh\u00e0 c\u1eeda, chu\u1ed3ng tr\u1ea1i ch\u0103n nu\u00f4i.<br \/>\n&#8211; V\u00e0 \u1ee9ng d\u1ee5ng cho nhi\u1ec1u vi\u1ec7c kh\u00e1c nhau.<br \/>\n&#8211; S\u1eed d\u1ee5ng b\u01a1m n\u01b0\u1edbc cho khu v\u1ef1c kh\u00f4ng c\u00f3 \u0111i\u1ec7n.<br \/>\n<a href=\"https:\/\/maybommini.com\/wp-content\/uploads\/2021\/01\/may-xit-rua-xe-mini-12v.jpg\" target=\"_blank\" rel=\"noopener\"><img decoding=\"async\" class=\"size-full wp-image-267967 aligncenter\" src=\"https:\/\/maybommini.com\/wp-content\/uploads\/2021\/01\/may-xit-rua-xe-mini-12v.jpg\" alt=\"May Xit Rua Xe Mini 12v\" width=\"750\" height=\"750\" srcset=\"https:\/\/maybommini.vn\/wp-content\/uploads\/2021\/01\/may-xit-rua-xe-mini-12v.jpg 750w, https:\/\/maybommini.vn\/wp-content\/uploads\/2021\/01\/may-xit-rua-xe-mini-12v-300x300.jpg 300w, https:\/\/maybommini.vn\/wp-content\/uploads\/2021\/01\/may-xit-rua-xe-mini-12v-150x150.jpg 150w, https:\/\/maybommini.vn\/wp-content\/uploads\/2021\/01\/may-xit-rua-xe-mini-12v-600x600.jpg 600w\" sizes=\"(max-width: 750px) 100vw, 750px\" \/><\/a><a href=\"https:\/\/maybommini.com\/wp-content\/uploads\/2021\/01\/may-xit-rua-ve-sinh-ap-luc-cao.jpg\" target=\"_blank\" rel=\"noopener\"><img decoding=\"async\" class=\"size-full wp-image-267966 aligncenter\" src=\"https:\/\/maybommini.com\/wp-content\/uploads\/2021\/01\/may-xit-rua-ve-sinh-ap-luc-cao.jpg\" alt=\"May Xit Rua Ve Sinh Ap Luc Cao\" width=\"750\" height=\"750\" srcset=\"https:\/\/maybommini.vn\/wp-content\/uploads\/2021\/01\/may-xit-rua-ve-sinh-ap-luc-cao.jpg 750w, https:\/\/maybommini.vn\/wp-content\/uploads\/2021\/01\/may-xit-rua-ve-sinh-ap-luc-cao-300x300.jpg 300w, https:\/\/maybommini.vn\/wp-content\/uploads\/2021\/01\/may-xit-rua-ve-sinh-ap-luc-cao-150x150.jpg 150w, https:\/\/maybommini.vn\/wp-content\/uploads\/2021\/01\/may-xit-rua-ve-sinh-ap-luc-cao-600x600.jpg 600w\" sizes=\"(max-width: 750px) 100vw, 750px\" \/><\/a><a href=\"https:\/\/maybommini.com\/wp-content\/uploads\/2021\/01\/su-dung-may-xit-rua-ap-luc-cao.jpg\" target=\"_blank\" rel=\"noopener\"><img decoding=\"async\" class=\"size-full wp-image-267954 aligncenter\" src=\"https:\/\/maybommini.com\/wp-content\/uploads\/2021\/01\/su-dung-may-xit-rua-ap-luc-cao.jpg\" alt=\"Su Dung May Xit Rua Ap Luc Cao\" width=\"750\" height=\"750\" srcset=\"https:\/\/maybommini.vn\/wp-content\/uploads\/2021\/01\/su-dung-may-xit-rua-ap-luc-cao.jpg 750w, https:\/\/maybommini.vn\/wp-content\/uploads\/2021\/01\/su-dung-may-xit-rua-ap-luc-cao-300x300.jpg 300w, https:\/\/maybommini.vn\/wp-content\/uploads\/2021\/01\/su-dung-may-xit-rua-ap-luc-cao-150x150.jpg 150w, https:\/\/maybommini.vn\/wp-content\/uploads\/2021\/01\/su-dung-may-xit-rua-ap-luc-cao-600x600.jpg 600w\" sizes=\"(max-width: 750px) 100vw, 750px\" \/><\/a><\/p>\n<p><a href=\"https:\/\/maybommini.com\/wp-content\/uploads\/2018\/09\/sung-dung-may-bom-ap-luc-mini12v-24v-tien-loi.jpg\" target=\"_blank\" rel=\"noopener\"><img decoding=\"async\" class=\"aligncenter wp-image-260112\" src=\"https:\/\/maybommini.com\/wp-content\/uploads\/2018\/09\/sung-dung-may-bom-ap-luc-mini12v-24v-tien-loi.jpg\" alt=\"Sung Dung May Bom Ap Luc Mini12v 24v Tien Loi\" width=\"750\" height=\"750\" srcset=\"https:\/\/maybommini.vn\/wp-content\/uploads\/2018\/09\/sung-dung-may-bom-ap-luc-mini12v-24v-tien-loi.jpg 820w, https:\/\/maybommini.vn\/wp-content\/uploads\/2018\/09\/sung-dung-may-bom-ap-luc-mini12v-24v-tien-loi-300x300.jpg 300w, https:\/\/maybommini.vn\/wp-content\/uploads\/2018\/09\/sung-dung-may-bom-ap-luc-mini12v-24v-tien-loi-150x150.jpg 150w, https:\/\/maybommini.vn\/wp-content\/uploads\/2018\/09\/sung-dung-may-bom-ap-luc-mini12v-24v-tien-loi-600x600.jpg 600w\" sizes=\"(max-width: 750px) 100vw, 750px\" \/><\/a><a href=\"https:\/\/maybommini.com\/wp-content\/uploads\/2018\/09\/phun-xit-thuoc-tru-sau-bang-may-bom-ap-luc-mini.jpg\" target=\"_blank\" rel=\"noopener\"><img decoding=\"async\" class=\"aligncenter wp-image-260110\" src=\"https:\/\/maybommini.com\/wp-content\/uploads\/2018\/09\/phun-xit-thuoc-tru-sau-bang-may-bom-ap-luc-mini.jpg\" alt=\"Phun Xit Thuoc Tru Sau Bang May Bom Ap Luc Mini\" width=\"750\" height=\"750\" srcset=\"https:\/\/maybommini.vn\/wp-content\/uploads\/2018\/09\/phun-xit-thuoc-tru-sau-bang-may-bom-ap-luc-mini.jpg 820w, https:\/\/maybommini.vn\/wp-content\/uploads\/2018\/09\/phun-xit-thuoc-tru-sau-bang-may-bom-ap-luc-mini-300x300.jpg 300w, https:\/\/maybommini.vn\/wp-content\/uploads\/2018\/09\/phun-xit-thuoc-tru-sau-bang-may-bom-ap-luc-mini-150x150.jpg 150w, https:\/\/maybommini.vn\/wp-content\/uploads\/2018\/09\/phun-xit-thuoc-tru-sau-bang-may-bom-ap-luc-mini-600x600.jpg 600w, https:\/\/maybommini.vn\/wp-content\/uploads\/2018\/09\/phun-xit-thuoc-tru-sau-bang-may-bom-ap-luc-mini-768x768.jpg 768w\" sizes=\"(max-width: 750px) 100vw, 750px\" \/><\/a><\/p>\n<p><strong>BA\u0301N B\u1ed8 M\u00c1Y B\u01a0M \u00c1P L\u1ef0C MINI<\/strong><br \/>\nChu\u0301ng t\u00f4i chuy\u00ean ba\u0301n ca\u0301c loa\u0323i ma\u0301y b\u01a1m va\u0300 phu\u0323 ki\u00ea\u0323n du\u0300ng v\u00ea\u0323 sinh ma\u0301y la\u0323nh gia \u0111i\u0300nh va\u0300 v\u00ea\u0323 sinh ma\u0301y la\u0323nh di\u0323ch vu\u0323 tr\u00ean toa\u0300n qu\u00f4\u0301c v\u01a1\u0301i ch\u00e2\u0301t l\u01b0\u01a1\u0323ng cao uy ti\u0301n ba\u0309o ha\u0300nh toa\u0300n qu\u00f4\u0301c.<br \/>\n<strong>Website:<\/strong>\u00a0<a href=\"https:\/\/maybommini.com\" target=\"_blank\" rel=\"noopener\">https:\/\/maybommini.com<\/a><br \/>\n<strong>Email:<\/strong> maybommini.com@gmail.com<br \/>\n<strong>Tel Zalo:<\/strong>\u00a0<a href=\"tel:02873030399\">02873030399<\/a> &#8211; <a href=\"tel:0907294310\">0907294310<\/a><\/p>\n<h3 style=\"text-align: center;\"><strong>M\u00e1y b\u01a1m \u00e1p l\u1ef1c 12V 200W 16L WZ-200A Smartpumps<br \/>\n<\/strong>High Pressure Washer, Car Washer, Garden Cleaning Tools, Garage Tools<\/h3>\n","protected":false},"excerpt":{"rendered":"<p>Th\u01b0\u01a1ng hi\u1ec7u: Smartpumps<br \/>\nModel: WZ-200A<br \/>\n\u0110i\u1ec7n th\u1ebf: 12V DC<br \/>\nC\u00f4ng su\u1ea5t: 200W<br \/>\nL\u01b0u l\u01b0\u1ee3ng: 10 &#8211; 16 L\/P<br \/>\n\u00c1p l\u1ef1c: 2 &#8211; 3 Mpa<br \/>\n\u1ed0ng n\u01b0\u1edbc ra: ren 13 mm<br \/>\n\u1ed0ng n\u01b0\u1edbc v\u00e0o: 17 mm<br \/>\nL\u1ecdc n\u01b0\u1edbc mini \u0111\u1ea7u v\u00e0o.<br \/>\nV\u00f2i phun x\u1ecbt c\u00f3 ch\u1ec9nh tia.<br \/>\n\u1ed0ng n\u01b0\u1edbc c\u1ea5p 17mm 2 m\u00e9t.<br \/>\n\u1ed0ng n\u01b0\u1edbc h\u1ed3i 2 m\u00e9t.<br \/>\nT\u1ef1 h\u00fat n\u01b0\u1edbc kh\u00f4ng c\u1ea7n m\u1ed3i.<br \/>\nC\u00f4ng t\u1eafc On Off.<br \/>\nM\u00e1y b\u01a1m c\u00f3 ch\u1ec9nh \u00e1p.<br \/>\n\u0110\u1ed3ng h\u1ed3 \u0111i \u00e1p l\u1ef1c.<br \/>\nMotor d\u00e2y \u0111\u1ed3ng cao c\u1ea5p.<br \/>\nMotor ch\u1ed5i than lo\u1ea1i m\u1edbi si\u00eau b\u1ec1n.<br \/>\n\u0110\u1ea7u b\u01a1m c\u00f4ng ngh\u1ec7 m\u1edbi.<br \/>\nK\u00edch th\u01b0\u1edbc: 30 x 18 x 18 cm<br \/>\nTr\u1ecdng l\u01b0\u1ee3ng: 7 Kg<br \/>\n<strong>H\u00f4\u0309 tr\u01a1\u0323 ky\u0303 thu\u00e2\u0323t vi\u0303nh vi\u00ea\u0303n.<\/strong><br \/>\n<strong>B\u1ea3o h\u00e0nh: 6 th\u00e1ng<\/strong><br \/>\n<strong>Ph\u00e2n ph\u1ed1i: Maybommini.com<\/strong><\/p>\n","protected":false},"featured_media":267960,"comment_status":"open","ping_status":"closed","template":"","meta":[],"product_brand":[],"product_cat":[197,196,224,225,364,2667],"product_tag":[3477,3475,2456,2473,3474,2922,2923,2341,3479,2457,275,239,314,2340,723,2344,3478,3476,1478,1481],"class_list":{"0":"post-267952","1":"product","2":"type-product","3":"status-publish","4":"has-post-thumbnail","6":"product_cat-may-bom-ap-luc-12v","7":"product_cat-may-bom-ap-luc-mini","8":"product_cat-may-bom-nuoc","9":"product_cat-may-bom-nuoc-mini-12v","10":"product_cat-may-bom-ap-luc-cao","11":"product_cat-may-xit-rua-ap-luc-cao-12v","12":"product_tag-12v-200w","13":"product_tag-bo-may-bom-ap-luc-mini","14":"product_tag-bo-may-bom-mini","15":"product_tag-bo-may-rua-xe-ap-luc-mini","16":"product_tag-bo-rua-xe","17":"product_tag-bo-xit-rua-ap-luc-mini","18":"product_tag-bom-may-bom-ac-quy-12v","19":"product_tag-box-ve-sinh-may-lanh","20":"product_tag-high-pressure-washer","21":"product_tag-may-bom-ac-quy","22":"product_tag-mini","23":"product_tag-rua-may-lanh","24":"product_tag-smart-pumps","25":"product_tag-thung-may-bom-ap-luc","26":"product_tag-ve-sinh","27":"product_tag-ve-sinh-dieu-hoa","28":"product_tag-water-pump-diaphragm","29":"product_tag-wz-200a","30":"product_tag-xit-ap-luc","31":"product_tag-xit-may-lanh","33":"first","34":"instock","35":"sale","36":"featured","37":"shipping-taxable","38":"purchasable","39":"product-type-simple"},"_links":{"self":[{"href":"https:\/\/maybommini.vn\/index.php?rest_route=\/wp\/v2\/product\/267952","targetHints":{"allow":["GET"]}}],"collection":[{"href":"https:\/\/maybommini.vn\/index.php?rest_route=\/wp\/v2\/product"}],"about":[{"href":"https:\/\/maybommini.vn\/index.php?rest_route=\/wp\/v2\/types\/product"}],"replies":[{"embeddable":true,"href":"https:\/\/maybommini.vn\/index.php?rest_route=%2Fwp%2Fv2%2Fcomments&post=267952"}],"wp:featuredmedia":[{"embeddable":true,"href":"https:\/\/maybommini.vn\/index.php?rest_route=\/wp\/v2\/media\/267960"}],"wp:attachment":[{"href":"https:\/\/maybommini.vn\/index.php?rest_route=%2Fwp%2Fv2%2Fmedia&parent=267952"}],"wp:term":[{"taxonomy":"product_brand","embeddable":true,"href":"https:\/\/maybommini.vn\/index.php?rest_route=%2Fwp%2Fv2%2Fproduct_brand&post=267952"},{"taxonomy":"product_cat","embeddable":true,"href":"https:\/\/maybommini.vn\/index.php?rest_route=%2Fwp%2Fv2%2Fproduct_cat&post=267952"},{"taxonomy":"product_tag","embeddable":true,"href":"https:\/\/maybommini.vn\/index.php?rest_route=%2Fwp%2Fv2%2Fproduct_tag&post=267952"}],"curies":[{"name":"wp","href":"https:\/\/api.w.org\/{rel}","templated":true}]}}