{"id":268861,"date":"2021-06-22T17:55:38","date_gmt":"2021-06-22T10:55:38","guid":{"rendered":"https:\/\/maybommini.com\/?post_type=product&#038;p=268861"},"modified":"2023-11-11T09:57:37","modified_gmt":"2023-11-11T02:57:37","slug":"may-bom-chim-220v-2500l-45w-eb-555-tu-dong","status":"publish","type":"product","link":"https:\/\/maybommini.vn\/?product=may-bom-chim-220v-2500l-45w-eb-555-tu-dong","title":{"rendered":"M\u00e1y b\u01a1m ch\u00ecm 220V 2500L 45W EB-555 t\u1ef1 \u0111\u1ed9ng"},"content":{"rendered":"<h3><strong>B\u00e1n m\u00e1y b\u01a1m ch\u00ecm 220V 2500L 45W EB-555 ho\u1eb7c XL-555 t\u1ef1 \u0111\u1ed9ng l\u00e0 lo\u1ea1i m\u00e1y b\u01a1m chuy\u00ean d\u1ee5ng cho qu\u1ea1t h\u01a1i n\u01b0\u1edbc, b\u01a1m c\u1ea5p n\u01b0\u1edbc n\u01b0\u1edbc, b\u01a1m ch\u1ea5t th\u1ea3i, h\u1ed3 c\u00e1, m\u00e1y b\u01a1m h\u00f2n non b\u1ed9, m\u00e1y b\u01a1m \u0111\u00e0i phun n\u01b0\u1edbc. M\u00e1y c\u00f3 phao c\u00f4ng t\u1eaft t\u1ef1 \u0111\u1ed9ng khi c\u1ea1n n\u01b0\u1edbc r\u1ea5t an to\u00e0n v\u00e0 th\u00f4ng minh.<\/strong><\/h3>\n<p><strong><a href=\"https:\/\/maybommini.com\/wp-content\/uploads\/2021\/06\/may-bom-chim-tu-dong-220v-45w-EB-555.jpg\" target=\"_blank\" rel=\"noopener\"><img decoding=\"async\" class=\"size-full wp-image-268864 aligncenter\" src=\"https:\/\/maybommini.com\/wp-content\/uploads\/2021\/06\/may-bom-chim-tu-dong-220v-45w-EB-555.jpg\" alt=\"May Bom Chim Tu Dong 220v 45w EB 555\" width=\"750\" height=\"750\" srcset=\"https:\/\/maybommini.vn\/wp-content\/uploads\/2021\/06\/may-bom-chim-tu-dong-220v-45w-EB-555.jpg 750w, https:\/\/maybommini.vn\/wp-content\/uploads\/2021\/06\/may-bom-chim-tu-dong-220v-45w-EB-555-300x300.jpg 300w, https:\/\/maybommini.vn\/wp-content\/uploads\/2021\/06\/may-bom-chim-tu-dong-220v-45w-EB-555-150x150.jpg 150w, https:\/\/maybommini.vn\/wp-content\/uploads\/2021\/06\/may-bom-chim-tu-dong-220v-45w-EB-555-600x600.jpg 600w\" sizes=\"(max-width: 750px) 100vw, 750px\" \/><\/a><\/strong><\/p>\n<p style=\"text-align: center;\"><iframe title=\"YouTube video player\" src=\"https:\/\/www.youtube.com\/embed\/ctneQGfOvrw?si=yqSDK1cWOaPmRQoc\" width=\"560\" height=\"315\" frameborder=\"0\" allowfullscreen=\"allowfullscreen\"><\/iframe><\/p>\n<p><strong>TH\u00d4NG S\u00d4\u0301 KY\u0303 THU\u00c2\u0323T<\/strong><br \/>\nModel: EB-555 \/ XL-555<br \/>\n\u0110i\u1ec7n \u00e1p: 220V AC<br \/>\nC\u00f4ng su\u1ea5t: 45W<br \/>\nL\u01b0u l\u01b0\u1ee3ng: 2500L\/gi\u1edd<br \/>\nB\u01a1m cao: 2.5 m\u00e9t<br \/>\nPhao c\u00f4ng t\u1eaft t\u1ef1 \u0111\u1ed9ng.<br \/>\nTh\u1ea3 ch\u00ecm s\u00e2u kh\u00f4ng qu\u00e1 0.5 m\u00e9t.<br \/>\n\u0110\u01b0\u1eddng k\u00ednh \u1ed1ng ra: 19 mm<br \/>\nK\u00edch th\u01b0\u1edbc: 15,5 * 11,5 * 9.5 cm<br \/>\nTro\u0323ng l\u01b0\u01a1\u0323ng: 0.9 Kg<br \/>\nCh\u00e2\u0301t li\u00ea\u0323u: Nh\u01b0\u0323a ABS &#8211; L\u00f5i \u0111\u00f4\u0300ng 100%<br \/>\nC\u00f4ng ngh\u00ea\u0323 ch\u00f4\u0301ng n\u01b0\u01a1\u0301c cao c\u1ea5p.<br \/>\nCha\u0323y \u0111\u01b0\u01a1\u0323c 24\/24.<\/p>\n<p><a href=\"https:\/\/maybommini.com\/wp-content\/uploads\/2021\/06\/may-bom-quat-hoi-nuoc-tu-dong-220v.jpg\" target=\"_blank\" rel=\"noopener\"><img decoding=\"async\" class=\"size-full wp-image-268865 aligncenter\" src=\"https:\/\/maybommini.com\/wp-content\/uploads\/2021\/06\/may-bom-quat-hoi-nuoc-tu-dong-220v.jpg\" alt=\"May Bom Quat Hoi Nuoc Tu Dong 220v\" width=\"750\" height=\"750\" srcset=\"https:\/\/maybommini.vn\/wp-content\/uploads\/2021\/06\/may-bom-quat-hoi-nuoc-tu-dong-220v.jpg 750w, https:\/\/maybommini.vn\/wp-content\/uploads\/2021\/06\/may-bom-quat-hoi-nuoc-tu-dong-220v-300x300.jpg 300w, https:\/\/maybommini.vn\/wp-content\/uploads\/2021\/06\/may-bom-quat-hoi-nuoc-tu-dong-220v-150x150.jpg 150w, https:\/\/maybommini.vn\/wp-content\/uploads\/2021\/06\/may-bom-quat-hoi-nuoc-tu-dong-220v-600x600.jpg 600w\" sizes=\"(max-width: 750px) 100vw, 750px\" \/><\/a><a href=\"https:\/\/maybommini.com\/wp-content\/uploads\/2021\/06\/ban-may-bom-quat-hoi-nuoc-tu-dong-chinh-hang.jpg\" target=\"_blank\" rel=\"noopener\"><img decoding=\"async\" class=\"size-full wp-image-268863 aligncenter\" src=\"https:\/\/maybommini.com\/wp-content\/uploads\/2021\/06\/ban-may-bom-quat-hoi-nuoc-tu-dong-chinh-hang.jpg\" alt=\"Ban May Bom Quat Hoi Nuoc Tu Dong Chinh Hang\" width=\"750\" height=\"750\" srcset=\"https:\/\/maybommini.vn\/wp-content\/uploads\/2021\/06\/ban-may-bom-quat-hoi-nuoc-tu-dong-chinh-hang.jpg 750w, https:\/\/maybommini.vn\/wp-content\/uploads\/2021\/06\/ban-may-bom-quat-hoi-nuoc-tu-dong-chinh-hang-300x300.jpg 300w, https:\/\/maybommini.vn\/wp-content\/uploads\/2021\/06\/ban-may-bom-quat-hoi-nuoc-tu-dong-chinh-hang-150x150.jpg 150w, https:\/\/maybommini.vn\/wp-content\/uploads\/2021\/06\/ban-may-bom-quat-hoi-nuoc-tu-dong-chinh-hang-600x600.jpg 600w\" sizes=\"(max-width: 750px) 100vw, 750px\" \/><\/a><a href=\"https:\/\/maybommini.com\/wp-content\/uploads\/2021\/06\/may-bom-tha-chim-tu-dong-EB-555.jpg\" target=\"_blank\" rel=\"noopener\"><img decoding=\"async\" class=\"size-full wp-image-268866 aligncenter\" src=\"https:\/\/maybommini.com\/wp-content\/uploads\/2021\/06\/may-bom-tha-chim-tu-dong-EB-555.jpg\" alt=\"May Bom Tha Chim Tu Dong EB 555\" width=\"750\" height=\"750\" srcset=\"https:\/\/maybommini.vn\/wp-content\/uploads\/2021\/06\/may-bom-tha-chim-tu-dong-EB-555.jpg 750w, https:\/\/maybommini.vn\/wp-content\/uploads\/2021\/06\/may-bom-tha-chim-tu-dong-EB-555-300x300.jpg 300w, https:\/\/maybommini.vn\/wp-content\/uploads\/2021\/06\/may-bom-tha-chim-tu-dong-EB-555-150x150.jpg 150w, https:\/\/maybommini.vn\/wp-content\/uploads\/2021\/06\/may-bom-tha-chim-tu-dong-EB-555-600x600.jpg 600w\" sizes=\"(max-width: 750px) 100vw, 750px\" \/><\/a><br \/>\n<strong>H\u01af\u1edaNG D\u1eaaN S\u1eec D\u1ee4NG M\u00c1Y B\u01a0M CH\u00ccM<br \/>\n<\/strong>S\u1eed d\u1ee5ng th\u1ea3 ch\u00ecm m\u00e1y b\u01a1m ho\u00e0n to\u00e0n trong n\u01b0\u1edbc.<br \/>\nKh\u00f4ng ch\u1ea1y m\u00e1y b\u01a1m kh\u00f4 b\u00ean ngo\u00e0i kh\u00f4ng c\u00f3 n\u01b0\u1edbc l\u00e0m ch\u00e1y motor.<br \/>\nM\u00e1y b\u01a1m kh\u00f4ng th\u1ea3 ch\u00ecm s\u00e2u qu\u00e1 0.5 met.<br \/>\nS\u1eed d\u1ee5ng ngu\u1ed3n \u0111i\u1ec7n AC 220V.<br \/>\nPhao c\u00f4ng t\u1eaft t\u1ef1 \u0111\u1ed9ng ng\u1eaft \u0111i\u1ec7n khi c\u1ea1n n\u01b0\u1edbc.<br \/>\nKh\u00f4ng s\u1eed d\u1ee5ng b\u01a1m ch\u1ea5t l\u00f5ng c\u00f3 t\u1ea1p ch\u1ea5t.<br \/>\nKh\u00f4ng s\u1eed d\u1ee5ng b\u01a1m h\u00f3a ch\u1ea5t, axit, \u2026 h\u00f3a ch\u1ea5t \u0103n m\u00f2n.<br \/>\nKh\u00f4ng b\u00e1o h\u00e0nh ch\u00e1y n\u1ed5, h\u01b0 b\u1ec3 \u2026.<\/p>\n<p><a href=\"https:\/\/maybommini.com\/wp-content\/uploads\/2021\/06\/auto-pumps-220v-EB-555.jpg\" target=\"_blank\" rel=\"noopener\"><img decoding=\"async\" class=\"size-full wp-image-268862 aligncenter\" src=\"https:\/\/maybommini.com\/wp-content\/uploads\/2021\/06\/auto-pumps-220v-EB-555.jpg\" alt=\"Auto Pumps 220v EB 555\" width=\"750\" height=\"750\" srcset=\"https:\/\/maybommini.vn\/wp-content\/uploads\/2021\/06\/auto-pumps-220v-EB-555.jpg 750w, https:\/\/maybommini.vn\/wp-content\/uploads\/2021\/06\/auto-pumps-220v-EB-555-300x300.jpg 300w, https:\/\/maybommini.vn\/wp-content\/uploads\/2021\/06\/auto-pumps-220v-EB-555-150x150.jpg 150w, https:\/\/maybommini.vn\/wp-content\/uploads\/2021\/06\/auto-pumps-220v-EB-555-600x600.jpg 600w\" sizes=\"(max-width: 750px) 100vw, 750px\" \/><\/a><\/p>\n<p><strong>\u1ee8NG D\u1ee4NG M\u00c1Y B\u01a0M CH\u00ccM T\u1ef0 \u0110\u1ed8NG<br \/>\n<\/strong>M\u00e1y b\u01a1m cho qu\u1ea1t h\u01a1i n\u01b0\u1edbc.<br \/>\nB\u01a1m cho m\u00e1y qu\u1ea1t h\u01a1i n\u01b0\u1edbc l\u00e0m m\u00e1t.<br \/>\nD\u00f9ng b\u01a1m c\u1ea5p n\u01b0\u1edbc n\u01b0\u1edbc s\u1ea1ch.<br \/>\nD\u00f9ng b\u01a1m n\u01b0\u1edbc h\u1ed3 c\u00e1, ch\u1ea5t th\u1ea3i h\u1ed3 c\u00e1.<br \/>\nB\u01a1m n\u01b0\u1edbc h\u1ed3 c\u00e1, th\u00e1c n\u01b0\u1edbc, th\u1ee7y canh.<br \/>\nB\u01a1m h\u00f2n non b\u1ed9 mini.<br \/>\nB\u01a1m n\u01b0\u1edbc \u0111\u00e0i phun n\u01b0\u1edbc.<br \/>\nB\u01a1m lo\u0323c n\u01b0\u01a1\u0301c h\u00f4\u0300 ca\u0300 thu\u0309y sinh.<br \/>\nMa\u0301y b\u01a1m n\u01b0\u01a1\u0301c thu\u0309y canh.<br \/>\nB\u01a1m h\u00ea\u0323 th\u00f4\u0301ng cung c\u00e2\u0301p n\u01b0\u01a1\u0301c.<br \/>\nB\u01a1m n\u01b0\u01a1\u0301c ng\u00e2\u0323p m\u01b0a lu\u0303.<br \/>\nCha\u0323y \u0111\u01b0\u01a1\u0323c 24\/24<\/p>\n<p><strong><a href=\"https:\/\/maybommini.com\/wp-content\/uploads\/2020\/09\/may-bom-loi-dong-cao-cap-220v.jpg\" target=\"_blank\" rel=\"noopener\"><img decoding=\"async\" class=\"size-full wp-image-267253 aligncenter\" src=\"https:\/\/maybommini.com\/wp-content\/uploads\/2020\/09\/may-bom-loi-dong-cao-cap-220v.jpg\" alt=\"May Bom Loi Dong Cao Cap 220v\" width=\"750\" height=\"750\" srcset=\"https:\/\/maybommini.vn\/wp-content\/uploads\/2020\/09\/may-bom-loi-dong-cao-cap-220v.jpg 750w, https:\/\/maybommini.vn\/wp-content\/uploads\/2020\/09\/may-bom-loi-dong-cao-cap-220v-300x300.jpg 300w, https:\/\/maybommini.vn\/wp-content\/uploads\/2020\/09\/may-bom-loi-dong-cao-cap-220v-150x150.jpg 150w, https:\/\/maybommini.vn\/wp-content\/uploads\/2020\/09\/may-bom-loi-dong-cao-cap-220v-600x600.jpg 600w\" sizes=\"(max-width: 750px) 100vw, 750px\" \/><\/a>MUA M\u00c1Y B\u01a0M QU\u1ea0T H\u01a0I N\u01af\u1edaC<\/strong><strong>\u00a0<\/strong><strong>\u1ede \u0110\u00c2U ?<br \/>\n<\/strong>M\u1ecdi chi ti\u1ebft vui l\u00f2ng li\u00ean h\u1ec7 tr\u1ef1c ti\u1ebfp cho ch\u00fang t\u00f4i \u0111\u1ec3 \u0111\u01b0\u1ee3c t\u01b0 v\u1ea5n theo nhu c\u1ea7u \u0111\u1ec3 c\u00f3 \u0111\u01b0\u1ee3c b\u1ed9 s\u1ea3n ph\u1ea9m t\u1ed1t nh\u1ea5t v\u00e0 ti\u1ebft ki\u1ec7m.\u00a0B\u1ea1n \u1edf xa v\u1eabn c\u00f3 th\u1ec3 mua h\u00e0ng v\u00e0 giao h\u00e0ng <a title=\"thanh to\u00e1n\" href=\"http:\/\/maybommini.com\/thanh-toan\" target=\"_blank\" rel=\"noopener\">thanh to\u00e1n<\/a> ti\u1ec1n t\u1ea1i nh\u00e0.<br \/>\n<strong>Email :<\/strong> maybommini.com@gmail.com<br \/>\n<strong>Website :<\/strong> <a href=\"https:\/\/maybommini.com\" target=\"_blank\" rel=\"noopener noreferrer\">https:\/\/maybommini.com<\/a><br \/>\n<strong>Facebook :<\/strong> <a href=\"https:\/\/www.facebook.com\/maybommini\" target=\"_blank\" rel=\"noopener noreferrer\">https:\/\/www.facebook.com\/maybommini<\/a><br \/>\n<strong>Google :<\/strong> <a href=\"https:\/\/plus.google.com\/ Maybomnuocminiruaxe\" target=\"_blank\" rel=\"noopener noreferrer\">https:\/\/plus.google.com\/ Maybomnuocminiruaxe<\/a><br \/>\n<strong>Youtube demo :<\/strong> https:\/\/www.youtube.com\/bahamasali<\/p>\n<h3 style=\"text-align: center;\"><strong>M\u00e1y b\u01a1m ch\u00ecm 220V 2500L 45W EB-555 t\u1ef1 \u0111\u1ed9ng<br \/>\n<a href=\"https:\/\/maybommini.com\/san-pham\/may-bom-chim-220v-2500l-45w-eb-555\" target=\"_blank\" rel=\"noopener noreferrer\">M\u00e1y b\u01a1m ch\u00ecm 220V 2500L 45W EB-555<\/a><br \/>\nM\u00c1Y B\u01a0M CHO QU\u1ea0T H\u01a0I N\u01af\u1edaC<br \/>\nAUTU PUMPS 220V 45W 2500L\u00a0<\/strong><\/h3>\n","protected":false},"excerpt":{"rendered":"<p>Model: EB-555<br \/>\n\u0110i\u1ec7n \u00e1p: 220V AC<br \/>\nC\u00f4ng su\u1ea5t: 45W<br \/>\nL\u01b0u l\u01b0\u1ee3ng: 2500L\/gi\u1edd<br \/>\nB\u01a1m cao: 2.5 m\u00e9t<br \/>\nPhao c\u00f4ng t\u1eaft t\u1ef1 \u0111\u1ed9ng khi c\u1ea1n n\u01b0\u1edbc.<br \/>\nTh\u1ea3 ch\u00ecm s\u00e2u kh\u00f4ng qu\u00e1 0.5 m\u00e9t.<br \/>\n\u0110\u01b0\u1eddng k\u00ednh \u1ed1ng ra: 19 mm<br \/>\nK\u00edch th\u01b0\u1edbc: 15,5 * 11,5 * 9.5 cm<br \/>\nTro\u0323ng l\u01b0\u01a1\u0323ng: 0.9 Kg<br \/>\nCh\u00e2\u0301t li\u00ea\u0323u: Nh\u01b0\u0323a ABS &#8211; L\u00f5i \u0111\u00f4\u0300ng 100%<br \/>\nC\u00f4ng ngh\u00ea\u0323 ch\u00f4\u0301ng n\u01b0\u01a1\u0301c cao c\u1ea5p.<br \/>\nCha\u0323y \u0111\u01b0\u01a1\u0323c 24\/24.<br \/>\nB\u1ea3o h\u00e0nh: 3 th\u00e1ng<br \/>\n<strong>Tel: 0907294310<\/strong><\/p>\n","protected":false},"featured_media":268864,"comment_status":"open","ping_status":"closed","template":"","meta":[],"product_brand":[],"product_cat":[775,381,613,1119],"product_tag":[500,2299,3498,384,385,2302,705,2300,3499,628,2298,629,206,630,389,2301,849],"class_list":{"0":"post-268861","1":"product","2":"type-product","3":"status-publish","4":"has-post-thumbnail","6":"product_cat-may-bom-chim-220v","7":"product_cat-may-bom-chim","8":"product_cat-may-bom-ho-ca","9":"product_cat-may-bom-nuoc-thai","10":"product_tag-220v","11":"product_tag-2500l","12":"product_tag-auto-pumps","13":"product_tag-bom","14":"product_tag-bom-12v-dc","15":"product_tag-bom-cap-nuoc-may-quat","16":"product_tag-bom-chim","17":"product_tag-bom-may-quat-hoi-nuoc","18":"product_tag-chom-quat-hoi-nuoc","19":"product_tag-dai-phun-nuoc","20":"product_tag-eb-555","21":"product_tag-hon-non-bo","22":"product_tag-may-bom-12v","23":"product_tag-may-bom-220v","24":"product_tag-may-bom-chim","25":"product_tag-may-bom-quat-nuoc","26":"product_tag-may-bom-tu-dong","28":"first","29":"instock","30":"sale","31":"shipping-taxable","32":"purchasable","33":"product-type-simple"},"_links":{"self":[{"href":"https:\/\/maybommini.vn\/index.php?rest_route=\/wp\/v2\/product\/268861","targetHints":{"allow":["GET"]}}],"collection":[{"href":"https:\/\/maybommini.vn\/index.php?rest_route=\/wp\/v2\/product"}],"about":[{"href":"https:\/\/maybommini.vn\/index.php?rest_route=\/wp\/v2\/types\/product"}],"replies":[{"embeddable":true,"href":"https:\/\/maybommini.vn\/index.php?rest_route=%2Fwp%2Fv2%2Fcomments&post=268861"}],"wp:featuredmedia":[{"embeddable":true,"href":"https:\/\/maybommini.vn\/index.php?rest_route=\/wp\/v2\/media\/268864"}],"wp:attachment":[{"href":"https:\/\/maybommini.vn\/index.php?rest_route=%2Fwp%2Fv2%2Fmedia&parent=268861"}],"wp:term":[{"taxonomy":"product_brand","embeddable":true,"href":"https:\/\/maybommini.vn\/index.php?rest_route=%2Fwp%2Fv2%2Fproduct_brand&post=268861"},{"taxonomy":"product_cat","embeddable":true,"href":"https:\/\/maybommini.vn\/index.php?rest_route=%2Fwp%2Fv2%2Fproduct_cat&post=268861"},{"taxonomy":"product_tag","embeddable":true,"href":"https:\/\/maybommini.vn\/index.php?rest_route=%2Fwp%2Fv2%2Fproduct_tag&post=268861"}],"curies":[{"name":"wp","href":"https:\/\/api.w.org\/{rel}","templated":true}]}}