{"id":270444,"date":"2022-06-28T13:55:50","date_gmt":"2022-06-28T06:55:50","guid":{"rendered":"https:\/\/maybommini.com\/?post_type=product&#038;p=270444"},"modified":"2022-06-28T14:15:50","modified_gmt":"2022-06-28T07:15:50","slug":"bo-nguon-da-nang-0-60v-5a-dps605u-wanptek","status":"publish","type":"product","link":"https:\/\/maybommini.vn\/?product=bo-nguon-da-nang-0-60v-5a-dps605u-wanptek","title":{"rendered":"B\u1ed9 ngu\u1ed3n \u0111a n\u0103ng 0-60V 5A DPS605U Wanptek"},"content":{"rendered":"<p><strong>B\u00e1n b\u1ed9 ngu\u1ed3n \u0111a n\u0103ng 0-60V 5A DPS605U Wanptek cao c\u1ea5p ch\u1ea5t l\u01b0\u1ee3ng ch\u00ednh h\u00e3ng gi\u00e1 t\u1ed1t. \u0110\u00e2y l\u00e0 ngu\u1ed3n \u0111i\u1ec7n bi\u1ebfn th\u1ebf t\u1eeb \u0111i\u1ec7n AC220V ho\u1eb7c AC110V ra \u0111i\u1ec7n DC c\u00f3 th\u1ec3 \u0111i\u1ec1u ch\u1ec9nh t\u1eeb 0V \u0111\u1ebfn 60V v\u1edbi c\u00f4ng su\u1ea5t t\u1ed1i \u0111a 5A 300W r\u1ea5t ti\u1ec7n l\u1ee3i ph\u00f9 h\u1ee3p cho nhi\u1ec1u m\u1ee5c \u0111\u00edch kh\u00e1c nhau, d\u00f9ng l\u00e0m ngu\u1ed3n \u0111i\u1ec7n cho thi\u1ebft b\u1ecb, ngu\u1ed3n \u0111i\u1ec7n cho k\u1ef9 s\u01b0 \u0111i\u1ec7n t\u1eed, ngu\u1ed3n \u0111i\u1ec7n th\u1eed nghi\u1ec7m test thi\u1ebft b\u1ecb, s\u1ea1c pin b\u00ecnh \u1eafc quy v\u00e0 nhi\u1ec1u \u1ee9ng d\u1ee5ng kh\u00e1c.<\/strong><\/p>\n<p><strong><a href=\"https:\/\/maybommini.com\/wp-content\/uploads\/2022\/06\/Nguon-dien-da-nang-cao-cap-60V-5A-DPS605U-WANPTEK.jpg\" target=\"_blank\" rel=\"noopener\"><img decoding=\"async\" class=\"size-full wp-image-270445 aligncenter\" src=\"https:\/\/maybommini.com\/wp-content\/uploads\/2022\/06\/Nguon-dien-da-nang-cao-cap-60V-5A-DPS605U-WANPTEK.jpg\" alt=\"Nguon Dien Da Nang Cao Cap 60V 5A DPS605U WANPTEK\" width=\"750\" height=\"750\" srcset=\"https:\/\/maybommini.vn\/wp-content\/uploads\/2022\/06\/Nguon-dien-da-nang-cao-cap-60V-5A-DPS605U-WANPTEK.jpg 750w, https:\/\/maybommini.vn\/wp-content\/uploads\/2022\/06\/Nguon-dien-da-nang-cao-cap-60V-5A-DPS605U-WANPTEK-300x300.jpg 300w, https:\/\/maybommini.vn\/wp-content\/uploads\/2022\/06\/Nguon-dien-da-nang-cao-cap-60V-5A-DPS605U-WANPTEK-150x150.jpg 150w, https:\/\/maybommini.vn\/wp-content\/uploads\/2022\/06\/Nguon-dien-da-nang-cao-cap-60V-5A-DPS605U-WANPTEK-600x600.jpg 600w\" sizes=\"(max-width: 750px) 100vw, 750px\" \/><\/a>TH\u00d4NG S\u1ed0 K\u1ef8 THU\u1eacT<\/strong><br \/>\nTh\u01b0\u01a1ng hi\u1ec7u: Wanptek<br \/>\nModel: DPS605U<br \/>\n\u0110i\u1ec7n \u00e1p v\u00e0o: 220V\/110V AC 50Hz<br \/>\n\u0110i\u1ec7n \u00e1p ra: 0V &#8211; 60V DC \u0111i\u1ec1u ch\u1ec9nh.<br \/>\nC\u00f4ng su\u1ea5t t\u1ed1i \u0111a: 5A &#8211; 300W \u0111i\u1ec1u ch\u1ec9nh.<br \/>\nC\u1ed5ng USB: C\u00f3<br \/>\nCh\u1ed1ng qu\u00e1 t\u1ea3i.<br \/>\nCh\u1ed1ng ch\u1eadp m\u1ea1ch.<br \/>\nM\u00e0n h\u00ecnh LED hi\u1ec3n th\u1ecb th\u00f4ng s\u1ed1.<br \/>\n\u0110\u00e8n LED b\u00e1o.<br \/>\nN\u00fat \u0111i\u1ec1u ch\u00ecnh Vont, Ampe.<br \/>\nQu\u1ea1t t\u1ea3n nhi\u1ec7t.<br \/>\nC\u00e1p ngu\u1ed3n AC.<br \/>\nC\u00e1p ngu\u1ed3n DC.<br \/>\nK\u00edch th\u01b0\u1edbc: 230 x 70 x 130 mm<br \/>\nTr\u1ecdng l\u01b0\u1ee3ng: 2.5 Kg<\/p>\n<p><strong><a href=\"https:\/\/maybommini.com\/wp-content\/uploads\/2022\/06\/phan-phoi-nguon-da-nang-wanptek-DPS605U-gia-re.jpg\" target=\"_blank\" rel=\"noopener\"><img decoding=\"async\" class=\"size-full wp-image-270446 aligncenter\" src=\"https:\/\/maybommini.com\/wp-content\/uploads\/2022\/06\/phan-phoi-nguon-da-nang-wanptek-DPS605U-gia-re.jpg\" alt=\"Phan Phoi Nguon Da Nang Wanptek DPS605U Gia Re\" width=\"750\" height=\"750\" srcset=\"https:\/\/maybommini.vn\/wp-content\/uploads\/2022\/06\/phan-phoi-nguon-da-nang-wanptek-DPS605U-gia-re.jpg 750w, https:\/\/maybommini.vn\/wp-content\/uploads\/2022\/06\/phan-phoi-nguon-da-nang-wanptek-DPS605U-gia-re-300x300.jpg 300w, https:\/\/maybommini.vn\/wp-content\/uploads\/2022\/06\/phan-phoi-nguon-da-nang-wanptek-DPS605U-gia-re-150x150.jpg 150w, https:\/\/maybommini.vn\/wp-content\/uploads\/2022\/06\/phan-phoi-nguon-da-nang-wanptek-DPS605U-gia-re-600x600.jpg 600w\" sizes=\"(max-width: 750px) 100vw, 750px\" \/><\/a><a href=\"https:\/\/maybommini.com\/wp-content\/uploads\/2022\/06\/thong-so-chuc-nang-nguon-da-nang-60V-5A-USB-DPS605U-WANPTEK.jpg\" target=\"_blank\" rel=\"noopener\"><img decoding=\"async\" class=\"size-full wp-image-270449 aligncenter\" src=\"https:\/\/maybommini.com\/wp-content\/uploads\/2022\/06\/thong-so-chuc-nang-nguon-da-nang-60V-5A-USB-DPS605U-WANPTEK.jpg\" alt=\"Thong So Chuc Nang Nguon Da Nang 60V 5A USB DPS605U WANPTEK\" width=\"750\" height=\"750\" srcset=\"https:\/\/maybommini.vn\/wp-content\/uploads\/2022\/06\/thong-so-chuc-nang-nguon-da-nang-60V-5A-USB-DPS605U-WANPTEK.jpg 750w, https:\/\/maybommini.vn\/wp-content\/uploads\/2022\/06\/thong-so-chuc-nang-nguon-da-nang-60V-5A-USB-DPS605U-WANPTEK-300x300.jpg 300w, https:\/\/maybommini.vn\/wp-content\/uploads\/2022\/06\/thong-so-chuc-nang-nguon-da-nang-60V-5A-USB-DPS605U-WANPTEK-150x150.jpg 150w, https:\/\/maybommini.vn\/wp-content\/uploads\/2022\/06\/thong-so-chuc-nang-nguon-da-nang-60V-5A-USB-DPS605U-WANPTEK-600x600.jpg 600w\" sizes=\"(max-width: 750px) 100vw, 750px\" \/><\/a><a href=\"https:\/\/maybommini.com\/wp-content\/uploads\/2022\/06\/tinh-nang-nguon-da-nang-Wanptek-chinh-hang.jpg\" target=\"_blank\" rel=\"noopener\"><img decoding=\"async\" class=\"size-full wp-image-270450 aligncenter\" src=\"https:\/\/maybommini.com\/wp-content\/uploads\/2022\/06\/tinh-nang-nguon-da-nang-Wanptek-chinh-hang.jpg\" alt=\"Tinh Nang Nguon Da Nang Wanptek Chinh Hang\" width=\"750\" height=\"750\" srcset=\"https:\/\/maybommini.vn\/wp-content\/uploads\/2022\/06\/tinh-nang-nguon-da-nang-Wanptek-chinh-hang.jpg 750w, https:\/\/maybommini.vn\/wp-content\/uploads\/2022\/06\/tinh-nang-nguon-da-nang-Wanptek-chinh-hang-300x300.jpg 300w, https:\/\/maybommini.vn\/wp-content\/uploads\/2022\/06\/tinh-nang-nguon-da-nang-Wanptek-chinh-hang-150x150.jpg 150w, https:\/\/maybommini.vn\/wp-content\/uploads\/2022\/06\/tinh-nang-nguon-da-nang-Wanptek-chinh-hang-600x600.jpg 600w\" sizes=\"(max-width: 750px) 100vw, 750px\" \/><\/a><a href=\"https:\/\/maybommini.com\/wp-content\/uploads\/2022\/06\/quat-lam-mat-cho-nguon-da-nang.jpg\" target=\"_blank\" rel=\"noopener\"><img decoding=\"async\" class=\"size-full wp-image-270447 aligncenter\" src=\"https:\/\/maybommini.com\/wp-content\/uploads\/2022\/06\/quat-lam-mat-cho-nguon-da-nang.jpg\" alt=\"Quat Lam Mat Cho Nguon Da Nang\" width=\"750\" height=\"750\" srcset=\"https:\/\/maybommini.vn\/wp-content\/uploads\/2022\/06\/quat-lam-mat-cho-nguon-da-nang.jpg 750w, https:\/\/maybommini.vn\/wp-content\/uploads\/2022\/06\/quat-lam-mat-cho-nguon-da-nang-300x300.jpg 300w, https:\/\/maybommini.vn\/wp-content\/uploads\/2022\/06\/quat-lam-mat-cho-nguon-da-nang-150x150.jpg 150w, https:\/\/maybommini.vn\/wp-content\/uploads\/2022\/06\/quat-lam-mat-cho-nguon-da-nang-600x600.jpg 600w\" sizes=\"(max-width: 750px) 100vw, 750px\" \/><\/a><a href=\"https:\/\/maybommini.com\/wp-content\/uploads\/2022\/06\/bo-mach-nguon-da-nang-Wanptek-DPS305U-1.jpg\" target=\"_blank\" rel=\"noopener\"><img decoding=\"async\" class=\"size-full wp-image-270451 aligncenter\" src=\"https:\/\/maybommini.com\/wp-content\/uploads\/2022\/06\/bo-mach-nguon-da-nang-Wanptek-DPS305U-1.jpg\" alt=\"Bo Mach Nguon Da Nang Wanptek DPS305U\" width=\"750\" height=\"750\" srcset=\"https:\/\/maybommini.vn\/wp-content\/uploads\/2022\/06\/bo-mach-nguon-da-nang-Wanptek-DPS305U-1.jpg 750w, https:\/\/maybommini.vn\/wp-content\/uploads\/2022\/06\/bo-mach-nguon-da-nang-Wanptek-DPS305U-1-300x300.jpg 300w, https:\/\/maybommini.vn\/wp-content\/uploads\/2022\/06\/bo-mach-nguon-da-nang-Wanptek-DPS305U-1-150x150.jpg 150w, https:\/\/maybommini.vn\/wp-content\/uploads\/2022\/06\/bo-mach-nguon-da-nang-Wanptek-DPS305U-1-600x600.jpg 600w\" sizes=\"(max-width: 750px) 100vw, 750px\" \/><\/a><a href=\"https:\/\/maybommini.com\/wp-content\/uploads\/2022\/06\/hoat-dong-nguon-da-nang-wanptek.jpg\" target=\"_blank\" rel=\"noopener\"><img decoding=\"async\" class=\"size-full wp-image-270452 aligncenter\" src=\"https:\/\/maybommini.com\/wp-content\/uploads\/2022\/06\/hoat-dong-nguon-da-nang-wanptek.jpg\" alt=\"Hoat Dong Nguon Da Nang Wanptek\" width=\"750\" height=\"750\" srcset=\"https:\/\/maybommini.vn\/wp-content\/uploads\/2022\/06\/hoat-dong-nguon-da-nang-wanptek.jpg 750w, https:\/\/maybommini.vn\/wp-content\/uploads\/2022\/06\/hoat-dong-nguon-da-nang-wanptek-300x300.jpg 300w, https:\/\/maybommini.vn\/wp-content\/uploads\/2022\/06\/hoat-dong-nguon-da-nang-wanptek-150x150.jpg 150w, https:\/\/maybommini.vn\/wp-content\/uploads\/2022\/06\/hoat-dong-nguon-da-nang-wanptek-600x600.jpg 600w\" sizes=\"(max-width: 750px) 100vw, 750px\" \/><\/a><a href=\"https:\/\/maybommini.com\/wp-content\/uploads\/2022\/06\/mat-phia-sau-nguon-da-nang-Wanptek.jpg\" target=\"_blank\" rel=\"noopener\"><img decoding=\"async\" class=\"size-full wp-image-270453 aligncenter\" src=\"https:\/\/maybommini.com\/wp-content\/uploads\/2022\/06\/mat-phia-sau-nguon-da-nang-Wanptek.jpg\" alt=\"Mat Phia Sau Nguon Da Nang Wanptek\" width=\"750\" height=\"750\" srcset=\"https:\/\/maybommini.vn\/wp-content\/uploads\/2022\/06\/mat-phia-sau-nguon-da-nang-Wanptek.jpg 750w, https:\/\/maybommini.vn\/wp-content\/uploads\/2022\/06\/mat-phia-sau-nguon-da-nang-Wanptek-300x300.jpg 300w, https:\/\/maybommini.vn\/wp-content\/uploads\/2022\/06\/mat-phia-sau-nguon-da-nang-Wanptek-150x150.jpg 150w, https:\/\/maybommini.vn\/wp-content\/uploads\/2022\/06\/mat-phia-sau-nguon-da-nang-Wanptek-600x600.jpg 600w\" sizes=\"(max-width: 750px) 100vw, 750px\" \/><\/a><a href=\"https:\/\/maybommini.com\/wp-content\/uploads\/2022\/06\/vo-nguon-dien-da-nang.jpg\" target=\"_blank\" rel=\"noopener\"><img decoding=\"async\" class=\"size-full wp-image-270420 aligncenter\" src=\"https:\/\/maybommini.com\/wp-content\/uploads\/2022\/06\/vo-nguon-dien-da-nang.jpg\" alt=\"Vo Nguon Dien Da Nang\" width=\"750\" height=\"750\" srcset=\"https:\/\/maybommini.vn\/wp-content\/uploads\/2022\/06\/vo-nguon-dien-da-nang.jpg 750w, https:\/\/maybommini.vn\/wp-content\/uploads\/2022\/06\/vo-nguon-dien-da-nang-300x300.jpg 300w, https:\/\/maybommini.vn\/wp-content\/uploads\/2022\/06\/vo-nguon-dien-da-nang-150x150.jpg 150w, https:\/\/maybommini.vn\/wp-content\/uploads\/2022\/06\/vo-nguon-dien-da-nang-600x600.jpg 600w\" sizes=\"(max-width: 750px) 100vw, 750px\" \/><\/a><a href=\"https:\/\/maybommini.com\/wp-content\/uploads\/2022\/06\/bien-dien-bien-the-da-nang-AC-to-DC.jpg\" target=\"_blank\" rel=\"noopener\"><img decoding=\"async\" class=\"size-full wp-image-270421 aligncenter\" src=\"https:\/\/maybommini.com\/wp-content\/uploads\/2022\/06\/bien-dien-bien-the-da-nang-AC-to-DC.jpg\" alt=\"Bien Dien Bien The Da Nang AC To DC\" width=\"750\" height=\"750\" srcset=\"https:\/\/maybommini.vn\/wp-content\/uploads\/2022\/06\/bien-dien-bien-the-da-nang-AC-to-DC.jpg 750w, https:\/\/maybommini.vn\/wp-content\/uploads\/2022\/06\/bien-dien-bien-the-da-nang-AC-to-DC-300x300.jpg 300w, https:\/\/maybommini.vn\/wp-content\/uploads\/2022\/06\/bien-dien-bien-the-da-nang-AC-to-DC-150x150.jpg 150w, https:\/\/maybommini.vn\/wp-content\/uploads\/2022\/06\/bien-dien-bien-the-da-nang-AC-to-DC-600x600.jpg 600w\" sizes=\"(max-width: 750px) 100vw, 750px\" \/><\/a><a href=\"https:\/\/maybommini.com\/wp-content\/uploads\/2022\/06\/phu-kien-nguon-dien-da-nang.jpg\" target=\"_blank\" rel=\"noopener\"><img decoding=\"async\" class=\"size-full wp-image-270418 aligncenter\" src=\"https:\/\/maybommini.com\/wp-content\/uploads\/2022\/06\/phu-kien-nguon-dien-da-nang.jpg\" alt=\"Phu Kien Nguon Dien Da Nang\" width=\"750\" height=\"750\" srcset=\"https:\/\/maybommini.vn\/wp-content\/uploads\/2022\/06\/phu-kien-nguon-dien-da-nang.jpg 750w, https:\/\/maybommini.vn\/wp-content\/uploads\/2022\/06\/phu-kien-nguon-dien-da-nang-300x300.jpg 300w, https:\/\/maybommini.vn\/wp-content\/uploads\/2022\/06\/phu-kien-nguon-dien-da-nang-150x150.jpg 150w, https:\/\/maybommini.vn\/wp-content\/uploads\/2022\/06\/phu-kien-nguon-dien-da-nang-600x600.jpg 600w\" sizes=\"(max-width: 750px) 100vw, 750px\" \/><\/a><br \/>\nS\u1eec D\u1ee4NG NGU\u1ed2N \u0110I\u1ec6N \u0110A N\u0102NG WANPTEK<\/strong><br \/>\nS\u1eed d\u1ee5ng l\u00e0m ngu\u1ed3n \u0111i\u1ec7n bi\u1ebfn th\u1ebf AC qua DC.<br \/>\nNgu\u1ed3n \u0111i\u1ec7n cho thi\u1ebft b\u1ecb DC t\u1eeb 0V \u0111\u1ebfn 60V.<br \/>\nB\u1ed9 c\u1ea5p ngu\u1ed3n \u0111a n\u0103ng c\u00f3 th\u1ec1 \u0111i\u1ec1u ch\u1ec9nh \u0111\u01b0\u1ee3c cho th\u1ee3 \u0111i\u1ec7n t\u1eed.<br \/>\nB\u1ed9 ngu\u1ed3n \u0111a n\u0103ng DC cho ng\u01b0\u1eddi kh\u00f4ng chuy\u1ec7n v\u1ec1 \u0111i\u1ec7n.<br \/>\nB\u1ed9 c\u1ea5p ngu\u1ed3n cho ph\u00f2ng th\u00ed nghi\u1ec7m ph\u00f2ng Lab.<br \/>\nNgu\u1ed3n \u0111i\u1ec7n DC cho d\u1ee5ng c\u1ee5 \u0111i\u1ec7n.<br \/>\nB\u1ed9 s\u1ea1c \u0111i\u1ec7n tho\u1ea1i \u0111a n\u0103ng cho k\u1ef9 thu\u1eadt vi\u00ean s\u1eeda \u0111i\u1ec7n tho\u1ea1i.<br \/>\nB\u1ed9 s\u1ea1c \u0111a n\u0103ng cho c\u00e1c lo\u1ea1i pin s\u1ea1c, b\u00ecnh \u1eafc quy, s\u1ea1c pin s\u1eaft LifePo4&#8230;<\/p>\n<p><a href=\"https:\/\/maybommini.com\/wp-content\/uploads\/2022\/06\/su-dung-nguon-da-nang-Wanptek.jpg\" target=\"_blank\" rel=\"noopener\"><img decoding=\"async\" class=\"size-full wp-image-270419 aligncenter\" src=\"https:\/\/maybommini.com\/wp-content\/uploads\/2022\/06\/su-dung-nguon-da-nang-Wanptek.jpg\" alt=\"Su Dung Nguon Da Nang Wanptek\" width=\"750\" height=\"750\" srcset=\"https:\/\/maybommini.vn\/wp-content\/uploads\/2022\/06\/su-dung-nguon-da-nang-Wanptek.jpg 750w, https:\/\/maybommini.vn\/wp-content\/uploads\/2022\/06\/su-dung-nguon-da-nang-Wanptek-300x300.jpg 300w, https:\/\/maybommini.vn\/wp-content\/uploads\/2022\/06\/su-dung-nguon-da-nang-Wanptek-150x150.jpg 150w, https:\/\/maybommini.vn\/wp-content\/uploads\/2022\/06\/su-dung-nguon-da-nang-Wanptek-600x600.jpg 600w\" sizes=\"(max-width: 750px) 100vw, 750px\" \/><\/a><br \/>\n<strong>CHUY\u00caN CUNG C\u1ea4P PH\u00c2N PH\u1ed0I C\u00c1C LO\u1ea0I NGU\u1ed2N \u0110I\u1ec6N \u0110A N\u0102NG &#8211; ADAPTOR &#8211; NGU\u1ed2N T\u1ed4 ONG.<\/strong><br \/>\nM\u1ecdi chi ti\u1ebft vui l\u00f2ng li\u00ean h\u1ec7 tr\u1ef1c ti\u1ebfp cho ch\u00fang t\u00f4i \u0111\u1ec3 \u0111\u01b0\u1ee3c t\u01b0 v\u1ea5n theo nhu c\u1ea7u \u0111\u1ec3 c\u00f3 \u0111\u01b0\u1ee3c b\u1ed9 s\u1ea3n ph\u1ea9m t\u1ed1t nh\u1ea5t v\u00e0 ti\u1ebft ki\u1ec7m. B\u1ea1n \u1edf xa v\u1eabn c\u00f3 th\u1ec3 mua h\u00e0ng v\u00e0 giao h\u00e0ng thanh to\u00e1n ti\u1ec1n t\u1ea1i nh\u00e0.<br \/>\n<strong>Tel\/Zalo:\u00a0<\/strong><a href=\"tel:02873030399\">02873030399<\/a>\u00a0\u2013\u00a0<a href=\"tel:09072944310\">09072944310<\/a><strong><br \/>\nWebsite:<\/strong>\u00a0<a href=\"https:\/\/maybommini.com\/\" target=\"_blank\" rel=\"noopener\">https:\/\/maybommini.com<\/a><br \/>\n<strong>Email:<\/strong>\u00a0maybommini.com@gmail.com<\/p>\n<h1 class=\"product_title wd-entities-title\" style=\"text-align: center;\"><a title=\"B\u1ed9 ngu\u1ed3n \u0111a n\u0103ng\" href=\"https:\/\/maybommini.com\/san-pham\/bo-nguon-da-nang-0-30v-6a-nps306w-wanptek\" target=\"_blank\" rel=\"noopener\">B\u1ed9 ngu\u1ed3n \u0111a n\u0103ng 0-30V 6A NPS306W Wanptek<\/a><br \/>\n<a title=\"B\u1ed9 ngu\u1ed3n \u0111a n\u0103ng\" href=\"https:\/\/maybommini.com\/san-pham\/bo-nguon-da-nang-0-30v-5a-dps305u-wanptek\" target=\"_blank\" rel=\"noopener\"><strong>B\u1ed9 ngu\u1ed3n \u0111a n\u0103ng 0-30V 5A DPS305U Wanptek<br \/>\n<\/strong><\/a>B\u1ed9 ngu\u1ed3n \u0111a n\u0103ng 0V-60V 5A NPS605U Wanptek<\/h1>\n","protected":false},"excerpt":{"rendered":"<p>Th\u01b0\u01a1ng hi\u1ec7u: Wanptek<br \/>\nModel: DPS605U<br \/>\n\u0110i\u1ec7n \u00e1p v\u00e0o: 220V\/110V AC 50Hz<br \/>\n\u0110i\u1ec7n \u00e1p ra: 0V &#8211; 60V DC \u0111i\u1ec1u ch\u1ec9nh.<br \/>\nC\u00f4ng su\u1ea5t t\u1ed1i \u0111a: 5A &#8211; 300W \u0111i\u1ec1u ch\u1ec9nh.<br \/>\nC\u1ed5ng USB: C\u00f3<br \/>\nCh\u1ed1ng qu\u00e1 t\u1ea3i.<br \/>\nCh\u1ed1ng ch\u1eadp m\u1ea1ch.<br \/>\nM\u00e0n h\u00ecnh LED hi\u1ec3n th\u1ecb th\u00f4ng s\u1ed1.<br \/>\n\u0110\u00e8n LED b\u00e1o.<br \/>\nN\u00fat \u0111i\u1ec1u ch\u00ecnh Vont, Ampe.<br \/>\nQu\u1ea1t t\u1ea3n nhi\u1ec7t.<br \/>\nC\u00e1p ngu\u1ed3n AC.<br \/>\nC\u00e1p ngu\u1ed3n DC.<br \/>\nK\u00edch th\u01b0\u1edbc: 230 x 70 x 130 mm<br \/>\nTr\u1ecdng l\u01b0\u1ee3ng: 2.5 Kg<br \/>\nB\u1ea3o h\u00e0nh: 3 th\u00e1ng<\/p>\n","protected":false},"featured_media":270445,"comment_status":"open","ping_status":"closed","template":"","meta":[],"product_brand":[],"product_cat":[3132],"product_tag":[945,1559,3612,3607,3610,3605,3611,3613,576,3606,3609,3608],"class_list":{"0":"post-270444","1":"product","2":"type-product","3":"status-publish","4":"has-post-thumbnail","6":"product_cat-nguon-dien-bien-the-adapter","7":"product_tag-150w","8":"product_tag-180w","9":"product_tag-300w","10":"product_tag-bien-the-ac-dc","11":"product_tag-bo-nguon-30v","12":"product_tag-bo-nguon-da-nang","13":"product_tag-dps305u","14":"product_tag-dps605u","15":"product_tag-nguon-dien","16":"product_tag-nguon-da-nang","17":"product_tag-nps306w","18":"product_tag-wanptek","20":"first","21":"instock","22":"sale","23":"shipping-taxable","24":"purchasable","25":"product-type-simple"},"_links":{"self":[{"href":"https:\/\/maybommini.vn\/index.php?rest_route=\/wp\/v2\/product\/270444","targetHints":{"allow":["GET"]}}],"collection":[{"href":"https:\/\/maybommini.vn\/index.php?rest_route=\/wp\/v2\/product"}],"about":[{"href":"https:\/\/maybommini.vn\/index.php?rest_route=\/wp\/v2\/types\/product"}],"replies":[{"embeddable":true,"href":"https:\/\/maybommini.vn\/index.php?rest_route=%2Fwp%2Fv2%2Fcomments&post=270444"}],"wp:featuredmedia":[{"embeddable":true,"href":"https:\/\/maybommini.vn\/index.php?rest_route=\/wp\/v2\/media\/270445"}],"wp:attachment":[{"href":"https:\/\/maybommini.vn\/index.php?rest_route=%2Fwp%2Fv2%2Fmedia&parent=270444"}],"wp:term":[{"taxonomy":"product_brand","embeddable":true,"href":"https:\/\/maybommini.vn\/index.php?rest_route=%2Fwp%2Fv2%2Fproduct_brand&post=270444"},{"taxonomy":"product_cat","embeddable":true,"href":"https:\/\/maybommini.vn\/index.php?rest_route=%2Fwp%2Fv2%2Fproduct_cat&post=270444"},{"taxonomy":"product_tag","embeddable":true,"href":"https:\/\/maybommini.vn\/index.php?rest_route=%2Fwp%2Fv2%2Fproduct_tag&post=270444"}],"curies":[{"name":"wp","href":"https:\/\/api.w.org\/{rel}","templated":true}]}}