{"id":270509,"date":"2022-07-11T14:02:27","date_gmt":"2022-07-11T07:02:27","guid":{"rendered":"https:\/\/maybommini.com\/?post_type=product&#038;p=270509"},"modified":"2024-03-24T06:14:16","modified_gmt":"2024-03-23T23:14:16","slug":"rulo-cuon-day-rua-xe-ap-luc-cao-tu-rut","status":"publish","type":"product","link":"https:\/\/maybommini.vn\/?product=rulo-cuon-day-rua-xe-ap-luc-cao-tu-rut","title":{"rendered":"Rulo cu\u1ed9n d\u00e2y r\u1eeda xe \u00e1p l\u1ef1c cao t\u1ef1 r\u00fat"},"content":{"rendered":"<p><strong>Chuy\u00ean cung c\u1ea5p ph\u00e2n ph\u1ed1i rulo cu\u1ed9n d\u00e2y r\u1eeda xe \u00e1p l\u1ef1c cao t\u1ef1 r\u00fat ti\u1ec7n l\u1ee3i gi\u00fap vi\u1ec7c r\u1eeda xe v\u1ec7 sinh nh\u00e0 c\u1eeda nhanh g\u1ecdn h\u01a1n. Rulo n\u00e0y ph\u00f9 h\u1ee3p c\u00e1c lo\u1ea1i d\u00e2y \u00e1p l\u1ef1c cao d\u00f9ng cho m\u00e1y r\u1eeda xe \u00e1p l\u1ef1c cao v\u00e0 m\u00e1y cao \u00e1p, cu\u1ed9n d\u00e2y c\u00f3 th\u1ec3 r\u00fat qu\u1ea5n t\u1ed1i \u0111a 25 m\u00e9t d\u00e2y.<\/strong><\/p>\n<p><strong><a href=\"https:\/\/maybommini.com\/wp-content\/uploads\/2022\/07\/Rulo-cuon-day-rua-xe-ap-luc-cao-tu-rut-25-met-day-chua-kem-day.jpg\" target=\"_blank\" rel=\"noopener\"><img decoding=\"async\" class=\"size-full wp-image-270563 aligncenter\" src=\"https:\/\/maybommini.com\/wp-content\/uploads\/2022\/07\/Rulo-cuon-day-rua-xe-ap-luc-cao-tu-rut-25-met-day-chua-kem-day.jpg\" alt=\"Rulo Cuon Day Rua Xe Ap Luc Cao Tu Rut 25 Met Day Chua Kem Day\" width=\"750\" height=\"750\" srcset=\"https:\/\/maybommini.vn\/wp-content\/uploads\/2022\/07\/Rulo-cuon-day-rua-xe-ap-luc-cao-tu-rut-25-met-day-chua-kem-day.jpg 750w, https:\/\/maybommini.vn\/wp-content\/uploads\/2022\/07\/Rulo-cuon-day-rua-xe-ap-luc-cao-tu-rut-25-met-day-chua-kem-day-300x300.jpg 300w, https:\/\/maybommini.vn\/wp-content\/uploads\/2022\/07\/Rulo-cuon-day-rua-xe-ap-luc-cao-tu-rut-25-met-day-chua-kem-day-150x150.jpg 150w, https:\/\/maybommini.vn\/wp-content\/uploads\/2022\/07\/Rulo-cuon-day-rua-xe-ap-luc-cao-tu-rut-25-met-day-chua-kem-day-600x600.jpg 600w\" sizes=\"(max-width: 750px) 100vw, 750px\" \/><\/a>TH\u00d4NG S\u1ed0 K\u1ef8 THU\u1eacT<\/strong><br \/>\nModel: PK-272<br \/>\nChi\u1ec1u d\u00e0i v\u00f2ng cu\u1ed9n: 25 m\u00e9t<br \/>\nLo\u1ea1i Rulo t\u1ef1 r\u00fat d\u00e2y.<br \/>\nCh\u1ea5t li\u1ec7u kim lo\u1ea1i th\u00e9p.<br \/>\n\u0110\u1ea7u ren k\u1ebft n\u1ed1i \u1ed1ng cao c\u1ea5p.<br \/>\nKh\u00f3a cu\u1ed9n cao c\u1ea5p.<br \/>\nK\u00edch th\u01b0\u1edbc: 175 x 430 x 410 mm<br \/>\nTr\u1ecdng l\u01b0\u1ee3ng: 17 kg<br \/>\n<em><strong>B\u1ed8 RULO CH\u01afA BAO G\u1ed2M \u1ed0NG \u00c1P L\u1ef0C<\/strong><\/em><\/p>\n<p><strong><a href=\"https:\/\/maybommini.com\/wp-content\/uploads\/2022\/07\/Rulo-cuon-day-rua-xe-ap-luc-cao-tu-rut-25-met-day-chua-kem-day.jpg\" target=\"_blank\" rel=\"noopener\"><img decoding=\"async\" class=\"size-full wp-image-270563 aligncenter\" src=\"https:\/\/maybommini.com\/wp-content\/uploads\/2022\/07\/Rulo-cuon-day-rua-xe-ap-luc-cao-tu-rut-25-met-day-chua-kem-day.jpg\" alt=\"Rulo Cuon Day Rua Xe Ap Luc Cao Tu Rut 25 Met Day Chua Kem Day\" width=\"750\" height=\"750\" srcset=\"https:\/\/maybommini.vn\/wp-content\/uploads\/2022\/07\/Rulo-cuon-day-rua-xe-ap-luc-cao-tu-rut-25-met-day-chua-kem-day.jpg 750w, https:\/\/maybommini.vn\/wp-content\/uploads\/2022\/07\/Rulo-cuon-day-rua-xe-ap-luc-cao-tu-rut-25-met-day-chua-kem-day-300x300.jpg 300w, https:\/\/maybommini.vn\/wp-content\/uploads\/2022\/07\/Rulo-cuon-day-rua-xe-ap-luc-cao-tu-rut-25-met-day-chua-kem-day-150x150.jpg 150w, https:\/\/maybommini.vn\/wp-content\/uploads\/2022\/07\/Rulo-cuon-day-rua-xe-ap-luc-cao-tu-rut-25-met-day-chua-kem-day-600x600.jpg 600w\" sizes=\"(max-width: 750px) 100vw, 750px\" \/><\/a><a href=\"https:\/\/maybommini.com\/wp-content\/uploads\/2022\/07\/kich-thuoc-rulo-ong-day-may-rua-xe-ap-luc-cao.jpg\" target=\"_blank\" rel=\"noopener\"><img decoding=\"async\" class=\"size-full wp-image-270561 aligncenter\" src=\"https:\/\/maybommini.com\/wp-content\/uploads\/2022\/07\/kich-thuoc-rulo-ong-day-may-rua-xe-ap-luc-cao.jpg\" alt=\"Kich Thuoc Rulo Ong Day May Rua Xe Ap Luc Cao\" width=\"750\" height=\"750\" srcset=\"https:\/\/maybommini.vn\/wp-content\/uploads\/2022\/07\/kich-thuoc-rulo-ong-day-may-rua-xe-ap-luc-cao.jpg 750w, https:\/\/maybommini.vn\/wp-content\/uploads\/2022\/07\/kich-thuoc-rulo-ong-day-may-rua-xe-ap-luc-cao-300x300.jpg 300w, https:\/\/maybommini.vn\/wp-content\/uploads\/2022\/07\/kich-thuoc-rulo-ong-day-may-rua-xe-ap-luc-cao-150x150.jpg 150w, https:\/\/maybommini.vn\/wp-content\/uploads\/2022\/07\/kich-thuoc-rulo-ong-day-may-rua-xe-ap-luc-cao-600x600.jpg 600w\" sizes=\"(max-width: 750px) 100vw, 750px\" \/><\/a><br \/>\nH\u01af\u1edaNG D\u1ea8N S\u1eee D\u1ee4NG RULO CU\u1ed8N D\u00c2Y R\u1eecA XE T\u1ef0 R\u00daT<br \/>\n<\/strong>&#8211; Qu\u1ea5n \u1ed1ng d\u00e2y \u00e1p l\u1ef1c cao v\u00e0o Rulo.<br \/>\n&#8211; S\u1eed d\u1ee5ng lo\u1ea1i d\u00e2y c\u00f3 \u0111\u01b0\u1eddng k\u00edn 17mm tr\u1edf xu\u1ed1ng.<br \/>\n&#8211; Chi\u1ec1u d\u00e0i \u1ed1ng c\u00f3 th\u1ec3 s\u1eed d\u1ee5ng t\u1eeb 15 \u0111\u1ebfn 25 m\u00e9t t\u00f9y theo \u0111\u01b0\u1eddng k\u00edn \u1ed1ng.<br \/>\n&#8211; K\u1ebft n\u1ed1i \u1ed1ng v\u00e0o tr\u1ee5c quay c\u1ee7a Rulo.<br \/>\n&#8211; K\u1ebft n\u1ed1i d\u00e2y tr\u1ee5c quay v\u00e0o m\u00e1y b\u01a1m ho\u1eb7c h\u1ec7 th\u1ed1ng c\u1ea5p n\u01b0\u1edbc.<\/p>\n<p><strong><a href=\"https:\/\/maybommini.com\/wp-content\/uploads\/2022\/07\/ban-rulo-ong-ap-luc-cao-rua-xe-chat-luong.jpg\" target=\"_blank\" rel=\"noopener\"><img decoding=\"async\" class=\"size-full wp-image-270560 aligncenter\" src=\"https:\/\/maybommini.com\/wp-content\/uploads\/2022\/07\/ban-rulo-ong-ap-luc-cao-rua-xe-chat-luong.jpg\" alt=\"Ban Rulo Ong Ap Luc Cao Rua Xe Chat Luong\" width=\"750\" height=\"750\" srcset=\"https:\/\/maybommini.vn\/wp-content\/uploads\/2022\/07\/ban-rulo-ong-ap-luc-cao-rua-xe-chat-luong.jpg 750w, https:\/\/maybommini.vn\/wp-content\/uploads\/2022\/07\/ban-rulo-ong-ap-luc-cao-rua-xe-chat-luong-300x300.jpg 300w, https:\/\/maybommini.vn\/wp-content\/uploads\/2022\/07\/ban-rulo-ong-ap-luc-cao-rua-xe-chat-luong-150x150.jpg 150w, https:\/\/maybommini.vn\/wp-content\/uploads\/2022\/07\/ban-rulo-ong-ap-luc-cao-rua-xe-chat-luong-600x600.jpg 600w\" sizes=\"(max-width: 750px) 100vw, 750px\" \/><\/a><a href=\"https:\/\/maybommini.com\/wp-content\/uploads\/2022\/07\/thong-so-ky-thuat-rulo-ong-ap-luc-cao.jpg\" target=\"_blank\" rel=\"noopener\"><img decoding=\"async\" class=\"size-full wp-image-270559 aligncenter\" src=\"https:\/\/maybommini.com\/wp-content\/uploads\/2022\/07\/thong-so-ky-thuat-rulo-ong-ap-luc-cao.jpg\" alt=\"Thong So Ky Thuat Rulo Ong Ap Luc Cao\" width=\"750\" height=\"750\" srcset=\"https:\/\/maybommini.vn\/wp-content\/uploads\/2022\/07\/thong-so-ky-thuat-rulo-ong-ap-luc-cao.jpg 750w, https:\/\/maybommini.vn\/wp-content\/uploads\/2022\/07\/thong-so-ky-thuat-rulo-ong-ap-luc-cao-300x300.jpg 300w, https:\/\/maybommini.vn\/wp-content\/uploads\/2022\/07\/thong-so-ky-thuat-rulo-ong-ap-luc-cao-150x150.jpg 150w, https:\/\/maybommini.vn\/wp-content\/uploads\/2022\/07\/thong-so-ky-thuat-rulo-ong-ap-luc-cao-600x600.jpg 600w\" sizes=\"(max-width: 750px) 100vw, 750px\" \/><\/a><\/strong><\/p>\n<p><strong>S\u1eec D\u1ee4NG RULO \u1ed0NG \u00c1P L\u1ef0C CAO T\u1ef0 R\u00daT<\/strong><br \/>\nD\u00f9ng t\u1ed1t cho c\u00e1c lo\u1ea1i d\u00e2y m\u00e1y r\u1eeda xe, d\u00e2y phun thu\u1ed1c tr\u1eeb s\u00e2u, d\u00e2y h\u01a1i kh\u00ed n\u00e9n v\u00e0 c\u00e1c lo\u1ea1i \u1ed1ng d\u00e2y \u00e1p l\u1ef1c cao kh\u00e1c.<\/p>\n<p><strong><a href=\"https:\/\/maybommini.com\/wp-content\/uploads\/2022\/07\/rulu-cuon-day-rua-xe-ap-luc-cao-chinh-hang-chat-luong.jpg\" target=\"_blank\" rel=\"noopener\"><img decoding=\"async\" class=\"size-full wp-image-270557 aligncenter\" src=\"https:\/\/maybommini.com\/wp-content\/uploads\/2022\/07\/rulu-cuon-day-rua-xe-ap-luc-cao-chinh-hang-chat-luong.jpg\" alt=\"Rulu Cuon Day Rua Xe Ap Luc Cao Chinh Hang Chat Luong\" width=\"750\" height=\"750\" srcset=\"https:\/\/maybommini.vn\/wp-content\/uploads\/2022\/07\/rulu-cuon-day-rua-xe-ap-luc-cao-chinh-hang-chat-luong.jpg 750w, https:\/\/maybommini.vn\/wp-content\/uploads\/2022\/07\/rulu-cuon-day-rua-xe-ap-luc-cao-chinh-hang-chat-luong-300x300.jpg 300w, https:\/\/maybommini.vn\/wp-content\/uploads\/2022\/07\/rulu-cuon-day-rua-xe-ap-luc-cao-chinh-hang-chat-luong-150x150.jpg 150w, https:\/\/maybommini.vn\/wp-content\/uploads\/2022\/07\/rulu-cuon-day-rua-xe-ap-luc-cao-chinh-hang-chat-luong-600x600.jpg 600w\" sizes=\"(max-width: 750px) 100vw, 750px\" \/><\/a><a href=\"https:\/\/maybommini.com\/wp-content\/uploads\/2022\/07\/su-dung-rulo-ong-day-rua-xe-ap-luc-cao.jpg\" target=\"_blank\" rel=\"noopener\"><img decoding=\"async\" class=\"size-full wp-image-270558 aligncenter\" src=\"https:\/\/maybommini.com\/wp-content\/uploads\/2022\/07\/su-dung-rulo-ong-day-rua-xe-ap-luc-cao.jpg\" alt=\"Su Dung Rulo Ong Day Rua Xe Ap Luc Cao\" width=\"750\" height=\"750\" srcset=\"https:\/\/maybommini.vn\/wp-content\/uploads\/2022\/07\/su-dung-rulo-ong-day-rua-xe-ap-luc-cao.jpg 750w, https:\/\/maybommini.vn\/wp-content\/uploads\/2022\/07\/su-dung-rulo-ong-day-rua-xe-ap-luc-cao-300x300.jpg 300w, https:\/\/maybommini.vn\/wp-content\/uploads\/2022\/07\/su-dung-rulo-ong-day-rua-xe-ap-luc-cao-150x150.jpg 150w, https:\/\/maybommini.vn\/wp-content\/uploads\/2022\/07\/su-dung-rulo-ong-day-rua-xe-ap-luc-cao-600x600.jpg 600w\" sizes=\"(max-width: 750px) 100vw, 750px\" \/><\/a><a href=\"https:\/\/maybommini.com\/wp-content\/uploads\/2022\/07\/rulo-cuon-day-tu-rut.jpg\" target=\"_blank\" rel=\"noopener\"><img decoding=\"async\" class=\"size-full wp-image-270564 aligncenter\" src=\"https:\/\/maybommini.com\/wp-content\/uploads\/2022\/07\/rulo-cuon-day-tu-rut.jpg\" alt=\"Rulo Cuon Day Tu Rut\" width=\"750\" height=\"750\" srcset=\"https:\/\/maybommini.vn\/wp-content\/uploads\/2022\/07\/rulo-cuon-day-tu-rut.jpg 750w, https:\/\/maybommini.vn\/wp-content\/uploads\/2022\/07\/rulo-cuon-day-tu-rut-300x300.jpg 300w, https:\/\/maybommini.vn\/wp-content\/uploads\/2022\/07\/rulo-cuon-day-tu-rut-150x150.jpg 150w, https:\/\/maybommini.vn\/wp-content\/uploads\/2022\/07\/rulo-cuon-day-tu-rut-600x600.jpg 600w\" sizes=\"(max-width: 750px) 100vw, 750px\" \/><\/a>MUA RULO CU\u1ed8N D\u00c2Y \u00c1P L\u1ef0C \u1ede \u0110\u00c2U ?<\/strong><br \/>\n<a href=\"https:\/\/maybommini.com\/\" target=\"_blank\" rel=\"noopener noreferrer\">MBM \u2013 MAYBOMMINI.COM<\/a> l\u00e0 nh\u00e0 cung c\u1ea5p c\u00e1c lo\u1ea1i rulo cho \u1ed1ng \u00e1p l\u1ef1c \u1ed1ng kh\u00ed n\u00e9n ch\u00ednh h\u00e3ng gi\u00e1 t\u1ed1t b\u1ea3o h\u00e0nh l\u00e2u d\u00e0i v\u00e0 kh\u00e1ch h\u00e0ng \u0111\u01b0\u1ee3c h\u1ed5 tr\u1ee3 k\u1ef9 thu\u1eadt tr\u1ecdn \u0111\u1eddi.<br \/>\nM\u1ecdi chi ti\u1ebft vui l\u00f2ng li\u00ean h\u1ec7 tr\u1ef1c ti\u1ebfp cho ch\u00fang t\u00f4i \u0111\u1ec3 \u0111\u01b0\u1ee3c t\u01b0 v\u1ea5n theo nhu c\u1ea7u \u0111\u1ec3 c\u00f3 \u0111\u01b0\u1ee3c b\u1ed9 s\u1ea3n ph\u1ea9m t\u1ed1t nh\u1ea5t v\u00e0 ti\u1ebft ki\u1ec7m. B\u1ea1n \u1edf xa v\u1eabn c\u00f3 th\u1ec3 mua h\u00e0ng v\u00e0 giao h\u00e0ng thanh to\u00e1n ti\u1ec1n t\u1ea1i nh\u00e0.<br \/>\n<strong>Tel\/Zalo:\u00a0<\/strong><a href=\"tel:02873030399\">02873030399<\/a>\u00a0\u2013\u00a0<a href=\"tel:09072944310\">09072944310<\/a><strong><br \/>\nWebsite:<\/strong>\u00a0<a href=\"https:\/\/maybommini.com\/\" target=\"_blank\" rel=\"noopener\">https:\/\/maybommini.com<\/a><br \/>\n<strong>Email:<\/strong>\u00a0maybommini.com@gmail.com<\/p>\n<h4 style=\"text-align: center;\">\u00a0Rulo cu\u1ed9n d\u00e2y r\u1eeda xe \u00e1p l\u1ef1c cao t\u1ef1 r\u00fat<br \/>\n<a title=\"Rulo cu\u1ed9n d\u00e2y r\u1eeda xe\" href=\"https:\/\/maybommini.com\/san-pham\/rulo-cuon-day-rua-xe-ap-luc-cao-tu-rut-kem-ong-ap-luc-25-met\" target=\"_blank\" rel=\"noopener\">Rulo cu\u1ed9n d\u00e2y r\u1eeda xe \u00e1p l\u1ef1c cao t\u1ef1 r\u00fat &#8211; c\u00f3 d\u00e2y \u00e1p l\u1ef1c 25 m\u00e9t<\/a><\/h4>\n<p><a href=\"https:\/\/maybommini.com\/wp-content\/uploads\/2022\/07\/thong-tin-lien-he-may-bom-mini.jpg\" target=\"_blank\" rel=\"noopener\"><img decoding=\"async\" class=\"size-full wp-image-270546\" src=\"https:\/\/maybommini.com\/wp-content\/uploads\/2022\/07\/thong-tin-lien-he-may-bom-mini.jpg\" alt=\"Thong Tin Lien He May Bom Mini\" width=\"750\" height=\"535\" \/><\/a><\/p>\n","protected":false},"excerpt":{"rendered":"<p>Model: PK-272<br \/>\nChi\u1ec1u d\u00e0i v\u00f2ng cu\u1ed9n: 25 m\u00e9t<br \/>\nLo\u1ea1i Rulo t\u1ef1 r\u00fat d\u00e2y.<br \/>\nCh\u1ea5t li\u1ec7u kim lo\u1ea1i th\u00e9p.<br \/>\n\u0110\u1ea7u ren k\u1ebft n\u1ed1i \u1ed1ng cao c\u1ea5p.<br \/>\nKh\u00f3a cu\u1ed9n cao c\u1ea5p.<br \/>\nK\u00edch th\u01b0\u1edbc: 175 x 430 x 410 mm<br \/>\nTr\u1ecdng l\u01b0\u1ee3ng: 17 kg<br \/>\n<em><strong>B\u1ed8 RULO CH\u01afA BAO G\u1ed2M \u1ed0NG \u00c1P L\u1ef0C<\/strong><\/em><\/p>\n","protected":false},"featured_media":270563,"comment_status":"open","ping_status":"closed","template":"","meta":[],"product_brand":[],"product_cat":[3200,3216,364,215],"product_tag":[3625,3624,3622,3626,3627,3623],"class_list":{"0":"post-270509","1":"product","2":"type-product","3":"status-publish","4":"has-post-thumbnail","6":"product_cat-may-bom-hoi-khi-nen","7":"product_cat-phu-kien-may-bom-khi-nen","8":"product_cat-may-bom-ap-luc-cao","9":"product_cat-phu-kien-xit-rua-ap-luc","10":"product_tag-cuon-day","11":"product_tag-rullo-ong-day","12":"product_tag-rulo","13":"product_tag-rulo-cuon-day","14":"product_tag-rulo-ong-ap-luc-cao","15":"product_tag-rulo-tu-rut","17":"first","18":"instock","19":"sale","20":"shipping-taxable","21":"purchasable","22":"product-type-simple"},"_links":{"self":[{"href":"https:\/\/maybommini.vn\/index.php?rest_route=\/wp\/v2\/product\/270509","targetHints":{"allow":["GET"]}}],"collection":[{"href":"https:\/\/maybommini.vn\/index.php?rest_route=\/wp\/v2\/product"}],"about":[{"href":"https:\/\/maybommini.vn\/index.php?rest_route=\/wp\/v2\/types\/product"}],"replies":[{"embeddable":true,"href":"https:\/\/maybommini.vn\/index.php?rest_route=%2Fwp%2Fv2%2Fcomments&post=270509"}],"wp:featuredmedia":[{"embeddable":true,"href":"https:\/\/maybommini.vn\/index.php?rest_route=\/wp\/v2\/media\/270563"}],"wp:attachment":[{"href":"https:\/\/maybommini.vn\/index.php?rest_route=%2Fwp%2Fv2%2Fmedia&parent=270509"}],"wp:term":[{"taxonomy":"product_brand","embeddable":true,"href":"https:\/\/maybommini.vn\/index.php?rest_route=%2Fwp%2Fv2%2Fproduct_brand&post=270509"},{"taxonomy":"product_cat","embeddable":true,"href":"https:\/\/maybommini.vn\/index.php?rest_route=%2Fwp%2Fv2%2Fproduct_cat&post=270509"},{"taxonomy":"product_tag","embeddable":true,"href":"https:\/\/maybommini.vn\/index.php?rest_route=%2Fwp%2Fv2%2Fproduct_tag&post=270509"}],"curies":[{"name":"wp","href":"https:\/\/api.w.org\/{rel}","templated":true}]}}