{"id":270534,"date":"2022-07-13T09:41:08","date_gmt":"2022-07-13T02:41:08","guid":{"rendered":"https:\/\/maybommini.com\/?post_type=product&#038;p=270534"},"modified":"2025-03-20T16:44:20","modified_gmt":"2025-03-20T09:44:20","slug":"binh-phun-xit-tru-sau-khu-khuan-tuoi-cay-bang-dien-12-lit-mitsuyama-tl-12d","status":"publish","type":"product","link":"https:\/\/maybommini.vn\/?product=binh-phun-xit-tru-sau-khu-khuan-tuoi-cay-bang-dien-12-lit-mitsuyama-tl-12d","title":{"rendered":"B\u00ecnh phun x\u1ecbt tr\u1eeb s\u00e2u kh\u1eed khu\u1ea9n t\u01b0\u1edbi c\u00e2y b\u1eb1ng \u0111i\u1ec7n 12 l\u00edt Mitsuyama TL-12D"},"content":{"rendered":"<h3>Ph\u00e2n ph\u1ed1i b\u00ecnh phun x\u1ecbt tr\u1eeb s\u00e2u kh\u1eed khu\u1ea9n t\u01b0\u1edbi c\u00e2y b\u1eb1ng \u0111i\u1ec7n 12 l\u00edt Mitsuyama TL-12D c\u00f4ng ngh\u1ec7 m\u1edbi \u0111\u1ea3 \u0111\u01b0\u1ee3c c\u1ea3i ti\u1ebfn ho\u00e0n thi\u1ec7n v\u00e0 m\u1ea1nh h\u01a1n. V\u1edbi b\u00ecnh ch\u1ee9a 12 l\u00edt nh\u1ecf g\u1ecdn nh\u1eb9 c\u00f4ng su\u1ea5t m\u00e1y b\u01a1m 60W v\u00e0 b\u00ecnh \u1eafc quy 8Ah th\u00ec b\u1ea1n c\u00f3 th\u1ec3 phun x\u1ecbt li\u00ean t\u1ee5c r\u1ea5t ti\u1ec7n l\u1ee3i. B\u00ecnh phun thu\u1ed1c tr\u1eeb s\u00e2u \u0111eo vai b\u1eb1n \u0111i\u1ec7n ch\u00ednh h\u00e3ng gi\u00e1 t\u1ed1t \u0111\u01b0\u1ee3c b\u1ea3o h\u00e0nh y\u00ean t\u00e2m s\u1eed d\u1ee5ng l\u00e2u d\u00e0i.<\/h3>\n<p><strong><a href=\"https:\/\/maybommini.com\/wp-content\/uploads\/2022\/07\/Binh-phun-thuoc-tru-sau-phun-khu-khuan-tuoi-cay-Mitsuyama-TL12D-12L.jpg\" target=\"_blank\" rel=\"noopener\"><img decoding=\"async\" class=\"size-full wp-image-270535 aligncenter\" src=\"https:\/\/maybommini.com\/wp-content\/uploads\/2022\/07\/Binh-phun-thuoc-tru-sau-phun-khu-khuan-tuoi-cay-Mitsuyama-TL12D-12L.jpg\" alt=\"Binh Phun Thuoc Tru Sau Phun Khu Khuan Tuoi Cay Mitsuyama TL12D 12L\" width=\"750\" height=\"750\" srcset=\"https:\/\/maybommini.vn\/wp-content\/uploads\/2022\/07\/Binh-phun-thuoc-tru-sau-phun-khu-khuan-tuoi-cay-Mitsuyama-TL12D-12L.jpg 750w, https:\/\/maybommini.vn\/wp-content\/uploads\/2022\/07\/Binh-phun-thuoc-tru-sau-phun-khu-khuan-tuoi-cay-Mitsuyama-TL12D-12L-300x300.jpg 300w, https:\/\/maybommini.vn\/wp-content\/uploads\/2022\/07\/Binh-phun-thuoc-tru-sau-phun-khu-khuan-tuoi-cay-Mitsuyama-TL12D-12L-150x150.jpg 150w, https:\/\/maybommini.vn\/wp-content\/uploads\/2022\/07\/Binh-phun-thuoc-tru-sau-phun-khu-khuan-tuoi-cay-Mitsuyama-TL12D-12L-600x600.jpg 600w\" sizes=\"(max-width: 750px) 100vw, 750px\" \/><\/a>TH\u00d4NG S\u1ed0 K\u1ef8 THU\u1eacT<\/strong><br \/>\nTh\u01b0\u01a1ng hi\u1ec7u: Mitsuyama<br \/>\nDung t\u00edch b\u00ecnh ch\u1ee9a: 12 l\u00edt.<br \/>\nM\u00e1y b\u01a1m \u00e1p l\u1ef1c: 12V 60W DC<br \/>\nB\u00ecnh \u1eafc quy: 12V 8Ah<br \/>\nC\u1ea7n phun d\u00e0i: 50 cm<br \/>\nB\u00e9c phun x\u1ecbt c\u00f3 th\u1ec3 \u0111i\u1ec1u ch\u00ecnh.<br \/>\nN\u00fat \u0111i\u1ec1u ch\u00ecnh t\u1ed1c \u0111\u1ed9 m\u00e1y b\u01a1m.<br \/>\nS\u1ea1c b\u00ecnh \u1eafc quy t\u1ef1 \u0111\u1ed9ng th\u00f4ng minh.<br \/>\nL\u1ecdc n\u01b0\u1edbc b\u00ecnh ch\u1ee9a.<br \/>\nCh\u1ea5t li\u1ec7u: Nh\u1ef1a &#8211; \u0110\u1ed3ng &#8211; Inox<br \/>\nK\u00edch th\u01b0\u1edbc: 42.5 x 45 x 21 cm<br \/>\nTr\u1ecdng l\u01b0\u1ee3ng: 5.5 kg<\/p>\n<p><a href=\"https:\/\/maybommini.com\/wp-content\/uploads\/2022\/07\/Binh-dien-phun-thuoc-sau-Mitsuyama-TL-12D.jpg\" target=\"_blank\" rel=\"noopener\"><img decoding=\"async\" class=\"size-full wp-image-270541 aligncenter\" src=\"https:\/\/maybommini.com\/wp-content\/uploads\/2022\/07\/Binh-dien-phun-thuoc-sau-Mitsuyama-TL-12D.jpg\" alt=\"Binh Dien Phun Thuoc Sau Mitsuyama TL 12D\" width=\"750\" height=\"750\" srcset=\"https:\/\/maybommini.vn\/wp-content\/uploads\/2022\/07\/Binh-dien-phun-thuoc-sau-Mitsuyama-TL-12D.jpg 750w, https:\/\/maybommini.vn\/wp-content\/uploads\/2022\/07\/Binh-dien-phun-thuoc-sau-Mitsuyama-TL-12D-300x300.jpg 300w, https:\/\/maybommini.vn\/wp-content\/uploads\/2022\/07\/Binh-dien-phun-thuoc-sau-Mitsuyama-TL-12D-150x150.jpg 150w, https:\/\/maybommini.vn\/wp-content\/uploads\/2022\/07\/Binh-dien-phun-thuoc-sau-Mitsuyama-TL-12D-600x600.jpg 600w\" sizes=\"(max-width: 750px) 100vw, 750px\" \/><\/a><a href=\"https:\/\/maybommini.com\/wp-content\/uploads\/2022\/07\/bo-phu-kien-binh-phun-thuoc-tru-sau-Mitsuyama.jpg\" target=\"_blank\" rel=\"noopener\"><img decoding=\"async\" class=\"size-full wp-image-270536 aligncenter\" src=\"https:\/\/maybommini.com\/wp-content\/uploads\/2022\/07\/bo-phu-kien-binh-phun-thuoc-tru-sau-Mitsuyama.jpg\" alt=\"Bo Phu Kien Binh Phun Thuoc Tru Sau Mitsuyama\" width=\"750\" height=\"750\" srcset=\"https:\/\/maybommini.vn\/wp-content\/uploads\/2022\/07\/bo-phu-kien-binh-phun-thuoc-tru-sau-Mitsuyama.jpg 750w, https:\/\/maybommini.vn\/wp-content\/uploads\/2022\/07\/bo-phu-kien-binh-phun-thuoc-tru-sau-Mitsuyama-300x300.jpg 300w, https:\/\/maybommini.vn\/wp-content\/uploads\/2022\/07\/bo-phu-kien-binh-phun-thuoc-tru-sau-Mitsuyama-150x150.jpg 150w, https:\/\/maybommini.vn\/wp-content\/uploads\/2022\/07\/bo-phu-kien-binh-phun-thuoc-tru-sau-Mitsuyama-600x600.jpg 600w\" sizes=\"(max-width: 750px) 100vw, 750px\" \/><\/a><a href=\"https:\/\/maybommini.com\/wp-content\/uploads\/2022\/07\/electric-sprayer-Mitsuyama-TL12D-12L.jpg\" target=\"_blank\" rel=\"noopener\"><img decoding=\"async\" class=\"size-full wp-image-270537 aligncenter\" src=\"https:\/\/maybommini.com\/wp-content\/uploads\/2022\/07\/electric-sprayer-Mitsuyama-TL12D-12L.jpg\" alt=\"Electric Sprayer Mitsuyama TL12D 12L\" width=\"750\" height=\"750\" srcset=\"https:\/\/maybommini.vn\/wp-content\/uploads\/2022\/07\/electric-sprayer-Mitsuyama-TL12D-12L.jpg 750w, https:\/\/maybommini.vn\/wp-content\/uploads\/2022\/07\/electric-sprayer-Mitsuyama-TL12D-12L-300x300.jpg 300w, https:\/\/maybommini.vn\/wp-content\/uploads\/2022\/07\/electric-sprayer-Mitsuyama-TL12D-12L-150x150.jpg 150w, https:\/\/maybommini.vn\/wp-content\/uploads\/2022\/07\/electric-sprayer-Mitsuyama-TL12D-12L-600x600.jpg 600w\" sizes=\"(max-width: 750px) 100vw, 750px\" \/><\/a><br \/>\n<strong>H\u01af\u1edaNG D\u1eaaN S\u1eec D\u1ee4NG B\u00ccNH \u0110I\u1ec6N PHUN THU\u1ed0C TR\u1eea S\u00c2U DI\u1ec6T KHU\u1ea8N<\/strong><br \/>\n&#8211; S\u1eed d\u1ee5ng b\u1ed9 s\u1ea1c k\u00e8m theo b\u00ecnh \u0111\u1ec3 s\u1ea1c \u0111i\u1ec7n cho \u1eafc quy th\u00f4ng qua c\u1ed5ng s\u1ea1c.<br \/>\n&#8211; \u1eaec quy \u0111\u1ea7y s\u1ebb t\u1ef1 ng\u1eaft \u0111i\u1ec7n th\u00f4ng minh.<br \/>\n&#8211; D\u00f9ng n\u01b0\u1edbc s\u1ea1ch kh\u00f4ng ch\u1ee9a t\u1ea1p ch\u1ea5t r\u00e1c v\u00e0 d\u00f9ng l\u1ecdc n\u01b0\u1edbc khi \u0111\u1ed5 \u0111\u1ea7y b\u00ecnh ch\u1ee9a.<br \/>\n&#8211; Pha lo\u00e3ng dung d\u1ecbch c\u1ea7n phun v\u00e0o n\u01b0\u1edbc khi cho v\u00e0o b\u00ecnh ch\u1ee9a.<br \/>\n&#8211; B\u1eadt n\u00fat ngu\u1ed3n tr\u00ean b\u00ecnh phun v\u00e0 n\u00fat \u0111i\u1ec1u ch\u1ec9nh t\u1ed1c \u0111\u1ed9 m\u00e1y b\u01a1m sao cho ph\u00f9 h\u1ee3p.<br \/>\n&#8211; Phun x\u1ecbt c\u1ea7n tu\u00e2n th\u1ee7 an to\u00e0n b\u1ea3o h\u1ed9 tr\u00e1nh \u1ea3nh h\u01b0\u1edfng s\u1ee9c kh\u1ecfe do h\u00f3a ch\u1ea5t.<br \/>\n&#8211; V\u1ec7 sinh b\u1eb1ng n\u01b0\u1edbc s\u1ea1ch sau khi phun x\u1ecbt h\u00f3a ch\u1ea5t, thu\u1ed1c tr\u1eeb s\u00e2u&#8230;<br \/>\n&#8211; S\u1ea1c \u0111\u1ea7y b\u00ecnh \u0111i\u1ec7n khi kh\u00f4ng phun x\u1ecbt \u0111\u1ec3 c\u1ea5t gi\u1eef tr\u00e1nh b\u1ecb h\u01b0 h\u1ecfng b\u00ecnh \u1eafc quy.<br \/>\n&#8211; \u0110\u1ec3 n\u01a1i kh\u00f4 r\u00e1o tho\u00e1ng m\u00e1t, tr\u00e1nh tr\u1ebb em.<\/p>\n<p><strong><a href=\"https:\/\/maybommini.com\/wp-content\/uploads\/2022\/07\/binh-phun-diet-khuan-sat-trung-12-lit.jpg\" target=\"_blank\" rel=\"noopener\"><img decoding=\"async\" class=\"size-full wp-image-270543 aligncenter\" src=\"https:\/\/maybommini.com\/wp-content\/uploads\/2022\/07\/binh-phun-diet-khuan-sat-trung-12-lit.jpg\" alt=\"Binh Phun Diet Khuan Sat Trung 12 Lit\" width=\"750\" height=\"750\" srcset=\"https:\/\/maybommini.vn\/wp-content\/uploads\/2022\/07\/binh-phun-diet-khuan-sat-trung-12-lit.jpg 750w, https:\/\/maybommini.vn\/wp-content\/uploads\/2022\/07\/binh-phun-diet-khuan-sat-trung-12-lit-300x300.jpg 300w, https:\/\/maybommini.vn\/wp-content\/uploads\/2022\/07\/binh-phun-diet-khuan-sat-trung-12-lit-150x150.jpg 150w, https:\/\/maybommini.vn\/wp-content\/uploads\/2022\/07\/binh-phun-diet-khuan-sat-trung-12-lit-600x600.jpg 600w\" sizes=\"(max-width: 750px) 100vw, 750px\" \/><\/a><a href=\"https:\/\/maybommini.com\/wp-content\/uploads\/2022\/07\/nut-nguon-cong-sac-tren-binh-phuoc-tru-sau-Mitsuyama-12L.jpg\" target=\"_blank\" rel=\"noopener\"><img decoding=\"async\" class=\"size-full wp-image-270538 aligncenter\" src=\"https:\/\/maybommini.com\/wp-content\/uploads\/2022\/07\/nut-nguon-cong-sac-tren-binh-phuoc-tru-sau-Mitsuyama-12L.jpg\" alt=\"Nut Nguon Cong Sac Tren Binh Phuoc Tru Sau Mitsuyama 12L\" width=\"750\" height=\"750\" srcset=\"https:\/\/maybommini.vn\/wp-content\/uploads\/2022\/07\/nut-nguon-cong-sac-tren-binh-phuoc-tru-sau-Mitsuyama-12L.jpg 750w, https:\/\/maybommini.vn\/wp-content\/uploads\/2022\/07\/nut-nguon-cong-sac-tren-binh-phuoc-tru-sau-Mitsuyama-12L-300x300.jpg 300w, https:\/\/maybommini.vn\/wp-content\/uploads\/2022\/07\/nut-nguon-cong-sac-tren-binh-phuoc-tru-sau-Mitsuyama-12L-150x150.jpg 150w, https:\/\/maybommini.vn\/wp-content\/uploads\/2022\/07\/nut-nguon-cong-sac-tren-binh-phuoc-tru-sau-Mitsuyama-12L-600x600.jpg 600w\" sizes=\"(max-width: 750px) 100vw, 750px\" \/><\/a><a href=\"https:\/\/maybommini.com\/wp-content\/uploads\/2022\/07\/Binh-phun-thuoc-tru-sau-phun-khu-khuan-tuoi-cay-Mitsuyama-TL12D-12L.jpg\" target=\"_blank\" rel=\"noopener\"><img decoding=\"async\" class=\"size-full wp-image-270535 aligncenter\" src=\"https:\/\/maybommini.com\/wp-content\/uploads\/2022\/07\/Binh-phun-thuoc-tru-sau-phun-khu-khuan-tuoi-cay-Mitsuyama-TL12D-12L.jpg\" alt=\"Binh Phun Thuoc Tru Sau Phun Khu Khuan Tuoi Cay Mitsuyama TL12D 12L\" width=\"750\" height=\"750\" srcset=\"https:\/\/maybommini.vn\/wp-content\/uploads\/2022\/07\/Binh-phun-thuoc-tru-sau-phun-khu-khuan-tuoi-cay-Mitsuyama-TL12D-12L.jpg 750w, https:\/\/maybommini.vn\/wp-content\/uploads\/2022\/07\/Binh-phun-thuoc-tru-sau-phun-khu-khuan-tuoi-cay-Mitsuyama-TL12D-12L-300x300.jpg 300w, https:\/\/maybommini.vn\/wp-content\/uploads\/2022\/07\/Binh-phun-thuoc-tru-sau-phun-khu-khuan-tuoi-cay-Mitsuyama-TL12D-12L-150x150.jpg 150w, https:\/\/maybommini.vn\/wp-content\/uploads\/2022\/07\/Binh-phun-thuoc-tru-sau-phun-khu-khuan-tuoi-cay-Mitsuyama-TL12D-12L-600x600.jpg 600w\" sizes=\"(max-width: 750px) 100vw, 750px\" \/><\/a><\/strong><\/p>\n<p><strong>S\u1eec D\u1ee4NG B\u00ccNH PHUN THU\u1ed0C B\u1eb0NG \u0110I\u1ec6N<\/strong><br \/>\n&#8211; S\u1eed d\u1ee5ng phun x\u1ecbt thu\u1ed1c tr\u1eeb s\u00e2u cho ru\u1ed9ng v\u01b0\u1eddn c\u00e2y \u0103n tr\u00e1i hoa m\u00e0u r\u1ea5t t\u1ed1t.<br \/>\n&#8211; Phun x\u1ecbt di\u1ec7t ru\u1ed3i mu\u1ed7i c\u00f4n tr\u00f9ng trong nh\u00e0, b\u1ec7nh bi\u1ec7n, qu\u00e1n \u0103n, v\u0103n ph\u00f2ng &#8230;<br \/>\n&#8211; Phun x\u1ecbt kh\u1eed khu\u1ea9n s\u00e1t tr\u00f9ng ch\u1ed1ng d\u1ecbch b\u1ec7nh.<br \/>\n&#8211; Phun t\u01b0\u1edbi c\u00e2y, l\u00e0m m\u00e1t cho v\u01b0\u1eddn.<br \/>\n&#8211; Phun x\u1ecbt di\u1ec7t mu\u1ed7i s\u1ed1t s\u1ed1t huy\u1ebft.<br \/>\n&#8211; D\u1ee5ng c\u1ee5 ph\u00f2ng d\u1ecbch ch\u1ed1ng d\u1ecbch b\u1ec7nh.<br \/>\n&#8211; Nhi\u1ec1u \u1ee9ng d\u1ee5ng kh\u00e1c cho b\u00ecnh phun x\u1ecbt b\u1eb1ng \u0111i\u1ec7n ti\u1ec7n l\u1ee3i.<\/p>\n<p><strong><a href=\"https:\/\/maybommini.com\/wp-content\/uploads\/2022\/07\/binh-phun-bit-bang-dien-gia-re-12L.jpg\" target=\"_blank\" rel=\"noopener\"><img decoding=\"async\" class=\"size-full wp-image-270542 aligncenter\" src=\"https:\/\/maybommini.com\/wp-content\/uploads\/2022\/07\/binh-phun-bit-bang-dien-gia-re-12L.jpg\" alt=\"Binh Phun Bit Bang Dien Gia Re 12L\" width=\"750\" height=\"750\" srcset=\"https:\/\/maybommini.vn\/wp-content\/uploads\/2022\/07\/binh-phun-bit-bang-dien-gia-re-12L.jpg 750w, https:\/\/maybommini.vn\/wp-content\/uploads\/2022\/07\/binh-phun-bit-bang-dien-gia-re-12L-300x300.jpg 300w, https:\/\/maybommini.vn\/wp-content\/uploads\/2022\/07\/binh-phun-bit-bang-dien-gia-re-12L-150x150.jpg 150w, https:\/\/maybommini.vn\/wp-content\/uploads\/2022\/07\/binh-phun-bit-bang-dien-gia-re-12L-600x600.jpg 600w\" sizes=\"(max-width: 750px) 100vw, 750px\" \/><\/a><a href=\"https:\/\/maybommini.com\/wp-content\/uploads\/2022\/07\/ung-dung-binh-phun-thuoc-deo-vai-bang-dien-Mitsuyama-12L.jpg\" target=\"_blank\" rel=\"noopener\"><img decoding=\"async\" class=\"size-full wp-image-270539 aligncenter\" src=\"https:\/\/maybommini.com\/wp-content\/uploads\/2022\/07\/ung-dung-binh-phun-thuoc-deo-vai-bang-dien-Mitsuyama-12L.jpg\" alt=\"Ung Dung Binh Phun Thuoc Deo Vai Bang Dien Mitsuyama 12L\" width=\"750\" height=\"750\" srcset=\"https:\/\/maybommini.vn\/wp-content\/uploads\/2022\/07\/ung-dung-binh-phun-thuoc-deo-vai-bang-dien-Mitsuyama-12L.jpg 750w, https:\/\/maybommini.vn\/wp-content\/uploads\/2022\/07\/ung-dung-binh-phun-thuoc-deo-vai-bang-dien-Mitsuyama-12L-300x300.jpg 300w, https:\/\/maybommini.vn\/wp-content\/uploads\/2022\/07\/ung-dung-binh-phun-thuoc-deo-vai-bang-dien-Mitsuyama-12L-150x150.jpg 150w, https:\/\/maybommini.vn\/wp-content\/uploads\/2022\/07\/ung-dung-binh-phun-thuoc-deo-vai-bang-dien-Mitsuyama-12L-600x600.jpg 600w\" sizes=\"(max-width: 750px) 100vw, 750px\" \/><\/a><br \/>\n<a href=\"https:\/\/maybommini.com\/wp-content\/uploads\/2022\/07\/su-dung-binh-phun-tru-sau-bang-dien.jpg\" target=\"_blank\" rel=\"noopener\"><img decoding=\"async\" class=\"size-full wp-image-270547 aligncenter\" src=\"https:\/\/maybommini.com\/wp-content\/uploads\/2022\/07\/su-dung-binh-phun-tru-sau-bang-dien.jpg\" alt=\"Su Dung Binh Phun Tru Sau Bang Dien\" width=\"750\" height=\"750\" srcset=\"https:\/\/maybommini.vn\/wp-content\/uploads\/2022\/07\/su-dung-binh-phun-tru-sau-bang-dien.jpg 750w, https:\/\/maybommini.vn\/wp-content\/uploads\/2022\/07\/su-dung-binh-phun-tru-sau-bang-dien-300x300.jpg 300w, https:\/\/maybommini.vn\/wp-content\/uploads\/2022\/07\/su-dung-binh-phun-tru-sau-bang-dien-150x150.jpg 150w, https:\/\/maybommini.vn\/wp-content\/uploads\/2022\/07\/su-dung-binh-phun-tru-sau-bang-dien-600x600.jpg 600w\" sizes=\"(max-width: 750px) 100vw, 750px\" \/><\/a><br \/>\nMUA B\u00ccNH PHUN X\u1ecaT TR\u1eea S\u00c2U DI\u1ec6T KHU\u1ea8N \u1ede \u0110\u00c2U ?<\/strong><br \/>\n<a href=\"https:\/\/maybommini.com\/\" target=\"_blank\" rel=\"noopener noreferrer\">MBM \u2013 MAYBOMMINI.COM<\/a> l\u00e0 nh\u00e0 cung c\u1ea5p c\u00e1c lo\u1ea1i b\u00ecnh phun \u0111i\u1ec7n, m\u00e1y phun x\u1ecbt \u00e1p l\u1ef1c, thi\u1ebft b\u1ecb kh\u1eed khu\u1ea9n ch\u00ednh h\u00e3ng gi\u00e1 t\u1ed1t b\u1ea3o h\u00e0nh l\u00e2u d\u00e0i v\u00e0 kh\u00e1ch h\u00e0ng \u0111\u01b0\u1ee3c h\u1ed5 tr\u1ee3 k\u1ef9 thu\u1eadt tr\u1ecdn \u0111\u1eddi.<br \/>\nM\u1ecdi chi ti\u1ebft vui l\u00f2ng li\u00ean h\u1ec7 tr\u1ef1c ti\u1ebfp cho ch\u00fang t\u00f4i \u0111\u1ec3 \u0111\u01b0\u1ee3c t\u01b0 v\u1ea5n theo nhu c\u1ea7u \u0111\u1ec3 c\u00f3 \u0111\u01b0\u1ee3c b\u1ed9 s\u1ea3n ph\u1ea9m t\u1ed1t nh\u1ea5t v\u00e0 ti\u1ebft ki\u1ec7m. B\u1ea1n \u1edf xa v\u1eabn c\u00f3 th\u1ec3 mua h\u00e0ng v\u00e0 giao h\u00e0ng thanh to\u00e1n ti\u1ec1n t\u1ea1i nh\u00e0.<br \/>\n<strong>Tel\/Zalo:\u00a0<\/strong><a href=\"tel:02873030399\">02873030399<\/a>\u00a0\u2013\u00a0<a href=\"tel:09072944310\">09072944310<\/a><strong><br \/>\nWebsite:<\/strong>\u00a0<a href=\"https:\/\/maybommini.com\/\" target=\"_blank\" rel=\"noopener\">https:\/\/maybommini.com<\/a><br \/>\n<strong>Email:<\/strong>\u00a0maybommini.com@gmail.com<\/p>\n<h4 style=\"text-align: center;\"><a title=\"B\u00ecnh phun x\u1ecbt tr\u1eeb s\u00e2u kh\u1eed khu\u1ea9n t\u01b0\u1edbi c\u00e2y b\u1eb1ng \u0111i\u1ec7n\" href=\"https:\/\/maybommini.com\/san-pham\/binh-phun-xit-tru-sau-khu-khuan-tuoi-cay-bang-dien-kubota-16l\" target=\"_blank\" rel=\"noopener\">B\u00ecnh phun x\u1ecbt tr\u1eeb s\u00e2u kh\u1eed khu\u1ea9n t\u01b0\u1edbi c\u00e2y b\u1eb1ng \u0111i\u1ec7n Kubota 16L<\/a><br \/>\nB\u00ecnh phun x\u1ecbt tr\u1eeb s\u00e2u kh\u1eed khu\u1ea9n t\u01b0\u1edbi c\u00e2y b\u1eb1ng \u0111i\u1ec7n 10 l\u00edt Mitsuyama TL-12D<br \/>\nElectric sprayer<\/h4>\n<p><a href=\"https:\/\/maybommini.com\/wp-content\/uploads\/2022\/07\/thong-tin-lien-he-may-bom-mini.jpg\" target=\"_blank\" rel=\"noopener\"><img decoding=\"async\" class=\"size-full wp-image-270546 aligncenter\" src=\"https:\/\/maybommini.com\/wp-content\/uploads\/2022\/07\/thong-tin-lien-he-may-bom-mini.jpg\" alt=\"Thong Tin Lien He May Bom Mini\" width=\"750\" height=\"535\" \/><\/a><\/p>\n","protected":false},"excerpt":{"rendered":"<p>Th\u01b0\u01a1ng hi\u1ec7u: Mitsuyama<br \/>\nDung t\u00edch b\u00ecnh ch\u1ee9a: 12 l\u00edt.<br \/>\nM\u00e1y b\u01a1m \u00e1p l\u1ef1c: 12V 60W DC<br \/>\nB\u00ecnh \u1eafc quy: 12V 8Ah<br \/>\nC\u1ea7n phun d\u00e0i: 50 cm<br \/>\nB\u00e9c phun x\u1ecbt c\u00f3 th\u1ec3 \u0111i\u1ec1u ch\u00ecnh.<br \/>\nN\u00fat \u0111i\u1ec1u ch\u00ecnh t\u1ed1c \u0111\u1ed9 m\u00e1y b\u01a1m.<br \/>\nS\u1ea1c b\u00ecnh \u1eafc quy t\u1ef1 \u0111\u1ed9ng th\u00f4ng minh.<br \/>\nL\u1ecdc n\u01b0\u1edbc b\u00ecnh ch\u1ee9a.<br \/>\nCh\u1ea5t li\u1ec7u: Nh\u1ef1a &#8211; \u0110\u1ed3ng &#8211; Inox<br \/>\nK\u00edch th\u01b0\u1edbc: 42.5 x 45 x 21 cm<br \/>\nTr\u1ecdng l\u01b0\u1ee3ng: 5.5 kg<br \/>\nB\u1ea3o h\u00e0nh: 3 th\u00e1ng<\/p>\n","protected":false},"featured_media":270535,"comment_status":"open","ping_status":"closed","template":"","meta":[],"product_brand":[],"product_cat":[367,3303],"product_tag":[1237,3191,3633,3637,3188,3305,3635,3192,3630,3631,3629,3636,3632],"class_list":{"0":"post-270534","1":"product","2":"type-product","3":"status-publish","4":"has-post-thumbnail","6":"product_cat-he-thong-phun-suong","7":"product_cat-binh-phun-xit-tru-sau-khu-trung","8":"product_tag-12l","9":"product_tag-binh-dien","10":"product_tag-binh-dien-phun-tru-sau","11":"product_tag-binh-phun-12-lit","12":"product_tag-binh-phun-bang-dien","13":"product_tag-binh-phun-khu-khuan","14":"product_tag-binh-phun-thuoc-tru-sau-deo-vai","15":"product_tag-binh-phun-tru-sau","16":"product_tag-binh-xit-muoi","17":"product_tag-binh-xit-tru-sau","18":"product_tag-kubota","19":"product_tag-mitsuyama","20":"product_tag-phun-xit-tru-sau","22":"first","23":"instock","24":"sale","25":"shipping-taxable","26":"purchasable","27":"product-type-simple"},"_links":{"self":[{"href":"https:\/\/maybommini.vn\/index.php?rest_route=\/wp\/v2\/product\/270534","targetHints":{"allow":["GET"]}}],"collection":[{"href":"https:\/\/maybommini.vn\/index.php?rest_route=\/wp\/v2\/product"}],"about":[{"href":"https:\/\/maybommini.vn\/index.php?rest_route=\/wp\/v2\/types\/product"}],"replies":[{"embeddable":true,"href":"https:\/\/maybommini.vn\/index.php?rest_route=%2Fwp%2Fv2%2Fcomments&post=270534"}],"wp:featuredmedia":[{"embeddable":true,"href":"https:\/\/maybommini.vn\/index.php?rest_route=\/wp\/v2\/media\/270535"}],"wp:attachment":[{"href":"https:\/\/maybommini.vn\/index.php?rest_route=%2Fwp%2Fv2%2Fmedia&parent=270534"}],"wp:term":[{"taxonomy":"product_brand","embeddable":true,"href":"https:\/\/maybommini.vn\/index.php?rest_route=%2Fwp%2Fv2%2Fproduct_brand&post=270534"},{"taxonomy":"product_cat","embeddable":true,"href":"https:\/\/maybommini.vn\/index.php?rest_route=%2Fwp%2Fv2%2Fproduct_cat&post=270534"},{"taxonomy":"product_tag","embeddable":true,"href":"https:\/\/maybommini.vn\/index.php?rest_route=%2Fwp%2Fv2%2Fproduct_tag&post=270534"}],"curies":[{"name":"wp","href":"https:\/\/api.w.org\/{rel}","templated":true}]}}