{"id":270626,"date":"2022-08-04T16:03:00","date_gmt":"2022-08-04T09:03:00","guid":{"rendered":"https:\/\/maybommini.com\/?post_type=product&#038;p=270626"},"modified":"2025-08-20T14:23:39","modified_gmt":"2025-08-20T07:23:39","slug":"binh-phun-xit-cam-tay-bang-dien-4l-smartpumps","status":"publish","type":"product","link":"https:\/\/maybommini.vn\/?product=binh-phun-xit-cam-tay-bang-dien-4l-smartpumps","title":{"rendered":"B\u00ecnh phun x\u1ecbt c\u1ea7m tay b\u1eb1ng \u0111i\u1ec7n 4L Smartpumps"},"content":{"rendered":"<h3><strong>S\u1eed d\u1ee5ng b\u00ecnh phun x\u1ecbt c\u1ea7m tay b\u1eb1ng \u0111i\u1ec7n 4L Smartpumps \u0111\u1ec3 phun kh\u1eed khu\u1ea9n, phun x\u1ecbt thu\u1ed1c s\u00e2u, phun s\u01b0\u01a1ng t\u01b0\u1edbi c\u00e2y ho\u1eb7c x\u1ecbt v\u1ec7 sinh thi\u1ebft b\u1ecb r\u1ea5t t\u1ed1t v\u00e0 ti\u1ec7n l\u1ee3i. \u0110\u00e2y l\u00e0 lo\u1ea1i b\u00ecnh phun c\u1ea7m tay t\u00edch h\u1ee3p m\u00e1y b\u01a1m \u00e1p l\u1ef1c s\u1eed d\u1ee5ng pin s\u1ea1c do v\u1eady ch\u1ec9 vi\u1ec7c b\u1ea5m n\u00fat l\u00e0 s\u1eed d\u1ee5ng.<\/strong><\/h3>\n<p><strong><a href=\"https:\/\/maybommini.com\/wp-content\/uploads\/2022\/08\/binh-phun-cam-tay-bang-pin-12V-4-lit-gia-re.jpg\" target=\"_blank\" rel=\"noopener\"><img decoding=\"async\" class=\"size-full wp-image-270629 aligncenter\" src=\"https:\/\/maybommini.com\/wp-content\/uploads\/2022\/08\/binh-phun-cam-tay-bang-pin-12V-4-lit-gia-re.jpg\" alt=\"Binh Phun Cam Tay Bang Pin 12V 4 Lit Gia Re\" width=\"750\" height=\"750\" srcset=\"https:\/\/maybommini.vn\/wp-content\/uploads\/2022\/08\/binh-phun-cam-tay-bang-pin-12V-4-lit-gia-re.jpg 750w, https:\/\/maybommini.vn\/wp-content\/uploads\/2022\/08\/binh-phun-cam-tay-bang-pin-12V-4-lit-gia-re-300x300.jpg 300w, https:\/\/maybommini.vn\/wp-content\/uploads\/2022\/08\/binh-phun-cam-tay-bang-pin-12V-4-lit-gia-re-150x150.jpg 150w, https:\/\/maybommini.vn\/wp-content\/uploads\/2022\/08\/binh-phun-cam-tay-bang-pin-12V-4-lit-gia-re-600x600.jpg 600w\" sizes=\"(max-width: 750px) 100vw, 750px\" \/><\/a>TH\u00d4NG S\u1ed0 K\u1ef8 THU\u1eacT<\/strong><br \/>\nTh\u01b0\u01a1ng hi\u1ec7u: SMARTPUMPS<br \/>\nModel: ZL-2020-4L<br \/>\nDung t\u00edch: 4 L\u00edt<br \/>\nB\u00e9c phun s\u01b0\u01a1ng v\u00e0 t\u01b0\u1edbi.<br \/>\nPhun xa: 2 &#8211; 3 met<br \/>\n\u0110i\u1ec7n \u00e1p: 12VDC<br \/>\nC\u00f4ng xu\u1ea5t: 24W<br \/>\n\u00c1p l\u1ef1c: 0.1 &#8211; 0.4 Mpa<br \/>\nPin s\u1ea1c 2.000 mAh 3S<br \/>\nS\u1ea1c pin: 12.6VDC 1A<br \/>\nCh\u1ea5t li\u1ec7u: Nh\u1ef1a ABS \u2013 \u0110\u1ed3ng \u2013 Inox<br \/>\n\u0110\u1ea7u b\u01a1m c\u00f4ng ngh\u1ec7 m\u1edbi ch\u1ea5t l\u01b0\u1ee3ng.<br \/>\nMotor l\u00f5i \u0111\u1ed3ng tu\u1ed5i th\u1ecd cao.<br \/>\nLo\u1ea1i m\u00e1y b\u01a1m m\u00e0ng.<br \/>\nNhi\u1ec7t \u0111\u1ed9 ch\u1ea5t l\u1ecfng t\u1ed1i \u0111a 60 \u0111\u1ed9 C.<br \/>\nK\u00edch th\u01b0\u1edbc: 250 x 225 x 250 mm.<br \/>\nTr\u1ecdng l\u01b0\u1ee3ng: 1.7 kg<\/p>\n<p><strong><a href=\"https:\/\/maybommini.com\/wp-content\/uploads\/2022\/08\/binh-tuoi-cay-cam-tay-bang-pin.jpg\" target=\"_blank\" rel=\"noopener\"><img decoding=\"async\" class=\"size-full wp-image-270631 aligncenter\" src=\"https:\/\/maybommini.com\/wp-content\/uploads\/2022\/08\/binh-tuoi-cay-cam-tay-bang-pin.jpg\" alt=\"Binh Tuoi Cay Cam Tay Bang Pin\" width=\"750\" height=\"750\" srcset=\"https:\/\/maybommini.vn\/wp-content\/uploads\/2022\/08\/binh-tuoi-cay-cam-tay-bang-pin.jpg 750w, https:\/\/maybommini.vn\/wp-content\/uploads\/2022\/08\/binh-tuoi-cay-cam-tay-bang-pin-300x300.jpg 300w, https:\/\/maybommini.vn\/wp-content\/uploads\/2022\/08\/binh-tuoi-cay-cam-tay-bang-pin-150x150.jpg 150w, https:\/\/maybommini.vn\/wp-content\/uploads\/2022\/08\/binh-tuoi-cay-cam-tay-bang-pin-600x600.jpg 600w\" sizes=\"(max-width: 750px) 100vw, 750px\" \/><\/a><a href=\"https:\/\/maybommini.com\/wp-content\/uploads\/2022\/08\/Binh-phun-tuoi-cay-cam-tay-bang-dien-4L-Smartpumps.jpg\" target=\"_blank\" rel=\"noopener\"><img decoding=\"async\" class=\"size-full wp-image-270630 aligncenter\" src=\"https:\/\/maybommini.com\/wp-content\/uploads\/2022\/08\/Binh-phun-tuoi-cay-cam-tay-bang-dien-4L-Smartpumps.jpg\" alt=\"Binh Phun Tuoi Cay Cam Tay Bang Dien 4L Smartpumps\" width=\"750\" height=\"750\" srcset=\"https:\/\/maybommini.vn\/wp-content\/uploads\/2022\/08\/Binh-phun-tuoi-cay-cam-tay-bang-dien-4L-Smartpumps.jpg 750w, https:\/\/maybommini.vn\/wp-content\/uploads\/2022\/08\/Binh-phun-tuoi-cay-cam-tay-bang-dien-4L-Smartpumps-300x300.jpg 300w, https:\/\/maybommini.vn\/wp-content\/uploads\/2022\/08\/Binh-phun-tuoi-cay-cam-tay-bang-dien-4L-Smartpumps-150x150.jpg 150w, https:\/\/maybommini.vn\/wp-content\/uploads\/2022\/08\/Binh-phun-tuoi-cay-cam-tay-bang-dien-4L-Smartpumps-600x600.jpg 600w\" sizes=\"(max-width: 750px) 100vw, 750px\" \/><\/a><a href=\"https:\/\/maybommini.com\/wp-content\/uploads\/2022\/08\/may-phun-xit-cam-tay-gia-dinh-tuoi-lan.jpg\" target=\"_blank\" rel=\"noopener\"><img decoding=\"async\" class=\"size-full wp-image-270637 aligncenter\" src=\"https:\/\/maybommini.com\/wp-content\/uploads\/2022\/08\/may-phun-xit-cam-tay-gia-dinh-tuoi-lan.jpg\" alt=\"May Phun Xit Cam Tay Gia Dinh Tuoi Lan\" width=\"750\" height=\"750\" srcset=\"https:\/\/maybommini.vn\/wp-content\/uploads\/2022\/08\/may-phun-xit-cam-tay-gia-dinh-tuoi-lan.jpg 750w, https:\/\/maybommini.vn\/wp-content\/uploads\/2022\/08\/may-phun-xit-cam-tay-gia-dinh-tuoi-lan-300x300.jpg 300w, https:\/\/maybommini.vn\/wp-content\/uploads\/2022\/08\/may-phun-xit-cam-tay-gia-dinh-tuoi-lan-150x150.jpg 150w, https:\/\/maybommini.vn\/wp-content\/uploads\/2022\/08\/may-phun-xit-cam-tay-gia-dinh-tuoi-lan-600x600.jpg 600w\" sizes=\"(max-width: 750px) 100vw, 750px\" \/><\/a><a href=\"https:\/\/maybommini.com\/wp-content\/uploads\/2022\/08\/bo-binh-phun-tuoi-lan-gia-dinh-4L.jpg\" target=\"_blank\" rel=\"noopener\"><img decoding=\"async\" class=\"size-full wp-image-270635 aligncenter\" src=\"https:\/\/maybommini.com\/wp-content\/uploads\/2022\/08\/bo-binh-phun-tuoi-lan-gia-dinh-4L.jpg\" alt=\"Bo Binh Phun Tuoi Lan Gia Dinh 4L\" width=\"750\" height=\"750\" srcset=\"https:\/\/maybommini.vn\/wp-content\/uploads\/2022\/08\/bo-binh-phun-tuoi-lan-gia-dinh-4L.jpg 750w, https:\/\/maybommini.vn\/wp-content\/uploads\/2022\/08\/bo-binh-phun-tuoi-lan-gia-dinh-4L-300x300.jpg 300w, https:\/\/maybommini.vn\/wp-content\/uploads\/2022\/08\/bo-binh-phun-tuoi-lan-gia-dinh-4L-150x150.jpg 150w, https:\/\/maybommini.vn\/wp-content\/uploads\/2022\/08\/bo-binh-phun-tuoi-lan-gia-dinh-4L-600x600.jpg 600w\" sizes=\"(max-width: 750px) 100vw, 750px\" \/><\/a><a href=\"https:\/\/maybommini.com\/wp-content\/uploads\/2022\/08\/binh-xit-khu-khuan-cam-tay-4L.jpg\" target=\"_blank\" rel=\"noopener\"><img decoding=\"async\" class=\"size-full wp-image-270634 aligncenter\" src=\"https:\/\/maybommini.com\/wp-content\/uploads\/2022\/08\/binh-xit-khu-khuan-cam-tay-4L.jpg\" alt=\"Binh Xit Khu Khuan Cam Tay 4L\" width=\"750\" height=\"750\" srcset=\"https:\/\/maybommini.vn\/wp-content\/uploads\/2022\/08\/binh-xit-khu-khuan-cam-tay-4L.jpg 750w, https:\/\/maybommini.vn\/wp-content\/uploads\/2022\/08\/binh-xit-khu-khuan-cam-tay-4L-300x300.jpg 300w, https:\/\/maybommini.vn\/wp-content\/uploads\/2022\/08\/binh-xit-khu-khuan-cam-tay-4L-150x150.jpg 150w, https:\/\/maybommini.vn\/wp-content\/uploads\/2022\/08\/binh-xit-khu-khuan-cam-tay-4L-600x600.jpg 600w\" sizes=\"(max-width: 750px) 100vw, 750px\" \/><\/a><a href=\"https:\/\/maybommini.com\/wp-content\/uploads\/2022\/08\/may-phun-xit-cam-tay-tien-loi-gia-re.jpg\" target=\"_blank\" rel=\"noopener\"><img decoding=\"async\" class=\"size-full wp-image-270638 aligncenter\" src=\"https:\/\/maybommini.com\/wp-content\/uploads\/2022\/08\/may-phun-xit-cam-tay-tien-loi-gia-re.jpg\" alt=\"May Phun Xit Cam Tay Tien Loi Gia Re\" width=\"750\" height=\"750\" srcset=\"https:\/\/maybommini.vn\/wp-content\/uploads\/2022\/08\/may-phun-xit-cam-tay-tien-loi-gia-re.jpg 750w, https:\/\/maybommini.vn\/wp-content\/uploads\/2022\/08\/may-phun-xit-cam-tay-tien-loi-gia-re-300x300.jpg 300w, https:\/\/maybommini.vn\/wp-content\/uploads\/2022\/08\/may-phun-xit-cam-tay-tien-loi-gia-re-150x150.jpg 150w, https:\/\/maybommini.vn\/wp-content\/uploads\/2022\/08\/may-phun-xit-cam-tay-tien-loi-gia-re-600x600.jpg 600w\" sizes=\"(max-width: 750px) 100vw, 750px\" \/><\/a><a href=\"https:\/\/maybommini.com\/wp-content\/uploads\/2022\/08\/may-bom-binh-phun-xit-cam-tay-4L.jpg\" target=\"_blank\" rel=\"noopener\"><img decoding=\"async\" class=\"size-full wp-image-270636 aligncenter\" src=\"https:\/\/maybommini.com\/wp-content\/uploads\/2022\/08\/may-bom-binh-phun-xit-cam-tay-4L.jpg\" alt=\"May Bom Binh Phun Xit Cam Tay 4L\" width=\"750\" height=\"750\" srcset=\"https:\/\/maybommini.vn\/wp-content\/uploads\/2022\/08\/may-bom-binh-phun-xit-cam-tay-4L.jpg 750w, https:\/\/maybommini.vn\/wp-content\/uploads\/2022\/08\/may-bom-binh-phun-xit-cam-tay-4L-300x300.jpg 300w, https:\/\/maybommini.vn\/wp-content\/uploads\/2022\/08\/may-bom-binh-phun-xit-cam-tay-4L-150x150.jpg 150w, https:\/\/maybommini.vn\/wp-content\/uploads\/2022\/08\/may-bom-binh-phun-xit-cam-tay-4L-600x600.jpg 600w\" sizes=\"(max-width: 750px) 100vw, 750px\" \/><\/a><a href=\"https:\/\/maybommini.com\/wp-content\/uploads\/2022\/08\/pin-may-phun-xit-cam-tay-4L.jpg\" target=\"_blank\" rel=\"noopener\"><img decoding=\"async\" class=\"size-full wp-image-270627 aligncenter\" src=\"https:\/\/maybommini.com\/wp-content\/uploads\/2022\/08\/pin-may-phun-xit-cam-tay-4L.jpg\" alt=\"Pin May Phun Xit Cam Tay 4L\" width=\"750\" height=\"750\" srcset=\"https:\/\/maybommini.vn\/wp-content\/uploads\/2022\/08\/pin-may-phun-xit-cam-tay-4L.jpg 750w, https:\/\/maybommini.vn\/wp-content\/uploads\/2022\/08\/pin-may-phun-xit-cam-tay-4L-300x300.jpg 300w, https:\/\/maybommini.vn\/wp-content\/uploads\/2022\/08\/pin-may-phun-xit-cam-tay-4L-150x150.jpg 150w, https:\/\/maybommini.vn\/wp-content\/uploads\/2022\/08\/pin-may-phun-xit-cam-tay-4L-600x600.jpg 600w\" sizes=\"(max-width: 750px) 100vw, 750px\" \/><\/a><a href=\"https:\/\/maybommini.com\/wp-content\/uploads\/2022\/08\/phu-kien-binh-phun-xit-tuoi-cam-tay-bang-dien.jpg\" target=\"_blank\" rel=\"noopener\"><img decoding=\"async\" class=\"size-full wp-image-270639 aligncenter\" src=\"https:\/\/maybommini.com\/wp-content\/uploads\/2022\/08\/phu-kien-binh-phun-xit-tuoi-cam-tay-bang-dien.jpg\" alt=\"Phu Kien Binh Phun Xit Tuoi Cam Tay Bang Dien\" width=\"750\" height=\"750\" srcset=\"https:\/\/maybommini.vn\/wp-content\/uploads\/2022\/08\/phu-kien-binh-phun-xit-tuoi-cam-tay-bang-dien.jpg 750w, https:\/\/maybommini.vn\/wp-content\/uploads\/2022\/08\/phu-kien-binh-phun-xit-tuoi-cam-tay-bang-dien-300x300.jpg 300w, https:\/\/maybommini.vn\/wp-content\/uploads\/2022\/08\/phu-kien-binh-phun-xit-tuoi-cam-tay-bang-dien-150x150.jpg 150w, https:\/\/maybommini.vn\/wp-content\/uploads\/2022\/08\/phu-kien-binh-phun-xit-tuoi-cam-tay-bang-dien-600x600.jpg 600w\" sizes=\"(max-width: 750px) 100vw, 750px\" \/><\/a><\/strong><\/p>\n<p><strong>H\u01af\u1edaNG D\u1ea8N S\u1eec D\u1ee4NG M\u00c1Y B\u01a0M MINI \u00c1P L\u1ef0C<br \/>\n<\/strong>C\u1ea5m \u0111i\u1ec7n 220VAC th\u00f4ng qua c\u1ee5c s\u1ea1c 12.6VDC \u0111\u1ec3 s\u1ea1c pin.<br \/>\nS\u1ea1c \u0111\u1ea7y \u0111\u00e8n tr\u00ean c\u1ee5c s\u1ea1c chuy\u1ec3n sang m\u00e0u xanh.<br \/>\nR\u00fat s\u1ea1c ra kh\u1ecfi b\u00ecnh v\u00e0 \u0111\u1ed5 n\u01b0\u1edbc v\u00e0o b\u00ecnh phun.<br \/>\nS\u1eed d\u1ee5ng ch\u1ea5t l\u00f5ng kh\u00f4ng ch\u1ee9a t\u1ea1p ch\u1ea5t.<br \/>\nD\u00f9ng t\u1ed1t cho h\u00f3a ch\u1ea5t duy\u1ec7t khu\u1ea9n, thu\u1ed1c s\u00e2u v\u00e0 h\u00f3a ch\u1ea5t kh\u00f4ng \u0103n m\u00f2n.<br \/>\nKh\u00f4ng b\u01a1m x\u0103ng d\u1ea7u h\u00f3a ch\u1ea5t \u0103n m\u00f2n.<br \/>\nB\u1eadt c\u00f4ng t\u1eaft tr\u00ean b\u00ecnh \u0111\u1ec3 phun x\u1ecbt.<br \/>\nG\u1eafn b\u00e9c inox ho\u1eb7c b\u00e9c nh\u1ef1a k\u00e8m theo \u0111\u1ec3 s\u1eed d\u1ee5ng cho nhu c\u1ea7u c\u1ee7a m\u00ecnh.<br \/>\nG\u1eafn th\u00eam \u1ed1ng n\u1ed1i inox \u0111\u1ec3 c\u00f3 th\u1ec3 phun xa v\u00e0 cao h\u01a1n.<br \/>\nV\u1ec7 sinh b\u1eb1ng n\u01b0\u1edbc s\u1ea1ch sau khi s\u1eed d\u1ee5ng xong.<br \/>\nS\u1ea1c pin \u0111\u1ea7y tr\u1edf l\u1ea1i sau khi s\u1eed d\u1ee5ng, tr\u00e1nh \u0111\u1ec3 h\u1ebft pin khi kh\u00f4ng s\u1eed d\u1ee5ng l\u00e0m h\u01b0 pin.<br \/>\nKh\u00f4ng s\u1eed d\u1ee5ng 1 th\u00e1ng ph\u1ea3i s\u1ea1c l\u1ea1i pin.<br \/>\nLau kh\u00f4 b\u00ecnh phun khi kh\u00f4ng s\u1eed d\u1ee5ng.<\/p>\n<p><strong><a href=\"https:\/\/maybommini.com\/wp-content\/uploads\/2022\/08\/sac-pin-binh-xit-phun-tuoi-cam-tay.jpg\" target=\"_blank\" rel=\"noopener\"><img decoding=\"async\" class=\"size-full wp-image-270628 aligncenter\" src=\"https:\/\/maybommini.com\/wp-content\/uploads\/2022\/08\/sac-pin-binh-xit-phun-tuoi-cam-tay.jpg\" alt=\"Sac Pin Binh Xit Phun Tuoi Cam Tay\" width=\"750\" height=\"750\" srcset=\"https:\/\/maybommini.vn\/wp-content\/uploads\/2022\/08\/sac-pin-binh-xit-phun-tuoi-cam-tay.jpg 750w, https:\/\/maybommini.vn\/wp-content\/uploads\/2022\/08\/sac-pin-binh-xit-phun-tuoi-cam-tay-300x300.jpg 300w, https:\/\/maybommini.vn\/wp-content\/uploads\/2022\/08\/sac-pin-binh-xit-phun-tuoi-cam-tay-150x150.jpg 150w, https:\/\/maybommini.vn\/wp-content\/uploads\/2022\/08\/sac-pin-binh-xit-phun-tuoi-cam-tay-600x600.jpg 600w\" sizes=\"(max-width: 750px) 100vw, 750px\" \/><\/a><a href=\"https:\/\/maybommini.com\/wp-content\/uploads\/2022\/08\/binh-phun-cam-tay-bang-pin-12V-4-lit-gia-re.jpg\" target=\"_blank\" rel=\"noopener\"><img decoding=\"async\" class=\"size-full wp-image-270629 aligncenter\" src=\"https:\/\/maybommini.com\/wp-content\/uploads\/2022\/08\/binh-phun-cam-tay-bang-pin-12V-4-lit-gia-re.jpg\" alt=\"Binh Phun Cam Tay Bang Pin 12V 4 Lit Gia Re\" width=\"750\" height=\"750\" srcset=\"https:\/\/maybommini.vn\/wp-content\/uploads\/2022\/08\/binh-phun-cam-tay-bang-pin-12V-4-lit-gia-re.jpg 750w, https:\/\/maybommini.vn\/wp-content\/uploads\/2022\/08\/binh-phun-cam-tay-bang-pin-12V-4-lit-gia-re-300x300.jpg 300w, https:\/\/maybommini.vn\/wp-content\/uploads\/2022\/08\/binh-phun-cam-tay-bang-pin-12V-4-lit-gia-re-150x150.jpg 150w, https:\/\/maybommini.vn\/wp-content\/uploads\/2022\/08\/binh-phun-cam-tay-bang-pin-12V-4-lit-gia-re-600x600.jpg 600w\" sizes=\"(max-width: 750px) 100vw, 750px\" \/><\/a><a href=\"https:\/\/maybommini.com\/wp-content\/uploads\/2022\/08\/binh-tuoi-cay-phun-xit-duyet-khuan-cam-tay.jpg\" target=\"_blank\" rel=\"noopener\"><img decoding=\"async\" class=\"size-full wp-image-270632 aligncenter\" src=\"https:\/\/maybommini.com\/wp-content\/uploads\/2022\/08\/binh-tuoi-cay-phun-xit-duyet-khuan-cam-tay.jpg\" alt=\"Binh Tuoi Cay Phun Xit Duyet Khuan Cam Tay\" width=\"750\" height=\"750\" srcset=\"https:\/\/maybommini.vn\/wp-content\/uploads\/2022\/08\/binh-tuoi-cay-phun-xit-duyet-khuan-cam-tay.jpg 750w, https:\/\/maybommini.vn\/wp-content\/uploads\/2022\/08\/binh-tuoi-cay-phun-xit-duyet-khuan-cam-tay-300x300.jpg 300w, https:\/\/maybommini.vn\/wp-content\/uploads\/2022\/08\/binh-tuoi-cay-phun-xit-duyet-khuan-cam-tay-150x150.jpg 150w, https:\/\/maybommini.vn\/wp-content\/uploads\/2022\/08\/binh-tuoi-cay-phun-xit-duyet-khuan-cam-tay-600x600.jpg 600w\" sizes=\"(max-width: 750px) 100vw, 750px\" \/><\/a><a href=\"https:\/\/maybommini.com\/wp-content\/uploads\/2022\/08\/binh-tuoi-cay-cam-tay-bang-pin.jpg\" target=\"_blank\" rel=\"noopener\"><img decoding=\"async\" class=\"size-full wp-image-270631 aligncenter\" src=\"https:\/\/maybommini.com\/wp-content\/uploads\/2022\/08\/binh-tuoi-cay-cam-tay-bang-pin.jpg\" alt=\"Binh Tuoi Cay Cam Tay Bang Pin\" width=\"750\" height=\"750\" srcset=\"https:\/\/maybommini.vn\/wp-content\/uploads\/2022\/08\/binh-tuoi-cay-cam-tay-bang-pin.jpg 750w, https:\/\/maybommini.vn\/wp-content\/uploads\/2022\/08\/binh-tuoi-cay-cam-tay-bang-pin-300x300.jpg 300w, https:\/\/maybommini.vn\/wp-content\/uploads\/2022\/08\/binh-tuoi-cay-cam-tay-bang-pin-150x150.jpg 150w, https:\/\/maybommini.vn\/wp-content\/uploads\/2022\/08\/binh-tuoi-cay-cam-tay-bang-pin-600x600.jpg 600w\" sizes=\"(max-width: 750px) 100vw, 750px\" \/><\/a><\/strong><\/p>\n<p><strong>\u1ee8NG D\u1ee4NG C\u1ee6A B\u01a0M N\u01af\u1edaC MINI \u00c1P L\u1ef0C<br \/>\n<\/strong>B\u00ecnh phun x\u1ecbt kh\u1eed khu\u1ea9n c\u1ea7m tay.<br \/>\nB\u00ecnh phun x\u1ecbt thu\u1ed1c s\u00e2u nh\u00e0 v\u01b0\u1eddn, phun x\u1ecbt s\u00e2u h\u1ea1i.<br \/>\nS\u1eed d\u1ee5ng b\u01a1m phun x\u1ecbt n\u01b0\u1edbc ch\u1ea5t l\u1ecfng.<br \/>\nM\u00e1y phun b\u01a1m h\u00f3a ch\u1ea5t kh\u00f4ng \u0103n m\u00f2n.<br \/>\nS\u1eed d\u1ee5ng l\u00e0m phun s\u01b0\u01a1ng t\u01b0\u1edbi c\u00e2y l\u00e0m m\u00e1t c\u1ea7m tay.<br \/>\nB\u00ecnh phun t\u01b0\u1edbi lan, t\u01b0\u1edbi c\u00e2y nh\u00e0 v\u01b0\u1eddn.<br \/>\nM\u00e1y x\u1ecbt c\u1ea7m tay v\u1ec7 sinh m\u00e1y l\u1ea1nh \u0111i\u1ec1u h\u00f2a.<br \/>\nV\u00e0 d\u00f9ng l\u00e0m b\u01a1m phun x\u1ecbt th\u1ef1c ph\u1ea9m v\u00e0 m\u1ed9t s\u1ed1 l\u0129nh v\u1ef1c kh\u00e1c.<br \/>\nM\u00e1y \u0111\u01b0\u1ee3c s\u1eed d\u1ee5ng trong c\u00f4ng nghi\u1ec7p, n\u00f4ng nghi\u1ec7p, y t\u1ebf, t\u00e0u thu\u1ef7, b\u01a1m ho\u00e1 ch\u1ea5t\u2026.<\/p>\n<p>&nbsp;<\/p>\n<p><strong><a href=\"https:\/\/maybommini.com\/wp-content\/uploads\/2022\/08\/binh-tuoi-cay-cam-tay-bang-pin.jpg\" target=\"_blank\" rel=\"noopener\"><img decoding=\"async\" class=\"size-full wp-image-270631 aligncenter\" src=\"https:\/\/maybommini.com\/wp-content\/uploads\/2022\/08\/binh-tuoi-cay-cam-tay-bang-pin.jpg\" alt=\"Binh Tuoi Cay Cam Tay Bang Pin\" width=\"750\" height=\"750\" srcset=\"https:\/\/maybommini.vn\/wp-content\/uploads\/2022\/08\/binh-tuoi-cay-cam-tay-bang-pin.jpg 750w, https:\/\/maybommini.vn\/wp-content\/uploads\/2022\/08\/binh-tuoi-cay-cam-tay-bang-pin-300x300.jpg 300w, https:\/\/maybommini.vn\/wp-content\/uploads\/2022\/08\/binh-tuoi-cay-cam-tay-bang-pin-150x150.jpg 150w, https:\/\/maybommini.vn\/wp-content\/uploads\/2022\/08\/binh-tuoi-cay-cam-tay-bang-pin-600x600.jpg 600w\" sizes=\"(max-width: 750px) 100vw, 750px\" \/><\/a><a href=\"https:\/\/maybommini.com\/wp-content\/uploads\/2022\/08\/phun-xit-khu-khuan-van-phong-gia-dinh-may-cam-tay.jpg\" target=\"_blank\" rel=\"noopener\"><img decoding=\"async\" class=\"size-full wp-image-270641 aligncenter\" src=\"https:\/\/maybommini.com\/wp-content\/uploads\/2022\/08\/phun-xit-khu-khuan-van-phong-gia-dinh-may-cam-tay.jpg\" alt=\"Phun Xit Khu Khuan Van Phong Gia Dinh May Cam Tay\" width=\"750\" height=\"750\" srcset=\"https:\/\/maybommini.vn\/wp-content\/uploads\/2022\/08\/phun-xit-khu-khuan-van-phong-gia-dinh-may-cam-tay.jpg 750w, https:\/\/maybommini.vn\/wp-content\/uploads\/2022\/08\/phun-xit-khu-khuan-van-phong-gia-dinh-may-cam-tay-300x300.jpg 300w, https:\/\/maybommini.vn\/wp-content\/uploads\/2022\/08\/phun-xit-khu-khuan-van-phong-gia-dinh-may-cam-tay-150x150.jpg 150w, https:\/\/maybommini.vn\/wp-content\/uploads\/2022\/08\/phun-xit-khu-khuan-van-phong-gia-dinh-may-cam-tay-600x600.jpg 600w\" sizes=\"(max-width: 750px) 100vw, 750px\" \/><\/a><a href=\"https:\/\/maybommini.com\/wp-content\/uploads\/2022\/08\/phun-tuoi-cay-bang-may-cam-tay-bec-nhua.jpg\" target=\"_blank\" rel=\"noopener\"><img decoding=\"async\" class=\"size-full wp-image-270640 aligncenter\" src=\"https:\/\/maybommini.com\/wp-content\/uploads\/2022\/08\/phun-tuoi-cay-bang-may-cam-tay-bec-nhua.jpg\" alt=\"Phun Tuoi Cay Bang May Cam Tay Bec Nhua\" width=\"750\" height=\"750\" srcset=\"https:\/\/maybommini.vn\/wp-content\/uploads\/2022\/08\/phun-tuoi-cay-bang-may-cam-tay-bec-nhua.jpg 750w, https:\/\/maybommini.vn\/wp-content\/uploads\/2022\/08\/phun-tuoi-cay-bang-may-cam-tay-bec-nhua-300x300.jpg 300w, https:\/\/maybommini.vn\/wp-content\/uploads\/2022\/08\/phun-tuoi-cay-bang-may-cam-tay-bec-nhua-150x150.jpg 150w, https:\/\/maybommini.vn\/wp-content\/uploads\/2022\/08\/phun-tuoi-cay-bang-may-cam-tay-bec-nhua-600x600.jpg 600w\" sizes=\"(max-width: 750px) 100vw, 750px\" \/><\/a>MUA B\u00ccNH PHUN X\u1ecaT C\u1ea6M TAY B\u1eb0NG \u0110I\u1ec6N \u1ede \u0110\u00c2U ?<\/strong><br \/>\n<a href=\"https:\/\/maybommini.com\/\" target=\"_blank\" rel=\"noopener noreferrer\">MBM \u2013 MAYBOMMINI.COM<\/a> l\u00e0 nh\u00e0 cung c\u1ea5p c\u00e1c lo\u1ea1i m\u00e1y b\u01a1m \u00e1p l\u1ef1c mini h\u00e0ng \u0111\u1ea7u Vi\u1ec7t Nam ch\u00ednh h\u00e3ng gi\u00e1 t\u1ed1t b\u1ea3o h\u00e0nh l\u00e2u d\u00e0i v\u00e0 kh\u00e1ch h\u00e0ng \u0111\u01b0\u1ee3c h\u1ed5 tr\u1ee3 k\u1ef9 thu\u1eadt tr\u1ecdn \u0111\u1eddi.<br \/>\nM\u1ecdi chi ti\u1ebft vui l\u00f2ng li\u00ean h\u1ec7 tr\u1ef1c ti\u1ebfp cho ch\u00fang t\u00f4i \u0111\u1ec3 \u0111\u01b0\u1ee3c t\u01b0 v\u1ea5n theo nhu c\u1ea7u \u0111\u1ec3 c\u00f3 \u0111\u01b0\u1ee3c b\u1ed9 s\u1ea3n ph\u1ea9m t\u1ed1t nh\u1ea5t v\u00e0 ti\u1ebft ki\u1ec7m. B\u1ea1n \u1edf xa v\u1eabn c\u00f3 th\u1ec3 mua h\u00e0ng v\u00e0 giao h\u00e0ng thanh to\u00e1n ti\u1ec1n t\u1ea1i nh\u00e0.<br \/>\n<strong>Tel\/Zalo: <\/strong><a href=\"tel:02873030399\">02873030399<\/a> &#8211; <a href=\"tel:09072944310\">09072944310<\/a><strong><br \/>\nWebsite:<\/strong> <a href=\"https:\/\/maybommini.com\" target=\"_blank\" rel=\"noopener\">https:\/\/maybommini.com<\/a><br \/>\n<strong>Email:<\/strong> maybommini.com@gmail.com<\/p>\n<h3 style=\"text-align: center;\">B\u00ecnh phun x\u1ecbt c\u1ea7m tay b\u1eb1ng \u0111i\u1ec7n 4L Smartpumps<\/h3>\n<p><a href=\"https:\/\/maybommini.com\/wp-content\/uploads\/2022\/07\/thong-tin-lien-he-may-bom-mini.jpg\" target=\"_blank\" rel=\"noopener\"><img decoding=\"async\" class=\"size-full wp-image-270584 aligncenter\" src=\"https:\/\/maybommini.com\/wp-content\/uploads\/2022\/07\/thong-tin-lien-he-may-bom-mini.jpg\" alt=\"Thong Tin Lien He May Bom Mini\" width=\"750\" height=\"506\" srcset=\"https:\/\/maybommini.vn\/wp-content\/uploads\/2022\/07\/thong-tin-lien-he-may-bom-mini.jpg 750w, https:\/\/maybommini.vn\/wp-content\/uploads\/2022\/07\/thong-tin-lien-he-may-bom-mini-150x101.jpg 150w, https:\/\/maybommini.vn\/wp-content\/uploads\/2022\/07\/thong-tin-lien-he-may-bom-mini-600x405.jpg 600w, https:\/\/maybommini.vn\/wp-content\/uploads\/2022\/07\/thong-tin-lien-he-may-bom-mini-300x202.jpg 300w\" sizes=\"(max-width: 750px) 100vw, 750px\" \/><\/a><\/p>\n","protected":false},"excerpt":{"rendered":"<p>Th\u01b0\u01a1ng hi\u1ec7u: SMARTPUMPS<br \/>\nModel: ZL-2020-4L<br \/>\nDung t\u00edch: 4 L\u00edt<br \/>\nB\u00e9c phun s\u01b0\u01a1ng v\u00e0 t\u01b0\u1edbi.<br \/>\nPhun xa: 2 &#8211; 3 met<br \/>\n\u0110i\u1ec7n \u00e1p: 12VDC<br \/>\nC\u00f4ng xu\u1ea5t: 24W<br \/>\n\u00c1p l\u1ef1c: 0.1 &#8211; 0.4 Mpa<br \/>\nPin s\u1ea1c 2.000 mAh 3S<br \/>\nS\u1ea1c pin: 12.6VDC 1A<br \/>\nCh\u1ea5t li\u1ec7u: Nh\u1ef1a ABS \u2013 \u0110\u1ed3ng \u2013 Inox<br \/>\n\u0110\u1ea7u b\u01a1m c\u00f4ng ngh\u1ec7 m\u1edbi ch\u1ea5t l\u01b0\u1ee3ng.<br \/>\nMotor l\u00f5i \u0111\u1ed3ng tu\u1ed5i th\u1ecd cao.<br \/>\nLo\u1ea1i m\u00e1y b\u01a1m m\u00e0ng.<br \/>\nNhi\u1ec7t \u0111\u1ed9 ch\u1ea5t l\u1ecfng t\u1ed1i \u0111a 60 \u0111\u1ed9 C.<br \/>\nK\u00edch th\u01b0\u1edbc: 250 x 225 x 250 mm.<br \/>\nTr\u1ecdng l\u01b0\u1ee3ng: 1.7 kg<br \/>\nB\u1ea3o h\u00e0nh: 3 th\u00e1ng<br \/>\nPh\u00e2n ph\u1ed1i: Maybommini.com<br \/>\nH\u00f4\u0309 tr\u01a1\u0323 ky\u0303 thu\u00e2\u0323t vi\u0303nh vi\u00ea\u0303n.<br \/>\n<strong>T\u01af V\u1ea4N K\u1ef8 THU\u1eacT \u2013 MUA H\u00c0NG<br \/>\nMUA S\u1ed0 L\u01af\u1ee2NG C\u00d3 GI\u00c1 S\u1ec8<\/strong><br \/>\n0908997823 \u2013 0908997872<br \/>\n0907294310 \u2013 02873030399<\/p>\n","protected":false},"featured_media":270629,"comment_status":"open","ping_status":"closed","template":"","meta":[],"product_brand":[],"product_cat":[367,3303],"product_tag":[3640,3641,3642,285,235,927,3107,207,359,231,3643,441,443,420,316],"class_list":{"0":"post-270626","1":"product","2":"type-product","3":"status-publish","4":"has-post-thumbnail","6":"product_cat-he-thong-phun-suong","7":"product_cat-binh-phun-xit-tru-sau-khu-trung","8":"product_tag-binh-bom-cam-tay","9":"product_tag-binh-phun-xit-cam-tay","10":"product_tag-binh-xit-khu-khuan","11":"product_tag-bom-ap-luc","12":"product_tag-bom-nuoc-mini","13":"product_tag-bom-tu-dong","14":"product_tag-diaphragm-pump","15":"product_tag-may-bom-ap-luc","16":"product_tag-may-bom-ap-luc-12v","17":"product_tag-may-bom-mini","18":"product_tag-may-phun-xit-tuoi-cay","19":"product_tag-phun-thuoc","20":"product_tag-rua-xe-mini","21":"product_tag-smartpumps","22":"product_tag-ve-sinh-may-lanh","24":"first","25":"instock","26":"sale","27":"featured","28":"shipping-taxable","29":"purchasable","30":"product-type-simple"},"_links":{"self":[{"href":"https:\/\/maybommini.vn\/index.php?rest_route=\/wp\/v2\/product\/270626","targetHints":{"allow":["GET"]}}],"collection":[{"href":"https:\/\/maybommini.vn\/index.php?rest_route=\/wp\/v2\/product"}],"about":[{"href":"https:\/\/maybommini.vn\/index.php?rest_route=\/wp\/v2\/types\/product"}],"replies":[{"embeddable":true,"href":"https:\/\/maybommini.vn\/index.php?rest_route=%2Fwp%2Fv2%2Fcomments&post=270626"}],"wp:featuredmedia":[{"embeddable":true,"href":"https:\/\/maybommini.vn\/index.php?rest_route=\/wp\/v2\/media\/270629"}],"wp:attachment":[{"href":"https:\/\/maybommini.vn\/index.php?rest_route=%2Fwp%2Fv2%2Fmedia&parent=270626"}],"wp:term":[{"taxonomy":"product_brand","embeddable":true,"href":"https:\/\/maybommini.vn\/index.php?rest_route=%2Fwp%2Fv2%2Fproduct_brand&post=270626"},{"taxonomy":"product_cat","embeddable":true,"href":"https:\/\/maybommini.vn\/index.php?rest_route=%2Fwp%2Fv2%2Fproduct_cat&post=270626"},{"taxonomy":"product_tag","embeddable":true,"href":"https:\/\/maybommini.vn\/index.php?rest_route=%2Fwp%2Fv2%2Fproduct_tag&post=270626"}],"curies":[{"name":"wp","href":"https:\/\/api.w.org\/{rel}","templated":true}]}}