{"id":270768,"date":"2022-09-22T16:13:33","date_gmt":"2022-09-22T09:13:33","guid":{"rendered":"https:\/\/maybommini.com\/?post_type=product&#038;p=270768"},"modified":"2022-09-22T16:21:24","modified_gmt":"2022-09-22T09:21:24","slug":"pin-18650-2000mah-3-7v-10c-lishen-xanh","status":"publish","type":"product","link":"https:\/\/maybommini.vn\/?product=pin-18650-2000mah-3-7v-10c-lishen-xanh","title":{"rendered":"Pin 18650 2000mAh 3.7V 10C Lishen xanh"},"content":{"rendered":"<p><strong>Chuy\u00ean cung c\u1ea5p ph\u00e2n ph\u1ed1i ch\u00ednh h\u00e3ng pin 18650 2000mAh 3.7V 10C Lishen x\u00e1m ch\u1ea5t l\u01b0\u1ee3ng \u0111\u00fang cam k\u1ebft. \u0110\u00e2y l\u00e0 lo\u1ea1i pin \u0111ang \u0111\u01b0\u1ee3c d\u00f9ng ph\u1ed5 bi\u1ebfn tr\u00ean th\u1ecb tr\u01b0\u1eddng v\u00ec \u0111\u01b0\u1ee3c \u0111\u00e1nh gi\u00e1 cao v\u1ec1 dung l\u01b0\u1ee3ng d\u00f2ng x\u1ea3 t\u1ed1t, n\u00ean th\u01b0\u1eddng d\u00f9ng l\u00e0m pin cho c\u00e1c thi\u1ebft b\u1ecb c\u00e0m tay nh\u01b0 m\u00e1y khoan, m\u00e1y b\u1eafn v\u00edt, m\u00e1y m\u00e0i, \u0111\u00e8n c\u00f4ng su\u1ea5t l\u1edbn, qu\u1ea1t pin, ups DC, cell laptop v\u00e0 nhi\u1ec1u thi\u1ebft b\u1ecb kh\u00e1c.<\/strong><br \/>\n<a href=\"https:\/\/maybommini.com\/wp-content\/uploads\/2022\/09\/ban-pin-lishen-chinh-hang-2000mah.jpg\" target=\"_blank\" rel=\"noopener\"><img decoding=\"async\" class=\"size-full wp-image-270769 aligncenter\" src=\"https:\/\/maybommini.com\/wp-content\/uploads\/2022\/09\/ban-pin-lishen-chinh-hang-2000mah.jpg\" alt=\"Ban Pin Lishen Chinh Hang 2000mah\" width=\"750\" height=\"750\" srcset=\"https:\/\/maybommini.vn\/wp-content\/uploads\/2022\/09\/ban-pin-lishen-chinh-hang-2000mah.jpg 750w, https:\/\/maybommini.vn\/wp-content\/uploads\/2022\/09\/ban-pin-lishen-chinh-hang-2000mah-300x300.jpg 300w, https:\/\/maybommini.vn\/wp-content\/uploads\/2022\/09\/ban-pin-lishen-chinh-hang-2000mah-150x150.jpg 150w, https:\/\/maybommini.vn\/wp-content\/uploads\/2022\/09\/ban-pin-lishen-chinh-hang-2000mah-600x600.jpg 600w\" sizes=\"(max-width: 750px) 100vw, 750px\" \/><\/a><strong>TH\u00d4NG S\u1ed0 K\u1ef8 THU\u1eacT<\/strong><br \/>\nTh\u01b0\u01a1ng hi\u1ec7u: LISHEN<br \/>\nModel: LS-2000mah<br \/>\nDung l\u01b0\u1ee3ng: 2000mah<br \/>\nD\u00f2ng x\u1ea3: 10C 20A<br \/>\n\u0110i\u1ec7n \u00e1p ti\u00eau chu\u1ea9n: 3.6 &#8211; 3.7V DC<br \/>\nPin s\u1ea1c \u0111\u1ea7y: 4.2V DC<br \/>\nPin c\u1ea1n: 2.75V DC<br \/>\nNgu\u1ed3n s\u1ea1c v\u00e0o: 4.2V 1C<br \/>\n\u0110i\u1ec7n tr\u1edf trong: d\u01b0\u1edbi 20 milliohms<br \/>\nPin lithium c\u00f3 th\u1ec3 s\u1ea1c l\u1ea1i nhi\u1ec1u l\u1ea7n<br \/>\nTu\u1ed5i th\u1ecd: 1000 l\u1ea7n<br \/>\nK\u00edch th\u01b0\u1edbc: 18*65mm (\u0111\u01b0\u1eddng k\u00ednh, chi\u1ec1u d\u00e0i)<\/p>\n<p>&nbsp;<\/p>\n<p><a href=\"https:\/\/maybommini.com\/wp-content\/uploads\/2022\/09\/cell-pin-may-khoan-cam-tay-gia-tot-lishen-2000-10C.jpg\" target=\"_blank\" rel=\"noopener\"><img decoding=\"async\" class=\"size-full wp-image-270771 aligncenter\" src=\"https:\/\/maybommini.com\/wp-content\/uploads\/2022\/09\/cell-pin-may-khoan-cam-tay-gia-tot-lishen-2000-10C.jpg\" alt=\"Cell Pin May Khoan Cam Tay Gia Tot Lishen 2000 10C\" width=\"750\" height=\"750\" srcset=\"https:\/\/maybommini.vn\/wp-content\/uploads\/2022\/09\/cell-pin-may-khoan-cam-tay-gia-tot-lishen-2000-10C.jpg 750w, https:\/\/maybommini.vn\/wp-content\/uploads\/2022\/09\/cell-pin-may-khoan-cam-tay-gia-tot-lishen-2000-10C-300x300.jpg 300w, https:\/\/maybommini.vn\/wp-content\/uploads\/2022\/09\/cell-pin-may-khoan-cam-tay-gia-tot-lishen-2000-10C-150x150.jpg 150w, https:\/\/maybommini.vn\/wp-content\/uploads\/2022\/09\/cell-pin-may-khoan-cam-tay-gia-tot-lishen-2000-10C-600x600.jpg 600w\" sizes=\"(max-width: 750px) 100vw, 750px\" \/><\/a><a href=\"https:\/\/maybommini.com\/wp-content\/uploads\/2022\/09\/cell-pin-18650-lishen-gia-re.jpg\" target=\"_blank\" rel=\"noopener\"><img decoding=\"async\" class=\"size-full wp-image-270770 aligncenter\" src=\"https:\/\/maybommini.com\/wp-content\/uploads\/2022\/09\/cell-pin-18650-lishen-gia-re.jpg\" alt=\"Cell Pin 18650 Lishen Gia Re\" width=\"750\" height=\"750\" srcset=\"https:\/\/maybommini.vn\/wp-content\/uploads\/2022\/09\/cell-pin-18650-lishen-gia-re.jpg 750w, https:\/\/maybommini.vn\/wp-content\/uploads\/2022\/09\/cell-pin-18650-lishen-gia-re-300x300.jpg 300w, https:\/\/maybommini.vn\/wp-content\/uploads\/2022\/09\/cell-pin-18650-lishen-gia-re-150x150.jpg 150w, https:\/\/maybommini.vn\/wp-content\/uploads\/2022\/09\/cell-pin-18650-lishen-gia-re-600x600.jpg 600w\" sizes=\"(max-width: 750px) 100vw, 750px\" \/><\/a><a href=\"https:\/\/maybommini.com\/wp-content\/uploads\/2022\/09\/do-noi-tro-pin-lishen-2000mah-xanh-la.jpg\" target=\"_blank\" rel=\"noopener\"><img decoding=\"async\" class=\"size-full wp-image-270772 aligncenter\" src=\"https:\/\/maybommini.com\/wp-content\/uploads\/2022\/09\/do-noi-tro-pin-lishen-2000mah-xanh-la.jpg\" alt=\"Do Noi Tro Pin Lishen 2000mah Xanh La\" width=\"750\" height=\"750\" srcset=\"https:\/\/maybommini.vn\/wp-content\/uploads\/2022\/09\/do-noi-tro-pin-lishen-2000mah-xanh-la.jpg 750w, https:\/\/maybommini.vn\/wp-content\/uploads\/2022\/09\/do-noi-tro-pin-lishen-2000mah-xanh-la-300x300.jpg 300w, https:\/\/maybommini.vn\/wp-content\/uploads\/2022\/09\/do-noi-tro-pin-lishen-2000mah-xanh-la-150x150.jpg 150w, https:\/\/maybommini.vn\/wp-content\/uploads\/2022\/09\/do-noi-tro-pin-lishen-2000mah-xanh-la-600x600.jpg 600w\" sizes=\"(max-width: 750px) 100vw, 750px\" \/><\/a><a href=\"https:\/\/maybommini.com\/wp-content\/uploads\/2022\/09\/test-dung-luong-pin-lishen-xanh-la-2000mah.jpg\" target=\"_blank\" rel=\"noopener\"><img decoding=\"async\" class=\"size-full wp-image-270777 aligncenter\" src=\"https:\/\/maybommini.com\/wp-content\/uploads\/2022\/09\/test-dung-luong-pin-lishen-xanh-la-2000mah.jpg\" alt=\"Test Dung Luong Pin Lishen Xanh La 2000mah\" width=\"750\" height=\"750\" srcset=\"https:\/\/maybommini.vn\/wp-content\/uploads\/2022\/09\/test-dung-luong-pin-lishen-xanh-la-2000mah.jpg 750w, https:\/\/maybommini.vn\/wp-content\/uploads\/2022\/09\/test-dung-luong-pin-lishen-xanh-la-2000mah-300x300.jpg 300w, https:\/\/maybommini.vn\/wp-content\/uploads\/2022\/09\/test-dung-luong-pin-lishen-xanh-la-2000mah-150x150.jpg 150w, https:\/\/maybommini.vn\/wp-content\/uploads\/2022\/09\/test-dung-luong-pin-lishen-xanh-la-2000mah-600x600.jpg 600w\" sizes=\"(max-width: 750px) 100vw, 750px\" \/><\/a><\/p>\n<p><strong>S\u1eec D\u1ee4NG PIN S\u1ea0C 18650 LISHEN<\/strong><br \/>\nS\u1eed d\u1ee5ng: thay th\u1ebf pin m\u00e1y t\u00ednh x\u00e1ch tay, \u0111\u00e8n pin, cung c\u1ea5p n\u0103ng l\u01b0\u1ee3ng d\u1ef1 ph\u00f2ng thi\u1ebft b\u1ecb di \u0111\u1ed9ng, c\u0169ng c\u00f3 th\u1ec3 l\u00e0m nhi\u1ec1u lo\u1ea1i pin s\u1ea1c<br \/>\nNh\u1eafc nh\u1edf \u0111\u1eb7c bi\u1ec7t: Pin lithium \u0111\u01b0\u1ee3c s\u1eed d\u1ee5ng cho \u0111\u00e8n pin, pin m\u1edbi \u0111\u01b0\u1ee3c s\u1ea1c tr\u01b0\u1edbc v\u00e0 sau \u0111\u00f3 \u0111\u01b0\u1ee3c s\u1eed d\u1ee5ng. Pin lithium kh\u00f4ng n\u00ean \u0111\u01b0\u1ee3c s\u1ea1c qu\u00e1 m\u1ee9c v\u00e0 qu\u00e1 s\u1ea1c. Khi pin \u0111\u1ea7y, n\u00f3 s\u1ebd ng\u1eebng s\u1ea1c. N\u1ebfu pin y\u1ebfu, h\u00e3y s\u1ea1c ngay l\u1eadp t\u1ee9c, n\u1ebfu kh\u00f4ng pin d\u1ec5 b\u1ecb h\u1ecfng ho\u1eb7c th\u1eadm ch\u00ed g\u00e2y ra. B\u1ecf \u0111i. (\u0110i\u1ec7n \u00e1p \u0111\u1ea7y \u0111\u1ee7 kh\u00f4ng \u0111\u01b0\u1ee3c cao h\u01a1n 4,35V v\u00e0 \u0111i\u1ec7n \u00e1p ph\u00f3ng kh\u00f4ng \u0111\u01b0\u1ee3c th\u1ea5p h\u01a1n 2,75V)<br \/>\nPin lithium b\u1ecb gi\u1edbi h\u1ea1n v\u1ec1 s\u1ed1 l\u01b0\u1ee3ng s\u1eed d\u1ee5ng, th\u01b0\u1eddng kho\u1ea3ng 1000 &#8211; 800 l\u1ea7n.<br \/>\nM\u1ed7i l\u1ea7n l\u1eafp v\u00e0o n\u00f3 t\u01b0\u01a1ng \u0111\u01b0\u01a1ng v\u1edbi vi\u1ec7c s\u1ea1c pin m\u1ed9t l\u1ea7n.<br \/>\nKhi \u0111\u01b0\u1ee3c s\u1ea1c m\u1ed9t l\u1ea7n, n\u00f3 s\u1ebd r\u00fat ng\u1eafn tu\u1ed5i th\u1ecd c\u1ee7a pin.<\/p>\n<p>&nbsp;<\/p>\n<p><a href=\"https:\/\/maybommini.com\/wp-content\/uploads\/2022\/09\/phan-phoi-pin-sac-lishen-tren-toan-quoc.jpg\" target=\"_blank\" rel=\"noopener\"><img decoding=\"async\" class=\"size-full wp-image-270774 aligncenter\" src=\"https:\/\/maybommini.com\/wp-content\/uploads\/2022\/09\/phan-phoi-pin-sac-lishen-tren-toan-quoc.jpg\" alt=\"Phan Phoi Pin Sac Lishen Tren Toan Quoc\" width=\"750\" height=\"750\" srcset=\"https:\/\/maybommini.vn\/wp-content\/uploads\/2022\/09\/phan-phoi-pin-sac-lishen-tren-toan-quoc.jpg 750w, https:\/\/maybommini.vn\/wp-content\/uploads\/2022\/09\/phan-phoi-pin-sac-lishen-tren-toan-quoc-300x300.jpg 300w, https:\/\/maybommini.vn\/wp-content\/uploads\/2022\/09\/phan-phoi-pin-sac-lishen-tren-toan-quoc-150x150.jpg 150w, https:\/\/maybommini.vn\/wp-content\/uploads\/2022\/09\/phan-phoi-pin-sac-lishen-tren-toan-quoc-600x600.jpg 600w\" sizes=\"(max-width: 750px) 100vw, 750px\" \/><\/a><a href=\"https:\/\/maybommini.com\/wp-content\/uploads\/2022\/09\/pin-lishen-gia-tot-chinh-hang.jpg\" target=\"_blank\" rel=\"noopener\"><img decoding=\"async\" class=\"size-full wp-image-270776 aligncenter\" src=\"https:\/\/maybommini.com\/wp-content\/uploads\/2022\/09\/pin-lishen-gia-tot-chinh-hang.jpg\" alt=\"Pin Lishen Gia Tot Chinh Hang\" width=\"750\" height=\"750\" srcset=\"https:\/\/maybommini.vn\/wp-content\/uploads\/2022\/09\/pin-lishen-gia-tot-chinh-hang.jpg 750w, https:\/\/maybommini.vn\/wp-content\/uploads\/2022\/09\/pin-lishen-gia-tot-chinh-hang-300x300.jpg 300w, https:\/\/maybommini.vn\/wp-content\/uploads\/2022\/09\/pin-lishen-gia-tot-chinh-hang-150x150.jpg 150w, https:\/\/maybommini.vn\/wp-content\/uploads\/2022\/09\/pin-lishen-gia-tot-chinh-hang-600x600.jpg 600w\" sizes=\"(max-width: 750px) 100vw, 750px\" \/><\/a><\/p>\n<p><strong>H\u01af\u1edaNG D\u1eaaN S\u1eec D\u1ee4NG PIN S\u1ea0C \u0110\u00daNG C\u00c1CH<\/strong><br \/>\n\u2013 S\u1eed d\u1ee5ng tr\u00e1nh kh\u00f4ng \u0111\u01b0\u1ee3c ch\u1ea1m c\u1ef1c \u00c2m v\u00e0 D\u01b0\u01a1ng g\u00e2y ch\u00e1y n\u1ed5.<br \/>\n\u2013 S\u1eed d\u1ee5ng kh\u00f4ng \u0111\u01b0\u1ee3c qu\u00e1 c\u00f4ng su\u1ea5t t\u1ea3i t\u1ed1i \u0111a cho ph\u00e9p.<br \/>\n\u2013 N\u00ean s\u1eed d\u1ee5ng t\u1ed1t nh\u1ea5t c\u00f4ng su\u1ea5t t\u1ea3i 50% 60% so v\u1edbi c\u00f4ng su\u1ea5t t\u1ed1i \u0111a pin ch\u1ecbu t\u1ea3i.<br \/>\n\u2013 S\u1ea1c l\u1ea1i pin khi \u0111i\u1ec7n \u00e1p d\u01b0\u1edbi 2.5V.<br \/>\n\u2013 C\u1ea7n s\u1ea1c pin l\u1ea1i c\u00e1ch nhau 20 \u2013 30 ng\u00e0y n\u1ebfu l\u01b0u tr\u1eef l\u00e2u d\u00e0i.<br \/>\n\u2013 Kh\u00f4ng \u0111\u1ec3 pin dung l\u01b0\u1ee3ng c\u1ea1n ki\u1ec7t s\u1ebb l\u00e0m h\u01b0 pin v\u00e0 gi\u00e3m tu\u1ed5i th\u1ecd.<br \/>\n\u2013 \u0110ang s\u1ea1c th\u00ec kh\u00f4ng s\u1eed d\u1ee5ng tr\u00e1nh ch\u00e1y n\u1ed5.<br \/>\n\u2013 L\u01b0u tr\u1eef v\u00e0 s\u1eed d\u1ee5ng n\u01a1i tho\u00e1ng m\u00e1t v\u00e0 tr\u00e1nh \u1ea9m \u01b0\u1edbt.<br \/>\n\u2013 S\u1eed d\u1ee5ng lo\u1ea1i s\u1ea1c c\u00f3 \u0111i\u1ec7n \u00e1p v\u00e0 d\u00f2ng ph\u00f9 h\u1ee3p theo nh\u00e0 s\u1ea3n xu\u1ea5t \u0111\u1ec3 tr\u00e1nh l\u00e0m h\u01b0 v\u00e0 gi\u00e3m tu\u1ed5i th\u1ecd pin.<br \/>\n\u2013 Tr\u00e1nh pin b\u1ecb va ch\u1ea1m m\u1ea1nh l\u00e0m h\u01b0 pin v\u00e0 ch\u00e1y n\u1ed5.<\/p>\n<p><a href=\"https:\/\/maybommini.com\/wp-content\/uploads\/2022\/09\/ban-pin-lishen-2000mah-10c-cao-cap.jpg\" target=\"_blank\" rel=\"noopener\"><img decoding=\"async\" class=\"size-full wp-image-270778 aligncenter\" src=\"https:\/\/maybommini.com\/wp-content\/uploads\/2022\/09\/ban-pin-lishen-2000mah-10c-cao-cap.jpg\" alt=\"Ban Pin Lishen 2000mah 10c Cao Cap\" width=\"750\" height=\"750\" srcset=\"https:\/\/maybommini.vn\/wp-content\/uploads\/2022\/09\/ban-pin-lishen-2000mah-10c-cao-cap.jpg 750w, https:\/\/maybommini.vn\/wp-content\/uploads\/2022\/09\/ban-pin-lishen-2000mah-10c-cao-cap-300x300.jpg 300w, https:\/\/maybommini.vn\/wp-content\/uploads\/2022\/09\/ban-pin-lishen-2000mah-10c-cao-cap-150x150.jpg 150w, https:\/\/maybommini.vn\/wp-content\/uploads\/2022\/09\/ban-pin-lishen-2000mah-10c-cao-cap-600x600.jpg 600w\" sizes=\"(max-width: 750px) 100vw, 750px\" \/><\/a><a href=\"https:\/\/maybommini.com\/wp-content\/uploads\/2022\/09\/pin-18650-lishen-chinh-hang-10C.jpg\" target=\"_blank\" rel=\"noopener\"><img decoding=\"async\" class=\"size-full wp-image-270775 aligncenter\" src=\"https:\/\/maybommini.com\/wp-content\/uploads\/2022\/09\/pin-18650-lishen-chinh-hang-10C.jpg\" alt=\"Pin 18650 Lishen Chinh Hang 10C\" width=\"750\" height=\"750\" srcset=\"https:\/\/maybommini.vn\/wp-content\/uploads\/2022\/09\/pin-18650-lishen-chinh-hang-10C.jpg 750w, https:\/\/maybommini.vn\/wp-content\/uploads\/2022\/09\/pin-18650-lishen-chinh-hang-10C-300x300.jpg 300w, https:\/\/maybommini.vn\/wp-content\/uploads\/2022\/09\/pin-18650-lishen-chinh-hang-10C-150x150.jpg 150w, https:\/\/maybommini.vn\/wp-content\/uploads\/2022\/09\/pin-18650-lishen-chinh-hang-10C-600x600.jpg 600w\" sizes=\"(max-width: 750px) 100vw, 750px\" \/><\/a><\/p>\n<p><strong>\u1ee8NG D\u1ee4NG S\u1eec D\u1ee4NG PIN S\u1ea0C<\/strong><br \/>\nD\u00f9ng t\u1ed1t cho c\u00e1c thi\u1ebft b\u1ecb pin s\u1ea1c.<br \/>\nS\u1eed d\u1ee5ng cho m\u00e1y b\u01a1m mini 12V gh\u00e9p pin 3s 18650<br \/>\nD\u00f9ng cho m\u00e1y b\u01a1m n\u01b0\u1edbc.<br \/>\nD\u00f9ng pin s\u1ea1c cho c\u00e1c thi\u1ebft b\u1ecb Camera, pin d\u1ef1 ph\u00f2ng, \u0111\u00e8n Led, qu\u1ea1t \u2026.<br \/>\nD\u00f9ng cho \u0111\u1ed5 ch\u01a1i tr\u1ebb em.<br \/>\nPin s\u1ea1c d\u1ef1 ph\u00f2ng.<br \/>\nPin \u0111\u00e8n led si\u00eau s\u00e1ng.<br \/>\nPin loa k\u00e9o karaoke.<br \/>\nPin thi\u1ebft b\u1ecb t\u1ef1 \u0111\u1ed9ng th\u00f4ng minh.<br \/>\nPin cho kho\u00e1 c\u1eeda t\u1eeb.<br \/>\nPin d\u1ef1 ph\u00f2ng c\u1eeda t\u1eeb.<br \/>\nPin cho m\u00e1y ch\u1ea5m c\u00f4ng v\u00e2n tay.<br \/>\nPin s\u1ea1c m\u00e1y ch\u1ea5m c\u00f4ng th\u1ebb t\u1eeb.<br \/>\nPin m\u00e1y khoan, m\u00e1y b\u1eafn v\u00edt.<br \/>\nUPS d\u1ef1 ph\u00f2ng cho thi\u1ebft b\u1ecb.<br \/>\nNgu\u1ed3n Wifi, modem, box TV.<\/p>\n<p><strong><a href=\"https:\/\/maybommini.com\/wp-content\/uploads\/2022\/09\/sung-dung-pin-sac-18650.jpg\" target=\"_blank\" rel=\"noopener\"><img decoding=\"async\" class=\"size-full wp-image-270767 aligncenter\" src=\"https:\/\/maybommini.com\/wp-content\/uploads\/2022\/09\/sung-dung-pin-sac-18650.jpg\" alt=\"Sung Dung Pin Sac 18650\" width=\"750\" height=\"750\" srcset=\"https:\/\/maybommini.vn\/wp-content\/uploads\/2022\/09\/sung-dung-pin-sac-18650.jpg 750w, https:\/\/maybommini.vn\/wp-content\/uploads\/2022\/09\/sung-dung-pin-sac-18650-300x300.jpg 300w, https:\/\/maybommini.vn\/wp-content\/uploads\/2022\/09\/sung-dung-pin-sac-18650-150x150.jpg 150w, https:\/\/maybommini.vn\/wp-content\/uploads\/2022\/09\/sung-dung-pin-sac-18650-600x600.jpg 600w\" sizes=\"(max-width: 750px) 100vw, 750px\" \/> <\/a><a href=\"https:\/\/maybommini.com\/wp-content\/uploads\/2022\/09\/nha-cung-cap-phan-phoi-hang-dau-viet-nam.jpg\" target=\"_blank\" rel=\"noopener\"><img decoding=\"async\" class=\"size-full wp-image-270765 aligncenter\" src=\"https:\/\/maybommini.com\/wp-content\/uploads\/2022\/09\/nha-cung-cap-phan-phoi-hang-dau-viet-nam.jpg\" alt=\"Nha Cung Cap Phan Phoi Hang Dau Viet Nam\" width=\"750\" height=\"750\" srcset=\"https:\/\/maybommini.vn\/wp-content\/uploads\/2022\/09\/nha-cung-cap-phan-phoi-hang-dau-viet-nam.jpg 750w, https:\/\/maybommini.vn\/wp-content\/uploads\/2022\/09\/nha-cung-cap-phan-phoi-hang-dau-viet-nam-300x300.jpg 300w, https:\/\/maybommini.vn\/wp-content\/uploads\/2022\/09\/nha-cung-cap-phan-phoi-hang-dau-viet-nam-150x150.jpg 150w, https:\/\/maybommini.vn\/wp-content\/uploads\/2022\/09\/nha-cung-cap-phan-phoi-hang-dau-viet-nam-600x600.jpg 600w\" sizes=\"(max-width: 750px) 100vw, 750px\" \/><\/a><a href=\"https:\/\/maybommini.com\/wp-content\/uploads\/2022\/09\/nha-may-san-xuat-pin-lishen.jpg\" target=\"_blank\" rel=\"noopener\"><img decoding=\"async\" class=\"size-full wp-image-270766 aligncenter\" src=\"https:\/\/maybommini.com\/wp-content\/uploads\/2022\/09\/nha-may-san-xuat-pin-lishen.jpg\" alt=\"Nha May San Xuat Pin Lishen\" width=\"750\" height=\"750\" srcset=\"https:\/\/maybommini.vn\/wp-content\/uploads\/2022\/09\/nha-may-san-xuat-pin-lishen.jpg 750w, https:\/\/maybommini.vn\/wp-content\/uploads\/2022\/09\/nha-may-san-xuat-pin-lishen-300x300.jpg 300w, https:\/\/maybommini.vn\/wp-content\/uploads\/2022\/09\/nha-may-san-xuat-pin-lishen-150x150.jpg 150w, https:\/\/maybommini.vn\/wp-content\/uploads\/2022\/09\/nha-may-san-xuat-pin-lishen-600x600.jpg 600w\" sizes=\"(max-width: 750px) 100vw, 750px\" \/><\/a><\/strong><\/p>\n<p><strong>TH\u00d4NG TIN LI\u00caN H\u1ec6<\/strong><br \/>\nHotline Zalo: 02873030399 \u2013 090 729 4310 &#8211; 02873030399<br \/>\nNh\u1eadn \u0111\u00f3ng pin theo y\u00eau c\u1ea7u, l\u00e0m pin, n\u00e2ng c\u1ea5p pin, s\u1eeda pin cho h\u1ec7 th\u1ed1ng n\u0103ng l\u01b0\u1ee3ng m\u1eb7t tr\u1eddi, pin m\u00e1y khoan, pin robot h\u00fat b\u1ee5i lau nh\u00e0, pin m\u00e1y th\u1ed5i b\u1ee5i, pin \u0111\u00e8n, pin s\u1ea1c d\u1ef1 ph\u00f2ng, pin \u0111\u00e8n n\u0103ng l\u01b0\u1ee3ng m\u1eb7t tr\u1eddi, pin UPS, pin xe \u0111\u1ea1p \u0111i\u1ec7n v\u00e0 c\u00e1c lo\u1ea1i pin kh\u00e1c.<br \/>\n<strong>CTY TNHH TH\u01af\u01a0NG M\u1ea0I D\u1ecaCH V\u1ee4 \u0110I\u1ec6N M\u00c1Y TH\u00d4NG MINH<\/strong><br \/>\n<strong>Hotline:<\/strong>\u00a002873030399 \u2013 090 729 4310<br \/>\n<strong>Email:<\/strong>\u00a0maybommini.com@gmail.com<br \/>\n<strong>Website:<\/strong>\u00a0https:\/\/maybommini.com<br \/>\n<strong>Youtube demo:<\/strong>\u00a0https:\/\/www.youtube.com\/bahamasali<\/p>\n","protected":false},"excerpt":{"rendered":"<p>Th\u01b0\u01a1ng hi\u1ec7u: LISHEN<br \/>\nModel: LS-2000mah<br \/>\nDung l\u01b0\u1ee3ng: 2000mah<br \/>\nD\u00f2ng x\u1ea3: 10C 20A<br \/>\n\u0110i\u1ec7n \u00e1p ti\u00eau chu\u1ea9n: 3.6 &#8211; 3.7V DC<br \/>\nPin s\u1ea1c \u0111\u1ea7y: 4.2V DC<br \/>\nPin c\u1ea1n: 2.75V DC<br \/>\nNgu\u1ed3n s\u1ea1c v\u00e0o: 4.2V 1C<br \/>\n\u0110i\u1ec7n tr\u1edf trong: d\u01b0\u1edbi 20 milliohms<br \/>\nPin lithium c\u00f3 th\u1ec3 s\u1ea1c l\u1ea1i nhi\u1ec1u l\u1ea7n<br \/>\nTu\u1ed5i th\u1ecd: 1000 l\u1ea7n<br \/>\nK\u00edch th\u01b0\u1edbc: 18*65mm<br \/>\n<span style=\"color: #ff0000;\"><em><strong>MUA S\u1ed0 L\u01af\u1ee2NG C\u00d3 GI\u00c1 T\u1ed0T<\/strong><\/em><\/span><\/p>\n","protected":false},"featured_media":270769,"comment_status":"open","ping_status":"closed","template":"","meta":[],"product_brand":[],"product_cat":[214,421,3645],"product_tag":[3646,3647,1346,3649,3650,1311,3652,3653,3648,3651],"class_list":{"0":"post-270768","1":"product","2":"type-product","3":"status-publish","4":"has-post-thumbnail","6":"product_cat-phu-kien-bom-nuoc","7":"product_cat-pin-sac","8":"product_cat-pin-18650","9":"product_tag-3646","10":"product_tag-cell-18650","11":"product_tag-cell-pin","12":"product_tag-lishen","13":"product_tag-lishen-xam","14":"product_tag-pin-18650","15":"product_tag-pin-198650-3-7v","16":"product_tag-pin-3-7v","17":"product_tag-pin-lishen","18":"product_tag-pin-ls","20":"first","21":"instock","22":"sale","23":"shipping-taxable","24":"purchasable","25":"product-type-simple"},"_links":{"self":[{"href":"https:\/\/maybommini.vn\/index.php?rest_route=\/wp\/v2\/product\/270768","targetHints":{"allow":["GET"]}}],"collection":[{"href":"https:\/\/maybommini.vn\/index.php?rest_route=\/wp\/v2\/product"}],"about":[{"href":"https:\/\/maybommini.vn\/index.php?rest_route=\/wp\/v2\/types\/product"}],"replies":[{"embeddable":true,"href":"https:\/\/maybommini.vn\/index.php?rest_route=%2Fwp%2Fv2%2Fcomments&post=270768"}],"wp:featuredmedia":[{"embeddable":true,"href":"https:\/\/maybommini.vn\/index.php?rest_route=\/wp\/v2\/media\/270769"}],"wp:attachment":[{"href":"https:\/\/maybommini.vn\/index.php?rest_route=%2Fwp%2Fv2%2Fmedia&parent=270768"}],"wp:term":[{"taxonomy":"product_brand","embeddable":true,"href":"https:\/\/maybommini.vn\/index.php?rest_route=%2Fwp%2Fv2%2Fproduct_brand&post=270768"},{"taxonomy":"product_cat","embeddable":true,"href":"https:\/\/maybommini.vn\/index.php?rest_route=%2Fwp%2Fv2%2Fproduct_cat&post=270768"},{"taxonomy":"product_tag","embeddable":true,"href":"https:\/\/maybommini.vn\/index.php?rest_route=%2Fwp%2Fv2%2Fproduct_tag&post=270768"}],"curies":[{"name":"wp","href":"https:\/\/api.w.org\/{rel}","templated":true}]}}