{"id":270808,"date":"2022-09-27T16:00:08","date_gmt":"2022-09-27T09:00:08","guid":{"rendered":"https:\/\/maybommini.com\/?post_type=product&#038;p=270808"},"modified":"2022-09-27T17:29:20","modified_gmt":"2022-09-27T10:29:20","slug":"pin-makita-18v-5-0ah-10-cell","status":"publish","type":"product","link":"https:\/\/maybommini.vn\/?product=pin-makita-18v-5-0ah-10-cell","title":{"rendered":"Pin Makita 18V 5.0Ah 10 cell"},"content":{"rendered":"<p><strong>Chuy\u00ean cung c\u1ea5p ph\u00e2n ph\u1ed1i b\u00e1n s\u1ec9 v\u00e0 l\u1ebb c\u00e1c lo\u1ea1i pin thi\u1ebft b\u1ecb c\u1ea7m tay Makita g\u00eda t\u1ed1t b\u1ea3o h\u00e0nh l\u00e2u d\u00e0i tr\u00ean to\u00e0n qu\u1ed1c. Pin Makita 18V 5.0Ah 10 cell l\u00e0 lo\u1ea1i pin s\u1ea1c Lithium-ion chuy\u00ean d\u1ee5ng cho c\u00e1c thi\u1ebft b\u1ecb c\u1ea7m tay ph\u1ed5 bi\u1ebfn hi\u1ec7n nay c\u00f3 tr\u00ean th\u1ecb tr\u01b0\u1eddng c\u00f3 dung l\u01b0\u1ee3ng l\u1edbn v\u00e0 ch\u1ecbu t\u1ea3i cao.<\/strong><\/p>\n<p><strong><a href=\"https:\/\/maybommini.com\/wp-content\/uploads\/2022\/09\/pin-makita-18v-lithiun-ion-10-cell.jpg\" target=\"_blank\" rel=\"noopener\"><img decoding=\"async\" class=\"size-full wp-image-270816 aligncenter\" src=\"https:\/\/maybommini.com\/wp-content\/uploads\/2022\/09\/pin-makita-18v-lithiun-ion-10-cell.jpg\" alt=\"Pin Makita 18v Lithiun Ion 10 Cell\" width=\"750\" height=\"750\" srcset=\"https:\/\/maybommini.vn\/wp-content\/uploads\/2022\/09\/pin-makita-18v-lithiun-ion-10-cell.jpg 750w, https:\/\/maybommini.vn\/wp-content\/uploads\/2022\/09\/pin-makita-18v-lithiun-ion-10-cell-300x300.jpg 300w, https:\/\/maybommini.vn\/wp-content\/uploads\/2022\/09\/pin-makita-18v-lithiun-ion-10-cell-150x150.jpg 150w, https:\/\/maybommini.vn\/wp-content\/uploads\/2022\/09\/pin-makita-18v-lithiun-ion-10-cell-600x600.jpg 600w\" sizes=\"(max-width: 750px) 100vw, 750px\" \/><\/a>TH\u00d4NG S\u1ed0 K\u1ef4 THU\u1eacT<\/strong><br \/>\nModel: BL-1850B<br \/>\n\u0110i\u1ec7n th\u1ebf ra: 18V &#8211; 21V DC<br \/>\n\u0110i\u1ec7n th\u1ebf s\u1ea1c: 21.6V DC<br \/>\nD\u00f2ng ch\u1ecbu t\u1ea3i t\u1ed1i \u0111a: 80A<br \/>\nDung l\u01b0\u1ee3ng: 5.0Ah &#8211; 90Wh<br \/>\nCell pin: 10 cell &#8211; 5S2P<br \/>\nM\u1ea1ch b\u1ea3o v\u1ec7 c\u00e2n b\u1eb1ng th\u00f4ng minh 80A.<br \/>\nCh\u1ed1ng ch\u1eadp qu\u00e1 t\u1ea3i qu\u00e1 \u00e1p v\u00e0 ng\u1eaft khi pin y\u1ebfu.<br \/>\nM\u1ea1ch b\u00e1o dung l\u01b0\u1ee3ng pin \u0111\u00e8n LED.<br \/>\nCh\u1ea5t li\u1ec7u: Nh\u1ef1a ABS &#8211; \u0110\u1ed3ng &#8211; K\u1ebdm<br \/>\nK\u00edch th\u01b0\u1edbc: 120 x 65 x 90 mm<br \/>\nTr\u1ecdng l\u01b0\u1ee3ng: 550 gam<\/p>\n<p>&nbsp;<\/p>\n<p><strong><a href=\"https:\/\/maybommini.com\/wp-content\/uploads\/2022\/09\/pin-may-ban-bulong-cam-tay-21v.jpg\" target=\"_blank\" rel=\"noopener\"><img decoding=\"async\" class=\"size-full wp-image-270817 aligncenter\" src=\"https:\/\/maybommini.com\/wp-content\/uploads\/2022\/09\/pin-may-ban-bulong-cam-tay-21v.jpg\" alt=\"Pin May Ban Bulong Cam Tay 21v\" width=\"750\" height=\"750\" srcset=\"https:\/\/maybommini.vn\/wp-content\/uploads\/2022\/09\/pin-may-ban-bulong-cam-tay-21v.jpg 750w, https:\/\/maybommini.vn\/wp-content\/uploads\/2022\/09\/pin-may-ban-bulong-cam-tay-21v-300x300.jpg 300w, https:\/\/maybommini.vn\/wp-content\/uploads\/2022\/09\/pin-may-ban-bulong-cam-tay-21v-150x150.jpg 150w, https:\/\/maybommini.vn\/wp-content\/uploads\/2022\/09\/pin-may-ban-bulong-cam-tay-21v-600x600.jpg 600w\" sizes=\"(max-width: 750px) 100vw, 750px\" \/><\/a><a href=\"https:\/\/maybommini.com\/wp-content\/uploads\/2022\/09\/pin-may-khoan-makita-18v-10cell-5000mah.jpg\" target=\"_blank\" rel=\"noopener\"><img decoding=\"async\" class=\"size-full wp-image-270818 aligncenter\" src=\"https:\/\/maybommini.com\/wp-content\/uploads\/2022\/09\/pin-may-khoan-makita-18v-10cell-5000mah.jpg\" alt=\"Pin May Khoan Makita 18v 10cell 5000mah\" width=\"750\" height=\"750\" srcset=\"https:\/\/maybommini.vn\/wp-content\/uploads\/2022\/09\/pin-may-khoan-makita-18v-10cell-5000mah.jpg 750w, https:\/\/maybommini.vn\/wp-content\/uploads\/2022\/09\/pin-may-khoan-makita-18v-10cell-5000mah-300x300.jpg 300w, https:\/\/maybommini.vn\/wp-content\/uploads\/2022\/09\/pin-may-khoan-makita-18v-10cell-5000mah-150x150.jpg 150w, https:\/\/maybommini.vn\/wp-content\/uploads\/2022\/09\/pin-may-khoan-makita-18v-10cell-5000mah-600x600.jpg 600w\" sizes=\"(max-width: 750px) 100vw, 750px\" \/><\/a><a href=\"https:\/\/maybommini.com\/wp-content\/uploads\/2022\/09\/pin-may-khoan-makita-gia-tot.jpg\" target=\"_blank\" rel=\"noopener\"><img decoding=\"async\" class=\"size-full wp-image-270819 aligncenter\" src=\"https:\/\/maybommini.com\/wp-content\/uploads\/2022\/09\/pin-may-khoan-makita-gia-tot.jpg\" alt=\"Pin May Khoan Makita Gia Tot\" width=\"750\" height=\"750\" srcset=\"https:\/\/maybommini.vn\/wp-content\/uploads\/2022\/09\/pin-may-khoan-makita-gia-tot.jpg 750w, https:\/\/maybommini.vn\/wp-content\/uploads\/2022\/09\/pin-may-khoan-makita-gia-tot-300x300.jpg 300w, https:\/\/maybommini.vn\/wp-content\/uploads\/2022\/09\/pin-may-khoan-makita-gia-tot-150x150.jpg 150w, https:\/\/maybommini.vn\/wp-content\/uploads\/2022\/09\/pin-may-khoan-makita-gia-tot-600x600.jpg 600w\" sizes=\"(max-width: 750px) 100vw, 750px\" \/><\/a><a href=\"https:\/\/maybommini.com\/wp-content\/uploads\/2022\/09\/pin-makita-5ah-chinh-hang.jpg\" target=\"_blank\" rel=\"noopener\"><img decoding=\"async\" class=\"size-full wp-image-270814 aligncenter\" src=\"https:\/\/maybommini.com\/wp-content\/uploads\/2022\/09\/pin-makita-5ah-chinh-hang.jpg\" alt=\"Pin Makita 5ah Chinh Hang\" width=\"750\" height=\"750\" srcset=\"https:\/\/maybommini.vn\/wp-content\/uploads\/2022\/09\/pin-makita-5ah-chinh-hang.jpg 750w, https:\/\/maybommini.vn\/wp-content\/uploads\/2022\/09\/pin-makita-5ah-chinh-hang-300x300.jpg 300w, https:\/\/maybommini.vn\/wp-content\/uploads\/2022\/09\/pin-makita-5ah-chinh-hang-150x150.jpg 150w, https:\/\/maybommini.vn\/wp-content\/uploads\/2022\/09\/pin-makita-5ah-chinh-hang-600x600.jpg 600w\" sizes=\"(max-width: 750px) 100vw, 750px\" \/><\/a><a href=\"https:\/\/maybommini.com\/wp-content\/uploads\/2022\/09\/led-bao-dung-luong-pin-makita-18v-5ah.jpg\" target=\"_blank\" rel=\"noopener\"><img decoding=\"async\" class=\"size-full wp-image-270813 aligncenter\" src=\"https:\/\/maybommini.com\/wp-content\/uploads\/2022\/09\/led-bao-dung-luong-pin-makita-18v-5ah.jpg\" alt=\"Led Bao Dung Luong Pin Makita 18v 5ah\" width=\"750\" height=\"750\" srcset=\"https:\/\/maybommini.vn\/wp-content\/uploads\/2022\/09\/led-bao-dung-luong-pin-makita-18v-5ah.jpg 750w, https:\/\/maybommini.vn\/wp-content\/uploads\/2022\/09\/led-bao-dung-luong-pin-makita-18v-5ah-300x300.jpg 300w, https:\/\/maybommini.vn\/wp-content\/uploads\/2022\/09\/led-bao-dung-luong-pin-makita-18v-5ah-150x150.jpg 150w, https:\/\/maybommini.vn\/wp-content\/uploads\/2022\/09\/led-bao-dung-luong-pin-makita-18v-5ah-600x600.jpg 600w\" sizes=\"(max-width: 750px) 100vw, 750px\" \/><\/a><a href=\"https:\/\/maybommini.com\/wp-content\/uploads\/2022\/09\/khe-pin-makita-18v-BL-5ah.jpg\" target=\"_blank\" rel=\"noopener\"><img decoding=\"async\" class=\"size-full wp-image-270812 aligncenter\" src=\"https:\/\/maybommini.com\/wp-content\/uploads\/2022\/09\/khe-pin-makita-18v-BL-5ah.jpg\" alt=\"Khe Pin Makita 18v BL 5ah\" width=\"750\" height=\"750\" srcset=\"https:\/\/maybommini.vn\/wp-content\/uploads\/2022\/09\/khe-pin-makita-18v-BL-5ah.jpg 750w, https:\/\/maybommini.vn\/wp-content\/uploads\/2022\/09\/khe-pin-makita-18v-BL-5ah-300x300.jpg 300w, https:\/\/maybommini.vn\/wp-content\/uploads\/2022\/09\/khe-pin-makita-18v-BL-5ah-150x150.jpg 150w, https:\/\/maybommini.vn\/wp-content\/uploads\/2022\/09\/khe-pin-makita-18v-BL-5ah-600x600.jpg 600w\" sizes=\"(max-width: 750px) 100vw, 750px\" \/><\/a><\/strong><\/p>\n<p><strong>C\u00c1CH S\u1eec D\u1ee4NG PIN MAKITA 18V<\/strong><br \/>\n&#8211; S\u1eed d\u1ee5ng \u0111\u00fang thi\u1ebft b\u1ecb c\u00f3 khe c\u1eafm pin Makita.<br \/>\n&#8211; S\u1ea1c \u0111\u1ea7y khi s\u1eed d\u1ee5ng pin.<br \/>\n&#8211; B\u1ea3o qu\u1ea3n pin n\u01a1i kh\u00f4 r\u00e1o tho\u00e1t m\u00e1t.<br \/>\n&#8211; Kh\u00f4ng \u0111\u1ec3 pin dung l\u01b0\u1ee3ng c\u00f2n qu\u00e1 th\u1ea5p \u0111\u1ec3 b\u1ea3o qu\u1ea3n.<br \/>\n&#8211; S\u1eed d\u1ee5ng xong c\u1ea7n s\u1ea1c \u0111\u1ea7y \u0111\u1ec3 b\u1ea3o qu\u1ea3n pin.<br \/>\n&#8211; C\u1ea7n s\u1ea1c l\u1ea1i 1 \u0111\u1ebfn 2 l\u1ea7n n\u1ebfu b\u1ea3o qu\u1ea3n h\u01a1n 1 th\u00e1ng kh\u00f4ng s\u1eed d\u1ee5ng.<br \/>\n&#8211; Tr\u00e1nh va \u0111\u1eadp m\u1ea1nh v\u00e0o pin.<br \/>\n&#8211; S\u1ea1c pin \u0111\u00fang theo b\u1ed9 s\u1ea1c c\u1ee7a nh\u00e0 cung c\u1ea5p ho\u1eb7c theo th\u00f4ng tin s\u1ea3n ph\u1ea9m.<br \/>\n&#8211; Cell pin b\u1ecb gi\u00e3m tu\u1ed5i th\u1ecd do s\u1eed d\u1ee5ng l\u00e2u d\u00e0i ho\u1eb7c kh\u00f4ng \u0111\u00fang c\u00e1ch l\u00e0 kh\u00f4ng b\u1ea3o h\u00e0nh.<br \/>\n&#8211; M\u1ea1ch b\u1ea3o v\u1ec7 pin b\u1ecb ch\u00e1y n\u1ed5 do s\u1eed d\u1ee5ng kh\u00f4ng \u0111\u00fang c\u00e1ch kh\u00f4ng b\u1ea3o h\u00e0nh.<\/p>\n<p><a href=\"https:\/\/maybommini.com\/wp-content\/uploads\/2022\/09\/18V-Makita-Battery-5ah.jpg\" target=\"_blank\" rel=\"noopener\"><img decoding=\"async\" class=\"size-full wp-image-270809 aligncenter\" src=\"https:\/\/maybommini.com\/wp-content\/uploads\/2022\/09\/18V-Makita-Battery-5ah.jpg\" alt=\"18V Makita Battery 5ah\" width=\"750\" height=\"750\" srcset=\"https:\/\/maybommini.vn\/wp-content\/uploads\/2022\/09\/18V-Makita-Battery-5ah.jpg 750w, https:\/\/maybommini.vn\/wp-content\/uploads\/2022\/09\/18V-Makita-Battery-5ah-300x300.jpg 300w, https:\/\/maybommini.vn\/wp-content\/uploads\/2022\/09\/18V-Makita-Battery-5ah-150x150.jpg 150w, https:\/\/maybommini.vn\/wp-content\/uploads\/2022\/09\/18V-Makita-Battery-5ah-600x600.jpg 600w\" sizes=\"(max-width: 750px) 100vw, 750px\" \/><\/a><a href=\"https:\/\/maybommini.com\/wp-content\/uploads\/2022\/09\/ban-pin-makita-gia-re-chat-luong.jpg\" target=\"_blank\" rel=\"noopener\"><img decoding=\"async\" class=\"size-full wp-image-270810 aligncenter\" src=\"https:\/\/maybommini.com\/wp-content\/uploads\/2022\/09\/ban-pin-makita-gia-re-chat-luong.jpg\" alt=\"Ban Pin Makita Gia Re Chat Luong\" width=\"750\" height=\"750\" srcset=\"https:\/\/maybommini.vn\/wp-content\/uploads\/2022\/09\/ban-pin-makita-gia-re-chat-luong.jpg 750w, https:\/\/maybommini.vn\/wp-content\/uploads\/2022\/09\/ban-pin-makita-gia-re-chat-luong-300x300.jpg 300w, https:\/\/maybommini.vn\/wp-content\/uploads\/2022\/09\/ban-pin-makita-gia-re-chat-luong-150x150.jpg 150w, https:\/\/maybommini.vn\/wp-content\/uploads\/2022\/09\/ban-pin-makita-gia-re-chat-luong-600x600.jpg 600w\" sizes=\"(max-width: 750px) 100vw, 750px\" \/><\/a><\/p>\n<p><strong><a href=\"https:\/\/maybommini.com\/wp-content\/uploads\/2022\/09\/led-bao-pin-makita-18v.jpg\" target=\"_blank\" rel=\"noopener\"><img decoding=\"async\" class=\"size-full wp-image-270793 aligncenter\" src=\"https:\/\/maybommini.com\/wp-content\/uploads\/2022\/09\/led-bao-pin-makita-18v.jpg\" alt=\"Led Bao Pin Makita 18v\" width=\"750\" height=\"750\" srcset=\"https:\/\/maybommini.vn\/wp-content\/uploads\/2022\/09\/led-bao-pin-makita-18v.jpg 750w, https:\/\/maybommini.vn\/wp-content\/uploads\/2022\/09\/led-bao-pin-makita-18v-300x300.jpg 300w, https:\/\/maybommini.vn\/wp-content\/uploads\/2022\/09\/led-bao-pin-makita-18v-150x150.jpg 150w, https:\/\/maybommini.vn\/wp-content\/uploads\/2022\/09\/led-bao-pin-makita-18v-600x600.jpg 600w\" sizes=\"(max-width: 750px) 100vw, 750px\" \/><\/a><br \/>\n<\/strong><\/p>\n<p><strong>S\u1eec D\u1ee4NG V\u00c0 \u1ee8NG D\u1ee4NG PIN S\u1ea0C MAKITA LITHIUM 18V<\/strong><br \/>\n&#8211; Pin makita 18V BL s\u1eed d\u1ee5ng cho m\u00e1y khoan c\u1ea7m tay, m\u00e1y b\u1eafn v\u00edt m\u00e1y.<br \/>\n&#8211; Pin cho m\u00e1y b\u1eafn Bulong c\u1ea7m tay.<br \/>\n&#8211; Pin m\u00e1y khoan c\u1ea7m tay Makita.<br \/>\n&#8211; Pin m\u00e1y b\u1eafn v\u00edt Makita.<br \/>\n&#8211; Pin m\u00e1y c\u1eaft c\u1ecf 21V<br \/>\n&#8211; Pin cho thi\u1ebft b\u1ecb c\u1ea7m tay 21V c\u00f3 tr\u00ean th\u1ecb tr\u01b0\u1eddng s\u1eed d\u1ee5ng khe c\u1eafm pin Makita.<br \/>\n&#8211; Pin cho m\u00e1y qu\u1ea1t mini c\u1eb1m tay.<br \/>\n&#8211; Pin \u0111\u00e8n led 21V.<br \/>\n&#8211; Pin cho t\u1ea5t c\u1ea3 c\u00e1c thi\u1ebft b\u1ecb s\u1eed d\u1ee5ng \u0111i\u1ec7n DC 18V 21V khe c\u1eafm pin Makita.<\/p>\n<p><strong><a href=\"https:\/\/maybommini.com\/wp-content\/uploads\/2022\/09\/su-dung-pin-sac-may-khoan-cam-tay-makita-18v.jpg\" target=\"_blank\" rel=\"noopener\"><img decoding=\"async\" class=\"size-full wp-image-270800 aligncenter\" src=\"https:\/\/maybommini.com\/wp-content\/uploads\/2022\/09\/su-dung-pin-sac-may-khoan-cam-tay-makita-18v.jpg\" alt=\"Su Dung Pin Sac May Khoan Cam Tay Makita 18v\" width=\"750\" height=\"750\" srcset=\"https:\/\/maybommini.vn\/wp-content\/uploads\/2022\/09\/su-dung-pin-sac-may-khoan-cam-tay-makita-18v.jpg 750w, https:\/\/maybommini.vn\/wp-content\/uploads\/2022\/09\/su-dung-pin-sac-may-khoan-cam-tay-makita-18v-300x300.jpg 300w, https:\/\/maybommini.vn\/wp-content\/uploads\/2022\/09\/su-dung-pin-sac-may-khoan-cam-tay-makita-18v-150x150.jpg 150w, https:\/\/maybommini.vn\/wp-content\/uploads\/2022\/09\/su-dung-pin-sac-may-khoan-cam-tay-makita-18v-600x600.jpg 600w\" sizes=\"(max-width: 750px) 100vw, 750px\" \/><\/a><\/strong><\/p>\n<p>&nbsp;<\/p>\n<h5 style=\"text-align: center;\"><strong>Pin Makita 18V 5.0Ah 10 cell<\/strong><br \/>\n<a title=\"Pin Makita 18V 7.5Ah 15 cell\" href=\"https:\/\/maybommini.com\/san-pham\/pin-makita-18v-7-5ah-15-cell\" target=\"_blank\" rel=\"noopener\"><strong>Pin Makita 18V 7.5Ah 15 cell<\/strong><\/a><\/h5>\n<p><strong><a href=\"https:\/\/maybommini.com\/wp-content\/uploads\/2022\/09\/pin-makita-10-cell-va-15-cell-gia-tot.jpg\" target=\"_blank\" rel=\"noopener\"><img decoding=\"async\" class=\"size-full wp-image-270815 aligncenter\" src=\"https:\/\/maybommini.com\/wp-content\/uploads\/2022\/09\/pin-makita-10-cell-va-15-cell-gia-tot.jpg\" alt=\"Pin Makita 10 Cell Va 15 Cell Gia Tot\" width=\"750\" height=\"750\" srcset=\"https:\/\/maybommini.vn\/wp-content\/uploads\/2022\/09\/pin-makita-10-cell-va-15-cell-gia-tot.jpg 750w, https:\/\/maybommini.vn\/wp-content\/uploads\/2022\/09\/pin-makita-10-cell-va-15-cell-gia-tot-300x300.jpg 300w, https:\/\/maybommini.vn\/wp-content\/uploads\/2022\/09\/pin-makita-10-cell-va-15-cell-gia-tot-150x150.jpg 150w, https:\/\/maybommini.vn\/wp-content\/uploads\/2022\/09\/pin-makita-10-cell-va-15-cell-gia-tot-600x600.jpg 600w\" sizes=\"(max-width: 750px) 100vw, 750px\" \/><\/a><a href=\"https:\/\/maybommini.com\/wp-content\/uploads\/2022\/09\/pin-makita-18v-10-cell-va-15-cell.jpg\" target=\"_blank\" rel=\"noopener\"><img decoding=\"async\" class=\"size-full wp-image-270796 aligncenter\" src=\"https:\/\/maybommini.com\/wp-content\/uploads\/2022\/09\/pin-makita-18v-10-cell-va-15-cell.jpg\" alt=\"Pin Makita 18v 10 Cell Va 15 Cell\" width=\"750\" height=\"750\" srcset=\"https:\/\/maybommini.vn\/wp-content\/uploads\/2022\/09\/pin-makita-18v-10-cell-va-15-cell.jpg 750w, https:\/\/maybommini.vn\/wp-content\/uploads\/2022\/09\/pin-makita-18v-10-cell-va-15-cell-300x300.jpg 300w, https:\/\/maybommini.vn\/wp-content\/uploads\/2022\/09\/pin-makita-18v-10-cell-va-15-cell-150x150.jpg 150w, https:\/\/maybommini.vn\/wp-content\/uploads\/2022\/09\/pin-makita-18v-10-cell-va-15-cell-600x600.jpg 600w\" sizes=\"(max-width: 750px) 100vw, 750px\" \/><\/a><a href=\"https:\/\/maybommini.com\/wp-content\/uploads\/2022\/09\/kich-thuoc-khe-cam-pin-sac-Makita-BL-18V.jpg\" target=\"_blank\" rel=\"noopener\"><img decoding=\"async\" class=\"size-full wp-image-270792 aligncenter\" src=\"https:\/\/maybommini.com\/wp-content\/uploads\/2022\/09\/kich-thuoc-khe-cam-pin-sac-Makita-BL-18V.jpg\" alt=\"Kich Thuoc Khe Cam Pin Sac Makita BL 18V\" width=\"750\" height=\"750\" srcset=\"https:\/\/maybommini.vn\/wp-content\/uploads\/2022\/09\/kich-thuoc-khe-cam-pin-sac-Makita-BL-18V.jpg 750w, https:\/\/maybommini.vn\/wp-content\/uploads\/2022\/09\/kich-thuoc-khe-cam-pin-sac-Makita-BL-18V-300x300.jpg 300w, https:\/\/maybommini.vn\/wp-content\/uploads\/2022\/09\/kich-thuoc-khe-cam-pin-sac-Makita-BL-18V-150x150.jpg 150w, https:\/\/maybommini.vn\/wp-content\/uploads\/2022\/09\/kich-thuoc-khe-cam-pin-sac-Makita-BL-18V-600x600.jpg 600w\" sizes=\"(max-width: 750px) 100vw, 750px\" \/><\/a>TH\u00d4NG TIN LI\u00caN H\u1ec6<\/strong><br \/>\n<em><strong>Hotline Zalo: 02873030399 \u2013 090 729 4310 \u2013 02873030399<\/strong><\/em><br \/>\n<em><strong>Nh\u1eadn \u0111\u00f3ng pin theo y\u00eau c\u1ea7u, l\u00e0m pin, n\u00e2ng c\u1ea5p pin, s\u1eeda pin cho h\u1ec7 th\u1ed1ng n\u0103ng l\u01b0\u1ee3ng m\u1eb7t tr\u1eddi, pin m\u00e1y khoan, pin robot h\u00fat b\u1ee5i lau nh\u00e0, pin m\u00e1y th\u1ed5i b\u1ee5i, pin \u0111\u00e8n, pin s\u1ea1c d\u1ef1 ph\u00f2ng, pin \u0111\u00e8n n\u0103ng l\u01b0\u1ee3ng m\u1eb7t tr\u1eddi, pin UPS, pin xe \u0111\u1ea1p \u0111i\u1ec7n v\u00e0 c\u00e1c lo\u1ea1i pin kh\u00e1c.<\/strong><\/em><\/p>\n<p><strong><a href=\"https:\/\/maybommini.com\/wp-content\/uploads\/2022\/09\/chuyen-cung-cap-phan-phoi-pin-sac-may-cam-tay-gia-re.jpg\" target=\"_blank\" rel=\"noopener\"><img decoding=\"async\" class=\"size-full wp-image-270811 aligncenter\" src=\"https:\/\/maybommini.com\/wp-content\/uploads\/2022\/09\/chuyen-cung-cap-phan-phoi-pin-sac-may-cam-tay-gia-re.jpg\" alt=\"Chuyen Cung Cap Phan Phoi Pin Sac May Cam Tay Gia Re\" width=\"750\" height=\"750\" srcset=\"https:\/\/maybommini.vn\/wp-content\/uploads\/2022\/09\/chuyen-cung-cap-phan-phoi-pin-sac-may-cam-tay-gia-re.jpg 750w, https:\/\/maybommini.vn\/wp-content\/uploads\/2022\/09\/chuyen-cung-cap-phan-phoi-pin-sac-may-cam-tay-gia-re-300x300.jpg 300w, https:\/\/maybommini.vn\/wp-content\/uploads\/2022\/09\/chuyen-cung-cap-phan-phoi-pin-sac-may-cam-tay-gia-re-150x150.jpg 150w, https:\/\/maybommini.vn\/wp-content\/uploads\/2022\/09\/chuyen-cung-cap-phan-phoi-pin-sac-may-cam-tay-gia-re-600x600.jpg 600w\" sizes=\"(max-width: 750px) 100vw, 750px\" \/><\/a><\/strong><br \/>\n<strong>CTY TNHH TH\u01af\u01a0NG M\u1ea0I D\u1ecaCH V\u1ee4 \u0110I\u1ec6N M\u00c1Y TH\u00d4NG MINH<\/strong><br \/>\n<strong>Hotline:<\/strong>\u00a002873030399 \u2013 090 729 4310<br \/>\n<strong>Email:<\/strong>\u00a0maybommini.com@gmail.com<br \/>\n<strong>Website:<\/strong>\u00a0https:\/\/maybommini.com<br \/>\n<strong>Youtube demo:<\/strong>\u00a0https:\/\/www.youtube.com\/bahamasali<\/p>\n<h5 style=\"text-align: center;\"><strong><a href=\"https:\/\/maybommini.com\/wp-content\/uploads\/2022\/07\/thong-tin-lien-he-may-bom-mini.jpg\" target=\"_blank\" rel=\"noopener\"><img decoding=\"async\" class=\"alignnone size-full wp-image-270584\" src=\"https:\/\/maybommini.com\/wp-content\/uploads\/2022\/07\/thong-tin-lien-he-may-bom-mini.jpg\" alt=\"Thong Tin Lien He May Bom Mini\" width=\"750\" height=\"506\" srcset=\"https:\/\/maybommini.vn\/wp-content\/uploads\/2022\/07\/thong-tin-lien-he-may-bom-mini.jpg 750w, https:\/\/maybommini.vn\/wp-content\/uploads\/2022\/07\/thong-tin-lien-he-may-bom-mini-150x101.jpg 150w, https:\/\/maybommini.vn\/wp-content\/uploads\/2022\/07\/thong-tin-lien-he-may-bom-mini-600x405.jpg 600w, https:\/\/maybommini.vn\/wp-content\/uploads\/2022\/07\/thong-tin-lien-he-may-bom-mini-300x202.jpg 300w\" sizes=\"(max-width: 750px) 100vw, 750px\" \/><\/a><\/strong><\/h5>\n","protected":false},"excerpt":{"rendered":"<p>Model: BL-1850B<br \/>\n\u0110i\u1ec7n th\u1ebf ra: 18V &#8211; 21V DC<br \/>\n\u0110i\u1ec7n th\u1ebf s\u1ea1c: 21.6V DC<br \/>\nD\u00f2ng ch\u1ecbu t\u1ea3i t\u1ed1i \u0111a: 80A<br \/>\nDung l\u01b0\u1ee3ng: 5.0Ah &#8211; 90Wh<br \/>\nCell pin: 10 cell &#8211; 5S2P<br \/>\nM\u1ea1ch b\u1ea3o v\u1ec7 c\u00e2n b\u1eb1ng th\u00f4ng minh 80A.<br \/>\nCh\u1ed1ng ch\u1eadp qu\u00e1 t\u1ea3i qu\u00e1 \u00e1p v\u00e0 ng\u1eaft khi pin y\u1ebfu.<br \/>\nM\u1ea1ch b\u00e1o dung l\u01b0\u1ee3ng pin \u0111\u00e8n LED.<br \/>\nCh\u1ea5t li\u1ec7u: Nh\u1ef1a ABS &#8211; \u0110\u1ed3ng &#8211; K\u1ebdm<br \/>\nK\u00edch th\u01b0\u1edbc: 120 x 65 x 90 mm<br \/>\nTr\u1ecdng l\u01b0\u1ee3ng: 550 gam<br \/>\nB\u1ea3o h\u00e0nh: 1 th\u00e1ng l\u1ed5i do nh\u00e0 sx<br \/>\n<span style=\"color: #ff0000;\"><em><strong>GI\u00c1 T\u1ed0T KHI MUA S\u1ec8 S\u1ed0 L\u01af\u1ee2NG<\/strong><\/em><\/span><\/p>\n","protected":false},"featured_media":270816,"comment_status":"open","ping_status":"closed","template":"","meta":[],"product_brand":[],"product_cat":[214,421,3654],"product_tag":[3660,3662,3658,3656,3657,430,3470,3655,3659,3661,1136,431],"class_list":{"0":"post-270808","1":"product","2":"type-product","3":"status-publish","4":"has-post-thumbnail","6":"product_cat-phu-kien-bom-nuoc","7":"product_cat-pin-sac","8":"product_cat-pin-thiet-bi-cam-tay","9":"product_tag-5-0ah","10":"product_tag-7-5ah","11":"product_tag-makita","12":"product_tag-makita-18v","13":"product_tag-may-may-bulong","14":"product_tag-pin","15":"product_tag-pin-21v","16":"product_tag-pin-makita","17":"product_tag-pin-makita-5ah","18":"product_tag-pin-makita-7-5ah","19":"product_tag-pin-may-khoan","20":"product_tag-pin-sac","22":"first","23":"instock","24":"sale","25":"shipping-taxable","26":"purchasable","27":"product-type-simple"},"_links":{"self":[{"href":"https:\/\/maybommini.vn\/index.php?rest_route=\/wp\/v2\/product\/270808","targetHints":{"allow":["GET"]}}],"collection":[{"href":"https:\/\/maybommini.vn\/index.php?rest_route=\/wp\/v2\/product"}],"about":[{"href":"https:\/\/maybommini.vn\/index.php?rest_route=\/wp\/v2\/types\/product"}],"replies":[{"embeddable":true,"href":"https:\/\/maybommini.vn\/index.php?rest_route=%2Fwp%2Fv2%2Fcomments&post=270808"}],"wp:featuredmedia":[{"embeddable":true,"href":"https:\/\/maybommini.vn\/index.php?rest_route=\/wp\/v2\/media\/270816"}],"wp:attachment":[{"href":"https:\/\/maybommini.vn\/index.php?rest_route=%2Fwp%2Fv2%2Fmedia&parent=270808"}],"wp:term":[{"taxonomy":"product_brand","embeddable":true,"href":"https:\/\/maybommini.vn\/index.php?rest_route=%2Fwp%2Fv2%2Fproduct_brand&post=270808"},{"taxonomy":"product_cat","embeddable":true,"href":"https:\/\/maybommini.vn\/index.php?rest_route=%2Fwp%2Fv2%2Fproduct_cat&post=270808"},{"taxonomy":"product_tag","embeddable":true,"href":"https:\/\/maybommini.vn\/index.php?rest_route=%2Fwp%2Fv2%2Fproduct_tag&post=270808"}],"curies":[{"name":"wp","href":"https:\/\/api.w.org\/{rel}","templated":true}]}}