{"id":270827,"date":"2022-09-30T17:37:46","date_gmt":"2022-09-30T10:37:46","guid":{"rendered":"https:\/\/maybommini.com\/?post_type=product&#038;p=270827"},"modified":"2025-04-12T17:23:42","modified_gmt":"2025-04-12T10:23:42","slug":"sac-pin-tu-dong-thong-minh-12-6v-2a","status":"publish","type":"product","link":"https:\/\/maybommini.vn\/?product=sac-pin-tu-dong-thong-minh-12-6v-2a","title":{"rendered":"S\u1ea1c pin Li-ion 12.6V 3S 2A &#8211; t\u1ef1 \u0111\u1ed9ng th\u00f4ng minh"},"content":{"rendered":"<h3><em>S\u1ea1c pin Li-ion 12.6V 3S 2A t\u1ef1 \u0111\u1ed9ng th\u00f4ng minh chuy\u00ean d\u00f9ng \u0111\u1ec3 s\u1ea1c c\u00e1c lo\u1ea1i pin s\u1ea1c 12V. B\u1ea1n c\u0169ng c\u00f3 th\u1ec3 s\u1ea1c cho c\u00e1c lo\u1ea1i pin c\u00f3 dung l\u01b0\u1ee3ng t\u1eeb 2Ah tr\u1edf l\u00ean r\u1ea5t t\u1ed1t.<\/em><\/h3>\n<p><a href=\"https:\/\/maybommini.com\/wp-content\/uploads\/2022\/09\/BO-SAC-PIN-21V-2A-JACK-SAC-DC.jpg\" target=\"_blank\" rel=\"noopener\"><img decoding=\"async\" class=\"size-full wp-image-277548 aligncenter\" src=\"https:\/\/maybommini.com\/wp-content\/uploads\/2022\/09\/BO-SAC-PIN-21V-2A-JACK-SAC-DC.jpg\" alt=\"BO SAC PIN 21V 2A JACK SAC DC\" width=\"750\" height=\"750\" srcset=\"https:\/\/maybommini.vn\/wp-content\/uploads\/2022\/09\/BO-SAC-PIN-21V-2A-JACK-SAC-DC.jpg 750w, https:\/\/maybommini.vn\/wp-content\/uploads\/2022\/09\/BO-SAC-PIN-21V-2A-JACK-SAC-DC-300x300.jpg 300w, https:\/\/maybommini.vn\/wp-content\/uploads\/2022\/09\/BO-SAC-PIN-21V-2A-JACK-SAC-DC-150x150.jpg 150w, https:\/\/maybommini.vn\/wp-content\/uploads\/2022\/09\/BO-SAC-PIN-21V-2A-JACK-SAC-DC-600x600.jpg 600w\" sizes=\"(max-width: 750px) 100vw, 750px\" \/><\/a><strong>TH\u00d4NG S\u1ed0 K\u1ef8 THU\u1eacT<br \/>\n<\/strong>Ph\u00e2n ph\u1ed1i: MTM<strong><br \/>\n<\/strong>\u0110i\u1ec7n th\u1ebf v\u00e0o: 220V AC 50\/60Hz<br \/>\n\u0110i\u1ec7n th\u1ebf ra: 12.6V DC<br \/>\nD\u00f2ng s\u1ea1c: 2A<br \/>\nT\u1ef1 \u0111\u1ed9ng ng\u1eaft khi Pin \u0111\u1ea7y.<br \/>\nJack c\u1eafm: DC 5.5*2.1 mm<br \/>\nD\u00e2y d\u00e0i: 1 m\u00e9t<br \/>\n\u0110\u00e8n b\u00e1o s\u1ea1c Led \u0111\u1ecf \u0111ang s\u1ea1c v\u00e0 Led xanh ng\u01b0ng s\u1ea1c.<br \/>\nS\u1ea1c cho pin 3S Lithium ion 12V<br \/>\nM\u1ea1ch s\u1ea1c b\u1ea3o v\u1ec7 qu\u00e1 t\u1ea3i, b\u1ea3o v\u1ec7 ng\u1eafn m\u1ea1ch.<br \/>\nCh\u1ebf \u0111\u1ed9 s\u1ea1c: CC-CV<br \/>\nB\u00e0o h\u00e0nh: 1 th\u00e1ng<\/p>\n<p><strong><a href=\"https:\/\/maybommini.com\/wp-content\/uploads\/2022\/09\/PHAN-PHOI-SAC-PIN-21V-2A.jpg\" target=\"_blank\" rel=\"noopener\"><img decoding=\"async\" class=\"size-full wp-image-277549 aligncenter\" src=\"https:\/\/maybommini.com\/wp-content\/uploads\/2022\/09\/PHAN-PHOI-SAC-PIN-21V-2A.jpg\" alt=\"PHAN PHOI SAC PIN 21V 2A\" width=\"750\" height=\"750\" srcset=\"https:\/\/maybommini.vn\/wp-content\/uploads\/2022\/09\/PHAN-PHOI-SAC-PIN-21V-2A.jpg 750w, https:\/\/maybommini.vn\/wp-content\/uploads\/2022\/09\/PHAN-PHOI-SAC-PIN-21V-2A-300x300.jpg 300w, https:\/\/maybommini.vn\/wp-content\/uploads\/2022\/09\/PHAN-PHOI-SAC-PIN-21V-2A-150x150.jpg 150w, https:\/\/maybommini.vn\/wp-content\/uploads\/2022\/09\/PHAN-PHOI-SAC-PIN-21V-2A-600x600.jpg 600w\" sizes=\"(max-width: 750px) 100vw, 750px\" \/><\/a><a href=\"https:\/\/maybommini.com\/wp-content\/uploads\/2022\/09\/BO-SAC-PIN-21V-2A.jpg\" target=\"_blank\" rel=\"noopener\"><img decoding=\"async\" class=\"size-full wp-image-277547 aligncenter\" src=\"https:\/\/maybommini.com\/wp-content\/uploads\/2022\/09\/BO-SAC-PIN-21V-2A.jpg\" alt=\"BO SAC PIN 21V 2A\" width=\"750\" height=\"750\" srcset=\"https:\/\/maybommini.vn\/wp-content\/uploads\/2022\/09\/BO-SAC-PIN-21V-2A.jpg 750w, https:\/\/maybommini.vn\/wp-content\/uploads\/2022\/09\/BO-SAC-PIN-21V-2A-300x300.jpg 300w, https:\/\/maybommini.vn\/wp-content\/uploads\/2022\/09\/BO-SAC-PIN-21V-2A-150x150.jpg 150w, https:\/\/maybommini.vn\/wp-content\/uploads\/2022\/09\/BO-SAC-PIN-21V-2A-600x600.jpg 600w\" sizes=\"(max-width: 750px) 100vw, 750px\" \/><\/a>CH\u1ee8C N\u0102NG B\u1ea2O V\u1ec6 S\u1ea0C PIN<\/strong><br \/>\n1. B\u1ea3o v\u1ec7 qu\u00e1 d\u00f2ng \u0111\u1ea7u v\u00e0o: Khi d\u00f2ng \u0111i\u1ec7n v\u00e0o l\u1edbn h\u01a1n 2A, b\u1ed9 s\u1ea1c s\u1ebd c\u1eaft c\u1ea7u ch\u00ec \u0111\u1ec3 tr\u00e1nh c\u00e1c hi\u1ec7n t\u01b0\u1ee3ng b\u1ea5t th\u01b0\u1eddng v\u1ec1 m\u1ea1ch b\u00ean trong g\u00e2y ch\u00e1y n\u1ed5 v\u00e0 c\u00e1c r\u1ee7i ro kh\u00e1c.<br \/>\n2. B\u1ea3o v\u1ec7 d\u00f2ng \u0111i\u1ec7n \u0111\u1ea7u ra : B\u1ed9 s\u1ea1c pin Li-ion cho d\u00f2ng \u0111i\u1ec7n s\u1ea1c \u0111\u01b0\u1ee3c gi\u1edbi h\u1ea1n trong m\u1ed9t ph\u1ea1m vi \u0111\u1ec3 duy tr\u00ec s\u1ef1 an to\u00e0n c\u1ee7a pin v\u00e0 tu\u1ed5i th\u1ecd c\u1ee7a pin.<br \/>\n3. B\u1ea3o v\u1ec7 ng\u1eafn m\u1ea1ch : Khi s\u1eed d\u1ee5ng b\u1ed9 s\u1ea1c kh\u00f4ng \u0111\u00fang c\u00e1ch, d\u00f2ng \u0111i\u1ec7n \u0111\u1ea7u ra c\u1ee7a b\u1ed9 s\u1ea1c s\u1ebd l\u00e0 200mA ho\u1eb7c nh\u1ecf h\u01a1n \u0111\u1ec3 tr\u00e1nh h\u01b0 h\u1ecfng.<\/p>\n<p><a href=\"https:\/\/maybommini.com\/wp-content\/uploads\/2022\/09\/BAN-SAC-PIN-21V-2A.jpg\" target=\"_blank\" rel=\"noopener\"><img decoding=\"async\" class=\"size-full wp-image-277546 aligncenter\" src=\"https:\/\/maybommini.com\/wp-content\/uploads\/2022\/09\/BAN-SAC-PIN-21V-2A.jpg\" alt=\"BAN SAC PIN 21V 2A\" width=\"750\" height=\"750\" srcset=\"https:\/\/maybommini.vn\/wp-content\/uploads\/2022\/09\/BAN-SAC-PIN-21V-2A.jpg 750w, https:\/\/maybommini.vn\/wp-content\/uploads\/2022\/09\/BAN-SAC-PIN-21V-2A-300x300.jpg 300w, https:\/\/maybommini.vn\/wp-content\/uploads\/2022\/09\/BAN-SAC-PIN-21V-2A-150x150.jpg 150w, https:\/\/maybommini.vn\/wp-content\/uploads\/2022\/09\/BAN-SAC-PIN-21V-2A-600x600.jpg 600w\" sizes=\"(max-width: 750px) 100vw, 750px\" \/><\/a><a href=\"https:\/\/maybommini.com\/wp-content\/uploads\/2022\/09\/SAC-PIN-21V-2A-TU-DONG.jpg\" target=\"_blank\" rel=\"noopener\"><img decoding=\"async\" class=\"size-full wp-image-277545 aligncenter\" src=\"https:\/\/maybommini.com\/wp-content\/uploads\/2022\/09\/SAC-PIN-21V-2A-TU-DONG.jpg\" alt=\"SAC PIN 21V 2A TU DONG\" width=\"750\" height=\"750\" srcset=\"https:\/\/maybommini.vn\/wp-content\/uploads\/2022\/09\/SAC-PIN-21V-2A-TU-DONG.jpg 750w, https:\/\/maybommini.vn\/wp-content\/uploads\/2022\/09\/SAC-PIN-21V-2A-TU-DONG-300x300.jpg 300w, https:\/\/maybommini.vn\/wp-content\/uploads\/2022\/09\/SAC-PIN-21V-2A-TU-DONG-150x150.jpg 150w, https:\/\/maybommini.vn\/wp-content\/uploads\/2022\/09\/SAC-PIN-21V-2A-TU-DONG-600x600.jpg 600w\" sizes=\"(max-width: 750px) 100vw, 750px\" \/><\/a><a href=\"https:\/\/maybommini.com\/wp-content\/uploads\/2022\/09\/SAC-PIN-21V-2A-GIA-RE.jpg\" target=\"_blank\" rel=\"noopener\"><img decoding=\"async\" class=\"size-full wp-image-277544 aligncenter\" src=\"https:\/\/maybommini.com\/wp-content\/uploads\/2022\/09\/SAC-PIN-21V-2A-GIA-RE.jpg\" alt=\"SAC PIN 21V 2A GIA RE\" width=\"750\" height=\"750\" srcset=\"https:\/\/maybommini.vn\/wp-content\/uploads\/2022\/09\/SAC-PIN-21V-2A-GIA-RE.jpg 750w, https:\/\/maybommini.vn\/wp-content\/uploads\/2022\/09\/SAC-PIN-21V-2A-GIA-RE-300x300.jpg 300w, https:\/\/maybommini.vn\/wp-content\/uploads\/2022\/09\/SAC-PIN-21V-2A-GIA-RE-150x150.jpg 150w, https:\/\/maybommini.vn\/wp-content\/uploads\/2022\/09\/SAC-PIN-21V-2A-GIA-RE-600x600.jpg 600w\" sizes=\"(max-width: 750px) 100vw, 750px\" \/><\/a><br \/>\n<strong>S\u1eec D\u1ee4NG \u1ee8NG D\u1ee4NG B\u1ed8 S\u1ea0C PIN 3S 12.6V<\/strong><br \/>\nD\u00f9ng \u0111\u1ec3 s\u1ea1c c\u00e1c lo\u1ea1i pin Lithium ion 12V<br \/>\nD\u00f9ng s\u1ea1c c\u00e1c lo\u1ea1i thi\u1ebft b\u1ecb d\u00f9ng pin 12V<br \/>\nS\u1ea1c thi\u1ebft b\u1ecb d\u00f9ng n\u0103ng l\u01b0\u1ee3ng Pin 12V<br \/>\nS\u1ea1c cho UPS DC modem wifi camera 12V DC<br \/>\nS\u1ea1c pin gh\u00e9p 3S 12V Li-ion<br \/>\nS\u1ea1c Pin lithium (pin lithium-ion, pin lithium polymer) \u0111i\u1ec7n \u00e1p danh \u0111\u1ecbnh c\u1ee7a b\u1ed9 pin l\u00e0 11,1V-12,6V<br \/>\nV\u1edbi t\u00ednh n\u0103ng ho\u00e0n to\u00e0n t\u1ef1 \u0111\u1ed9ng B\u1ea1n c\u00f3 th\u1ec3 y\u00ean t\u00e2m s\u1ea1c pin c\u1ee7a m\u00ecnh, n\u00e2ng cao tu\u1ed5i th\u1ecd pin.<br \/>\n<a href=\"https:\/\/maybommini.com\/wp-content\/uploads\/2022\/09\/SAC-PIN-3S-12V-2A.jpg\" target=\"_blank\" rel=\"noopener\"><img decoding=\"async\" class=\"size-full wp-image-277541 aligncenter\" src=\"https:\/\/maybommini.com\/wp-content\/uploads\/2022\/09\/SAC-PIN-3S-12V-2A.jpg\" alt=\"SAC PIN 3S 12V 2A\" width=\"750\" height=\"750\" srcset=\"https:\/\/maybommini.vn\/wp-content\/uploads\/2022\/09\/SAC-PIN-3S-12V-2A.jpg 750w, https:\/\/maybommini.vn\/wp-content\/uploads\/2022\/09\/SAC-PIN-3S-12V-2A-300x300.jpg 300w, https:\/\/maybommini.vn\/wp-content\/uploads\/2022\/09\/SAC-PIN-3S-12V-2A-150x150.jpg 150w, https:\/\/maybommini.vn\/wp-content\/uploads\/2022\/09\/SAC-PIN-3S-12V-2A-600x600.jpg 600w\" sizes=\"(max-width: 750px) 100vw, 750px\" \/><\/a><a href=\"https:\/\/maybommini.com\/wp-content\/uploads\/2022\/09\/SAC-PIN-21V-2A-CAO-CAP.jpg\" target=\"_blank\" rel=\"noopener\"><img decoding=\"async\" class=\"size-full wp-image-277542 aligncenter\" src=\"https:\/\/maybommini.com\/wp-content\/uploads\/2022\/09\/SAC-PIN-21V-2A-CAO-CAP.jpg\" alt=\"SAC PIN 21V 2A CAO CAP\" width=\"750\" height=\"750\" srcset=\"https:\/\/maybommini.vn\/wp-content\/uploads\/2022\/09\/SAC-PIN-21V-2A-CAO-CAP.jpg 750w, https:\/\/maybommini.vn\/wp-content\/uploads\/2022\/09\/SAC-PIN-21V-2A-CAO-CAP-300x300.jpg 300w, https:\/\/maybommini.vn\/wp-content\/uploads\/2022\/09\/SAC-PIN-21V-2A-CAO-CAP-150x150.jpg 150w, https:\/\/maybommini.vn\/wp-content\/uploads\/2022\/09\/SAC-PIN-21V-2A-CAO-CAP-600x600.jpg 600w\" sizes=\"(max-width: 750px) 100vw, 750px\" \/><\/a><a href=\"https:\/\/maybommini.com\/wp-content\/uploads\/2022\/09\/SAC-PIN-21V-2A-CHINH-HANG.jpg\" target=\"_blank\" rel=\"noopener\"><img decoding=\"async\" class=\"size-full wp-image-277543 aligncenter\" src=\"https:\/\/maybommini.com\/wp-content\/uploads\/2022\/09\/SAC-PIN-21V-2A-CHINH-HANG.jpg\" alt=\"SAC PIN 21V 2A CHINH HANG\" width=\"750\" height=\"750\" srcset=\"https:\/\/maybommini.vn\/wp-content\/uploads\/2022\/09\/SAC-PIN-21V-2A-CHINH-HANG.jpg 750w, https:\/\/maybommini.vn\/wp-content\/uploads\/2022\/09\/SAC-PIN-21V-2A-CHINH-HANG-300x300.jpg 300w, https:\/\/maybommini.vn\/wp-content\/uploads\/2022\/09\/SAC-PIN-21V-2A-CHINH-HANG-150x150.jpg 150w, https:\/\/maybommini.vn\/wp-content\/uploads\/2022\/09\/SAC-PIN-21V-2A-CHINH-HANG-600x600.jpg 600w\" sizes=\"(max-width: 750px) 100vw, 750px\" \/><\/a><\/p>\n<h3 style=\"text-align: center;\">S\u1ea1c pin Li-ion 12.6V 3S 2A &#8211; t\u1ef1 \u0111\u1ed9ng th\u00f4ng minh<\/h3>\n<p><strong>TH\u00d4NG TIN LI\u00caN H\u1ec6<\/strong><br \/>\n<em><strong>Hotline Zalo: <a href=\"tel:0907294310\">0907294310<\/a> &#8211; <a href=\"tel:0908997823\">0908997823<\/a>&#8211; <a href=\"tel:0908997872\">0908997872 <\/a>&#8211; <a href=\"tel:02873030399\">02873030399<\/a><\/strong><\/em><br \/>\n<em><strong>Nh\u1eadn \u0111\u00f3ng pin theo y\u00eau c\u1ea7u, l\u00e0m pin, n\u00e2ng c\u1ea5p pin, s\u1eeda pin cho h\u1ec7 th\u1ed1ng n\u0103ng l\u01b0\u1ee3ng m\u1eb7t tr\u1eddi, pin m\u00e1y khoan, pin robot h\u00fat b\u1ee5i lau nh\u00e0, pin m\u00e1y th\u1ed5i b\u1ee5i, pin \u0111\u00e8n, pin s\u1ea1c d\u1ef1 ph\u00f2ng, pin \u0111\u00e8n n\u0103ng l\u01b0\u1ee3ng m\u1eb7t tr\u1eddi, pin UPS, pin xe \u0111\u1ea1p \u0111i\u1ec7n v\u00e0 c\u00e1c lo\u1ea1i pin kh\u00e1c.<\/strong><\/em><\/p>\n<p><a href=\"https:\/\/maybommini.com\/wp-content\/uploads\/2022\/09\/SAC-PIN-21V-2A-GIA-RE.jpg\" target=\"_blank\" rel=\"noopener\"><img decoding=\"async\" class=\"size-full wp-image-277544 aligncenter\" src=\"https:\/\/maybommini.com\/wp-content\/uploads\/2022\/09\/SAC-PIN-21V-2A-GIA-RE.jpg\" alt=\"SAC PIN 21V 2A GIA RE\" width=\"750\" height=\"750\" srcset=\"https:\/\/maybommini.vn\/wp-content\/uploads\/2022\/09\/SAC-PIN-21V-2A-GIA-RE.jpg 750w, https:\/\/maybommini.vn\/wp-content\/uploads\/2022\/09\/SAC-PIN-21V-2A-GIA-RE-300x300.jpg 300w, https:\/\/maybommini.vn\/wp-content\/uploads\/2022\/09\/SAC-PIN-21V-2A-GIA-RE-150x150.jpg 150w, https:\/\/maybommini.vn\/wp-content\/uploads\/2022\/09\/SAC-PIN-21V-2A-GIA-RE-600x600.jpg 600w\" sizes=\"(max-width: 750px) 100vw, 750px\" \/><\/a><\/p>\n<p><strong>CTY TNHH TH\u01af\u01a0NG M\u1ea0I D\u1ecaCH V\u1ee4 \u0110I\u1ec6N M\u00c1Y TH\u00d4NG MINH<\/strong><br \/>\n<strong>Hotline:<\/strong> 02873030399 \u2013 090729 4310<br \/>\n<strong>Email:<\/strong>\u00a0maybommini.com@gmail.com<br \/>\n<strong>Website:<\/strong>\u00a0https:\/\/maybommini.com<br \/>\n<strong>Youtube demo:<\/strong>\u00a0https:\/\/www.youtube.com\/bahamasali<\/p>\n<p><a href=\"https:\/\/maybommini.com\/wp-content\/uploads\/2022\/07\/thong-tin-lien-he-may-bom-mini.jpg\" target=\"_blank\" rel=\"noopener\"><img decoding=\"async\" class=\"size-full wp-image-270584 aligncenter\" src=\"https:\/\/maybommini.com\/wp-content\/uploads\/2022\/07\/thong-tin-lien-he-may-bom-mini.jpg\" alt=\"Thong Tin Lien He May Bom Mini\" width=\"750\" height=\"506\" srcset=\"https:\/\/maybommini.vn\/wp-content\/uploads\/2022\/07\/thong-tin-lien-he-may-bom-mini.jpg 750w, https:\/\/maybommini.vn\/wp-content\/uploads\/2022\/07\/thong-tin-lien-he-may-bom-mini-150x101.jpg 150w, https:\/\/maybommini.vn\/wp-content\/uploads\/2022\/07\/thong-tin-lien-he-may-bom-mini-600x405.jpg 600w, https:\/\/maybommini.vn\/wp-content\/uploads\/2022\/07\/thong-tin-lien-he-may-bom-mini-300x202.jpg 300w\" sizes=\"(max-width: 750px) 100vw, 750px\" \/><\/a><\/p>\n<p><a href=\"https:\/\/maybommini.com\/wp-content\/uploads\/2022\/09\/ban-bo-sac-pin-12v-2a-gia-tot-cao-cap.jpg\" target=\"_blank\" rel=\"noopener\"><img decoding=\"async\" class=\"size-full wp-image-270829 aligncenter\" src=\"https:\/\/maybommini.com\/wp-content\/uploads\/2022\/09\/ban-bo-sac-pin-12v-2a-gia-tot-cao-cap.jpg\" alt=\"Ban Bo Sac Pin 12v 2a Gia Tot Cao Cap\" width=\"750\" height=\"750\" srcset=\"https:\/\/maybommini.vn\/wp-content\/uploads\/2022\/09\/ban-bo-sac-pin-12v-2a-gia-tot-cao-cap.jpg 750w, https:\/\/maybommini.vn\/wp-content\/uploads\/2022\/09\/ban-bo-sac-pin-12v-2a-gia-tot-cao-cap-300x300.jpg 300w, https:\/\/maybommini.vn\/wp-content\/uploads\/2022\/09\/ban-bo-sac-pin-12v-2a-gia-tot-cao-cap-150x150.jpg 150w, https:\/\/maybommini.vn\/wp-content\/uploads\/2022\/09\/ban-bo-sac-pin-12v-2a-gia-tot-cao-cap-600x600.jpg 600w\" sizes=\"(max-width: 750px) 100vw, 750px\" \/><\/a><\/p>\n<p><a href=\"https:\/\/maybommini.com\/wp-content\/uploads\/2022\/09\/sac-pin-tu-dong-12v-2a.jpg\" target=\"_blank\" rel=\"noopener\"><img decoding=\"async\" class=\"size-full wp-image-270838 aligncenter\" src=\"https:\/\/maybommini.com\/wp-content\/uploads\/2022\/09\/sac-pin-tu-dong-12v-2a.jpg\" alt=\"Sac Pin Tu Dong 12v 2a\" width=\"750\" height=\"750\" srcset=\"https:\/\/maybommini.vn\/wp-content\/uploads\/2022\/09\/sac-pin-tu-dong-12v-2a.jpg 750w, https:\/\/maybommini.vn\/wp-content\/uploads\/2022\/09\/sac-pin-tu-dong-12v-2a-300x300.jpg 300w, https:\/\/maybommini.vn\/wp-content\/uploads\/2022\/09\/sac-pin-tu-dong-12v-2a-150x150.jpg 150w, https:\/\/maybommini.vn\/wp-content\/uploads\/2022\/09\/sac-pin-tu-dong-12v-2a-600x600.jpg 600w\" sizes=\"(max-width: 750px) 100vw, 750px\" \/><\/a><a href=\"https:\/\/maybommini.com\/wp-content\/uploads\/2022\/09\/sac-pin-lithium-liion-12v-2a-gia-re.jpg\" target=\"_blank\" rel=\"noopener\"><img decoding=\"async\" class=\"size-full wp-image-270837 aligncenter\" src=\"https:\/\/maybommini.com\/wp-content\/uploads\/2022\/09\/sac-pin-lithium-liion-12v-2a-gia-re.jpg\" alt=\"Sac Pin Lithium Liion 12v 2a Gia Re\" width=\"750\" height=\"750\" srcset=\"https:\/\/maybommini.vn\/wp-content\/uploads\/2022\/09\/sac-pin-lithium-liion-12v-2a-gia-re.jpg 750w, https:\/\/maybommini.vn\/wp-content\/uploads\/2022\/09\/sac-pin-lithium-liion-12v-2a-gia-re-300x300.jpg 300w, https:\/\/maybommini.vn\/wp-content\/uploads\/2022\/09\/sac-pin-lithium-liion-12v-2a-gia-re-150x150.jpg 150w, https:\/\/maybommini.vn\/wp-content\/uploads\/2022\/09\/sac-pin-lithium-liion-12v-2a-gia-re-600x600.jpg 600w\" sizes=\"(max-width: 750px) 100vw, 750px\" \/><\/a><a href=\"https:\/\/maybommini.com\/wp-content\/uploads\/2022\/09\/sac-pin-12v-chinh-hang.jpg\" target=\"_blank\" rel=\"noopener\"><img decoding=\"async\" class=\"size-full wp-image-270836 aligncenter\" src=\"https:\/\/maybommini.com\/wp-content\/uploads\/2022\/09\/sac-pin-12v-chinh-hang.jpg\" alt=\"Sac Pin 12v Chinh Hang\" width=\"750\" height=\"750\" srcset=\"https:\/\/maybommini.vn\/wp-content\/uploads\/2022\/09\/sac-pin-12v-chinh-hang.jpg 750w, https:\/\/maybommini.vn\/wp-content\/uploads\/2022\/09\/sac-pin-12v-chinh-hang-300x300.jpg 300w, https:\/\/maybommini.vn\/wp-content\/uploads\/2022\/09\/sac-pin-12v-chinh-hang-150x150.jpg 150w, https:\/\/maybommini.vn\/wp-content\/uploads\/2022\/09\/sac-pin-12v-chinh-hang-600x600.jpg 600w\" sizes=\"(max-width: 750px) 100vw, 750px\" \/><\/a><a href=\"https:\/\/maybommini.com\/wp-content\/uploads\/2022\/09\/lithium-battery-charger-12v-2a.jpg\" target=\"_blank\" rel=\"noopener\"><img decoding=\"async\" class=\"size-full wp-image-270835 aligncenter\" src=\"https:\/\/maybommini.com\/wp-content\/uploads\/2022\/09\/lithium-battery-charger-12v-2a.jpg\" alt=\"Lithium Battery Charger 12v 2a\" width=\"750\" height=\"750\" srcset=\"https:\/\/maybommini.vn\/wp-content\/uploads\/2022\/09\/lithium-battery-charger-12v-2a.jpg 750w, https:\/\/maybommini.vn\/wp-content\/uploads\/2022\/09\/lithium-battery-charger-12v-2a-300x300.jpg 300w, https:\/\/maybommini.vn\/wp-content\/uploads\/2022\/09\/lithium-battery-charger-12v-2a-150x150.jpg 150w, https:\/\/maybommini.vn\/wp-content\/uploads\/2022\/09\/lithium-battery-charger-12v-2a-600x600.jpg 600w\" sizes=\"(max-width: 750px) 100vw, 750px\" \/><\/a><a href=\"https:\/\/maybommini.com\/wp-content\/uploads\/2022\/09\/day-jack-dc-sac-12v.jpg\" target=\"_blank\" rel=\"noopener\"><img decoding=\"async\" class=\"size-full wp-image-270834 aligncenter\" src=\"https:\/\/maybommini.com\/wp-content\/uploads\/2022\/09\/day-jack-dc-sac-12v.jpg\" alt=\"Day Jack Dc Sac 12v\" width=\"750\" height=\"750\" srcset=\"https:\/\/maybommini.vn\/wp-content\/uploads\/2022\/09\/day-jack-dc-sac-12v.jpg 750w, https:\/\/maybommini.vn\/wp-content\/uploads\/2022\/09\/day-jack-dc-sac-12v-300x300.jpg 300w, https:\/\/maybommini.vn\/wp-content\/uploads\/2022\/09\/day-jack-dc-sac-12v-150x150.jpg 150w, https:\/\/maybommini.vn\/wp-content\/uploads\/2022\/09\/day-jack-dc-sac-12v-600x600.jpg 600w\" sizes=\"(max-width: 750px) 100vw, 750px\" \/><\/a><\/p>\n<p><a href=\"https:\/\/maybommini.com\/wp-content\/uploads\/2022\/09\/bo-sac-pin-cho-thiet-bi-dien-12v.jpg\" target=\"_blank\" rel=\"noopener\"><img decoding=\"async\" class=\"size-full wp-image-270832 aligncenter\" src=\"https:\/\/maybommini.com\/wp-content\/uploads\/2022\/09\/bo-sac-pin-cho-thiet-bi-dien-12v.jpg\" alt=\"Bo Sac Pin Cho Thiet Bi Dien 12v\" width=\"750\" height=\"750\" srcset=\"https:\/\/maybommini.vn\/wp-content\/uploads\/2022\/09\/bo-sac-pin-cho-thiet-bi-dien-12v.jpg 750w, https:\/\/maybommini.vn\/wp-content\/uploads\/2022\/09\/bo-sac-pin-cho-thiet-bi-dien-12v-300x300.jpg 300w, https:\/\/maybommini.vn\/wp-content\/uploads\/2022\/09\/bo-sac-pin-cho-thiet-bi-dien-12v-150x150.jpg 150w, https:\/\/maybommini.vn\/wp-content\/uploads\/2022\/09\/bo-sac-pin-cho-thiet-bi-dien-12v-600x600.jpg 600w\" sizes=\"(max-width: 750px) 100vw, 750px\" \/><\/a><a href=\"https:\/\/maybommini.com\/wp-content\/uploads\/2022\/09\/bo-sac-pin-12v-2a-chinh-hang.jpg\" target=\"_blank\" rel=\"noopener\"><img decoding=\"async\" class=\"size-full wp-image-270830 aligncenter\" src=\"https:\/\/maybommini.com\/wp-content\/uploads\/2022\/09\/bo-sac-pin-12v-2a-chinh-hang.jpg\" alt=\"Bo Sac Pin 12v 2a Chinh Hang\" width=\"750\" height=\"750\" srcset=\"https:\/\/maybommini.vn\/wp-content\/uploads\/2022\/09\/bo-sac-pin-12v-2a-chinh-hang.jpg 750w, https:\/\/maybommini.vn\/wp-content\/uploads\/2022\/09\/bo-sac-pin-12v-2a-chinh-hang-300x300.jpg 300w, https:\/\/maybommini.vn\/wp-content\/uploads\/2022\/09\/bo-sac-pin-12v-2a-chinh-hang-150x150.jpg 150w, https:\/\/maybommini.vn\/wp-content\/uploads\/2022\/09\/bo-sac-pin-12v-2a-chinh-hang-600x600.jpg 600w\" sizes=\"(max-width: 750px) 100vw, 750px\" \/><\/a><a href=\"https:\/\/maybommini.com\/wp-content\/uploads\/2022\/09\/adapter-charger-12v-2a-battery.jpg\" target=\"_blank\" rel=\"noopener\"><img decoding=\"async\" class=\"size-full wp-image-270828 aligncenter\" src=\"https:\/\/maybommini.com\/wp-content\/uploads\/2022\/09\/adapter-charger-12v-2a-battery.jpg\" alt=\"Adapter Charger 12v 2a Battery\" width=\"750\" height=\"750\" srcset=\"https:\/\/maybommini.vn\/wp-content\/uploads\/2022\/09\/adapter-charger-12v-2a-battery.jpg 750w, https:\/\/maybommini.vn\/wp-content\/uploads\/2022\/09\/adapter-charger-12v-2a-battery-300x300.jpg 300w, https:\/\/maybommini.vn\/wp-content\/uploads\/2022\/09\/adapter-charger-12v-2a-battery-150x150.jpg 150w, https:\/\/maybommini.vn\/wp-content\/uploads\/2022\/09\/adapter-charger-12v-2a-battery-600x600.jpg 600w\" sizes=\"(max-width: 750px) 100vw, 750px\" \/><\/a><\/p>\n<p>&nbsp;<\/p>\n<h3 style=\"text-align: center;\"><a href=\"https:\/\/maybommini.com\/wp-content\/uploads\/2022\/09\/cuc-sac-pin-12v.jpg\" target=\"_blank\" rel=\"noopener\"><img decoding=\"async\" class=\"alignnone size-full wp-image-270833\" src=\"https:\/\/maybommini.com\/wp-content\/uploads\/2022\/09\/cuc-sac-pin-12v.jpg\" alt=\"Cuc Sac Pin 12v\" width=\"750\" height=\"750\" srcset=\"https:\/\/maybommini.vn\/wp-content\/uploads\/2022\/09\/cuc-sac-pin-12v.jpg 750w, https:\/\/maybommini.vn\/wp-content\/uploads\/2022\/09\/cuc-sac-pin-12v-300x300.jpg 300w, https:\/\/maybommini.vn\/wp-content\/uploads\/2022\/09\/cuc-sac-pin-12v-150x150.jpg 150w, https:\/\/maybommini.vn\/wp-content\/uploads\/2022\/09\/cuc-sac-pin-12v-600x600.jpg 600w\" sizes=\"(max-width: 750px) 100vw, 750px\" \/><\/a><a href=\"https:\/\/maybommini.com\/wp-content\/uploads\/2022\/09\/bo-sac-pin-cao-cap-gia-re.jpg\" target=\"_blank\" rel=\"noopener\"><img decoding=\"async\" class=\"size-full wp-image-270831 aligncenter\" src=\"https:\/\/maybommini.com\/wp-content\/uploads\/2022\/09\/bo-sac-pin-cao-cap-gia-re.jpg\" alt=\"Bo Sac Pin Cao Cap Gia Re\" width=\"750\" height=\"750\" srcset=\"https:\/\/maybommini.vn\/wp-content\/uploads\/2022\/09\/bo-sac-pin-cao-cap-gia-re.jpg 750w, https:\/\/maybommini.vn\/wp-content\/uploads\/2022\/09\/bo-sac-pin-cao-cap-gia-re-300x300.jpg 300w, https:\/\/maybommini.vn\/wp-content\/uploads\/2022\/09\/bo-sac-pin-cao-cap-gia-re-150x150.jpg 150w, https:\/\/maybommini.vn\/wp-content\/uploads\/2022\/09\/bo-sac-pin-cao-cap-gia-re-600x600.jpg 600w\" sizes=\"(max-width: 750px) 100vw, 750px\" \/><\/a><\/h3>\n<p><strong><a class=\"swipebox\" title=\"\" href=\"https:\/\/maybommini.com\/wp-content\/uploads\/2022\/09\/chuyen-cung-cap-phan-phoi-pin-sac-may-cam-tay-gia-re.jpg\" data-rel=\"lightbox-image-14\" data-rl_title=\"\" data-rl_caption=\"\" data-rl_ target=\"_blank\" rel=\"noopener\"><img decoding=\"async\" class=\"size-full wp-image-270811 aligncenter lazyloaded\" src=\"https:\/\/maybommini.com\/wp-content\/uploads\/2022\/09\/chuyen-cung-cap-phan-phoi-pin-sac-may-cam-tay-gia-re.jpg\" sizes=\"(max-width: 750px) 100vw, 750px\" srcset=\"https:\/\/maybommini.com\/wp-content\/uploads\/2022\/09\/chuyen-cung-cap-phan-phoi-pin-sac-may-cam-tay-gia-re.jpg 750w, https:\/\/maybommini.com\/wp-content\/uploads\/2022\/09\/chuyen-cung-cap-phan-phoi-pin-sac-may-cam-tay-gia-re-300x300.jpg 300w, https:\/\/maybommini.com\/wp-content\/uploads\/2022\/09\/chuyen-cung-cap-phan-phoi-pin-sac-may-cam-tay-gia-re-150x150.jpg 150w, https:\/\/maybommini.com\/wp-content\/uploads\/2022\/09\/chuyen-cung-cap-phan-phoi-pin-sac-may-cam-tay-gia-re-600x600.jpg 600w\" alt=\"Chuyen Cung Cap Phan Phoi Pin Sac May Cam Tay Gia Re\" width=\"750\" height=\"750\" data-lazy-srcset=\"https:\/\/maybommini.com\/wp-content\/uploads\/2022\/09\/chuyen-cung-cap-phan-phoi-pin-sac-may-cam-tay-gia-re.jpg 750w, https:\/\/maybommini.com\/wp-content\/uploads\/2022\/09\/chuyen-cung-cap-phan-phoi-pin-sac-may-cam-tay-gia-re-300x300.jpg 300w, https:\/\/maybommini.com\/wp-content\/uploads\/2022\/09\/chuyen-cung-cap-phan-phoi-pin-sac-may-cam-tay-gia-re-150x150.jpg 150w, https:\/\/maybommini.com\/wp-content\/uploads\/2022\/09\/chuyen-cung-cap-phan-phoi-pin-sac-may-cam-tay-gia-re-600x600.jpg 600w\" data-lazy-sizes=\"(max-width: 750px) 100vw, 750px\" data-lazy-src=\"https:\/\/maybommini.com\/wp-content\/uploads\/2022\/09\/chuyen-cung-cap-phan-phoi-pin-sac-may-cam-tay-gia-re.jpg\" data-was-processed=\"true\" \/><\/a><\/strong><\/p>\n","protected":false},"excerpt":{"rendered":"<p>Ph\u00e2n ph\u1ed1i: MTM<strong><br \/>\n<\/strong>\u0110i\u1ec7n th\u1ebf v\u00e0o: 220V AC 50\/60Hz<br \/>\n\u0110i\u1ec7n th\u1ebf ra: 12.6V DC<br \/>\nD\u00f2ng s\u1ea1c: 2A<br \/>\nT\u1ef1 \u0111\u1ed9ng ng\u1eaft khi Pin \u0111\u1ea7y.<br \/>\nJack c\u1eafm: DC 5.5*2.1 mm<br \/>\nD\u00e2y d\u00e0i: 1 m\u00e9t<br \/>\n\u0110\u00e8n b\u00e1o s\u1ea1c Led \u0111\u1ecf \u0111ang s\u1ea1c v\u00e0 Led xanh ng\u01b0ng s\u1ea1c.<br \/>\nS\u1ea1c cho pin 3S Lithium ion 12V<br \/>\nM\u1ea1ch s\u1ea1c b\u1ea3o v\u1ec7 qu\u00e1 t\u1ea3i, b\u1ea3o v\u1ec7 ng\u1eafn m\u1ea1ch.<br \/>\nCh\u1ebf \u0111\u1ed9 s\u1ea1c: CC-CV<br \/>\nB\u00e0o h\u00e0nh: 1 th\u00e1ng<br \/>\n<span style=\"color: #ff0000;\"><em><strong>MUA S\u1ed0 L\u01af\u1ee2NG C\u00d3 GI\u00c1 T\u1ed0T<\/strong><\/em><\/span><\/p>\n","protected":false},"featured_media":277548,"comment_status":"open","ping_status":"closed","template":"","meta":[],"product_brand":[2227],"product_cat":[4743],"product_tag":[3663,3665,3667,1543,434,437,995,3664,3666],"class_list":{"0":"post-270827","1":"product","2":"type-product","3":"status-publish","4":"has-post-thumbnail","6":"product_brand-mtm","7":"product_cat-sac-pin","8":"product_tag-12-6v","9":"product_tag-12-6v-2ah","10":"product_tag-charge","11":"product_tag-charger","12":"product_tag-sac-12v","13":"product_tag-sac-pin","14":"product_tag-sac-pin-12v","15":"product_tag-sac-pin-2a","16":"product_tag-sac-pin-lithiun","18":"first","19":"instock","20":"sale","21":"shipping-taxable","22":"purchasable","23":"product-type-simple"},"_links":{"self":[{"href":"https:\/\/maybommini.vn\/index.php?rest_route=\/wp\/v2\/product\/270827","targetHints":{"allow":["GET"]}}],"collection":[{"href":"https:\/\/maybommini.vn\/index.php?rest_route=\/wp\/v2\/product"}],"about":[{"href":"https:\/\/maybommini.vn\/index.php?rest_route=\/wp\/v2\/types\/product"}],"replies":[{"embeddable":true,"href":"https:\/\/maybommini.vn\/index.php?rest_route=%2Fwp%2Fv2%2Fcomments&post=270827"}],"wp:featuredmedia":[{"embeddable":true,"href":"https:\/\/maybommini.vn\/index.php?rest_route=\/wp\/v2\/media\/277548"}],"wp:attachment":[{"href":"https:\/\/maybommini.vn\/index.php?rest_route=%2Fwp%2Fv2%2Fmedia&parent=270827"}],"wp:term":[{"taxonomy":"product_brand","embeddable":true,"href":"https:\/\/maybommini.vn\/index.php?rest_route=%2Fwp%2Fv2%2Fproduct_brand&post=270827"},{"taxonomy":"product_cat","embeddable":true,"href":"https:\/\/maybommini.vn\/index.php?rest_route=%2Fwp%2Fv2%2Fproduct_cat&post=270827"},{"taxonomy":"product_tag","embeddable":true,"href":"https:\/\/maybommini.vn\/index.php?rest_route=%2Fwp%2Fv2%2Fproduct_tag&post=270827"}],"curies":[{"name":"wp","href":"https:\/\/api.w.org\/{rel}","templated":true}]}}