{"id":270920,"date":"2022-10-10T21:28:45","date_gmt":"2022-10-10T14:28:45","guid":{"rendered":"https:\/\/maybommini.com\/?post_type=product&#038;p=270920"},"modified":"2022-10-10T21:55:54","modified_gmt":"2022-10-10T14:55:54","slug":"sac-pin-tu-dong-thong-minh-16-8v-2a","status":"publish","type":"product","link":"https:\/\/maybommini.vn\/?product=sac-pin-tu-dong-thong-minh-16-8v-2a","title":{"rendered":"S\u1ea1c pin t\u1ef1 \u0111\u1ed9ng th\u00f4ng minh 16.8V 2A"},"content":{"rendered":"<h3><em>B\u00e1n s\u1ea1c pin t\u1ef1 \u0111\u1ed9ng th\u00f4ng minh 16.8V 2A chuy\u00ean d\u00f9ng \u0111\u1ec3 s\u1ea1c c\u00e1c lo\u1ea1i pin s\u1ea1c 4S 14.8V 16.8V. B\u1ea1n c\u0169ng c\u00f3 th\u1ec3 s\u1ea1c cho c\u00e1c lo\u1ea1i pin c\u00f3 dung l\u01b0\u1ee3ng t\u1eeb 2Ah tr\u1edf l\u00ean r\u1ea5t t\u1ed1t.<\/em><\/h3>\n<p><a href=\"https:\/\/maybommini.com\/wp-content\/uploads\/2022\/10\/Sac-pin-tu-dong-co-den-bao-16V.jpg\" target=\"_blank\" rel=\"noopener\"><img decoding=\"async\" class=\"size-full wp-image-270930 aligncenter\" src=\"https:\/\/maybommini.com\/wp-content\/uploads\/2022\/10\/Sac-pin-tu-dong-co-den-bao-16V.jpg\" alt=\"Sac Pin Tu Dong Co Den Bao 16V\" width=\"750\" height=\"750\" srcset=\"https:\/\/maybommini.vn\/wp-content\/uploads\/2022\/10\/Sac-pin-tu-dong-co-den-bao-16V.jpg 750w, https:\/\/maybommini.vn\/wp-content\/uploads\/2022\/10\/Sac-pin-tu-dong-co-den-bao-16V-300x300.jpg 300w, https:\/\/maybommini.vn\/wp-content\/uploads\/2022\/10\/Sac-pin-tu-dong-co-den-bao-16V-150x150.jpg 150w, https:\/\/maybommini.vn\/wp-content\/uploads\/2022\/10\/Sac-pin-tu-dong-co-den-bao-16V-600x600.jpg 600w\" sizes=\"(max-width: 750px) 100vw, 750px\" \/><\/a><br \/>\n<strong>TH\u00d4NG S\u1ed0 K\u1ef8 THU\u1eacT<\/strong><br \/>\n\u0110i\u1ec7n th\u1ebf v\u00e0o: 220V AC 50\/60Hz<br \/>\n\u0110i\u1ec7n th\u1ebf ra: 16.8V 2A DC<br \/>\n\u0110\u00e8n b\u00e1o: Led \u0111\u1ecf \u0111ang s\u1ea1c v\u00e0 Led xanh ng\u01b0ng s\u1ea1c.<br \/>\nT\u1ef1 \u0111\u1ed9ng ng\u1eaft khi Pin \u0111\u1ea7y.<br \/>\nJack c\u1ea5m\uff1aDC 5.5*2.1 mm<br \/>\nD\u00e2y d\u00e0i: 1 m\u00e9t<br \/>\nPin s\u1ea1c: Pin Lithium ion 14.8 16.8V<\/p>\n<p><a href=\"https:\/\/maybommini.com\/wp-content\/uploads\/2022\/10\/sac-pin-4s-16v.jpg\" target=\"_blank\" rel=\"noopener\"><img decoding=\"async\" class=\"size-full wp-image-270927 aligncenter\" src=\"https:\/\/maybommini.com\/wp-content\/uploads\/2022\/10\/sac-pin-4s-16v.jpg\" alt=\"Sac Pin 4s 16v\" width=\"750\" height=\"750\" srcset=\"https:\/\/maybommini.vn\/wp-content\/uploads\/2022\/10\/sac-pin-4s-16v.jpg 750w, https:\/\/maybommini.vn\/wp-content\/uploads\/2022\/10\/sac-pin-4s-16v-300x300.jpg 300w, https:\/\/maybommini.vn\/wp-content\/uploads\/2022\/10\/sac-pin-4s-16v-150x150.jpg 150w, https:\/\/maybommini.vn\/wp-content\/uploads\/2022\/10\/sac-pin-4s-16v-600x600.jpg 600w\" sizes=\"(max-width: 750px) 100vw, 750px\" \/><\/a><a href=\"https:\/\/maybommini.com\/wp-content\/uploads\/2022\/10\/sac-pin-16v-may-khoan.jpg\" target=\"_blank\" rel=\"noopener\"><img decoding=\"async\" class=\"size-full wp-image-270928 aligncenter\" src=\"https:\/\/maybommini.com\/wp-content\/uploads\/2022\/10\/sac-pin-16v-may-khoan.jpg\" alt=\"Sac Pin 16v May Khoan\" width=\"750\" height=\"750\" srcset=\"https:\/\/maybommini.vn\/wp-content\/uploads\/2022\/10\/sac-pin-16v-may-khoan.jpg 750w, https:\/\/maybommini.vn\/wp-content\/uploads\/2022\/10\/sac-pin-16v-may-khoan-300x300.jpg 300w, https:\/\/maybommini.vn\/wp-content\/uploads\/2022\/10\/sac-pin-16v-may-khoan-150x150.jpg 150w, https:\/\/maybommini.vn\/wp-content\/uploads\/2022\/10\/sac-pin-16v-may-khoan-600x600.jpg 600w\" sizes=\"(max-width: 750px) 100vw, 750px\" \/><\/a><a href=\"https:\/\/maybommini.com\/wp-content\/uploads\/2022\/10\/sac-pin-16v-tu-dong-co-den-bap-day-pin.jpg\" target=\"_blank\" rel=\"noopener\"><img decoding=\"async\" class=\"size-full wp-image-270929 aligncenter\" src=\"https:\/\/maybommini.com\/wp-content\/uploads\/2022\/10\/sac-pin-16v-tu-dong-co-den-bap-day-pin.jpg\" alt=\"Sac Pin 16v Tu Dong Co Den Bap Day Pin\" width=\"750\" height=\"750\" srcset=\"https:\/\/maybommini.vn\/wp-content\/uploads\/2022\/10\/sac-pin-16v-tu-dong-co-den-bap-day-pin.jpg 750w, https:\/\/maybommini.vn\/wp-content\/uploads\/2022\/10\/sac-pin-16v-tu-dong-co-den-bap-day-pin-300x300.jpg 300w, https:\/\/maybommini.vn\/wp-content\/uploads\/2022\/10\/sac-pin-16v-tu-dong-co-den-bap-day-pin-150x150.jpg 150w, https:\/\/maybommini.vn\/wp-content\/uploads\/2022\/10\/sac-pin-16v-tu-dong-co-den-bap-day-pin-600x600.jpg 600w\" sizes=\"(max-width: 750px) 100vw, 750px\" \/><\/a><a href=\"https:\/\/maybommini.com\/wp-content\/uploads\/2022\/10\/16-8v-battery-charger-2a.jpg\" target=\"_blank\" rel=\"noopener\"><img decoding=\"async\" class=\"size-full wp-image-270931 aligncenter\" src=\"https:\/\/maybommini.com\/wp-content\/uploads\/2022\/10\/16-8v-battery-charger-2a.jpg\" alt=\"16 8v Battery Charger 2a\" width=\"750\" height=\"750\" srcset=\"https:\/\/maybommini.vn\/wp-content\/uploads\/2022\/10\/16-8v-battery-charger-2a.jpg 750w, https:\/\/maybommini.vn\/wp-content\/uploads\/2022\/10\/16-8v-battery-charger-2a-300x300.jpg 300w, https:\/\/maybommini.vn\/wp-content\/uploads\/2022\/10\/16-8v-battery-charger-2a-150x150.jpg 150w, https:\/\/maybommini.vn\/wp-content\/uploads\/2022\/10\/16-8v-battery-charger-2a-600x600.jpg 600w\" sizes=\"(max-width: 750px) 100vw, 750px\" \/><\/a><a href=\"https:\/\/maybommini.com\/wp-content\/uploads\/2022\/10\/chuyen-sac-pin-gia-tot-16v-2a.jpg\" target=\"_blank\" rel=\"noopener\"><img decoding=\"async\" class=\"size-full wp-image-270923 aligncenter\" src=\"https:\/\/maybommini.com\/wp-content\/uploads\/2022\/10\/chuyen-sac-pin-gia-tot-16v-2a.jpg\" alt=\"Chuyen Sac Pin Gia Tot 16v 2a\" width=\"750\" height=\"750\" srcset=\"https:\/\/maybommini.vn\/wp-content\/uploads\/2022\/10\/chuyen-sac-pin-gia-tot-16v-2a.jpg 750w, https:\/\/maybommini.vn\/wp-content\/uploads\/2022\/10\/chuyen-sac-pin-gia-tot-16v-2a-300x300.jpg 300w, https:\/\/maybommini.vn\/wp-content\/uploads\/2022\/10\/chuyen-sac-pin-gia-tot-16v-2a-150x150.jpg 150w, https:\/\/maybommini.vn\/wp-content\/uploads\/2022\/10\/chuyen-sac-pin-gia-tot-16v-2a-600x600.jpg 600w\" sizes=\"(max-width: 750px) 100vw, 750px\" \/><\/a><br \/>\n<strong>S\u1eec D\u1ee4NG \u1ee8NG D\u1ee4NG B\u1ed8 S\u1ea0C PIN<\/strong><br \/>\n\u2013 D\u00f9ng \u0111\u1ec3 s\u1ea1c c\u00e1c lo\u1ea1i pin Lithium ion 14V.8V-16V<br \/>\n\u2013 D\u00f9ng s\u1ea1c c\u00e1c lo\u1ea1i thi\u1ebft b\u1ecb d\u00f9ng pin.<br \/>\n\u2013 S\u1ea1c thi\u1ebft b\u1ecb d\u00f9ng n\u0103ng l\u01b0\u1ee3ng Pin 12V<br \/>\n&#8211; S\u1ea1c cho m\u00e1y khoan, m\u00e1y b\u1eafn v\u00edt c\u1ea7m tay.<br \/>\n&#8211; S\u1ea1c pin gh\u00e9p 4S 14.8V-16.8V<br \/>\nV\u1edbi t\u00ednh n\u0103ng ho\u00e0n to\u00e0n t\u1ef1 \u0111\u1ed9ng B\u1ea1n c\u00f3 th\u1ec3 y\u00ean t\u00e2m s\u1ea1c pin c\u1ee7a m\u00ecnh, n\u00e2ng cao tu\u1ed5i th\u1ecd pin.<\/p>\n<p>&nbsp;<\/p>\n<p><a href=\"https:\/\/maybommini.com\/wp-content\/uploads\/2022\/10\/sac-gia-re-chat-luong-16v-2a.jpg\" target=\"_blank\" rel=\"noopener\"><img decoding=\"async\" class=\"size-full wp-image-270926 aligncenter\" src=\"https:\/\/maybommini.com\/wp-content\/uploads\/2022\/10\/sac-gia-re-chat-luong-16v-2a.jpg\" alt=\"Sac Gia Re Chat Luong 16v 2a\" width=\"750\" height=\"750\" srcset=\"https:\/\/maybommini.vn\/wp-content\/uploads\/2022\/10\/sac-gia-re-chat-luong-16v-2a.jpg 750w, https:\/\/maybommini.vn\/wp-content\/uploads\/2022\/10\/sac-gia-re-chat-luong-16v-2a-300x300.jpg 300w, https:\/\/maybommini.vn\/wp-content\/uploads\/2022\/10\/sac-gia-re-chat-luong-16v-2a-150x150.jpg 150w, https:\/\/maybommini.vn\/wp-content\/uploads\/2022\/10\/sac-gia-re-chat-luong-16v-2a-600x600.jpg 600w\" sizes=\"(max-width: 750px) 100vw, 750px\" \/><\/a><a href=\"https:\/\/maybommini.com\/wp-content\/uploads\/2022\/10\/phan-phoi-sac-pin-16v-2a-tu-dong.jpg\" target=\"_blank\" rel=\"noopener\"><img decoding=\"async\" class=\"size-full wp-image-270925 aligncenter\" src=\"https:\/\/maybommini.com\/wp-content\/uploads\/2022\/10\/phan-phoi-sac-pin-16v-2a-tu-dong.jpg\" alt=\"Phan Phoi Sac Pin 16v 2a Tu Dong\" width=\"750\" height=\"750\" srcset=\"https:\/\/maybommini.vn\/wp-content\/uploads\/2022\/10\/phan-phoi-sac-pin-16v-2a-tu-dong.jpg 750w, https:\/\/maybommini.vn\/wp-content\/uploads\/2022\/10\/phan-phoi-sac-pin-16v-2a-tu-dong-300x300.jpg 300w, https:\/\/maybommini.vn\/wp-content\/uploads\/2022\/10\/phan-phoi-sac-pin-16v-2a-tu-dong-150x150.jpg 150w, https:\/\/maybommini.vn\/wp-content\/uploads\/2022\/10\/phan-phoi-sac-pin-16v-2a-tu-dong-600x600.jpg 600w\" sizes=\"(max-width: 750px) 100vw, 750px\" \/><\/a><a href=\"https:\/\/maybommini.com\/wp-content\/uploads\/2022\/10\/kich-thuoc-jack-dc-sac-16v.jpg\" target=\"_blank\" rel=\"noopener\"><img decoding=\"async\" class=\"size-full wp-image-270924 aligncenter\" src=\"https:\/\/maybommini.com\/wp-content\/uploads\/2022\/10\/kich-thuoc-jack-dc-sac-16v.jpg\" alt=\"Kich Thuoc Jack Dc Sac 16v\" width=\"750\" height=\"750\" srcset=\"https:\/\/maybommini.vn\/wp-content\/uploads\/2022\/10\/kich-thuoc-jack-dc-sac-16v.jpg 750w, https:\/\/maybommini.vn\/wp-content\/uploads\/2022\/10\/kich-thuoc-jack-dc-sac-16v-300x300.jpg 300w, https:\/\/maybommini.vn\/wp-content\/uploads\/2022\/10\/kich-thuoc-jack-dc-sac-16v-150x150.jpg 150w, https:\/\/maybommini.vn\/wp-content\/uploads\/2022\/10\/kich-thuoc-jack-dc-sac-16v-600x600.jpg 600w\" sizes=\"(max-width: 750px) 100vw, 750px\" \/><\/a><a href=\"https:\/\/maybommini.com\/wp-content\/uploads\/2022\/10\/AC-DC-Liion-Battery-electrical-tools-Charger-16.8V.jpg\" target=\"_blank\" rel=\"noopener\"><img decoding=\"async\" class=\"size-full wp-image-270921 aligncenter\" src=\"https:\/\/maybommini.com\/wp-content\/uploads\/2022\/10\/AC-DC-Liion-Battery-electrical-tools-Charger-16.8V.jpg\" alt=\"AC DC Liion Battery Electrical Tools Charger 16.8V\" width=\"750\" height=\"750\" srcset=\"https:\/\/maybommini.vn\/wp-content\/uploads\/2022\/10\/AC-DC-Liion-Battery-electrical-tools-Charger-16.8V.jpg 750w, https:\/\/maybommini.vn\/wp-content\/uploads\/2022\/10\/AC-DC-Liion-Battery-electrical-tools-Charger-16.8V-300x300.jpg 300w, https:\/\/maybommini.vn\/wp-content\/uploads\/2022\/10\/AC-DC-Liion-Battery-electrical-tools-Charger-16.8V-150x150.jpg 150w, https:\/\/maybommini.vn\/wp-content\/uploads\/2022\/10\/AC-DC-Liion-Battery-electrical-tools-Charger-16.8V-600x600.jpg 600w\" sizes=\"(max-width: 750px) 100vw, 750px\" \/><\/a><\/p>\n<p>\u0110\u1ea7u v\u00e0o: AC100-240V 50 \/ 60HZ 0.8A<br \/>\n\u0110i\u1ec7n \u00e1p s\u1ea1c: DC16.8V 2A<br \/>\nCh\u1ebf \u0111\u1ed9 s\u1ea1c: CC-CV<br \/>\nCh\u1ec9 b\u00e1o s\u1ea1c: \u0110\u00e8n \u0111\u1ecf = \u0111ang s\u1ea1c, \u0111\u00e8n xanh = \u0111\u00e3 s\u1ea1c \u0111\u1ea7y<br \/>\nC\u1ed5ng s\u1ea1c: DC5,5 x 2,1mm<br \/>\nB\u1ea3o v\u1ec7 an ninh: OVP \/ OCP \/ b\u1ea3o v\u1ec7 qu\u00e1 t\u1ea3i \/ b\u1ea3o v\u1ec7 ng\u1eafn m\u1ea1ch<br \/>\n\u1ee8ng d\u1ee5ng: Pin lithium (pin lithium-ion, pin lithium polymer) \u0111i\u1ec7n \u00e1p danh \u0111\u1ecbnh c\u1ee7a b\u1ed9 pin l\u00e0 14.8V-16.8V<br \/>\nCh\u1ee9c n\u0103ng b\u1ea3o v\u1ec7:<br \/>\n1. B\u1ea3o v\u1ec7 qu\u00e1 d\u00f2ng \u0111\u1ea7u v\u00e0o<br \/>\nKhi d\u00f2ng \u0111i\u1ec7n v\u00e0o l\u1edbn h\u01a1n 2A, b\u1ed9 s\u1ea1c s\u1ebd c\u1eaft c\u1ea7u ch\u00ec \u0111\u1ec3 tr\u00e1nh c\u00e1c hi\u1ec7n t\u01b0\u1ee3ng b\u1ea5t th\u01b0\u1eddng v\u1ec1 m\u1ea1ch b\u00ean trong g\u00e2y ch\u00e1y n\u1ed5 v\u00e0 c\u00e1c r\u1ee7i ro kh\u00e1c.<br \/>\n2. B\u1ea3o v\u1ec7 d\u00f2ng \u0111i\u1ec7n \u0111\u1ea7u ra<br \/>\nB\u1ed9 s\u1ea1c pin Li-ion cho d\u00f2ng \u0111i\u1ec7n s\u1ea1c \u0111\u01b0\u1ee3c gi\u1edbi h\u1ea1n trong m\u1ed9t ph\u1ea1m vi \u0111\u1ec3 duy tr\u00ec s\u1ef1 an to\u00e0n c\u1ee7a pin v\u00e0 tu\u1ed5i th\u1ecd c\u1ee7a pin.<br \/>\n3. B\u1ea3o v\u1ec7 ng\u1eafn m\u1ea1ch<br \/>\nKhi s\u1eed d\u1ee5ng b\u1ed9 s\u1ea1c kh\u00f4ng \u0111\u00fang c\u00e1ch, d\u00f2ng \u0111i\u1ec7n \u0111\u1ea7u ra c\u1ee7a b\u1ed9 s\u1ea1c s\u1ebd l\u00e0 200mA ho\u1eb7c nh\u1ecf h\u01a1n \u0111\u1ec3 tr\u00e1nh h\u01b0 h\u1ecfng.<\/p>\n<h3 style=\"text-align: center;\"><a href=\"https:\/\/maybommini.com\/wp-content\/uploads\/2022\/10\/ban-sac-pin-tu-dong-16v-2a.jpg\" target=\"_blank\" rel=\"noopener\"><img decoding=\"async\" class=\"alignnone size-full wp-image-270922\" src=\"https:\/\/maybommini.com\/wp-content\/uploads\/2022\/10\/ban-sac-pin-tu-dong-16v-2a.jpg\" alt=\"Ban Sac Pin Tu Dong 16v 2a\" width=\"750\" height=\"750\" srcset=\"https:\/\/maybommini.vn\/wp-content\/uploads\/2022\/10\/ban-sac-pin-tu-dong-16v-2a.jpg 750w, https:\/\/maybommini.vn\/wp-content\/uploads\/2022\/10\/ban-sac-pin-tu-dong-16v-2a-300x300.jpg 300w, https:\/\/maybommini.vn\/wp-content\/uploads\/2022\/10\/ban-sac-pin-tu-dong-16v-2a-150x150.jpg 150w, https:\/\/maybommini.vn\/wp-content\/uploads\/2022\/10\/ban-sac-pin-tu-dong-16v-2a-600x600.jpg 600w\" sizes=\"(max-width: 750px) 100vw, 750px\" \/><\/a><br \/>\nS\u1ea1c pin t\u1ef1 \u0111\u1ed9ng th\u00f4ng minh 16.8V 2A<\/h3>\n<p><strong>TH\u00d4NG TIN LI\u00caN H\u1ec6<\/strong><br \/>\n<em><strong>Hotline Zalo: <a href=\"tel:0907294310\">0907294310<\/a> &#8211; <a href=\"tel:0908997823\">0908997823<\/a>&#8211; <a href=\"tel:0908997872\">0908997872 <\/a>&#8211; <a href=\"tel:02873030399\">02873030399<\/a><\/strong><\/em><br \/>\n<em><strong>Nh\u1eadn \u0111\u00f3ng pin theo y\u00eau c\u1ea7u, l\u00e0m pin, n\u00e2ng c\u1ea5p pin, s\u1eeda pin cho h\u1ec7 th\u1ed1ng n\u0103ng l\u01b0\u1ee3ng m\u1eb7t tr\u1eddi, pin m\u00e1y khoan, pin robot h\u00fat b\u1ee5i lau nh\u00e0, pin m\u00e1y th\u1ed5i b\u1ee5i, pin \u0111\u00e8n, pin s\u1ea1c d\u1ef1 ph\u00f2ng, pin \u0111\u00e8n n\u0103ng l\u01b0\u1ee3ng m\u1eb7t tr\u1eddi, pin UPS, pin xe \u0111\u1ea1p \u0111i\u1ec7n v\u00e0 c\u00e1c lo\u1ea1i pin kh\u00e1c.<\/strong><\/em><\/p>\n<p><strong><a class=\"swipebox\" title=\"\" href=\"https:\/\/maybommini.com\/wp-content\/uploads\/2022\/09\/chuyen-cung-cap-phan-phoi-pin-sac-may-cam-tay-gia-re.jpg\" data-rel=\"lightbox-image-14\" data-rl_title=\"\" data-rl_caption=\"\" data-rl_ target=\"_blank\" rel=\"noopener\"><img decoding=\"async\" class=\"size-full wp-image-270811 aligncenter lazyloaded\" src=\"https:\/\/maybommini.com\/wp-content\/uploads\/2022\/09\/chuyen-cung-cap-phan-phoi-pin-sac-may-cam-tay-gia-re.jpg\" sizes=\"(max-width: 750px) 100vw, 750px\" srcset=\"https:\/\/maybommini.com\/wp-content\/uploads\/2022\/09\/chuyen-cung-cap-phan-phoi-pin-sac-may-cam-tay-gia-re.jpg 750w, https:\/\/maybommini.com\/wp-content\/uploads\/2022\/09\/chuyen-cung-cap-phan-phoi-pin-sac-may-cam-tay-gia-re-300x300.jpg 300w, https:\/\/maybommini.com\/wp-content\/uploads\/2022\/09\/chuyen-cung-cap-phan-phoi-pin-sac-may-cam-tay-gia-re-150x150.jpg 150w, https:\/\/maybommini.com\/wp-content\/uploads\/2022\/09\/chuyen-cung-cap-phan-phoi-pin-sac-may-cam-tay-gia-re-600x600.jpg 600w\" alt=\"Chuyen Cung Cap Phan Phoi Pin Sac May Cam Tay Gia Re\" width=\"750\" height=\"750\" data-lazy-srcset=\"https:\/\/maybommini.com\/wp-content\/uploads\/2022\/09\/chuyen-cung-cap-phan-phoi-pin-sac-may-cam-tay-gia-re.jpg 750w, https:\/\/maybommini.com\/wp-content\/uploads\/2022\/09\/chuyen-cung-cap-phan-phoi-pin-sac-may-cam-tay-gia-re-300x300.jpg 300w, https:\/\/maybommini.com\/wp-content\/uploads\/2022\/09\/chuyen-cung-cap-phan-phoi-pin-sac-may-cam-tay-gia-re-150x150.jpg 150w, https:\/\/maybommini.com\/wp-content\/uploads\/2022\/09\/chuyen-cung-cap-phan-phoi-pin-sac-may-cam-tay-gia-re-600x600.jpg 600w\" data-lazy-sizes=\"(max-width: 750px) 100vw, 750px\" data-lazy-src=\"https:\/\/maybommini.com\/wp-content\/uploads\/2022\/09\/chuyen-cung-cap-phan-phoi-pin-sac-may-cam-tay-gia-re.jpg\" data-was-processed=\"true\" \/><\/a><\/strong><br \/>\n<strong>CTY TNHH TH\u01af\u01a0NG M\u1ea0I D\u1ecaCH V\u1ee4 \u0110I\u1ec6N M\u00c1Y TH\u00d4NG MINH<\/strong><br \/>\n<strong>Hotline:<\/strong>\u00a002873030399 \u2013 090 729 4310<br \/>\n<strong>Email:<\/strong>\u00a0maybommini.com@gmail.com<br \/>\n<strong>Website:<\/strong>\u00a0https:\/\/maybommini.com<br \/>\n<strong>Youtube demo:<\/strong>\u00a0https:\/\/www.youtube.com\/bahamasali<\/p>\n<p><a href=\"https:\/\/maybommini.com\/wp-content\/uploads\/2022\/07\/thong-tin-lien-he-may-bom-mini.jpg\" target=\"_blank\" rel=\"noopener\"><img decoding=\"async\" class=\"size-full wp-image-270584 aligncenter\" src=\"https:\/\/maybommini.com\/wp-content\/uploads\/2022\/07\/thong-tin-lien-he-may-bom-mini.jpg\" alt=\"Thong Tin Lien He May Bom Mini\" width=\"750\" height=\"506\" srcset=\"https:\/\/maybommini.vn\/wp-content\/uploads\/2022\/07\/thong-tin-lien-he-may-bom-mini.jpg 750w, https:\/\/maybommini.vn\/wp-content\/uploads\/2022\/07\/thong-tin-lien-he-may-bom-mini-150x101.jpg 150w, https:\/\/maybommini.vn\/wp-content\/uploads\/2022\/07\/thong-tin-lien-he-may-bom-mini-600x405.jpg 600w, https:\/\/maybommini.vn\/wp-content\/uploads\/2022\/07\/thong-tin-lien-he-may-bom-mini-300x202.jpg 300w\" sizes=\"(max-width: 750px) 100vw, 750px\" \/><\/a><\/p>\n","protected":false},"excerpt":{"rendered":"<p>\u0110i\u1ec7n th\u1ebf v\u00e0o: 220V AC 50\/60Hz<br \/>\n\u0110i\u1ec7n th\u1ebf ra: 16.8V 2A DC<br \/>\n\u0110\u00e8n b\u00e1o: Led \u0111\u1ecf \u0111ang s\u1ea1c v\u00e0 Led xanh ng\u01b0ng s\u1ea1c.<br \/>\nT\u1ef1 \u0111\u1ed9ng ng\u1eaft khi Pin \u0111\u1ea7y.<br \/>\nJack c\u1ea5m\uff1aDC 5.5*2.1 mm<br \/>\nD\u00e2y d\u00e0i: 1 m\u00e9t<br \/>\nPin s\u1ea1c: Pin Lithium ion 14.8 16.8V<br \/>\nB\u1ea3o h\u00e0nh: 1 th\u00e1ng<br \/>\n<span style=\"color: #ff0000;\"><em><strong>MUA S\u1ed0 L\u01af\u1ee2NG C\u00d3 GI\u00c1 T\u1ed0T<\/strong><\/em><\/span><\/p>\n","protected":false},"featured_media":270930,"comment_status":"open","ping_status":"closed","template":"","meta":[],"product_brand":[],"product_cat":[214,257],"product_tag":[3663,3665,3667,1543,434,3676,3675,437,995,3678,3664,3677,3666],"class_list":{"0":"post-270920","1":"product","2":"type-product","3":"status-publish","4":"has-post-thumbnail","6":"product_cat-phu-kien-bom-nuoc","7":"product_cat-nguon-dien-adapter-sac-pin-binh","8":"product_tag-12-6v","9":"product_tag-12-6v-2ah","10":"product_tag-charge","11":"product_tag-charger","12":"product_tag-sac-12v","13":"product_tag-sac-14v","14":"product_tag-sac-16v","15":"product_tag-sac-pin","16":"product_tag-sac-pin-12v","17":"product_tag-sac-pin-18650-4s","18":"product_tag-sac-pin-2a","19":"product_tag-sac-pin-4s","20":"product_tag-sac-pin-lithiun","22":"first","23":"instock","24":"sale","25":"shipping-taxable","26":"purchasable","27":"product-type-simple"},"_links":{"self":[{"href":"https:\/\/maybommini.vn\/index.php?rest_route=\/wp\/v2\/product\/270920","targetHints":{"allow":["GET"]}}],"collection":[{"href":"https:\/\/maybommini.vn\/index.php?rest_route=\/wp\/v2\/product"}],"about":[{"href":"https:\/\/maybommini.vn\/index.php?rest_route=\/wp\/v2\/types\/product"}],"replies":[{"embeddable":true,"href":"https:\/\/maybommini.vn\/index.php?rest_route=%2Fwp%2Fv2%2Fcomments&post=270920"}],"wp:featuredmedia":[{"embeddable":true,"href":"https:\/\/maybommini.vn\/index.php?rest_route=\/wp\/v2\/media\/270930"}],"wp:attachment":[{"href":"https:\/\/maybommini.vn\/index.php?rest_route=%2Fwp%2Fv2%2Fmedia&parent=270920"}],"wp:term":[{"taxonomy":"product_brand","embeddable":true,"href":"https:\/\/maybommini.vn\/index.php?rest_route=%2Fwp%2Fv2%2Fproduct_brand&post=270920"},{"taxonomy":"product_cat","embeddable":true,"href":"https:\/\/maybommini.vn\/index.php?rest_route=%2Fwp%2Fv2%2Fproduct_cat&post=270920"},{"taxonomy":"product_tag","embeddable":true,"href":"https:\/\/maybommini.vn\/index.php?rest_route=%2Fwp%2Fv2%2Fproduct_tag&post=270920"}],"curies":[{"name":"wp","href":"https:\/\/api.w.org\/{rel}","templated":true}]}}