{"id":271083,"date":"2022-10-25T10:15:07","date_gmt":"2022-10-25T03:15:07","guid":{"rendered":"https:\/\/maybommini.com\/?post_type=product&#038;p=271083"},"modified":"2022-10-25T10:22:45","modified_gmt":"2022-10-25T03:22:45","slug":"bo-noi-nhanh-bi-khi-nen-chia-2-smv","status":"publish","type":"product","link":"https:\/\/maybommini.vn\/?product=bo-noi-nhanh-bi-khi-nen-chia-2-smv","title":{"rendered":"B\u1ed9 n\u1ed1i nhanh bi kh\u00ed n\u00e9n chia 2 &#8211; SMV"},"content":{"rendered":"<h3><strong>Chuy\u00ean cung c\u1ea5p ph\u00e2n ph\u1ed1i thi\u1ebft b\u1ecb ph\u1ee5 ki\u1ec7n kh\u00ed n\u00e9n ch\u00ednh h\u00e3ng ch\u1ea5t l\u01b0\u1ee3ng gi\u00e1 t\u1ed1t. B\u1ed9 n\u1ed1i nhanh bi kh\u00ed n\u00e9n chia 2 SMV l\u00e0 \u0111\u1ea7u k\u1ebft n\u1ed1i kh\u00f4ng th\u1ec3 thi\u1ebfu khi s\u1eed d\u1ee5ng kh\u00ed n\u00e9n chia nhi\u1ec1u thi\u1ebft b\u1ecb c\u00f9ng l\u00fac.<\/strong><\/h3>\n<p><strong><a href=\"https:\/\/maybommini.com\/wp-content\/uploads\/2022\/10\/Bo-noi-nhanh-khi-nen-chia-2-smv.jpg\" target=\"_blank\" rel=\"noopener\"><img decoding=\"async\" class=\"size-full wp-image-271085 aligncenter\" src=\"https:\/\/maybommini.com\/wp-content\/uploads\/2022\/10\/Bo-noi-nhanh-khi-nen-chia-2-smv.jpg\" alt=\"Bo Noi Nhanh Khi Nen Chia 2 Smv\" width=\"750\" height=\"750\" srcset=\"https:\/\/maybommini.vn\/wp-content\/uploads\/2022\/10\/Bo-noi-nhanh-khi-nen-chia-2-smv.jpg 750w, https:\/\/maybommini.vn\/wp-content\/uploads\/2022\/10\/Bo-noi-nhanh-khi-nen-chia-2-smv-300x300.jpg 300w, https:\/\/maybommini.vn\/wp-content\/uploads\/2022\/10\/Bo-noi-nhanh-khi-nen-chia-2-smv-150x150.jpg 150w, https:\/\/maybommini.vn\/wp-content\/uploads\/2022\/10\/Bo-noi-nhanh-khi-nen-chia-2-smv-600x600.jpg 600w\" sizes=\"(max-width: 750px) 100vw, 750px\" \/><\/a>TH\u00d4NG S\u1ed0 K\u1ef8 THU\u1eacT<\/strong><br \/>\nModel: SMV-2<br \/>\n\u0110\u1ea7u n\u1ed1i bi c\u00f3 van.<br \/>\nVan kh\u00ed n\u00e9n cao c\u1ea5p.<br \/>\nN\u1ed1i nhanh bi: 2<br \/>\nThanh n\u1ed1i: 3 l\u1ed5<br \/>\nL\u1ed5 ren : 1\/4 &#8211; 12.7mm<br \/>\nCh\u1ea5t li\u1ec7u: Nh\u00f4m &#8211; Inox.<br \/>\nK\u00edch th\u01b0\u1edbc: 12 x 65 mm<br \/>\nTr\u1ecdng l\u01b0\u1ee3ng: 182 gam.<\/p>\n<p><strong><a href=\"https:\/\/maybommini.com\/wp-content\/uploads\/2022\/10\/Pneumatic-Fitting-Compressor-Fittings-smv.jpg\" target=\"_blank\" rel=\"noopener\"><img decoding=\"async\" class=\"size-full wp-image-271087 aligncenter\" src=\"https:\/\/maybommini.com\/wp-content\/uploads\/2022\/10\/Pneumatic-Fitting-Compressor-Fittings-smv.jpg\" alt=\"Pneumatic Fitting Compressor Fittings Smv\" width=\"750\" height=\"750\" srcset=\"https:\/\/maybommini.vn\/wp-content\/uploads\/2022\/10\/Pneumatic-Fitting-Compressor-Fittings-smv.jpg 750w, https:\/\/maybommini.vn\/wp-content\/uploads\/2022\/10\/Pneumatic-Fitting-Compressor-Fittings-smv-300x300.jpg 300w, https:\/\/maybommini.vn\/wp-content\/uploads\/2022\/10\/Pneumatic-Fitting-Compressor-Fittings-smv-150x150.jpg 150w, https:\/\/maybommini.vn\/wp-content\/uploads\/2022\/10\/Pneumatic-Fitting-Compressor-Fittings-smv-600x600.jpg 600w\" sizes=\"(max-width: 750px) 100vw, 750px\" \/><\/a><a href=\"https:\/\/maybommini.com\/wp-content\/uploads\/2022\/10\/Air-Gas-Distributor-For-Pump-Tool-Coupler-Manifold-Multi-Splitter.jpg\" target=\"_blank\" rel=\"noopener\"><img decoding=\"async\" class=\"size-full wp-image-271084 aligncenter\" src=\"https:\/\/maybommini.com\/wp-content\/uploads\/2022\/10\/Air-Gas-Distributor-For-Pump-Tool-Coupler-Manifold-Multi-Splitter.jpg\" alt=\"Air Gas Distributor For Pump Tool Coupler Manifold Multi Splitter\" width=\"750\" height=\"750\" srcset=\"https:\/\/maybommini.vn\/wp-content\/uploads\/2022\/10\/Air-Gas-Distributor-For-Pump-Tool-Coupler-Manifold-Multi-Splitter.jpg 750w, https:\/\/maybommini.vn\/wp-content\/uploads\/2022\/10\/Air-Gas-Distributor-For-Pump-Tool-Coupler-Manifold-Multi-Splitter-300x300.jpg 300w, https:\/\/maybommini.vn\/wp-content\/uploads\/2022\/10\/Air-Gas-Distributor-For-Pump-Tool-Coupler-Manifold-Multi-Splitter-150x150.jpg 150w, https:\/\/maybommini.vn\/wp-content\/uploads\/2022\/10\/Air-Gas-Distributor-For-Pump-Tool-Coupler-Manifold-Multi-Splitter-600x600.jpg 600w\" sizes=\"(max-width: 750px) 100vw, 750px\" \/><\/a><a href=\"https:\/\/maybommini.com\/wp-content\/uploads\/2022\/10\/Bo-noi-nhanh-khi-nen-chia-2-smv.jpg\" target=\"_blank\" rel=\"noopener\"><img decoding=\"async\" class=\"size-full wp-image-271085 aligncenter\" src=\"https:\/\/maybommini.com\/wp-content\/uploads\/2022\/10\/Bo-noi-nhanh-khi-nen-chia-2-smv.jpg\" alt=\"Bo Noi Nhanh Khi Nen Chia 2 Smv\" width=\"750\" height=\"750\" srcset=\"https:\/\/maybommini.vn\/wp-content\/uploads\/2022\/10\/Bo-noi-nhanh-khi-nen-chia-2-smv.jpg 750w, https:\/\/maybommini.vn\/wp-content\/uploads\/2022\/10\/Bo-noi-nhanh-khi-nen-chia-2-smv-300x300.jpg 300w, https:\/\/maybommini.vn\/wp-content\/uploads\/2022\/10\/Bo-noi-nhanh-khi-nen-chia-2-smv-150x150.jpg 150w, https:\/\/maybommini.vn\/wp-content\/uploads\/2022\/10\/Bo-noi-nhanh-khi-nen-chia-2-smv-600x600.jpg 600w\" sizes=\"(max-width: 750px) 100vw, 750px\" \/><\/a>C\u00c1CH S\u1eec D\u1ee4NG S\u00daNG X\u1ecaT H\u01a0I KHI N\u00c9N<\/strong><br \/>\nK\u1ebft n\u1ed1i kh\u00ed n\u00e9n b\u1eb1ng \u0111\u1ea7u n\u1ed1i nhanh.<br \/>\nK\u1ebft n\u1ed1i \u1ed1ng kh\u00ed n\u00e9n v\u1edbi <a href=\"https:\/\/maybommini.com\/san-pham\/may-bom-hoi-khi-nen-khong-dau-220v-1-5hp-24l-rover-rv-224\" target=\"_blank\" rel=\"noopener noreferrer\">m\u00e1y b\u01a1m khi n\u00e9n<\/a>.<br \/>\nC\u00f3 th\u1ec3 thay \u0111\u1ed5i v\u1ecb tr\u00ed \u0111\u1ea7u n\u1ed1i.<br \/>\nK\u00e9o kh\u00f3a van bi h\u01b0\u1edbng ra ngo\u00e0i \u0111\u1ec3 k\u1ebft n\u1ed1i.<\/p>\n<p><strong><a href=\"https:\/\/maybommini.com\/wp-content\/uploads\/2022\/10\/Bo-noi-nhanh-khi-nen-SMV-SMY.jpg\" target=\"_blank\" rel=\"noopener\"><img decoding=\"async\" class=\"size-full wp-image-271086 aligncenter\" src=\"https:\/\/maybommini.com\/wp-content\/uploads\/2022\/10\/Bo-noi-nhanh-khi-nen-SMV-SMY.jpg\" alt=\"Bo Noi Nhanh Khi Nen SMV SMY\" width=\"750\" height=\"750\" srcset=\"https:\/\/maybommini.vn\/wp-content\/uploads\/2022\/10\/Bo-noi-nhanh-khi-nen-SMV-SMY.jpg 750w, https:\/\/maybommini.vn\/wp-content\/uploads\/2022\/10\/Bo-noi-nhanh-khi-nen-SMV-SMY-300x300.jpg 300w, https:\/\/maybommini.vn\/wp-content\/uploads\/2022\/10\/Bo-noi-nhanh-khi-nen-SMV-SMY-150x150.jpg 150w, https:\/\/maybommini.vn\/wp-content\/uploads\/2022\/10\/Bo-noi-nhanh-khi-nen-SMV-SMY-600x600.jpg 600w\" sizes=\"(max-width: 750px) 100vw, 750px\" \/><\/a><br \/>\n\u1ee8NG D\u1ee4NG S\u00daNG X\u1ecaT KH\u00cd N\u00c9N \u00c1P L\u1ef0C CAO<\/strong><br \/>\n\u0110\u01b0\u1ee3c s\u1eed d\u1ee5ng r\u1ed9ng r\u00e3i cho m\u00e1y n\u00e9n kh\u00ed v\u00e0 c\u00e1c thi\u1ebft b\u1ecb li\u00ean quan \u0111\u1ebfn kh\u00f4ng kh\u00ed.<br \/>\nK\u1ebft n\u1ed1i linh ho\u1ea1t, nhanh ch\u00f3ng.<br \/>\n\u0110\u1ea7u n\u1ed1i di d\u1ec5 v\u1eadn h\u00e0nh v\u00e0 b\u1ec1n b\u1ec9.<br \/>\nS\u1eed d\u1ee5ng trong h\u1ec7 th\u1ed1ng b\u01a1m h\u01a1i Gara \u00f4t\u00f4 xe m\u00e1y.<br \/>\nD\u00f9ng cho h\u1ec7 th\u1ed1ng phun x\u1ecbt \u00e1p l\u1ef1c.<br \/>\nS\u1eed d\u1ee5ng b\u01a1m kh\u00ed n\u00e9n thi\u1ebft b\u1ecb d\u1ee5ng c\u1ee5 y t\u1ebf.<br \/>\nB\u01a1m th\u1ed5i l\u00e0m s\u1ea1ch b\u1ec1 m\u1eb7t cho c\u1eeda h\u00e0ng r\u1eeda xe v\u1ec7 sinh xe.<br \/>\ns\u1eed d\u1ee5ng chop h\u1ec7 th\u1ed1ng b\u01a1m h\u01a1i.<br \/>\nS\u1eed d\u1ee5ng trong ng\u00e0nh g\u1ed7, \u0111\u00e1nh b\u00f3ng.<br \/>\nV\u00e0 \u0111\u01b0\u1ee3c s\u1eed d\u1ee5ng cho nhi\u1ec1u l\u0129nh v\u1ef1c kh\u00e1c.<\/p>\n<p><a href=\"https:\/\/maybommini.com\/wp-content\/uploads\/2022\/10\/su-dung-bom-khi-nen.jpg\" target=\"_blank\" rel=\"noopener\"><img decoding=\"async\" class=\"size-full wp-image-271058 aligncenter\" src=\"https:\/\/maybommini.com\/wp-content\/uploads\/2022\/10\/su-dung-bom-khi-nen.jpg\" alt=\"Su Dung Bom Khi Nen\" width=\"750\" height=\"750\" srcset=\"https:\/\/maybommini.vn\/wp-content\/uploads\/2022\/10\/su-dung-bom-khi-nen.jpg 750w, https:\/\/maybommini.vn\/wp-content\/uploads\/2022\/10\/su-dung-bom-khi-nen-300x300.jpg 300w, https:\/\/maybommini.vn\/wp-content\/uploads\/2022\/10\/su-dung-bom-khi-nen-150x150.jpg 150w, https:\/\/maybommini.vn\/wp-content\/uploads\/2022\/10\/su-dung-bom-khi-nen-600x600.jpg 600w\" sizes=\"(max-width: 750px) 100vw, 750px\" \/><\/a><a href=\"https:\/\/maybommini.com\/wp-content\/uploads\/2022\/10\/su-dung-ung-dung-bom-khi-nen.jpg\" target=\"_blank\" rel=\"noopener\"><img decoding=\"async\" class=\"size-full wp-image-271059 aligncenter\" src=\"https:\/\/maybommini.com\/wp-content\/uploads\/2022\/10\/su-dung-ung-dung-bom-khi-nen.jpg\" alt=\"Su Dung Ung Dung Bom Khi Nen\" width=\"750\" height=\"750\" srcset=\"https:\/\/maybommini.vn\/wp-content\/uploads\/2022\/10\/su-dung-ung-dung-bom-khi-nen.jpg 750w, https:\/\/maybommini.vn\/wp-content\/uploads\/2022\/10\/su-dung-ung-dung-bom-khi-nen-300x300.jpg 300w, https:\/\/maybommini.vn\/wp-content\/uploads\/2022\/10\/su-dung-ung-dung-bom-khi-nen-150x150.jpg 150w, https:\/\/maybommini.vn\/wp-content\/uploads\/2022\/10\/su-dung-ung-dung-bom-khi-nen-600x600.jpg 600w\" sizes=\"(max-width: 750px) 100vw, 750px\" \/><\/a><a href=\"https:\/\/maybommini.com\/wp-content\/uploads\/2022\/10\/Air-pump-Air-compressor.jpg\" target=\"_blank\" rel=\"noopener\"><img decoding=\"async\" class=\"size-full wp-image-271060 aligncenter\" src=\"https:\/\/maybommini.com\/wp-content\/uploads\/2022\/10\/Air-pump-Air-compressor.jpg\" alt=\"Air Pump Air Compressor\" width=\"750\" height=\"750\" srcset=\"https:\/\/maybommini.vn\/wp-content\/uploads\/2022\/10\/Air-pump-Air-compressor.jpg 750w, https:\/\/maybommini.vn\/wp-content\/uploads\/2022\/10\/Air-pump-Air-compressor-300x300.jpg 300w, https:\/\/maybommini.vn\/wp-content\/uploads\/2022\/10\/Air-pump-Air-compressor-150x150.jpg 150w, https:\/\/maybommini.vn\/wp-content\/uploads\/2022\/10\/Air-pump-Air-compressor-600x600.jpg 600w\" sizes=\"(max-width: 750px) 100vw, 750px\" \/><\/a><a href=\"https:\/\/maybommini.com\/wp-content\/uploads\/2022\/10\/noi-nhanh-chia-duong-ong-khi-nen.jpg\" target=\"_blank\" rel=\"noopener\"><img decoding=\"async\" class=\"size-full wp-image-271071 aligncenter\" src=\"https:\/\/maybommini.com\/wp-content\/uploads\/2022\/10\/noi-nhanh-chia-duong-ong-khi-nen.jpg\" alt=\"Noi Nhanh Chia Duong Ong Khi Nen\" width=\"750\" height=\"750\" srcset=\"https:\/\/maybommini.vn\/wp-content\/uploads\/2022\/10\/noi-nhanh-chia-duong-ong-khi-nen.jpg 750w, https:\/\/maybommini.vn\/wp-content\/uploads\/2022\/10\/noi-nhanh-chia-duong-ong-khi-nen-300x300.jpg 300w, https:\/\/maybommini.vn\/wp-content\/uploads\/2022\/10\/noi-nhanh-chia-duong-ong-khi-nen-150x150.jpg 150w, https:\/\/maybommini.vn\/wp-content\/uploads\/2022\/10\/noi-nhanh-chia-duong-ong-khi-nen-600x600.jpg 600w\" sizes=\"(max-width: 750px) 100vw, 750px\" \/><\/a><a href=\"https:\/\/maybommini.com\/wp-content\/uploads\/2020\/02\/chuyen-ban-thiet-bi-khi-nen.jpg\" target=\"_blank\" rel=\"noopener\"><img decoding=\"async\" class=\"size-full wp-image-264395 aligncenter\" src=\"https:\/\/maybommini.com\/wp-content\/uploads\/2020\/02\/chuyen-ban-thiet-bi-khi-nen.jpg\" alt=\"Chuyen Ban Thiet Bi Khi Nen\" width=\"750\" height=\"750\" srcset=\"https:\/\/maybommini.vn\/wp-content\/uploads\/2020\/02\/chuyen-ban-thiet-bi-khi-nen.jpg 750w, https:\/\/maybommini.vn\/wp-content\/uploads\/2020\/02\/chuyen-ban-thiet-bi-khi-nen-300x300.jpg 300w, https:\/\/maybommini.vn\/wp-content\/uploads\/2020\/02\/chuyen-ban-thiet-bi-khi-nen-150x150.jpg 150w, https:\/\/maybommini.vn\/wp-content\/uploads\/2020\/02\/chuyen-ban-thiet-bi-khi-nen-600x600.jpg 600w\" sizes=\"(max-width: 750px) 100vw, 750px\" \/><\/a> <a href=\"https:\/\/maybommini.com\/wp-content\/uploads\/2020\/02\/ung-dung-ong-khi-nen.jpg\" target=\"_blank\" rel=\"noopener\"><img decoding=\"async\" class=\"size-full wp-image-264329 aligncenter\" src=\"https:\/\/maybommini.com\/wp-content\/uploads\/2020\/02\/ung-dung-ong-khi-nen.jpg\" alt=\"Ung Dung Ong Khi Nen\" width=\"750\" height=\"750\" srcset=\"https:\/\/maybommini.vn\/wp-content\/uploads\/2020\/02\/ung-dung-ong-khi-nen.jpg 750w, https:\/\/maybommini.vn\/wp-content\/uploads\/2020\/02\/ung-dung-ong-khi-nen-300x300.jpg 300w, https:\/\/maybommini.vn\/wp-content\/uploads\/2020\/02\/ung-dung-ong-khi-nen-150x150.jpg 150w, https:\/\/maybommini.vn\/wp-content\/uploads\/2020\/02\/ung-dung-ong-khi-nen-600x600.jpg 600w\" sizes=\"(max-width: 750px) 100vw, 750px\" \/><\/a><\/p>\n<p><em><strong><a href=\"https:\/\/maybommini.com\/\" target=\"_blank\" rel=\"noopener noreferrer\">M\u00e1y B\u01a1m Mini \u2013 Maybommini.com<\/a>\u00a0Chuy\u00ean cung c\u1ea5p ph\u00e2n ph\u1ed1i b\u00e1n m\u00e1y b\u01a1m h\u01a1i kh\u00ed n\u00e9n v\u00e0 ph\u1ee5 ki\u1ec7n kh\u00ed n\u00e9n gi\u00e1 t\u1ed1t v\u00e0 b\u1ea3o h\u00e0nh l\u00e2u d\u00e0i ch\u00ednh h\u00e3ng cho kh\u00e1ch h\u00e0ng tr\u00ean to\u00e0n qu\u1ed1c. Vui l\u00f2ng li\u00ean h\u1ec7 ch\u00fang t\u00f4i \u0111\u1ec3 \u0111\u01b0\u1ee3c t\u01b0 v\u1ea5n nhu c\u1ea7u ph\u00f9 h\u1ee3p ti\u1ebft ki\u1ec7m h\u01a1n khi mua h\u00e0ng.<\/strong><\/em><br \/>\n<strong>Hotline:<\/strong>\u00a00907294310 \u2013 02873030399<br \/>\n<strong>Email:<\/strong>\u00a0maybommini.com@gmail.com<br \/>\n<strong>Website<\/strong>:\u00a0<a href=\"https:\/\/maybommini.com\/\" target=\"_blank\" rel=\"noopener noreferrer\">https:\/\/maybommini.com<\/a><br \/>\n<strong>Facebook:<\/strong>\u00a0<a href=\"https:\/\/www.facebook.com\/maybommini\" target=\"_blank\" rel=\"noopener noreferrer\">https:\/\/www.facebook.com\/maybommini<\/a><br \/>\n<strong>Youtube demo:<\/strong>\u00a0<a href=\"https:\/\/www.youtube.com\/bahamasali\" target=\"_blank\" rel=\"noopener noreferrer\">https:\/\/www.youtube.com\/bahamasali<\/a><\/p>\n<h3 style=\"text-align: center;\"><a href=\"https:\/\/maybommini.com\/wp-content\/uploads\/2022\/10\/dau-noi-nhanh-chia-ong-may-bom-khi-nen-ap-luc-cao.jpg\" target=\"_blank\" rel=\"noopener\"><img decoding=\"async\" class=\"alignnone size-full wp-image-271069\" src=\"https:\/\/maybommini.com\/wp-content\/uploads\/2022\/10\/dau-noi-nhanh-chia-ong-may-bom-khi-nen-ap-luc-cao.jpg\" alt=\"Dau Noi Nhanh Chia Ong May Bom Khi Nen Ap Luc Cao\" width=\"750\" height=\"750\" srcset=\"https:\/\/maybommini.vn\/wp-content\/uploads\/2022\/10\/dau-noi-nhanh-chia-ong-may-bom-khi-nen-ap-luc-cao.jpg 750w, https:\/\/maybommini.vn\/wp-content\/uploads\/2022\/10\/dau-noi-nhanh-chia-ong-may-bom-khi-nen-ap-luc-cao-300x300.jpg 300w, https:\/\/maybommini.vn\/wp-content\/uploads\/2022\/10\/dau-noi-nhanh-chia-ong-may-bom-khi-nen-ap-luc-cao-150x150.jpg 150w, https:\/\/maybommini.vn\/wp-content\/uploads\/2022\/10\/dau-noi-nhanh-chia-ong-may-bom-khi-nen-ap-luc-cao-600x600.jpg 600w\" sizes=\"(max-width: 750px) 100vw, 750px\" \/><\/a><a href=\"https:\/\/maybommini.com\/wp-content\/uploads\/2022\/10\/cung-cap-thiet-bi-phu-kien-khi-nen-chinh-hang-cao-cap.jpg\" target=\"_blank\" rel=\"noopener\"><img decoding=\"async\" class=\"alignnone size-full wp-image-271068\" src=\"https:\/\/maybommini.com\/wp-content\/uploads\/2022\/10\/cung-cap-thiet-bi-phu-kien-khi-nen-chinh-hang-cao-cap.jpg\" alt=\"Cung Cap Thiet Bi Phu Kien Khi Nen Chinh Hang Cao Cap\" width=\"750\" height=\"750\" srcset=\"https:\/\/maybommini.vn\/wp-content\/uploads\/2022\/10\/cung-cap-thiet-bi-phu-kien-khi-nen-chinh-hang-cao-cap.jpg 750w, https:\/\/maybommini.vn\/wp-content\/uploads\/2022\/10\/cung-cap-thiet-bi-phu-kien-khi-nen-chinh-hang-cao-cap-300x300.jpg 300w, https:\/\/maybommini.vn\/wp-content\/uploads\/2022\/10\/cung-cap-thiet-bi-phu-kien-khi-nen-chinh-hang-cao-cap-150x150.jpg 150w, https:\/\/maybommini.vn\/wp-content\/uploads\/2022\/10\/cung-cap-thiet-bi-phu-kien-khi-nen-chinh-hang-cao-cap-600x600.jpg 600w\" sizes=\"(max-width: 750px) 100vw, 750px\" \/><\/a><a href=\"https:\/\/maybommini.com\/wp-content\/uploads\/2022\/10\/cung-cap-phu-kien-thiet-bi-khi-nen-cao-cap.jpg\" target=\"_blank\" rel=\"noopener\"><img decoding=\"async\" class=\"alignnone size-full wp-image-271067\" src=\"https:\/\/maybommini.com\/wp-content\/uploads\/2022\/10\/cung-cap-phu-kien-thiet-bi-khi-nen-cao-cap.jpg\" alt=\"Cung Cap Phu Kien Thiet Bi Khi Nen Cao Cap\" width=\"750\" height=\"750\" srcset=\"https:\/\/maybommini.vn\/wp-content\/uploads\/2022\/10\/cung-cap-phu-kien-thiet-bi-khi-nen-cao-cap.jpg 750w, https:\/\/maybommini.vn\/wp-content\/uploads\/2022\/10\/cung-cap-phu-kien-thiet-bi-khi-nen-cao-cap-300x300.jpg 300w, https:\/\/maybommini.vn\/wp-content\/uploads\/2022\/10\/cung-cap-phu-kien-thiet-bi-khi-nen-cao-cap-150x150.jpg 150w, https:\/\/maybommini.vn\/wp-content\/uploads\/2022\/10\/cung-cap-phu-kien-thiet-bi-khi-nen-cao-cap-600x600.jpg 600w\" sizes=\"(max-width: 750px) 100vw, 750px\" \/><\/a><a href=\"https:\/\/maybommini.com\/wp-content\/uploads\/2022\/10\/bo-noi-chia-ong-hoi-khi-nen-gia-re-chinh-hang.jpg\" target=\"_blank\" rel=\"noopener\"><img decoding=\"async\" class=\"alignnone size-full wp-image-271065\" src=\"https:\/\/maybommini.com\/wp-content\/uploads\/2022\/10\/bo-noi-chia-ong-hoi-khi-nen-gia-re-chinh-hang.jpg\" alt=\"Bo Noi Chia Ong Hoi Khi Nen Gia Re Chinh Hang\" width=\"750\" height=\"750\" srcset=\"https:\/\/maybommini.vn\/wp-content\/uploads\/2022\/10\/bo-noi-chia-ong-hoi-khi-nen-gia-re-chinh-hang.jpg 750w, https:\/\/maybommini.vn\/wp-content\/uploads\/2022\/10\/bo-noi-chia-ong-hoi-khi-nen-gia-re-chinh-hang-300x300.jpg 300w, https:\/\/maybommini.vn\/wp-content\/uploads\/2022\/10\/bo-noi-chia-ong-hoi-khi-nen-gia-re-chinh-hang-150x150.jpg 150w, https:\/\/maybommini.vn\/wp-content\/uploads\/2022\/10\/bo-noi-chia-ong-hoi-khi-nen-gia-re-chinh-hang-600x600.jpg 600w\" sizes=\"(max-width: 750px) 100vw, 750px\" \/><\/a><a href=\"https:\/\/maybommini.com\/wp-content\/uploads\/2022\/10\/bo-noi-chia-nhieu-ong-khi-nen.jpg\" target=\"_blank\" rel=\"noopener\"><img decoding=\"async\" class=\"alignnone size-full wp-image-271064\" src=\"https:\/\/maybommini.com\/wp-content\/uploads\/2022\/10\/bo-noi-chia-nhieu-ong-khi-nen.jpg\" alt=\"Bo Noi Chia Nhieu Ong Khi Nen\" width=\"750\" height=\"750\" srcset=\"https:\/\/maybommini.vn\/wp-content\/uploads\/2022\/10\/bo-noi-chia-nhieu-ong-khi-nen.jpg 750w, https:\/\/maybommini.vn\/wp-content\/uploads\/2022\/10\/bo-noi-chia-nhieu-ong-khi-nen-300x300.jpg 300w, https:\/\/maybommini.vn\/wp-content\/uploads\/2022\/10\/bo-noi-chia-nhieu-ong-khi-nen-150x150.jpg 150w, https:\/\/maybommini.vn\/wp-content\/uploads\/2022\/10\/bo-noi-chia-nhieu-ong-khi-nen-600x600.jpg 600w\" sizes=\"(max-width: 750px) 100vw, 750px\" \/><\/a><a href=\"https:\/\/maybommini.com\/wp-content\/uploads\/2022\/10\/Quick-Connector-High-Pressure.jpg\" target=\"_blank\" rel=\"noopener\"><img decoding=\"async\" class=\"alignnone size-full wp-image-271056\" src=\"https:\/\/maybommini.com\/wp-content\/uploads\/2022\/10\/Quick-Connector-High-Pressure.jpg\" alt=\"Quick Connector High Pressure\" width=\"750\" height=\"750\" srcset=\"https:\/\/maybommini.vn\/wp-content\/uploads\/2022\/10\/Quick-Connector-High-Pressure.jpg 750w, https:\/\/maybommini.vn\/wp-content\/uploads\/2022\/10\/Quick-Connector-High-Pressure-300x300.jpg 300w, https:\/\/maybommini.vn\/wp-content\/uploads\/2022\/10\/Quick-Connector-High-Pressure-150x150.jpg 150w, https:\/\/maybommini.vn\/wp-content\/uploads\/2022\/10\/Quick-Connector-High-Pressure-600x600.jpg 600w\" sizes=\"(max-width: 750px) 100vw, 750px\" \/><\/a><a href=\"https:\/\/maybommini.com\/wp-content\/uploads\/2022\/10\/Quick-Connector-Air.jpg\" target=\"_blank\" rel=\"noopener\"><img decoding=\"async\" class=\"alignnone size-full wp-image-271055\" src=\"https:\/\/maybommini.com\/wp-content\/uploads\/2022\/10\/Quick-Connector-Air.jpg\" alt=\"Quick Connector Air\" width=\"750\" height=\"750\" srcset=\"https:\/\/maybommini.vn\/wp-content\/uploads\/2022\/10\/Quick-Connector-Air.jpg 750w, https:\/\/maybommini.vn\/wp-content\/uploads\/2022\/10\/Quick-Connector-Air-300x300.jpg 300w, https:\/\/maybommini.vn\/wp-content\/uploads\/2022\/10\/Quick-Connector-Air-150x150.jpg 150w, https:\/\/maybommini.vn\/wp-content\/uploads\/2022\/10\/Quick-Connector-Air-600x600.jpg 600w\" sizes=\"(max-width: 750px) 100vw, 750px\" \/><\/a><a href=\"https:\/\/maybommini.com\/wp-content\/uploads\/2022\/10\/quick-pass-2-4.jpg\" target=\"_blank\" rel=\"noopener\"><img decoding=\"async\" class=\"alignnone size-full wp-image-271057\" src=\"https:\/\/maybommini.com\/wp-content\/uploads\/2022\/10\/quick-pass-2-4.jpg\" alt=\"Quick Pass 2 4\" width=\"750\" height=\"750\" srcset=\"https:\/\/maybommini.vn\/wp-content\/uploads\/2022\/10\/quick-pass-2-4.jpg 750w, https:\/\/maybommini.vn\/wp-content\/uploads\/2022\/10\/quick-pass-2-4-300x300.jpg 300w, https:\/\/maybommini.vn\/wp-content\/uploads\/2022\/10\/quick-pass-2-4-150x150.jpg 150w, https:\/\/maybommini.vn\/wp-content\/uploads\/2022\/10\/quick-pass-2-4-600x600.jpg 600w\" sizes=\"(max-width: 750px) 100vw, 750px\" \/><\/a><a href=\"https:\/\/maybommini.com\/wp-content\/uploads\/2022\/10\/noi-nhanh-chia-duong-ong-khi-nen.jpg\" target=\"_blank\" rel=\"noopener\"><img decoding=\"async\" class=\"size-full wp-image-271071 aligncenter\" src=\"https:\/\/maybommini.com\/wp-content\/uploads\/2022\/10\/noi-nhanh-chia-duong-ong-khi-nen.jpg\" alt=\"Noi Nhanh Chia Duong Ong Khi Nen\" width=\"750\" height=\"750\" srcset=\"https:\/\/maybommini.vn\/wp-content\/uploads\/2022\/10\/noi-nhanh-chia-duong-ong-khi-nen.jpg 750w, https:\/\/maybommini.vn\/wp-content\/uploads\/2022\/10\/noi-nhanh-chia-duong-ong-khi-nen-300x300.jpg 300w, https:\/\/maybommini.vn\/wp-content\/uploads\/2022\/10\/noi-nhanh-chia-duong-ong-khi-nen-150x150.jpg 150w, https:\/\/maybommini.vn\/wp-content\/uploads\/2022\/10\/noi-nhanh-chia-duong-ong-khi-nen-600x600.jpg 600w\" sizes=\"(max-width: 750px) 100vw, 750px\" \/><\/a><br \/>\n<a title=\"B\u1ed9 n\u1ed1i nhanh bi kh\u00ed n\u00e9n chia 2\" href=\"https:\/\/maybommini.com\/san-pham\/bo-noi-nhanh-bi-khi-nen-chia-2\" target=\"_blank\" rel=\"noopener\">B\u1ed9 n\u1ed1i nhanh bi kh\u00ed n\u00e9n chia 2 &#8211; SML<\/a><br \/>\n<a title=\"B\u1ed9 n\u1ed1i nhanh bi kh\u00ed n\u00e9n chia 3 - SML\" href=\"https:\/\/maybommini.com\/san-pham\/bo-noi-nhanh-bi-khi-nen-chia-3-sml\" target=\"_blank\" rel=\"noopener\">B\u1ed9 n\u1ed1i nhanh bi kh\u00ed n\u00e9n chia 3 &#8211; SML<\/a><br \/>\n<a title=\"B\u1ed9 n\u1ed1i nhanh bi kh\u00ed n\u00e9n chia 4 - SML\" href=\"https:\/\/maybommini.com\/san-pham\/bo-noi-nhanh-bi-khi-nen-chia-4\" target=\"_blank\" rel=\"noopener\">B\u1ed9 n\u1ed1i nhanh bi kh\u00ed n\u00e9n chia 4 &#8211; SML<\/a><br \/>\nB\u1ed9 n\u1ed1i nhanh bi kh\u00ed n\u00e9n chia 2 &#8211; SMV<\/h3>\n<p>Pneumatic Fittings Compressor Fitting 1\/4 Quick Connector Air Gas Distributor For Pump Tool Coupler<br \/>\nPneumatic Distributor 4 Way 3 way 2 way 5way 6way Air Hose Quick Connect Coupling Tool 1\/4 Bsp Thread<\/p>\n<p><img decoding=\"async\" class=\"aligncenter\" src=\"https:\/\/maybommini.com\/wp-content\/uploads\/2022\/07\/thong-tin-lien-he-may-bom-mini.jpg\" alt=\"Thong Tin Lien He May Bom Mini\" \/><\/p>\n","protected":false},"excerpt":{"rendered":"<p>Model: SMV-2<br \/>\n\u0110\u1ea7u n\u1ed1i bi c\u00f3 van.<br \/>\nVan kh\u00ed n\u00e9n cao c\u1ea5p.<br \/>\nN\u1ed1i nhanh bi: 2<br \/>\nThanh n\u1ed1i: 3 l\u1ed5<br \/>\nL\u1ed5 ren : 1\/4 &#8211; 12.7mm<br \/>\nCh\u1ea5t li\u1ec7u: Nh\u00f4m &#8211; Inox.<br \/>\nK\u00edch th\u01b0\u1edbc: 12 x 65 mm<br \/>\nTr\u1ecdng l\u01b0\u1ee3ng: 182 gam.<br \/>\nB\u1ea3o h\u00e0nh: 1 th\u00e1ng.<br \/>\n<strong>Ph\u00e2n ph\u1ed1i: Maybommini.com<\/strong><\/p>\n","protected":false},"featured_media":271085,"comment_status":"open","ping_status":"closed","template":"","meta":[],"product_brand":[],"product_cat":[3216,3200],"product_tag":[3698,3235,3234,3699,742,3700,3701,3231,3696,3236,3233,3697,3702,3703,3230,3229,3227,3232,3228],"class_list":{"0":"post-271083","1":"product","2":"type-product","3":"status-publish","4":"has-post-thumbnail","6":"product_cat-phu-kien-may-bom-khi-nen","7":"product_cat-may-bom-hoi-khi-nen","8":"product_tag-1-4","9":"product_tag-air-blower","10":"product_tag-air-compressor-dust-duster-trigger-handle","11":"product_tag-chia-2","12":"product_tag-chia-3","13":"product_tag-chia-4","14":"product_tag-dau-noi-chia-ong-khi-nen","15":"product_tag-dg-10","16":"product_tag-fittings-compressor-fitting","17":"product_tag-gun-blower","18":"product_tag-nozzle-blow-gun","19":"product_tag-quick-connector-air","20":"product_tag-sml","21":"product_tag-smv","22":"product_tag-sung-khi-nen","23":"product_tag-sung-xit-khi","24":"product_tag-sung-xit-khi-nen","25":"product_tag-sung-xit-khi-nen-taiwan","26":"product_tag-voi-phun-khi","28":"first","29":"instock","30":"sale","31":"shipping-taxable","32":"purchasable","33":"product-type-simple"},"_links":{"self":[{"href":"https:\/\/maybommini.vn\/index.php?rest_route=\/wp\/v2\/product\/271083","targetHints":{"allow":["GET"]}}],"collection":[{"href":"https:\/\/maybommini.vn\/index.php?rest_route=\/wp\/v2\/product"}],"about":[{"href":"https:\/\/maybommini.vn\/index.php?rest_route=\/wp\/v2\/types\/product"}],"replies":[{"embeddable":true,"href":"https:\/\/maybommini.vn\/index.php?rest_route=%2Fwp%2Fv2%2Fcomments&post=271083"}],"wp:featuredmedia":[{"embeddable":true,"href":"https:\/\/maybommini.vn\/index.php?rest_route=\/wp\/v2\/media\/271085"}],"wp:attachment":[{"href":"https:\/\/maybommini.vn\/index.php?rest_route=%2Fwp%2Fv2%2Fmedia&parent=271083"}],"wp:term":[{"taxonomy":"product_brand","embeddable":true,"href":"https:\/\/maybommini.vn\/index.php?rest_route=%2Fwp%2Fv2%2Fproduct_brand&post=271083"},{"taxonomy":"product_cat","embeddable":true,"href":"https:\/\/maybommini.vn\/index.php?rest_route=%2Fwp%2Fv2%2Fproduct_cat&post=271083"},{"taxonomy":"product_tag","embeddable":true,"href":"https:\/\/maybommini.vn\/index.php?rest_route=%2Fwp%2Fv2%2Fproduct_tag&post=271083"}],"curies":[{"name":"wp","href":"https:\/\/api.w.org\/{rel}","templated":true}]}}