{"id":271096,"date":"2022-10-25T11:17:46","date_gmt":"2022-10-25T04:17:46","guid":{"rendered":"https:\/\/maybommini.com\/?post_type=product&#038;p=271096"},"modified":"2022-10-25T11:31:20","modified_gmt":"2022-10-25T04:31:20","slug":"sung-xit-hoi-khi-nen-taiwan-thb-b30","status":"publish","type":"product","link":"https:\/\/maybommini.vn\/?product=sung-xit-hoi-khi-nen-taiwan-thb-b30","title":{"rendered":"S\u00fang x\u1ecbt h\u01a1i kh\u00ed n\u00e9n Taiwan THB B30"},"content":{"rendered":"<h3><strong>Ph\u00e2n ph\u1ed1i s\u00fang x\u1ecbt h\u01a1i kh\u00ed n\u00e9n Taiwan THB B30 chuy\u00ean d\u1ee5ng ch\u1ea5t l\u01b0\u1ee3ng ch\u00ednh h\u00e3ng \u0111\u01b0\u1ee3c nh\u1eadp kh\u1ea9u s\u1eed d\u1ee5ng r\u1ea5t t\u1ed1t v\u00e0 b\u1ec1n b\u1ec9 l\u00e2u d\u00e0i. \u0110\u00e2y l\u00e0 s\u00fang x\u1ecbt h\u01a1i \u0111\u01b0\u1ee3c \u01b0u chu\u1ed9ng v\u00e0 s\u1eed d\u1ee5ng nhi\u1ec1u nh\u1ea5t hi\u1ec7n nay do \u0111\u01b0\u1ee3c \u0111\u00e1nh gi\u00e1 r\u1ea5t t\u1ed1t t\u1eeb kh\u00e1ch h\u00e0ng.<\/strong><\/h3>\n<p><strong><a href=\"https:\/\/maybommini.com\/wp-content\/uploads\/2022\/10\/sung-khi-nen-THB-B30.jpg\" target=\"_blank\" rel=\"noopener\"><img decoding=\"async\" class=\"size-full wp-image-271099 aligncenter\" src=\"https:\/\/maybommini.com\/wp-content\/uploads\/2022\/10\/sung-khi-nen-THB-B30.jpg\" alt=\"Sung Khi Nen THB B30\" width=\"750\" height=\"750\" srcset=\"https:\/\/maybommini.vn\/wp-content\/uploads\/2022\/10\/sung-khi-nen-THB-B30.jpg 750w, https:\/\/maybommini.vn\/wp-content\/uploads\/2022\/10\/sung-khi-nen-THB-B30-300x300.jpg 300w, https:\/\/maybommini.vn\/wp-content\/uploads\/2022\/10\/sung-khi-nen-THB-B30-150x150.jpg 150w, https:\/\/maybommini.vn\/wp-content\/uploads\/2022\/10\/sung-khi-nen-THB-B30-600x600.jpg 600w\" sizes=\"(max-width: 750px) 100vw, 750px\" \/><\/a>TH\u00d4NG S\u1ed0 K\u1ef8 THU\u1eacT<\/strong><br \/>\nTh\u01b0\u01a1ng hi\u1ec7u: THB<br \/>\nModel: B30<br \/>\nCh\u1ea5t li\u1ec7u: Nh\u00f4m &#8211; Inox.<br \/>\nVan kh\u00ed n\u00e9n cao c\u1ea5p.<br \/>\nCh\u1ecbu \u00e1p l\u1ef1c t\u1ed1i \u0111a: 1.0 Mpa &#8211; 10 Kgf\/cm2.<br \/>\nN\u1ed1i nhanh \u1ed1ng h\u01a1i \u0111u\u00f4i \u0111\u1ef1c.<br \/>\nK\u00edch th\u01b0\u1edbc: 400 x 100 mm<br \/>\nTr\u1ecdng l\u01b0\u1ee3ng: 300 gam.<br \/>\nMade in Taiwan.<\/p>\n<p>&nbsp;<\/p>\n<p><strong><a href=\"https:\/\/maybommini.com\/wp-content\/uploads\/2022\/10\/dau-voi-xit-cua-sung-khi-nen-THB-B30.jpg\" target=\"_blank\" rel=\"noopener\"><img decoding=\"async\" class=\"size-full wp-image-271097 aligncenter\" src=\"https:\/\/maybommini.com\/wp-content\/uploads\/2022\/10\/dau-voi-xit-cua-sung-khi-nen-THB-B30.jpg\" alt=\"Dau Voi Xit Cua Sung Khi Nen THB B30\" width=\"750\" height=\"750\" srcset=\"https:\/\/maybommini.vn\/wp-content\/uploads\/2022\/10\/dau-voi-xit-cua-sung-khi-nen-THB-B30.jpg 750w, https:\/\/maybommini.vn\/wp-content\/uploads\/2022\/10\/dau-voi-xit-cua-sung-khi-nen-THB-B30-300x300.jpg 300w, https:\/\/maybommini.vn\/wp-content\/uploads\/2022\/10\/dau-voi-xit-cua-sung-khi-nen-THB-B30-150x150.jpg 150w, https:\/\/maybommini.vn\/wp-content\/uploads\/2022\/10\/dau-voi-xit-cua-sung-khi-nen-THB-B30-600x600.jpg 600w\" sizes=\"(max-width: 750px) 100vw, 750px\" \/><\/a><a href=\"https:\/\/maybommini.com\/wp-content\/uploads\/2022\/10\/ren-noi-sung-xit-khi-nen-THB-B30.jpg\" target=\"_blank\" rel=\"noopener\"><img decoding=\"async\" class=\"size-full wp-image-271098 aligncenter\" src=\"https:\/\/maybommini.com\/wp-content\/uploads\/2022\/10\/ren-noi-sung-xit-khi-nen-THB-B30.jpg\" alt=\"Ren Noi Sung Xit Khi Nen THB B30\" width=\"750\" height=\"750\" srcset=\"https:\/\/maybommini.vn\/wp-content\/uploads\/2022\/10\/ren-noi-sung-xit-khi-nen-THB-B30.jpg 750w, https:\/\/maybommini.vn\/wp-content\/uploads\/2022\/10\/ren-noi-sung-xit-khi-nen-THB-B30-300x300.jpg 300w, https:\/\/maybommini.vn\/wp-content\/uploads\/2022\/10\/ren-noi-sung-xit-khi-nen-THB-B30-150x150.jpg 150w, https:\/\/maybommini.vn\/wp-content\/uploads\/2022\/10\/ren-noi-sung-xit-khi-nen-THB-B30-600x600.jpg 600w\" sizes=\"(max-width: 750px) 100vw, 750px\" \/><\/a><a href=\"https:\/\/maybommini.com\/wp-content\/uploads\/2022\/10\/sung-xit-khi-nen-chinh-hang-THB-B30.jpg\" target=\"_blank\" rel=\"noopener\"><img decoding=\"async\" class=\"size-full wp-image-271101 aligncenter\" src=\"https:\/\/maybommini.com\/wp-content\/uploads\/2022\/10\/sung-xit-khi-nen-chinh-hang-THB-B30.jpg\" alt=\"Sung Xit Khi Nen Chinh Hang THB B30\" width=\"750\" height=\"750\" srcset=\"https:\/\/maybommini.vn\/wp-content\/uploads\/2022\/10\/sung-xit-khi-nen-chinh-hang-THB-B30.jpg 750w, https:\/\/maybommini.vn\/wp-content\/uploads\/2022\/10\/sung-xit-khi-nen-chinh-hang-THB-B30-300x300.jpg 300w, https:\/\/maybommini.vn\/wp-content\/uploads\/2022\/10\/sung-xit-khi-nen-chinh-hang-THB-B30-150x150.jpg 150w, https:\/\/maybommini.vn\/wp-content\/uploads\/2022\/10\/sung-xit-khi-nen-chinh-hang-THB-B30-600x600.jpg 600w\" sizes=\"(max-width: 750px) 100vw, 750px\" \/><\/a><a href=\"https:\/\/maybommini.com\/wp-content\/uploads\/2022\/10\/Ait-Blower-B30-THB.jpg\" target=\"_blank\" rel=\"noopener\"><img decoding=\"async\" class=\"size-full wp-image-271103 aligncenter\" src=\"https:\/\/maybommini.com\/wp-content\/uploads\/2022\/10\/Ait-Blower-B30-THB.jpg\" alt=\"Ait Blower B30 THB\" width=\"750\" height=\"750\" srcset=\"https:\/\/maybommini.vn\/wp-content\/uploads\/2022\/10\/Ait-Blower-B30-THB.jpg 750w, https:\/\/maybommini.vn\/wp-content\/uploads\/2022\/10\/Ait-Blower-B30-THB-300x300.jpg 300w, https:\/\/maybommini.vn\/wp-content\/uploads\/2022\/10\/Ait-Blower-B30-THB-150x150.jpg 150w, https:\/\/maybommini.vn\/wp-content\/uploads\/2022\/10\/Ait-Blower-B30-THB-600x600.jpg 600w\" sizes=\"(max-width: 750px) 100vw, 750px\" \/><\/a><\/strong><\/p>\n<p><strong>C\u00c1CH S\u1eec D\u1ee4NG S\u00daNG X\u1ecaT H\u01a0I KHI N\u00c9N<\/strong><br \/>\nK\u1ebft n\u1ed1i s\u00fang kh\u00ed n\u00e9n v\u1edbi <a href=\"https:\/\/maybommini.com\/san-pham\/ong-day-may-bom-khi-nen-6-met-pu-5x8\" target=\"_blank\" rel=\"noopener noreferrer\">\u1ed1ng d\u00e2y kh\u00ed n\u00e9n<\/a> b\u1eb1ng \u0111\u1ea7u n\u1ed1i nhanh.<br \/>\nK\u1ebft n\u1ed1i \u1ed1ng kh\u00ed n\u00e9n v\u1edbi <a href=\"https:\/\/maybommini.com\/san-pham\/may-bom-hoi-khi-nen-khong-dau-220v-1-5hp-24l-rover-rv-224\" target=\"_blank\" rel=\"noopener noreferrer\">m\u00e1y b\u01a1m khi n\u00e9n<\/a>.<br \/>\nB\u00f3p c\u00f2 \u0111\u1ec3 x\u1ecbt h\u01a1i kh\u00ed n\u00e9n.<br \/>\nTr\u00e1nh xa t\u1ea7m tay tr\u1ebb em.<br \/>\nTr\u00e1nh phun x\u1ecbt v\u00e0o m\u1eaft v\u00e0 v\u00f9ng nh\u1ea1y c\u1ea3m.<\/p>\n<p>&nbsp;<\/p>\n<p><strong><a href=\"https:\/\/maybommini.com\/wp-content\/uploads\/2022\/10\/Sung-xit-khi-nen-ap-luc-cao-B30.jpg\" target=\"_blank\" rel=\"noopener\"><img decoding=\"async\" class=\"size-full wp-image-271100 aligncenter\" src=\"https:\/\/maybommini.com\/wp-content\/uploads\/2022\/10\/Sung-xit-khi-nen-ap-luc-cao-B30.jpg\" alt=\"Sung Xit Khi Nen Ap Luc Cao B30\" width=\"750\" height=\"750\" srcset=\"https:\/\/maybommini.vn\/wp-content\/uploads\/2022\/10\/Sung-xit-khi-nen-ap-luc-cao-B30.jpg 750w, https:\/\/maybommini.vn\/wp-content\/uploads\/2022\/10\/Sung-xit-khi-nen-ap-luc-cao-B30-300x300.jpg 300w, https:\/\/maybommini.vn\/wp-content\/uploads\/2022\/10\/Sung-xit-khi-nen-ap-luc-cao-B30-150x150.jpg 150w, https:\/\/maybommini.vn\/wp-content\/uploads\/2022\/10\/Sung-xit-khi-nen-ap-luc-cao-B30-600x600.jpg 600w\" sizes=\"(max-width: 750px) 100vw, 750px\" \/><\/a><a href=\"https:\/\/maybommini.com\/wp-content\/uploads\/2022\/10\/voi-xit-khi-nen-THB-B30.jpg\" target=\"_blank\" rel=\"noopener\"><img decoding=\"async\" class=\"size-full wp-image-271102 aligncenter\" src=\"https:\/\/maybommini.com\/wp-content\/uploads\/2022\/10\/voi-xit-khi-nen-THB-B30.jpg\" alt=\"Voi Xit Khi Nen THB B30\" width=\"750\" height=\"750\" srcset=\"https:\/\/maybommini.vn\/wp-content\/uploads\/2022\/10\/voi-xit-khi-nen-THB-B30.jpg 750w, https:\/\/maybommini.vn\/wp-content\/uploads\/2022\/10\/voi-xit-khi-nen-THB-B30-300x300.jpg 300w, https:\/\/maybommini.vn\/wp-content\/uploads\/2022\/10\/voi-xit-khi-nen-THB-B30-150x150.jpg 150w, https:\/\/maybommini.vn\/wp-content\/uploads\/2022\/10\/voi-xit-khi-nen-THB-B30-600x600.jpg 600w\" sizes=\"(max-width: 750px) 100vw, 750px\" \/><\/a>\u1ee8NG D\u1ee4NG S\u00daNG X\u1ecaT KH\u00cd N\u00c9N \u00c1P L\u1ef0C CAO<\/strong><br \/>\n\u0110\u01b0\u1ee3c s\u1eed d\u1ee5ng r\u1ed9ng r\u00e3i cho m\u00e1y n\u00e9n kh\u00ed v\u00e0 c\u00e1c thi\u1ebft b\u1ecb li\u00ean quan \u0111\u1ebfn kh\u00f4ng kh\u00ed.<br \/>\nK\u1ebft n\u1ed1i linh ho\u1ea1t, nhanh ch\u00f3ng.<br \/>\n\u0110\u1ea7u n\u1ed1i di \u0111\u1ed9ng, d\u1ec5 v\u1eadn h\u00e0nh v\u00e0 b\u1ec1n b\u1ec9.<br \/>\nS\u1eed d\u1ee5ng trong h\u1ec7 th\u1ed1ng b\u01a1m h\u01a1i Gara \u00f4t\u00f4 xe m\u00e1y.<br \/>\nD\u00f9ng cho h\u1ec7 th\u1ed1ng phun x\u1ecbt \u00e1p l\u1ef1c.<br \/>\nS\u1eed d\u1ee5ng b\u01a1m kh\u00ed n\u00e9n thi\u1ebft b\u1ecb d\u1ee5ng c\u1ee5 y t\u1ebf.<br \/>\nB\u01a1m th\u1ed5i l\u00e0m s\u1ea1ch b\u1ec1 m\u1eb7t cho c\u1eeda h\u00e0ng r\u1eeda xe v\u1ec7 sinh xe.<br \/>\nV\u00e0 \u0111\u01b0\u1ee3c s\u1eed d\u1ee5ng cho nhi\u1ec1u l\u0129nh v\u1ef1c kh\u00e1c.<\/p>\n<p><a href=\"https:\/\/maybommini.com\/wp-content\/uploads\/2020\/02\/chuyen-ban-thiet-bi-khi-nen.jpg\" target=\"_blank\" rel=\"noopener\"><img decoding=\"async\" class=\"size-full wp-image-264395 aligncenter\" src=\"https:\/\/maybommini.com\/wp-content\/uploads\/2020\/02\/chuyen-ban-thiet-bi-khi-nen.jpg\" alt=\"Chuyen Ban Thiet Bi Khi Nen\" width=\"750\" height=\"750\" srcset=\"https:\/\/maybommini.vn\/wp-content\/uploads\/2020\/02\/chuyen-ban-thiet-bi-khi-nen.jpg 750w, https:\/\/maybommini.vn\/wp-content\/uploads\/2020\/02\/chuyen-ban-thiet-bi-khi-nen-300x300.jpg 300w, https:\/\/maybommini.vn\/wp-content\/uploads\/2020\/02\/chuyen-ban-thiet-bi-khi-nen-150x150.jpg 150w, https:\/\/maybommini.vn\/wp-content\/uploads\/2020\/02\/chuyen-ban-thiet-bi-khi-nen-600x600.jpg 600w\" sizes=\"(max-width: 750px) 100vw, 750px\" \/><\/a> <a href=\"https:\/\/maybommini.com\/wp-content\/uploads\/2020\/02\/ung-dung-ong-khi-nen.jpg\" target=\"_blank\" rel=\"noopener\"><img decoding=\"async\" class=\"size-full wp-image-264329 aligncenter\" src=\"https:\/\/maybommini.com\/wp-content\/uploads\/2020\/02\/ung-dung-ong-khi-nen.jpg\" alt=\"Ung Dung Ong Khi Nen\" width=\"750\" height=\"750\" srcset=\"https:\/\/maybommini.vn\/wp-content\/uploads\/2020\/02\/ung-dung-ong-khi-nen.jpg 750w, https:\/\/maybommini.vn\/wp-content\/uploads\/2020\/02\/ung-dung-ong-khi-nen-300x300.jpg 300w, https:\/\/maybommini.vn\/wp-content\/uploads\/2020\/02\/ung-dung-ong-khi-nen-150x150.jpg 150w, https:\/\/maybommini.vn\/wp-content\/uploads\/2020\/02\/ung-dung-ong-khi-nen-600x600.jpg 600w\" sizes=\"(max-width: 750px) 100vw, 750px\" \/><\/a><\/p>\n<p><em><strong><a href=\"https:\/\/maybommini.com\/\" target=\"_blank\" rel=\"noopener noreferrer\">M\u00e1y B\u01a1m Mini \u2013 Maybommini.com<\/a>\u00a0Chuy\u00ean cung c\u1ea5p ph\u00e2n ph\u1ed1i b\u00e1n m\u00e1y b\u01a1m h\u01a1i kh\u00ed n\u00e9n v\u00e0 ph\u1ee5 ki\u1ec7n kh\u00ed n\u00e9n gi\u00e1 t\u1ed1t v\u00e0 b\u1ea3o h\u00e0nh l\u00e2u d\u00e0i ch\u00ednh h\u00e3ng cho kh\u00e1ch h\u00e0ng tr\u00ean to\u00e0n qu\u1ed1c. Vui l\u00f2ng li\u00ean h\u1ec7 ch\u00fang t\u00f4i \u0111\u1ec3 \u0111\u01b0\u1ee3c t\u01b0 v\u1ea5n nhu c\u1ea7u ph\u00f9 h\u1ee3p ti\u1ebft ki\u1ec7m h\u01a1n khi mua h\u00e0ng.<\/strong><\/em><br \/>\n<strong>Hotline:<\/strong>\u00a00907294310 \u2013 02873030399<br \/>\n<strong>Email:<\/strong>\u00a0maybommini.com@gmail.com<br \/>\n<strong>Website<\/strong>:\u00a0<a href=\"https:\/\/maybommini.com\/\" target=\"_blank\" rel=\"noopener noreferrer\">https:\/\/maybommini.com<\/a><br \/>\n<strong>Facebook:<\/strong>\u00a0<a href=\"https:\/\/www.facebook.com\/maybommini\" target=\"_blank\" rel=\"noopener noreferrer\">https:\/\/www.facebook.com\/maybommini<\/a><br \/>\n<strong>Youtube demo:<\/strong>\u00a0<a href=\"https:\/\/www.youtube.com\/bahamasali\" target=\"_blank\" rel=\"noopener noreferrer\">https:\/\/www.youtube.com\/bahamasali<\/a><\/p>\n<h3 style=\"text-align: center;\"><a href=\"https:\/\/maybommini.com\/san-pham\/sung-xit-hoi-khi-nen-taiwan-dg-10\" target=\"_blank\" rel=\"noopener noreferrer\"><strong>S\u00fang x\u1ecbt h\u01a1i kh\u00ed n\u00e9n Taiwan DG-10<\/strong><\/a><br \/>\n<a title=\"S\u00fang x\u1ecbt h\u01a1i kh\u00ed n\u00e9n Taiwan THB B12\" href=\"https:\/\/maybommini.com\/san-pham\/sung-xit-hoi-khi-nen-taiwan-thb-b12\" target=\"_blank\" rel=\"noopener\"><strong>S\u00fang x\u1ecbt h\u01a1i kh\u00ed n\u00e9n Taiwan THB B12<br \/>\n<\/strong><\/a><strong>S\u00fang x\u1ecbt h\u01a1i kh\u00ed n\u00e9n Taiwan THB B30<\/strong><\/h3>\n<h3 style=\"text-align: center;\"><a href=\"https:\/\/maybommini.com\/wp-content\/uploads\/2022\/07\/thong-tin-lien-he-may-bom-mini.jpg\" target=\"_blank\" rel=\"noopener\"><img decoding=\"async\" class=\"alignnone size-full wp-image-270584\" src=\"https:\/\/maybommini.com\/wp-content\/uploads\/2022\/07\/thong-tin-lien-he-may-bom-mini.jpg\" alt=\"Thong Tin Lien He May Bom Mini\" width=\"750\" height=\"506\" srcset=\"https:\/\/maybommini.vn\/wp-content\/uploads\/2022\/07\/thong-tin-lien-he-may-bom-mini.jpg 750w, https:\/\/maybommini.vn\/wp-content\/uploads\/2022\/07\/thong-tin-lien-he-may-bom-mini-150x101.jpg 150w, https:\/\/maybommini.vn\/wp-content\/uploads\/2022\/07\/thong-tin-lien-he-may-bom-mini-600x405.jpg 600w, https:\/\/maybommini.vn\/wp-content\/uploads\/2022\/07\/thong-tin-lien-he-may-bom-mini-300x202.jpg 300w\" sizes=\"(max-width: 750px) 100vw, 750px\" \/><\/a><\/h3>\n","protected":false},"excerpt":{"rendered":"<p>Th\u01b0\u01a1ng hi\u1ec7u: THB<br \/>\nModel: B30<br \/>\nCh\u1ea5t li\u1ec7u: Nh\u00f4m &#8211; Inox.<br \/>\nVan kh\u00ed n\u00e9n cao c\u1ea5p.<br \/>\nCh\u1ecbu \u00e1p l\u1ef1c t\u1ed1i \u0111a: 1.0 Mpa &#8211; 10 Kgf\/cm2.<br \/>\nN\u1ed1i nhanh \u1ed1ng h\u01a1i \u0111u\u00f4i \u0111\u1ef1c.<br \/>\nK\u00edch th\u01b0\u1edbc: 400 x 100 mm<br \/>\nTr\u1ecdng l\u01b0\u1ee3ng: 300 gam.<br \/>\nMade in Taiwan.<br \/>\nB\u1ea3o h\u00e0nh: 1 th\u00e1ng.<br \/>\n<strong>Ph\u00e2n ph\u1ed1i: Maybommini.com<\/strong><\/p>\n","protected":false},"featured_media":271099,"comment_status":"open","ping_status":"closed","template":"","meta":[],"product_brand":[],"product_cat":[3216,3200],"product_tag":[3235,3234,3238,3706,3231,3236,3233,3230,3229,3227,3232,3237,3228],"class_list":{"0":"post-271096","1":"product","2":"type-product","3":"status-publish","4":"has-post-thumbnail","6":"product_cat-phu-kien-may-bom-khi-nen","7":"product_cat-may-bom-hoi-khi-nen","8":"product_tag-air-blower","9":"product_tag-air-compressor-dust-duster-trigger-handle","10":"product_tag-b12","11":"product_tag-b30","12":"product_tag-dg-10","13":"product_tag-gun-blower","14":"product_tag-nozzle-blow-gun","15":"product_tag-sung-khi-nen","16":"product_tag-sung-xit-khi","17":"product_tag-sung-xit-khi-nen","18":"product_tag-sung-xit-khi-nen-taiwan","19":"product_tag-thb","20":"product_tag-voi-phun-khi","22":"first","23":"instock","24":"sale","25":"shipping-taxable","26":"purchasable","27":"product-type-simple"},"_links":{"self":[{"href":"https:\/\/maybommini.vn\/index.php?rest_route=\/wp\/v2\/product\/271096","targetHints":{"allow":["GET"]}}],"collection":[{"href":"https:\/\/maybommini.vn\/index.php?rest_route=\/wp\/v2\/product"}],"about":[{"href":"https:\/\/maybommini.vn\/index.php?rest_route=\/wp\/v2\/types\/product"}],"replies":[{"embeddable":true,"href":"https:\/\/maybommini.vn\/index.php?rest_route=%2Fwp%2Fv2%2Fcomments&post=271096"}],"wp:featuredmedia":[{"embeddable":true,"href":"https:\/\/maybommini.vn\/index.php?rest_route=\/wp\/v2\/media\/271099"}],"wp:attachment":[{"href":"https:\/\/maybommini.vn\/index.php?rest_route=%2Fwp%2Fv2%2Fmedia&parent=271096"}],"wp:term":[{"taxonomy":"product_brand","embeddable":true,"href":"https:\/\/maybommini.vn\/index.php?rest_route=%2Fwp%2Fv2%2Fproduct_brand&post=271096"},{"taxonomy":"product_cat","embeddable":true,"href":"https:\/\/maybommini.vn\/index.php?rest_route=%2Fwp%2Fv2%2Fproduct_cat&post=271096"},{"taxonomy":"product_tag","embeddable":true,"href":"https:\/\/maybommini.vn\/index.php?rest_route=%2Fwp%2Fv2%2Fproduct_tag&post=271096"}],"curies":[{"name":"wp","href":"https:\/\/api.w.org\/{rel}","templated":true}]}}