{"id":271149,"date":"2022-10-28T22:47:40","date_gmt":"2022-10-28T15:47:40","guid":{"rendered":"https:\/\/maybommini.com\/?post_type=product&#038;p=271149"},"modified":"2023-07-25T14:20:09","modified_gmt":"2023-07-25T07:20:09","slug":"dung-dich-rua-xe-bot-tuyet-bz-1-lit","status":"publish","type":"product","link":"https:\/\/maybommini.vn\/?product=dung-dich-rua-xe-bot-tuyet-bz-1-lit","title":{"rendered":"Dung d\u1ecbch r\u1eeda xe b\u1ecdt tuy\u1ebft BZ 1 l\u00edt"},"content":{"rendered":"<p><strong>Chuy\u00ean cung c\u1ea5p ph\u00e2n ph\u1ed1i thi\u1ebft b\u1ecb ph\u1ee5 ki\u1ec7n r\u1eeda xe gia \u0111\u00ecnh v\u00e0 c\u00f4ng nghi\u1ec7p ch\u00ednh h\u00e3ng tr\u00ean to\u00e0n qu\u1ed1c v\u1edbi gi\u00e1 t\u1ed1t. Dung d\u1ecbch r\u1eeda xe b\u1ecdt tuy\u1ebft BZ \u0111ang \u0111\u01b0\u1ee3c \u01b0u chu\u1ed9ng hi\u1ec7n nay do c\u00f3 gi\u00e1 th\u00e0nh t\u1ed1t, d\u00f9ng l\u00e0m x\u00e0 ph\u00f2ng t\u1ea1o b\u1ecdt tuy\u1ebft \u0111\u1ec3 r\u1eeda xe gia \u0111\u00ecnh v\u00e0 v\u1ec7 sinh c\u00e1c thi\u1ebft b\u1ecb kh\u00e1c r\u1ea5t t\u1ed1t.<\/strong><\/p>\n<p><strong><a href=\"https:\/\/maybommini.com\/wp-content\/uploads\/2022\/10\/nuoc-ra-xe-bot-tuyet-BZ.jpg\" target=\"_blank\" rel=\"noopener\"><img decoding=\"async\" class=\"size-full wp-image-271131 aligncenter\" src=\"https:\/\/maybommini.com\/wp-content\/uploads\/2022\/10\/nuoc-ra-xe-bot-tuyet-BZ.jpg\" alt=\"Nuoc Ra Xe Bot Tuyet BZ\" width=\"750\" height=\"750\" srcset=\"https:\/\/maybommini.vn\/wp-content\/uploads\/2022\/10\/nuoc-ra-xe-bot-tuyet-BZ.jpg 750w, https:\/\/maybommini.vn\/wp-content\/uploads\/2022\/10\/nuoc-ra-xe-bot-tuyet-BZ-300x300.jpg 300w, https:\/\/maybommini.vn\/wp-content\/uploads\/2022\/10\/nuoc-ra-xe-bot-tuyet-BZ-150x150.jpg 150w, https:\/\/maybommini.vn\/wp-content\/uploads\/2022\/10\/nuoc-ra-xe-bot-tuyet-BZ-600x600.jpg 600w\" sizes=\"(max-width: 750px) 100vw, 750px\" \/><\/a>TH\u00d4NG S\u1ed0 K\u1ef8 THU\u1eacT<\/strong><br \/>\nTh\u01b0\u01a1ng hi\u1ec7u: BZ<br \/>\nLo\u1ea1i dung d\u1ecbch x\u00e0 ph\u00f2ng t\u1ea9y r\u1eeda.<br \/>\nC\u00f3 kh\u1ea3 n\u0103ng t\u1ea1o b\u1ecdt tuy\u1ebft.<br \/>\nDung d\u1ecbch r\u1eeda xe kh\u00f4ng ch\u1ea1m.<br \/>\nTh\u00e0nh ph\u1ea7n h\u00f3a ch\u1ea5t v\u00e0 ph\u1ee5 gia.<br \/>\nC\u00f4ng th\u1ee9c c\u1ea3i ti\u1ebfn v\u01b0\u1ee3t tr\u1ed9i.<br \/>\nC\u00f3 ch\u1ee9a PH trung t\u00ednh.<br \/>\nKh\u00f4ng g\u00e2y \u0103n m\u00f2n.<br \/>\nKh\u00f4ng g\u00e2y h\u1ea1i da tay.<br \/>\nKh\u00f4ng l\u00e0m phai m\u00e0u s\u01a1n xe thi\u1ebft b\u1ecb.<br \/>\nB\u1ea3o v\u1ec7 s\u01a1n s\u00e1ng b\u00f3ng d\u00e0i l\u00e2u.<br \/>\nDung t\u00edch: 1 L\u00edt<br \/>\nK\u00edch th\u01b0\u1edbc: 9 x 7 x 24 cm<br \/>\nTr\u1ecdng l\u01b0\u1ee3ng:1100 gam.<strong><a href=\"https:\/\/maybommini.com\/wp-content\/uploads\/2022\/10\/xa-phong-rua-xe-bot-tuyet-khong-cham-BZ.jpg\" target=\"_blank\" rel=\"noopener\"><img decoding=\"async\" class=\"size-full wp-image-271135 aligncenter\" src=\"https:\/\/maybommini.com\/wp-content\/uploads\/2022\/10\/xa-phong-rua-xe-bot-tuyet-khong-cham-BZ.jpg\" alt=\"Xa Phong Rua Xe Bot Tuyet Khong Cham BZ\" width=\"750\" height=\"750\" srcset=\"https:\/\/maybommini.vn\/wp-content\/uploads\/2022\/10\/xa-phong-rua-xe-bot-tuyet-khong-cham-BZ.jpg 750w, https:\/\/maybommini.vn\/wp-content\/uploads\/2022\/10\/xa-phong-rua-xe-bot-tuyet-khong-cham-BZ-300x300.jpg 300w, https:\/\/maybommini.vn\/wp-content\/uploads\/2022\/10\/xa-phong-rua-xe-bot-tuyet-khong-cham-BZ-150x150.jpg 150w, https:\/\/maybommini.vn\/wp-content\/uploads\/2022\/10\/xa-phong-rua-xe-bot-tuyet-khong-cham-BZ-600x600.jpg 600w\" sizes=\"(max-width: 750px) 100vw, 750px\" \/><\/a><a href=\"https:\/\/maybommini.com\/wp-content\/uploads\/2022\/10\/nuoc-xa-phong-rua-xe-bot-uyet-gia-dinh-BZ.jpg\" target=\"_blank\" rel=\"noopener\"><img decoding=\"async\" class=\"size-full wp-image-271132 aligncenter\" src=\"https:\/\/maybommini.com\/wp-content\/uploads\/2022\/10\/nuoc-xa-phong-rua-xe-bot-uyet-gia-dinh-BZ.jpg\" alt=\"Nuoc Xa Phong Rua Xe Bot Uyet Gia Dinh BZ\" width=\"750\" height=\"750\" srcset=\"https:\/\/maybommini.vn\/wp-content\/uploads\/2022\/10\/nuoc-xa-phong-rua-xe-bot-uyet-gia-dinh-BZ.jpg 750w, https:\/\/maybommini.vn\/wp-content\/uploads\/2022\/10\/nuoc-xa-phong-rua-xe-bot-uyet-gia-dinh-BZ-300x300.jpg 300w, https:\/\/maybommini.vn\/wp-content\/uploads\/2022\/10\/nuoc-xa-phong-rua-xe-bot-uyet-gia-dinh-BZ-150x150.jpg 150w, https:\/\/maybommini.vn\/wp-content\/uploads\/2022\/10\/nuoc-xa-phong-rua-xe-bot-uyet-gia-dinh-BZ-600x600.jpg 600w\" sizes=\"(max-width: 750px) 100vw, 750px\" \/><\/a><a href=\"https:\/\/maybommini.com\/wp-content\/uploads\/2022\/10\/gloss-shampoo-BZ.jpg\" target=\"_blank\" rel=\"noopener\"><img decoding=\"async\" class=\"size-full wp-image-271130 aligncenter\" src=\"https:\/\/maybommini.com\/wp-content\/uploads\/2022\/10\/gloss-shampoo-BZ.jpg\" alt=\"Gloss Shampoo BZ\" width=\"750\" height=\"750\" srcset=\"https:\/\/maybommini.vn\/wp-content\/uploads\/2022\/10\/gloss-shampoo-BZ.jpg 750w, https:\/\/maybommini.vn\/wp-content\/uploads\/2022\/10\/gloss-shampoo-BZ-300x300.jpg 300w, https:\/\/maybommini.vn\/wp-content\/uploads\/2022\/10\/gloss-shampoo-BZ-150x150.jpg 150w, https:\/\/maybommini.vn\/wp-content\/uploads\/2022\/10\/gloss-shampoo-BZ-600x600.jpg 600w\" sizes=\"(max-width: 750px) 100vw, 750px\" \/><\/a><a href=\"https:\/\/maybommini.com\/wp-content\/uploads\/2022\/10\/bot-tuyet-rua-xe-may-oto-gia-re-chinh-hang-BZ.jpg\" target=\"_blank\" rel=\"noopener\"><img decoding=\"async\" class=\"size-full wp-image-271127 aligncenter\" src=\"https:\/\/maybommini.com\/wp-content\/uploads\/2022\/10\/bot-tuyet-rua-xe-may-oto-gia-re-chinh-hang-BZ.jpg\" alt=\"Bot Tuyet Rua Xe May Oto Gia Re Chinh Hang BZ\" width=\"750\" height=\"750\" srcset=\"https:\/\/maybommini.vn\/wp-content\/uploads\/2022\/10\/bot-tuyet-rua-xe-may-oto-gia-re-chinh-hang-BZ.jpg 750w, https:\/\/maybommini.vn\/wp-content\/uploads\/2022\/10\/bot-tuyet-rua-xe-may-oto-gia-re-chinh-hang-BZ-300x300.jpg 300w, https:\/\/maybommini.vn\/wp-content\/uploads\/2022\/10\/bot-tuyet-rua-xe-may-oto-gia-re-chinh-hang-BZ-150x150.jpg 150w, https:\/\/maybommini.vn\/wp-content\/uploads\/2022\/10\/bot-tuyet-rua-xe-may-oto-gia-re-chinh-hang-BZ-600x600.jpg 600w\" sizes=\"(max-width: 750px) 100vw, 750px\" \/><\/a><\/strong><\/p>\n<p><strong>C\u00c1CH S\u1eec D\u1ee4NG N\u01af\u1edaC R\u1eecA XE B\u1eccT TUY\u1ebeT<br \/>\n<\/strong>&#8211; Tr\u01b0\u1edbc khi r\u1eeda b\u1eb1ng dung d\u1ecbch r\u1eeda xe b\u1ecdt tuy\u1ebft c\u1ea7n v\u1ec7 sinh tr\u01b0\u1edbc \u0111\u1ea5t c\u00e1t n\u1eb7ng b\u00e1m tr\u00ean xe.<br \/>\n&#8211; Pha lo\u00e3ng dung d\u1ecbch v\u1edbi n\u01b0\u1edbc theo t\u1ec9 l\u1ec7 1:100 n\u1ebfu r\u1eeda b\u1eb1ng tay.<br \/>\n&#8211; Pha lo\u00e3ng dung d\u1ecbch v\u1edbi n\u01b0\u1edbc theo t\u1ec9 l\u1ec7 1:10 ho\u1eb7c 1:20 n\u1ebfu d\u00f9ng b\u00ecnh phun b\u1ecdt tuy\u1ebft g\u1eafn tr\u00ean <a title=\"m\u00e1y r\u1eeda xe \u00e1p l\u1ef1c cao\" href=\"https:\/\/maybommini.com\/san-pham\/may-xit-rua-ap-luc-cao-220v-2200w-150bar-8l-sumo-tw-05-co-chinh-ap-luc\" target=\"_blank\" rel=\"noopener\">m\u00e1y r\u1eeda xe \u00e1p l\u1ef1c cao<\/a>.<br \/>\n&#8211; Pha lo\u00e3ng t\u1ec9 l\u1ec7 1:10 v\u1edbi <a title=\"b\u00ecnh phun b\u1ecdt tuy\u1ebft kh\u00ed n\u00e9n\" href=\"https:\/\/maybommini.com\/san-pham\/binh-phun-bot-tuyet-bom-tay-co-voi-khi-nen\" target=\"_blank\" rel=\"noopener\">b\u00ecnh phun b\u1ecdt tuy\u1ebft kh\u00ed n\u00e9n<\/a>.<br \/>\n&#8211; Phun 1 l\u1edbp dung d\u1ecbch r\u1eeda xe b\u1ecdt tuy\u1ebft l\u00ean b\u1ec1 m\u1eb7t c\u1ea7n v\u1ec7 sinh.<br \/>\n&#8211; Ch\u1edd 3 \u0111\u1ebfn 5 ph\u00fat sau c\u1ecd r\u1eeda l\u1ea1i b\u1eb1ng tay ho\u1eb7c d\u00f9ng m\u00e1y \u00e1p l\u1ef1c.<br \/>\n&#8211; X\u1ecbt r\u1eeda l\u1ea1i b\u1eb1ng n\u01b0\u1edbc s\u1ea1ch v\u00e0 lau kh\u00f4 b\u1ec1 m\u1eb7t.<\/p>\n<p><strong><a href=\"https:\/\/maybommini.com\/wp-content\/uploads\/2022\/10\/cung-cap-phan-phoi-nuoc-rua-xe-BZ-toan-quoc.jpg\" target=\"_blank\" rel=\"noopener\"><img decoding=\"async\" class=\"size-full wp-image-271129 aligncenter\" src=\"https:\/\/maybommini.com\/wp-content\/uploads\/2022\/10\/cung-cap-phan-phoi-nuoc-rua-xe-BZ-toan-quoc.jpg\" alt=\"Cung Cap Phan Phoi Nuoc Rua Xe BZ Toan Quoc\" width=\"750\" height=\"750\" srcset=\"https:\/\/maybommini.vn\/wp-content\/uploads\/2022\/10\/cung-cap-phan-phoi-nuoc-rua-xe-BZ-toan-quoc.jpg 750w, https:\/\/maybommini.vn\/wp-content\/uploads\/2022\/10\/cung-cap-phan-phoi-nuoc-rua-xe-BZ-toan-quoc-300x300.jpg 300w, https:\/\/maybommini.vn\/wp-content\/uploads\/2022\/10\/cung-cap-phan-phoi-nuoc-rua-xe-BZ-toan-quoc-150x150.jpg 150w, https:\/\/maybommini.vn\/wp-content\/uploads\/2022\/10\/cung-cap-phan-phoi-nuoc-rua-xe-BZ-toan-quoc-600x600.jpg 600w\" sizes=\"(max-width: 750px) 100vw, 750px\" \/><\/a><a href=\"https:\/\/maybommini.com\/wp-content\/uploads\/2022\/10\/chuyen-ban-nuoc-rua-xe-bot-tuyet-BZ.jpg\" target=\"_blank\" rel=\"noopener\"><img decoding=\"async\" class=\"size-full wp-image-271128 aligncenter\" src=\"https:\/\/maybommini.com\/wp-content\/uploads\/2022\/10\/chuyen-ban-nuoc-rua-xe-bot-tuyet-BZ.jpg\" alt=\"Chuyen Ban Nuoc Rua Xe Bot Tuyet BZ\" width=\"750\" height=\"750\" srcset=\"https:\/\/maybommini.vn\/wp-content\/uploads\/2022\/10\/chuyen-ban-nuoc-rua-xe-bot-tuyet-BZ.jpg 750w, https:\/\/maybommini.vn\/wp-content\/uploads\/2022\/10\/chuyen-ban-nuoc-rua-xe-bot-tuyet-BZ-300x300.jpg 300w, https:\/\/maybommini.vn\/wp-content\/uploads\/2022\/10\/chuyen-ban-nuoc-rua-xe-bot-tuyet-BZ-150x150.jpg 150w, https:\/\/maybommini.vn\/wp-content\/uploads\/2022\/10\/chuyen-ban-nuoc-rua-xe-bot-tuyet-BZ-600x600.jpg 600w\" sizes=\"(max-width: 750px) 100vw, 750px\" \/><\/a><\/strong><\/p>\n<p><strong>\u1ee8NG D\u1ee4NG X\u00c0 PH\u00d2NG R\u1eecA XE B\u1eccT TUY\u1ebeT<\/strong><br \/>\n&#8211; D\u00f9ng phun b\u1ecdt tuy\u1ebft r\u1eeda xe m\u00e1y gia \u0111\u00ecnh.<br \/>\n&#8211; B\u00ecnh phun x\u00e0 ph\u00f2ng t\u1ea1o tuy\u1ebft r\u1eeda xe \u00f4t\u00f4.<br \/>\n&#8211; Phun x\u1ecbt b\u1ecdt tuy\u1ebft v\u1ec7 sinh cho thi\u1ebft b\u1ecb nh\u00e0 b\u1ebfp qu\u00e1n \u0103n, gia \u0111\u00ecnh.<br \/>\n&#8211; Dung d\u1ecbch r\u1eeda xe kh\u00f4ng ch\u1ea1m.<br \/>\n&#8211; X\u00e0 ph\u00f2ng b\u1ecdt tuy\u1ebft r\u1eeda xe kh\u00f4ng ch\u1ea1m.<br \/>\n&#8211; X\u00e0 ph\u00f2ng r\u1eeda xe b\u00f3ng lo\u00e1ng \u0111\u1eadm \u0111\u1eb7c.<strong><a href=\"https:\/\/maybommini.com\/wp-content\/uploads\/2022\/10\/phun-bot-tuyet-ve-sinh-nha-bep.jpg\" target=\"_blank\" rel=\"noopener\"><br \/>\n<img decoding=\"async\" class=\"size-full wp-image-271136 aligncenter\" src=\"https:\/\/maybommini.com\/wp-content\/uploads\/2022\/10\/phun-bot-tuyet-ve-sinh-nha-bep.jpg\" alt=\"Phun Bot Tuyet Ve Sinh Nha Bep\" width=\"750\" height=\"750\" srcset=\"https:\/\/maybommini.vn\/wp-content\/uploads\/2022\/10\/phun-bot-tuyet-ve-sinh-nha-bep.jpg 750w, https:\/\/maybommini.vn\/wp-content\/uploads\/2022\/10\/phun-bot-tuyet-ve-sinh-nha-bep-300x300.jpg 300w, https:\/\/maybommini.vn\/wp-content\/uploads\/2022\/10\/phun-bot-tuyet-ve-sinh-nha-bep-150x150.jpg 150w, https:\/\/maybommini.vn\/wp-content\/uploads\/2022\/10\/phun-bot-tuyet-ve-sinh-nha-bep-600x600.jpg 600w\" sizes=\"(max-width: 750px) 100vw, 750px\" \/><\/a><a href=\"https:\/\/maybommini.com\/wp-content\/uploads\/2022\/10\/tao-bot-tuyet-bang-binh-phun.jpg\" target=\"_blank\" rel=\"noopener\"><img decoding=\"async\" class=\"size-full wp-image-271137 aligncenter\" src=\"https:\/\/maybommini.com\/wp-content\/uploads\/2022\/10\/tao-bot-tuyet-bang-binh-phun.jpg\" alt=\"Tao Bot Tuyet Bang Binh Phun\" width=\"750\" height=\"750\" srcset=\"https:\/\/maybommini.vn\/wp-content\/uploads\/2022\/10\/tao-bot-tuyet-bang-binh-phun.jpg 750w, https:\/\/maybommini.vn\/wp-content\/uploads\/2022\/10\/tao-bot-tuyet-bang-binh-phun-300x300.jpg 300w, https:\/\/maybommini.vn\/wp-content\/uploads\/2022\/10\/tao-bot-tuyet-bang-binh-phun-150x150.jpg 150w, https:\/\/maybommini.vn\/wp-content\/uploads\/2022\/10\/tao-bot-tuyet-bang-binh-phun-600x600.jpg 600w\" sizes=\"(max-width: 750px) 100vw, 750px\" \/><\/a><\/strong><\/p>\n<p><strong><a href=\"https:\/\/maybommini.com\/wp-content\/uploads\/2022\/10\/Car-Wash-Foam-Sprayer-with-3-Nozzles-Foam-Lance-Watering-Flowers-Water-Spray-Gun-Foam-Generator-for-Home-Kitchen-Cleaning.jpg\" target=\"_blank\" rel=\"noopener\"><img decoding=\"async\" class=\"size-full wp-image-271140 aligncenter\" src=\"https:\/\/maybommini.com\/wp-content\/uploads\/2022\/10\/Car-Wash-Foam-Sprayer-with-3-Nozzles-Foam-Lance-Watering-Flowers-Water-Spray-Gun-Foam-Generator-for-Home-Kitchen-Cleaning.jpg\" alt=\"Car Wash Foam Sprayer With 3 Nozzles Foam Lance Watering Flowers Water Spray Gun Foam Generator For Home Kitchen Cleaning\" width=\"750\" height=\"750\" srcset=\"https:\/\/maybommini.vn\/wp-content\/uploads\/2022\/10\/Car-Wash-Foam-Sprayer-with-3-Nozzles-Foam-Lance-Watering-Flowers-Water-Spray-Gun-Foam-Generator-for-Home-Kitchen-Cleaning.jpg 750w, https:\/\/maybommini.vn\/wp-content\/uploads\/2022\/10\/Car-Wash-Foam-Sprayer-with-3-Nozzles-Foam-Lance-Watering-Flowers-Water-Spray-Gun-Foam-Generator-for-Home-Kitchen-Cleaning-300x300.jpg 300w, https:\/\/maybommini.vn\/wp-content\/uploads\/2022\/10\/Car-Wash-Foam-Sprayer-with-3-Nozzles-Foam-Lance-Watering-Flowers-Water-Spray-Gun-Foam-Generator-for-Home-Kitchen-Cleaning-150x150.jpg 150w, https:\/\/maybommini.vn\/wp-content\/uploads\/2022\/10\/Car-Wash-Foam-Sprayer-with-3-Nozzles-Foam-Lance-Watering-Flowers-Water-Spray-Gun-Foam-Generator-for-Home-Kitchen-Cleaning-600x600.jpg 600w\" sizes=\"(max-width: 750px) 100vw, 750px\" \/><\/a><br \/>\nMUA N\u01af\u1edaC R\u1eecA XE B\u1eccT TUY\u1ebeT V\u00c0\u00a0 B\u00ccNH PHUN B\u1eccT TUY\u1ebeT \u1ede \u0110\u00c2U ?<\/strong><br \/>\n<a title=\"m\u00e1y b\u01a1m mini\" href=\"https:\/\/maybommini.com\" target=\"_blank\" rel=\"noopener\">M\u00e1y B\u01a1m Mini \u2013 MBM<\/a> nh\u00e0 cung c\u1ea5p h\u00e0ng \u0111\u1ea7u v\u1ec1 thi\u1ebft b\u1ecb ph\u1ee5 ki\u1ec7n x\u1ecbt r\u1eeda xe chuy\u1ec7n nghi\u1ec7p cho gia \u0111\u00ecnh tr\u00ean to\u00e0n qu\u1ed1c v\u1edbi gi\u00e1 t\u1edbt ch\u00ednh h\u00e3ng. M\u00e1y r\u1eeda xe \u00e1p l\u1ef1c cao, d\u00e2y r\u1eeda xe, s\u00fang x\u1ecbt r\u1eeda xe, b\u00e9c x\u1ecbt r\u1eeda, b\u00ecnh phun b\u1ecdt tuy\u1ebft, dung d\u1ecbch n\u01b0\u1edbc r\u1eeda xe v\u00e0 nhi\u1ec1u ph\u1ee5 ki\u1ec7n kh\u00e1c.<br \/>\n<strong>Website:<\/strong>\u00a0<a href=\"https:\/\/maybommini.com\/\" target=\"_blank\" rel=\"noopener\">https:\/\/maybommini.com<\/a><br \/>\n<strong>Email:<\/strong>\u00a0maybommini.com@gmail.com<br \/>\n<strong>Tel Zalo:<\/strong> <a href=\"tel:02873030399\">02873030399<\/a> \u2013 <a href=\"tel:0907294310\">0907294310<\/a> &#8211; <a href=\"tel:0908997823\">0908997823<\/a> &#8211; <a href=\"tel:0908997872\">0908997872<\/a><\/p>\n<p><a class=\"swipebox\" title=\"\" href=\"https:\/\/maybommini.com\/wp-content\/uploads\/2022\/07\/thong-tin-lien-he-may-bom-mini.jpg\" data-rel=\"lightbox-image-bGlnaHRib3gtaW1hZ2UtMTI=\" data-rl_title=\"\" data-rl_caption=\"\" data-rl_ target=\"_blank\" rel=\"noopener\"><img decoding=\"async\" class=\"size-full wp-image-270584 aligncenter lazyloaded\" src=\"https:\/\/maybommini.com\/wp-content\/uploads\/2022\/07\/thong-tin-lien-he-may-bom-mini.jpg\" alt=\"Thong Tin Lien He May Bom Mini\" width=\"750\" height=\"506\" data-lazy-srcset=\"https:\/\/maybommini.com\/wp-content\/uploads\/2022\/07\/thong-tin-lien-he-may-bom-mini.jpg 750w, https:\/\/maybommini.com\/wp-content\/uploads\/2022\/07\/thong-tin-lien-he-may-bom-mini-300x202.jpg 300w, https:\/\/maybommini.com\/wp-content\/uploads\/2022\/07\/thong-tin-lien-he-may-bom-mini-600x405.jpg 600w\" data-lazy-sizes=\"(max-width: 750px) 100vw, 750px\" data-lazy-src=\"https:\/\/maybommini.com\/wp-content\/uploads\/2022\/07\/thong-tin-lien-he-may-bom-mini.jpg\" data-was-processed=\"true\" srcset=\"https:\/\/maybommini.vn\/wp-content\/uploads\/2022\/07\/thong-tin-lien-he-may-bom-mini.jpg 750w, https:\/\/maybommini.vn\/wp-content\/uploads\/2022\/07\/thong-tin-lien-he-may-bom-mini-150x101.jpg 150w, https:\/\/maybommini.vn\/wp-content\/uploads\/2022\/07\/thong-tin-lien-he-may-bom-mini-600x405.jpg 600w, https:\/\/maybommini.vn\/wp-content\/uploads\/2022\/07\/thong-tin-lien-he-may-bom-mini-300x202.jpg 300w\" sizes=\"(max-width: 750px) 100vw, 750px\" \/><\/a><\/p>\n<p style=\"text-align: center\"><strong>Dung d\u1ecbch n\u01b0\u1edbc r\u1eeda xe b\u1ecdt tuy\u1ebft BZ 1 l\u00edt<br \/>\nDung d\u1ecbch r\u1eeda xe kh\u00f4ng ch\u1ea1m<br \/>\nDung d\u1ecbch r\u1eeda xe b\u1ecdt tuy\u1ebft<\/strong><\/p>\n","protected":false},"excerpt":{"rendered":"<p>Th\u01b0\u01a1ng hi\u1ec7u: BZ<br \/>\nLo\u1ea1i dung d\u1ecbch x\u00e0 ph\u00f2ng t\u1ea9y r\u1eeda.<br \/>\nC\u00f3 kh\u1ea3 n\u0103ng t\u1ea1o b\u1ecdt tuy\u1ebft.<br \/>\nDung d\u1ecbch r\u1eeda xe kh\u00f4ng ch\u1ea1m.<br \/>\nTh\u00e0nh ph\u1ea7n h\u00f3a ch\u1ea5t v\u00e0 ph\u1ee5 gia.<br \/>\nC\u00f4ng th\u1ee9c c\u1ea3i ti\u1ebfn v\u01b0\u1ee3t tr\u1ed9i.<br \/>\nC\u00f3 ch\u1ee9a PH trung t\u00ednh.<br \/>\nKh\u00f4ng g\u00e2y \u0103n m\u00f2n.<br \/>\nKh\u00f4ng g\u00e2y h\u1ea1i da tay.<br \/>\nKh\u00f4ng l\u00e0m phai m\u00e0u s\u01a1n xe thi\u1ebft b\u1ecb.<br \/>\nB\u1ea3o v\u1ec7 s\u01a1n s\u00e1ng b\u00f3ng d\u00e0i l\u00e2u.<br \/>\nDung t\u00edch: 1 L\u00edt<br \/>\nK\u00edch th\u01b0\u1edbc: 9 x 7 x 24 cm<br \/>\nTr\u1ecdng l\u01b0\u1ee3ng:1100 gam.<\/p>\n","protected":false},"featured_media":271131,"comment_status":"open","ping_status":"closed","template":"","meta":[],"product_brand":[],"product_cat":[215,214],"product_tag":[2308,3713,3710,3711,3712,3715,3716,3718,3717],"class_list":{"0":"post-271149","1":"product","2":"type-product","3":"status-publish","4":"has-post-thumbnail","6":"product_cat-phu-kien-xit-rua-ap-luc","7":"product_cat-phu-kien-bom-nuoc","8":"product_tag-binh-phun-bot-tuyet","9":"product_tag-binh-phun-bot-tuyet-khi-nen","10":"product_tag-binh-tao-bot-tuyet","11":"product_tag-bot-tuyet","12":"product_tag-bot-tuyet-rua-xe","13":"product_tag-bz","14":"product_tag-nuoc-rua-xe","15":"product_tag-nuoc-rua-xe-bot-tuyet","16":"product_tag-xa-phong-rua-xe","18":"first","19":"instock","20":"sale","21":"shipping-taxable","22":"purchasable","23":"product-type-simple"},"_links":{"self":[{"href":"https:\/\/maybommini.vn\/index.php?rest_route=\/wp\/v2\/product\/271149","targetHints":{"allow":["GET"]}}],"collection":[{"href":"https:\/\/maybommini.vn\/index.php?rest_route=\/wp\/v2\/product"}],"about":[{"href":"https:\/\/maybommini.vn\/index.php?rest_route=\/wp\/v2\/types\/product"}],"replies":[{"embeddable":true,"href":"https:\/\/maybommini.vn\/index.php?rest_route=%2Fwp%2Fv2%2Fcomments&post=271149"}],"wp:featuredmedia":[{"embeddable":true,"href":"https:\/\/maybommini.vn\/index.php?rest_route=\/wp\/v2\/media\/271131"}],"wp:attachment":[{"href":"https:\/\/maybommini.vn\/index.php?rest_route=%2Fwp%2Fv2%2Fmedia&parent=271149"}],"wp:term":[{"taxonomy":"product_brand","embeddable":true,"href":"https:\/\/maybommini.vn\/index.php?rest_route=%2Fwp%2Fv2%2Fproduct_brand&post=271149"},{"taxonomy":"product_cat","embeddable":true,"href":"https:\/\/maybommini.vn\/index.php?rest_route=%2Fwp%2Fv2%2Fproduct_cat&post=271149"},{"taxonomy":"product_tag","embeddable":true,"href":"https:\/\/maybommini.vn\/index.php?rest_route=%2Fwp%2Fv2%2Fproduct_tag&post=271149"}],"curies":[{"name":"wp","href":"https:\/\/api.w.org\/{rel}","templated":true}]}}