{"id":271154,"date":"2022-10-29T22:35:37","date_gmt":"2022-10-29T15:35:37","guid":{"rendered":"https:\/\/maybommini.com\/?post_type=product&#038;p=271154"},"modified":"2022-11-02T15:21:24","modified_gmt":"2022-11-02T08:21:24","slug":"giay-dan-pin-cach-nhiet-cach-dien-65mm-1-met","status":"publish","type":"product","link":"https:\/\/maybommini.vn\/?product=giay-dan-pin-cach-nhiet-cach-dien-65mm-1-met","title":{"rendered":"Gi\u1ea5y d\u00e1n pin c\u00e1ch nhi\u1ec7t c\u00e1ch \u0111i\u1ec7n 65mm 1 m\u00e9t"},"content":{"rendered":"<p><strong>S\u1eed d\u1ee5ng d\u00e1n pin \u0111\u1ec3 c\u00e1ch \u0111i\u1ec7n c\u00e1ch nhi\u1ec7t r\u1ea5t t\u1ed1t. \u0110\u00e2y l\u00e0 lo\u1ea1i gi\u1ea5y d\u00e1n c\u00f3 keo \u0111\u01b0\u1ee3c thi\u1ebft k\u1ebf 65mm cho pin s\u1ea1c Lithium ion v\u00e0 nhi\u1ec1u lo\u1ea1i pin kh\u00e1c nhau v\u00e0 m\u1ea1ch \u0111i\u1ec7n t\u1eed.<\/strong><\/p>\n<p><strong><a href=\"https:\/\/maybommini.com\/wp-content\/uploads\/2022\/10\/Mieng-dan-cach-nhiet-pin-18650-65mm.jpg\" target=\"_blank\" rel=\"noopener\"><img decoding=\"async\" class=\"size-full wp-image-271166 aligncenter\" src=\"https:\/\/maybommini.com\/wp-content\/uploads\/2022\/10\/Mieng-dan-cach-nhiet-pin-18650-65mm.jpg\" alt=\"Mieng Dan Cach Nhiet Pin 18650 65mm\" width=\"750\" height=\"750\" srcset=\"https:\/\/maybommini.vn\/wp-content\/uploads\/2022\/10\/Mieng-dan-cach-nhiet-pin-18650-65mm.jpg 750w, https:\/\/maybommini.vn\/wp-content\/uploads\/2022\/10\/Mieng-dan-cach-nhiet-pin-18650-65mm-300x300.jpg 300w, https:\/\/maybommini.vn\/wp-content\/uploads\/2022\/10\/Mieng-dan-cach-nhiet-pin-18650-65mm-150x150.jpg 150w, https:\/\/maybommini.vn\/wp-content\/uploads\/2022\/10\/Mieng-dan-cach-nhiet-pin-18650-65mm-600x600.jpg 600w\" sizes=\"(max-width: 750px) 100vw, 750px\" \/><\/a> TH\u00d4NG S\u1ed0 K\u1ef8 THU\u1eacT<\/strong><br \/>\nLo\u1ea1i gi\u1ea5y d\u00e1n c\u00e1ch nhi\u1ec7t c\u00e1ch \u0111i\u1ec7n.<br \/>\nC\u00f3 keo d\u00e1n 1 m\u1eb7t.<br \/>\nChi\u1ec1u r\u1ed9ng: 65mm &#8211; 6.5cm<br \/>\n\u0110\u1ed9 d\u00e0y: 0.28mm<br \/>\nChi\u1ec1u d\u00e0i 1 cu\u1ed9n t\u1ed1i \u0111a 100 met.<br \/>\n*** S\u1ea3n ph\u1ea9m \u0111ang b\u00e1n theo gi\u00e1 1 m\u00e9t qu\u00fd kh\u00e1ch l\u01b0u \u00fd.<\/p>\n<p><strong><a href=\"https:\/\/maybommini.com\/wp-content\/uploads\/2022\/10\/giay-dan-pin-gia-re.jpg\" target=\"_blank\" rel=\"noopener\"><img decoding=\"async\" class=\"size-full wp-image-271161 aligncenter\" src=\"https:\/\/maybommini.com\/wp-content\/uploads\/2022\/10\/giay-dan-pin-gia-re.jpg\" alt=\"Giay Dan Pin Gia Re\" width=\"750\" height=\"750\" srcset=\"https:\/\/maybommini.vn\/wp-content\/uploads\/2022\/10\/giay-dan-pin-gia-re.jpg 750w, https:\/\/maybommini.vn\/wp-content\/uploads\/2022\/10\/giay-dan-pin-gia-re-300x300.jpg 300w, https:\/\/maybommini.vn\/wp-content\/uploads\/2022\/10\/giay-dan-pin-gia-re-150x150.jpg 150w, https:\/\/maybommini.vn\/wp-content\/uploads\/2022\/10\/giay-dan-pin-gia-re-600x600.jpg 600w\" sizes=\"(max-width: 750px) 100vw, 750px\" \/><\/a><a href=\"https:\/\/maybommini.com\/wp-content\/uploads\/2022\/10\/giay-dan-pin-18650.jpg\" target=\"_blank\" rel=\"noopener\"><img decoding=\"async\" class=\"size-full wp-image-271160 aligncenter\" src=\"https:\/\/maybommini.com\/wp-content\/uploads\/2022\/10\/giay-dan-pin-18650.jpg\" alt=\"Giay Dan Pin 18650\" width=\"750\" height=\"750\" srcset=\"https:\/\/maybommini.vn\/wp-content\/uploads\/2022\/10\/giay-dan-pin-18650.jpg 750w, https:\/\/maybommini.vn\/wp-content\/uploads\/2022\/10\/giay-dan-pin-18650-300x300.jpg 300w, https:\/\/maybommini.vn\/wp-content\/uploads\/2022\/10\/giay-dan-pin-18650-150x150.jpg 150w, https:\/\/maybommini.vn\/wp-content\/uploads\/2022\/10\/giay-dan-pin-18650-600x600.jpg 600w\" sizes=\"(max-width: 750px) 100vw, 750px\" \/><\/a><a href=\"https:\/\/maybommini.com\/wp-content\/uploads\/2022\/10\/giay-dan-cach-nhiet-pin-65mm.jpg\" target=\"_blank\" rel=\"noopener\"><img decoding=\"async\" class=\"size-full wp-image-271159 aligncenter\" src=\"https:\/\/maybommini.com\/wp-content\/uploads\/2022\/10\/giay-dan-cach-nhiet-pin-65mm.jpg\" alt=\"Giay Dan Cach Nhiet Pin 65mm\" width=\"750\" height=\"750\" srcset=\"https:\/\/maybommini.vn\/wp-content\/uploads\/2022\/10\/giay-dan-cach-nhiet-pin-65mm.jpg 750w, https:\/\/maybommini.vn\/wp-content\/uploads\/2022\/10\/giay-dan-cach-nhiet-pin-65mm-300x300.jpg 300w, https:\/\/maybommini.vn\/wp-content\/uploads\/2022\/10\/giay-dan-cach-nhiet-pin-65mm-150x150.jpg 150w, https:\/\/maybommini.vn\/wp-content\/uploads\/2022\/10\/giay-dan-cach-nhiet-pin-65mm-600x600.jpg 600w\" sizes=\"(max-width: 750px) 100vw, 750px\" \/><\/a><a href=\"https:\/\/maybommini.com\/wp-content\/uploads\/2022\/10\/ban-giay-keo-dan-pin-chinh-hang.jpg\" target=\"_blank\" rel=\"noopener\"><img decoding=\"async\" class=\"size-full wp-image-271157 aligncenter\" src=\"https:\/\/maybommini.com\/wp-content\/uploads\/2022\/10\/ban-giay-keo-dan-pin-chinh-hang.jpg\" alt=\"Ban Giay Keo Dan Pin Chinh Hang\" width=\"750\" height=\"750\" srcset=\"https:\/\/maybommini.vn\/wp-content\/uploads\/2022\/10\/ban-giay-keo-dan-pin-chinh-hang.jpg 750w, https:\/\/maybommini.vn\/wp-content\/uploads\/2022\/10\/ban-giay-keo-dan-pin-chinh-hang-300x300.jpg 300w, https:\/\/maybommini.vn\/wp-content\/uploads\/2022\/10\/ban-giay-keo-dan-pin-chinh-hang-150x150.jpg 150w, https:\/\/maybommini.vn\/wp-content\/uploads\/2022\/10\/ban-giay-keo-dan-pin-chinh-hang-600x600.jpg 600w\" sizes=\"(max-width: 750px) 100vw, 750px\" \/><\/a><a href=\"https:\/\/maybommini.com\/wp-content\/uploads\/2022\/10\/ban-mieng-dan-pin-gia-re-chat-luong.jpg\" target=\"_blank\" rel=\"noopener\"><img decoding=\"async\" class=\"size-full wp-image-271158 aligncenter\" src=\"https:\/\/maybommini.com\/wp-content\/uploads\/2022\/10\/ban-mieng-dan-pin-gia-re-chat-luong.jpg\" alt=\"Ban Mieng Dan Pin Gia Re Chat Luong\" width=\"750\" height=\"750\" srcset=\"https:\/\/maybommini.vn\/wp-content\/uploads\/2022\/10\/ban-mieng-dan-pin-gia-re-chat-luong.jpg 750w, https:\/\/maybommini.vn\/wp-content\/uploads\/2022\/10\/ban-mieng-dan-pin-gia-re-chat-luong-300x300.jpg 300w, https:\/\/maybommini.vn\/wp-content\/uploads\/2022\/10\/ban-mieng-dan-pin-gia-re-chat-luong-150x150.jpg 150w, https:\/\/maybommini.vn\/wp-content\/uploads\/2022\/10\/ban-mieng-dan-pin-gia-re-chat-luong-600x600.jpg 600w\" sizes=\"(max-width: 750px) 100vw, 750px\" \/><\/a><a href=\"https:\/\/maybommini.com\/wp-content\/uploads\/2022\/10\/giay-decal-dan-pin-18650.jpg\" target=\"_blank\" rel=\"noopener\"><img decoding=\"async\" class=\"size-full wp-image-271162 aligncenter\" src=\"https:\/\/maybommini.com\/wp-content\/uploads\/2022\/10\/giay-decal-dan-pin-18650.jpg\" alt=\"Giay Decal Dan Pin 18650\" width=\"750\" height=\"750\" srcset=\"https:\/\/maybommini.vn\/wp-content\/uploads\/2022\/10\/giay-decal-dan-pin-18650.jpg 750w, https:\/\/maybommini.vn\/wp-content\/uploads\/2022\/10\/giay-decal-dan-pin-18650-300x300.jpg 300w, https:\/\/maybommini.vn\/wp-content\/uploads\/2022\/10\/giay-decal-dan-pin-18650-150x150.jpg 150w, https:\/\/maybommini.vn\/wp-content\/uploads\/2022\/10\/giay-decal-dan-pin-18650-600x600.jpg 600w\" sizes=\"(max-width: 750px) 100vw, 750px\" \/><\/a><\/strong><\/p>\n<p><strong>S\u1eec D\u1ee4NG MI\u1ebeNG D\u00c1N C\u00c1CH \u0110I\u1ec6N C\u00c1CH NHI\u1ec6T PIN<\/strong><br \/>\n&#8211; S\u1eed d\u1ee5ng d\u00e1n c\u00e1ch nhi\u1ec7t cho pin 18650.<br \/>\n&#8211; S\u1eed d\u1ee5ng d\u00e1n c\u00e1ch \u0111i\u1ec7n cho pin kh\u1ed1i.<br \/>\n&#8211; D\u00e1n l\u00f3t h\u00e0n cell pin.<br \/>\n&#8211; Gi\u1ea5y d\u00e1n c\u00e1ch \u0111i\u1ec7n cho m\u1ea1ch \u0111i\u1ec7n t\u1eed.<br \/>\n&#8211; Decal d\u00e1n c\u00e1ch nhi\u1ec7t thi\u1ebft b\u1ecb \u0111i\u1ec7n t\u1eed, m\u1ea1ch \u0111i\u1ec7n t\u1eed.<br \/>\n&#8211; Gi\u1ea5y d\u00e1n cho k\u1ef9 thu\u1eadt \u0111i\u1ec7n, \u0111i\u1ec7n t\u1eed, \u0111\u00f3ng h\u00e0n cell pin.<br \/>\n<strong><a href=\"https:\/\/maybommini.com\/wp-content\/uploads\/2022\/10\/18650-Li-ion-Battery-Insulation-Gasket-Paper-0.2mm-Cell-Insulating-Glue-Patch-Electrode-Insulated-Pads.jpg\" target=\"_blank\" rel=\"noopener\"><img decoding=\"async\" class=\"size-full wp-image-271156 aligncenter\" src=\"https:\/\/maybommini.com\/wp-content\/uploads\/2022\/10\/18650-Li-ion-Battery-Insulation-Gasket-Paper-0.2mm-Cell-Insulating-Glue-Patch-Electrode-Insulated-Pads.jpg\" alt=\"18650 Li Ion Battery Insulation Gasket Paper 0.2mm Cell Insulating Glue Patch Electrode Insulated Pads\" width=\"750\" height=\"750\" srcset=\"https:\/\/maybommini.vn\/wp-content\/uploads\/2022\/10\/18650-Li-ion-Battery-Insulation-Gasket-Paper-0.2mm-Cell-Insulating-Glue-Patch-Electrode-Insulated-Pads.jpg 750w, https:\/\/maybommini.vn\/wp-content\/uploads\/2022\/10\/18650-Li-ion-Battery-Insulation-Gasket-Paper-0.2mm-Cell-Insulating-Glue-Patch-Electrode-Insulated-Pads-300x300.jpg 300w, https:\/\/maybommini.vn\/wp-content\/uploads\/2022\/10\/18650-Li-ion-Battery-Insulation-Gasket-Paper-0.2mm-Cell-Insulating-Glue-Patch-Electrode-Insulated-Pads-150x150.jpg 150w, https:\/\/maybommini.vn\/wp-content\/uploads\/2022\/10\/18650-Li-ion-Battery-Insulation-Gasket-Paper-0.2mm-Cell-Insulating-Glue-Patch-Electrode-Insulated-Pads-600x600.jpg 600w\" sizes=\"(max-width: 750px) 100vw, 750px\" \/><\/a><a href=\"https:\/\/maybommini.com\/wp-content\/uploads\/2022\/10\/giay-decal-dan-pin-co-keo.jpg\" target=\"_blank\" rel=\"noopener\"><img decoding=\"async\" class=\"size-full wp-image-271163 aligncenter\" src=\"https:\/\/maybommini.com\/wp-content\/uploads\/2022\/10\/giay-decal-dan-pin-co-keo.jpg\" alt=\"Giay Decal Dan Pin Co Keo\" width=\"750\" height=\"750\" srcset=\"https:\/\/maybommini.vn\/wp-content\/uploads\/2022\/10\/giay-decal-dan-pin-co-keo.jpg 750w, https:\/\/maybommini.vn\/wp-content\/uploads\/2022\/10\/giay-decal-dan-pin-co-keo-300x300.jpg 300w, https:\/\/maybommini.vn\/wp-content\/uploads\/2022\/10\/giay-decal-dan-pin-co-keo-150x150.jpg 150w, https:\/\/maybommini.vn\/wp-content\/uploads\/2022\/10\/giay-decal-dan-pin-co-keo-600x600.jpg 600w\" sizes=\"(max-width: 750px) 100vw, 750px\" \/><\/a><a href=\"https:\/\/maybommini.com\/wp-content\/uploads\/2022\/10\/giay-keo-dan-pin-cach-dien-cach-nhiet.jpg\" target=\"_blank\" rel=\"noopener\"><img decoding=\"async\" class=\"size-full wp-image-271164 aligncenter\" src=\"https:\/\/maybommini.com\/wp-content\/uploads\/2022\/10\/giay-keo-dan-pin-cach-dien-cach-nhiet.jpg\" alt=\"Giay Keo Dan Pin Cach Dien Cach Nhiet\" width=\"750\" height=\"750\" srcset=\"https:\/\/maybommini.vn\/wp-content\/uploads\/2022\/10\/giay-keo-dan-pin-cach-dien-cach-nhiet.jpg 750w, https:\/\/maybommini.vn\/wp-content\/uploads\/2022\/10\/giay-keo-dan-pin-cach-dien-cach-nhiet-300x300.jpg 300w, https:\/\/maybommini.vn\/wp-content\/uploads\/2022\/10\/giay-keo-dan-pin-cach-dien-cach-nhiet-150x150.jpg 150w, https:\/\/maybommini.vn\/wp-content\/uploads\/2022\/10\/giay-keo-dan-pin-cach-dien-cach-nhiet-600x600.jpg 600w\" sizes=\"(max-width: 750px) 100vw, 750px\" \/><\/a><\/strong><\/p>\n<p><strong>TH\u00d4NG TIN LI\u00caN H\u1ec6<\/strong><br \/>\nHotline Zalo: 090729 4310 \u2013 02873030399<br \/>\nNh\u1eadn \u0111\u00f3ng pin theo y\u00eau c\u1ea7u, l\u00e0m pin, n\u00e2ng c\u1ea5p pin, s\u1eeda pin cho h\u1ec7 th\u1ed1ng n\u0103ng l\u01b0\u1ee3ng m\u1eb7t tr\u1eddi, pin m\u00e1y khoan, pin robot h\u00fat b\u1ee5i lau nh\u00e0, pin m\u00e1y th\u1ed5i b\u1ee5i, pin s\u1ea1c, UPS mini, pin \u0111\u00e8n n\u0103ng l\u01b0\u1ee3ng m\u1eb7t tr\u1eddi, Pin LiFePo4, Pin 18650 &#8230;<\/p>\n<p><strong><a href=\"https:\/\/maybommini.com\/wp-content\/uploads\/2022\/10\/mieng-dan-cach-nhiet-pin-65mm-1m.jpg\" target=\"_blank\" rel=\"noopener\"><img decoding=\"async\" class=\"size-full wp-image-271165 aligncenter\" src=\"https:\/\/maybommini.com\/wp-content\/uploads\/2022\/10\/mieng-dan-cach-nhiet-pin-65mm-1m.jpg\" alt=\"Mieng Dan Cach Nhiet Pin 65mm 1m\" width=\"750\" height=\"750\" srcset=\"https:\/\/maybommini.vn\/wp-content\/uploads\/2022\/10\/mieng-dan-cach-nhiet-pin-65mm-1m.jpg 750w, https:\/\/maybommini.vn\/wp-content\/uploads\/2022\/10\/mieng-dan-cach-nhiet-pin-65mm-1m-300x300.jpg 300w, https:\/\/maybommini.vn\/wp-content\/uploads\/2022\/10\/mieng-dan-cach-nhiet-pin-65mm-1m-150x150.jpg 150w, https:\/\/maybommini.vn\/wp-content\/uploads\/2022\/10\/mieng-dan-cach-nhiet-pin-65mm-1m-600x600.jpg 600w\" sizes=\"(max-width: 750px) 100vw, 750px\" \/><\/a><\/strong><\/p>\n<p><strong>MUA PIN &#8211; PH\u1ee4 KI\u1ec6N CELL PIN \u1ede \u0110\u00c2U ?\u00a0<\/strong><br \/>\n<a title=\"m\u00e1y b\u01a1m mini\" href=\"https:\/\/maybommini.com\/\" target=\"_blank\" rel=\"noopener\">M\u00e1y B\u01a1m Mini \u2013 MBM<\/a> nh\u00e0 cung c\u1ea5p h\u00e0ng \u0111\u1ea7u v\u1ec1 thi\u1ebft b\u1ecb ph\u1ee5 ki\u1ec7n pin b\u00ecnh \u1eafc quy s\u1ea1c gi\u00e1 t\u1ed1t ch\u00ednh h\u00e3ng. V\u1edbi ch\u00ednh s\u00e1ch b\u1ea3o h\u00e0nh l\u00e2u d\u00e0i.<br \/>\n<strong>Website:<\/strong>\u00a0<a href=\"https:\/\/maybommini.com\/\" target=\"_blank\" rel=\"noopener\">https:\/\/maybommini.com<\/a><br \/>\n<strong>Email:<\/strong>\u00a0maybommini.com@gmail.com<br \/>\n<strong>Tel Zalo:<\/strong>\u00a0<a href=\"tel:02873030399\">02873030399<\/a>\u00a0\u2013\u00a0<a href=\"tel:0907294310\">0907294310<\/a>\u00a0\u2013\u00a0<a href=\"tel:0908997823\">0908997823<\/a>\u00a0\u2013\u00a0<a href=\"tel:0908997872\">0908997872<\/a><\/p>\n<p><a class=\"swipebox\" title=\"\" href=\"https:\/\/maybommini.com\/wp-content\/uploads\/2022\/07\/thong-tin-lien-he-may-bom-mini.jpg\" data-rel=\"lightbox-image-bGlnaHRib3gtaW1hZ2UtYkdsbmFIUmliM2d0YVcxaFoyVXRNVEk9\" data-rl_title=\"\" data-rl_caption=\"\" data-rl_ target=\"_blank\" rel=\"noopener\"><img decoding=\"async\" class=\"size-full wp-image-270584 aligncenter lazyloaded\" src=\"https:\/\/maybommini.com\/wp-content\/uploads\/2022\/07\/thong-tin-lien-he-may-bom-mini.jpg\" sizes=\"(max-width: 750px) 100vw, 750px\" srcset=\"https:\/\/maybommini.com\/wp-content\/uploads\/2022\/07\/thong-tin-lien-he-may-bom-mini.jpg 750w, https:\/\/maybommini.com\/wp-content\/uploads\/2022\/07\/thong-tin-lien-he-may-bom-mini-300x202.jpg 300w, https:\/\/maybommini.com\/wp-content\/uploads\/2022\/07\/thong-tin-lien-he-may-bom-mini-600x405.jpg 600w\" alt=\"Thong Tin Lien He May Bom Mini\" width=\"750\" height=\"506\" data-lazy-srcset=\"https:\/\/maybommini.com\/wp-content\/uploads\/2022\/07\/thong-tin-lien-he-may-bom-mini.jpg 750w, https:\/\/maybommini.com\/wp-content\/uploads\/2022\/07\/thong-tin-lien-he-may-bom-mini-300x202.jpg 300w, https:\/\/maybommini.com\/wp-content\/uploads\/2022\/07\/thong-tin-lien-he-may-bom-mini-600x405.jpg 600w\" data-lazy-sizes=\"(max-width: 750px) 100vw, 750px\" data-lazy-src=\"https:\/\/maybommini.com\/wp-content\/uploads\/2022\/07\/thong-tin-lien-he-may-bom-mini.jpg\" data-was-processed=\"true\" \/><\/a><\/p>\n","protected":false},"excerpt":{"rendered":"<p>Lo\u1ea1i gi\u1ea5y d\u00e1n c\u00e1ch nhi\u1ec7t c\u00e1ch \u0111i\u1ec7n.<br \/>\nC\u00f3 keo d\u00e1n 1 m\u1eb7t.<br \/>\nChi\u1ec1u r\u1ed9ng: 65mm &#8211; 6.5cm<br \/>\n\u0110\u1ed9 d\u00e0y: 0.28mm<br \/>\nChi\u1ec1u d\u00e0i 1 cu\u1ed9n t\u1ed1i \u0111a 100 met.<br \/>\n*** S\u1ea3n ph\u1ea9m \u0111ang b\u00e1n theo gi\u00e1 1 m\u00e9t qu\u00fd kh\u00e1ch l\u01b0u \u00fd.<br \/>\n<span style=\"color: #ff0000;\"><strong>Mua s\u1ed1 l\u01b0\u1ee3ng c\u00f3 gi\u00e1 t\u1ed1t<\/strong><\/span><\/p>\n","protected":false},"featured_media":271166,"comment_status":"open","ping_status":"closed","template":"","meta":[],"product_brand":[],"product_cat":[317,1282],"product_tag":[3724,3720,3721,3722,3726,1286,3725,3719,3723],"class_list":{"0":"post-271154","1":"product","2":"type-product","3":"status-publish","4":"has-post-thumbnail","6":"product_cat-thiet-bi-dung-cu","7":"product_cat-han-ghep-pin","8":"product_tag-dong-pin","9":"product_tag-giay-cach-dien","10":"product_tag-giay-cach-nhiet","11":"product_tag-giay-decal-dan-pin","12":"product_tag-giay-keo-1-mat","13":"product_tag-han-pin","14":"product_tag-mieng-dan","15":"product_tag-mieng-dan-pin","16":"product_tag-phu-kien-han-cell","18":"first","19":"instock","20":"sale","21":"shipping-taxable","22":"purchasable","23":"product-type-simple"},"_links":{"self":[{"href":"https:\/\/maybommini.vn\/index.php?rest_route=\/wp\/v2\/product\/271154","targetHints":{"allow":["GET"]}}],"collection":[{"href":"https:\/\/maybommini.vn\/index.php?rest_route=\/wp\/v2\/product"}],"about":[{"href":"https:\/\/maybommini.vn\/index.php?rest_route=\/wp\/v2\/types\/product"}],"replies":[{"embeddable":true,"href":"https:\/\/maybommini.vn\/index.php?rest_route=%2Fwp%2Fv2%2Fcomments&post=271154"}],"wp:featuredmedia":[{"embeddable":true,"href":"https:\/\/maybommini.vn\/index.php?rest_route=\/wp\/v2\/media\/271166"}],"wp:attachment":[{"href":"https:\/\/maybommini.vn\/index.php?rest_route=%2Fwp%2Fv2%2Fmedia&parent=271154"}],"wp:term":[{"taxonomy":"product_brand","embeddable":true,"href":"https:\/\/maybommini.vn\/index.php?rest_route=%2Fwp%2Fv2%2Fproduct_brand&post=271154"},{"taxonomy":"product_cat","embeddable":true,"href":"https:\/\/maybommini.vn\/index.php?rest_route=%2Fwp%2Fv2%2Fproduct_cat&post=271154"},{"taxonomy":"product_tag","embeddable":true,"href":"https:\/\/maybommini.vn\/index.php?rest_route=%2Fwp%2Fv2%2Fproduct_tag&post=271154"}],"curies":[{"name":"wp","href":"https:\/\/api.w.org\/{rel}","templated":true}]}}