{"id":271290,"date":"2022-11-02T20:41:38","date_gmt":"2022-11-02T13:41:38","guid":{"rendered":"https:\/\/maybommini.com\/?post_type=product&#038;p=271290"},"modified":"2022-11-02T22:02:55","modified_gmt":"2022-11-02T15:02:55","slug":"may-bam-ong-gas-lanh-thuy-luc-8-tan-mtm","status":"publish","type":"product","link":"https:\/\/maybommini.vn\/?product=may-bam-ong-gas-lanh-thuy-luc-8-tan-mtm","title":{"rendered":"M\u00e1y b\u1ea5m \u1ed1ng gas l\u1ea1nh thu\u1ef7 l\u1ef1c 8 t\u1ea5n MTM"},"content":{"rendered":"<p><strong>M\u00e1y b\u1ea5m \u1ed1ng gas l\u1ea1nh thu\u1ef7 l\u1ef1c 8 t\u1ea5n MTM cho \u00f4t\u00f4 v\u00e0 thi\u1ebft b\u1ecb c\u01a1 kh\u00ed chuy\u00ean d\u1ee5ng. \u0110\u00e2y l\u00e0 lo\u1ea1i m\u00e1y b\u1ea5m \u0111\u1ea7u \u1ed1ng c\u00f3 r\u0103ng \u0111\u01b0\u1ee3c thi\u1ebft k\u1ebf 3 t\u1ea7ng 8 r\u0103ng \u0111\u1ec1u nhau t\u1ea1o ra l\u1ef1c \u00e9p v\u00e0o \u0111\u00e2u b\u1ea5m ch\u1eafc ch\u1eafn, \u0111\u01b0\u1ee3c t\u1ea1o l\u1ef1c n\u00e9n t\u1eeb con \u0111\u1ed9i th\u1ee7y l\u1ef1c vi\u1ec7c b\u1ea5m \u1ed1ng r\u1ea5t \u0111\u01a1n gi\u1ea3n.<\/strong><\/p>\n<p><strong><a href=\"https:\/\/maybommini.com\/wp-content\/uploads\/2022\/11\/ban-may-bam-ong-gas-ong-thuy-luc-chinh-hang-gia-tot.jpg\" target=\"_blank\" rel=\"noopener\"><img decoding=\"async\" class=\"size-full wp-image-271297 aligncenter\" src=\"https:\/\/maybommini.com\/wp-content\/uploads\/2022\/11\/ban-may-bam-ong-gas-ong-thuy-luc-chinh-hang-gia-tot.jpg\" alt=\"Ban May Bam Ong Gas Ong Thuy Luc Chinh Hang Gia Tot\" width=\"750\" height=\"750\" srcset=\"https:\/\/maybommini.vn\/wp-content\/uploads\/2022\/11\/ban-may-bam-ong-gas-ong-thuy-luc-chinh-hang-gia-tot.jpg 750w, https:\/\/maybommini.vn\/wp-content\/uploads\/2022\/11\/ban-may-bam-ong-gas-ong-thuy-luc-chinh-hang-gia-tot-300x300.jpg 300w, https:\/\/maybommini.vn\/wp-content\/uploads\/2022\/11\/ban-may-bam-ong-gas-ong-thuy-luc-chinh-hang-gia-tot-150x150.jpg 150w, https:\/\/maybommini.vn\/wp-content\/uploads\/2022\/11\/ban-may-bam-ong-gas-ong-thuy-luc-chinh-hang-gia-tot-600x600.jpg 600w\" sizes=\"(max-width: 750px) 100vw, 750px\" \/><\/a>TH\u00d4NG S\u1ed0 K\u1ef8 THU\u1eacT<br \/>\n<\/strong>Th\u01b0\u01a1ng hi\u1ec7u: MTM<br \/>\nModel: HCT-8T-D<br \/>\nCh\u1ea5t li\u1ec7u: th\u00e9p<br \/>\nKhu\u00f4n \u00e9p: 3 t\u1ea7ng 8 r\u0103ng.<br \/>\nL\u1ef1c \u0111\u1ed9i thu\u1ef7 l\u1ef1c: 8 T\u1ea5n.<br \/>\nThi\u1ebft k\u1ebf \u0111\u1ee9ng.<br \/>\nB\u1ea5m \u1ed1ng 8 &#8211; 30 mm.<br \/>\nK\u00edch th\u01b0\u1edbc: 39 x 17 cm<br \/>\nTr\u1ecdng l\u01b0\u1ee3ng: 15.6 kg<br \/>\n<a href=\"https:\/\/maybommini.com\/wp-content\/uploads\/2022\/11\/May-bam-ong-gas-may-lanh-ong-ap-luc-oto-8-tan.jpg\" target=\"_blank\" rel=\"noopener\"><img decoding=\"async\" class=\"size-full wp-image-271292 aligncenter\" src=\"https:\/\/maybommini.com\/wp-content\/uploads\/2022\/11\/May-bam-ong-gas-may-lanh-ong-ap-luc-oto-8-tan.jpg\" alt=\"May Bam Ong Gas May Lanh Ong Ap Luc Oto 8 Tan\" width=\"750\" height=\"750\" srcset=\"https:\/\/maybommini.vn\/wp-content\/uploads\/2022\/11\/May-bam-ong-gas-may-lanh-ong-ap-luc-oto-8-tan.jpg 750w, https:\/\/maybommini.vn\/wp-content\/uploads\/2022\/11\/May-bam-ong-gas-may-lanh-ong-ap-luc-oto-8-tan-300x300.jpg 300w, https:\/\/maybommini.vn\/wp-content\/uploads\/2022\/11\/May-bam-ong-gas-may-lanh-ong-ap-luc-oto-8-tan-150x150.jpg 150w, https:\/\/maybommini.vn\/wp-content\/uploads\/2022\/11\/May-bam-ong-gas-may-lanh-ong-ap-luc-oto-8-tan-600x600.jpg 600w\" sizes=\"(max-width: 750px) 100vw, 750px\" \/><\/a><a href=\"https:\/\/maybommini.com\/wp-content\/uploads\/2022\/11\/may-bam-ong-gas-oto.jpg\" target=\"_blank\" rel=\"noopener\"><img decoding=\"async\" class=\"size-full wp-image-271293 aligncenter\" src=\"https:\/\/maybommini.com\/wp-content\/uploads\/2022\/11\/may-bam-ong-gas-oto.jpg\" alt=\"May Bam Ong Gas Oto\" width=\"750\" height=\"750\" srcset=\"https:\/\/maybommini.vn\/wp-content\/uploads\/2022\/11\/may-bam-ong-gas-oto.jpg 750w, https:\/\/maybommini.vn\/wp-content\/uploads\/2022\/11\/may-bam-ong-gas-oto-300x300.jpg 300w, https:\/\/maybommini.vn\/wp-content\/uploads\/2022\/11\/may-bam-ong-gas-oto-150x150.jpg 150w, https:\/\/maybommini.vn\/wp-content\/uploads\/2022\/11\/may-bam-ong-gas-oto-600x600.jpg 600w\" sizes=\"(max-width: 750px) 100vw, 750px\" \/><\/a><a href=\"https:\/\/maybommini.com\/wp-content\/uploads\/2022\/11\/may-bam-ong-thuy-luc-8-tan.jpg\" target=\"_blank\" rel=\"noopener\"><img decoding=\"async\" class=\"size-full wp-image-271295 aligncenter\" src=\"https:\/\/maybommini.com\/wp-content\/uploads\/2022\/11\/may-bam-ong-thuy-luc-8-tan.jpg\" alt=\"May Bam Ong Thuy Luc 8 Tan\" width=\"750\" height=\"750\" srcset=\"https:\/\/maybommini.vn\/wp-content\/uploads\/2022\/11\/may-bam-ong-thuy-luc-8-tan.jpg 750w, https:\/\/maybommini.vn\/wp-content\/uploads\/2022\/11\/may-bam-ong-thuy-luc-8-tan-300x300.jpg 300w, https:\/\/maybommini.vn\/wp-content\/uploads\/2022\/11\/may-bam-ong-thuy-luc-8-tan-150x150.jpg 150w, https:\/\/maybommini.vn\/wp-content\/uploads\/2022\/11\/may-bam-ong-thuy-luc-8-tan-600x600.jpg 600w\" sizes=\"(max-width: 750px) 100vw, 750px\" \/><\/a><a href=\"https:\/\/maybommini.com\/wp-content\/uploads\/2022\/11\/dau-bam-ong-thuy-luc-ong-gas-oto.jpg\" target=\"_blank\" rel=\"noopener\"><img decoding=\"async\" class=\"size-full wp-image-271299 aligncenter\" src=\"https:\/\/maybommini.com\/wp-content\/uploads\/2022\/11\/dau-bam-ong-thuy-luc-ong-gas-oto.jpg\" alt=\"Dau Bam Ong Thuy Luc Ong Gas Oto\" width=\"750\" height=\"750\" srcset=\"https:\/\/maybommini.vn\/wp-content\/uploads\/2022\/11\/dau-bam-ong-thuy-luc-ong-gas-oto.jpg 750w, https:\/\/maybommini.vn\/wp-content\/uploads\/2022\/11\/dau-bam-ong-thuy-luc-ong-gas-oto-300x300.jpg 300w, https:\/\/maybommini.vn\/wp-content\/uploads\/2022\/11\/dau-bam-ong-thuy-luc-ong-gas-oto-150x150.jpg 150w, https:\/\/maybommini.vn\/wp-content\/uploads\/2022\/11\/dau-bam-ong-thuy-luc-ong-gas-oto-600x600.jpg 600w\" sizes=\"(max-width: 750px) 100vw, 750px\" \/><\/a><a href=\"https:\/\/maybommini.com\/wp-content\/uploads\/2022\/11\/dau-bam-ap-luc-8-tan-MTM.jpg\" target=\"_blank\" rel=\"noopener\"><img decoding=\"async\" class=\"size-full wp-image-271298 aligncenter\" src=\"https:\/\/maybommini.com\/wp-content\/uploads\/2022\/11\/dau-bam-ap-luc-8-tan-MTM.jpg\" alt=\"Dau Bam Ap Luc 8 Tan MTM\" width=\"750\" height=\"750\" srcset=\"https:\/\/maybommini.vn\/wp-content\/uploads\/2022\/11\/dau-bam-ap-luc-8-tan-MTM.jpg 750w, https:\/\/maybommini.vn\/wp-content\/uploads\/2022\/11\/dau-bam-ap-luc-8-tan-MTM-300x300.jpg 300w, https:\/\/maybommini.vn\/wp-content\/uploads\/2022\/11\/dau-bam-ap-luc-8-tan-MTM-150x150.jpg 150w, https:\/\/maybommini.vn\/wp-content\/uploads\/2022\/11\/dau-bam-ap-luc-8-tan-MTM-600x600.jpg 600w\" sizes=\"(max-width: 750px) 100vw, 750px\" \/><\/a><a href=\"https:\/\/maybommini.com\/wp-content\/uploads\/2022\/11\/khich-thuoc-may-bam-ong.jpg\" target=\"_blank\" rel=\"noopener\"><img decoding=\"async\" class=\"size-full wp-image-271300 aligncenter\" src=\"https:\/\/maybommini.com\/wp-content\/uploads\/2022\/11\/khich-thuoc-may-bam-ong.jpg\" alt=\"Khich Thuoc May Bam Ong\" width=\"750\" height=\"750\" srcset=\"https:\/\/maybommini.vn\/wp-content\/uploads\/2022\/11\/khich-thuoc-may-bam-ong.jpg 750w, https:\/\/maybommini.vn\/wp-content\/uploads\/2022\/11\/khich-thuoc-may-bam-ong-300x300.jpg 300w, https:\/\/maybommini.vn\/wp-content\/uploads\/2022\/11\/khich-thuoc-may-bam-ong-150x150.jpg 150w, https:\/\/maybommini.vn\/wp-content\/uploads\/2022\/11\/khich-thuoc-may-bam-ong-600x600.jpg 600w\" sizes=\"(max-width: 750px) 100vw, 750px\" \/><\/a><\/p>\n<p><strong>C\u00c1CH S\u1eec D\u1ee4NG M\u00c1Y B\u1ea4M \u1ed0NG GAS TH\u1ee6Y L\u1ef0C<br \/>\n<\/strong>&#8211; L\u1eafp ch\u00e2n \u0111\u1edf k\u00e8m theo cho m\u00e1y b\u1ea5m \u1ed1ng.<br \/>\n&#8211; Kh\u00f3a van th\u1ee7y l\u1ef1c tr\u00ean con \u0111\u1ed9i m\u00e1y b\u1ea5m.<br \/>\n&#8211; \u0110\u01b0a \u0111\u1ea7u \u1ed1ng c\u1ea7n b\u1ea5m v\u00e0o \u0111\u00fang v\u1ecb tr\u00ed r\u0103ng khu\u00f4n.<br \/>\n&#8211; D\u00f9ng l\u1ef1c \u00e9p m\u00e1y b\u1ea5m \u1ed1ng t\u1eeb con \u0111\u1ed9i th\u1ee7y l\u1ef1c.<br \/>\n&#8211; L\u1ef1c \u00e9p cho \u0111\u1ebfn khi \u0111\u1ea7u khu\u00f4n \u00e9p ch\u1eb7c.<br \/>\n&#8211; M\u1edf kh\u00f3a van con \u0111\u1ed9i th\u1ee7y l\u1ef1c th\u1ea5y \u0111\u1ea7u \u1ed1ng ra.<\/p>\n<p><strong><a href=\"https:\/\/maybommini.com\/wp-content\/uploads\/2022\/11\/dau-bam-ong-thuy-luc-ong-gas-oto.jpg\" target=\"_blank\" rel=\"noopener\"><img decoding=\"async\" class=\"size-full wp-image-271299 aligncenter\" src=\"https:\/\/maybommini.com\/wp-content\/uploads\/2022\/11\/dau-bam-ong-thuy-luc-ong-gas-oto.jpg\" alt=\"Dau Bam Ong Thuy Luc Ong Gas Oto\" width=\"750\" height=\"750\" srcset=\"https:\/\/maybommini.vn\/wp-content\/uploads\/2022\/11\/dau-bam-ong-thuy-luc-ong-gas-oto.jpg 750w, https:\/\/maybommini.vn\/wp-content\/uploads\/2022\/11\/dau-bam-ong-thuy-luc-ong-gas-oto-300x300.jpg 300w, https:\/\/maybommini.vn\/wp-content\/uploads\/2022\/11\/dau-bam-ong-thuy-luc-ong-gas-oto-150x150.jpg 150w, https:\/\/maybommini.vn\/wp-content\/uploads\/2022\/11\/dau-bam-ong-thuy-luc-ong-gas-oto-600x600.jpg 600w\" sizes=\"(max-width: 750px) 100vw, 750px\" \/><\/a><a href=\"https:\/\/maybommini.com\/wp-content\/uploads\/2022\/11\/ren-bam-ong-ap-luc-8-tan.jpg\" target=\"_blank\" rel=\"noopener\"><img decoding=\"async\" class=\"size-full wp-image-271296 aligncenter\" src=\"https:\/\/maybommini.com\/wp-content\/uploads\/2022\/11\/ren-bam-ong-ap-luc-8-tan.jpg\" alt=\"Ren Bam Ong Ap Luc 8 Tan\" width=\"750\" height=\"750\" srcset=\"https:\/\/maybommini.vn\/wp-content\/uploads\/2022\/11\/ren-bam-ong-ap-luc-8-tan.jpg 750w, https:\/\/maybommini.vn\/wp-content\/uploads\/2022\/11\/ren-bam-ong-ap-luc-8-tan-300x300.jpg 300w, https:\/\/maybommini.vn\/wp-content\/uploads\/2022\/11\/ren-bam-ong-ap-luc-8-tan-150x150.jpg 150w, https:\/\/maybommini.vn\/wp-content\/uploads\/2022\/11\/ren-bam-ong-ap-luc-8-tan-600x600.jpg 600w\" sizes=\"(max-width: 750px) 100vw, 750px\" \/><\/a><a href=\"https:\/\/maybommini.com\/wp-content\/uploads\/2022\/11\/dau-bam-ap-luc-8-tan-MTM.jpg\" target=\"_blank\" rel=\"noopener\"><img decoding=\"async\" class=\"size-full wp-image-271298 aligncenter\" src=\"https:\/\/maybommini.com\/wp-content\/uploads\/2022\/11\/dau-bam-ap-luc-8-tan-MTM.jpg\" alt=\"Dau Bam Ap Luc 8 Tan MTM\" width=\"750\" height=\"750\" srcset=\"https:\/\/maybommini.vn\/wp-content\/uploads\/2022\/11\/dau-bam-ap-luc-8-tan-MTM.jpg 750w, https:\/\/maybommini.vn\/wp-content\/uploads\/2022\/11\/dau-bam-ap-luc-8-tan-MTM-300x300.jpg 300w, https:\/\/maybommini.vn\/wp-content\/uploads\/2022\/11\/dau-bam-ap-luc-8-tan-MTM-150x150.jpg 150w, https:\/\/maybommini.vn\/wp-content\/uploads\/2022\/11\/dau-bam-ap-luc-8-tan-MTM-600x600.jpg 600w\" sizes=\"(max-width: 750px) 100vw, 750px\" \/><\/a>MUA M\u00c1Y B\u1ea4M \u1ed0NG \u00c1P L\u1ef0C \u1ede \u0110\u00c2U ?<br \/>\n<a title=\"m\u00e1y b\u01a1m mini\" href=\"https:\/\/maybommini.com\/\" target=\"_blank\" rel=\"noopener\">M\u00e1y B\u01a1m Mini<\/a><\/strong> chuy\u00ean cung c\u1ea5p c\u00e1c lo\u1ea1i m\u00e1y b\u1ea5m \u1ed1ng thu\u1ef7 l\u1ef1c t\u1eeb 3 t\u1ea5n \u0111\u1ebfn 12 t\u1ea5n v\u00e0 m\u00e1y b\u1ea5m \u1ed1ng quay tay tr\u00ean to\u00e0n qu\u1ed1c s\u1ec9 v\u00e0 l\u1ebb, b\u1ea3o h\u00e0nh to\u00e0n qu\u1ed1c gi\u00e1 t\u1ed1t nh\u1ea5t. Li\u00ean h\u1ec7 tr\u1ef1c ti\u1ebfp c\u00f3 gi\u00e1 t\u1ed1t h\u01a1n nh\u00e9.<br \/>\n<strong>CTY TNHH TH\u01af\u01a0NG M\u1ea0I D\u1ecaCH V\u1ee4 \u0110I\u1ec6N M\u00c1Y TH\u00d4NG MINH<br \/>\n<\/strong><strong>Hotline:<\/strong>\u00a002873030399 \u2013 090 729 4310<br \/>\n<strong>Email:<\/strong>\u00a0maybommini.com@gmail.com<br \/>\n<strong>Website:<\/strong>\u00a0https:\/\/maybommini.com<br \/>\n<strong>Youtube demo:<\/strong>\u00a0https:\/\/www.youtube.com\/bahamasali<\/p>\n<h3 style=\"text-align: center;\">M\u00e1y b\u1ea5m \u1ed1ng gas l\u1ea1nh thu\u1ef7 l\u1ef1c 8 t\u1ea5n MTM<\/h3>\n<p><a class=\"swipebox\" title=\"\" href=\"https:\/\/maybommini.com\/wp-content\/uploads\/2022\/07\/thong-tin-lien-he-may-bom-mini.jpg\" data-rel=\"lightbox-image-bGlnaHRib3gtaW1hZ2UtMTY=\" data-rl_title=\"\" data-rl_caption=\"\" data-rl_ target=\"_blank\" rel=\"noopener\"><img decoding=\"async\" class=\"size-full wp-image-270584 aligncenter lazyloaded\" src=\"https:\/\/maybommini.com\/wp-content\/uploads\/2022\/07\/thong-tin-lien-he-may-bom-mini.jpg\" sizes=\"(max-width: 750px) 100vw, 750px\" srcset=\"https:\/\/maybommini.com\/wp-content\/uploads\/2022\/07\/thong-tin-lien-he-may-bom-mini.jpg 750w, https:\/\/maybommini.com\/wp-content\/uploads\/2022\/07\/thong-tin-lien-he-may-bom-mini-300x202.jpg 300w, https:\/\/maybommini.com\/wp-content\/uploads\/2022\/07\/thong-tin-lien-he-may-bom-mini-600x405.jpg 600w\" alt=\"Thong Tin Lien He May Bom Mini\" width=\"750\" height=\"506\" data-lazy-srcset=\"https:\/\/maybommini.com\/wp-content\/uploads\/2022\/07\/thong-tin-lien-he-may-bom-mini.jpg 750w, https:\/\/maybommini.com\/wp-content\/uploads\/2022\/07\/thong-tin-lien-he-may-bom-mini-300x202.jpg 300w, https:\/\/maybommini.com\/wp-content\/uploads\/2022\/07\/thong-tin-lien-he-may-bom-mini-600x405.jpg 600w\" data-lazy-sizes=\"(max-width: 750px) 100vw, 750px\" data-lazy-src=\"https:\/\/maybommini.com\/wp-content\/uploads\/2022\/07\/thong-tin-lien-he-may-bom-mini.jpg\" data-was-processed=\"true\" \/><\/a><\/p>\n","protected":false},"excerpt":{"rendered":"<p>Th\u01b0\u01a1ng hi\u1ec7u: MTM<br \/>\nModel: HCT-8T-D<br \/>\nCh\u1ea5t li\u1ec7u: th\u00e9p<br \/>\nKhu\u00f4n \u00e9p: 3 t\u1ea7ng 8 r\u0103ng.<br \/>\nL\u1ef1c \u0111\u1ed9i thu\u1ef7 l\u1ef1c: 8 T\u1ea5n.<br \/>\nThi\u1ebft k\u1ebf \u0111\u1ee9ng.<br \/>\nB\u1ea5m \u1ed1ng 8 &#8211; 30 mm.<br \/>\nK\u00edch th\u01b0\u1edbc: 39 x 17 cm<br \/>\nTr\u1ecdng l\u01b0\u1ee3ng: 15.6 kg<br \/>\nB\u1ea3o h\u00e0nh: 6 th\u00e1ng<br \/>\nPh\u00e2n ph\u1ed1i: Maybommini.com<br \/>\nH\u00f4\u0309 tr\u01a1\u0323 ky\u0303 thu\u00e2\u0323t vi\u0303nh vi\u00ea\u0303n.<br \/>\n<strong>T\u01af V\u1ea4N K\u1ef8 THU\u1eacT \u2013 MUA H\u00c0NG<br \/>\nMUA S\u1ed0 L\u01af\u1ee2NG C\u00d3 GI\u00c1 S\u1ec8<\/strong><br \/>\n0908997823 \u2013 0908997872<br \/>\n0907294310 \u2013 02873030399<\/p>\n","protected":false},"featured_media":271297,"comment_status":"open","ping_status":"closed","template":"","meta":[],"product_brand":[],"product_cat":[2897,317],"product_tag":[476,750,3745,751,752,753,3746,754,755,2035,756,2036,757,2037,758,759,760,904],"class_list":{"0":"post-271290","1":"product","2":"type-product","3":"status-publish","4":"has-post-thumbnail","6":"product_cat-bam-ong-ap-luc","7":"product_cat-thiet-bi-dung-cu","8":"product_tag-12mm","9":"product_tag-20mm","10":"product_tag-8-tan","11":"product_tag-bam-cost","12":"product_tag-bam-ong","13":"product_tag-bam-ong-day","14":"product_tag-bam-ong-gas","15":"product_tag-cost","16":"product_tag-dau-bam-ong","17":"product_tag-dau-cost","18":"product_tag-may-bam","19":"product_tag-may-bam-dau-cost","20":"product_tag-may-bam-ong","21":"product_tag-may-bam-ong-thuy-luc","22":"product_tag-may-ep-ap-luc","23":"product_tag-ong-ap-luc","24":"product_tag-ong-ap-luc-cao","25":"product_tag-thuy-luc","27":"first","28":"instock","29":"sale","30":"shipping-taxable","31":"purchasable","32":"product-type-simple"},"_links":{"self":[{"href":"https:\/\/maybommini.vn\/index.php?rest_route=\/wp\/v2\/product\/271290","targetHints":{"allow":["GET"]}}],"collection":[{"href":"https:\/\/maybommini.vn\/index.php?rest_route=\/wp\/v2\/product"}],"about":[{"href":"https:\/\/maybommini.vn\/index.php?rest_route=\/wp\/v2\/types\/product"}],"replies":[{"embeddable":true,"href":"https:\/\/maybommini.vn\/index.php?rest_route=%2Fwp%2Fv2%2Fcomments&post=271290"}],"wp:featuredmedia":[{"embeddable":true,"href":"https:\/\/maybommini.vn\/index.php?rest_route=\/wp\/v2\/media\/271297"}],"wp:attachment":[{"href":"https:\/\/maybommini.vn\/index.php?rest_route=%2Fwp%2Fv2%2Fmedia&parent=271290"}],"wp:term":[{"taxonomy":"product_brand","embeddable":true,"href":"https:\/\/maybommini.vn\/index.php?rest_route=%2Fwp%2Fv2%2Fproduct_brand&post=271290"},{"taxonomy":"product_cat","embeddable":true,"href":"https:\/\/maybommini.vn\/index.php?rest_route=%2Fwp%2Fv2%2Fproduct_cat&post=271290"},{"taxonomy":"product_tag","embeddable":true,"href":"https:\/\/maybommini.vn\/index.php?rest_route=%2Fwp%2Fv2%2Fproduct_tag&post=271290"}],"curies":[{"name":"wp","href":"https:\/\/api.w.org\/{rel}","templated":true}]}}