{"id":271327,"date":"2022-11-07T09:38:10","date_gmt":"2022-11-07T02:38:10","guid":{"rendered":"https:\/\/maybommini.com\/?post_type=product&#038;p=271327"},"modified":"2023-01-08T23:18:34","modified_gmt":"2023-01-08T16:18:34","slug":"bien-the-220v-ra-24v-ac-3a-kep","status":"publish","type":"product","link":"https:\/\/maybommini.vn\/?product=bien-the-220v-ra-24v-ac-3a-kep","title":{"rendered":"Bi\u1ebfn th\u1ebf 220V ra 24V AC 3A &#8211; k\u00e9p"},"content":{"rendered":"<p><strong>B\u00e1n bi\u1ebfn th\u1ebf 220V ra 24V AC 3A &#8211; k\u00e9p hay c\u00f2n g\u1ecdi l\u00e0 ngu\u1ed3n t\u0103ng ph\u00f4 \u0111\u00f4i. \u0110\u01b0\u1ee3c d\u00f9ng r\u1ed9ng r\u00e3i trong c\u00e1c thi\u1ebft b\u1ecb \u0111i\u1ec7n gia d\u1ee5ng, thi\u1ebft b\u1ecb \u0111i\u1ec7n t\u1eed, thi\u1ebft b\u1ecb \u00e2m thanh \u00e1nh s\u00e1ng, \u1ed5n \u00e1p v\u00e0 nhi\u1ec1u \u1ee9ng d\u1ee5ng kh\u00e1c.\u00a0<\/strong><\/p>\n<p><strong><a href=\"https:\/\/maybommini.com\/wp-content\/uploads\/2022\/11\/tang-pho-bien-the-220v-ra-24v.jpg\" target=\"_blank\" rel=\"noopener\"><img decoding=\"async\" class=\"size-full wp-image-271331 aligncenter\" src=\"https:\/\/maybommini.com\/wp-content\/uploads\/2022\/11\/tang-pho-bien-the-220v-ra-24v.jpg\" alt=\"Tang Pho Bien The 220v Ra 24v\" width=\"750\" height=\"750\" srcset=\"https:\/\/maybommini.vn\/wp-content\/uploads\/2022\/11\/tang-pho-bien-the-220v-ra-24v.jpg 750w, https:\/\/maybommini.vn\/wp-content\/uploads\/2022\/11\/tang-pho-bien-the-220v-ra-24v-300x300.jpg 300w, https:\/\/maybommini.vn\/wp-content\/uploads\/2022\/11\/tang-pho-bien-the-220v-ra-24v-150x150.jpg 150w, https:\/\/maybommini.vn\/wp-content\/uploads\/2022\/11\/tang-pho-bien-the-220v-ra-24v-600x600.jpg 600w\" sizes=\"(max-width: 750px) 100vw, 750px\" \/><\/a>TH\u00d4NG S\u1ed0 K\u1ef8 THU\u1eacT<\/strong><br \/>\nModel: TFM-242-3A<br \/>\n\u0110i\u1ec7n th\u1ebf v\u00e0o: 110V 220V 50Hz AC<br \/>\n\u0110i\u1ec7n th\u1ebf ra: 24V AC x 2<br \/>\nC\u00f4ng su\u1ea5t: 3A<br \/>\nCu\u1ed9n d\u00e2y \u0111\u1ed3ng 100%.<br \/>\nCh\u1ea5t li\u1ec7u: Th\u00e9p &#8211; \u0110\u1ed3ng<br \/>\n\u0110\u00e2y l\u00e0 bi\u1ebfn th\u1ebf AC xoay chi\u1ec1u.<br \/>\nK\u00edch th\u01b0\u1edbc: 90 x 50 x 60<br \/>\nTr\u1ecdng l\u01b0\u1ee3ng: 660 gam<\/p>\n<p><strong><a href=\"https:\/\/maybommini.com\/wp-content\/uploads\/2022\/11\/bien-ap-bien-the-220v-24v.jpg\" target=\"_blank\" rel=\"noopener\"><img decoding=\"async\" class=\"size-full wp-image-271333 aligncenter\" src=\"https:\/\/maybommini.com\/wp-content\/uploads\/2022\/11\/bien-ap-bien-the-220v-24v.jpg\" alt=\"Bien Ap Bien The 220v 24v\" width=\"750\" height=\"750\" srcset=\"https:\/\/maybommini.vn\/wp-content\/uploads\/2022\/11\/bien-ap-bien-the-220v-24v.jpg 750w, https:\/\/maybommini.vn\/wp-content\/uploads\/2022\/11\/bien-ap-bien-the-220v-24v-300x300.jpg 300w, https:\/\/maybommini.vn\/wp-content\/uploads\/2022\/11\/bien-ap-bien-the-220v-24v-150x150.jpg 150w, https:\/\/maybommini.vn\/wp-content\/uploads\/2022\/11\/bien-ap-bien-the-220v-24v-600x600.jpg 600w\" sizes=\"(max-width: 750px) 100vw, 750px\" \/><\/a><a href=\"https:\/\/maybommini.com\/wp-content\/uploads\/2022\/11\/Bien-ap-tang-pho-24Vx2-3A.jpg\" target=\"_blank\" rel=\"noopener\"><img decoding=\"async\" class=\"size-full wp-image-271334 aligncenter\" src=\"https:\/\/maybommini.com\/wp-content\/uploads\/2022\/11\/Bien-ap-tang-pho-24Vx2-3A.jpg\" alt=\"Bien Ap Tang Pho 24Vx2 3A\" width=\"750\" height=\"750\" srcset=\"https:\/\/maybommini.vn\/wp-content\/uploads\/2022\/11\/Bien-ap-tang-pho-24Vx2-3A.jpg 750w, https:\/\/maybommini.vn\/wp-content\/uploads\/2022\/11\/Bien-ap-tang-pho-24Vx2-3A-300x300.jpg 300w, https:\/\/maybommini.vn\/wp-content\/uploads\/2022\/11\/Bien-ap-tang-pho-24Vx2-3A-150x150.jpg 150w, https:\/\/maybommini.vn\/wp-content\/uploads\/2022\/11\/Bien-ap-tang-pho-24Vx2-3A-600x600.jpg 600w\" sizes=\"(max-width: 750px) 100vw, 750px\" \/><\/a><a href=\"https:\/\/maybommini.com\/wp-content\/uploads\/2022\/11\/chuyen-cung-cap-bien-ap-tang-pho-Minh-Quang.jpg\" target=\"_blank\" rel=\"noopener\"><img decoding=\"async\" class=\"size-full wp-image-271330 aligncenter\" src=\"https:\/\/maybommini.com\/wp-content\/uploads\/2022\/11\/chuyen-cung-cap-bien-ap-tang-pho-Minh-Quang.jpg\" alt=\"Chuyen Cung Cap Bien Ap Tang Pho Minh Quang\" width=\"750\" height=\"750\" srcset=\"https:\/\/maybommini.vn\/wp-content\/uploads\/2022\/11\/chuyen-cung-cap-bien-ap-tang-pho-Minh-Quang.jpg 750w, https:\/\/maybommini.vn\/wp-content\/uploads\/2022\/11\/chuyen-cung-cap-bien-ap-tang-pho-Minh-Quang-300x300.jpg 300w, https:\/\/maybommini.vn\/wp-content\/uploads\/2022\/11\/chuyen-cung-cap-bien-ap-tang-pho-Minh-Quang-150x150.jpg 150w, https:\/\/maybommini.vn\/wp-content\/uploads\/2022\/11\/chuyen-cung-cap-bien-ap-tang-pho-Minh-Quang-600x600.jpg 600w\" sizes=\"(max-width: 750px) 100vw, 750px\" \/><\/a><a href=\"https:\/\/maybommini.com\/wp-content\/uploads\/2022\/11\/Bien-the-AC-220v-24v-chinh-hang.jpg\" target=\"_blank\" rel=\"noopener\"><img decoding=\"async\" class=\"size-full wp-image-271329 aligncenter\" src=\"https:\/\/maybommini.com\/wp-content\/uploads\/2022\/11\/Bien-the-AC-220v-24v-chinh-hang.jpg\" alt=\"Bien The AC 220v 24v Chinh Hang\" width=\"750\" height=\"750\" srcset=\"https:\/\/maybommini.vn\/wp-content\/uploads\/2022\/11\/Bien-the-AC-220v-24v-chinh-hang.jpg 750w, https:\/\/maybommini.vn\/wp-content\/uploads\/2022\/11\/Bien-the-AC-220v-24v-chinh-hang-300x300.jpg 300w, https:\/\/maybommini.vn\/wp-content\/uploads\/2022\/11\/Bien-the-AC-220v-24v-chinh-hang-150x150.jpg 150w, https:\/\/maybommini.vn\/wp-content\/uploads\/2022\/11\/Bien-the-AC-220v-24v-chinh-hang-600x600.jpg 600w\" sizes=\"(max-width: 750px) 100vw, 750px\" \/><\/a><a href=\"https:\/\/maybommini.com\/wp-content\/uploads\/2022\/11\/Bien-ap-tang-pho-24Vx2-30A.jpg\" target=\"_blank\" rel=\"noopener\"><img decoding=\"async\" class=\"size-full wp-image-271328 aligncenter\" src=\"https:\/\/maybommini.com\/wp-content\/uploads\/2022\/11\/Bien-ap-tang-pho-24Vx2-30A.jpg\" alt=\"Bien Ap Tang Pho 24Vx2 30A\" width=\"750\" height=\"750\" srcset=\"https:\/\/maybommini.vn\/wp-content\/uploads\/2022\/11\/Bien-ap-tang-pho-24Vx2-30A.jpg 750w, https:\/\/maybommini.vn\/wp-content\/uploads\/2022\/11\/Bien-ap-tang-pho-24Vx2-30A-300x300.jpg 300w, https:\/\/maybommini.vn\/wp-content\/uploads\/2022\/11\/Bien-ap-tang-pho-24Vx2-30A-150x150.jpg 150w, https:\/\/maybommini.vn\/wp-content\/uploads\/2022\/11\/Bien-ap-tang-pho-24Vx2-30A-600x600.jpg 600w\" sizes=\"(max-width: 750px) 100vw, 750px\" \/><\/a>H\u01af\u1edaNG D\u1ea8N S\u1eec D\u1ee4NG BI\u1ebeN TH\u1ebe<\/strong><br \/>\n&#8211; K\u1ebft n\u1ed1i \u0111\u00fang \u0111i\u1ec7n th\u1ebf \u0111\u1ea7u v\u00e0o cho bi\u1ebfn \u00e1p.<br \/>\n&#8211; N\u1ebfu ngu\u1ed3n v\u00e0o l\u00e0 110V k\u1ebft n\u1ed1i v\u00e0o ti\u1ebfp \u0111i\u1ec3m 0V v\u00e0 110V.<br \/>\n&#8211; N\u1ebfu ngu\u1ed3n v\u00e0o l\u00e0 220V k\u1ebft n\u1ed1i v\u00e0o ti\u1ebfp \u0111i\u1ec3m 0V v\u00e0 220V.<br \/>\n&#8211; \u0110i\u1ec7n th\u1ebf ra k\u1ebft n\u1ed1i v\u00e0o 0V v\u00e0 24V.<br \/>\n&#8211; \u0110\u00e2y l\u00e0 bi\u1ebfn th\u1ebf xoay chi\u1ec1u AC.<br \/>\n&#8211; N\u1ebfu mu\u1ed1n ra \u0111i\u1ec7n th\u1ebf m\u1ed9t chi\u1ec1u DC ph\u1ea3i l\u1eafp th\u00eam m\u1ea1ch n\u1eafn d\u00f2ng xoay chi\u1ec1u AC th\u00e0nh 1 chi\u1ec1u DC.<br \/>\n&#8211; S\u1eed d\u1ee5ng kh\u00f4ng v\u01b0\u1ee3t qu\u00e1 c\u00f4ng su\u1ea5t cho ph\u00e9p.<br \/>\n&#8211; T\u1ea3n nhi\u1ec7t b\u1eb1ng qu\u1ea1t n\u1ebfu ho\u1ea1t \u0111\u1ed9ng c\u00f4ng su\u1ea5t tr\u00ean 80%.<\/p>\n<p><strong><a href=\"https:\/\/maybommini.com\/wp-content\/uploads\/2022\/11\/bien-ap-24v-gia-re-chat-luong.jpg\" target=\"_blank\" rel=\"noopener\"><img decoding=\"async\" class=\"size-full wp-image-271332 aligncenter\" src=\"https:\/\/maybommini.com\/wp-content\/uploads\/2022\/11\/bien-ap-24v-gia-re-chat-luong.jpg\" alt=\"Bien Ap 24v Gia Re Chat Luong\" width=\"750\" height=\"750\" srcset=\"https:\/\/maybommini.vn\/wp-content\/uploads\/2022\/11\/bien-ap-24v-gia-re-chat-luong.jpg 750w, https:\/\/maybommini.vn\/wp-content\/uploads\/2022\/11\/bien-ap-24v-gia-re-chat-luong-300x300.jpg 300w, https:\/\/maybommini.vn\/wp-content\/uploads\/2022\/11\/bien-ap-24v-gia-re-chat-luong-150x150.jpg 150w, https:\/\/maybommini.vn\/wp-content\/uploads\/2022\/11\/bien-ap-24v-gia-re-chat-luong-600x600.jpg 600w\" sizes=\"(max-width: 750px) 100vw, 750px\" \/><\/a><br \/>\n\u1ee8NG D\u1ee4NG V\u00c0 S\u1eec D\u1ee4NG BI\u1ebeN TH\u1ebe AC 24V<\/strong><br \/>\n&#8211; Bi\u1ebfn th\u1ebf cho thi\u1ebft b\u1ecb \u00e2m thanh.<br \/>\n&#8211; Ngu\u1ed3n \u0111i\u1ec7n thi\u1ebft b\u1ecb \u0111i\u1ec7n t\u1eed.<br \/>\n&#8211; Bi\u1ebfn th\u1ebf ngu\u1ed3n s\u1ea1c b\u00ecnh s\u1ea1c pin.<br \/>\n&#8211; T\u0103ng ph\u00f4 c\u01a1 cho \u00e1nh s\u00e1ng \u0111\u00e8n.<br \/>\n&#8211; B\u1ed9 c\u1ea5p ngu\u1ed3n \u0111\u1ed5i \u0111i\u1ec7n cho thi\u1ebft b\u1ecb gia d\u1ee5ng.<br \/>\n&#8211; Ngu\u1ed3n \u0111i\u1ec7n AC 24V m\u1ea1ch \u0111i\u1ec7n t\u1eed.<br \/>\n&#8211; V\u00e0 nhi\u1ec1u \u1ee9ng d\u1ee5ng kh\u00e1c bi\u1ebfn \u00e1p bi\u1ebfn th\u1ebf ngu\u1ed3n \u0111i\u1ec7n.<\/p>\n<p><strong><a href=\"https:\/\/maybommini.com\/wp-content\/uploads\/2022\/11\/Bien-ap-tang-pho-doi-AC-12v-24v-3A-5A.jpg\" target=\"_blank\" rel=\"noopener\"><img decoding=\"async\" class=\"size-full wp-image-271311 aligncenter\" src=\"https:\/\/maybommini.com\/wp-content\/uploads\/2022\/11\/Bien-ap-tang-pho-doi-AC-12v-24v-3A-5A.jpg\" alt=\"Bien Ap Tang Pho Doi AC 12v 24v 3A 5A\" width=\"750\" height=\"750\" srcset=\"https:\/\/maybommini.vn\/wp-content\/uploads\/2022\/11\/Bien-ap-tang-pho-doi-AC-12v-24v-3A-5A.jpg 750w, https:\/\/maybommini.vn\/wp-content\/uploads\/2022\/11\/Bien-ap-tang-pho-doi-AC-12v-24v-3A-5A-300x300.jpg 300w, https:\/\/maybommini.vn\/wp-content\/uploads\/2022\/11\/Bien-ap-tang-pho-doi-AC-12v-24v-3A-5A-150x150.jpg 150w, https:\/\/maybommini.vn\/wp-content\/uploads\/2022\/11\/Bien-ap-tang-pho-doi-AC-12v-24v-3A-5A-600x600.jpg 600w\" sizes=\"(max-width: 750px) 100vw, 750px\" \/><\/a><\/strong><\/p>\n<p><strong><a href=\"https:\/\/maybommini.com\/wp-content\/uploads\/2022\/11\/Bien-ap-tang-pho-doi-AC-12v-24v-3A-5A-chinh-hang.jpg\" target=\"_blank\" rel=\"noopener\"><img decoding=\"async\" class=\"size-full wp-image-271312 aligncenter\" src=\"https:\/\/maybommini.com\/wp-content\/uploads\/2022\/11\/Bien-ap-tang-pho-doi-AC-12v-24v-3A-5A-chinh-hang.jpg\" alt=\"Bien Ap Tang Pho Doi AC 12v 24v 3A 5A Chinh Hang\" width=\"750\" height=\"750\" srcset=\"https:\/\/maybommini.vn\/wp-content\/uploads\/2022\/11\/Bien-ap-tang-pho-doi-AC-12v-24v-3A-5A-chinh-hang.jpg 750w, https:\/\/maybommini.vn\/wp-content\/uploads\/2022\/11\/Bien-ap-tang-pho-doi-AC-12v-24v-3A-5A-chinh-hang-300x300.jpg 300w, https:\/\/maybommini.vn\/wp-content\/uploads\/2022\/11\/Bien-ap-tang-pho-doi-AC-12v-24v-3A-5A-chinh-hang-150x150.jpg 150w, https:\/\/maybommini.vn\/wp-content\/uploads\/2022\/11\/Bien-ap-tang-pho-doi-AC-12v-24v-3A-5A-chinh-hang-600x600.jpg 600w\" sizes=\"(max-width: 750px) 100vw, 750px\" \/><\/a><\/strong><\/p>\n<p><strong><a href=\"https:\/\/maybommini.com\/wp-content\/uploads\/2022\/11\/chuyen-cac-loia-tang-pho-bien-ap-gia-tot.jpg\" target=\"_blank\" rel=\"noopener\"><img decoding=\"async\" class=\"size-full wp-image-271313 aligncenter\" src=\"https:\/\/maybommini.com\/wp-content\/uploads\/2022\/11\/chuyen-cac-loia-tang-pho-bien-ap-gia-tot.jpg\" alt=\"Chuyen Cac Loia Tang Pho Bien Ap Gia Tot\" width=\"750\" height=\"750\" srcset=\"https:\/\/maybommini.vn\/wp-content\/uploads\/2022\/11\/chuyen-cac-loia-tang-pho-bien-ap-gia-tot.jpg 750w, https:\/\/maybommini.vn\/wp-content\/uploads\/2022\/11\/chuyen-cac-loia-tang-pho-bien-ap-gia-tot-300x300.jpg 300w, https:\/\/maybommini.vn\/wp-content\/uploads\/2022\/11\/chuyen-cac-loia-tang-pho-bien-ap-gia-tot-150x150.jpg 150w, https:\/\/maybommini.vn\/wp-content\/uploads\/2022\/11\/chuyen-cac-loia-tang-pho-bien-ap-gia-tot-600x600.jpg 600w\" sizes=\"(max-width: 750px) 100vw, 750px\" \/><\/a><a href=\"https:\/\/maybommini.com\/wp-content\/uploads\/2022\/11\/phan-phoi-nguon-tang-pho-AC.jpg\" target=\"_blank\" rel=\"noopener\"><img decoding=\"async\" class=\"size-full wp-image-271310 aligncenter\" src=\"https:\/\/maybommini.com\/wp-content\/uploads\/2022\/11\/phan-phoi-nguon-tang-pho-AC.jpg\" alt=\"Phan Phoi Nguon Tang Pho AC\" width=\"750\" height=\"750\" srcset=\"https:\/\/maybommini.vn\/wp-content\/uploads\/2022\/11\/phan-phoi-nguon-tang-pho-AC.jpg 750w, https:\/\/maybommini.vn\/wp-content\/uploads\/2022\/11\/phan-phoi-nguon-tang-pho-AC-300x300.jpg 300w, https:\/\/maybommini.vn\/wp-content\/uploads\/2022\/11\/phan-phoi-nguon-tang-pho-AC-150x150.jpg 150w, https:\/\/maybommini.vn\/wp-content\/uploads\/2022\/11\/phan-phoi-nguon-tang-pho-AC-600x600.jpg 600w\" sizes=\"(max-width: 750px) 100vw, 750px\" \/><\/a><a href=\"https:\/\/maybommini.com\/wp-content\/uploads\/2022\/11\/nguon-dien-gia-tot-cong-suat-lon.jpg\" target=\"_blank\" rel=\"noopener\"><img decoding=\"async\" class=\"size-full wp-image-271314 aligncenter\" src=\"https:\/\/maybommini.com\/wp-content\/uploads\/2022\/11\/nguon-dien-gia-tot-cong-suat-lon.jpg\" alt=\"Nguon Dien Gia Tot Cong Suat Lon\" width=\"750\" height=\"750\" srcset=\"https:\/\/maybommini.vn\/wp-content\/uploads\/2022\/11\/nguon-dien-gia-tot-cong-suat-lon.jpg 750w, https:\/\/maybommini.vn\/wp-content\/uploads\/2022\/11\/nguon-dien-gia-tot-cong-suat-lon-300x300.jpg 300w, https:\/\/maybommini.vn\/wp-content\/uploads\/2022\/11\/nguon-dien-gia-tot-cong-suat-lon-150x150.jpg 150w, https:\/\/maybommini.vn\/wp-content\/uploads\/2022\/11\/nguon-dien-gia-tot-cong-suat-lon-600x600.jpg 600w\" sizes=\"(max-width: 750px) 100vw, 750px\" \/><\/a><a href=\"https:\/\/maybommini.com\/wp-content\/uploads\/2022\/11\/nguon-doi-dien-gia-re.jpg\" target=\"_blank\" rel=\"noopener\"><img decoding=\"async\" class=\"size-full wp-image-271309 aligncenter\" src=\"https:\/\/maybommini.com\/wp-content\/uploads\/2022\/11\/nguon-doi-dien-gia-re.jpg\" alt=\"Nguon Doi Dien Gia Re\" width=\"750\" height=\"750\" srcset=\"https:\/\/maybommini.vn\/wp-content\/uploads\/2022\/11\/nguon-doi-dien-gia-re.jpg 750w, https:\/\/maybommini.vn\/wp-content\/uploads\/2022\/11\/nguon-doi-dien-gia-re-300x300.jpg 300w, https:\/\/maybommini.vn\/wp-content\/uploads\/2022\/11\/nguon-doi-dien-gia-re-150x150.jpg 150w, https:\/\/maybommini.vn\/wp-content\/uploads\/2022\/11\/nguon-doi-dien-gia-re-600x600.jpg 600w\" sizes=\"(max-width: 750px) 100vw, 750px\" \/><\/a><br \/>\n<\/strong><\/p>\n<p style=\"text-align: center;\"><a title=\"Bi\u1ebfn th\u1ebf 220V ra 12V AC 3A - k\u00e9p\" href=\"https:\/\/maybommini.com\/san-pham\/bien-the-220v-ra-12v-ac-3a-kep\" target=\"_blank\" rel=\"noopener\"><strong>Bi\u1ebfn th\u1ebf 220V ra 12V AC 3A &#8211; k\u00e9p<\/strong><\/a><br \/>\n<a title=\"Bi\u1ebfn th\u1ebf 220V ra 12V AC 5A - k\u00e9p\" href=\"https:\/\/maybommini.com\/san-pham\/bien-the-220v-ra-12v-ac-5a-kep\" target=\"_blank\" rel=\"noopener\"><strong>Bi\u1ebfn th\u1ebf 220V ra 12V AC 5A &#8211; k\u00e9p<\/strong><\/a><br \/>\n<strong>Bi\u1ebfn th\u1ebf 220V ra 24V AC 3A &#8211; k\u00e9p<\/strong><br \/>\n<strong>Bi\u1ebfn th\u1ebf 220V ra 24V AC 5A &#8211; k\u00e9p<\/strong><\/p>\n<p style=\"text-align: left;\"><strong>MUA BI\u1ebeN TH\u1ebe BI\u1ebeP \u00c1P \u0110\u1ed4I \u0110I\u1ec6N ADAPTER APATOR NGU\u1ed2N T\u1ed4 ONG \u1ede \u0110\u00c2U ?<\/strong><br \/>\nCh\u00fang t\u00f4i chuy\u00ean cung c\u1ea5p thi\u1ebft b\u1ecb \u0111i\u1ec7n, ngu\u1ed3n \u0111i\u1ec7n, bi\u1ebfn th\u1ebf, bi\u1ebfn \u00e1p, t\u0103ng ph\u00f4 \u0111i\u1ec7n, adapter, adapter, ngu\u1ed3n t\u1ed5 ong, s\u1ea1c pin s\u1ea1c b\u00ecnh v\u1edbi gi\u00e1 t\u1ed1t ch\u00ednh h\u00e3ng c\u00f3 b\u1ea3o h\u00e0nh tr\u00ean to\u00e0n qu\u1ed1c.<br \/>\n<strong>CTY TNHH TH\u01af\u01a0NG M\u1ea0I D\u1ecaCH V\u1ee4 \u0110I\u1ec6N M\u00c1Y TH\u00d4NG MINH<\/strong><br \/>\n<strong>Hotline:<\/strong> <a href=\"tel:02873030399\">02873030399<\/a> \u2013 <a href=\"tel:0907294310\">0907294310<\/a> &#8211; <a href=\"tel:0908997823\">0908997823<\/a> &#8211; <a href=\"tel:0908997872\">0908997872<\/a><br \/>\n<strong>Email:<\/strong>\u00a0maybommini.com@gmail.com<br \/>\n<strong>Website:<\/strong>\u00a0<a href=\"https:\/\/maybommini.com\" target=\"_blank\" rel=\"noopener\">https:\/\/maybommini.com<\/a><br \/>\n<strong>Youtube demo:<\/strong> <a title=\"Youtube M\u00e1y B\u01a1m Mini\" href=\"https:\/\/www.youtube.com\/bahamasali\" target=\"_blank\" rel=\"noopener\">M\u00e1y B\u01a1m Mini<\/a><\/p>\n<p><a class=\"swipebox\" title=\"\" href=\"https:\/\/maybommini.com\/wp-content\/uploads\/2022\/07\/thong-tin-lien-he-may-bom-mini.jpg\" data-rel=\"lightbox-image-15\" data-rl_title=\"\" data-rl_caption=\"\" data-rl_ target=\"_blank\" rel=\"noopener\"><img decoding=\"async\" class=\"size-full wp-image-270584 aligncenter lazyloaded\" src=\"https:\/\/maybommini.com\/wp-content\/uploads\/2022\/07\/thong-tin-lien-he-may-bom-mini.jpg\" sizes=\"(max-width: 750px) 100vw, 750px\" srcset=\"https:\/\/maybommini.com\/wp-content\/uploads\/2022\/07\/thong-tin-lien-he-may-bom-mini.jpg 750w, https:\/\/maybommini.com\/wp-content\/uploads\/2022\/07\/thong-tin-lien-he-may-bom-mini-300x202.jpg 300w, https:\/\/maybommini.com\/wp-content\/uploads\/2022\/07\/thong-tin-lien-he-may-bom-mini-600x405.jpg 600w\" alt=\"Thong Tin Lien He May Bom Mini\" width=\"750\" height=\"506\" data-lazy-srcset=\"https:\/\/maybommini.com\/wp-content\/uploads\/2022\/07\/thong-tin-lien-he-may-bom-mini.jpg 750w, https:\/\/maybommini.com\/wp-content\/uploads\/2022\/07\/thong-tin-lien-he-may-bom-mini-300x202.jpg 300w, https:\/\/maybommini.com\/wp-content\/uploads\/2022\/07\/thong-tin-lien-he-may-bom-mini-600x405.jpg 600w\" data-lazy-sizes=\"(max-width: 750px) 100vw, 750px\" data-lazy-src=\"https:\/\/maybommini.com\/wp-content\/uploads\/2022\/07\/thong-tin-lien-he-may-bom-mini.jpg\" data-was-processed=\"true\" \/><\/a><\/p>\n","protected":false},"excerpt":{"rendered":"<p>Model: TFM-242-3A<br \/>\n\u0110i\u1ec7n th\u1ebf v\u00e0o: 110V 220V 50Hz AC<br \/>\n\u0110i\u1ec7n th\u1ebf ra: 24V AC x 2<br \/>\nC\u00f4ng su\u1ea5t: 3A<br \/>\nCu\u1ed9n d\u00e2y \u0111\u1ed3ng 100%.<br \/>\nCh\u1ea5t li\u1ec7u: Th\u00e9p &#8211; \u0110\u1ed3ng<br \/>\n\u0110\u00e2y l\u00e0 bi\u1ebfn th\u1ebf AC xoay chi\u1ec1u.<br \/>\nK\u00edch th\u01b0\u1edbc: 90 x 50 x 60<br \/>\nTr\u1ecdng l\u01b0\u1ee3ng: 660 gam<br \/>\nB\u1ea3o h\u00e0nh: 3 th\u00e1ng.<br \/>\n<strong>Gi\u00e1 t\u1ed1t mua s\u1ed1 l\u01b0\u1ee3ng.<\/strong><\/p>\n","protected":false},"featured_media":271331,"comment_status":"open","ping_status":"closed","template":"","meta":[],"product_brand":[],"product_cat":[214,3132,3934],"product_tag":[3752,3753,961,3750,416,3749,1080,3748,3751],"class_list":{"0":"post-271327","1":"product","2":"type-product","3":"status-publish","4":"has-post-thumbnail","6":"product_cat-phu-kien-bom-nuoc","7":"product_cat-nguon-dien-bien-the-adapter","8":"product_cat-bien-the-tang-pho","9":"product_tag-12vac","10":"product_tag-24vac","11":"product_tag-bien-ap","12":"product_tag-bien-ap-ac","13":"product_tag-bien-the","14":"product_tag-bien-the-ac","15":"product_tag-minh-quang","16":"product_tag-nguon-dien-ac","17":"product_tag-tang-pho","19":"first","20":"instock","21":"sale","22":"shipping-taxable","23":"purchasable","24":"product-type-simple"},"_links":{"self":[{"href":"https:\/\/maybommini.vn\/index.php?rest_route=\/wp\/v2\/product\/271327","targetHints":{"allow":["GET"]}}],"collection":[{"href":"https:\/\/maybommini.vn\/index.php?rest_route=\/wp\/v2\/product"}],"about":[{"href":"https:\/\/maybommini.vn\/index.php?rest_route=\/wp\/v2\/types\/product"}],"replies":[{"embeddable":true,"href":"https:\/\/maybommini.vn\/index.php?rest_route=%2Fwp%2Fv2%2Fcomments&post=271327"}],"wp:featuredmedia":[{"embeddable":true,"href":"https:\/\/maybommini.vn\/index.php?rest_route=\/wp\/v2\/media\/271331"}],"wp:attachment":[{"href":"https:\/\/maybommini.vn\/index.php?rest_route=%2Fwp%2Fv2%2Fmedia&parent=271327"}],"wp:term":[{"taxonomy":"product_brand","embeddable":true,"href":"https:\/\/maybommini.vn\/index.php?rest_route=%2Fwp%2Fv2%2Fproduct_brand&post=271327"},{"taxonomy":"product_cat","embeddable":true,"href":"https:\/\/maybommini.vn\/index.php?rest_route=%2Fwp%2Fv2%2Fproduct_cat&post=271327"},{"taxonomy":"product_tag","embeddable":true,"href":"https:\/\/maybommini.vn\/index.php?rest_route=%2Fwp%2Fv2%2Fproduct_tag&post=271327"}],"curies":[{"name":"wp","href":"https:\/\/api.w.org\/{rel}","templated":true}]}}